{"id":12622,"date":"2025-03-25T06:49:37","date_gmt":"2025-03-25T06:49:37","guid":{"rendered":"https:\/\/staging.globberscooter.com\/be\/?post_type=product&#038;p=12622"},"modified":"2026-04-27T10:42:41","modified_gmt":"2026-04-27T08:42:41","slug":"goup-sporty-lights-360","status":"publish","type":"product","link":"https:\/\/www.globber.com\/be\/product\/goup-sporty-lights-360\/","title":{"rendered":"Go Up Sporty Lights 360\u00b0"},"content":{"rendered":"<p><strong>De beste ride-on met alle essenti\u00eble functies: Alles-in-\u00e9\u00e9n plezier <\/strong><\/p>\n<p>Alle functies die u nodig hebt in een best-value ride-on: Ga rijden, ga stappen en ga steppen met GO\u2022UP SPORTY LIGHTS 360\u00b0! Krijg ultieme wendbaarheid in de ride-on-modus met 360\u00b0 eenvoudige ouderbesturing die gezinsuitjes naadloos, moeiteloos en leuk maakt.<\/p>\n<p>De GO\u2022UP SPORTY LIGHTS 360\u00b0 van Globber is een 3-wielige scooter met stoel voor peuters en kinderen die kan worden omgebouwd tot een ride-on, loopfiets en peuterscooter. De ride-on- en loopfietsmodi zijn ontworpen voor peuters van 15-36 maanden en de stepmodus wordt aanbevolen voor kinderen van 3-7+.<\/p>\n<p>GO\u2022UP SPORTY LIGHTS 360\u00b0 is uitgerust met gepatenteerde 360\u00b0 ouderbesturing voor de ride-on-modus, een stuurvergrendelingssysteem, 100% gereedschapsloze transformatie tussen modi, een verstelbare stoel en T-bar, een duurzaam dek en batterijloze LED-verlichte wielen.<\/p>\n<p>Maak eindeloze speelafspraakjes met een jeugdvriend die er voor de komende jaren is!<\/p>\n<p>GO\u2022UP SPORTY LIGHTS 360\u00b0 is gemaakt van 42% Global Recycled Standard (GRS) plastic*.<\/p>\n<p>GRS is de internationale maatstaf voor het verifi\u00ebren van de aanwezigheid van gerecycled materiaal in eindproducten, het garanderen van transparantie in materialen en het bevorderen van een circulaire economie.<\/p>\n<p>Dankzij ons gebruik van GRS-gecertificeerd gerecycled plastic in onze 3-wiel- en ECOLOGIC-collecties hebben we sinds oktober 2022 meer dan 118 ton aan gebruikte flessen en bekers, geborgen visnetten en oud speelgoed en pads kunnen hergebruiken. <a href=\"https:\/\/www.globber.com\/sustainable-scooters\/\" target=\"_blank\" rel=\"noopener\">Meer informatie<\/a> .<\/p>\n<p>*In toepasselijke componenten; ontdek <a href=\"https:\/\/www.globber.com\/sustainable-scooters\/\">hier<\/a> welke componenten.<\/p>\n","protected":false},"excerpt":{"rendered":"<p><strong>Scooter with seat for toddlers (aged 15m \u2013 7+)\u00a0<\/strong><\/p>\n","protected":false},"featured_media":12631,"comment_status":"closed","ping_status":"closed","template":"","meta":{"_acf_changed":false,"inline_featured_image":false},"product-special-badges":[],"product_brand":[],"product_cat":[3560,1691,1694,1247],"product_tag":[4062,4061],"class_list":{"0":"post-12622","1":"product","2":"type-product","3":"status-publish","4":"has-post-thumbnail","6":"product_cat-scooters-with-seat","7":"product_cat-3-wheel-scooters-for-all-ages","8":"product_cat-light-up-scooters","9":"product_cat-go-up-series","10":"product_tag-translate","11":"product_tag-export","12":"pa_adjustable-ja","13":"pa_age-range-15m-7j","14":"pa_brakes-mechanische-achterrem-composiet","15":"pa_color-munt","16":"pa_deck-material-composiet-pp-vezel-metaal-frame","17":"pa_deck-size-b-13cm-x-l-55cm","18":"pa_ean-4005","19":"pa_foldable-nee","20":"pa_max-user-weight-20kg-loopfiets-modus-50kg-scooter-modus","21":"pa_product-badges-all-in-one","22":"pa_product-badges-tool-less","23":"pa_product-badges-light-up","24":"pa_product-badges-transformable","25":"pa_product-badges-adjustable","26":"pa_product-type-3-wheel-scooter","27":"pa_product-type-walking-bike","28":"pa_product-type-ride-on","29":"pa_product-weight-net-4-12kg","30":"pa_recommended-user-height-75-120cm","31":"pa_seat-heights-ride-on-mode-24-31cm-from-the-ground","32":"pa_seat-heights-walking-mide-mode-23-30cm-from-the-ground","33":"pa_t-bar-heights-67-5-72-5-77-5cm-from-the-ground","34":"pa_wheels-material-high-rebound-pu-casted","35":"pa_wheels-size-121mm-24mm-wide-front","36":"pa_wheels-size-80mm-24mm-wide-rear","38":"first","39":"outofstock","40":"taxable","41":"shipping-taxable","42":"product-type-variable"},"acf":[],"yoast_head":"<!-- This site is optimized with the Yoast SEO Premium plugin v20.12 (Yoast SEO v23.4) - https:\/\/yoast.com\/wordpress\/plugins\/seo\/ -->\n<title>Go Up Sporty Lights 360\u00b0 - Globber Belgium<\/title>\n<meta name=\"robots\" content=\"index, follow, max-snippet:-1, max-image-preview:large, max-video-preview:-1\" \/>\n<link rel=\"canonical\" href=\"https:\/\/www.globber.com\/be\/product\/goup-sporty-lights-360\/\" \/>\n<meta property=\"og:locale\" content=\"nl_BE\" \/>\n<meta property=\"og:type\" content=\"article\" \/>\n<meta property=\"og:title\" content=\"Go Up Sporty Lights 360\u00b0 - Globber Belgium\" \/>\n<meta property=\"og:description\" content=\"Scooter with seat for toddlers (aged 15m \u2013 7+)\u00a0\" \/>\n<meta property=\"og:url\" content=\"https:\/\/www.globber.com\/be\/product\/goup-sporty-lights-360\/\" \/>\n<meta property=\"og:site_name\" content=\"Globber Belgium\" \/>\n<meta property=\"article:modified_time\" content=\"2026-04-27T08:42:41+00:00\" \/>\n<meta property=\"og:image\" content=\"https:\/\/cdn.globber.com\/content\/sites\/52\/2025\/03\/67e255ec4536a.jpg\" \/>\n\t<meta property=\"og:image:width\" content=\"2048\" \/>\n\t<meta property=\"og:image:height\" content=\"2048\" \/>\n\t<meta property=\"og:image:type\" content=\"image\/jpeg\" \/>\n<meta name=\"twitter:card\" content=\"summary_large_image\" \/>\n<meta name=\"twitter:label1\" content=\"Availability\" \/>\n\t<meta name=\"twitter:data1\" content=\"Out of stock\" \/>\n<script type=\"application\/ld+json\" class=\"yoast-schema-graph\">{\"@context\":\"https:\/\/schema.org\",\"@graph\":[{\"@type\":[\"WebPage\",\"ItemPage\"],\"@id\":\"https:\/\/www.globber.com\/be\/product\/goup-sporty-lights-360\/\",\"url\":\"https:\/\/www.globber.com\/be\/product\/goup-sporty-lights-360\/\",\"name\":\"Go Up Sporty Lights 360\u00b0 - Globber Belgium\",\"isPartOf\":{\"@id\":\"https:\/\/www.globber.com\/be\/#website\"},\"primaryImageOfPage\":{\"@id\":\"https:\/\/www.globber.com\/be\/product\/goup-sporty-lights-360\/#primaryimage\"},\"image\":{\"@id\":\"https:\/\/www.globber.com\/be\/product\/goup-sporty-lights-360\/#primaryimage\"},\"thumbnailUrl\":\"https:\/\/cdn.globber.com\/content\/sites\/52\/2025\/03\/67e255ec4536a.jpg\",\"datePublished\":\"2025-03-25T06:49:37+00:00\",\"dateModified\":\"2026-04-27T08:42:41+00:00\",\"breadcrumb\":{\"@id\":\"https:\/\/www.globber.com\/be\/product\/goup-sporty-lights-360\/#breadcrumb\"},\"inLanguage\":\"nl-BE\",\"potentialAction\":[{\"@type\":\"ReadAction\",\"target\":[\"https:\/\/www.globber.com\/be\/product\/goup-sporty-lights-360\/\"]}]},{\"@type\":\"ImageObject\",\"inLanguage\":\"nl-BE\",\"@id\":\"https:\/\/www.globber.com\/be\/product\/goup-sporty-lights-360\/#primaryimage\",\"url\":\"https:\/\/cdn.globber.com\/content\/sites\/52\/2025\/03\/67e255ec4536a.jpg\",\"contentUrl\":\"https:\/\/cdn.globber.com\/content\/sites\/52\/2025\/03\/67e255ec4536a.jpg\",\"width\":2048,\"height\":2048},{\"@type\":\"BreadcrumbList\",\"@id\":\"https:\/\/www.globber.com\/be\/product\/goup-sporty-lights-360\/#breadcrumb\",\"itemListElement\":[{\"@type\":\"ListItem\",\"position\":1,\"name\":\"All Products\",\"item\":\"https:\/\/www.globber.com\/be\/shop-by-product\/\"},{\"@type\":\"ListItem\",\"position\":2,\"name\":\"Go Up Sporty Lights 360\u00b0\"}]},{\"@type\":\"WebSite\",\"@id\":\"https:\/\/www.globber.com\/be\/#website\",\"url\":\"https:\/\/www.globber.com\/be\/\",\"name\":\"Globber Belgium\",\"description\":\"The World on Wheels | Globber.com\",\"publisher\":{\"@id\":\"https:\/\/www.globber.com\/be\/#organization\"},\"potentialAction\":[{\"@type\":\"SearchAction\",\"target\":{\"@type\":\"EntryPoint\",\"urlTemplate\":\"https:\/\/www.globber.com\/be\/?s={search_term_string}\"},\"query-input\":{\"@type\":\"PropertyValueSpecification\",\"valueRequired\":true,\"valueName\":\"search_term_string\"}}],\"inLanguage\":\"nl-BE\"},{\"@type\":\"Organization\",\"@id\":\"https:\/\/www.globber.com\/be\/#organization\",\"name\":\"Globber Belgium\",\"url\":\"https:\/\/www.globber.com\/be\/\",\"logo\":{\"@type\":\"ImageObject\",\"inLanguage\":\"nl-BE\",\"@id\":\"https:\/\/www.globber.com\/be\/#\/schema\/logo\/image\/\",\"url\":\"https:\/\/cdn.globber.com\/content\/2024\/05\/logo.svg\",\"contentUrl\":\"https:\/\/cdn.globber.com\/content\/2024\/05\/logo.svg\",\"width\":601,\"height\":112,\"caption\":\"Globber Belgium\"},\"image\":{\"@id\":\"https:\/\/www.globber.com\/be\/#\/schema\/logo\/image\/\"}}]}<\/script>\n<meta property=\"og:availability\" content=\"out of stock\" \/>\n<meta property=\"product:availability\" content=\"out of stock\" \/>\n<meta property=\"product:retailer_item_id\" content=\"456-xxx\" \/>\n<meta property=\"product:condition\" content=\"new\" \/>\n<!-- \/ Yoast SEO Premium plugin. -->","yoast_head_json":{"title":"Go Up Sporty Lights 360\u00b0 - Globber Belgium","robots":{"index":"index","follow":"follow","max-snippet":"max-snippet:-1","max-image-preview":"max-image-preview:large","max-video-preview":"max-video-preview:-1"},"canonical":"https:\/\/www.globber.com\/be\/product\/goup-sporty-lights-360\/","og_locale":"nl_BE","og_type":"article","og_title":"Go Up Sporty Lights 360\u00b0 - Globber Belgium","og_description":"Scooter with seat for toddlers (aged 15m \u2013 7+)\u00a0","og_url":"https:\/\/www.globber.com\/be\/product\/goup-sporty-lights-360\/","og_site_name":"Globber Belgium","article_modified_time":"2026-04-27T08:42:41+00:00","og_image":[{"width":2048,"height":2048,"url":"https:\/\/cdn.globber.com\/content\/sites\/52\/2025\/03\/67e255ec4536a.jpg","type":"image\/jpeg"}],"twitter_card":"summary_large_image","twitter_misc":{"Availability":"Out of stock"},"schema":{"@context":"https:\/\/schema.org","@graph":[{"@type":["WebPage","ItemPage"],"@id":"https:\/\/www.globber.com\/be\/product\/goup-sporty-lights-360\/","url":"https:\/\/www.globber.com\/be\/product\/goup-sporty-lights-360\/","name":"Go Up Sporty Lights 360\u00b0 - Globber Belgium","isPartOf":{"@id":"https:\/\/www.globber.com\/be\/#website"},"primaryImageOfPage":{"@id":"https:\/\/www.globber.com\/be\/product\/goup-sporty-lights-360\/#primaryimage"},"image":{"@id":"https:\/\/www.globber.com\/be\/product\/goup-sporty-lights-360\/#primaryimage"},"thumbnailUrl":"https:\/\/cdn.globber.com\/content\/sites\/52\/2025\/03\/67e255ec4536a.jpg","datePublished":"2025-03-25T06:49:37+00:00","dateModified":"2026-04-27T08:42:41+00:00","breadcrumb":{"@id":"https:\/\/www.globber.com\/be\/product\/goup-sporty-lights-360\/#breadcrumb"},"inLanguage":"nl-BE","potentialAction":[{"@type":"ReadAction","target":["https:\/\/www.globber.com\/be\/product\/goup-sporty-lights-360\/"]}]},{"@type":"ImageObject","inLanguage":"nl-BE","@id":"https:\/\/www.globber.com\/be\/product\/goup-sporty-lights-360\/#primaryimage","url":"https:\/\/cdn.globber.com\/content\/sites\/52\/2025\/03\/67e255ec4536a.jpg","contentUrl":"https:\/\/cdn.globber.com\/content\/sites\/52\/2025\/03\/67e255ec4536a.jpg","width":2048,"height":2048},{"@type":"BreadcrumbList","@id":"https:\/\/www.globber.com\/be\/product\/goup-sporty-lights-360\/#breadcrumb","itemListElement":[{"@type":"ListItem","position":1,"name":"All Products","item":"https:\/\/www.globber.com\/be\/shop-by-product\/"},{"@type":"ListItem","position":2,"name":"Go Up Sporty Lights 360\u00b0"}]},{"@type":"WebSite","@id":"https:\/\/www.globber.com\/be\/#website","url":"https:\/\/www.globber.com\/be\/","name":"Globber Belgium","description":"The World on Wheels | Globber.com","publisher":{"@id":"https:\/\/www.globber.com\/be\/#organization"},"potentialAction":[{"@type":"SearchAction","target":{"@type":"EntryPoint","urlTemplate":"https:\/\/www.globber.com\/be\/?s={search_term_string}"},"query-input":{"@type":"PropertyValueSpecification","valueRequired":true,"valueName":"search_term_string"}}],"inLanguage":"nl-BE"},{"@type":"Organization","@id":"https:\/\/www.globber.com\/be\/#organization","name":"Globber Belgium","url":"https:\/\/www.globber.com\/be\/","logo":{"@type":"ImageObject","inLanguage":"nl-BE","@id":"https:\/\/www.globber.com\/be\/#\/schema\/logo\/image\/","url":"https:\/\/cdn.globber.com\/content\/2024\/05\/logo.svg","contentUrl":"https:\/\/cdn.globber.com\/content\/2024\/05\/logo.svg","width":601,"height":112,"caption":"Globber Belgium"},"image":{"@id":"https:\/\/www.globber.com\/be\/#\/schema\/logo\/image\/"}}]},"og_availability":"out of stock","product_availability":"out of stock","product_retailer_item_id":"456-xxx","product_condition":"new"},"_links":{"self":[{"href":"https:\/\/www.globber.com\/be\/wp-json\/wp\/v2\/product\/12622","targetHints":{"allow":["GET"]}}],"collection":[{"href":"https:\/\/www.globber.com\/be\/wp-json\/wp\/v2\/product"}],"about":[{"href":"https:\/\/www.globber.com\/be\/wp-json\/wp\/v2\/types\/product"}],"replies":[{"embeddable":true,"href":"https:\/\/www.globber.com\/be\/wp-json\/wp\/v2\/comments?post=12622"}],"wp:featuredmedia":[{"embeddable":true,"href":"https:\/\/www.globber.com\/be\/wp-json\/wp\/v2\/media\/12631"}],"wp:attachment":[{"href":"https:\/\/www.globber.com\/be\/wp-json\/wp\/v2\/media?parent=12622"}],"wp:term":[{"taxonomy":"product-special-badges","embeddable":true,"href":"https:\/\/www.globber.com\/be\/wp-json\/wp\/v2\/product-special-badges?post=12622"},{"taxonomy":"product_brand","embeddable":true,"href":"https:\/\/www.globber.com\/be\/wp-json\/wp\/v2\/product_brand?post=12622"},{"taxonomy":"product_cat","embeddable":true,"href":"https:\/\/www.globber.com\/be\/wp-json\/wp\/v2\/product_cat?post=12622"},{"taxonomy":"product_tag","embeddable":true,"href":"https:\/\/www.globber.com\/be\/wp-json\/wp\/v2\/product_tag?post=12622"}],"curies":[{"name":"wp","href":"https:\/\/api.w.org\/{rel}","templated":true}]}}