{"id":12359,"date":"2024-01-17T07:29:55","date_gmt":"2024-01-17T07:29:55","guid":{"rendered":"https:\/\/staging.globberscooter.com\/ch\/?page_id=12359"},"modified":"2025-06-27T07:40:39","modified_gmt":"2025-06-27T07:40:39","slug":"impressum","status":"publish","type":"page","link":"https:\/\/www.globber.com\/ch\/de\/impressum\/","title":{"rendered":"Impressum"},"content":{"rendered":"<p><a href=\"https:\/\/www.just4motion.ch\/\" target=\"_self\" rel=\"noreferrer noopener\"><b>Just4motion AG<\/b><\/a><b><br \/>\n<\/b>Seepark 6<br \/>\n6362 Stansstad<br \/>\nSwitzerland\u00a0<\/p>\n<h3><b>Gesch\u00e4ftsf\u00fchrer<br \/>\n<\/b><\/h3>\n<p>Guido Huber\u00a0<\/p>\n<h3><b>Rechtsform<br \/>\n<\/b><\/h3>\n<p>Aktiengesellschaft nach Schweizer Recht<\/p>\n<h3><b>UID<br \/>\n<\/b><\/h3>\n<p>CHE- 113.923.788\u00a0<\/p>\n<h3><b>Telefon<br \/>\n<\/b><\/h3>\n<p>41 (0) 41 611 02 02<\/p>\n<h3><b>E-Mail<br \/>\n<\/b><\/h3>\n<p>info@globber-scooter.ch<\/p>\n<h3><b>Weiterf\u00fchrende Information<\/b><\/h3>\n<ul>\n<li>Die Produkte wurde sorgf\u00e4ltig nach den vorliegenden Unterlagen unserer Lieferanten erfasst. Trotzdem kann f\u00fcr Fehler keine Haftung \u00fcbernommen werden.<\/li>\n<li>Druckfehler, Irrt\u00fcmer bei technischen Angaben und technischen \u00c4nderungen vorbehalten. Der Inhalt ist urheberrechtlich gesch\u00fctzt.<\/li>\n<\/ul>\n<h3><b>Haftungshinweis<\/b><\/h3>\n<ul>\n<li>Trotz sorgf\u00e4ltiger inhaltlicher Kontrolle \u00fcbernehmen wir keine Haftung f\u00fcr die Inhalte externer Links. F\u00fcr den Inhalt der verlinkten Seiten sind ausschliesslich deren Betreiber verantwortlich.<\/li>\n<li>Weiterver\u00f6ffentlichung nur mit schriftlicher Genehmigung durch die Just4motion AG<\/li>\n<\/ul>\n","protected":false},"excerpt":{"rendered":"<p>Just4motion AG Seepark 6 6362 Stansstad Switzerland\u00a0 Gesch\u00e4ftsf\u00fchrer Guido Huber\u00a0 Rechtsform Aktiengesellschaft nach Schweizer Recht UID CHE- 113.923.788\u00a0 Telefon 41 (0) 41 611 02 02 E-Mail info@globber-scooter.ch Weiterf\u00fchrende Information Die Produkte wurde sorgf\u00e4ltig nach den vorliegenden Unterlagen unserer Lieferanten erfasst. Trotzdem kann f\u00fcr Fehler keine Haftung \u00fcbernommen werden. Druckfehler, Irrt\u00fcmer bei technischen Angaben und technischen [&hellip;]<\/p>\n","protected":false},"author":48,"featured_media":0,"parent":0,"menu_order":0,"comment_status":"closed","ping_status":"closed","template":"","meta":{"_acf_changed":false,"inline_featured_image":false,"footnotes":""},"class_list":["post-12359","page","type-page","status-publish","hentry"],"acf":[],"yoast_head":"<!-- This site is optimized with the Yoast SEO Premium plugin v20.12 (Yoast SEO v23.4) - https:\/\/yoast.com\/wordpress\/plugins\/seo\/ -->\n<title>Impressum - Globber Scooter Schweiz<\/title>\n<meta name=\"robots\" content=\"index, follow, max-snippet:-1, max-image-preview:large, max-video-preview:-1\" \/>\n<link rel=\"canonical\" href=\"https:\/\/www.globber.com\/ch\/de\/impressum\/\" \/>\n<meta property=\"og:locale\" content=\"de_DE\" \/>\n<meta property=\"og:type\" content=\"article\" \/>\n<meta property=\"og:title\" content=\"Impressum - Globber Scooter Schweiz\" \/>\n<meta property=\"og:description\" content=\"Just4motion AG Seepark 6 6362 Stansstad Switzerland\u00a0 Gesch\u00e4ftsf\u00fchrer Guido Huber\u00a0 Rechtsform Aktiengesellschaft nach Schweizer Recht UID CHE- 113.923.788\u00a0 Telefon 41 (0) 41 611 02 02 E-Mail info@globber-scooter.ch Weiterf\u00fchrende Information Die Produkte wurde sorgf\u00e4ltig nach den vorliegenden Unterlagen unserer Lieferanten erfasst. Trotzdem kann f\u00fcr Fehler keine Haftung \u00fcbernommen werden. Druckfehler, Irrt\u00fcmer bei technischen Angaben und technischen [&hellip;]\" \/>\n<meta property=\"og:url\" content=\"https:\/\/www.globber.com\/ch\/de\/impressum\/\" \/>\n<meta property=\"og:site_name\" content=\"Globber Scooter Schweiz\" \/>\n<meta property=\"article:modified_time\" content=\"2025-06-27T07:40:39+00:00\" \/>\n<meta name=\"twitter:card\" content=\"summary_large_image\" \/>\n<meta name=\"twitter:label1\" content=\"Gesch\u00e4tzte Lesezeit\" \/>\n\t<meta name=\"twitter:data1\" content=\"1 Minute\" \/>\n<script type=\"application\/ld+json\" class=\"yoast-schema-graph\">{\"@context\":\"https:\/\/schema.org\",\"@graph\":[{\"@type\":\"WebPage\",\"@id\":\"https:\/\/www.globber.com\/ch\/de\/impressum\/\",\"url\":\"https:\/\/www.globber.com\/ch\/de\/impressum\/\",\"name\":\"Impressum - Globber Scooter Schweiz\",\"isPartOf\":{\"@id\":\"https:\/\/www.globber.com\/ch\/fr\/#website\"},\"datePublished\":\"2024-01-17T07:29:55+00:00\",\"dateModified\":\"2025-06-27T07:40:39+00:00\",\"inLanguage\":\"de-CH\",\"potentialAction\":[{\"@type\":\"ReadAction\",\"target\":[\"https:\/\/www.globber.com\/ch\/de\/impressum\/\"]}]},{\"@type\":\"WebSite\",\"@id\":\"https:\/\/www.globber.com\/ch\/fr\/#website\",\"url\":\"https:\/\/www.globber.com\/ch\/fr\/\",\"name\":\"Globber Scooter Schweiz\",\"description\":\"Der offizielle Online Shop\",\"publisher\":{\"@id\":\"https:\/\/www.globber.com\/ch\/fr\/#organization\"},\"potentialAction\":[{\"@type\":\"SearchAction\",\"target\":{\"@type\":\"EntryPoint\",\"urlTemplate\":\"https:\/\/www.globber.com\/ch\/fr\/?s={search_term_string}\"},\"query-input\":{\"@type\":\"PropertyValueSpecification\",\"valueRequired\":true,\"valueName\":\"search_term_string\"}}],\"inLanguage\":\"de-CH\"},{\"@type\":\"Organization\",\"@id\":\"https:\/\/www.globber.com\/ch\/fr\/#organization\",\"name\":\"Globber Scooter Schweiz\",\"url\":\"https:\/\/www.globber.com\/ch\/fr\/\",\"logo\":{\"@type\":\"ImageObject\",\"inLanguage\":\"de-CH\",\"@id\":\"https:\/\/www.globber.com\/ch\/fr\/#\/schema\/logo\/image\/\",\"url\":\"https:\/\/cdn.globber.com\/content\/2024\/05\/logo.svg\",\"contentUrl\":\"https:\/\/cdn.globber.com\/content\/2024\/05\/logo.svg\",\"width\":601,\"height\":112,\"caption\":\"Globber Scooter Schweiz\"},\"image\":{\"@id\":\"https:\/\/www.globber.com\/ch\/fr\/#\/schema\/logo\/image\/\"}}]}<\/script>\n<!-- \/ Yoast SEO Premium plugin. -->","yoast_head_json":{"title":"Impressum - Globber Scooter Schweiz","robots":{"index":"index","follow":"follow","max-snippet":"max-snippet:-1","max-image-preview":"max-image-preview:large","max-video-preview":"max-video-preview:-1"},"canonical":"https:\/\/www.globber.com\/ch\/de\/impressum\/","og_locale":"de_DE","og_type":"article","og_title":"Impressum - Globber Scooter Schweiz","og_description":"Just4motion AG Seepark 6 6362 Stansstad Switzerland\u00a0 Gesch\u00e4ftsf\u00fchrer Guido Huber\u00a0 Rechtsform Aktiengesellschaft nach Schweizer Recht UID CHE- 113.923.788\u00a0 Telefon 41 (0) 41 611 02 02 E-Mail info@globber-scooter.ch Weiterf\u00fchrende Information Die Produkte wurde sorgf\u00e4ltig nach den vorliegenden Unterlagen unserer Lieferanten erfasst. Trotzdem kann f\u00fcr Fehler keine Haftung \u00fcbernommen werden. Druckfehler, Irrt\u00fcmer bei technischen Angaben und technischen [&hellip;]","og_url":"https:\/\/www.globber.com\/ch\/de\/impressum\/","og_site_name":"Globber Scooter Schweiz","article_modified_time":"2025-06-27T07:40:39+00:00","twitter_card":"summary_large_image","twitter_misc":{"Gesch\u00e4tzte Lesezeit":"1 Minute"},"schema":{"@context":"https:\/\/schema.org","@graph":[{"@type":"WebPage","@id":"https:\/\/www.globber.com\/ch\/de\/impressum\/","url":"https:\/\/www.globber.com\/ch\/de\/impressum\/","name":"Impressum - Globber Scooter Schweiz","isPartOf":{"@id":"https:\/\/www.globber.com\/ch\/fr\/#website"},"datePublished":"2024-01-17T07:29:55+00:00","dateModified":"2025-06-27T07:40:39+00:00","inLanguage":"de-CH","potentialAction":[{"@type":"ReadAction","target":["https:\/\/www.globber.com\/ch\/de\/impressum\/"]}]},{"@type":"WebSite","@id":"https:\/\/www.globber.com\/ch\/fr\/#website","url":"https:\/\/www.globber.com\/ch\/fr\/","name":"Globber Scooter Schweiz","description":"Der offizielle Online Shop","publisher":{"@id":"https:\/\/www.globber.com\/ch\/fr\/#organization"},"potentialAction":[{"@type":"SearchAction","target":{"@type":"EntryPoint","urlTemplate":"https:\/\/www.globber.com\/ch\/fr\/?s={search_term_string}"},"query-input":{"@type":"PropertyValueSpecification","valueRequired":true,"valueName":"search_term_string"}}],"inLanguage":"de-CH"},{"@type":"Organization","@id":"https:\/\/www.globber.com\/ch\/fr\/#organization","name":"Globber Scooter Schweiz","url":"https:\/\/www.globber.com\/ch\/fr\/","logo":{"@type":"ImageObject","inLanguage":"de-CH","@id":"https:\/\/www.globber.com\/ch\/fr\/#\/schema\/logo\/image\/","url":"https:\/\/cdn.globber.com\/content\/2024\/05\/logo.svg","contentUrl":"https:\/\/cdn.globber.com\/content\/2024\/05\/logo.svg","width":601,"height":112,"caption":"Globber Scooter Schweiz"},"image":{"@id":"https:\/\/www.globber.com\/ch\/fr\/#\/schema\/logo\/image\/"}}]}},"_links":{"self":[{"href":"https:\/\/www.globber.com\/ch\/de\/wp-json\/wp\/v2\/pages\/12359","targetHints":{"allow":["GET"]}}],"collection":[{"href":"https:\/\/www.globber.com\/ch\/de\/wp-json\/wp\/v2\/pages"}],"about":[{"href":"https:\/\/www.globber.com\/ch\/de\/wp-json\/wp\/v2\/types\/page"}],"author":[{"embeddable":true,"href":"https:\/\/www.globber.com\/ch\/de\/wp-json\/wp\/v2\/users\/48"}],"replies":[{"embeddable":true,"href":"https:\/\/www.globber.com\/ch\/de\/wp-json\/wp\/v2\/comments?post=12359"}],"version-history":[{"count":0,"href":"https:\/\/www.globber.com\/ch\/de\/wp-json\/wp\/v2\/pages\/12359\/revisions"}],"wp:attachment":[{"href":"https:\/\/www.globber.com\/ch\/de\/wp-json\/wp\/v2\/media?parent=12359"}],"curies":[{"name":"wp","href":"https:\/\/api.w.org\/{rel}","templated":true}]}}