{"id":12363,"date":"2024-01-17T07:33:09","date_gmt":"2024-01-17T07:33:09","guid":{"rendered":"https:\/\/staging.globberscooter.com\/ch\/?page_id=12363"},"modified":"2025-06-27T12:56:41","modified_gmt":"2025-06-27T12:56:41","slug":"rueckgabe-und-umtausch","status":"publish","type":"page","link":"https:\/\/www.globber.com\/ch\/de\/rueckgabe-und-umtausch\/","title":{"rendered":"R\u00fcckgabe und Umtausch"},"content":{"rendered":"<h3>Kann ich Artikel zur\u00fccksenden, welche mir nicht gefallen?<\/h3>\n<p>Falls der gelieferte Artikel nicht deinen W\u00fcnschen entspricht, kannst du diesen innerhalb von 30 Tagen nach Erhalt der Lieferung an uns zur\u00fccksenden. Nach Eingang und Pr\u00fcfung der Retoure erstatten wir dir das Geld zur\u00fcck.<\/p>\n<h3>Folgende Artikel werden nicht zur\u00fcckgenommen oder umgetauscht:\u00a0<\/h3>\n<ul>\n<li>Gebrauchte, defekte und besch\u00e4digte Artikel.\u00a0<\/li>\n<li>Artikel welche sich nicht mehr in einwandfreier Original-Verpackung befinden.\u00a0<\/li>\n<li>Unvollst\u00e4ndige Artikel (fehlende Bestandteile und Verpackung, usw.)\u00a0<\/li>\n<li>Verg\u00fcnstigte Artikel und Artikel aus der Kategorie SALE<\/li>\n<\/ul>\n<h3>R\u00fcckverg\u00fctung:<b><br \/>\n<\/b><\/h3>\n<ul>\n<li>Gutschriften werden dir in der Form r\u00fcckverg\u00fctet wie du den Einkauf bezahlt hast.\u00a0<\/li>\n<li>Hast du per Rechnung bestellt, so bitten wir dich die neue Rechnung abzuwarten.\u00a0<\/li>\n<li>Versandkosten werden bei R\u00fccksendungen und Umtausch nicht verg\u00fctet.\u00a0<\/li>\n<li>Versandkosten f\u00fcr das Retournieren von Artikeln gehen zu Lasten des Kunden.\u00a0<\/li>\n<\/ul>\n<p>Um einen reibungslosen Ablauf deiner Retoure zu gew\u00e4hrleisten, bitten wir dich uns an\u00a0<a href=\"mailto:info@mgpscooter.ch\" target=\"_self\" rel=\"noreferrer noopener\"><b>info@globber-scooter.ch<\/b><\/a><a href=\"mailto:support@maddgear.ch\" target=\"_self\" rel=\"noreferrer noopener\"><b>\u00a0<\/b><\/a>\u00a0eine Mail zu senden.<\/p>\n","protected":false},"excerpt":{"rendered":"<p>Kann ich Artikel zur\u00fccksenden, welche mir nicht gefallen? Falls der gelieferte Artikel nicht deinen W\u00fcnschen entspricht, kannst du diesen innerhalb von 30 Tagen nach Erhalt der Lieferung an uns zur\u00fccksenden. Nach Eingang und Pr\u00fcfung der Retoure erstatten wir dir das Geld zur\u00fcck. Folgende Artikel werden nicht zur\u00fcckgenommen oder umgetauscht:\u00a0 Gebrauchte, defekte und besch\u00e4digte Artikel.\u00a0 Artikel [&hellip;]<\/p>\n","protected":false},"author":48,"featured_media":0,"parent":0,"menu_order":0,"comment_status":"closed","ping_status":"closed","template":"","meta":{"_acf_changed":false,"inline_featured_image":false,"footnotes":""},"class_list":["post-12363","page","type-page","status-publish","hentry"],"acf":[],"yoast_head":"<!-- This site is optimized with the Yoast SEO Premium plugin v20.12 (Yoast SEO v23.4) - https:\/\/yoast.com\/wordpress\/plugins\/seo\/ -->\n<title>R\u00fcckgabe und Umtausch - Globber Scooter Schweiz<\/title>\n<meta name=\"robots\" content=\"index, follow, max-snippet:-1, max-image-preview:large, max-video-preview:-1\" \/>\n<link rel=\"canonical\" href=\"https:\/\/www.globber.com\/ch\/de\/rueckgabe-und-umtausch\/\" \/>\n<meta property=\"og:locale\" content=\"de_DE\" \/>\n<meta property=\"og:type\" content=\"article\" \/>\n<meta property=\"og:title\" content=\"R\u00fcckgabe und Umtausch - Globber Scooter Schweiz\" \/>\n<meta property=\"og:description\" content=\"Kann ich Artikel zur\u00fccksenden, welche mir nicht gefallen? Falls der gelieferte Artikel nicht deinen W\u00fcnschen entspricht, kannst du diesen innerhalb von 30 Tagen nach Erhalt der Lieferung an uns zur\u00fccksenden. Nach Eingang und Pr\u00fcfung der Retoure erstatten wir dir das Geld zur\u00fcck. Folgende Artikel werden nicht zur\u00fcckgenommen oder umgetauscht:\u00a0 Gebrauchte, defekte und besch\u00e4digte Artikel.\u00a0 Artikel [&hellip;]\" \/>\n<meta property=\"og:url\" content=\"https:\/\/www.globber.com\/ch\/de\/rueckgabe-und-umtausch\/\" \/>\n<meta property=\"og:site_name\" content=\"Globber Scooter Schweiz\" \/>\n<meta property=\"article:modified_time\" content=\"2025-06-27T12:56:41+00:00\" \/>\n<meta name=\"twitter:card\" content=\"summary_large_image\" \/>\n<meta name=\"twitter:label1\" content=\"Gesch\u00e4tzte Lesezeit\" \/>\n\t<meta name=\"twitter:data1\" content=\"1 Minute\" \/>\n<script type=\"application\/ld+json\" class=\"yoast-schema-graph\">{\"@context\":\"https:\/\/schema.org\",\"@graph\":[{\"@type\":\"WebPage\",\"@id\":\"https:\/\/www.globber.com\/ch\/de\/rueckgabe-und-umtausch\/\",\"url\":\"https:\/\/www.globber.com\/ch\/de\/rueckgabe-und-umtausch\/\",\"name\":\"R\u00fcckgabe und Umtausch - Globber Scooter Schweiz\",\"isPartOf\":{\"@id\":\"https:\/\/www.globber.com\/ch\/fr\/#website\"},\"datePublished\":\"2024-01-17T07:33:09+00:00\",\"dateModified\":\"2025-06-27T12:56:41+00:00\",\"inLanguage\":\"de-CH\",\"potentialAction\":[{\"@type\":\"ReadAction\",\"target\":[\"https:\/\/www.globber.com\/ch\/de\/rueckgabe-und-umtausch\/\"]}]},{\"@type\":\"WebSite\",\"@id\":\"https:\/\/www.globber.com\/ch\/fr\/#website\",\"url\":\"https:\/\/www.globber.com\/ch\/fr\/\",\"name\":\"Globber Scooter Schweiz\",\"description\":\"Der offizielle Online Shop\",\"publisher\":{\"@id\":\"https:\/\/www.globber.com\/ch\/fr\/#organization\"},\"potentialAction\":[{\"@type\":\"SearchAction\",\"target\":{\"@type\":\"EntryPoint\",\"urlTemplate\":\"https:\/\/www.globber.com\/ch\/fr\/?s={search_term_string}\"},\"query-input\":{\"@type\":\"PropertyValueSpecification\",\"valueRequired\":true,\"valueName\":\"search_term_string\"}}],\"inLanguage\":\"de-CH\"},{\"@type\":\"Organization\",\"@id\":\"https:\/\/www.globber.com\/ch\/fr\/#organization\",\"name\":\"Globber Scooter Schweiz\",\"url\":\"https:\/\/www.globber.com\/ch\/fr\/\",\"logo\":{\"@type\":\"ImageObject\",\"inLanguage\":\"de-CH\",\"@id\":\"https:\/\/www.globber.com\/ch\/fr\/#\/schema\/logo\/image\/\",\"url\":\"https:\/\/cdn.globber.com\/content\/2024\/05\/logo.svg\",\"contentUrl\":\"https:\/\/cdn.globber.com\/content\/2024\/05\/logo.svg\",\"width\":601,\"height\":112,\"caption\":\"Globber Scooter Schweiz\"},\"image\":{\"@id\":\"https:\/\/www.globber.com\/ch\/fr\/#\/schema\/logo\/image\/\"}}]}<\/script>\n<!-- \/ Yoast SEO Premium plugin. -->","yoast_head_json":{"title":"R\u00fcckgabe und Umtausch - Globber Scooter Schweiz","robots":{"index":"index","follow":"follow","max-snippet":"max-snippet:-1","max-image-preview":"max-image-preview:large","max-video-preview":"max-video-preview:-1"},"canonical":"https:\/\/www.globber.com\/ch\/de\/rueckgabe-und-umtausch\/","og_locale":"de_DE","og_type":"article","og_title":"R\u00fcckgabe und Umtausch - Globber Scooter Schweiz","og_description":"Kann ich Artikel zur\u00fccksenden, welche mir nicht gefallen? Falls der gelieferte Artikel nicht deinen W\u00fcnschen entspricht, kannst du diesen innerhalb von 30 Tagen nach Erhalt der Lieferung an uns zur\u00fccksenden. Nach Eingang und Pr\u00fcfung der Retoure erstatten wir dir das Geld zur\u00fcck. Folgende Artikel werden nicht zur\u00fcckgenommen oder umgetauscht:\u00a0 Gebrauchte, defekte und besch\u00e4digte Artikel.\u00a0 Artikel [&hellip;]","og_url":"https:\/\/www.globber.com\/ch\/de\/rueckgabe-und-umtausch\/","og_site_name":"Globber Scooter Schweiz","article_modified_time":"2025-06-27T12:56:41+00:00","twitter_card":"summary_large_image","twitter_misc":{"Gesch\u00e4tzte Lesezeit":"1 Minute"},"schema":{"@context":"https:\/\/schema.org","@graph":[{"@type":"WebPage","@id":"https:\/\/www.globber.com\/ch\/de\/rueckgabe-und-umtausch\/","url":"https:\/\/www.globber.com\/ch\/de\/rueckgabe-und-umtausch\/","name":"R\u00fcckgabe und Umtausch - Globber Scooter Schweiz","isPartOf":{"@id":"https:\/\/www.globber.com\/ch\/fr\/#website"},"datePublished":"2024-01-17T07:33:09+00:00","dateModified":"2025-06-27T12:56:41+00:00","inLanguage":"de-CH","potentialAction":[{"@type":"ReadAction","target":["https:\/\/www.globber.com\/ch\/de\/rueckgabe-und-umtausch\/"]}]},{"@type":"WebSite","@id":"https:\/\/www.globber.com\/ch\/fr\/#website","url":"https:\/\/www.globber.com\/ch\/fr\/","name":"Globber Scooter Schweiz","description":"Der offizielle Online Shop","publisher":{"@id":"https:\/\/www.globber.com\/ch\/fr\/#organization"},"potentialAction":[{"@type":"SearchAction","target":{"@type":"EntryPoint","urlTemplate":"https:\/\/www.globber.com\/ch\/fr\/?s={search_term_string}"},"query-input":{"@type":"PropertyValueSpecification","valueRequired":true,"valueName":"search_term_string"}}],"inLanguage":"de-CH"},{"@type":"Organization","@id":"https:\/\/www.globber.com\/ch\/fr\/#organization","name":"Globber Scooter Schweiz","url":"https:\/\/www.globber.com\/ch\/fr\/","logo":{"@type":"ImageObject","inLanguage":"de-CH","@id":"https:\/\/www.globber.com\/ch\/fr\/#\/schema\/logo\/image\/","url":"https:\/\/cdn.globber.com\/content\/2024\/05\/logo.svg","contentUrl":"https:\/\/cdn.globber.com\/content\/2024\/05\/logo.svg","width":601,"height":112,"caption":"Globber Scooter Schweiz"},"image":{"@id":"https:\/\/www.globber.com\/ch\/fr\/#\/schema\/logo\/image\/"}}]}},"_links":{"self":[{"href":"https:\/\/www.globber.com\/ch\/de\/wp-json\/wp\/v2\/pages\/12363","targetHints":{"allow":["GET"]}}],"collection":[{"href":"https:\/\/www.globber.com\/ch\/de\/wp-json\/wp\/v2\/pages"}],"about":[{"href":"https:\/\/www.globber.com\/ch\/de\/wp-json\/wp\/v2\/types\/page"}],"author":[{"embeddable":true,"href":"https:\/\/www.globber.com\/ch\/de\/wp-json\/wp\/v2\/users\/48"}],"replies":[{"embeddable":true,"href":"https:\/\/www.globber.com\/ch\/de\/wp-json\/wp\/v2\/comments?post=12363"}],"version-history":[{"count":0,"href":"https:\/\/www.globber.com\/ch\/de\/wp-json\/wp\/v2\/pages\/12363\/revisions"}],"wp:attachment":[{"href":"https:\/\/www.globber.com\/ch\/de\/wp-json\/wp\/v2\/media?parent=12363"}],"curies":[{"name":"wp","href":"https:\/\/api.w.org\/{rel}","templated":true}]}}