{"id":12365,"date":"2024-01-17T07:33:46","date_gmt":"2024-01-17T07:33:46","guid":{"rendered":"https:\/\/staging.globberscooter.com\/ch\/?page_id=12365"},"modified":"2024-03-06T06:29:34","modified_gmt":"2024-03-06T06:29:34","slug":"garantiebedingungen","status":"publish","type":"page","link":"https:\/\/www.globber.com\/ch\/de\/garantiebedingungen\/","title":{"rendered":"Garantiebedingungen"},"content":{"rendered":"<p>Auf alle unsere Globber Scooter (Completes) gew\u00e4hren wir eine zweij\u00e4hrige Garantie auf Herstellungs- und Materialfehler. Von der Garantie ausgeschlossen sind Sch\u00e4den, die durch unsachgem\u00e4\u00dfen Gebrauch, wie z.B. falsche Montage am Modell, unvorsichtigen Gebrauch, wie z.B. Fahren gegen Bordsteinkanten etc. oder normalen Verschlei\u00df entstehen.\u00a0<br \/>\nGarantieanspr\u00fcche k\u00f6nnen nur anerkannt werden, wenn uns der Kaufbeleg vorliegen. Im Garantiefall entscheidet Ihr H\u00e4ndler oder die Just4motion AG, ob der Roller repariert oder durch ein neues Modell ersetzt wird.<\/p>\n","protected":false},"excerpt":{"rendered":"<p>Auf alle unsere Globber Scooter (Completes) gew\u00e4hren wir eine zweij\u00e4hrige Garantie auf Herstellungs- und Materialfehler. Von der Garantie ausgeschlossen sind Sch\u00e4den, die durch unsachgem\u00e4\u00dfen Gebrauch, wie z.B. falsche Montage am Modell, unvorsichtigen Gebrauch, wie z.B. Fahren gegen Bordsteinkanten etc. oder normalen Verschlei\u00df entstehen.\u00a0 Garantieanspr\u00fcche k\u00f6nnen nur anerkannt werden, wenn uns der Kaufbeleg vorliegen. Im Garantiefall [&hellip;]<\/p>\n","protected":false},"author":48,"featured_media":0,"parent":0,"menu_order":0,"comment_status":"closed","ping_status":"closed","template":"","meta":{"_acf_changed":false,"inline_featured_image":false,"footnotes":""},"class_list":["post-12365","page","type-page","status-publish","hentry"],"acf":[],"yoast_head":"<!-- This site is optimized with the Yoast SEO Premium plugin v20.12 (Yoast SEO v23.4) - https:\/\/yoast.com\/wordpress\/plugins\/seo\/ -->\n<title>Garantiebedingungen - Globber Scooter Schweiz<\/title>\n<meta name=\"robots\" content=\"index, follow, max-snippet:-1, max-image-preview:large, max-video-preview:-1\" \/>\n<link rel=\"canonical\" href=\"https:\/\/www.globber.com\/ch\/de\/garantiebedingungen\/\" \/>\n<meta property=\"og:locale\" content=\"de_DE\" \/>\n<meta property=\"og:type\" content=\"article\" \/>\n<meta property=\"og:title\" content=\"Garantiebedingungen - Globber Scooter Schweiz\" \/>\n<meta property=\"og:description\" content=\"Auf alle unsere Globber Scooter (Completes) gew\u00e4hren wir eine zweij\u00e4hrige Garantie auf Herstellungs- und Materialfehler. Von der Garantie ausgeschlossen sind Sch\u00e4den, die durch unsachgem\u00e4\u00dfen Gebrauch, wie z.B. falsche Montage am Modell, unvorsichtigen Gebrauch, wie z.B. Fahren gegen Bordsteinkanten etc. oder normalen Verschlei\u00df entstehen.\u00a0 Garantieanspr\u00fcche k\u00f6nnen nur anerkannt werden, wenn uns der Kaufbeleg vorliegen. Im Garantiefall [&hellip;]\" \/>\n<meta property=\"og:url\" content=\"https:\/\/www.globber.com\/ch\/de\/garantiebedingungen\/\" \/>\n<meta property=\"og:site_name\" content=\"Globber Scooter Schweiz\" \/>\n<meta property=\"article:modified_time\" content=\"2024-03-06T06:29:34+00:00\" \/>\n<meta name=\"twitter:card\" content=\"summary_large_image\" \/>\n<script type=\"application\/ld+json\" class=\"yoast-schema-graph\">{\"@context\":\"https:\/\/schema.org\",\"@graph\":[{\"@type\":\"WebPage\",\"@id\":\"https:\/\/www.globber.com\/ch\/de\/garantiebedingungen\/\",\"url\":\"https:\/\/www.globber.com\/ch\/de\/garantiebedingungen\/\",\"name\":\"Garantiebedingungen - Globber Scooter Schweiz\",\"isPartOf\":{\"@id\":\"https:\/\/www.globber.com\/ch\/fr\/#website\"},\"datePublished\":\"2024-01-17T07:33:46+00:00\",\"dateModified\":\"2024-03-06T06:29:34+00:00\",\"inLanguage\":\"de-CH\",\"potentialAction\":[{\"@type\":\"ReadAction\",\"target\":[\"https:\/\/www.globber.com\/ch\/de\/garantiebedingungen\/\"]}]},{\"@type\":\"WebSite\",\"@id\":\"https:\/\/www.globber.com\/ch\/fr\/#website\",\"url\":\"https:\/\/www.globber.com\/ch\/fr\/\",\"name\":\"Globber Scooter Schweiz\",\"description\":\"Der offizielle Online Shop\",\"publisher\":{\"@id\":\"https:\/\/www.globber.com\/ch\/fr\/#organization\"},\"potentialAction\":[{\"@type\":\"SearchAction\",\"target\":{\"@type\":\"EntryPoint\",\"urlTemplate\":\"https:\/\/www.globber.com\/ch\/fr\/?s={search_term_string}\"},\"query-input\":{\"@type\":\"PropertyValueSpecification\",\"valueRequired\":true,\"valueName\":\"search_term_string\"}}],\"inLanguage\":\"de-CH\"},{\"@type\":\"Organization\",\"@id\":\"https:\/\/www.globber.com\/ch\/fr\/#organization\",\"name\":\"Globber Scooter Schweiz\",\"url\":\"https:\/\/www.globber.com\/ch\/fr\/\",\"logo\":{\"@type\":\"ImageObject\",\"inLanguage\":\"de-CH\",\"@id\":\"https:\/\/www.globber.com\/ch\/fr\/#\/schema\/logo\/image\/\",\"url\":\"https:\/\/cdn.globber.com\/content\/2024\/05\/logo.svg\",\"contentUrl\":\"https:\/\/cdn.globber.com\/content\/2024\/05\/logo.svg\",\"width\":601,\"height\":112,\"caption\":\"Globber Scooter Schweiz\"},\"image\":{\"@id\":\"https:\/\/www.globber.com\/ch\/fr\/#\/schema\/logo\/image\/\"}}]}<\/script>\n<!-- \/ Yoast SEO Premium plugin. -->","yoast_head_json":{"title":"Garantiebedingungen - Globber Scooter Schweiz","robots":{"index":"index","follow":"follow","max-snippet":"max-snippet:-1","max-image-preview":"max-image-preview:large","max-video-preview":"max-video-preview:-1"},"canonical":"https:\/\/www.globber.com\/ch\/de\/garantiebedingungen\/","og_locale":"de_DE","og_type":"article","og_title":"Garantiebedingungen - Globber Scooter Schweiz","og_description":"Auf alle unsere Globber Scooter (Completes) gew\u00e4hren wir eine zweij\u00e4hrige Garantie auf Herstellungs- und Materialfehler. Von der Garantie ausgeschlossen sind Sch\u00e4den, die durch unsachgem\u00e4\u00dfen Gebrauch, wie z.B. falsche Montage am Modell, unvorsichtigen Gebrauch, wie z.B. Fahren gegen Bordsteinkanten etc. oder normalen Verschlei\u00df entstehen.\u00a0 Garantieanspr\u00fcche k\u00f6nnen nur anerkannt werden, wenn uns der Kaufbeleg vorliegen. Im Garantiefall [&hellip;]","og_url":"https:\/\/www.globber.com\/ch\/de\/garantiebedingungen\/","og_site_name":"Globber Scooter Schweiz","article_modified_time":"2024-03-06T06:29:34+00:00","twitter_card":"summary_large_image","schema":{"@context":"https:\/\/schema.org","@graph":[{"@type":"WebPage","@id":"https:\/\/www.globber.com\/ch\/de\/garantiebedingungen\/","url":"https:\/\/www.globber.com\/ch\/de\/garantiebedingungen\/","name":"Garantiebedingungen - Globber Scooter Schweiz","isPartOf":{"@id":"https:\/\/www.globber.com\/ch\/fr\/#website"},"datePublished":"2024-01-17T07:33:46+00:00","dateModified":"2024-03-06T06:29:34+00:00","inLanguage":"de-CH","potentialAction":[{"@type":"ReadAction","target":["https:\/\/www.globber.com\/ch\/de\/garantiebedingungen\/"]}]},{"@type":"WebSite","@id":"https:\/\/www.globber.com\/ch\/fr\/#website","url":"https:\/\/www.globber.com\/ch\/fr\/","name":"Globber Scooter Schweiz","description":"Der offizielle Online Shop","publisher":{"@id":"https:\/\/www.globber.com\/ch\/fr\/#organization"},"potentialAction":[{"@type":"SearchAction","target":{"@type":"EntryPoint","urlTemplate":"https:\/\/www.globber.com\/ch\/fr\/?s={search_term_string}"},"query-input":{"@type":"PropertyValueSpecification","valueRequired":true,"valueName":"search_term_string"}}],"inLanguage":"de-CH"},{"@type":"Organization","@id":"https:\/\/www.globber.com\/ch\/fr\/#organization","name":"Globber Scooter Schweiz","url":"https:\/\/www.globber.com\/ch\/fr\/","logo":{"@type":"ImageObject","inLanguage":"de-CH","@id":"https:\/\/www.globber.com\/ch\/fr\/#\/schema\/logo\/image\/","url":"https:\/\/cdn.globber.com\/content\/2024\/05\/logo.svg","contentUrl":"https:\/\/cdn.globber.com\/content\/2024\/05\/logo.svg","width":601,"height":112,"caption":"Globber Scooter Schweiz"},"image":{"@id":"https:\/\/www.globber.com\/ch\/fr\/#\/schema\/logo\/image\/"}}]}},"_links":{"self":[{"href":"https:\/\/www.globber.com\/ch\/de\/wp-json\/wp\/v2\/pages\/12365","targetHints":{"allow":["GET"]}}],"collection":[{"href":"https:\/\/www.globber.com\/ch\/de\/wp-json\/wp\/v2\/pages"}],"about":[{"href":"https:\/\/www.globber.com\/ch\/de\/wp-json\/wp\/v2\/types\/page"}],"author":[{"embeddable":true,"href":"https:\/\/www.globber.com\/ch\/de\/wp-json\/wp\/v2\/users\/48"}],"replies":[{"embeddable":true,"href":"https:\/\/www.globber.com\/ch\/de\/wp-json\/wp\/v2\/comments?post=12365"}],"version-history":[{"count":0,"href":"https:\/\/www.globber.com\/ch\/de\/wp-json\/wp\/v2\/pages\/12365\/revisions"}],"wp:attachment":[{"href":"https:\/\/www.globber.com\/ch\/de\/wp-json\/wp\/v2\/media?parent=12365"}],"curies":[{"name":"wp","href":"https:\/\/api.w.org\/{rel}","templated":true}]}}