{"id":2,"date":"2022-08-01T10:50:25","date_gmt":"2022-08-01T10:50:25","guid":{"rendered":"http:\/\/staging.globberscooter.com\/ch\/?page_id=2"},"modified":"2026-03-03T10:14:59","modified_gmt":"2026-03-03T09:14:59","slug":"home","status":"publish","type":"page","link":"https:\/\/www.globber.com\/ch\/de\/","title":{"rendered":"Startseite"},"content":{"rendered":"","protected":false},"excerpt":{"rendered":"","protected":false},"author":47,"featured_media":9601,"parent":0,"menu_order":0,"comment_status":"closed","ping_status":"closed","template":"templates\/home-v2.php","meta":{"_acf_changed":false,"inline_featured_image":false,"footnotes":""},"class_list":["post-2","page","type-page","status-publish","has-post-thumbnail","hentry"],"acf":[],"yoast_head":"<!-- This site is optimized with the Yoast SEO Premium plugin v20.12 (Yoast SEO v23.4) - https:\/\/yoast.com\/wordpress\/plugins\/seo\/ -->\n<title>Globber \u2013 The World on Wheels | Globber.com<\/title>\n<meta name=\"description\" content=\"Globber ist eine mehrfach ausgezeichnete Marke f\u00fcr innovative Scooter und Fahrspa\u00df f\u00fcr die ganze Familie. Entdecken Sie Baby-Dreir\u00e4der, Balance-Bikes und Roller f\u00fcr jedes Alter \u2013 jetzt st\u00f6bern &amp; das passende Modell finden.\" \/>\n<meta name=\"robots\" content=\"index, follow, max-snippet:-1, max-image-preview:large, max-video-preview:-1\" \/>\n<link rel=\"canonical\" href=\"https:\/\/www.globber.com\/ch\/de\/\" \/>\n<meta property=\"og:locale\" content=\"de_DE\" \/>\n<meta property=\"og:type\" content=\"article\" \/>\n<meta property=\"og:title\" content=\"Globber \u2013 The World on Wheels | Globber.com\" \/>\n<meta property=\"og:description\" content=\"Globber ist eine mehrfach ausgezeichnete Marke f\u00fcr innovative Scooter und Fahrspa\u00df f\u00fcr die ganze Familie. Entdecken Sie Baby-Dreir\u00e4der, Balance-Bikes und Roller f\u00fcr jedes Alter \u2013 jetzt st\u00f6bern &amp; das passende Modell finden.\" \/>\n<meta property=\"og:url\" content=\"https:\/\/www.globber.com\/ch\/de\/\" \/>\n<meta property=\"og:site_name\" content=\"Globber Scooter Schweiz\" \/>\n<meta property=\"article:modified_time\" content=\"2026-03-03T09:14:59+00:00\" \/>\n<meta property=\"og:image\" content=\"https:\/\/cdn.globber.com\/content\/2023\/01\/Globber-the-world-on-wheels.jpg\" \/>\n\t<meta property=\"og:image:width\" content=\"1080\" \/>\n\t<meta property=\"og:image:height\" content=\"1080\" \/>\n\t<meta property=\"og:image:type\" content=\"image\/jpeg\" \/>\n<meta name=\"twitter:card\" content=\"summary_large_image\" \/>\n<meta name=\"twitter:label1\" content=\"Gesch\u00e4tzte Lesezeit\" \/>\n\t<meta name=\"twitter:data1\" content=\"1 Minute\" \/>\n<script type=\"application\/ld+json\" class=\"yoast-schema-graph\">{\"@context\":\"https:\/\/schema.org\",\"@graph\":[{\"@type\":\"WebPage\",\"@id\":\"https:\/\/www.globber.com\/ch\/de\/\",\"url\":\"https:\/\/www.globber.com\/ch\/de\/\",\"name\":\"Globber \u2013 The World on Wheels | Globber.com\",\"isPartOf\":{\"@id\":\"https:\/\/www.globber.com\/ch\/fr\/#website\"},\"primaryImageOfPage\":{\"@id\":\"https:\/\/www.globber.com\/ch\/de\/#primaryimage\"},\"image\":{\"@id\":\"https:\/\/www.globber.com\/ch\/de\/#primaryimage\"},\"thumbnailUrl\":\"https:\/\/cdn.globber.com\/content\/2023\/01\/Globber-the-world-on-wheels.jpg\",\"datePublished\":\"2022-08-01T10:50:25+00:00\",\"dateModified\":\"2026-03-03T09:14:59+00:00\",\"description\":\"Globber ist eine mehrfach ausgezeichnete Marke f\u00fcr innovative Scooter und Fahrspa\u00df f\u00fcr die ganze Familie. Entdecken Sie Baby-Dreir\u00e4der, Balance-Bikes und Roller f\u00fcr jedes Alter \u2013 jetzt st\u00f6bern & das passende Modell finden.\",\"inLanguage\":\"de-CH\",\"potentialAction\":[{\"@type\":\"ReadAction\",\"target\":[\"https:\/\/www.globber.com\/ch\/de\/\"]}]},{\"@type\":\"ImageObject\",\"inLanguage\":\"de-CH\",\"@id\":\"https:\/\/www.globber.com\/ch\/de\/#primaryimage\",\"url\":\"https:\/\/cdn.globber.com\/content\/2023\/01\/Globber-the-world-on-wheels.jpg\",\"contentUrl\":\"https:\/\/cdn.globber.com\/content\/2023\/01\/Globber-the-world-on-wheels.jpg\",\"width\":1080,\"height\":1080,\"caption\":\"Globber The World On Wheels\"},{\"@type\":\"WebSite\",\"@id\":\"https:\/\/www.globber.com\/ch\/fr\/#website\",\"url\":\"https:\/\/www.globber.com\/ch\/fr\/\",\"name\":\"Globber Scooter Schweiz\",\"description\":\"Der offizielle Online Shop\",\"publisher\":{\"@id\":\"https:\/\/www.globber.com\/ch\/fr\/#organization\"},\"potentialAction\":[{\"@type\":\"SearchAction\",\"target\":{\"@type\":\"EntryPoint\",\"urlTemplate\":\"https:\/\/www.globber.com\/ch\/fr\/?s={search_term_string}\"},\"query-input\":{\"@type\":\"PropertyValueSpecification\",\"valueRequired\":true,\"valueName\":\"search_term_string\"}}],\"inLanguage\":\"de-CH\"},{\"@type\":\"Organization\",\"@id\":\"https:\/\/www.globber.com\/ch\/fr\/#organization\",\"name\":\"Globber Scooter Schweiz\",\"url\":\"https:\/\/www.globber.com\/ch\/fr\/\",\"logo\":{\"@type\":\"ImageObject\",\"inLanguage\":\"de-CH\",\"@id\":\"https:\/\/www.globber.com\/ch\/fr\/#\/schema\/logo\/image\/\",\"url\":\"https:\/\/cdn.globber.com\/content\/2024\/05\/logo.svg\",\"contentUrl\":\"https:\/\/cdn.globber.com\/content\/2024\/05\/logo.svg\",\"width\":601,\"height\":112,\"caption\":\"Globber Scooter Schweiz\"},\"image\":{\"@id\":\"https:\/\/www.globber.com\/ch\/fr\/#\/schema\/logo\/image\/\"}}]}<\/script>\n<!-- \/ Yoast SEO Premium plugin. -->","yoast_head_json":{"title":"Globber \u2013 The World on Wheels | Globber.com","description":"Globber ist eine mehrfach ausgezeichnete Marke f\u00fcr innovative Scooter und Fahrspa\u00df f\u00fcr die ganze Familie. Entdecken Sie Baby-Dreir\u00e4der, Balance-Bikes und Roller f\u00fcr jedes Alter \u2013 jetzt st\u00f6bern & das passende Modell finden.","robots":{"index":"index","follow":"follow","max-snippet":"max-snippet:-1","max-image-preview":"max-image-preview:large","max-video-preview":"max-video-preview:-1"},"canonical":"https:\/\/www.globber.com\/ch\/de\/","og_locale":"de_DE","og_type":"article","og_title":"Globber \u2013 The World on Wheels | Globber.com","og_description":"Globber ist eine mehrfach ausgezeichnete Marke f\u00fcr innovative Scooter und Fahrspa\u00df f\u00fcr die ganze Familie. Entdecken Sie Baby-Dreir\u00e4der, Balance-Bikes und Roller f\u00fcr jedes Alter \u2013 jetzt st\u00f6bern & das passende Modell finden.","og_url":"https:\/\/www.globber.com\/ch\/de\/","og_site_name":"Globber Scooter Schweiz","article_modified_time":"2026-03-03T09:14:59+00:00","og_image":[{"width":1080,"height":1080,"url":"https:\/\/cdn.globber.com\/content\/2023\/01\/Globber-the-world-on-wheels.jpg","type":"image\/jpeg"}],"twitter_card":"summary_large_image","twitter_misc":{"Gesch\u00e4tzte Lesezeit":"1 Minute"},"schema":{"@context":"https:\/\/schema.org","@graph":[{"@type":"WebPage","@id":"https:\/\/www.globber.com\/ch\/de\/","url":"https:\/\/www.globber.com\/ch\/de\/","name":"Globber \u2013 The World on Wheels | Globber.com","isPartOf":{"@id":"https:\/\/www.globber.com\/ch\/fr\/#website"},"primaryImageOfPage":{"@id":"https:\/\/www.globber.com\/ch\/de\/#primaryimage"},"image":{"@id":"https:\/\/www.globber.com\/ch\/de\/#primaryimage"},"thumbnailUrl":"https:\/\/cdn.globber.com\/content\/2023\/01\/Globber-the-world-on-wheels.jpg","datePublished":"2022-08-01T10:50:25+00:00","dateModified":"2026-03-03T09:14:59+00:00","description":"Globber ist eine mehrfach ausgezeichnete Marke f\u00fcr innovative Scooter und Fahrspa\u00df f\u00fcr die ganze Familie. Entdecken Sie Baby-Dreir\u00e4der, Balance-Bikes und Roller f\u00fcr jedes Alter \u2013 jetzt st\u00f6bern & das passende Modell finden.","inLanguage":"de-CH","potentialAction":[{"@type":"ReadAction","target":["https:\/\/www.globber.com\/ch\/de\/"]}]},{"@type":"ImageObject","inLanguage":"de-CH","@id":"https:\/\/www.globber.com\/ch\/de\/#primaryimage","url":"https:\/\/cdn.globber.com\/content\/2023\/01\/Globber-the-world-on-wheels.jpg","contentUrl":"https:\/\/cdn.globber.com\/content\/2023\/01\/Globber-the-world-on-wheels.jpg","width":1080,"height":1080,"caption":"Globber The World On Wheels"},{"@type":"WebSite","@id":"https:\/\/www.globber.com\/ch\/fr\/#website","url":"https:\/\/www.globber.com\/ch\/fr\/","name":"Globber Scooter Schweiz","description":"Der offizielle Online Shop","publisher":{"@id":"https:\/\/www.globber.com\/ch\/fr\/#organization"},"potentialAction":[{"@type":"SearchAction","target":{"@type":"EntryPoint","urlTemplate":"https:\/\/www.globber.com\/ch\/fr\/?s={search_term_string}"},"query-input":{"@type":"PropertyValueSpecification","valueRequired":true,"valueName":"search_term_string"}}],"inLanguage":"de-CH"},{"@type":"Organization","@id":"https:\/\/www.globber.com\/ch\/fr\/#organization","name":"Globber Scooter Schweiz","url":"https:\/\/www.globber.com\/ch\/fr\/","logo":{"@type":"ImageObject","inLanguage":"de-CH","@id":"https:\/\/www.globber.com\/ch\/fr\/#\/schema\/logo\/image\/","url":"https:\/\/cdn.globber.com\/content\/2024\/05\/logo.svg","contentUrl":"https:\/\/cdn.globber.com\/content\/2024\/05\/logo.svg","width":601,"height":112,"caption":"Globber Scooter Schweiz"},"image":{"@id":"https:\/\/www.globber.com\/ch\/fr\/#\/schema\/logo\/image\/"}}]}},"_links":{"self":[{"href":"https:\/\/www.globber.com\/ch\/de\/wp-json\/wp\/v2\/pages\/2","targetHints":{"allow":["GET"]}}],"collection":[{"href":"https:\/\/www.globber.com\/ch\/de\/wp-json\/wp\/v2\/pages"}],"about":[{"href":"https:\/\/www.globber.com\/ch\/de\/wp-json\/wp\/v2\/types\/page"}],"author":[{"embeddable":true,"href":"https:\/\/www.globber.com\/ch\/de\/wp-json\/wp\/v2\/users\/47"}],"replies":[{"embeddable":true,"href":"https:\/\/www.globber.com\/ch\/de\/wp-json\/wp\/v2\/comments?post=2"}],"version-history":[{"count":15,"href":"https:\/\/www.globber.com\/ch\/de\/wp-json\/wp\/v2\/pages\/2\/revisions"}],"predecessor-version":[{"id":28891,"href":"https:\/\/www.globber.com\/ch\/de\/wp-json\/wp\/v2\/pages\/2\/revisions\/28891"}],"wp:featuredmedia":[{"embeddable":true,"href":"https:\/\/www.globber.com\/ch\/de\/wp-json\/wp\/v2\/media\/9601"}],"wp:attachment":[{"href":"https:\/\/www.globber.com\/ch\/de\/wp-json\/wp\/v2\/media?parent=2"}],"curies":[{"name":"wp","href":"https:\/\/api.w.org\/{rel}","templated":true}]}}