{"id":245,"date":"2022-09-12T20:33:33","date_gmt":"2022-09-12T20:33:33","guid":{"rendered":"http:\/\/staging.globberscooter.com\/ch\/compare\/"},"modified":"2024-11-12T08:10:06","modified_gmt":"2024-11-12T08:10:06","slug":"vergleich","status":"publish","type":"page","link":"https:\/\/www.globber.com\/ch\/de\/vergleich\/","title":{"rendered":"vergleich"},"content":{"rendered":"<p>Du willst aufr\u00fcsten oder deinen ersten Globber-Roller kaufen? Sehen Sie, was jedes Fahrzeug auszeichnet: Besuchen Sie die Produktseiten der Baby-Dreir\u00e4der, Balance-Bikes oder Scooter und f\u00fcgen Sie sie hier hinzu, um eine schnelle \u00dcbersicht zu erhalten und das beste Fahrzeug zu finden, das zu Ihnen passt!<\/p>\n","protected":false},"excerpt":{"rendered":"<p>Du willst aufr\u00fcsten oder deinen ersten Globber-Roller kaufen? Sehen Sie, was jedes Fahrzeug auszeichnet: Besuchen Sie die Produktseiten der Baby-Dreir\u00e4der, Balance-Bikes oder Scooter und f\u00fcgen Sie sie hier hinzu, um eine schnelle \u00dcbersicht zu erhalten und das beste Fahrzeug zu finden, das zu Ihnen passt!<\/p>\n","protected":false},"author":47,"featured_media":0,"parent":0,"menu_order":0,"comment_status":"closed","ping_status":"closed","template":"templates\/compare.php","meta":{"_acf_changed":false,"inline_featured_image":false,"footnotes":""},"class_list":["post-245","page","type-page","status-publish","hentry"],"acf":[],"yoast_head":"<!-- This site is optimized with the Yoast SEO Premium plugin v20.12 (Yoast SEO v23.4) - https:\/\/yoast.com\/wordpress\/plugins\/seo\/ -->\n<title>Compare Baby Trikes, Balance Bikes, and Scooters \u2013 Globber<\/title>\n<meta name=\"description\" content=\"Upgrading or buying your first Globber scooter? See what makes each ride different: Visit the product pages of baby trikes, balance bikes, or scooters and add them here for a quick rundown to get the best ride that suits you!\" \/>\n<meta name=\"robots\" content=\"index, follow, max-snippet:-1, max-image-preview:large, max-video-preview:-1\" \/>\n<link rel=\"canonical\" href=\"https:\/\/www.globber.com\/ch\/de\/vergleich\/\" \/>\n<meta property=\"og:locale\" content=\"de_DE\" \/>\n<meta property=\"og:type\" content=\"article\" \/>\n<meta property=\"og:title\" content=\"Compare Baby Trikes, Balance Bikes, and Scooters \u2013 Globber\" \/>\n<meta property=\"og:description\" content=\"Upgrading or buying your first Globber scooter? See what makes each ride different: Visit the product pages of baby trikes, balance bikes, or scooters and add them here for a quick rundown to get the best ride that suits you!\" \/>\n<meta property=\"og:url\" content=\"https:\/\/www.globber.com\/ch\/de\/vergleich\/\" \/>\n<meta property=\"og:site_name\" content=\"Globber Scooter Schweiz\" \/>\n<meta property=\"article:modified_time\" content=\"2024-11-12T08:10:06+00:00\" \/>\n<meta name=\"twitter:card\" content=\"summary_large_image\" \/>\n<meta name=\"twitter:label1\" content=\"Gesch\u00e4tzte Lesezeit\" \/>\n\t<meta name=\"twitter:data1\" content=\"1 Minute\" \/>\n<script type=\"application\/ld+json\" class=\"yoast-schema-graph\">{\"@context\":\"https:\/\/schema.org\",\"@graph\":[{\"@type\":\"WebPage\",\"@id\":\"https:\/\/www.globber.com\/ch\/de\/vergleich\/\",\"url\":\"https:\/\/www.globber.com\/ch\/de\/vergleich\/\",\"name\":\"Compare Baby Trikes, Balance Bikes, and Scooters \u2013 Globber\",\"isPartOf\":{\"@id\":\"https:\/\/www.globber.com\/ch\/fr\/#website\"},\"datePublished\":\"2022-09-12T20:33:33+00:00\",\"dateModified\":\"2024-11-12T08:10:06+00:00\",\"description\":\"Upgrading or buying your first Globber scooter? See what makes each ride different: Visit the product pages of baby trikes, balance bikes, or scooters and add them here for a quick rundown to get the best ride that suits you!\",\"inLanguage\":\"de-CH\",\"potentialAction\":[{\"@type\":\"ReadAction\",\"target\":[\"https:\/\/www.globber.com\/ch\/de\/vergleich\/\"]}]},{\"@type\":\"WebSite\",\"@id\":\"https:\/\/www.globber.com\/ch\/fr\/#website\",\"url\":\"https:\/\/www.globber.com\/ch\/fr\/\",\"name\":\"Globber Scooter Schweiz\",\"description\":\"Der offizielle Online Shop\",\"publisher\":{\"@id\":\"https:\/\/www.globber.com\/ch\/fr\/#organization\"},\"potentialAction\":[{\"@type\":\"SearchAction\",\"target\":{\"@type\":\"EntryPoint\",\"urlTemplate\":\"https:\/\/www.globber.com\/ch\/fr\/?s={search_term_string}\"},\"query-input\":{\"@type\":\"PropertyValueSpecification\",\"valueRequired\":true,\"valueName\":\"search_term_string\"}}],\"inLanguage\":\"de-CH\"},{\"@type\":\"Organization\",\"@id\":\"https:\/\/www.globber.com\/ch\/fr\/#organization\",\"name\":\"Globber Scooter Schweiz\",\"url\":\"https:\/\/www.globber.com\/ch\/fr\/\",\"logo\":{\"@type\":\"ImageObject\",\"inLanguage\":\"de-CH\",\"@id\":\"https:\/\/www.globber.com\/ch\/fr\/#\/schema\/logo\/image\/\",\"url\":\"https:\/\/cdn.globber.com\/content\/2024\/05\/logo.svg\",\"contentUrl\":\"https:\/\/cdn.globber.com\/content\/2024\/05\/logo.svg\",\"width\":601,\"height\":112,\"caption\":\"Globber Scooter Schweiz\"},\"image\":{\"@id\":\"https:\/\/www.globber.com\/ch\/fr\/#\/schema\/logo\/image\/\"}}]}<\/script>\n<!-- \/ Yoast SEO Premium plugin. -->","yoast_head_json":{"title":"Compare Baby Trikes, Balance Bikes, and Scooters \u2013 Globber","description":"Upgrading or buying your first Globber scooter? See what makes each ride different: Visit the product pages of baby trikes, balance bikes, or scooters and add them here for a quick rundown to get the best ride that suits you!","robots":{"index":"index","follow":"follow","max-snippet":"max-snippet:-1","max-image-preview":"max-image-preview:large","max-video-preview":"max-video-preview:-1"},"canonical":"https:\/\/www.globber.com\/ch\/de\/vergleich\/","og_locale":"de_DE","og_type":"article","og_title":"Compare Baby Trikes, Balance Bikes, and Scooters \u2013 Globber","og_description":"Upgrading or buying your first Globber scooter? See what makes each ride different: Visit the product pages of baby trikes, balance bikes, or scooters and add them here for a quick rundown to get the best ride that suits you!","og_url":"https:\/\/www.globber.com\/ch\/de\/vergleich\/","og_site_name":"Globber Scooter Schweiz","article_modified_time":"2024-11-12T08:10:06+00:00","twitter_card":"summary_large_image","twitter_misc":{"Gesch\u00e4tzte Lesezeit":"1 Minute"},"schema":{"@context":"https:\/\/schema.org","@graph":[{"@type":"WebPage","@id":"https:\/\/www.globber.com\/ch\/de\/vergleich\/","url":"https:\/\/www.globber.com\/ch\/de\/vergleich\/","name":"Compare Baby Trikes, Balance Bikes, and Scooters \u2013 Globber","isPartOf":{"@id":"https:\/\/www.globber.com\/ch\/fr\/#website"},"datePublished":"2022-09-12T20:33:33+00:00","dateModified":"2024-11-12T08:10:06+00:00","description":"Upgrading or buying your first Globber scooter? See what makes each ride different: Visit the product pages of baby trikes, balance bikes, or scooters and add them here for a quick rundown to get the best ride that suits you!","inLanguage":"de-CH","potentialAction":[{"@type":"ReadAction","target":["https:\/\/www.globber.com\/ch\/de\/vergleich\/"]}]},{"@type":"WebSite","@id":"https:\/\/www.globber.com\/ch\/fr\/#website","url":"https:\/\/www.globber.com\/ch\/fr\/","name":"Globber Scooter Schweiz","description":"Der offizielle Online Shop","publisher":{"@id":"https:\/\/www.globber.com\/ch\/fr\/#organization"},"potentialAction":[{"@type":"SearchAction","target":{"@type":"EntryPoint","urlTemplate":"https:\/\/www.globber.com\/ch\/fr\/?s={search_term_string}"},"query-input":{"@type":"PropertyValueSpecification","valueRequired":true,"valueName":"search_term_string"}}],"inLanguage":"de-CH"},{"@type":"Organization","@id":"https:\/\/www.globber.com\/ch\/fr\/#organization","name":"Globber Scooter Schweiz","url":"https:\/\/www.globber.com\/ch\/fr\/","logo":{"@type":"ImageObject","inLanguage":"de-CH","@id":"https:\/\/www.globber.com\/ch\/fr\/#\/schema\/logo\/image\/","url":"https:\/\/cdn.globber.com\/content\/2024\/05\/logo.svg","contentUrl":"https:\/\/cdn.globber.com\/content\/2024\/05\/logo.svg","width":601,"height":112,"caption":"Globber Scooter Schweiz"},"image":{"@id":"https:\/\/www.globber.com\/ch\/fr\/#\/schema\/logo\/image\/"}}]}},"_links":{"self":[{"href":"https:\/\/www.globber.com\/ch\/de\/wp-json\/wp\/v2\/pages\/245","targetHints":{"allow":["GET"]}}],"collection":[{"href":"https:\/\/www.globber.com\/ch\/de\/wp-json\/wp\/v2\/pages"}],"about":[{"href":"https:\/\/www.globber.com\/ch\/de\/wp-json\/wp\/v2\/types\/page"}],"author":[{"embeddable":true,"href":"https:\/\/www.globber.com\/ch\/de\/wp-json\/wp\/v2\/users\/47"}],"replies":[{"embeddable":true,"href":"https:\/\/www.globber.com\/ch\/de\/wp-json\/wp\/v2\/comments?post=245"}],"version-history":[{"count":0,"href":"https:\/\/www.globber.com\/ch\/de\/wp-json\/wp\/v2\/pages\/245\/revisions"}],"wp:attachment":[{"href":"https:\/\/www.globber.com\/ch\/de\/wp-json\/wp\/v2\/media?parent=245"}],"curies":[{"name":"wp","href":"https:\/\/api.w.org\/{rel}","templated":true}]}}