{"id":3,"date":"2022-08-01T10:50:25","date_gmt":"2022-08-01T10:50:25","guid":{"rendered":"http:\/\/staging.globberscooter.com\/ch\/?page_id=3"},"modified":"2025-06-27T13:07:22","modified_gmt":"2025-06-27T13:07:22","slug":"datenschutz","status":"publish","type":"page","link":"https:\/\/www.globber.com\/ch\/de\/datenschutz\/","title":{"rendered":"Datenschutz"},"content":{"rendered":"<p>JUST4MOTION AG, Seepark 6, 6362 Stansstad, ist Betreiber\/in der Website www.globber-scooter.ch und der darauf angebotenen Dienste und somit verantwortlich f\u00fcr die Erhebung, Verarbeitung und Nutzung Ihrer pers\u00f6nlichen Daten und die Vereinbarkeit der Datenbearbeitung mit dem anwendbaren Datenschutzrecht.Ihr Vertrauen ist uns wichtig, darum nehmen wir das Thema Datenschutz ernst und achten auf entsprechende Sicherheit. Selbstverst\u00e4ndlich beachten wir die gesetzlichen Bestimmungen des Bundesgesetzes \u00fcber den Datenschutz (DSG), der Verordnung zum Bundesgesetz \u00fcber den Datenschutz (VDSG), des Fernmeldegesetztes (FMG) und andere gegebenenfalls anwendbare datenschutzrechtliche Bestimmungen des schweizerischen oder EU-Rechts, insbesondere die Datenschutzgrundverordnung (DSGVO).Damit Sie wissen, welche personenbezogenen Daten wir von Ihnen erheben und f\u00fcr welche Zwecke wir sie verwenden, nehmen Sie bitte die nachstehenden Informationen zur Kenntnis.<\/p>\n<div class=\"container-main\">\n<div class=\"cms-page\">\n<div class=\"cms-sections\">\n<div class=\"cms-section pos-0 cms-section-default\">\n<div class=\"cms-section-default boxed\">\n<div class=\"cms-block pos-0 cms-block-text\">\n<div class=\"cms-block-container\">\n<div class=\"cms-block-container-row row cms-row \">\n<div class=\"col-12\" data-cms-element-id=\"7f249b0366664bc186bc87541bfaae1e\">\n<h3>Aufruf unserer Website<\/h3>\n<p>Beim Besuch unserer Website speichern unsere Server tempor\u00e4r jeden Zugriff in einer Protokolldatei. Folgende technischen Daten werden dabei, wie grunds\u00e4tzlich bei jeder Verbindung mit einem Webserver, ohne Ihr Zutun erfasst und bis zur automatisierten L\u00f6schung nach sp\u00e4testens 12 Monaten von uns gespeichert:\u00a0<\/p>\n<ul>\n<li>die IP-Adresse des anfragenden Rechners,\u00a0<\/li>\n<li>der Name des Inhabers des IP-Adressbereichs (i.d.R. Ihr Internet-Access-Provider),\u00a0<\/li>\n<li>das Datum und die Uhrzeit des Zugriffs,\u00a0<\/li>\n<li>die Website, von der aus dem Zugriff erfolgte (Referrer URL) ggf. mit verwendetem Suchwort,<\/li>\n<li>der Name und die URL der abgerufenen Datei,<\/li>\n<li>den Status-Code (z.B. Fehlermeldung),<\/li>\n<li>das Betriebssystem Ihres Rechners,<\/li>\n<li>der von Ihnen verwendete Browser (Typ, Version und Sprache),<\/li>\n<li>das verwendete \u00dcbertragungsprotokoll (z.B. HTTP\/1.1)<\/li>\n<\/ul>\n<p>Die Erhebung und Verarbeitung dieser Daten erfolgt zu dem Zweck, die Nutzung unserer Website zu erm\u00f6glichen (Verbindungsaufbau), die Systemsicherheit und -stabilit\u00e4t dauerhaft zu gew\u00e4hrleisten und die Optimierung unseres Internetangebots zu erm\u00f6glichen sowie zu internen statistischen Zwecken. Hierin besteht unser berechtigtes Interesse an der Datenverarbeitung im Sinne von Art. 6 Abs. 1 lit. f DSGVO.<\/p>\n<h3><b>Einkauf im Onlineshop<br \/>\n<\/b><\/h3>\n<p>Wenn Sie in unserem Onlineshop Bestellungen t\u00e4tigen, ben\u00f6tigen wir f\u00fcr die Abwicklung des Vertrags folgende Daten:\u00a0<\/p>\n<ul>\n<li>Login-Daten, d.h. E-Mail-Adresse und Passwort\u00a0<\/li>\n<li>Debitor-Rechnungsadresse (und falls gew\u00fcnscht abweichende Lieferadresse)<\/li>\n<li>Bei Lieferart Spedition: zus\u00e4tzliche Kontaktangaben<\/li>\n<li>Angaben im Rahmen der Zahlung (abh\u00e4ngig von der gew\u00e4hlten Zahlungsmethode)<\/li>\n<\/ul>\n<p>Sofern in dieser Datenschutzerkl\u00e4rung nicht anders festgehalten bzw. Sie dazu nicht gesondert eingewilligt haben, werden wir die vorgenannten Daten nur benutzen, um den Vertrag abzuwickeln, namentlich um Ihre Bestellungen zu bearbeiten, die bestellten Produkte auszuliefern und die korrekte Zahlung sicherzustellen.\u00a0Die Rechtsgrundlage der Datenverarbeitung zu diesem Zweck liegt in der Erf\u00fcllung eines Vertrages nach Art. 6 Abs. 1 lit. b EU-DSGVO.<\/p>\n<h3><b>Weitergabe der Daten an Dritte<br \/>\n<\/b><\/h3>\n<p>Wir geben Ihre personenbezogenen Daten nur weiter, wenn Sie ausdr\u00fccklich eingewilligt haben, hierf\u00fcr eine gesetzliche Verpflichtung besteht oder dies zur Durchsetzung unserer Rechte, insbesondere zur Durchsetzung von Anspr\u00fcchen aus dem Vertragsverh\u00e4ltnis, erforderlich ist.Dar\u00fcber hinaus geben wir Ihre Daten an Dritte weiter, soweit dies im Rahmen der Nutzung der Webseite und der Vertragsabwicklung (auch ausserhalb der Webseite), namentlich der Verarbeitung Ihrer Bestellung erforderlich ist. Hierzu z\u00e4hlt der jeweilige Transportdienstleister, der mit dem Versand von bestellten Waren betraut wurde. Die Webseite wird auf Servern in der Schweiz gehostet. Die Weitergabe der Daten erfolgt zum Zweck der Bereitstellung und Aufrechterhaltung der Funktionalit\u00e4ten unserer Website. Hierin besteht unser berechtigtes Interesse im Sinne von Art. 6 Abs. 1 lit. f EU-DSGVO.\u00a0Sofern wir in Vorleistung treten, z.B. bei einem Kauf auf Rechnung, k\u00f6nnen wir zur Wahrung unserer berechtigten Interessen gegebenenfalls eine Bonit\u00e4tsauskunft auf der Basis mathematisch-statistischer Verfahren bei einer Auskunftei einholen. Hierzu \u00fcbermitteln wir die zu einer Bonit\u00e4tspr\u00fcfung ben\u00f6tigten Personendaten an die Auskunftei CRIF AG, Hagenholzstrasse 81, 8050 Z\u00fcrich und verwenden die erhaltenen Informationen \u00fcber die statistische Wahrscheinlichkeit eines Zahlungsausfalles f\u00fcr eine abgewogene Entscheidung \u00fcber die Begr\u00fcndung, Durchf\u00fchrung oder Beendigung des Vertragsverh\u00e4ltnisses. Die Bonit\u00e4tsauskunft kann Wahrscheinlichkeitswerte (Score-Werte) beinhalten, die auf Basis wissenschaftlich anerkannter mathematisch-statistischer Verfahren berechnet wurden und in deren Berechnung unter anderem Adressdaten einfliessen. Ihre schutzw\u00fcrdigen Interessen werden gem\u00e4ss den gesetzlichen Bestimmungen ber\u00fccksichtigt. In den vorangehend beschriebenen Zwecken besteht unser berechtigtes Interesse an der Datenverarbeitung im Sinne von Art. 6 Abs. 1 lit. f EU-DSGVO.<\/p>\n<h3><b>\u00dcbermittlung von Daten ins Ausland<br \/>\n<\/b><\/h3>\n<p>Wir sind berechtigt, Ihre pers\u00f6nlichen Daten zum Zwecke der in dieser Datenschutzerkl\u00e4rung beschriebenen Datenbearbeitungen auch an dritte Unternehmen (beauftragte Dienstleister) im Ausland zu \u00fcbertragen. Diese sind im gleichen Umfang wie wir selbst zum Datenschutz verpflichtet. Wenn das Datenschutzniveau in einem Land nicht dem schweizerischen bzw. dem europ\u00e4ischen entspricht, stellen wir vertraglich sicher, dass der Schutz Ihrer personenbezogenen Daten demjenigen in der Schweiz bzw. in der EU jederzeit entspricht.<\/p>\n<h3><b>Cookies<br \/>\n<\/b><\/h3>\n<p>Cookies helfen unter vielen Aspekten, Ihren Besuch auf unserer Website einfacher, angenehmer und sinnvoller zu gestalten. Cookies sind Informationsdateien, die Ihr Webbrowser automatisch auf der Festplatte Ihres Computers speichert, wenn Sie unsere Internetseite besuchen.\u00a0Wir setzen Cookies beispielsweise ein, um Ihnen die Warenkorb-Funktion \u00fcber mehrere Seiten hinweg anzubieten und um Ihre Eingaben beim Ausf\u00fcllen eines Formulars auf der Website tempor\u00e4r zu speichern, damit Sie die Eingabe beim Aufruf einer anderen Unterseite nicht wiederholen m\u00fcssen.Cookies werden gegebenenfalls auch eingesetzt, um Sie nach der Registrierung auf der Website als registrierten Benutzer identifizieren zu k\u00f6nnen, ohne dass Sie sich beim Aufruf einer anderen Unterseite erneut einloggen m\u00fcssen.Die meisten Internet-Browser akzeptieren Cookies automatisch. Sie k\u00f6nnen Ihren Browser jedoch so konfigurieren, dass keine Cookies auf Ihrem Computer gespeichert werden oder stets ein Hinweis erscheint, wenn Sie ein neues Cookie erhalten. Auf den nachfolgenden Seiten finden Sie Erl\u00e4uterungen, wie Sie die Verarbeitung von Cookies bei den g\u00e4ngigsten Browsern konfigurieren k\u00f6nnen:<\/p>\n<ul>\n<li>Microsofts Windows Internet Explorer<\/li>\n<li>Microsofts Windows Internet Explorer Mobile<\/li>\n<li>Mozilla Firefox<\/li>\n<li>Google Chrome f\u00fcr Desktop<\/li>\n<li>Google Chrome f\u00fcr Mobile<\/li>\n<li>Apple Safari f\u00fcr Desktop<\/li>\n<li>Apple Safari f\u00fcr Mobile\u00a0<\/li>\n<\/ul>\n<p>Die Deaktivierung von Cookies kann dazu f\u00fchren, dass Sie nicht alle Funktionen unserer Website nutzen k\u00f6nnen.\u00a0<\/p>\n<h3><b>Tracking<\/b><\/h3>\n<p>Zum Zwecke der bedarfsgerechten Gestaltung und fortlaufenden Optimierung unserer Website, sowie der Steuerung von Werbemassnahmen auf externen Plattformen nutzen wir sogenannte Tracking Links.Tracking Links werden verwendet f\u00fcr:\u00a0<b>Adobe Analytics<\/b>Unsere Website verwendet Technologie von Adobe, um Informationen dar\u00fcber zu sammeln, wie Nutzer mit der Website und ihren Inhalten interagieren. Diese Performance-Cookies werden auf Basis unseres berechtigten Interesses beim Erstbesuch der Website gesetzt, um das Nutzerverhalten unserer Seitenbesucher besser zu verstehen sowie die Seite weiterzuentwickeln und zu modifizieren.Die JUST4MOTION AG nutzt die gewonnenen Informationen, um sicherzustellen, dass die Website f\u00fcr ihre Besucher Mehrwert schafft, etwa durch an Ihre pers\u00f6nlichen Bed\u00fcrfnisse angepasste Inhalte.\u00a0Beim Einsatz von Adobe werden die Daten mittels Adobe Analytics und Adobe Dynamic Tag Management anonym erhoben und in Adobe Rechenzentren in Europa anonym verarbeitet und gespeichert. Wenn Sie der Datenerfassung durch Adobe vollst\u00e4ndig widersprechen m\u00f6chten, k\u00f6nnen Sie dies \u00fcber die obige Schaltfl\u00e4che tun oder den Opt-out-Prozess auf der Website von Adobe durchf\u00fchren und dort Ihren Widerspruch erkl\u00e4ren: http:\/\/www.adobe.com\/de\/privacy\/opt-out.html<\/p>\n<h3>Google Analytics<b><br \/>\n<\/b><\/h3>\n<p>Zum Zwecke der bedarfsgerechten Gestaltung und fortlaufenden Optimierung unserer Website nutzen wir den Webanalysedienst von Google Analytics. In diesem Zusammenhang werden pseudonymisierte Nutzungsprofile erstellt und kleine Textdateien, die auf Ihrem Computer gespeichert sind (\u201eCookies\u201c), verwendet. Die durch den Cookie erzeugten Informationen \u00fcber Ihre Benutzung dieser Website werden an die Server der Anbieter dieser Dienste \u00fcbertragen, dort gespeichert und f\u00fcr uns aufbereitet. Zus\u00e4tzlich zu den unter Ziff. 1 aufgef\u00fchrten Daten erhalten wir dadurch unter Umst\u00e4nden folgende Informationen:<\/p>\n<ul>\n<li>Navigationspfad, den ein Besucher auf der Site beschreitet,<\/li>\n<li>Verweildauer auf der Website oder Unterseite,<\/li>\n<li>die Unterseite, auf welcher die Website verlassen wird,<\/li>\n<li>das Land, die Region oder die Stadt, von wo ein Zugriff erfolgt,<\/li>\n<li>Endger\u00e4t (Typ, Version, Farbtiefe, Aufl\u00f6sung, Breite und H\u00f6he des Browserfensters) und<\/li>\n<li>Wiederkehrender oder neuer Besucher.<\/li>\n<\/ul>\n<p>Die Informationen werden verwendet, um die Nutzung der Website auszuwerten, um Reports \u00fcber die Websiteaktivit\u00e4ten zusammenzustellen und um weitere mit der Websitenutzung und der Internetnutzung verbundene Dienstleistungen zu Zwecken der Marktforschung und bedarfsgerechten Gestaltung dieser Website zu erbringen. Auch werden diese Informationen gegebenenfalls an Dritte \u00fcbertragen, sofern dies gesetzlich vorgeschrieben ist oder soweit Dritte diese Daten im Auftrag verarbeiten.Anbieter von Google Analytics ist Google Inc., ein Unternehmen der Holding Gesellschaft Alphabet Inc, mit Sitz in den USA. Vor der \u00dcbermittlung der Daten an den Anbieter wird die IP-Adresse durch die Aktivierung der IP-Anonymisierung (\u201eanonymizeIP\u201c) auf dieser Webseite innerhalb der Mitgliedstaaten der Europ\u00e4ischen Union oder in anderen Vertragsstaaten des Abkommens \u00fcber den Europ\u00e4ischen Wirtschaftsraum gek\u00fcrzt. Die im Rahmen von Google Analytics von Ihrem Browser \u00fcbermittelte anonymisierte IP-Adresse wird nicht mit anderen Daten von Google zusammengef\u00fchrt. Nur in Ausnahmef\u00e4llen wird die volle IP-Adresse an einen Server von Google in den USA \u00fcbertragen und dort gek\u00fcrzt. In diesen F\u00e4llen stellen wir durch vertragliche Garantien sicher, dass Google Inc. ein ausreichendes Datenschutzniveau einh\u00e4lt. Gem\u00e4ss Google Inc. wird in keinem Fall die IP-Adresse mit anderen den Nutzer betreffenden Daten in Verbindung gebracht werden.Weitere Informationen \u00fcber den genutzten Webanalyse-Dienst finden Sie auf der Website von Google Analytics. Eine Anleitung, wie sie die Verarbeitung ihrer Daten durch den Webanalyse-Dienst verhindern k\u00f6nnen, finden Sie unter http:\/\/tools.google.com\/dlpage\/gaoptout?hl=de.<\/p>\n<h3 class=\"cms-element-text\">Hinweis zu Daten\u00fcbermittlungen in die USA<\/h3>\n<\/div>\n<\/div>\n<\/div>\n<\/div>\n<\/div>\n<\/div>\n<\/div>\n<\/div>\n<\/div>\n<div class=\"container-main\">\n<div class=\"cms-page\">\n<div class=\"cms-sections\">\n<div class=\"cms-section pos-0 cms-section-default\">\n<div class=\"cms-section-default boxed\">\n<div class=\"cms-block pos-0 cms-block-text\">\n<div class=\"cms-block-container\">\n<div class=\"cms-block-container-row row cms-row \">\n<div class=\"col-12\" data-cms-element-id=\"7f249b0366664bc186bc87541bfaae1e\">\n<div class=\"cms-element-text\">Aus Gr\u00fcnden der Vollst\u00e4ndigkeit weisen wir f\u00fcr Nutzer mit Wohnsitz oder Sitz in der Schweiz darauf hin, dass in den USA \u00dcberwachungsmassnahmen von US-Beh\u00f6rden bestehen, die generell die Speicherung aller personenbezogenen Daten s\u00e4mtlicher Personen, deren Daten aus der Schweiz in die USA \u00fcbermittelt wurden, erm\u00f6glicht. Dies geschieht ohne Differenzierung, Einschr\u00e4nkung oder Ausnahme anhand des verfolgten Ziels und ohne ein objektives Kriterium, das es erm\u00f6glicht, den Zugang der US-Beh\u00f6rden zu den Daten und deren sp\u00e4tere Nutzung auf ganz bestimmte, strikt begrenzte Zwecke zu beschr\u00e4nken, die den sowohl mit dem Zugang zu diesen Daten als auch mit deren Nutzung verbundenen Eingriff zu rechtfertigen verm\u00f6gen. Ausserdem weisen wir darauf hin, dass in den USA f\u00fcr die betroffenen Personen aus der Schweiz keine Rechtsbehelfe vorliegen, die es ihnen erlauben, Zugang zu den sie betreffenden Daten zu erhalten und deren Berichtigung oder L\u00f6schung zu erwirken, bzw. kein wirksamer gerichtlicher Rechtsschutz gegen generelle Zugriffsrechte von US-Beh\u00f6rden vorliegt. Wir weisen den Betroffenen explizit auf diese Rechts- und Sachlage hin, um eine entsprechend informierte Entscheidung zur Einwilligung in die Verwendung seiner Daten zu treffen.Nutzer mit Wohnsitz in einem Mitgliedstaat der EU weisen wir darauf hin, dass die USA aus Sicht der Europ\u00e4ischen Union \u2013 unter anderem aufgrund der in diesem Abschnitt genannten Themen \u2013 nicht \u00fcber ein ausreichendes Datenschutzniveau verf\u00fcgt. Soweit wir in dieser Datenschutzerkl\u00e4rung erl\u00e4utert haben, dass Empf\u00e4nger von Daten (wie z.B. Google) ihren Sitz in den USA haben, werden wir entweder durch vertragliche Regelungen zu diesen Unternehmen oder durch die Sicherstellung der Zertifizierung dieser Unternehmen unter dem EU- bzw. Swiss-US-Privacy Schild sicherstellen, dass Ihre Daten bei unseren Partnern mit einem angemessenen Niveau gesch\u00fctzt sind.<\/p>\n<h3>Recht auf Auskunft, Berichtigung, L\u00f6schung und Einschr\u00e4nkung der Verarbeitung<b><br \/>\n<\/b><\/h3>\n<p>Sie haben das Recht, \u00fcber die personenbezogenen Daten, die von uns \u00fcber Sie gespeichert werden, auf Antrag Auskunft zu erhalten. Zus\u00e4tzlich haben Sie das Recht auf Berichtigung unrichtiger Daten und das Recht auf L\u00f6schung Ihrer personenbezogenen Daten, soweit dem keine gesetzliche Aufbewahrungspflicht oder ein Erlaubnistatbestand, der uns die Verarbeitung der Daten gestattet, entgegensteht.Sie k\u00f6nnen uns f\u00fcr die vorgenannten Zwecke \u00fcber die E-Mail-Adresse info@Just4motion.ch erreichen. F\u00fcr die Bearbeitung Ihrer Gesuche k\u00f6nnen wir, nach eigenem Ermessen, einen Identit\u00e4tsnachweis verlangen.<\/p>\n<h3>Datensicherheit<\/h3>\n<p>Wir bedienen uns geeigneter technischer und organisatorischer Sicherheitsmassnahmen, um Ihre bei uns gespeicherten pers\u00f6nlichen Daten gegen Manipulation, teilweisen oder vollst\u00e4ndigen Verlust und gegen unbefugten Zugriff Dritter zu sch\u00fctzen. Unsere Sicherheitsmassnahmen werden entsprechend der technologischen Entwicklung fortlaufend verbessert.Sie sollten Ihre Zugangsdaten stets vertraulich behandeln und das Browserfenster schliessen, wenn Sie die Kommunikation mit uns beendet haben, insbesondere wenn Sie den Computer gemeinsam mit anderen nutzen. Auch den unternehmensinternen Datenschutz nehmen wir sehr ernst. Unsere Mitarbeiter und die von uns beauftragten Dienstleistungsunternehmen sind von uns zur Verschwiegenheit und zur Einhaltung der datenschutzrechtlichen Bestimmungen verpflichtet worden.<\/p>\n<h3>Aufbewahrung von Daten<b><br \/>\n<\/b><\/h3>\n<p>Wir speichern personenbezogene Daten nur so lange, wie es erforderlich ist, um die oben genannten Tracking- und Analysedienste sowie die weiteren Bearbeitungen im Rahmen unseres berechtigten Interesses zu verwenden. Vertragsdaten werden von uns l\u00e4nger aufbewahrt, da dies durch gesetzliche Aufbewahrungspflichten vorgeschrieben ist. Aufbewahrungspflichten, die uns zur Aufbewahrung von Daten verpflichten, ergeben sich aus Vorschriften der Rechnungslegung und aus steuerrechtlichen Vorschriften. Gem\u00e4ss diesen Vorschriften sind gesch\u00e4ftliche Kommunikation, geschlossene Vertr\u00e4ge und Buchungsbelege bis zu 10 Jahren aufzubewahren. Soweit wir diese Daten nicht mehr zur Durchf\u00fchrung der Dienstleistungen f\u00fcr Sie ben\u00f6tigen, werden die Daten gesperrt. Dies bedeutet, dass die Daten dann nur noch f\u00fcr Zwecke der Rechnungslegung und f\u00fcr Steuerzwecke verwendet werden d\u00fcrfen.Recht auf Beschwerde bei einer Datenschutz \u00adAufsichtsbeh\u00f6rde.Sie haben das Recht, sich jederzeit bei einer Datenschutzaufsichtsbeh\u00f6rde zu beschweren.<\/p>\n<h3>Partner Shops<\/h3>\n<p><a href=\"https:\/\/www.mgpscooter.ch\/\" target=\"_blank\" rel=\"noreferrer noopener\">www.mgpscooter.ch<\/a><\/div>\n<div class=\"cms-element-text\"><a href=\"https:\/\/www.scoot-and-ride.ch\/\" target=\"_blank\" rel=\"noreferrer noopener\">www.scoot-and-ride.ch<\/a><\/div>\n<\/div>\n<\/div>\n<\/div>\n<\/div>\n<\/div>\n<\/div>\n<\/div>\n<\/div>\n<\/div>\n","protected":false},"excerpt":{"rendered":"<p>JUST4MOTION AG, Seepark 6, 6362 Stansstad, ist Betreiber\/in der Website www.globber-scooter.ch und der darauf angebotenen Dienste und somit verantwortlich f\u00fcr die Erhebung, Verarbeitung und Nutzung Ihrer pers\u00f6nlichen Daten und die Vereinbarkeit der Datenbearbeitung mit dem anwendbaren Datenschutzrecht.Ihr Vertrauen ist uns wichtig, darum nehmen wir das Thema Datenschutz ernst und achten auf entsprechende Sicherheit. Selbstverst\u00e4ndlich beachten [&hellip;]<\/p>\n","protected":false},"author":48,"featured_media":0,"parent":0,"menu_order":0,"comment_status":"closed","ping_status":"closed","template":"","meta":{"_acf_changed":false,"inline_featured_image":false,"footnotes":""},"class_list":["post-3","page","type-page","status-publish","hentry"],"acf":[],"yoast_head":"<!-- This site is optimized with the Yoast SEO Premium plugin v20.12 (Yoast SEO v23.4) - https:\/\/yoast.com\/wordpress\/plugins\/seo\/ -->\n<title>Datenschutz - Globber Scooter Schweiz<\/title>\n<meta name=\"robots\" content=\"noindex, nofollow\" \/>\n<meta property=\"og:locale\" content=\"de_DE\" \/>\n<meta property=\"og:type\" content=\"article\" \/>\n<meta property=\"og:title\" content=\"Datenschutz - Globber Scooter Schweiz\" \/>\n<meta property=\"og:description\" content=\"JUST4MOTION AG, Seepark 6, 6362 Stansstad, ist Betreiber\/in der Website www.globber-scooter.ch und der darauf angebotenen Dienste und somit verantwortlich f\u00fcr die Erhebung, Verarbeitung und Nutzung Ihrer pers\u00f6nlichen Daten und die Vereinbarkeit der Datenbearbeitung mit dem anwendbaren Datenschutzrecht.Ihr Vertrauen ist uns wichtig, darum nehmen wir das Thema Datenschutz ernst und achten auf entsprechende Sicherheit. Selbstverst\u00e4ndlich beachten [&hellip;]\" \/>\n<meta property=\"og:url\" content=\"https:\/\/www.globber.com\/ch\/de\/datenschutz\/\" \/>\n<meta property=\"og:site_name\" content=\"Globber Scooter Schweiz\" \/>\n<meta property=\"article:modified_time\" content=\"2025-06-27T13:07:22+00:00\" \/>\n<meta name=\"twitter:card\" content=\"summary_large_image\" \/>\n<meta name=\"twitter:label1\" content=\"Gesch\u00e4tzte Lesezeit\" \/>\n\t<meta name=\"twitter:data1\" content=\"17 Minuten\" \/>\n<script type=\"application\/ld+json\" class=\"yoast-schema-graph\">{\"@context\":\"https:\/\/schema.org\",\"@graph\":[{\"@type\":\"WebPage\",\"@id\":\"https:\/\/www.globber.com\/ch\/de\/datenschutz\/\",\"url\":\"https:\/\/www.globber.com\/ch\/de\/datenschutz\/\",\"name\":\"Datenschutz - Globber Scooter Schweiz\",\"isPartOf\":{\"@id\":\"https:\/\/www.globber.com\/ch\/fr\/#website\"},\"datePublished\":\"2022-08-01T10:50:25+00:00\",\"dateModified\":\"2025-06-27T13:07:22+00:00\",\"inLanguage\":\"de-CH\",\"potentialAction\":[{\"@type\":\"ReadAction\",\"target\":[\"https:\/\/www.globber.com\/ch\/de\/datenschutz\/\"]}]},{\"@type\":\"WebSite\",\"@id\":\"https:\/\/www.globber.com\/ch\/fr\/#website\",\"url\":\"https:\/\/www.globber.com\/ch\/fr\/\",\"name\":\"Globber Scooter Schweiz\",\"description\":\"Der offizielle Online Shop\",\"publisher\":{\"@id\":\"https:\/\/www.globber.com\/ch\/fr\/#organization\"},\"potentialAction\":[{\"@type\":\"SearchAction\",\"target\":{\"@type\":\"EntryPoint\",\"urlTemplate\":\"https:\/\/www.globber.com\/ch\/fr\/?s={search_term_string}\"},\"query-input\":{\"@type\":\"PropertyValueSpecification\",\"valueRequired\":true,\"valueName\":\"search_term_string\"}}],\"inLanguage\":\"de-CH\"},{\"@type\":\"Organization\",\"@id\":\"https:\/\/www.globber.com\/ch\/fr\/#organization\",\"name\":\"Globber Scooter Schweiz\",\"url\":\"https:\/\/www.globber.com\/ch\/fr\/\",\"logo\":{\"@type\":\"ImageObject\",\"inLanguage\":\"de-CH\",\"@id\":\"https:\/\/www.globber.com\/ch\/fr\/#\/schema\/logo\/image\/\",\"url\":\"https:\/\/cdn.globber.com\/content\/2024\/05\/logo.svg\",\"contentUrl\":\"https:\/\/cdn.globber.com\/content\/2024\/05\/logo.svg\",\"width\":601,\"height\":112,\"caption\":\"Globber Scooter Schweiz\"},\"image\":{\"@id\":\"https:\/\/www.globber.com\/ch\/fr\/#\/schema\/logo\/image\/\"}}]}<\/script>\n<!-- \/ Yoast SEO Premium plugin. -->","yoast_head_json":{"title":"Datenschutz - Globber Scooter Schweiz","robots":{"index":"noindex","follow":"nofollow"},"og_locale":"de_DE","og_type":"article","og_title":"Datenschutz - Globber Scooter Schweiz","og_description":"JUST4MOTION AG, Seepark 6, 6362 Stansstad, ist Betreiber\/in der Website www.globber-scooter.ch und der darauf angebotenen Dienste und somit verantwortlich f\u00fcr die Erhebung, Verarbeitung und Nutzung Ihrer pers\u00f6nlichen Daten und die Vereinbarkeit der Datenbearbeitung mit dem anwendbaren Datenschutzrecht.Ihr Vertrauen ist uns wichtig, darum nehmen wir das Thema Datenschutz ernst und achten auf entsprechende Sicherheit. Selbstverst\u00e4ndlich beachten [&hellip;]","og_url":"https:\/\/www.globber.com\/ch\/de\/datenschutz\/","og_site_name":"Globber Scooter Schweiz","article_modified_time":"2025-06-27T13:07:22+00:00","twitter_card":"summary_large_image","twitter_misc":{"Gesch\u00e4tzte Lesezeit":"17 Minuten"},"schema":{"@context":"https:\/\/schema.org","@graph":[{"@type":"WebPage","@id":"https:\/\/www.globber.com\/ch\/de\/datenschutz\/","url":"https:\/\/www.globber.com\/ch\/de\/datenschutz\/","name":"Datenschutz - Globber Scooter Schweiz","isPartOf":{"@id":"https:\/\/www.globber.com\/ch\/fr\/#website"},"datePublished":"2022-08-01T10:50:25+00:00","dateModified":"2025-06-27T13:07:22+00:00","inLanguage":"de-CH","potentialAction":[{"@type":"ReadAction","target":["https:\/\/www.globber.com\/ch\/de\/datenschutz\/"]}]},{"@type":"WebSite","@id":"https:\/\/www.globber.com\/ch\/fr\/#website","url":"https:\/\/www.globber.com\/ch\/fr\/","name":"Globber Scooter Schweiz","description":"Der offizielle Online Shop","publisher":{"@id":"https:\/\/www.globber.com\/ch\/fr\/#organization"},"potentialAction":[{"@type":"SearchAction","target":{"@type":"EntryPoint","urlTemplate":"https:\/\/www.globber.com\/ch\/fr\/?s={search_term_string}"},"query-input":{"@type":"PropertyValueSpecification","valueRequired":true,"valueName":"search_term_string"}}],"inLanguage":"de-CH"},{"@type":"Organization","@id":"https:\/\/www.globber.com\/ch\/fr\/#organization","name":"Globber Scooter Schweiz","url":"https:\/\/www.globber.com\/ch\/fr\/","logo":{"@type":"ImageObject","inLanguage":"de-CH","@id":"https:\/\/www.globber.com\/ch\/fr\/#\/schema\/logo\/image\/","url":"https:\/\/cdn.globber.com\/content\/2024\/05\/logo.svg","contentUrl":"https:\/\/cdn.globber.com\/content\/2024\/05\/logo.svg","width":601,"height":112,"caption":"Globber Scooter Schweiz"},"image":{"@id":"https:\/\/www.globber.com\/ch\/fr\/#\/schema\/logo\/image\/"}}]}},"_links":{"self":[{"href":"https:\/\/www.globber.com\/ch\/de\/wp-json\/wp\/v2\/pages\/3","targetHints":{"allow":["GET"]}}],"collection":[{"href":"https:\/\/www.globber.com\/ch\/de\/wp-json\/wp\/v2\/pages"}],"about":[{"href":"https:\/\/www.globber.com\/ch\/de\/wp-json\/wp\/v2\/types\/page"}],"author":[{"embeddable":true,"href":"https:\/\/www.globber.com\/ch\/de\/wp-json\/wp\/v2\/users\/48"}],"replies":[{"embeddable":true,"href":"https:\/\/www.globber.com\/ch\/de\/wp-json\/wp\/v2\/comments?post=3"}],"version-history":[{"count":0,"href":"https:\/\/www.globber.com\/ch\/de\/wp-json\/wp\/v2\/pages\/3\/revisions"}],"wp:attachment":[{"href":"https:\/\/www.globber.com\/ch\/de\/wp-json\/wp\/v2\/media?parent=3"}],"curies":[{"name":"wp","href":"https:\/\/api.w.org\/{rel}","templated":true}]}}