{"id":553,"date":"2022-10-17T02:08:40","date_gmt":"2022-10-17T02:08:40","guid":{"rendered":"http:\/\/staging.globberscooter.com\/ch\/?page_id=553"},"modified":"2024-11-12T08:11:26","modified_gmt":"2024-11-12T08:11:26","slug":"laden-finder","status":"publish","type":"page","link":"https:\/\/www.globber.com\/ch\/de\/laden-finder\/","title":{"rendered":"Filialsuche"},"content":{"rendered":"<p><strong>Sie k\u00f6nnen keine Filiale in Ihrer N\u00e4he finden? <a href=\"https:\/\/link.globber.com\/contact\">Kontaktieren Sie uns f\u00fcr weitere Informationen<\/a><\/strong><\/p>\n","protected":false},"excerpt":{"rendered":"<p>Sie k\u00f6nnen keine Filiale in Ihrer N\u00e4he finden? Kontaktieren Sie uns f\u00fcr weitere Informationen<\/p>\n","protected":false},"author":47,"featured_media":555,"parent":0,"menu_order":0,"comment_status":"closed","ping_status":"closed","template":"templates\/store-locator.php","meta":{"_acf_changed":false,"inline_featured_image":false,"footnotes":""},"class_list":["post-553","page","type-page","status-publish","has-post-thumbnail","hentry"],"acf":[],"yoast_head":"<!-- This site is optimized with the Yoast SEO Premium plugin v20.12 (Yoast SEO v23.4) - https:\/\/yoast.com\/wordpress\/plugins\/seo\/ -->\n<title>Filialsuche - Globber Scooter Schweiz<\/title>\n<meta name=\"description\" content=\"Find your nearest store!\" \/>\n<meta name=\"robots\" content=\"index, follow, max-snippet:-1, max-image-preview:large, max-video-preview:-1\" \/>\n<link rel=\"canonical\" href=\"https:\/\/www.globber.com\/ch\/de\/laden-finder\/\" \/>\n<meta property=\"og:locale\" content=\"de_DE\" \/>\n<meta property=\"og:type\" content=\"article\" \/>\n<meta property=\"og:title\" content=\"Filialsuche - Globber Scooter Schweiz\" \/>\n<meta property=\"og:description\" content=\"Find your nearest store!\" \/>\n<meta property=\"og:url\" content=\"https:\/\/www.globber.com\/ch\/de\/laden-finder\/\" \/>\n<meta property=\"og:site_name\" content=\"Globber Scooter Schweiz\" \/>\n<meta property=\"article:modified_time\" content=\"2024-11-12T08:11:26+00:00\" \/>\n<meta property=\"og:image\" content=\"https:\/\/cdn.globber.com\/content\/2022\/10\/EN_ONE-NL_PFP_USP-opt2-1645688491.jpg\" \/>\n\t<meta property=\"og:image:width\" content=\"1920\" \/>\n\t<meta property=\"og:image:height\" content=\"337\" \/>\n\t<meta property=\"og:image:type\" content=\"image\/jpeg\" \/>\n<meta name=\"twitter:card\" content=\"summary_large_image\" \/>\n<meta name=\"twitter:label1\" content=\"Gesch\u00e4tzte Lesezeit\" \/>\n\t<meta name=\"twitter:data1\" content=\"1 Minute\" \/>\n<script type=\"application\/ld+json\" class=\"yoast-schema-graph\">{\"@context\":\"https:\/\/schema.org\",\"@graph\":[{\"@type\":\"WebPage\",\"@id\":\"https:\/\/www.globber.com\/ch\/de\/laden-finder\/\",\"url\":\"https:\/\/www.globber.com\/ch\/de\/laden-finder\/\",\"name\":\"Filialsuche - Globber Scooter Schweiz\",\"isPartOf\":{\"@id\":\"https:\/\/www.globber.com\/ch\/fr\/#website\"},\"primaryImageOfPage\":{\"@id\":\"https:\/\/www.globber.com\/ch\/de\/laden-finder\/#primaryimage\"},\"image\":{\"@id\":\"https:\/\/www.globber.com\/ch\/de\/laden-finder\/#primaryimage\"},\"thumbnailUrl\":\"https:\/\/cdn.globber.com\/content\/2022\/10\/EN_ONE-NL_PFP_USP-opt2-1645688491.jpg\",\"datePublished\":\"2022-10-17T02:08:40+00:00\",\"dateModified\":\"2024-11-12T08:11:26+00:00\",\"description\":\"Find your nearest store!\",\"inLanguage\":\"de-CH\",\"potentialAction\":[{\"@type\":\"ReadAction\",\"target\":[\"https:\/\/www.globber.com\/ch\/de\/laden-finder\/\"]}]},{\"@type\":\"ImageObject\",\"inLanguage\":\"de-CH\",\"@id\":\"https:\/\/www.globber.com\/ch\/de\/laden-finder\/#primaryimage\",\"url\":\"https:\/\/cdn.globber.com\/content\/2022\/10\/EN_ONE-NL_PFP_USP-opt2-1645688491.jpg\",\"contentUrl\":\"https:\/\/cdn.globber.com\/content\/2022\/10\/EN_ONE-NL_PFP_USP-opt2-1645688491.jpg\",\"width\":1920,\"height\":337},{\"@type\":\"WebSite\",\"@id\":\"https:\/\/www.globber.com\/ch\/fr\/#website\",\"url\":\"https:\/\/www.globber.com\/ch\/fr\/\",\"name\":\"Globber Scooter Schweiz\",\"description\":\"Der offizielle Online Shop\",\"publisher\":{\"@id\":\"https:\/\/www.globber.com\/ch\/fr\/#organization\"},\"potentialAction\":[{\"@type\":\"SearchAction\",\"target\":{\"@type\":\"EntryPoint\",\"urlTemplate\":\"https:\/\/www.globber.com\/ch\/fr\/?s={search_term_string}\"},\"query-input\":{\"@type\":\"PropertyValueSpecification\",\"valueRequired\":true,\"valueName\":\"search_term_string\"}}],\"inLanguage\":\"de-CH\"},{\"@type\":\"Organization\",\"@id\":\"https:\/\/www.globber.com\/ch\/fr\/#organization\",\"name\":\"Globber Scooter Schweiz\",\"url\":\"https:\/\/www.globber.com\/ch\/fr\/\",\"logo\":{\"@type\":\"ImageObject\",\"inLanguage\":\"de-CH\",\"@id\":\"https:\/\/www.globber.com\/ch\/fr\/#\/schema\/logo\/image\/\",\"url\":\"https:\/\/cdn.globber.com\/content\/2024\/05\/logo.svg\",\"contentUrl\":\"https:\/\/cdn.globber.com\/content\/2024\/05\/logo.svg\",\"width\":601,\"height\":112,\"caption\":\"Globber Scooter Schweiz\"},\"image\":{\"@id\":\"https:\/\/www.globber.com\/ch\/fr\/#\/schema\/logo\/image\/\"}}]}<\/script>\n<!-- \/ Yoast SEO Premium plugin. -->","yoast_head_json":{"title":"Filialsuche - Globber Scooter Schweiz","description":"Find your nearest store!","robots":{"index":"index","follow":"follow","max-snippet":"max-snippet:-1","max-image-preview":"max-image-preview:large","max-video-preview":"max-video-preview:-1"},"canonical":"https:\/\/www.globber.com\/ch\/de\/laden-finder\/","og_locale":"de_DE","og_type":"article","og_title":"Filialsuche - Globber Scooter Schweiz","og_description":"Find your nearest store!","og_url":"https:\/\/www.globber.com\/ch\/de\/laden-finder\/","og_site_name":"Globber Scooter Schweiz","article_modified_time":"2024-11-12T08:11:26+00:00","og_image":[{"width":1920,"height":337,"url":"https:\/\/cdn.globber.com\/content\/2022\/10\/EN_ONE-NL_PFP_USP-opt2-1645688491.jpg","type":"image\/jpeg"}],"twitter_card":"summary_large_image","twitter_misc":{"Gesch\u00e4tzte Lesezeit":"1 Minute"},"schema":{"@context":"https:\/\/schema.org","@graph":[{"@type":"WebPage","@id":"https:\/\/www.globber.com\/ch\/de\/laden-finder\/","url":"https:\/\/www.globber.com\/ch\/de\/laden-finder\/","name":"Filialsuche - Globber Scooter Schweiz","isPartOf":{"@id":"https:\/\/www.globber.com\/ch\/fr\/#website"},"primaryImageOfPage":{"@id":"https:\/\/www.globber.com\/ch\/de\/laden-finder\/#primaryimage"},"image":{"@id":"https:\/\/www.globber.com\/ch\/de\/laden-finder\/#primaryimage"},"thumbnailUrl":"https:\/\/cdn.globber.com\/content\/2022\/10\/EN_ONE-NL_PFP_USP-opt2-1645688491.jpg","datePublished":"2022-10-17T02:08:40+00:00","dateModified":"2024-11-12T08:11:26+00:00","description":"Find your nearest store!","inLanguage":"de-CH","potentialAction":[{"@type":"ReadAction","target":["https:\/\/www.globber.com\/ch\/de\/laden-finder\/"]}]},{"@type":"ImageObject","inLanguage":"de-CH","@id":"https:\/\/www.globber.com\/ch\/de\/laden-finder\/#primaryimage","url":"https:\/\/cdn.globber.com\/content\/2022\/10\/EN_ONE-NL_PFP_USP-opt2-1645688491.jpg","contentUrl":"https:\/\/cdn.globber.com\/content\/2022\/10\/EN_ONE-NL_PFP_USP-opt2-1645688491.jpg","width":1920,"height":337},{"@type":"WebSite","@id":"https:\/\/www.globber.com\/ch\/fr\/#website","url":"https:\/\/www.globber.com\/ch\/fr\/","name":"Globber Scooter Schweiz","description":"Der offizielle Online Shop","publisher":{"@id":"https:\/\/www.globber.com\/ch\/fr\/#organization"},"potentialAction":[{"@type":"SearchAction","target":{"@type":"EntryPoint","urlTemplate":"https:\/\/www.globber.com\/ch\/fr\/?s={search_term_string}"},"query-input":{"@type":"PropertyValueSpecification","valueRequired":true,"valueName":"search_term_string"}}],"inLanguage":"de-CH"},{"@type":"Organization","@id":"https:\/\/www.globber.com\/ch\/fr\/#organization","name":"Globber Scooter Schweiz","url":"https:\/\/www.globber.com\/ch\/fr\/","logo":{"@type":"ImageObject","inLanguage":"de-CH","@id":"https:\/\/www.globber.com\/ch\/fr\/#\/schema\/logo\/image\/","url":"https:\/\/cdn.globber.com\/content\/2024\/05\/logo.svg","contentUrl":"https:\/\/cdn.globber.com\/content\/2024\/05\/logo.svg","width":601,"height":112,"caption":"Globber Scooter Schweiz"},"image":{"@id":"https:\/\/www.globber.com\/ch\/fr\/#\/schema\/logo\/image\/"}}]}},"_links":{"self":[{"href":"https:\/\/www.globber.com\/ch\/de\/wp-json\/wp\/v2\/pages\/553","targetHints":{"allow":["GET"]}}],"collection":[{"href":"https:\/\/www.globber.com\/ch\/de\/wp-json\/wp\/v2\/pages"}],"about":[{"href":"https:\/\/www.globber.com\/ch\/de\/wp-json\/wp\/v2\/types\/page"}],"author":[{"embeddable":true,"href":"https:\/\/www.globber.com\/ch\/de\/wp-json\/wp\/v2\/users\/47"}],"replies":[{"embeddable":true,"href":"https:\/\/www.globber.com\/ch\/de\/wp-json\/wp\/v2\/comments?post=553"}],"version-history":[{"count":0,"href":"https:\/\/www.globber.com\/ch\/de\/wp-json\/wp\/v2\/pages\/553\/revisions"}],"wp:featuredmedia":[{"embeddable":true,"href":"https:\/\/www.globber.com\/ch\/de\/wp-json\/wp\/v2\/media\/555"}],"wp:attachment":[{"href":"https:\/\/www.globber.com\/ch\/de\/wp-json\/wp\/v2\/media?parent=553"}],"curies":[{"name":"wp","href":"https:\/\/api.w.org\/{rel}","templated":true}]}}