{"id":6,"date":"2022-08-01T10:54:59","date_gmt":"2022-08-01T10:54:59","guid":{"rendered":"http:\/\/staging.globberscooter.com\/ch\/shop\/"},"modified":"2024-11-14T08:40:24","modified_gmt":"2024-11-14T08:40:24","slug":"shop-nach-produkt","status":"publish","type":"page","link":"https:\/\/www.globber.com\/ch\/de\/shop-nach-produkt\/","title":{"rendered":"Alle Produkte"},"content":{"rendered":"<p>Entdecke die Welt auf R\u00e4dern mit Globber! St\u00f6bere in Rollern f\u00fcr alle Altersgruppen, von Baby-Dreir\u00e4dern, Balance-Bikes und Scootern mit Sitz bis hin zu 3-Rad-Rollern, 2-Rad-Rollern, kompletten Stunt-Scootern und Elektrorollern. Bewegen Sie sich und fahren Sie los!<\/p>\n","protected":false},"excerpt":{"rendered":"<p>Entdecke die Welt auf R\u00e4dern mit Globber! St\u00f6bere in Rollern f\u00fcr alle Altersgruppen, von Baby-Dreir\u00e4dern, Balance-Bikes und Scootern mit Sitz bis hin zu 3-Rad-Rollern, 2-Rad-Rollern, kompletten Stunt-Scootern und Elektrorollern. Bewegen Sie sich und fahren Sie los!<\/p>\n","protected":false},"author":47,"featured_media":9601,"parent":0,"menu_order":0,"comment_status":"closed","ping_status":"closed","template":"","meta":{"_acf_changed":false,"inline_featured_image":false,"footnotes":""},"class_list":["post-6","page","type-page","status-publish","has-post-thumbnail","hentry"],"acf":[],"yoast_head":"<!-- This site is optimized with the Yoast SEO Premium plugin v20.12 (Yoast SEO v23.4) - https:\/\/yoast.com\/wordpress\/plugins\/seo\/ -->\n<title>Scooters for All Ages - Globber<\/title>\n<meta name=\"description\" content=\"Explore a world on wheels with Globber! Browse baby trikes, balance bikes, and scooters for toddlers, kids, teens, and adults to get moving and get scooting!\" \/>\n<meta name=\"robots\" content=\"index, follow, max-snippet:-1, max-image-preview:large, max-video-preview:-1\" \/>\n<link rel=\"canonical\" href=\"https:\/\/www.globber.com\/ch\/de\/shop-nach-produkt\/\" \/>\n<meta property=\"og:locale\" content=\"de_DE\" \/>\n<meta property=\"og:type\" content=\"article\" \/>\n<meta property=\"og:title\" content=\"Scooters for All Ages - Globber\" \/>\n<meta property=\"og:description\" content=\"Explore a world on wheels with Globber! Browse baby trikes, balance bikes, and scooters for toddlers, kids, teens, and adults to get moving and get scooting!\" \/>\n<meta property=\"og:url\" content=\"https:\/\/www.globber.com\/ch\/de\/shop-nach-produkt\/\" \/>\n<meta property=\"og:site_name\" content=\"Globber Scooter Schweiz\" \/>\n<meta property=\"article:modified_time\" content=\"2024-11-14T08:40:24+00:00\" \/>\n<meta property=\"og:image\" content=\"https:\/\/cdn.globber.com\/content\/2023\/01\/Globber-the-world-on-wheels.jpg\" \/>\n\t<meta property=\"og:image:width\" content=\"1080\" \/>\n\t<meta property=\"og:image:height\" content=\"1080\" \/>\n\t<meta property=\"og:image:type\" content=\"image\/jpeg\" \/>\n<meta name=\"twitter:card\" content=\"summary_large_image\" \/>\n<meta name=\"twitter:label1\" content=\"Gesch\u00e4tzte Lesezeit\" \/>\n\t<meta name=\"twitter:data1\" content=\"1 Minute\" \/>\n<script type=\"application\/ld+json\" class=\"yoast-schema-graph\">{\"@context\":\"https:\/\/schema.org\",\"@graph\":[{\"@type\":\"WebPage\",\"@id\":\"https:\/\/www.globber.com\/ch\/de\/shop-nach-produkt\/\",\"url\":\"https:\/\/www.globber.com\/ch\/de\/shop-nach-produkt\/\",\"name\":\"Scooters for All Ages - Globber\",\"isPartOf\":{\"@id\":\"https:\/\/www.globber.com\/ch\/fr\/#website\"},\"primaryImageOfPage\":{\"@id\":\"https:\/\/www.globber.com\/ch\/de\/shop-nach-produkt\/#primaryimage\"},\"image\":{\"@id\":\"https:\/\/www.globber.com\/ch\/de\/shop-nach-produkt\/#primaryimage\"},\"thumbnailUrl\":\"https:\/\/cdn.globber.com\/content\/2023\/01\/Globber-the-world-on-wheels.jpg\",\"datePublished\":\"2022-08-01T10:54:59+00:00\",\"dateModified\":\"2024-11-14T08:40:24+00:00\",\"description\":\"Explore a world on wheels with Globber! Browse baby trikes, balance bikes, and scooters for toddlers, kids, teens, and adults to get moving and get scooting!\",\"inLanguage\":\"de-CH\",\"potentialAction\":[{\"@type\":\"ReadAction\",\"target\":[\"https:\/\/www.globber.com\/ch\/de\/shop-nach-produkt\/\"]}]},{\"@type\":\"ImageObject\",\"inLanguage\":\"de-CH\",\"@id\":\"https:\/\/www.globber.com\/ch\/de\/shop-nach-produkt\/#primaryimage\",\"url\":\"https:\/\/cdn.globber.com\/content\/2023\/01\/Globber-the-world-on-wheels.jpg\",\"contentUrl\":\"https:\/\/cdn.globber.com\/content\/2023\/01\/Globber-the-world-on-wheels.jpg\",\"width\":1080,\"height\":1080,\"caption\":\"Globber The World On Wheels\"},{\"@type\":\"WebSite\",\"@id\":\"https:\/\/www.globber.com\/ch\/fr\/#website\",\"url\":\"https:\/\/www.globber.com\/ch\/fr\/\",\"name\":\"Globber Scooter Schweiz\",\"description\":\"Der offizielle Online Shop\",\"publisher\":{\"@id\":\"https:\/\/www.globber.com\/ch\/fr\/#organization\"},\"potentialAction\":[{\"@type\":\"SearchAction\",\"target\":{\"@type\":\"EntryPoint\",\"urlTemplate\":\"https:\/\/www.globber.com\/ch\/fr\/?s={search_term_string}\"},\"query-input\":{\"@type\":\"PropertyValueSpecification\",\"valueRequired\":true,\"valueName\":\"search_term_string\"}}],\"inLanguage\":\"de-CH\"},{\"@type\":\"Organization\",\"@id\":\"https:\/\/www.globber.com\/ch\/fr\/#organization\",\"name\":\"Globber Scooter Schweiz\",\"url\":\"https:\/\/www.globber.com\/ch\/fr\/\",\"logo\":{\"@type\":\"ImageObject\",\"inLanguage\":\"de-CH\",\"@id\":\"https:\/\/www.globber.com\/ch\/fr\/#\/schema\/logo\/image\/\",\"url\":\"https:\/\/cdn.globber.com\/content\/2024\/05\/logo.svg\",\"contentUrl\":\"https:\/\/cdn.globber.com\/content\/2024\/05\/logo.svg\",\"width\":601,\"height\":112,\"caption\":\"Globber Scooter Schweiz\"},\"image\":{\"@id\":\"https:\/\/www.globber.com\/ch\/fr\/#\/schema\/logo\/image\/\"}}]}<\/script>\n<!-- \/ Yoast SEO Premium plugin. -->","yoast_head_json":{"title":"Scooters for All Ages - Globber","description":"Explore a world on wheels with Globber! Browse baby trikes, balance bikes, and scooters for toddlers, kids, teens, and adults to get moving and get scooting!","robots":{"index":"index","follow":"follow","max-snippet":"max-snippet:-1","max-image-preview":"max-image-preview:large","max-video-preview":"max-video-preview:-1"},"canonical":"https:\/\/www.globber.com\/ch\/de\/shop-nach-produkt\/","og_locale":"de_DE","og_type":"article","og_title":"Scooters for All Ages - Globber","og_description":"Explore a world on wheels with Globber! Browse baby trikes, balance bikes, and scooters for toddlers, kids, teens, and adults to get moving and get scooting!","og_url":"https:\/\/www.globber.com\/ch\/de\/shop-nach-produkt\/","og_site_name":"Globber Scooter Schweiz","article_modified_time":"2024-11-14T08:40:24+00:00","og_image":[{"width":1080,"height":1080,"url":"https:\/\/cdn.globber.com\/content\/2023\/01\/Globber-the-world-on-wheels.jpg","type":"image\/jpeg"}],"twitter_card":"summary_large_image","twitter_misc":{"Gesch\u00e4tzte Lesezeit":"1 Minute"},"schema":{"@context":"https:\/\/schema.org","@graph":[{"@type":"WebPage","@id":"https:\/\/www.globber.com\/ch\/de\/shop-nach-produkt\/","url":"https:\/\/www.globber.com\/ch\/de\/shop-nach-produkt\/","name":"Scooters for All Ages - Globber","isPartOf":{"@id":"https:\/\/www.globber.com\/ch\/fr\/#website"},"primaryImageOfPage":{"@id":"https:\/\/www.globber.com\/ch\/de\/shop-nach-produkt\/#primaryimage"},"image":{"@id":"https:\/\/www.globber.com\/ch\/de\/shop-nach-produkt\/#primaryimage"},"thumbnailUrl":"https:\/\/cdn.globber.com\/content\/2023\/01\/Globber-the-world-on-wheels.jpg","datePublished":"2022-08-01T10:54:59+00:00","dateModified":"2024-11-14T08:40:24+00:00","description":"Explore a world on wheels with Globber! Browse baby trikes, balance bikes, and scooters for toddlers, kids, teens, and adults to get moving and get scooting!","inLanguage":"de-CH","potentialAction":[{"@type":"ReadAction","target":["https:\/\/www.globber.com\/ch\/de\/shop-nach-produkt\/"]}]},{"@type":"ImageObject","inLanguage":"de-CH","@id":"https:\/\/www.globber.com\/ch\/de\/shop-nach-produkt\/#primaryimage","url":"https:\/\/cdn.globber.com\/content\/2023\/01\/Globber-the-world-on-wheels.jpg","contentUrl":"https:\/\/cdn.globber.com\/content\/2023\/01\/Globber-the-world-on-wheels.jpg","width":1080,"height":1080,"caption":"Globber The World On Wheels"},{"@type":"WebSite","@id":"https:\/\/www.globber.com\/ch\/fr\/#website","url":"https:\/\/www.globber.com\/ch\/fr\/","name":"Globber Scooter Schweiz","description":"Der offizielle Online Shop","publisher":{"@id":"https:\/\/www.globber.com\/ch\/fr\/#organization"},"potentialAction":[{"@type":"SearchAction","target":{"@type":"EntryPoint","urlTemplate":"https:\/\/www.globber.com\/ch\/fr\/?s={search_term_string}"},"query-input":{"@type":"PropertyValueSpecification","valueRequired":true,"valueName":"search_term_string"}}],"inLanguage":"de-CH"},{"@type":"Organization","@id":"https:\/\/www.globber.com\/ch\/fr\/#organization","name":"Globber Scooter Schweiz","url":"https:\/\/www.globber.com\/ch\/fr\/","logo":{"@type":"ImageObject","inLanguage":"de-CH","@id":"https:\/\/www.globber.com\/ch\/fr\/#\/schema\/logo\/image\/","url":"https:\/\/cdn.globber.com\/content\/2024\/05\/logo.svg","contentUrl":"https:\/\/cdn.globber.com\/content\/2024\/05\/logo.svg","width":601,"height":112,"caption":"Globber Scooter Schweiz"},"image":{"@id":"https:\/\/www.globber.com\/ch\/fr\/#\/schema\/logo\/image\/"}}]}},"_links":{"self":[{"href":"https:\/\/www.globber.com\/ch\/de\/wp-json\/wp\/v2\/pages\/6","targetHints":{"allow":["GET"]}}],"collection":[{"href":"https:\/\/www.globber.com\/ch\/de\/wp-json\/wp\/v2\/pages"}],"about":[{"href":"https:\/\/www.globber.com\/ch\/de\/wp-json\/wp\/v2\/types\/page"}],"author":[{"embeddable":true,"href":"https:\/\/www.globber.com\/ch\/de\/wp-json\/wp\/v2\/users\/47"}],"replies":[{"embeddable":true,"href":"https:\/\/www.globber.com\/ch\/de\/wp-json\/wp\/v2\/comments?post=6"}],"version-history":[{"count":0,"href":"https:\/\/www.globber.com\/ch\/de\/wp-json\/wp\/v2\/pages\/6\/revisions"}],"wp:featuredmedia":[{"embeddable":true,"href":"https:\/\/www.globber.com\/ch\/de\/wp-json\/wp\/v2\/media\/9601"}],"wp:attachment":[{"href":"https:\/\/www.globber.com\/ch\/de\/wp-json\/wp\/v2\/media?parent=6"}],"curies":[{"name":"wp","href":"https:\/\/api.w.org\/{rel}","templated":true}]}}