{"id":69,"date":"2022-08-01T21:11:08","date_gmt":"2022-08-01T21:11:08","guid":{"rendered":"http:\/\/staging.globberscooter.com\/ch\/?page_id=69"},"modified":"2025-06-27T13:58:39","modified_gmt":"2025-06-27T13:58:39","slug":"agb","status":"publish","type":"page","link":"https:\/\/www.globber.com\/ch\/de\/agb\/","title":{"rendered":"AGB"},"content":{"rendered":"<p><a href=\"https:\/\/www.globber.com\/ch\/\" target=\"_self\" rel=\"noreferrer noopener\">www.globber.com\/ch\/<\/a>\u00a0| Ein Onlineshop der Just4motion AG<\/p>\r\n<h3>Geltungsbereich<\/h3>\r\n<p>1.1. Die vorliegenden Allgemeinen Gesch\u00e4ftsbedingungen (nachfolgend \u201eAGB\u201c) gelten f\u00fcr alle Vertr\u00e4ge, die zwischen Ihnen (nachfolgend \u201eKunde\u201c) und Just4motion AG, Seepark 6 , 6362 Stansstad (nachfolgend \u201eGlobber Scooter\u201c oder \u201eVerk\u00e4uferin\u201c) abgeschlossen werden. Im Rahmen des Bestellvorgangs anerkennen Sie die AGB in der zum Zeitpunkt der Abgabe der Bestellung geltenden Fassung. Alle m\u00fcndlichen und telefonischen Abmachungen m\u00fcssen, umbindend zu sein, schriftlich best\u00e4tigt werden. Das Erfordernis der Schriftlichkeit ist auch dann erf\u00fcllt, wenn eine Erkl\u00e4rung in einer E-Mail enthalten ist.<\/p>\r\n<p>1.2. Unser Warenangebot richtet sich ausschliesslich an Kunden mit gew\u00f6hnlichem Aufenthalt und einer Lieferadresse in der Schweiz und Liechtenstein.<\/p>\r\n<h3>Produktangebot und Vertragsschluss<\/h3>\r\n<p>2.1. S\u00e4mtliche Angaben zu Produkten in unseren Katalogen oder auf unserer Website sind freibleibend. Das Angebot zum Abschluss eines Kaufvertrages geht vom Kunden aus. An die Bestellung bleibt der Kunde eine Woche gebunden. Der Vertrag kommt verbindlich zustande, wenn wir das Angebot des Kunden innert der Frist gem\u00e4ss Ziffer 2.3. annehmen.<\/p>\r\n<p>2.2. Nach Absenden einer Online-Bestellung erh\u00e4lt der Kunde eine automatisierte E-Mail an die angegebene E-Mail-Adresse mit der wir den Zugang der Bestellung bei uns best\u00e4tigen (Bestellbest\u00e4tigung). Die Bestellbest\u00e4tigung dient lediglich der Information, dass wir die Bestellung erhalten haben.<\/p>\r\n<p>2.3. Ein Vertrag kommt erst dann g\u00fcltig zustande, wenn wir die Vertragsannahme erkl\u00e4ren. Die Vertragsannahme erkl\u00e4ren wir, in dem wir dem Kunden eine Rechnung stellen, den Auftrag best\u00e4tigen (Auftragsbest\u00e4tigung), per E-Mail best\u00e4tigen, dass die Ware unser Lager verl\u00e4sst (Versandbest\u00e4tigung) oder sp\u00e4testens durch Auslieferung der Ware.\u00a0<\/p>\r\n<p>2.4. Der Vertrag kommt nur \u00fcber diejenigen Artikel zustande, die in unserer Rechnung, der Auftragsbest\u00e4tigung oder Versandbest\u00e4tigung ausdr\u00fccklich aufgef\u00fchrt sind. Daraus ergibt sich auch abschliessend der Leistungsumfang.<\/p>\r\n<p>2.5 Sofern der Kunde von einzelnen Produkten 10 oder mehr St\u00fcck bestellen will, ist er gebeten, sich mit der Just4motion AG bzw. der Vertretung von www.globber-scooter.ch in Verbindung zu setzen. Positionen, welche eine Bestellmenge von 10 St\u00fcck \u00fcberschreiten, nimmt Globber Scooter als Offertanfrage des Kunden entgegen. Globber Scooter kontaktiert den Kunden in der Folge bez\u00fcglich seiner Offertanfrage. Die Just4motion AG ist nicht verpflichtet dem Auftrag gerecht zu werden.<\/p>\r\n<h3>Preise und Zahlungsbedingungen<\/h3>\r\n<p>3.1. S\u00e4mtliche Preise sind brutto in Schweizer Franken (CHF) inkl. MwSt., gegebenenfalls vorgezogene Recyclinggeb\u00fchren und Urheberrechtsabgaben. \u00c4nderungen der auf der Website angegebenen Preise, Konditionen und Jahrg\u00e4nge sind vorbehalten, wobei als Stichtag der Tag der Bestellung gilt<\/p>\r\n<p>3.2. Allf\u00e4llige Transportkosten werden gesondert berechnet und zuvor dem Kunden mitgeteilt.\u00a0<\/p>\r\n<p>3.3. Die Zahlung des Kaufpreises erfolgt wahlweise mit einer der aufgef\u00fchrten Zahlungsmethoden auf www.globber-scooter.ch.<\/p>\r\n<p>3.4. S\u00e4mtliche elektronischen Zahlungsarten werden umgehend belastet.<\/p>\r\n<h3>Kauf auf Rechnung (Cembra)<\/h3>\r\n<p>Kauf auf Rechnung (inklusive Ratenzahlung) wird durch CembraPay AG abgewickelt. Es gelten die\u00a0<a href=\"https:\/\/cembrapay.ch\/de\/terms\/CP\" target=\"_blank\" rel=\"noopener\">AGB<\/a>\u00a0und die\u00a0<a href=\"https:\/\/cembrapay.ch\/de\/privacy\" target=\"_blank\" rel=\"noopener\">Datenschutzerkl\u00e4rung der CembraPay AG<\/a><\/p>\r\n<h3>Lieferbedingungen\u00a0<\/h3>\r\n<p>4.1. Globber Scooter beschr\u00e4nkt die Lieferungen auf das Gebiet der Schweiz. Die Lieferung erfolgt direkt an die vom K\u00e4ufer bekannt gegebene Lieferadresse und Kontaktperson.<\/p>\r\n<p>4.2. Die Lieferung erfolgt unter der Bedingung der rechtzeitigen und ordnungsgem\u00e4ssen Selbstbelieferung durch unsere Lieferanten. Bei h\u00f6herer Gewalt wie Streik und sonstige Arbeitskampfmassnahmen, Aufruhr, Krieg, Naturkatastrophen sowie bei Liefersperre des Herstellers oder Vorlieferanten tritt kein Lieferverzug ein. Die Verk\u00e4uferin haftet nicht f\u00fcr Lieferverz\u00f6gerungen, welche von Herstellerfirmen oder durch Dritte verursacht wurden.<\/p>\r\n<p>4.3. Sollten nicht alle bestellten Waren vorr\u00e4tig sein, sind wir zu Teillieferungen berechtigt. Sollte sich nach Abschluss des Vertrages herausstellen, dass Waren entweder teilweise oder insgesamt aus nicht von der Verk\u00e4uferin zu vertretenden Gr\u00fcnden nicht geliefert werden k\u00f6nnen, ist der Kunde berechtigt, vom Vertrag zur\u00fcckzutreten.<\/p>\r\n<p>4.4. Unsere Leistung ist eine Schickschuld und ist mit der \u00dcbergabe an die Transportperson erf\u00fcllt. Nach der Versendung geht die Gefahr der zuf\u00e4lligen Verschlechterung und des zuf\u00e4lligen Untergangs der Ware auf den Kunden \u00fcber. Wir haben f\u00fcr ein Verschulden des eingesetzten Transportunternehmens nicht einzustehen.<\/p>\r\n<p>4.5. Die im Online-Shop bzw. in unserer Auftragsbest\u00e4tigung gem\u00e4ss Ziff. 2.3. angegebenen Lieferzeiten berechnen sich vom Zeitpunkt unserer Bestellbest\u00e4tigung.<\/p>\r\n<p>4.6. Jugendschutz: Unsere Produkte d\u00fcrfen ausschliesslich von Personen \u00fcber 18 Jahre gekauft werden.\u00a0<\/p>\r\n<h3>Eigentumsvorbehalt<\/h3>\r\n<p>5.1. Die gelieferten Waren bleiben bis zur vollst\u00e4ndigen Bezahlung Eigentum der Just4motion AG. Diese ist berechtigt, einen entsprechenden Eintrag im Eigentumsvorbehaltsregister vorzunehmen. Falls der Kunde mit der Bezahlung des Kaufpreises in Verzug ger\u00e4t, ist die Just4motion AG berechtigt, vom Vertrag zur\u00fcckzutreten (R\u00fccktrittserkl\u00e4rung) und die Ware in ihren Besitz zu nehmen.<\/p>\r\n<h3>Untersuchungs- und R\u00fcgepflicht, M\u00e4ngelhaftung<\/h3>\r\n<p>6.1. Der Kunde ist verpflichtet, die gelieferten Produkte, sobald es nach dem \u00fcblichen Gesch\u00e4ftsgange tunlich ist, zu pr\u00fcfen und erkannte M\u00e4ngel unverz\u00fcglich unserem Kundenservice unter <a href=\"mailto:info@scoot-and-ride.ch\" target=\"_self\" rel=\"noreferrer noopener\">info@globber-scooter.ch<\/a>\u00a0mitzuteilen. Sofern Sie dies unterlassen, gelten die Produkte als genehmigt. Die Genehmigung gilt in jedem Fall als erfolgt, sofern der Kunde nicht innerhalb von 5 Tagen nach Lieferung eine M\u00e4ngelr\u00fcge per E-Mail beim Kundenservice erhoben hat.<\/p>\r\n<p>6.2. Das mangelhafte Produkt ist mit einer Kopie der Rechnung und einem detaillierten Mangelbeschrieb zur\u00fcckzuschicken. Die R\u00fccksende-Adresse wird dem K\u00e4ufer nach Eingang der schriftlichen Beanstandung per E-Mail mitgeteilt. Die anfallenden Transportkosten gehen zu Lasten des Kunden.<\/p>\r\n<p>6.3. Wir leisten Gew\u00e4hr durch die Behebung von M\u00e4ngeln. Dies geschieht nach unserer Wahl entweder durch Nacherf\u00fcllung, n\u00e4mlich Beseitigung eines Mangels (Nachbesserung) oder Lieferung einer mangelfreien Sache (Ersatzlieferung). Ersetzte Produkte werden Eigentum des Verk\u00e4ufers.<\/p>\r\n<p>6.4. Schl\u00e4gt die Nacherf\u00fcllung fehl, ist der Kunde zum R\u00fccktritt vom Vertrag berechtigt. Dies gilt nicht im Falle unerheblicher M\u00e4ngel. Ein Recht des Kunden auf Minderung ist ausgeschlossen. Dieser Haftungsausschluss erstreckt sich auch auf s\u00e4mtliche Anspr\u00fcche, die mit den Gew\u00e4hrleistungsrechten konkurrieren, seien es solche aus Vertrag (Art. 97 ff. OR), Delikt (Art. 41 ff. OR), Anfechtung des Vertrages wegen Irrtum (Art. 23 ff. OR.) etc.<\/p>\r\n<p>6.5. Nicht unter die Gew\u00e4hrleistung fallen normale Abn\u00fctzung sowie die Folgen unsachgem\u00e4sser Behandlung oder Besch\u00e4digung sowie Manipulation des Produktes durch den K\u00e4ufer oder Drittpersonen sowie M\u00e4ngel, die auf \u00e4ussere Umst\u00e4nde zur\u00fcckzuf\u00fchren sind. Insbesondere sind getragene, verschmutzte oder besch\u00e4digte Artikel sind von der Gew\u00e4hrleistung ausgeschlossen.<\/p>\r\n<p>6.6. Weitergehende Garantien im Rechtssinne erh\u00e4lt der Kunde von www.globber-scooter.ch nur bei spezifischen Produkten und nach individueller Vereinbarung. Herstellergarantien bleiben hiervon unber\u00fchrt. Der Garantieanspruch des Kunden erlischt bei Reparaturen durch nicht autorisierte Servicestellen. Garantieschein und\/oder Kaufnachweis (Rechnung) sind sorgf\u00e4ltig aufzubewahren. Bei Fehlen desselben wird jeder Garantieanspruch hinf\u00e4llig.<\/p>\r\n<p>6.7. Die Verk\u00e4uferin \u00fcbernimmt keine Haftung f\u00fcr die Beschreibungen von Dritten, insbesondere Kunden im Rahmen der im Online-Shop, resp. unseren Social-Media Pr\u00e4senzen ver\u00f6ffentlichten Kundenbewertungen.<\/p>\r\n<h3>R\u00fcckgaberecht<\/h3>\r\n<p>7.1. Der Kunde kann die erhaltene Ware mit Anhabe von Gr\u00fcnden innerhalb von vier Wochen durch R\u00fccksendung der Ware zur\u00fcckgeben. Die Frist beginnt nach Erhalt der Ware. Nur bei nicht paketversandf\u00e4higer Ware (z. B. bei sperrigen G\u00fctern) k\u00f6nnen Sie die R\u00fcckgabe auch durch R\u00fccknahmeverlangen in Textform erkl\u00e4ren.<\/p>\r\n<p>7.2. Zur Wahrung der Frist gen\u00fcgt die rechtzeitige Absendung der Ware oder des R\u00fccknahmeverlangens. Die R\u00fccksendung oder das R\u00fccknahmeverlangen hat zu erfolgen an:\u00a0<a href=\"http:\/\/www.just4motion.ch\/\" target=\"_blank\" rel=\"noreferrer noopener\">Just4motion AG<\/a>\u00a0Seepark 6 CH-6362 Stansstad<\/p>\r\n<p>7.3. Die Ware muss originalverpackt, komplett mit allem Zubeh\u00f6r und mit Beilage des ausgef\u00fcllten Lieferscheins\/Retourenscheins sowie eines etwaigen Garantiescheins zu erfolgen. Versiegelte und in Plastik verschweisste Produkte k\u00f6nnen nur in unge\u00f6ffnetem Zustand retourniert werden. Ein allf\u00e4lliges Siegel darf nicht gebrochen sein. Vom R\u00fcckgaberecht ausgeschlossen sind Nahrungsmittel.<\/p>\r\n<p>7.4. Im Falle einer wirksamen R\u00fcckgabe sind die beiderseits empfangener Leistungen zur\u00fcckzuerstatten und ggf. gezogene Nutzungen (z. B. Gebrauchsvorteile) herauszugeben. Bei einer Verschlechterung der Ware kann Wertersatz verlangt werden. Dies gilt nicht, wenn die Verschlechterung der Ware ausschliesslich auf deren Pr\u00fcfung \u2013 wie sie Ihnen etwa im Ladengesch\u00e4ft m\u00f6glich gewesen w\u00e4re \u2013 zur\u00fcckzuf\u00fchren ist. Retouren sind auf Kosten des Kunden an uns zur\u00fcckzusenden.<\/p>\r\n<p>7.5 Die Versandkosten der Bestellung werden im Falle einer Retoure nicht zur\u00fcckerstattet.<\/p>\r\n<h3>Garantie und Haftung (Bring-in\/Send-in-Garantie)<\/h3>\r\n<p>8.1. Alle F\u00e4lle von Vertragsverletzungen und deren Rechtsfolgen sowie alle Anspr\u00fcche des Kunden, gleichg\u00fcltig aus welchem Rechtsgrund sie gestellt werden, sind in diesen AGB abschliessend geregelt. Andere Anspr\u00fcche des K\u00e4ufers \u2013 unabh\u00e4ngig vom Rechtsgrund \u2013 sind, soweit gesetzlich zul\u00e4ssig, ausgeschlossen. Die Verk\u00e4uferin, ihre Hilfspersonen und allf\u00e4llige Erf\u00fcllungsgehilfen haften nicht f\u00fcr Sch\u00e4den, die nicht an der Ware selbst entstanden sind, insbesondere nicht f\u00fcr Mangelfolgesch\u00e4den, entgangenen Gewinn oder sonstige Verm\u00f6genssch\u00e4den des K\u00e4ufers.<\/p>\r\n<h3>Geistiges Eigentum<\/h3>\r\n<p>9.1. Globber Scooter beh\u00e4lt sich f\u00fcr jedes Design, jeden Text, jede Grafik alle Rechte vor. Das Kopieren oder andere Reproduktionen, der gesamten Webseite bzw. von Teilen dieser Webseite wird nur zu dem Zweck gestattet, eine Bestellung bei <a href=\"http:\/\/www.scoot-and-ride.ch\/\" target=\"_self\" rel=\"noreferrer noopener\">www.globber-scooter.ch<\/a>\u00a0aufzugeben. Der Name Madd Gear, alle Seitenkopfzeilen, Navigationsleisten, Graphiken und Schaltfl\u00e4chensymbole sind eingetragene Warenzeichen, Handelsmarken oder Schutzmarken von der Just4motion AG. Alle anderen auf dieser Webseite zitierten Warenzeichen, Produktnamen oder Firmennamen bzw. \u2013 Logos sind das Alleineigentum der jeweiligen Berechtigten. An Abbildungen, Zeichnungen, Kalkulationen und sonstigen Unterlagen beh\u00e4lt sich Madd Gear die Eigentums- und Urheberrechte vor. Vor ihrer Weitergabe an Dritte bedarf der Kunde der ausdr\u00fccklichen schriftlichen Zustimmung der Inhaberfirma just4motion AG.<\/p>\r\n<h3>Datenschutz<\/h3>\r\n<p>10.1. Die Erhebung und die Bearbeitung der pers\u00f6nlichen Daten der Kunden durch Maddgear ist in der Datenschutzerkl\u00e4rung erl\u00e4utert. Diese bildet einen integrierenden Vertragsbestandteil dieser AGB. Die Datenschutzerkl\u00e4rung ist unter [https:\/\/www.globber-scooter.ch\/datenschutz abrufbar.<\/p>\r\n<h3>Schlussbestimmungen<\/h3>\r\n<p>11.1. Sollten einzelne Bestimmungen dieser AGB unwirksam oder unvollst\u00e4ndig sein oder sollte die Erf\u00fcllung unm\u00f6glich werden, so wird hierdurch die Wirksamkeit der \u00fcbrigen Bestimmungen nicht beeintr\u00e4chtigt. Die Vertragspartner verpflichten sich, die unwirksame Bestimmung durch eine zul\u00e4ssige wirksame Regelung zu ersetzen, die nach ihrem Inhalt der urspr\u00fcnglichen Absicht und dem damit verfolgten wirtschaftlichen Zweck am n\u00e4chsten kommt.<\/p>\r\n<p>11.2. Alle \u00c4nderungen oder Erg\u00e4nzungen dieser AGB bed\u00fcrfen einer Form, welche den Nachweis durch Text erm\u00f6glicht, wie namentlich Fax und E-Mail. Dies gilt auch f\u00fcr eine \u00c4nderung des Schriftformerfordernisses. Sobald der Kunde nach der \u00c4nderung Leistungen des Verk\u00e4ufers in Anspruch nimmt, stimmt er den neuen AGB konkludent zu. Die jeweils verbindliche Fassung der AGB ist unter [https:\/\/www.globber-scooter\/agb]einseh- und ausdruckbar.<\/p>\r\n<p>11.3. Anders lautende Vertragsbedingungen des Kunden, namentlich auch solche, welche der Kunde zusammen mit der Vertragsannahme f\u00fcr anwendbar erkl\u00e4rt, werden nicht Vertragsbestandteil. Sie haben nur G\u00fcltigkeit, wenn und soweit sie vom Verk\u00e4ufer ausdr\u00fccklich und in schriftlicher Form akzeptiert worden sind.<\/p>\r\n<h3>Gerichtsstand und anwendbares Recht<b><br \/>\r\n<\/b><\/h3>\r\n<p>12.1. Es gilt ausschliesslich Schweizer Recht unter Ausschluss der kollisionsrechtlin Normen des Wiener Kaufrechts.\u00a0Gerichtsstand sind die ordentlichen Gerichte am Sitz der Verk\u00e4uferin:\u00a0<\/p>\r\n<p>just4motion AG, Seepark 6, 6362 Stansstad Switzerland<\/p>\r\n<p>Telefon: +41 (0) 41 611 02 02\u00a0<\/p>\r\n<p>E-Mail:\u00a0<a href=\"mailto:info@scoot-and-ride.ch\" target=\"_self\" rel=\"noreferrer noopener\">info@globber-scooter.ch<\/a><\/p>\r\n<p>Rechtsform: Aktiengesellschaft nach Schweizer Recht<\/p>\r\n<p>Handelsregister-Nummer: UID CHE- 113.923.788<\/p>\r\n<p>Stansstad, 21.03.2023<\/p>\r\n<p><\/p>","protected":false},"excerpt":{"rendered":"<p>www.globber.com\/ch\/\u00a0| Ein Onlineshop der Just4motion AG Geltungsbereich 1.1. Die vorliegenden Allgemeinen Gesch\u00e4ftsbedingungen (nachfolgend \u201eAGB\u201c) gelten f\u00fcr alle Vertr\u00e4ge, die zwischen Ihnen (nachfolgend \u201eKunde\u201c) und Just4motion AG, Seepark 6 , 6362 Stansstad (nachfolgend \u201eGlobber Scooter\u201c oder \u201eVerk\u00e4uferin\u201c) abgeschlossen werden. Im Rahmen des Bestellvorgangs anerkennen Sie die AGB in der zum Zeitpunkt der Abgabe der Bestellung geltenden [&hellip;]<\/p>\n","protected":false},"author":48,"featured_media":0,"parent":0,"menu_order":0,"comment_status":"closed","ping_status":"closed","template":"","meta":{"_acf_changed":false,"inline_featured_image":false,"footnotes":""},"class_list":["post-69","page","type-page","status-publish","hentry"],"acf":[],"yoast_head":"<!-- This site is optimized with the Yoast SEO Premium plugin v20.12 (Yoast SEO v23.4) - https:\/\/yoast.com\/wordpress\/plugins\/seo\/ -->\n<title>AGB - Globber Scooter Schweiz<\/title>\n<meta name=\"robots\" content=\"index, follow, max-snippet:-1, max-image-preview:large, max-video-preview:-1\" \/>\n<link rel=\"canonical\" href=\"https:\/\/www.globber.com\/ch\/de\/agb\/\" \/>\n<meta property=\"og:locale\" content=\"de_DE\" \/>\n<meta property=\"og:type\" content=\"article\" \/>\n<meta property=\"og:title\" content=\"AGB - Globber Scooter Schweiz\" \/>\n<meta property=\"og:description\" content=\"www.globber.com\/ch\/\u00a0| Ein Onlineshop der Just4motion AG Geltungsbereich 1.1. Die vorliegenden Allgemeinen Gesch\u00e4ftsbedingungen (nachfolgend \u201eAGB\u201c) gelten f\u00fcr alle Vertr\u00e4ge, die zwischen Ihnen (nachfolgend \u201eKunde\u201c) und Just4motion AG, Seepark 6 , 6362 Stansstad (nachfolgend \u201eGlobber Scooter\u201c oder \u201eVerk\u00e4uferin\u201c) abgeschlossen werden. Im Rahmen des Bestellvorgangs anerkennen Sie die AGB in der zum Zeitpunkt der Abgabe der Bestellung geltenden [&hellip;]\" \/>\n<meta property=\"og:url\" content=\"https:\/\/www.globber.com\/ch\/de\/agb\/\" \/>\n<meta property=\"og:site_name\" content=\"Globber Scooter Schweiz\" \/>\n<meta property=\"article:modified_time\" content=\"2025-06-27T13:58:39+00:00\" \/>\n<meta name=\"twitter:card\" content=\"summary_large_image\" \/>\n<meta name=\"twitter:label1\" content=\"Gesch\u00e4tzte Lesezeit\" \/>\n\t<meta name=\"twitter:data1\" content=\"3 Minuten\" \/>\n<script type=\"application\/ld+json\" class=\"yoast-schema-graph\">{\"@context\":\"https:\/\/schema.org\",\"@graph\":[{\"@type\":\"WebPage\",\"@id\":\"https:\/\/www.globber.com\/ch\/de\/agb\/\",\"url\":\"https:\/\/www.globber.com\/ch\/de\/agb\/\",\"name\":\"AGB - Globber Scooter Schweiz\",\"isPartOf\":{\"@id\":\"https:\/\/www.globber.com\/ch\/fr\/#website\"},\"datePublished\":\"2022-08-01T21:11:08+00:00\",\"dateModified\":\"2025-06-27T13:58:39+00:00\",\"inLanguage\":\"de-CH\",\"potentialAction\":[{\"@type\":\"ReadAction\",\"target\":[\"https:\/\/www.globber.com\/ch\/de\/agb\/\"]}]},{\"@type\":\"WebSite\",\"@id\":\"https:\/\/www.globber.com\/ch\/fr\/#website\",\"url\":\"https:\/\/www.globber.com\/ch\/fr\/\",\"name\":\"Globber Scooter Schweiz\",\"description\":\"Der offizielle Online Shop\",\"publisher\":{\"@id\":\"https:\/\/www.globber.com\/ch\/fr\/#organization\"},\"potentialAction\":[{\"@type\":\"SearchAction\",\"target\":{\"@type\":\"EntryPoint\",\"urlTemplate\":\"https:\/\/www.globber.com\/ch\/fr\/?s={search_term_string}\"},\"query-input\":{\"@type\":\"PropertyValueSpecification\",\"valueRequired\":true,\"valueName\":\"search_term_string\"}}],\"inLanguage\":\"de-CH\"},{\"@type\":\"Organization\",\"@id\":\"https:\/\/www.globber.com\/ch\/fr\/#organization\",\"name\":\"Globber Scooter Schweiz\",\"url\":\"https:\/\/www.globber.com\/ch\/fr\/\",\"logo\":{\"@type\":\"ImageObject\",\"inLanguage\":\"de-CH\",\"@id\":\"https:\/\/www.globber.com\/ch\/fr\/#\/schema\/logo\/image\/\",\"url\":\"https:\/\/cdn.globber.com\/content\/2024\/05\/logo.svg\",\"contentUrl\":\"https:\/\/cdn.globber.com\/content\/2024\/05\/logo.svg\",\"width\":601,\"height\":112,\"caption\":\"Globber Scooter Schweiz\"},\"image\":{\"@id\":\"https:\/\/www.globber.com\/ch\/fr\/#\/schema\/logo\/image\/\"}}]}<\/script>\n<!-- \/ Yoast SEO Premium plugin. -->","yoast_head_json":{"title":"AGB - Globber Scooter Schweiz","robots":{"index":"index","follow":"follow","max-snippet":"max-snippet:-1","max-image-preview":"max-image-preview:large","max-video-preview":"max-video-preview:-1"},"canonical":"https:\/\/www.globber.com\/ch\/de\/agb\/","og_locale":"de_DE","og_type":"article","og_title":"AGB - Globber Scooter Schweiz","og_description":"www.globber.com\/ch\/\u00a0| Ein Onlineshop der Just4motion AG Geltungsbereich 1.1. Die vorliegenden Allgemeinen Gesch\u00e4ftsbedingungen (nachfolgend \u201eAGB\u201c) gelten f\u00fcr alle Vertr\u00e4ge, die zwischen Ihnen (nachfolgend \u201eKunde\u201c) und Just4motion AG, Seepark 6 , 6362 Stansstad (nachfolgend \u201eGlobber Scooter\u201c oder \u201eVerk\u00e4uferin\u201c) abgeschlossen werden. Im Rahmen des Bestellvorgangs anerkennen Sie die AGB in der zum Zeitpunkt der Abgabe der Bestellung geltenden [&hellip;]","og_url":"https:\/\/www.globber.com\/ch\/de\/agb\/","og_site_name":"Globber Scooter Schweiz","article_modified_time":"2025-06-27T13:58:39+00:00","twitter_card":"summary_large_image","twitter_misc":{"Gesch\u00e4tzte Lesezeit":"3 Minuten"},"schema":{"@context":"https:\/\/schema.org","@graph":[{"@type":"WebPage","@id":"https:\/\/www.globber.com\/ch\/de\/agb\/","url":"https:\/\/www.globber.com\/ch\/de\/agb\/","name":"AGB - Globber Scooter Schweiz","isPartOf":{"@id":"https:\/\/www.globber.com\/ch\/fr\/#website"},"datePublished":"2022-08-01T21:11:08+00:00","dateModified":"2025-06-27T13:58:39+00:00","inLanguage":"de-CH","potentialAction":[{"@type":"ReadAction","target":["https:\/\/www.globber.com\/ch\/de\/agb\/"]}]},{"@type":"WebSite","@id":"https:\/\/www.globber.com\/ch\/fr\/#website","url":"https:\/\/www.globber.com\/ch\/fr\/","name":"Globber Scooter Schweiz","description":"Der offizielle Online Shop","publisher":{"@id":"https:\/\/www.globber.com\/ch\/fr\/#organization"},"potentialAction":[{"@type":"SearchAction","target":{"@type":"EntryPoint","urlTemplate":"https:\/\/www.globber.com\/ch\/fr\/?s={search_term_string}"},"query-input":{"@type":"PropertyValueSpecification","valueRequired":true,"valueName":"search_term_string"}}],"inLanguage":"de-CH"},{"@type":"Organization","@id":"https:\/\/www.globber.com\/ch\/fr\/#organization","name":"Globber Scooter Schweiz","url":"https:\/\/www.globber.com\/ch\/fr\/","logo":{"@type":"ImageObject","inLanguage":"de-CH","@id":"https:\/\/www.globber.com\/ch\/fr\/#\/schema\/logo\/image\/","url":"https:\/\/cdn.globber.com\/content\/2024\/05\/logo.svg","contentUrl":"https:\/\/cdn.globber.com\/content\/2024\/05\/logo.svg","width":601,"height":112,"caption":"Globber Scooter Schweiz"},"image":{"@id":"https:\/\/www.globber.com\/ch\/fr\/#\/schema\/logo\/image\/"}}]}},"_links":{"self":[{"href":"https:\/\/www.globber.com\/ch\/de\/wp-json\/wp\/v2\/pages\/69","targetHints":{"allow":["GET"]}}],"collection":[{"href":"https:\/\/www.globber.com\/ch\/de\/wp-json\/wp\/v2\/pages"}],"about":[{"href":"https:\/\/www.globber.com\/ch\/de\/wp-json\/wp\/v2\/types\/page"}],"author":[{"embeddable":true,"href":"https:\/\/www.globber.com\/ch\/de\/wp-json\/wp\/v2\/users\/48"}],"replies":[{"embeddable":true,"href":"https:\/\/www.globber.com\/ch\/de\/wp-json\/wp\/v2\/comments?post=69"}],"version-history":[{"count":1,"href":"https:\/\/www.globber.com\/ch\/de\/wp-json\/wp\/v2\/pages\/69\/revisions"}],"predecessor-version":[{"id":25208,"href":"https:\/\/www.globber.com\/ch\/de\/wp-json\/wp\/v2\/pages\/69\/revisions\/25208"}],"wp:attachment":[{"href":"https:\/\/www.globber.com\/ch\/de\/wp-json\/wp\/v2\/media?parent=69"}],"curies":[{"name":"wp","href":"https:\/\/api.w.org\/{rel}","templated":true}]}}