{"id":10243,"date":"2023-03-20T03:57:16","date_gmt":"2023-03-20T02:57:16","guid":{"rendered":"https:\/\/staging.globberscooter.com\/ch\/?post_type=product&#038;p=10243"},"modified":"2026-04-29T09:00:57","modified_gmt":"2026-04-29T07:00:57","slug":"primo-foldable-lights-ecologic","status":"publish","type":"product","link":"https:\/\/www.globber.com\/ch\/de\/product\/primo-foldable-lights-ecologic\/","title":{"rendered":"Primo Foldable Lights Eco"},"content":{"rendered":"<p>A greener world on wheels: PRIMO FALTBARE LEUCHTEN <strong>\u00d6KO<\/strong>LOGISCH hilft Familien rund um den Globus, \u00f6kologische Werte und Entscheidungen zu leben und umzusetzen. Hergestellt aus 60% Global Recycled Standard-Kunststoff und biologisch abbaubarem Weizenstroh*.<\/p>\n<p>PRIMO FOLDABLE LIGHTS ist mit einem patentierten Lenkradschloss, einem Klappsystem und einem verstellbaren T-B\u00fcgel f\u00fcr Kinder ab 3 Jahren ausgestattet. <strong>\u00d6KO<\/strong>LOGISCH hat die gleiche strukturelle Integrit\u00e4t wie das ikonische Original, verwendet aber mehr \u00f6kologische Materialien f\u00fcr eine geringere Umweltbelastung.<\/p>\n<p>Der PRIMO FOLDABLE PLUS LIGHTS <strong> ist ein beleuchteter 3-Rad-Roller mit vielen Funktionen.&gt;\u00d6KO<\/strong>LOGISCH mit batterielosen Leuchtr\u00e4dern, die mit der erneuerbaren, kinetischen Energie Ihres Kindes betrieben werden - je schneller sie fahren, desto heller leuchten sie!<\/p>\n<p>Auf einem umweltfreundlichen Fahrgesch\u00e4ft k\u00f6nnen Kinder auf sichere Weise ihr Gleichgewicht und ihre Koordinationsf\u00e4higkeiten trainieren, w\u00e4hrend sie den ganzen leuchtenden Spa\u00df genie\u00dfen!<\/p>\n<p>&nbsp;<\/p>\n","protected":false},"excerpt":{"rendered":"<p><strong>3-Rad-Roller f\u00fcr Kinder (ab 3 Jahren), hergestellt aus 60% GRS-Kunststoff und biologisch abbaubarem Weizenstroh<\/strong><\/p>\n","protected":false},"featured_media":10245,"comment_status":"closed","ping_status":"closed","template":"","meta":{"_acf_changed":false,"inline_featured_image":false},"product-special-badges":[],"product_brand":[],"product_cat":[4477,4360,1681,1691,1696,1694,1680],"product_tag":[],"class_list":{"0":"post-10243","1":"product","2":"type-product","3":"status-publish","4":"has-post-thumbnail","6":"product-badges-light-up","7":"product-badges-sustainable","8":"product-badges-adjustable","9":"product-badges-foldable","10":"product_cat-kleinkinder-produkte","11":"product_cat-3-raeder-kinder","12":"product_cat-primo-serie","13":"product_cat-3-rad-roller-fuer-alle-alter","14":"product_cat-faltbare-roller","15":"product_cat-licht-roller","16":"product_cat-ecologic-kollektion","17":"pa_altersspanne-3j-7j","18":"pa_bremsen-mechanische-hinterradbremse-zusammensetzung","19":"pa_color-coconut","20":"pa_color-pistachio","21":"pa_deckmaterial-60-grs-kunststoff-biologisch-abbaubar-weizenstroh-pp-faser-metallrahmen","22":"pa_ean-3650","23":"pa_ean-6071","24":"pa_einstellbar-ja","25":"pa_empfohlene-benutzerhoehe-95-120-cm","26":"pa_faltbar-yes","27":"pa_grose-der-brucke-b-12-5cm-x-l-54-5cm","28":"pa_hohen-der-t-stangen-67-5-cm72-5cm-77-5cm-vom-boden-aus","29":"pa_material-der-rader-pu-guss-mit-hoher-rueckfederung","30":"pa_maximales-benutzergewicht-50kg","31":"pa_produktgewicht-netto-2-50kg","32":"pa_radgrose-121mm-24mm-wide-front","33":"pa_radgrose-80mm-24mm-wide-rear","35":"first","36":"instock","37":"taxable","38":"shipping-taxable","39":"purchasable","40":"product-type-variable"},"acf":[],"yoast_head":"<!-- This site is optimized with the Yoast SEO Premium plugin v20.12 (Yoast SEO v23.4) - https:\/\/yoast.com\/wordpress\/plugins\/seo\/ -->\n<title>3-wheel Light-up Scooter: PRIMO FOLDABLE LIGHTS ECOLOGIC<\/title>\n<meta name=\"description\" content=\"With earthy colours to match your little eco-adventurer, this 3-wheel scooter is the best option for kids starting to scoot. Check it out!\" \/>\n<meta name=\"robots\" content=\"index, follow, max-snippet:-1, max-image-preview:large, max-video-preview:-1\" \/>\n<link rel=\"canonical\" href=\"https:\/\/www.globber.com\/ch\/de\/product\/primo-foldable-lights-ecologic\/\" \/>\n<meta property=\"og:locale\" content=\"de_DE\" \/>\n<meta property=\"og:type\" content=\"article\" \/>\n<meta property=\"og:title\" content=\"3-wheel Light-up Scooter: PRIMO FOLDABLE LIGHTS ECOLOGIC\" \/>\n<meta property=\"og:description\" content=\"With earthy colours to match your little eco-adventurer, this 3-wheel scooter is the best option for kids starting to scoot. Check it out!\" \/>\n<meta property=\"og:url\" content=\"https:\/\/www.globber.com\/ch\/de\/product\/primo-foldable-lights-ecologic\/\" \/>\n<meta property=\"og:site_name\" content=\"Globber Scooter Schweiz\" \/>\n<meta property=\"article:modified_time\" content=\"2026-04-29T07:00:57+00:00\" \/>\n<meta property=\"og:image\" content=\"https:\/\/cdn.globber.com\/content\/2023\/03\/696-501_3-wheel-eco-scooter-with-led-lights.jpg\" \/>\n\t<meta property=\"og:image:width\" content=\"2048\" \/>\n\t<meta property=\"og:image:height\" content=\"2048\" \/>\n\t<meta property=\"og:image:type\" content=\"image\/jpeg\" \/>\n<meta name=\"twitter:card\" content=\"summary_large_image\" \/>\n<meta name=\"twitter:label1\" content=\"Availability\" \/>\n\t<meta name=\"twitter:data1\" content=\"In stock\" \/>\n<script type=\"application\/ld+json\" class=\"yoast-schema-graph\">{\"@context\":\"https:\/\/schema.org\",\"@graph\":[{\"@type\":[\"WebPage\",\"ItemPage\"],\"@id\":\"https:\/\/www.globber.com\/ch\/de\/product\/primo-foldable-lights-ecologic\/\",\"url\":\"https:\/\/www.globber.com\/ch\/de\/product\/primo-foldable-lights-ecologic\/\",\"name\":\"3-wheel Light-up Scooter: PRIMO FOLDABLE LIGHTS ECOLOGIC\",\"isPartOf\":{\"@id\":\"https:\/\/www.globber.com\/ch\/fr\/#website\"},\"primaryImageOfPage\":{\"@id\":\"https:\/\/www.globber.com\/ch\/de\/product\/primo-foldable-lights-ecologic\/#primaryimage\"},\"image\":{\"@id\":\"https:\/\/www.globber.com\/ch\/de\/product\/primo-foldable-lights-ecologic\/#primaryimage\"},\"thumbnailUrl\":\"https:\/\/cdn.globber.com\/content\/2023\/03\/696-501_3-wheel-eco-scooter-with-led-lights.jpg\",\"datePublished\":\"2023-03-20T02:57:16+00:00\",\"dateModified\":\"2026-04-29T07:00:57+00:00\",\"description\":\"With earthy colours to match your little eco-adventurer, this 3-wheel scooter is the best option for kids starting to scoot. Check it out!\",\"breadcrumb\":{\"@id\":\"https:\/\/www.globber.com\/ch\/de\/product\/primo-foldable-lights-ecologic\/#breadcrumb\"},\"inLanguage\":\"de-CH\",\"potentialAction\":[{\"@type\":\"ReadAction\",\"target\":[\"https:\/\/www.globber.com\/ch\/de\/product\/primo-foldable-lights-ecologic\/\"]}]},{\"@type\":\"ImageObject\",\"inLanguage\":\"de-CH\",\"@id\":\"https:\/\/www.globber.com\/ch\/de\/product\/primo-foldable-lights-ecologic\/#primaryimage\",\"url\":\"https:\/\/cdn.globber.com\/content\/2023\/03\/696-501_3-wheel-eco-scooter-with-led-lights.jpg\",\"contentUrl\":\"https:\/\/cdn.globber.com\/content\/2023\/03\/696-501_3-wheel-eco-scooter-with-led-lights.jpg\",\"width\":2048,\"height\":2048,\"caption\":\"696 501 3 Wheel Eco Scooter With Led Lights\"},{\"@type\":\"BreadcrumbList\",\"@id\":\"https:\/\/www.globber.com\/ch\/de\/product\/primo-foldable-lights-ecologic\/#breadcrumb\",\"itemListElement\":[{\"@type\":\"ListItem\",\"position\":1,\"name\":\"Alle Produkte\",\"item\":\"https:\/\/www.globber.com\/ch\/de\/shop-nach-produkt\/\"},{\"@type\":\"ListItem\",\"position\":2,\"name\":\"Primo Foldable Lights Eco\"}]},{\"@type\":\"WebSite\",\"@id\":\"https:\/\/www.globber.com\/ch\/fr\/#website\",\"url\":\"https:\/\/www.globber.com\/ch\/fr\/\",\"name\":\"Globber Scooter Schweiz\",\"description\":\"Der offizielle Online Shop\",\"publisher\":{\"@id\":\"https:\/\/www.globber.com\/ch\/fr\/#organization\"},\"potentialAction\":[{\"@type\":\"SearchAction\",\"target\":{\"@type\":\"EntryPoint\",\"urlTemplate\":\"https:\/\/www.globber.com\/ch\/fr\/?s={search_term_string}\"},\"query-input\":{\"@type\":\"PropertyValueSpecification\",\"valueRequired\":true,\"valueName\":\"search_term_string\"}}],\"inLanguage\":\"de-CH\"},{\"@type\":\"Organization\",\"@id\":\"https:\/\/www.globber.com\/ch\/fr\/#organization\",\"name\":\"Globber Scooter Schweiz\",\"url\":\"https:\/\/www.globber.com\/ch\/fr\/\",\"logo\":{\"@type\":\"ImageObject\",\"inLanguage\":\"de-CH\",\"@id\":\"https:\/\/www.globber.com\/ch\/fr\/#\/schema\/logo\/image\/\",\"url\":\"https:\/\/cdn.globber.com\/content\/2024\/05\/logo.svg\",\"contentUrl\":\"https:\/\/cdn.globber.com\/content\/2024\/05\/logo.svg\",\"width\":601,\"height\":112,\"caption\":\"Globber Scooter Schweiz\"},\"image\":{\"@id\":\"https:\/\/www.globber.com\/ch\/fr\/#\/schema\/logo\/image\/\"}}]}<\/script>\n<meta property=\"og:availability\" content=\"instock\" \/>\n<meta property=\"product:availability\" content=\"instock\" \/>\n<meta property=\"product:retailer_item_id\" content=\"696-xxx\" \/>\n<meta property=\"product:condition\" content=\"new\" \/>\n<!-- \/ Yoast SEO Premium plugin. -->","yoast_head_json":{"title":"3-wheel Light-up Scooter: PRIMO FOLDABLE LIGHTS ECOLOGIC","description":"With earthy colours to match your little eco-adventurer, this 3-wheel scooter is the best option for kids starting to scoot. Check it out!","robots":{"index":"index","follow":"follow","max-snippet":"max-snippet:-1","max-image-preview":"max-image-preview:large","max-video-preview":"max-video-preview:-1"},"canonical":"https:\/\/www.globber.com\/ch\/de\/product\/primo-foldable-lights-ecologic\/","og_locale":"de_DE","og_type":"article","og_title":"3-wheel Light-up Scooter: PRIMO FOLDABLE LIGHTS ECOLOGIC","og_description":"With earthy colours to match your little eco-adventurer, this 3-wheel scooter is the best option for kids starting to scoot. Check it out!","og_url":"https:\/\/www.globber.com\/ch\/de\/product\/primo-foldable-lights-ecologic\/","og_site_name":"Globber Scooter Schweiz","article_modified_time":"2026-04-29T07:00:57+00:00","og_image":[{"width":2048,"height":2048,"url":"https:\/\/cdn.globber.com\/content\/2023\/03\/696-501_3-wheel-eco-scooter-with-led-lights.jpg","type":"image\/jpeg"}],"twitter_card":"summary_large_image","twitter_misc":{"Availability":"In stock"},"schema":{"@context":"https:\/\/schema.org","@graph":[{"@type":["WebPage","ItemPage"],"@id":"https:\/\/www.globber.com\/ch\/de\/product\/primo-foldable-lights-ecologic\/","url":"https:\/\/www.globber.com\/ch\/de\/product\/primo-foldable-lights-ecologic\/","name":"3-wheel Light-up Scooter: PRIMO FOLDABLE LIGHTS ECOLOGIC","isPartOf":{"@id":"https:\/\/www.globber.com\/ch\/fr\/#website"},"primaryImageOfPage":{"@id":"https:\/\/www.globber.com\/ch\/de\/product\/primo-foldable-lights-ecologic\/#primaryimage"},"image":{"@id":"https:\/\/www.globber.com\/ch\/de\/product\/primo-foldable-lights-ecologic\/#primaryimage"},"thumbnailUrl":"https:\/\/cdn.globber.com\/content\/2023\/03\/696-501_3-wheel-eco-scooter-with-led-lights.jpg","datePublished":"2023-03-20T02:57:16+00:00","dateModified":"2026-04-29T07:00:57+00:00","description":"With earthy colours to match your little eco-adventurer, this 3-wheel scooter is the best option for kids starting to scoot. Check it out!","breadcrumb":{"@id":"https:\/\/www.globber.com\/ch\/de\/product\/primo-foldable-lights-ecologic\/#breadcrumb"},"inLanguage":"de-CH","potentialAction":[{"@type":"ReadAction","target":["https:\/\/www.globber.com\/ch\/de\/product\/primo-foldable-lights-ecologic\/"]}]},{"@type":"ImageObject","inLanguage":"de-CH","@id":"https:\/\/www.globber.com\/ch\/de\/product\/primo-foldable-lights-ecologic\/#primaryimage","url":"https:\/\/cdn.globber.com\/content\/2023\/03\/696-501_3-wheel-eco-scooter-with-led-lights.jpg","contentUrl":"https:\/\/cdn.globber.com\/content\/2023\/03\/696-501_3-wheel-eco-scooter-with-led-lights.jpg","width":2048,"height":2048,"caption":"696 501 3 Wheel Eco Scooter With Led Lights"},{"@type":"BreadcrumbList","@id":"https:\/\/www.globber.com\/ch\/de\/product\/primo-foldable-lights-ecologic\/#breadcrumb","itemListElement":[{"@type":"ListItem","position":1,"name":"Alle Produkte","item":"https:\/\/www.globber.com\/ch\/de\/shop-nach-produkt\/"},{"@type":"ListItem","position":2,"name":"Primo Foldable Lights Eco"}]},{"@type":"WebSite","@id":"https:\/\/www.globber.com\/ch\/fr\/#website","url":"https:\/\/www.globber.com\/ch\/fr\/","name":"Globber Scooter Schweiz","description":"Der offizielle Online Shop","publisher":{"@id":"https:\/\/www.globber.com\/ch\/fr\/#organization"},"potentialAction":[{"@type":"SearchAction","target":{"@type":"EntryPoint","urlTemplate":"https:\/\/www.globber.com\/ch\/fr\/?s={search_term_string}"},"query-input":{"@type":"PropertyValueSpecification","valueRequired":true,"valueName":"search_term_string"}}],"inLanguage":"de-CH"},{"@type":"Organization","@id":"https:\/\/www.globber.com\/ch\/fr\/#organization","name":"Globber Scooter Schweiz","url":"https:\/\/www.globber.com\/ch\/fr\/","logo":{"@type":"ImageObject","inLanguage":"de-CH","@id":"https:\/\/www.globber.com\/ch\/fr\/#\/schema\/logo\/image\/","url":"https:\/\/cdn.globber.com\/content\/2024\/05\/logo.svg","contentUrl":"https:\/\/cdn.globber.com\/content\/2024\/05\/logo.svg","width":601,"height":112,"caption":"Globber Scooter Schweiz"},"image":{"@id":"https:\/\/www.globber.com\/ch\/fr\/#\/schema\/logo\/image\/"}}]},"og_availability":"instock","product_availability":"instock","product_retailer_item_id":"696-xxx","product_condition":"new"},"_links":{"self":[{"href":"https:\/\/www.globber.com\/ch\/de\/wp-json\/wp\/v2\/product\/10243","targetHints":{"allow":["GET"]}}],"collection":[{"href":"https:\/\/www.globber.com\/ch\/de\/wp-json\/wp\/v2\/product"}],"about":[{"href":"https:\/\/www.globber.com\/ch\/de\/wp-json\/wp\/v2\/types\/product"}],"replies":[{"embeddable":true,"href":"https:\/\/www.globber.com\/ch\/de\/wp-json\/wp\/v2\/comments?post=10243"}],"wp:featuredmedia":[{"embeddable":true,"href":"https:\/\/www.globber.com\/ch\/de\/wp-json\/wp\/v2\/media\/10245"}],"wp:attachment":[{"href":"https:\/\/www.globber.com\/ch\/de\/wp-json\/wp\/v2\/media?parent=10243"}],"wp:term":[{"taxonomy":"product-special-badges","embeddable":true,"href":"https:\/\/www.globber.com\/ch\/de\/wp-json\/wp\/v2\/product-special-badges?post=10243"},{"taxonomy":"product_brand","embeddable":true,"href":"https:\/\/www.globber.com\/ch\/de\/wp-json\/wp\/v2\/product_brand?post=10243"},{"taxonomy":"product_cat","embeddable":true,"href":"https:\/\/www.globber.com\/ch\/de\/wp-json\/wp\/v2\/product_cat?post=10243"},{"taxonomy":"product_tag","embeddable":true,"href":"https:\/\/www.globber.com\/ch\/de\/wp-json\/wp\/v2\/product_tag?post=10243"}],"curies":[{"name":"wp","href":"https:\/\/api.w.org\/{rel}","templated":true}]}}