{"id":11652,"date":"2023-11-27T07:30:46","date_gmt":"2023-11-27T06:30:46","guid":{"rendered":"https:\/\/staging.globberscooter.com\/ch\/?post_type=product&#038;p=11652"},"modified":"2026-04-26T08:17:40","modified_gmt":"2026-04-26T06:17:40","slug":"go-up-sporty-lights","status":"publish","type":"product","link":"https:\/\/www.globber.com\/ch\/de\/product\/go-up-sporty-lights\/","title":{"rendered":"GO UP Sporty Lights"},"content":{"rendered":"<p>Go and Grow! Mit dem besten Spielgef\u00e4hrten in der Bl\u00fctezeit der Kindheit: Reiten, schreiten oder rollen - einfach fahren, fahren, fahren! Der GO-UP SPORTY LIGHTS von Globber ist ein 3-Rad-Scooter mit Sitz f\u00fcr Kleinkinder und Kinder, der sich in einen Rutscher-, Laufrad- und Kleinkind-Scooter verwandeln l\u00e4sst. Die Modi \u201eRutscher\u201c und \u201aLaufrad\u2018 sind f\u00fcr Kleinkinder im Alter von 15-36 Monaten geeignet, der Modus \u201eScooter\u201c wird f\u00fcr Kinder im Alter von 3-7+ empfohlen.<\/p>\n<p>GO-UP SPORTY LIGHTS ist mit einem patentierten Lenkverschlusssystem, einem verstellbaren Sitz und T-B\u00fcgel, einem robusten Deck und batterielosen LED-Leuchtr\u00e4dern ausgestattet. Geniessen Sie nicht enden wollende Spielabende mit einem Freund aus der Kindheit, der f\u00fcr die n\u00e4chsten Jahre da ist!<\/p>\n<p>GO-UP SPORTY LIGHTS besteht zu 35-38% aus Global Recycled Standard (GRS) Kunststoff*.<\/p>\n<p>Der GRS ist der internationale Ma\u00dfstab f\u00fcr den Nachweis des Recyclinganteils in Fertigprodukten, der die Transparenz der Materialien sicherstellt und eine Kreislaufwirtschaft f\u00f6rdert.<\/p>\n<p>Durch die Verwendung von GRS-zertifiziertem Recycling-Kunststoff in unseren 3-Rad- und ECOLOGIC-Kollektionen konnten wir seit Oktober 2022 insgesamt mehr als 118 Tonnen gebrauchte Flaschen und Becher, geborgene Fischnetze sowie altes Spielzeug und Polster wiederverwenden. Erfahren Sie mehr.<\/p>\n<p>GO-UP SPORTY LIGHTS ist ein Gewinner des National Parenting Center - Seal of Approval Winner.<\/p>\n","protected":false},"excerpt":{"rendered":"<p>Leuchtender 3-in-1 Scooter mit Sitz f\u00fcr Kleinkinder (15 Monate \u2013 3+ Jahre)<\/p>\n","protected":false},"featured_media":20652,"comment_status":"open","ping_status":"closed","template":"","meta":{"_acf_changed":false,"inline_featured_image":false},"product-special-badges":[],"product_brand":[],"product_cat":[4477,3560,3559,1691,1696,1694,1247],"product_tag":[3988],"class_list":{"0":"post-11652","1":"product","2":"type-product","3":"status-publish","4":"has-post-thumbnail","6":"product_cat-kleinkinder-produkte","7":"product_cat-scooter-mit-sitz","8":"product_cat-baby-dreiraeder","9":"product_cat-3-rad-roller-fuer-alle-alter","10":"product_cat-faltbare-roller","11":"product_cat-licht-roller","12":"product_cat-go-up-serie","13":"product_tag-import","14":"pa_altersspanne-15m-7j","15":"pa_bremsen-mechanische-hinterradbremse-zusammensetzung","16":"pa_color-mint","17":"pa_color-rosa","18":"pa_deckmaterial-composite-pp-fiber-metal","19":"pa_ean-3827","20":"pa_ean-3828","21":"pa_einstellbar-ja","22":"pa_empfohlene-benutzerhoehe-70cm-bis-130cm","23":"pa_faltbar-no","24":"pa_groesse-der-raeder-121mm-vorne-24mm-breit","25":"pa_groesse-der-raeder-80mm-hinten-24mm-breit","26":"pa_grose-der-brucke-b-12-5cm-x-l-54-5cm","27":"pa_hohen-der-t-stangen-67-5-72-5-77-5-cm-vom-boden-aus","28":"pa_material-der-rader-pu-guss-mit-hoher-rueckfederung","29":"pa_maximales-benutzergewicht-20kg-aufsitz-laufrad-modus-50kg-scootermodus","30":"pa_product-badges-alles-in-einem","31":"pa_product-badges-beleuchtete","32":"pa_product-badges-cabrio","33":"pa_product-badges-einstellbar","34":"pa_produktgewicht-netto-3-60kg","35":"pa_produkttyp-dreirad","36":"pa_produkttyp-mini-scooter","37":"pa_radgrose-121mm-24mm-wide-front","38":"pa_radgrose-80mm-24mm-wide-rear","39":"pa_sitzhoehen-23-30cm-from-the-ground","41":"first","42":"instock","43":"taxable","44":"shipping-taxable","45":"purchasable","46":"product-type-variable"},"acf":[],"yoast_head":"<!-- This site is optimized with the Yoast SEO Premium plugin v20.12 (Yoast SEO v23.4) - https:\/\/yoast.com\/wordpress\/plugins\/seo\/ -->\n<title>Sit-and-Ride Scooter: GO\u2022UP SPORTY LIGHTS \u2013 Globber<\/title>\n<meta name=\"description\" content=\"Play the day away with a light-up, innovative scooter with seat! This light-up 3-in-1 scooter delivers a fun and colourful ride for kids. Don\u2019t miss it!\" \/>\n<meta name=\"robots\" content=\"index, follow, max-snippet:-1, max-image-preview:large, max-video-preview:-1\" \/>\n<link rel=\"canonical\" href=\"https:\/\/www.globber.com\/ch\/de\/product\/go-up-sporty-lights\/\" \/>\n<meta property=\"og:locale\" content=\"de_DE\" \/>\n<meta property=\"og:type\" content=\"article\" \/>\n<meta property=\"og:title\" content=\"Sit-and-Ride Scooter: GO\u2022UP SPORTY LIGHTS \u2013 Globber\" \/>\n<meta property=\"og:description\" content=\"Play the day away with a light-up, innovative scooter with seat! This light-up 3-in-1 scooter delivers a fun and colourful ride for kids. Don\u2019t miss it!\" \/>\n<meta property=\"og:url\" content=\"https:\/\/www.globber.com\/ch\/de\/product\/go-up-sporty-lights\/\" \/>\n<meta property=\"og:site_name\" content=\"Globber Scooter Schweiz\" \/>\n<meta property=\"article:modified_time\" content=\"2026-04-26T06:17:40+00:00\" \/>\n<meta property=\"og:image\" content=\"https:\/\/cdn.globber.com\/content\/sites\/21\/2023\/11\/452-706-4_stages-all_rgb.jpg\" \/>\n\t<meta property=\"og:image:width\" content=\"2048\" \/>\n\t<meta property=\"og:image:height\" content=\"2048\" \/>\n\t<meta property=\"og:image:type\" content=\"image\/jpeg\" \/>\n<meta name=\"twitter:card\" content=\"summary_large_image\" \/>\n<meta name=\"twitter:label1\" content=\"Availability\" \/>\n\t<meta name=\"twitter:data1\" content=\"In stock\" \/>\n<script type=\"application\/ld+json\" class=\"yoast-schema-graph\">{\"@context\":\"https:\/\/schema.org\",\"@graph\":[{\"@type\":[\"WebPage\",\"ItemPage\"],\"@id\":\"https:\/\/www.globber.com\/ch\/de\/product\/go-up-sporty-lights\/\",\"url\":\"https:\/\/www.globber.com\/ch\/de\/product\/go-up-sporty-lights\/\",\"name\":\"Sit-and-Ride Scooter: GO\u2022UP SPORTY LIGHTS \u2013 Globber\",\"isPartOf\":{\"@id\":\"https:\/\/www.globber.com\/ch\/fr\/#website\"},\"primaryImageOfPage\":{\"@id\":\"https:\/\/www.globber.com\/ch\/de\/product\/go-up-sporty-lights\/#primaryimage\"},\"image\":{\"@id\":\"https:\/\/www.globber.com\/ch\/de\/product\/go-up-sporty-lights\/#primaryimage\"},\"thumbnailUrl\":\"https:\/\/cdn.globber.com\/content\/sites\/21\/2023\/11\/452-706-4_stages-all_rgb.jpg\",\"datePublished\":\"2023-11-27T06:30:46+00:00\",\"dateModified\":\"2026-04-26T06:17:40+00:00\",\"description\":\"Play the day away with a light-up, innovative scooter with seat! This light-up 3-in-1 scooter delivers a fun and colourful ride for kids. Don\u2019t miss it!\",\"breadcrumb\":{\"@id\":\"https:\/\/www.globber.com\/ch\/de\/product\/go-up-sporty-lights\/#breadcrumb\"},\"inLanguage\":\"de-CH\",\"potentialAction\":[{\"@type\":\"ReadAction\",\"target\":[\"https:\/\/www.globber.com\/ch\/de\/product\/go-up-sporty-lights\/\"]}]},{\"@type\":\"ImageObject\",\"inLanguage\":\"de-CH\",\"@id\":\"https:\/\/www.globber.com\/ch\/de\/product\/go-up-sporty-lights\/#primaryimage\",\"url\":\"https:\/\/cdn.globber.com\/content\/sites\/21\/2023\/11\/452-706-4_stages-all_rgb.jpg\",\"contentUrl\":\"https:\/\/cdn.globber.com\/content\/sites\/21\/2023\/11\/452-706-4_stages-all_rgb.jpg\",\"width\":2048,\"height\":2048},{\"@type\":\"BreadcrumbList\",\"@id\":\"https:\/\/www.globber.com\/ch\/de\/product\/go-up-sporty-lights\/#breadcrumb\",\"itemListElement\":[{\"@type\":\"ListItem\",\"position\":1,\"name\":\"Alle Produkte\",\"item\":\"https:\/\/www.globber.com\/ch\/de\/shop-nach-produkt\/\"},{\"@type\":\"ListItem\",\"position\":2,\"name\":\"GO UP Sporty Lights\"}]},{\"@type\":\"WebSite\",\"@id\":\"https:\/\/www.globber.com\/ch\/fr\/#website\",\"url\":\"https:\/\/www.globber.com\/ch\/fr\/\",\"name\":\"Globber Scooter Schweiz\",\"description\":\"Der offizielle Online Shop\",\"publisher\":{\"@id\":\"https:\/\/www.globber.com\/ch\/fr\/#organization\"},\"potentialAction\":[{\"@type\":\"SearchAction\",\"target\":{\"@type\":\"EntryPoint\",\"urlTemplate\":\"https:\/\/www.globber.com\/ch\/fr\/?s={search_term_string}\"},\"query-input\":{\"@type\":\"PropertyValueSpecification\",\"valueRequired\":true,\"valueName\":\"search_term_string\"}}],\"inLanguage\":\"de-CH\"},{\"@type\":\"Organization\",\"@id\":\"https:\/\/www.globber.com\/ch\/fr\/#organization\",\"name\":\"Globber Scooter Schweiz\",\"url\":\"https:\/\/www.globber.com\/ch\/fr\/\",\"logo\":{\"@type\":\"ImageObject\",\"inLanguage\":\"de-CH\",\"@id\":\"https:\/\/www.globber.com\/ch\/fr\/#\/schema\/logo\/image\/\",\"url\":\"https:\/\/cdn.globber.com\/content\/2024\/05\/logo.svg\",\"contentUrl\":\"https:\/\/cdn.globber.com\/content\/2024\/05\/logo.svg\",\"width\":601,\"height\":112,\"caption\":\"Globber Scooter Schweiz\"},\"image\":{\"@id\":\"https:\/\/www.globber.com\/ch\/fr\/#\/schema\/logo\/image\/\"}}]}<\/script>\n<meta property=\"og:availability\" content=\"instock\" \/>\n<meta property=\"product:availability\" content=\"instock\" \/>\n<meta property=\"product:retailer_item_id\" content=\"452-XXX-4\" \/>\n<meta property=\"product:condition\" content=\"new\" \/>\n<!-- \/ Yoast SEO Premium plugin. -->","yoast_head_json":{"title":"Sit-and-Ride Scooter: GO\u2022UP SPORTY LIGHTS \u2013 Globber","description":"Play the day away with a light-up, innovative scooter with seat! This light-up 3-in-1 scooter delivers a fun and colourful ride for kids. Don\u2019t miss it!","robots":{"index":"index","follow":"follow","max-snippet":"max-snippet:-1","max-image-preview":"max-image-preview:large","max-video-preview":"max-video-preview:-1"},"canonical":"https:\/\/www.globber.com\/ch\/de\/product\/go-up-sporty-lights\/","og_locale":"de_DE","og_type":"article","og_title":"Sit-and-Ride Scooter: GO\u2022UP SPORTY LIGHTS \u2013 Globber","og_description":"Play the day away with a light-up, innovative scooter with seat! This light-up 3-in-1 scooter delivers a fun and colourful ride for kids. Don\u2019t miss it!","og_url":"https:\/\/www.globber.com\/ch\/de\/product\/go-up-sporty-lights\/","og_site_name":"Globber Scooter Schweiz","article_modified_time":"2026-04-26T06:17:40+00:00","og_image":[{"width":2048,"height":2048,"url":"https:\/\/cdn.globber.com\/content\/sites\/21\/2023\/11\/452-706-4_stages-all_rgb.jpg","type":"image\/jpeg"}],"twitter_card":"summary_large_image","twitter_misc":{"Availability":"In stock"},"schema":{"@context":"https:\/\/schema.org","@graph":[{"@type":["WebPage","ItemPage"],"@id":"https:\/\/www.globber.com\/ch\/de\/product\/go-up-sporty-lights\/","url":"https:\/\/www.globber.com\/ch\/de\/product\/go-up-sporty-lights\/","name":"Sit-and-Ride Scooter: GO\u2022UP SPORTY LIGHTS \u2013 Globber","isPartOf":{"@id":"https:\/\/www.globber.com\/ch\/fr\/#website"},"primaryImageOfPage":{"@id":"https:\/\/www.globber.com\/ch\/de\/product\/go-up-sporty-lights\/#primaryimage"},"image":{"@id":"https:\/\/www.globber.com\/ch\/de\/product\/go-up-sporty-lights\/#primaryimage"},"thumbnailUrl":"https:\/\/cdn.globber.com\/content\/sites\/21\/2023\/11\/452-706-4_stages-all_rgb.jpg","datePublished":"2023-11-27T06:30:46+00:00","dateModified":"2026-04-26T06:17:40+00:00","description":"Play the day away with a light-up, innovative scooter with seat! This light-up 3-in-1 scooter delivers a fun and colourful ride for kids. Don\u2019t miss it!","breadcrumb":{"@id":"https:\/\/www.globber.com\/ch\/de\/product\/go-up-sporty-lights\/#breadcrumb"},"inLanguage":"de-CH","potentialAction":[{"@type":"ReadAction","target":["https:\/\/www.globber.com\/ch\/de\/product\/go-up-sporty-lights\/"]}]},{"@type":"ImageObject","inLanguage":"de-CH","@id":"https:\/\/www.globber.com\/ch\/de\/product\/go-up-sporty-lights\/#primaryimage","url":"https:\/\/cdn.globber.com\/content\/sites\/21\/2023\/11\/452-706-4_stages-all_rgb.jpg","contentUrl":"https:\/\/cdn.globber.com\/content\/sites\/21\/2023\/11\/452-706-4_stages-all_rgb.jpg","width":2048,"height":2048},{"@type":"BreadcrumbList","@id":"https:\/\/www.globber.com\/ch\/de\/product\/go-up-sporty-lights\/#breadcrumb","itemListElement":[{"@type":"ListItem","position":1,"name":"Alle Produkte","item":"https:\/\/www.globber.com\/ch\/de\/shop-nach-produkt\/"},{"@type":"ListItem","position":2,"name":"GO UP Sporty Lights"}]},{"@type":"WebSite","@id":"https:\/\/www.globber.com\/ch\/fr\/#website","url":"https:\/\/www.globber.com\/ch\/fr\/","name":"Globber Scooter Schweiz","description":"Der offizielle Online Shop","publisher":{"@id":"https:\/\/www.globber.com\/ch\/fr\/#organization"},"potentialAction":[{"@type":"SearchAction","target":{"@type":"EntryPoint","urlTemplate":"https:\/\/www.globber.com\/ch\/fr\/?s={search_term_string}"},"query-input":{"@type":"PropertyValueSpecification","valueRequired":true,"valueName":"search_term_string"}}],"inLanguage":"de-CH"},{"@type":"Organization","@id":"https:\/\/www.globber.com\/ch\/fr\/#organization","name":"Globber Scooter Schweiz","url":"https:\/\/www.globber.com\/ch\/fr\/","logo":{"@type":"ImageObject","inLanguage":"de-CH","@id":"https:\/\/www.globber.com\/ch\/fr\/#\/schema\/logo\/image\/","url":"https:\/\/cdn.globber.com\/content\/2024\/05\/logo.svg","contentUrl":"https:\/\/cdn.globber.com\/content\/2024\/05\/logo.svg","width":601,"height":112,"caption":"Globber Scooter Schweiz"},"image":{"@id":"https:\/\/www.globber.com\/ch\/fr\/#\/schema\/logo\/image\/"}}]},"og_availability":"instock","product_availability":"instock","product_retailer_item_id":"452-XXX-4","product_condition":"new"},"_links":{"self":[{"href":"https:\/\/www.globber.com\/ch\/de\/wp-json\/wp\/v2\/product\/11652","targetHints":{"allow":["GET"]}}],"collection":[{"href":"https:\/\/www.globber.com\/ch\/de\/wp-json\/wp\/v2\/product"}],"about":[{"href":"https:\/\/www.globber.com\/ch\/de\/wp-json\/wp\/v2\/types\/product"}],"replies":[{"embeddable":true,"href":"https:\/\/www.globber.com\/ch\/de\/wp-json\/wp\/v2\/comments?post=11652"}],"wp:featuredmedia":[{"embeddable":true,"href":"https:\/\/www.globber.com\/ch\/de\/wp-json\/wp\/v2\/media\/20652"}],"wp:attachment":[{"href":"https:\/\/www.globber.com\/ch\/de\/wp-json\/wp\/v2\/media?parent=11652"}],"wp:term":[{"taxonomy":"product-special-badges","embeddable":true,"href":"https:\/\/www.globber.com\/ch\/de\/wp-json\/wp\/v2\/product-special-badges?post=11652"},{"taxonomy":"product_brand","embeddable":true,"href":"https:\/\/www.globber.com\/ch\/de\/wp-json\/wp\/v2\/product_brand?post=11652"},{"taxonomy":"product_cat","embeddable":true,"href":"https:\/\/www.globber.com\/ch\/de\/wp-json\/wp\/v2\/product_cat?post=11652"},{"taxonomy":"product_tag","embeddable":true,"href":"https:\/\/www.globber.com\/ch\/de\/wp-json\/wp\/v2\/product_tag?post=11652"}],"curies":[{"name":"wp","href":"https:\/\/api.w.org\/{rel}","templated":true}]}}