{"id":11916,"date":"2023-11-28T10:12:59","date_gmt":"2023-11-28T09:12:59","guid":{"rendered":"https:\/\/staging.globberscooter.com\/ch\/?post_type=product&#038;p=11916"},"modified":"2026-04-30T08:18:36","modified_gmt":"2026-04-30T06:18:36","slug":"flow-foldable-junior-lights","status":"publish","type":"product","link":"https:\/\/www.globber.com\/ch\/de\/product\/flow-foldable-junior-lights\/","title":{"rendered":"Flow Foldable Junior"},"content":{"rendered":"<p>Zeige deine F\u00e4higkeiten auf einem 2-Rad-Scooter, der speziell f\u00fcr Kinder ab 3 Jahren (und \u00e4lter!) entwickelt wurde. FLOW FOLDABLE JUNIOR LIGHTS ist der beste faltbare 2-Rad-Scooter f\u00fcr Kinder, die ihren ersten 3-Rad-Scooter schon hinter sich gelassen haben und bereit f\u00fcr ein fortgeschritteneres 2-Rad-Fahrgef\u00fchl sind. Schaff dir das zus\u00e4tzliche Rad und fahr wie ein kleiner Profi!<\/p>\n<p>Dank Globbers integriertem Klappmechanismus, robustem Deck-Design, stabiler Bremsstruktur, verstellbarem Lenker und batteriefreien LED-R\u00e4dern bietet der FLOW FOLDABLE JUNIOR LIGHTS 2-Rad-Scooter sichere, komfortable und leuchtende Fahrten f\u00fcr wachsende Kinder!<\/p>\n","protected":false},"excerpt":{"rendered":"<p class=\"p1\"><strong>Faltbarer 2-Rad-Scooter f\u00fcr Kinder (ab 3 Jahren)<\/strong><\/p>\n","protected":false},"featured_media":11970,"comment_status":"open","ping_status":"closed","template":"","meta":{"_acf_changed":false,"inline_featured_image":false},"product-special-badges":[],"product_brand":[],"product_cat":[4403,4401,4361,3134,1692,1696,1694,1686,399,485],"product_tag":[3988],"class_list":{"0":"post-11916","1":"product","2":"type-product","3":"status-publish","4":"has-post-thumbnail","6":"product_cat-flow-serie-alle-erwachsenen-serien","7":"product_cat-flow-serie-all-teens-series","8":"product_cat-2-raeder-kinder","9":"product_cat-alle-produkte","10":"product_cat-2-rad-roller-fuer-alle-alter","11":"product_cat-faltbare-roller","12":"product_cat-licht-roller","13":"product_cat-flow-serie","14":"product_cat-scooter-fuer-kinder","15":"product_cat-scooter-fuer-teenager","16":"product_tag-import","17":"pa_altersspanne-3y","18":"pa_bremsen-mechanische-hinterradbremse-zusammensetzung","19":"pa_color-blue","20":"pa_color-mint","21":"pa_color-rosa","22":"pa_deckmaterial-composite-pp-fiber-aluminium-frame-sandgrip-tape","23":"pa_ean-3872","24":"pa_ean-3875","25":"pa_ean-3876","26":"pa_einstellbar-ja","27":"pa_empfohlene-benutzerhoehe-95-130-cm","28":"pa_faltbar-yes","29":"pa_grose-der-brucke-w-13cm-x-l-42cm","30":"pa_hohen-der-t-stangen-72-5-77-5-82-5cm","31":"pa_material-der-rader-pu-guss-mit-hoher-rueckfederung","32":"pa_maximales-benutzergewicht-50kg","33":"pa_product-badges-beleuchtete","34":"pa_product-badges-einstellbar","35":"pa_product-badges-robust","36":"pa_product-badges-zusammenklappbar","37":"pa_produktgewicht-netto-3-50kg","38":"pa_produkttyp-city-scooter","39":"pa_radgrose-121mm-24mm-wide-front","40":"pa_radgrose-121mm-24mm-wide-rear","42":"first","43":"instock","44":"taxable","45":"shipping-taxable","46":"purchasable","47":"product-type-variable"},"acf":[],"yoast_head":"<!-- This site is optimized with the Yoast SEO Premium plugin v20.12 (Yoast SEO v23.4) - https:\/\/yoast.com\/wordpress\/plugins\/seo\/ -->\n<title>Flow Foldable Junior - Globber Scooter Schweiz<\/title>\n<meta name=\"robots\" content=\"index, follow, max-snippet:-1, max-image-preview:large, max-video-preview:-1\" \/>\n<link rel=\"canonical\" href=\"https:\/\/www.globber.com\/ch\/de\/product\/flow-foldable-junior-lights\/\" \/>\n<meta property=\"og:locale\" content=\"de_DE\" \/>\n<meta property=\"og:type\" content=\"article\" \/>\n<meta property=\"og:title\" content=\"Flow Foldable Junior - Globber Scooter Schweiz\" \/>\n<meta property=\"og:description\" content=\"Faltbarer 2-Rad-Scooter f\u00fcr Kinder (ab 3 Jahren)\" \/>\n<meta property=\"og:url\" content=\"https:\/\/www.globber.com\/ch\/de\/product\/flow-foldable-junior-lights\/\" \/>\n<meta property=\"og:site_name\" content=\"Globber Scooter Schweiz\" \/>\n<meta property=\"article:modified_time\" content=\"2026-04-30T06:18:36+00:00\" \/>\n<meta property=\"og:image\" content=\"https:\/\/cdn.globber.com\/content\/2023\/11\/870-206_two-wheel-scooter-for-kids.jpg\" \/>\n\t<meta property=\"og:image:width\" content=\"2048\" \/>\n\t<meta property=\"og:image:height\" content=\"2048\" \/>\n\t<meta property=\"og:image:type\" content=\"image\/jpeg\" \/>\n<meta name=\"twitter:card\" content=\"summary_large_image\" \/>\n<meta name=\"twitter:label1\" content=\"Availability\" \/>\n\t<meta name=\"twitter:data1\" content=\"In stock\" \/>\n<script type=\"application\/ld+json\" class=\"yoast-schema-graph\">{\"@context\":\"https:\/\/schema.org\",\"@graph\":[{\"@type\":[\"WebPage\",\"ItemPage\"],\"@id\":\"https:\/\/www.globber.com\/ch\/de\/product\/flow-foldable-junior-lights\/\",\"url\":\"https:\/\/www.globber.com\/ch\/de\/product\/flow-foldable-junior-lights\/\",\"name\":\"Flow Foldable Junior - Globber Scooter Schweiz\",\"isPartOf\":{\"@id\":\"https:\/\/www.globber.com\/ch\/fr\/#website\"},\"primaryImageOfPage\":{\"@id\":\"https:\/\/www.globber.com\/ch\/de\/product\/flow-foldable-junior-lights\/#primaryimage\"},\"image\":{\"@id\":\"https:\/\/www.globber.com\/ch\/de\/product\/flow-foldable-junior-lights\/#primaryimage\"},\"thumbnailUrl\":\"https:\/\/cdn.globber.com\/content\/2023\/11\/870-206_two-wheel-scooter-for-kids.jpg\",\"datePublished\":\"2023-11-28T09:12:59+00:00\",\"dateModified\":\"2026-04-30T06:18:36+00:00\",\"breadcrumb\":{\"@id\":\"https:\/\/www.globber.com\/ch\/de\/product\/flow-foldable-junior-lights\/#breadcrumb\"},\"inLanguage\":\"de-CH\",\"potentialAction\":[{\"@type\":\"ReadAction\",\"target\":[\"https:\/\/www.globber.com\/ch\/de\/product\/flow-foldable-junior-lights\/\"]}]},{\"@type\":\"ImageObject\",\"inLanguage\":\"de-CH\",\"@id\":\"https:\/\/www.globber.com\/ch\/de\/product\/flow-foldable-junior-lights\/#primaryimage\",\"url\":\"https:\/\/cdn.globber.com\/content\/2023\/11\/870-206_two-wheel-scooter-for-kids.jpg\",\"contentUrl\":\"https:\/\/cdn.globber.com\/content\/2023\/11\/870-206_two-wheel-scooter-for-kids.jpg\",\"width\":2048,\"height\":2048},{\"@type\":\"BreadcrumbList\",\"@id\":\"https:\/\/www.globber.com\/ch\/de\/product\/flow-foldable-junior-lights\/#breadcrumb\",\"itemListElement\":[{\"@type\":\"ListItem\",\"position\":1,\"name\":\"Alle Produkte\",\"item\":\"https:\/\/www.globber.com\/ch\/de\/shop-nach-produkt\/\"},{\"@type\":\"ListItem\",\"position\":2,\"name\":\"Flow Foldable Junior\"}]},{\"@type\":\"WebSite\",\"@id\":\"https:\/\/www.globber.com\/ch\/fr\/#website\",\"url\":\"https:\/\/www.globber.com\/ch\/fr\/\",\"name\":\"Globber Scooter Schweiz\",\"description\":\"Der offizielle Online Shop\",\"publisher\":{\"@id\":\"https:\/\/www.globber.com\/ch\/fr\/#organization\"},\"potentialAction\":[{\"@type\":\"SearchAction\",\"target\":{\"@type\":\"EntryPoint\",\"urlTemplate\":\"https:\/\/www.globber.com\/ch\/fr\/?s={search_term_string}\"},\"query-input\":{\"@type\":\"PropertyValueSpecification\",\"valueRequired\":true,\"valueName\":\"search_term_string\"}}],\"inLanguage\":\"de-CH\"},{\"@type\":\"Organization\",\"@id\":\"https:\/\/www.globber.com\/ch\/fr\/#organization\",\"name\":\"Globber Scooter Schweiz\",\"url\":\"https:\/\/www.globber.com\/ch\/fr\/\",\"logo\":{\"@type\":\"ImageObject\",\"inLanguage\":\"de-CH\",\"@id\":\"https:\/\/www.globber.com\/ch\/fr\/#\/schema\/logo\/image\/\",\"url\":\"https:\/\/cdn.globber.com\/content\/2024\/05\/logo.svg\",\"contentUrl\":\"https:\/\/cdn.globber.com\/content\/2024\/05\/logo.svg\",\"width\":601,\"height\":112,\"caption\":\"Globber Scooter Schweiz\"},\"image\":{\"@id\":\"https:\/\/www.globber.com\/ch\/fr\/#\/schema\/logo\/image\/\"}}]}<\/script>\n<meta property=\"og:availability\" content=\"instock\" \/>\n<meta property=\"product:availability\" content=\"instock\" \/>\n<meta property=\"product:retailer_item_id\" content=\"870-XXX\" \/>\n<meta property=\"product:condition\" content=\"new\" \/>\n<!-- \/ Yoast SEO Premium plugin. -->","yoast_head_json":{"title":"Flow Foldable Junior - Globber Scooter Schweiz","robots":{"index":"index","follow":"follow","max-snippet":"max-snippet:-1","max-image-preview":"max-image-preview:large","max-video-preview":"max-video-preview:-1"},"canonical":"https:\/\/www.globber.com\/ch\/de\/product\/flow-foldable-junior-lights\/","og_locale":"de_DE","og_type":"article","og_title":"Flow Foldable Junior - Globber Scooter Schweiz","og_description":"Faltbarer 2-Rad-Scooter f\u00fcr Kinder (ab 3 Jahren)","og_url":"https:\/\/www.globber.com\/ch\/de\/product\/flow-foldable-junior-lights\/","og_site_name":"Globber Scooter Schweiz","article_modified_time":"2026-04-30T06:18:36+00:00","og_image":[{"width":2048,"height":2048,"url":"https:\/\/cdn.globber.com\/content\/2023\/11\/870-206_two-wheel-scooter-for-kids.jpg","type":"image\/jpeg"}],"twitter_card":"summary_large_image","twitter_misc":{"Availability":"In stock"},"schema":{"@context":"https:\/\/schema.org","@graph":[{"@type":["WebPage","ItemPage"],"@id":"https:\/\/www.globber.com\/ch\/de\/product\/flow-foldable-junior-lights\/","url":"https:\/\/www.globber.com\/ch\/de\/product\/flow-foldable-junior-lights\/","name":"Flow Foldable Junior - Globber Scooter Schweiz","isPartOf":{"@id":"https:\/\/www.globber.com\/ch\/fr\/#website"},"primaryImageOfPage":{"@id":"https:\/\/www.globber.com\/ch\/de\/product\/flow-foldable-junior-lights\/#primaryimage"},"image":{"@id":"https:\/\/www.globber.com\/ch\/de\/product\/flow-foldable-junior-lights\/#primaryimage"},"thumbnailUrl":"https:\/\/cdn.globber.com\/content\/2023\/11\/870-206_two-wheel-scooter-for-kids.jpg","datePublished":"2023-11-28T09:12:59+00:00","dateModified":"2026-04-30T06:18:36+00:00","breadcrumb":{"@id":"https:\/\/www.globber.com\/ch\/de\/product\/flow-foldable-junior-lights\/#breadcrumb"},"inLanguage":"de-CH","potentialAction":[{"@type":"ReadAction","target":["https:\/\/www.globber.com\/ch\/de\/product\/flow-foldable-junior-lights\/"]}]},{"@type":"ImageObject","inLanguage":"de-CH","@id":"https:\/\/www.globber.com\/ch\/de\/product\/flow-foldable-junior-lights\/#primaryimage","url":"https:\/\/cdn.globber.com\/content\/2023\/11\/870-206_two-wheel-scooter-for-kids.jpg","contentUrl":"https:\/\/cdn.globber.com\/content\/2023\/11\/870-206_two-wheel-scooter-for-kids.jpg","width":2048,"height":2048},{"@type":"BreadcrumbList","@id":"https:\/\/www.globber.com\/ch\/de\/product\/flow-foldable-junior-lights\/#breadcrumb","itemListElement":[{"@type":"ListItem","position":1,"name":"Alle Produkte","item":"https:\/\/www.globber.com\/ch\/de\/shop-nach-produkt\/"},{"@type":"ListItem","position":2,"name":"Flow Foldable Junior"}]},{"@type":"WebSite","@id":"https:\/\/www.globber.com\/ch\/fr\/#website","url":"https:\/\/www.globber.com\/ch\/fr\/","name":"Globber Scooter Schweiz","description":"Der offizielle Online Shop","publisher":{"@id":"https:\/\/www.globber.com\/ch\/fr\/#organization"},"potentialAction":[{"@type":"SearchAction","target":{"@type":"EntryPoint","urlTemplate":"https:\/\/www.globber.com\/ch\/fr\/?s={search_term_string}"},"query-input":{"@type":"PropertyValueSpecification","valueRequired":true,"valueName":"search_term_string"}}],"inLanguage":"de-CH"},{"@type":"Organization","@id":"https:\/\/www.globber.com\/ch\/fr\/#organization","name":"Globber Scooter Schweiz","url":"https:\/\/www.globber.com\/ch\/fr\/","logo":{"@type":"ImageObject","inLanguage":"de-CH","@id":"https:\/\/www.globber.com\/ch\/fr\/#\/schema\/logo\/image\/","url":"https:\/\/cdn.globber.com\/content\/2024\/05\/logo.svg","contentUrl":"https:\/\/cdn.globber.com\/content\/2024\/05\/logo.svg","width":601,"height":112,"caption":"Globber Scooter Schweiz"},"image":{"@id":"https:\/\/www.globber.com\/ch\/fr\/#\/schema\/logo\/image\/"}}]},"og_availability":"instock","product_availability":"instock","product_retailer_item_id":"870-XXX","product_condition":"new"},"_links":{"self":[{"href":"https:\/\/www.globber.com\/ch\/de\/wp-json\/wp\/v2\/product\/11916","targetHints":{"allow":["GET"]}}],"collection":[{"href":"https:\/\/www.globber.com\/ch\/de\/wp-json\/wp\/v2\/product"}],"about":[{"href":"https:\/\/www.globber.com\/ch\/de\/wp-json\/wp\/v2\/types\/product"}],"replies":[{"embeddable":true,"href":"https:\/\/www.globber.com\/ch\/de\/wp-json\/wp\/v2\/comments?post=11916"}],"wp:featuredmedia":[{"embeddable":true,"href":"https:\/\/www.globber.com\/ch\/de\/wp-json\/wp\/v2\/media\/11970"}],"wp:attachment":[{"href":"https:\/\/www.globber.com\/ch\/de\/wp-json\/wp\/v2\/media?parent=11916"}],"wp:term":[{"taxonomy":"product-special-badges","embeddable":true,"href":"https:\/\/www.globber.com\/ch\/de\/wp-json\/wp\/v2\/product-special-badges?post=11916"},{"taxonomy":"product_brand","embeddable":true,"href":"https:\/\/www.globber.com\/ch\/de\/wp-json\/wp\/v2\/product_brand?post=11916"},{"taxonomy":"product_cat","embeddable":true,"href":"https:\/\/www.globber.com\/ch\/de\/wp-json\/wp\/v2\/product_cat?post=11916"},{"taxonomy":"product_tag","embeddable":true,"href":"https:\/\/www.globber.com\/ch\/de\/wp-json\/wp\/v2\/product_tag?post=11916"}],"curies":[{"name":"wp","href":"https:\/\/api.w.org\/{rel}","templated":true}]}}