{"id":12095,"date":"2023-11-29T09:13:25","date_gmt":"2023-11-29T08:13:25","guid":{"rendered":"https:\/\/staging.globberscooter.com\/ch\/?post_type=product&#038;p=12095"},"modified":"2026-04-25T09:38:05","modified_gmt":"2026-04-25T07:38:05","slug":"master-helmet-47-51cm","status":"publish","type":"product","link":"https:\/\/www.globber.com\/ch\/de\/product\/master-helmet-47-51cm\/","title":{"rendered":"Urban | XS-S"},"content":{"rendered":"<p>Sie suchen einen h\u00fcbschen und sicheren Helm f\u00fcr Ihr Kind? Dann sind die Helme von MASTER genau das Richtige f\u00fcr Sie! Sie wurden nicht nur entworfen, um Ihre Kinder beim Fahren zu sch\u00fctzen, sondern sind auch in Pastellfarben erh\u00e4ltlich, die f\u00fcr einen besonders niedlichen und gewissenhaften Look sorgen. Erh\u00e4ltlich in XS \/ S (47-51cm), finden Sie die perfekte Passform f\u00fcr Ihr Kind, um sicher - und stylisch - auf Abenteuern unterwegs zu sein!<\/p>\n<p>MASTER Helme f\u00fcr Kinder sind mit einer sto\u00dfabsorbierenden, stabilen Au\u00dfenschale, LED-R\u00fccklichtern, Kinn- und Innenkopfpolstern mit Bel\u00fcftungs\u00f6ffnungen, verstellbaren Riemen und einem Modul f\u00fcr die Gr\u00f6\u00dfenanpassung hinten ausgestattet - f\u00fcr sichere, coole und bequeme Fahrten!<\/p>\n","protected":false},"excerpt":{"rendered":"<p>Cooler Helm f\u00fcr Kinder (XS\/S)<\/p>\n","protected":false},"featured_media":12105,"comment_status":"open","ping_status":"closed","template":"","meta":{"_acf_changed":false,"inline_featured_image":false},"product-special-badges":[],"product_brand":[],"product_cat":[593],"product_tag":[3988],"class_list":{"0":"post-12095","1":"product","2":"type-product","3":"status-publish","4":"has-post-thumbnail","6":"product_cat-schutzmittel","7":"product_tag-import","8":"pa_color-hellblau","9":"pa_color-mint","10":"pa_color-rosa","11":"pa_ean-3937","12":"pa_ean-3938","13":"pa_ean-4688","14":"pa_product-badges-bequem","15":"pa_product-badges-einstellbar","16":"pa_product-badges-led","17":"pa_product-badges-sicher","18":"pa_product-badges-stilvoll","19":"pa_produktkategorien-schutzausruestung-helme-knie-und-ellbogenschuetzer","21":"first","22":"instock","23":"taxable","24":"shipping-taxable","25":"purchasable","26":"product-type-variable"},"acf":[],"yoast_head":"<!-- This site is optimized with the Yoast SEO Premium plugin v20.12 (Yoast SEO v23.4) - https:\/\/yoast.com\/wordpress\/plugins\/seo\/ -->\n<title>Urban | XS-S - Globber Scooter Schweiz<\/title>\n<meta name=\"robots\" content=\"index, follow, max-snippet:-1, max-image-preview:large, max-video-preview:-1\" \/>\n<link rel=\"canonical\" href=\"https:\/\/www.globber.com\/ch\/de\/product\/master-helmet-47-51cm\/\" \/>\n<meta property=\"og:locale\" content=\"de_DE\" \/>\n<meta property=\"og:type\" content=\"article\" \/>\n<meta property=\"og:title\" content=\"Urban | XS-S - Globber Scooter Schweiz\" \/>\n<meta property=\"og:description\" content=\"Cooler Helm f\u00fcr Kinder (XS\/S)\" \/>\n<meta property=\"og:url\" content=\"https:\/\/www.globber.com\/ch\/de\/product\/master-helmet-47-51cm\/\" \/>\n<meta property=\"og:site_name\" content=\"Globber Scooter Schweiz\" \/>\n<meta property=\"article:modified_time\" content=\"2026-04-25T07:38:05+00:00\" \/>\n<meta property=\"og:image\" content=\"https:\/\/cdn.globber.com\/content\/2023\/11\/600-201_kid-scooter-helmets-with-adjustable-knob.jpg\" \/>\n\t<meta property=\"og:image:width\" content=\"2048\" \/>\n\t<meta property=\"og:image:height\" content=\"2048\" \/>\n\t<meta property=\"og:image:type\" content=\"image\/jpeg\" \/>\n<meta name=\"twitter:card\" content=\"summary_large_image\" \/>\n<meta name=\"twitter:label1\" content=\"Availability\" \/>\n\t<meta name=\"twitter:data1\" content=\"In stock\" \/>\n<script type=\"application\/ld+json\" class=\"yoast-schema-graph\">{\"@context\":\"https:\/\/schema.org\",\"@graph\":[{\"@type\":[\"WebPage\",\"ItemPage\"],\"@id\":\"https:\/\/www.globber.com\/ch\/de\/product\/master-helmet-47-51cm\/\",\"url\":\"https:\/\/www.globber.com\/ch\/de\/product\/master-helmet-47-51cm\/\",\"name\":\"Urban | XS-S - Globber Scooter Schweiz\",\"isPartOf\":{\"@id\":\"https:\/\/www.globber.com\/ch\/fr\/#website\"},\"primaryImageOfPage\":{\"@id\":\"https:\/\/www.globber.com\/ch\/de\/product\/master-helmet-47-51cm\/#primaryimage\"},\"image\":{\"@id\":\"https:\/\/www.globber.com\/ch\/de\/product\/master-helmet-47-51cm\/#primaryimage\"},\"thumbnailUrl\":\"https:\/\/cdn.globber.com\/content\/2023\/11\/600-201_kid-scooter-helmets-with-adjustable-knob.jpg\",\"datePublished\":\"2023-11-29T08:13:25+00:00\",\"dateModified\":\"2026-04-25T07:38:05+00:00\",\"breadcrumb\":{\"@id\":\"https:\/\/www.globber.com\/ch\/de\/product\/master-helmet-47-51cm\/#breadcrumb\"},\"inLanguage\":\"de-CH\",\"potentialAction\":[{\"@type\":\"ReadAction\",\"target\":[\"https:\/\/www.globber.com\/ch\/de\/product\/master-helmet-47-51cm\/\"]}]},{\"@type\":\"ImageObject\",\"inLanguage\":\"de-CH\",\"@id\":\"https:\/\/www.globber.com\/ch\/de\/product\/master-helmet-47-51cm\/#primaryimage\",\"url\":\"https:\/\/cdn.globber.com\/content\/2023\/11\/600-201_kid-scooter-helmets-with-adjustable-knob.jpg\",\"contentUrl\":\"https:\/\/cdn.globber.com\/content\/2023\/11\/600-201_kid-scooter-helmets-with-adjustable-knob.jpg\",\"width\":2048,\"height\":2048},{\"@type\":\"BreadcrumbList\",\"@id\":\"https:\/\/www.globber.com\/ch\/de\/product\/master-helmet-47-51cm\/#breadcrumb\",\"itemListElement\":[{\"@type\":\"ListItem\",\"position\":1,\"name\":\"Alle Produkte\",\"item\":\"https:\/\/www.globber.com\/ch\/de\/shop-nach-produkt\/\"},{\"@type\":\"ListItem\",\"position\":2,\"name\":\"Urban | XS-S\"}]},{\"@type\":\"WebSite\",\"@id\":\"https:\/\/www.globber.com\/ch\/fr\/#website\",\"url\":\"https:\/\/www.globber.com\/ch\/fr\/\",\"name\":\"Globber Scooter Schweiz\",\"description\":\"Der offizielle Online Shop\",\"publisher\":{\"@id\":\"https:\/\/www.globber.com\/ch\/fr\/#organization\"},\"potentialAction\":[{\"@type\":\"SearchAction\",\"target\":{\"@type\":\"EntryPoint\",\"urlTemplate\":\"https:\/\/www.globber.com\/ch\/fr\/?s={search_term_string}\"},\"query-input\":{\"@type\":\"PropertyValueSpecification\",\"valueRequired\":true,\"valueName\":\"search_term_string\"}}],\"inLanguage\":\"de-CH\"},{\"@type\":\"Organization\",\"@id\":\"https:\/\/www.globber.com\/ch\/fr\/#organization\",\"name\":\"Globber Scooter Schweiz\",\"url\":\"https:\/\/www.globber.com\/ch\/fr\/\",\"logo\":{\"@type\":\"ImageObject\",\"inLanguage\":\"de-CH\",\"@id\":\"https:\/\/www.globber.com\/ch\/fr\/#\/schema\/logo\/image\/\",\"url\":\"https:\/\/cdn.globber.com\/content\/2024\/05\/logo.svg\",\"contentUrl\":\"https:\/\/cdn.globber.com\/content\/2024\/05\/logo.svg\",\"width\":601,\"height\":112,\"caption\":\"Globber Scooter Schweiz\"},\"image\":{\"@id\":\"https:\/\/www.globber.com\/ch\/fr\/#\/schema\/logo\/image\/\"}}]}<\/script>\n<meta property=\"og:availability\" content=\"instock\" \/>\n<meta property=\"product:availability\" content=\"instock\" \/>\n<meta property=\"product:retailer_item_id\" content=\"600-XXX\" \/>\n<meta property=\"product:condition\" content=\"new\" \/>\n<!-- \/ Yoast SEO Premium plugin. -->","yoast_head_json":{"title":"Urban | XS-S - Globber Scooter Schweiz","robots":{"index":"index","follow":"follow","max-snippet":"max-snippet:-1","max-image-preview":"max-image-preview:large","max-video-preview":"max-video-preview:-1"},"canonical":"https:\/\/www.globber.com\/ch\/de\/product\/master-helmet-47-51cm\/","og_locale":"de_DE","og_type":"article","og_title":"Urban | XS-S - Globber Scooter Schweiz","og_description":"Cooler Helm f\u00fcr Kinder (XS\/S)","og_url":"https:\/\/www.globber.com\/ch\/de\/product\/master-helmet-47-51cm\/","og_site_name":"Globber Scooter Schweiz","article_modified_time":"2026-04-25T07:38:05+00:00","og_image":[{"width":2048,"height":2048,"url":"https:\/\/cdn.globber.com\/content\/2023\/11\/600-201_kid-scooter-helmets-with-adjustable-knob.jpg","type":"image\/jpeg"}],"twitter_card":"summary_large_image","twitter_misc":{"Availability":"In stock"},"schema":{"@context":"https:\/\/schema.org","@graph":[{"@type":["WebPage","ItemPage"],"@id":"https:\/\/www.globber.com\/ch\/de\/product\/master-helmet-47-51cm\/","url":"https:\/\/www.globber.com\/ch\/de\/product\/master-helmet-47-51cm\/","name":"Urban | XS-S - Globber Scooter Schweiz","isPartOf":{"@id":"https:\/\/www.globber.com\/ch\/fr\/#website"},"primaryImageOfPage":{"@id":"https:\/\/www.globber.com\/ch\/de\/product\/master-helmet-47-51cm\/#primaryimage"},"image":{"@id":"https:\/\/www.globber.com\/ch\/de\/product\/master-helmet-47-51cm\/#primaryimage"},"thumbnailUrl":"https:\/\/cdn.globber.com\/content\/2023\/11\/600-201_kid-scooter-helmets-with-adjustable-knob.jpg","datePublished":"2023-11-29T08:13:25+00:00","dateModified":"2026-04-25T07:38:05+00:00","breadcrumb":{"@id":"https:\/\/www.globber.com\/ch\/de\/product\/master-helmet-47-51cm\/#breadcrumb"},"inLanguage":"de-CH","potentialAction":[{"@type":"ReadAction","target":["https:\/\/www.globber.com\/ch\/de\/product\/master-helmet-47-51cm\/"]}]},{"@type":"ImageObject","inLanguage":"de-CH","@id":"https:\/\/www.globber.com\/ch\/de\/product\/master-helmet-47-51cm\/#primaryimage","url":"https:\/\/cdn.globber.com\/content\/2023\/11\/600-201_kid-scooter-helmets-with-adjustable-knob.jpg","contentUrl":"https:\/\/cdn.globber.com\/content\/2023\/11\/600-201_kid-scooter-helmets-with-adjustable-knob.jpg","width":2048,"height":2048},{"@type":"BreadcrumbList","@id":"https:\/\/www.globber.com\/ch\/de\/product\/master-helmet-47-51cm\/#breadcrumb","itemListElement":[{"@type":"ListItem","position":1,"name":"Alle Produkte","item":"https:\/\/www.globber.com\/ch\/de\/shop-nach-produkt\/"},{"@type":"ListItem","position":2,"name":"Urban | XS-S"}]},{"@type":"WebSite","@id":"https:\/\/www.globber.com\/ch\/fr\/#website","url":"https:\/\/www.globber.com\/ch\/fr\/","name":"Globber Scooter Schweiz","description":"Der offizielle Online Shop","publisher":{"@id":"https:\/\/www.globber.com\/ch\/fr\/#organization"},"potentialAction":[{"@type":"SearchAction","target":{"@type":"EntryPoint","urlTemplate":"https:\/\/www.globber.com\/ch\/fr\/?s={search_term_string}"},"query-input":{"@type":"PropertyValueSpecification","valueRequired":true,"valueName":"search_term_string"}}],"inLanguage":"de-CH"},{"@type":"Organization","@id":"https:\/\/www.globber.com\/ch\/fr\/#organization","name":"Globber Scooter Schweiz","url":"https:\/\/www.globber.com\/ch\/fr\/","logo":{"@type":"ImageObject","inLanguage":"de-CH","@id":"https:\/\/www.globber.com\/ch\/fr\/#\/schema\/logo\/image\/","url":"https:\/\/cdn.globber.com\/content\/2024\/05\/logo.svg","contentUrl":"https:\/\/cdn.globber.com\/content\/2024\/05\/logo.svg","width":601,"height":112,"caption":"Globber Scooter Schweiz"},"image":{"@id":"https:\/\/www.globber.com\/ch\/fr\/#\/schema\/logo\/image\/"}}]},"og_availability":"instock","product_availability":"instock","product_retailer_item_id":"600-XXX","product_condition":"new"},"_links":{"self":[{"href":"https:\/\/www.globber.com\/ch\/de\/wp-json\/wp\/v2\/product\/12095","targetHints":{"allow":["GET"]}}],"collection":[{"href":"https:\/\/www.globber.com\/ch\/de\/wp-json\/wp\/v2\/product"}],"about":[{"href":"https:\/\/www.globber.com\/ch\/de\/wp-json\/wp\/v2\/types\/product"}],"replies":[{"embeddable":true,"href":"https:\/\/www.globber.com\/ch\/de\/wp-json\/wp\/v2\/comments?post=12095"}],"wp:featuredmedia":[{"embeddable":true,"href":"https:\/\/www.globber.com\/ch\/de\/wp-json\/wp\/v2\/media\/12105"}],"wp:attachment":[{"href":"https:\/\/www.globber.com\/ch\/de\/wp-json\/wp\/v2\/media?parent=12095"}],"wp:term":[{"taxonomy":"product-special-badges","embeddable":true,"href":"https:\/\/www.globber.com\/ch\/de\/wp-json\/wp\/v2\/product-special-badges?post=12095"},{"taxonomy":"product_brand","embeddable":true,"href":"https:\/\/www.globber.com\/ch\/de\/wp-json\/wp\/v2\/product_brand?post=12095"},{"taxonomy":"product_cat","embeddable":true,"href":"https:\/\/www.globber.com\/ch\/de\/wp-json\/wp\/v2\/product_cat?post=12095"},{"taxonomy":"product_tag","embeddable":true,"href":"https:\/\/www.globber.com\/ch\/de\/wp-json\/wp\/v2\/product_tag?post=12095"}],"curies":[{"name":"wp","href":"https:\/\/api.w.org\/{rel}","templated":true}]}}