{"id":12120,"date":"2023-11-29T09:41:38","date_gmt":"2023-11-29T08:41:38","guid":{"rendered":"https:\/\/staging.globberscooter.com\/ch\/?post_type=product&#038;p=12120"},"modified":"2026-04-15T19:03:05","modified_gmt":"2026-04-15T17:03:05","slug":"ultimum-helmet-51-55cm","status":"publish","type":"product","link":"https:\/\/www.globber.com\/ch\/de\/product\/ultimum-helmet-51-55cm\/","title":{"rendered":"Urban | S-M"},"content":{"rendered":"<p>Kombinieren Sie Ihre Fahrt mit einem trendigen und robusten Helm f\u00fcr einen besonders coolen und gewissenhaften Look! Die ULTIMUM-Helme sind in einer Reihe von leuchtenden Farben erh\u00e4ltlich, die zur Stimmung Ihres Kindes passen und gleichzeitig den n\u00f6tigen Schutz bieten! Mit kleinen und mittleren Gr\u00f6\u00dfen (51-55 cm) finden Sie die perfekte Passform f\u00fcr Ihre Kinder und sorgen daf\u00fcr, dass sie bei ihren Abenteuern sicher (und stylisch!) sind.<\/p>\n<p>ULTIMUM-Helme sind mit einer sto\u00dfabsorbierenden, robusten Au\u00dfenschale, LED-R\u00fccklichtern, Kinn- und Innenkopfpolstern mit Bel\u00fcftungs\u00f6ffnungen, verstellbaren Riemen und einem Modul f\u00fcr die Gr\u00f6\u00dfenanpassung hinten ausgestattet - f\u00fcr sichere, coole und bequeme Fahrten!<\/p>\n","protected":false},"excerpt":{"rendered":"<p>Scooter Helm f\u00fcr Kinder (S\/M)<\/p>\n","protected":false},"featured_media":12152,"comment_status":"open","ping_status":"closed","template":"","meta":{"_acf_changed":false,"inline_featured_image":false},"product-special-badges":[],"product_brand":[],"product_cat":[593],"product_tag":[3988],"class_list":{"0":"post-12120","1":"product","2":"type-product","3":"status-publish","4":"has-post-thumbnail","6":"product_cat-schutzmittel","7":"product_tag-import","8":"pa_color-dunkelblau","9":"pa_color-pink","10":"pa_ean-3970","11":"pa_ean-3971","12":"pa_product-badges-bequem","13":"pa_product-badges-einstellbar","14":"pa_product-badges-led","15":"pa_product-badges-sicher","16":"pa_product-badges-stilvoll","17":"pa_produktkategorien-schutzausruestung-helme-knie-und-ellbogenschuetzer","19":"first","20":"instock","21":"taxable","22":"shipping-taxable","23":"purchasable","24":"product-type-variable"},"acf":[],"yoast_head":"<!-- This site is optimized with the Yoast SEO Premium plugin v20.12 (Yoast SEO v23.4) - https:\/\/yoast.com\/wordpress\/plugins\/seo\/ -->\n<title>Urban | S-M - Globber Scooter Schweiz<\/title>\n<meta name=\"robots\" content=\"index, follow, max-snippet:-1, max-image-preview:large, max-video-preview:-1\" \/>\n<link rel=\"canonical\" href=\"https:\/\/www.globber.com\/ch\/de\/product\/ultimum-helmet-51-55cm\/\" \/>\n<meta property=\"og:locale\" content=\"de_DE\" \/>\n<meta property=\"og:type\" content=\"article\" \/>\n<meta property=\"og:title\" content=\"Urban | S-M - Globber Scooter Schweiz\" \/>\n<meta property=\"og:description\" content=\"Scooter Helm f\u00fcr Kinder (S\/M)\" \/>\n<meta property=\"og:url\" content=\"https:\/\/www.globber.com\/ch\/de\/product\/ultimum-helmet-51-55cm\/\" \/>\n<meta property=\"og:site_name\" content=\"Globber Scooter Schweiz\" \/>\n<meta property=\"article:modified_time\" content=\"2026-04-15T17:03:05+00:00\" \/>\n<meta property=\"og:image\" content=\"https:\/\/cdn.globber.com\/content\/2023\/11\/601-110_kid-scooter-helmets-with-adjustable-knob.jpg\" \/>\n\t<meta property=\"og:image:width\" content=\"2048\" \/>\n\t<meta property=\"og:image:height\" content=\"2048\" \/>\n\t<meta property=\"og:image:type\" content=\"image\/jpeg\" \/>\n<meta name=\"twitter:card\" content=\"summary_large_image\" \/>\n<meta name=\"twitter:label1\" content=\"Availability\" \/>\n\t<meta name=\"twitter:data1\" content=\"In stock\" \/>\n<script type=\"application\/ld+json\" class=\"yoast-schema-graph\">{\"@context\":\"https:\/\/schema.org\",\"@graph\":[{\"@type\":[\"WebPage\",\"ItemPage\"],\"@id\":\"https:\/\/www.globber.com\/ch\/de\/product\/ultimum-helmet-51-55cm\/\",\"url\":\"https:\/\/www.globber.com\/ch\/de\/product\/ultimum-helmet-51-55cm\/\",\"name\":\"Urban | S-M - Globber Scooter Schweiz\",\"isPartOf\":{\"@id\":\"https:\/\/www.globber.com\/ch\/fr\/#website\"},\"primaryImageOfPage\":{\"@id\":\"https:\/\/www.globber.com\/ch\/de\/product\/ultimum-helmet-51-55cm\/#primaryimage\"},\"image\":{\"@id\":\"https:\/\/www.globber.com\/ch\/de\/product\/ultimum-helmet-51-55cm\/#primaryimage\"},\"thumbnailUrl\":\"https:\/\/cdn.globber.com\/content\/2023\/11\/601-110_kid-scooter-helmets-with-adjustable-knob.jpg\",\"datePublished\":\"2023-11-29T08:41:38+00:00\",\"dateModified\":\"2026-04-15T17:03:05+00:00\",\"breadcrumb\":{\"@id\":\"https:\/\/www.globber.com\/ch\/de\/product\/ultimum-helmet-51-55cm\/#breadcrumb\"},\"inLanguage\":\"de-CH\",\"potentialAction\":[{\"@type\":\"ReadAction\",\"target\":[\"https:\/\/www.globber.com\/ch\/de\/product\/ultimum-helmet-51-55cm\/\"]}]},{\"@type\":\"ImageObject\",\"inLanguage\":\"de-CH\",\"@id\":\"https:\/\/www.globber.com\/ch\/de\/product\/ultimum-helmet-51-55cm\/#primaryimage\",\"url\":\"https:\/\/cdn.globber.com\/content\/2023\/11\/601-110_kid-scooter-helmets-with-adjustable-knob.jpg\",\"contentUrl\":\"https:\/\/cdn.globber.com\/content\/2023\/11\/601-110_kid-scooter-helmets-with-adjustable-knob.jpg\",\"width\":2048,\"height\":2048},{\"@type\":\"BreadcrumbList\",\"@id\":\"https:\/\/www.globber.com\/ch\/de\/product\/ultimum-helmet-51-55cm\/#breadcrumb\",\"itemListElement\":[{\"@type\":\"ListItem\",\"position\":1,\"name\":\"Alle Produkte\",\"item\":\"https:\/\/www.globber.com\/ch\/de\/shop-nach-produkt\/\"},{\"@type\":\"ListItem\",\"position\":2,\"name\":\"Urban | S-M\"}]},{\"@type\":\"WebSite\",\"@id\":\"https:\/\/www.globber.com\/ch\/fr\/#website\",\"url\":\"https:\/\/www.globber.com\/ch\/fr\/\",\"name\":\"Globber Scooter Schweiz\",\"description\":\"Der offizielle Online Shop\",\"publisher\":{\"@id\":\"https:\/\/www.globber.com\/ch\/fr\/#organization\"},\"potentialAction\":[{\"@type\":\"SearchAction\",\"target\":{\"@type\":\"EntryPoint\",\"urlTemplate\":\"https:\/\/www.globber.com\/ch\/fr\/?s={search_term_string}\"},\"query-input\":{\"@type\":\"PropertyValueSpecification\",\"valueRequired\":true,\"valueName\":\"search_term_string\"}}],\"inLanguage\":\"de-CH\"},{\"@type\":\"Organization\",\"@id\":\"https:\/\/www.globber.com\/ch\/fr\/#organization\",\"name\":\"Globber Scooter Schweiz\",\"url\":\"https:\/\/www.globber.com\/ch\/fr\/\",\"logo\":{\"@type\":\"ImageObject\",\"inLanguage\":\"de-CH\",\"@id\":\"https:\/\/www.globber.com\/ch\/fr\/#\/schema\/logo\/image\/\",\"url\":\"https:\/\/cdn.globber.com\/content\/2024\/05\/logo.svg\",\"contentUrl\":\"https:\/\/cdn.globber.com\/content\/2024\/05\/logo.svg\",\"width\":601,\"height\":112,\"caption\":\"Globber Scooter Schweiz\"},\"image\":{\"@id\":\"https:\/\/www.globber.com\/ch\/fr\/#\/schema\/logo\/image\/\"}}]}<\/script>\n<meta property=\"og:availability\" content=\"instock\" \/>\n<meta property=\"product:availability\" content=\"instock\" \/>\n<meta property=\"product:retailer_item_id\" content=\"601-XXX\" \/>\n<meta property=\"product:condition\" content=\"new\" \/>\n<!-- \/ Yoast SEO Premium plugin. -->","yoast_head_json":{"title":"Urban | S-M - Globber Scooter Schweiz","robots":{"index":"index","follow":"follow","max-snippet":"max-snippet:-1","max-image-preview":"max-image-preview:large","max-video-preview":"max-video-preview:-1"},"canonical":"https:\/\/www.globber.com\/ch\/de\/product\/ultimum-helmet-51-55cm\/","og_locale":"de_DE","og_type":"article","og_title":"Urban | S-M - Globber Scooter Schweiz","og_description":"Scooter Helm f\u00fcr Kinder (S\/M)","og_url":"https:\/\/www.globber.com\/ch\/de\/product\/ultimum-helmet-51-55cm\/","og_site_name":"Globber Scooter Schweiz","article_modified_time":"2026-04-15T17:03:05+00:00","og_image":[{"width":2048,"height":2048,"url":"https:\/\/cdn.globber.com\/content\/2023\/11\/601-110_kid-scooter-helmets-with-adjustable-knob.jpg","type":"image\/jpeg"}],"twitter_card":"summary_large_image","twitter_misc":{"Availability":"In stock"},"schema":{"@context":"https:\/\/schema.org","@graph":[{"@type":["WebPage","ItemPage"],"@id":"https:\/\/www.globber.com\/ch\/de\/product\/ultimum-helmet-51-55cm\/","url":"https:\/\/www.globber.com\/ch\/de\/product\/ultimum-helmet-51-55cm\/","name":"Urban | S-M - Globber Scooter Schweiz","isPartOf":{"@id":"https:\/\/www.globber.com\/ch\/fr\/#website"},"primaryImageOfPage":{"@id":"https:\/\/www.globber.com\/ch\/de\/product\/ultimum-helmet-51-55cm\/#primaryimage"},"image":{"@id":"https:\/\/www.globber.com\/ch\/de\/product\/ultimum-helmet-51-55cm\/#primaryimage"},"thumbnailUrl":"https:\/\/cdn.globber.com\/content\/2023\/11\/601-110_kid-scooter-helmets-with-adjustable-knob.jpg","datePublished":"2023-11-29T08:41:38+00:00","dateModified":"2026-04-15T17:03:05+00:00","breadcrumb":{"@id":"https:\/\/www.globber.com\/ch\/de\/product\/ultimum-helmet-51-55cm\/#breadcrumb"},"inLanguage":"de-CH","potentialAction":[{"@type":"ReadAction","target":["https:\/\/www.globber.com\/ch\/de\/product\/ultimum-helmet-51-55cm\/"]}]},{"@type":"ImageObject","inLanguage":"de-CH","@id":"https:\/\/www.globber.com\/ch\/de\/product\/ultimum-helmet-51-55cm\/#primaryimage","url":"https:\/\/cdn.globber.com\/content\/2023\/11\/601-110_kid-scooter-helmets-with-adjustable-knob.jpg","contentUrl":"https:\/\/cdn.globber.com\/content\/2023\/11\/601-110_kid-scooter-helmets-with-adjustable-knob.jpg","width":2048,"height":2048},{"@type":"BreadcrumbList","@id":"https:\/\/www.globber.com\/ch\/de\/product\/ultimum-helmet-51-55cm\/#breadcrumb","itemListElement":[{"@type":"ListItem","position":1,"name":"Alle Produkte","item":"https:\/\/www.globber.com\/ch\/de\/shop-nach-produkt\/"},{"@type":"ListItem","position":2,"name":"Urban | S-M"}]},{"@type":"WebSite","@id":"https:\/\/www.globber.com\/ch\/fr\/#website","url":"https:\/\/www.globber.com\/ch\/fr\/","name":"Globber Scooter Schweiz","description":"Der offizielle Online Shop","publisher":{"@id":"https:\/\/www.globber.com\/ch\/fr\/#organization"},"potentialAction":[{"@type":"SearchAction","target":{"@type":"EntryPoint","urlTemplate":"https:\/\/www.globber.com\/ch\/fr\/?s={search_term_string}"},"query-input":{"@type":"PropertyValueSpecification","valueRequired":true,"valueName":"search_term_string"}}],"inLanguage":"de-CH"},{"@type":"Organization","@id":"https:\/\/www.globber.com\/ch\/fr\/#organization","name":"Globber Scooter Schweiz","url":"https:\/\/www.globber.com\/ch\/fr\/","logo":{"@type":"ImageObject","inLanguage":"de-CH","@id":"https:\/\/www.globber.com\/ch\/fr\/#\/schema\/logo\/image\/","url":"https:\/\/cdn.globber.com\/content\/2024\/05\/logo.svg","contentUrl":"https:\/\/cdn.globber.com\/content\/2024\/05\/logo.svg","width":601,"height":112,"caption":"Globber Scooter Schweiz"},"image":{"@id":"https:\/\/www.globber.com\/ch\/fr\/#\/schema\/logo\/image\/"}}]},"og_availability":"instock","product_availability":"instock","product_retailer_item_id":"601-XXX","product_condition":"new"},"_links":{"self":[{"href":"https:\/\/www.globber.com\/ch\/de\/wp-json\/wp\/v2\/product\/12120","targetHints":{"allow":["GET"]}}],"collection":[{"href":"https:\/\/www.globber.com\/ch\/de\/wp-json\/wp\/v2\/product"}],"about":[{"href":"https:\/\/www.globber.com\/ch\/de\/wp-json\/wp\/v2\/types\/product"}],"replies":[{"embeddable":true,"href":"https:\/\/www.globber.com\/ch\/de\/wp-json\/wp\/v2\/comments?post=12120"}],"wp:featuredmedia":[{"embeddable":true,"href":"https:\/\/www.globber.com\/ch\/de\/wp-json\/wp\/v2\/media\/12152"}],"wp:attachment":[{"href":"https:\/\/www.globber.com\/ch\/de\/wp-json\/wp\/v2\/media?parent=12120"}],"wp:term":[{"taxonomy":"product-special-badges","embeddable":true,"href":"https:\/\/www.globber.com\/ch\/de\/wp-json\/wp\/v2\/product-special-badges?post=12120"},{"taxonomy":"product_brand","embeddable":true,"href":"https:\/\/www.globber.com\/ch\/de\/wp-json\/wp\/v2\/product_brand?post=12120"},{"taxonomy":"product_cat","embeddable":true,"href":"https:\/\/www.globber.com\/ch\/de\/wp-json\/wp\/v2\/product_cat?post=12120"},{"taxonomy":"product_tag","embeddable":true,"href":"https:\/\/www.globber.com\/ch\/de\/wp-json\/wp\/v2\/product_tag?post=12120"}],"curies":[{"name":"wp","href":"https:\/\/api.w.org\/{rel}","templated":true}]}}