{"id":12312,"date":"2023-11-30T06:47:42","date_gmt":"2023-11-30T05:47:42","guid":{"rendered":"https:\/\/staging.globberscooter.com\/ch\/?post_type=product&#038;p=12312"},"modified":"2026-03-02T08:18:16","modified_gmt":"2026-03-02T07:18:16","slug":"go-up-active-lights-ecologic","status":"publish","type":"product","link":"https:\/\/www.globber.com\/ch\/de\/product\/go-up-active-lights-ecologic\/","title":{"rendered":"GO UP Active Ecologic Lights"},"content":{"rendered":"<p>Eine gr\u00fcnere Welt auf R\u00e4dern: GO-UP ACTIVE LIGHTS <b>\u00d6KO<\/b>LOGISCH hilft Familien rund um den Globus, \u00f6kologische Werte und Entscheidungen zu leben und umzusetzen. Hergestellt aus 100% Global Recycled Standard Kunststoff und biologisch abbaubarem Weizenstroh*.<\/p>\n<p>Ein 3-r\u00e4driger, beleuchteter \u00d6ko-Roller mit Sitz f\u00fcr Kleinkinder und Kinder, der sich in einen Aufsitz- (15-36M), Laufrad- (15-36M) und Kleinkinder-Roller (3-9J+) verwandeln l\u00e4sst, GO-UP ACTIVE LIGHTS <b>\u00d6KO<\/b>LOGISCH hat die gleiche strukturelle Integrit\u00e4t wie das ikonische Original, verwendet aber mehr \u00f6kologische Materialien, um die Umwelt weniger zu belasten.<\/p>\n<p>Genie\u00dfen Sie jahrelang umweltfreundliche Spielstunden mit einem Freund aus Ihrer Kindheit: Reiten, Radfahren oder Rollerfahren - einfach los, los, los auf GRS-Kunststoff und biologisch abbaubarem Weizenstroh!<\/p>\n<p>GO-UP ACTIVE LIGHTS <strong>\u00d6KO<\/strong>LOGISCH ist aus 100% GRS-Kunststoff und biologisch abbaubarem Weizenstroh hergestellt*.<\/p>\n<p>GRS ist ein internationales Protokoll, das den Recyclinganteil in Endprodukten nachweist. Durch die Verwendung von GRS-Kunststoff werden Tonnen von Abfall auf Deponien vermieden und die Umweltauswirkungen der Herstellung verringert.<\/p>\n<p>Weizenstroh ist ein Biokunststoff, der zu 100 % erneuerbar ist. Die Verwendung von Weizenstroh entlastet den Abfallstrom, ist biologisch abbaubar und unterst\u00fctzt die Zersetzung anderer Kunststoffe.<\/p>\n<p>W\u00e4hlen Sie Globber. W\u00e4hlen Sie gr\u00fcner!<\/p>\n<p><em><span style=\"font-size: 10px\">*In applicable components<\/span><\/em><\/p>\n<p>&nbsp;<\/p>\n","protected":false},"excerpt":{"rendered":"<p><strong>\u00d6ko-Roller mit Sitz f\u00fcr Kleinkinder (15m - 3+), hergestellt aus 100% GRS-Kunststoff und biologisch abbaubarem Weizenstroh*<\/strong><\/p>\n<p><span style=\"font-size: 10px\"><em>*In applicable components<\/em><\/span><\/p>\n","protected":false},"featured_media":12246,"comment_status":"open","ping_status":"closed","template":"","meta":{"_acf_changed":false,"inline_featured_image":false},"product-special-badges":[],"product_brand":[],"product_cat":[4477,3560,3559,1691,1696,1680,1247],"product_tag":[],"class_list":{"0":"post-12312","1":"product","2":"type-product","3":"status-publish","4":"has-post-thumbnail","6":"product_cat-kleinkinder-produkte","7":"product_cat-scooter-mit-sitz","8":"product_cat-baby-dreiraeder","9":"product_cat-3-rad-roller-fuer-alle-alter","10":"product_cat-faltbare-roller","11":"product_cat-ecologic-kollektion","12":"product_cat-go-up-serie","13":"pa_altersspanne-15m-9j","14":"pa_bremsen-mechanische-hinterradbremse-zusammensetzung","15":"pa_color-mint","16":"pa_deckmaterial-100-grs-kunststoff-biologisch-abbaubar-weizenstroh-pp-faser-metallrahmen","17":"pa_ean-3980","18":"pa_einstellbar-ja","19":"pa_empfohlene-benutzerhoehe-75-120-cm","20":"pa_faltbar-yes","21":"pa_groesse-der-raeder-121mm-vorne-24mm-breit","22":"pa_groesse-der-raeder-80mm-hinten-24mm-breit","23":"pa_grose-der-brucke-b-12-5cm-x-l-54-5cm","24":"pa_hohen-der-t-stangen-67-5-72-5-77-5-82-5cm-vom-boden-aus","25":"pa_material-der-rader-pu-guss-mit-hoher-rueckfederung","26":"pa_maximales-benutzergewicht-20kg-aufsitz-laufrad-modus-50kg-scootermodus","27":"pa_produktgewicht-netto-3-86kg","28":"pa_sitzhoehen-25-5cm-or-29cm-from-the-ground","30":"first","31":"instock","32":"purchasable","33":"product-type-variable"},"acf":[],"yoast_head":"<!-- This site is optimized with the Yoast SEO Premium plugin v20.12 (Yoast SEO v23.4) - https:\/\/yoast.com\/wordpress\/plugins\/seo\/ -->\n<title>Eco Scooter with Seat: GO\u2022UP ACTIVE LIGHTS ECOLOGIC \u2013 Globber<\/title>\n<meta name=\"description\" content=\"Go Globber. Go greener. This foldable eco-friendly scooter brings scooting fun to your kid while building a greener world on wheels. Check it out!\" \/>\n<meta name=\"robots\" content=\"index, follow, max-snippet:-1, max-image-preview:large, max-video-preview:-1\" \/>\n<link rel=\"canonical\" href=\"https:\/\/www.globber.com\/ch\/de\/product\/go-up-active-lights-ecologic\/\" \/>\n<meta property=\"og:locale\" content=\"de_DE\" \/>\n<meta property=\"og:type\" content=\"article\" \/>\n<meta property=\"og:title\" content=\"Eco Scooter with Seat: GO\u2022UP ACTIVE LIGHTS ECOLOGIC \u2013 Globber\" \/>\n<meta property=\"og:description\" content=\"Go Globber. Go greener. This foldable eco-friendly scooter brings scooting fun to your kid while building a greener world on wheels. Check it out!\" \/>\n<meta property=\"og:url\" content=\"https:\/\/www.globber.com\/ch\/de\/product\/go-up-active-lights-ecologic\/\" \/>\n<meta property=\"og:site_name\" content=\"Globber Scooter Schweiz\" \/>\n<meta property=\"article:modified_time\" content=\"2026-03-02T07:18:16+00:00\" \/>\n<meta property=\"og:image\" content=\"https:\/\/cdn.globber.com\/content\/2024\/05\/745-505_light-up-3-in-1-eco-scooter.jpg\" \/>\n\t<meta property=\"og:image:width\" content=\"2048\" \/>\n\t<meta property=\"og:image:height\" content=\"2048\" \/>\n\t<meta property=\"og:image:type\" content=\"image\/jpeg\" \/>\n<meta name=\"twitter:card\" content=\"summary_large_image\" \/>\n<meta name=\"twitter:label1\" content=\"Availability\" \/>\n\t<meta name=\"twitter:data1\" content=\"In stock\" \/>\n<script type=\"application\/ld+json\" class=\"yoast-schema-graph\">{\"@context\":\"https:\/\/schema.org\",\"@graph\":[{\"@type\":[\"WebPage\",\"ItemPage\"],\"@id\":\"https:\/\/www.globber.com\/ch\/de\/product\/go-up-active-lights-ecologic\/\",\"url\":\"https:\/\/www.globber.com\/ch\/de\/product\/go-up-active-lights-ecologic\/\",\"name\":\"Eco Scooter with Seat: GO\u2022UP ACTIVE LIGHTS ECOLOGIC \u2013 Globber\",\"isPartOf\":{\"@id\":\"https:\/\/www.globber.com\/ch\/fr\/#website\"},\"primaryImageOfPage\":{\"@id\":\"https:\/\/www.globber.com\/ch\/de\/product\/go-up-active-lights-ecologic\/#primaryimage\"},\"image\":{\"@id\":\"https:\/\/www.globber.com\/ch\/de\/product\/go-up-active-lights-ecologic\/#primaryimage\"},\"thumbnailUrl\":\"https:\/\/cdn.globber.com\/content\/2024\/05\/745-505_light-up-3-in-1-eco-scooter.jpg\",\"datePublished\":\"2023-11-30T05:47:42+00:00\",\"dateModified\":\"2026-03-02T07:18:16+00:00\",\"description\":\"Go Globber. Go greener. This foldable eco-friendly scooter brings scooting fun to your kid while building a greener world on wheels. Check it out!\",\"breadcrumb\":{\"@id\":\"https:\/\/www.globber.com\/ch\/de\/product\/go-up-active-lights-ecologic\/#breadcrumb\"},\"inLanguage\":\"de-CH\",\"potentialAction\":[{\"@type\":\"ReadAction\",\"target\":[\"https:\/\/www.globber.com\/ch\/de\/product\/go-up-active-lights-ecologic\/\"]}]},{\"@type\":\"ImageObject\",\"inLanguage\":\"de-CH\",\"@id\":\"https:\/\/www.globber.com\/ch\/de\/product\/go-up-active-lights-ecologic\/#primaryimage\",\"url\":\"https:\/\/cdn.globber.com\/content\/2024\/05\/745-505_light-up-3-in-1-eco-scooter.jpg\",\"contentUrl\":\"https:\/\/cdn.globber.com\/content\/2024\/05\/745-505_light-up-3-in-1-eco-scooter.jpg\",\"width\":2048,\"height\":2048},{\"@type\":\"BreadcrumbList\",\"@id\":\"https:\/\/www.globber.com\/ch\/de\/product\/go-up-active-lights-ecologic\/#breadcrumb\",\"itemListElement\":[{\"@type\":\"ListItem\",\"position\":1,\"name\":\"Alle Produkte\",\"item\":\"https:\/\/www.globber.com\/ch\/de\/shop-nach-produkt\/\"},{\"@type\":\"ListItem\",\"position\":2,\"name\":\"GO UP Active Ecologic Lights\"}]},{\"@type\":\"WebSite\",\"@id\":\"https:\/\/www.globber.com\/ch\/fr\/#website\",\"url\":\"https:\/\/www.globber.com\/ch\/fr\/\",\"name\":\"Globber Scooter Schweiz\",\"description\":\"Der offizielle Online Shop\",\"publisher\":{\"@id\":\"https:\/\/www.globber.com\/ch\/fr\/#organization\"},\"potentialAction\":[{\"@type\":\"SearchAction\",\"target\":{\"@type\":\"EntryPoint\",\"urlTemplate\":\"https:\/\/www.globber.com\/ch\/fr\/?s={search_term_string}\"},\"query-input\":{\"@type\":\"PropertyValueSpecification\",\"valueRequired\":true,\"valueName\":\"search_term_string\"}}],\"inLanguage\":\"de-CH\"},{\"@type\":\"Organization\",\"@id\":\"https:\/\/www.globber.com\/ch\/fr\/#organization\",\"name\":\"Globber Scooter Schweiz\",\"url\":\"https:\/\/www.globber.com\/ch\/fr\/\",\"logo\":{\"@type\":\"ImageObject\",\"inLanguage\":\"de-CH\",\"@id\":\"https:\/\/www.globber.com\/ch\/fr\/#\/schema\/logo\/image\/\",\"url\":\"https:\/\/cdn.globber.com\/content\/2024\/05\/logo.svg\",\"contentUrl\":\"https:\/\/cdn.globber.com\/content\/2024\/05\/logo.svg\",\"width\":601,\"height\":112,\"caption\":\"Globber Scooter Schweiz\"},\"image\":{\"@id\":\"https:\/\/www.globber.com\/ch\/fr\/#\/schema\/logo\/image\/\"}}]}<\/script>\n<meta property=\"og:availability\" content=\"instock\" \/>\n<meta property=\"product:availability\" content=\"instock\" \/>\n<meta property=\"product:retailer_item_id\" content=\"745-XXX\" \/>\n<meta property=\"product:condition\" content=\"new\" \/>\n<!-- \/ Yoast SEO Premium plugin. -->","yoast_head_json":{"title":"Eco Scooter with Seat: GO\u2022UP ACTIVE LIGHTS ECOLOGIC \u2013 Globber","description":"Go Globber. Go greener. This foldable eco-friendly scooter brings scooting fun to your kid while building a greener world on wheels. Check it out!","robots":{"index":"index","follow":"follow","max-snippet":"max-snippet:-1","max-image-preview":"max-image-preview:large","max-video-preview":"max-video-preview:-1"},"canonical":"https:\/\/www.globber.com\/ch\/de\/product\/go-up-active-lights-ecologic\/","og_locale":"de_DE","og_type":"article","og_title":"Eco Scooter with Seat: GO\u2022UP ACTIVE LIGHTS ECOLOGIC \u2013 Globber","og_description":"Go Globber. Go greener. This foldable eco-friendly scooter brings scooting fun to your kid while building a greener world on wheels. Check it out!","og_url":"https:\/\/www.globber.com\/ch\/de\/product\/go-up-active-lights-ecologic\/","og_site_name":"Globber Scooter Schweiz","article_modified_time":"2026-03-02T07:18:16+00:00","og_image":[{"width":2048,"height":2048,"url":"https:\/\/cdn.globber.com\/content\/2024\/05\/745-505_light-up-3-in-1-eco-scooter.jpg","type":"image\/jpeg"}],"twitter_card":"summary_large_image","twitter_misc":{"Availability":"In stock"},"schema":{"@context":"https:\/\/schema.org","@graph":[{"@type":["WebPage","ItemPage"],"@id":"https:\/\/www.globber.com\/ch\/de\/product\/go-up-active-lights-ecologic\/","url":"https:\/\/www.globber.com\/ch\/de\/product\/go-up-active-lights-ecologic\/","name":"Eco Scooter with Seat: GO\u2022UP ACTIVE LIGHTS ECOLOGIC \u2013 Globber","isPartOf":{"@id":"https:\/\/www.globber.com\/ch\/fr\/#website"},"primaryImageOfPage":{"@id":"https:\/\/www.globber.com\/ch\/de\/product\/go-up-active-lights-ecologic\/#primaryimage"},"image":{"@id":"https:\/\/www.globber.com\/ch\/de\/product\/go-up-active-lights-ecologic\/#primaryimage"},"thumbnailUrl":"https:\/\/cdn.globber.com\/content\/2024\/05\/745-505_light-up-3-in-1-eco-scooter.jpg","datePublished":"2023-11-30T05:47:42+00:00","dateModified":"2026-03-02T07:18:16+00:00","description":"Go Globber. Go greener. This foldable eco-friendly scooter brings scooting fun to your kid while building a greener world on wheels. Check it out!","breadcrumb":{"@id":"https:\/\/www.globber.com\/ch\/de\/product\/go-up-active-lights-ecologic\/#breadcrumb"},"inLanguage":"de-CH","potentialAction":[{"@type":"ReadAction","target":["https:\/\/www.globber.com\/ch\/de\/product\/go-up-active-lights-ecologic\/"]}]},{"@type":"ImageObject","inLanguage":"de-CH","@id":"https:\/\/www.globber.com\/ch\/de\/product\/go-up-active-lights-ecologic\/#primaryimage","url":"https:\/\/cdn.globber.com\/content\/2024\/05\/745-505_light-up-3-in-1-eco-scooter.jpg","contentUrl":"https:\/\/cdn.globber.com\/content\/2024\/05\/745-505_light-up-3-in-1-eco-scooter.jpg","width":2048,"height":2048},{"@type":"BreadcrumbList","@id":"https:\/\/www.globber.com\/ch\/de\/product\/go-up-active-lights-ecologic\/#breadcrumb","itemListElement":[{"@type":"ListItem","position":1,"name":"Alle Produkte","item":"https:\/\/www.globber.com\/ch\/de\/shop-nach-produkt\/"},{"@type":"ListItem","position":2,"name":"GO UP Active Ecologic Lights"}]},{"@type":"WebSite","@id":"https:\/\/www.globber.com\/ch\/fr\/#website","url":"https:\/\/www.globber.com\/ch\/fr\/","name":"Globber Scooter Schweiz","description":"Der offizielle Online Shop","publisher":{"@id":"https:\/\/www.globber.com\/ch\/fr\/#organization"},"potentialAction":[{"@type":"SearchAction","target":{"@type":"EntryPoint","urlTemplate":"https:\/\/www.globber.com\/ch\/fr\/?s={search_term_string}"},"query-input":{"@type":"PropertyValueSpecification","valueRequired":true,"valueName":"search_term_string"}}],"inLanguage":"de-CH"},{"@type":"Organization","@id":"https:\/\/www.globber.com\/ch\/fr\/#organization","name":"Globber Scooter Schweiz","url":"https:\/\/www.globber.com\/ch\/fr\/","logo":{"@type":"ImageObject","inLanguage":"de-CH","@id":"https:\/\/www.globber.com\/ch\/fr\/#\/schema\/logo\/image\/","url":"https:\/\/cdn.globber.com\/content\/2024\/05\/logo.svg","contentUrl":"https:\/\/cdn.globber.com\/content\/2024\/05\/logo.svg","width":601,"height":112,"caption":"Globber Scooter Schweiz"},"image":{"@id":"https:\/\/www.globber.com\/ch\/fr\/#\/schema\/logo\/image\/"}}]},"og_availability":"instock","product_availability":"instock","product_retailer_item_id":"745-XXX","product_condition":"new"},"_links":{"self":[{"href":"https:\/\/www.globber.com\/ch\/de\/wp-json\/wp\/v2\/product\/12312","targetHints":{"allow":["GET"]}}],"collection":[{"href":"https:\/\/www.globber.com\/ch\/de\/wp-json\/wp\/v2\/product"}],"about":[{"href":"https:\/\/www.globber.com\/ch\/de\/wp-json\/wp\/v2\/types\/product"}],"replies":[{"embeddable":true,"href":"https:\/\/www.globber.com\/ch\/de\/wp-json\/wp\/v2\/comments?post=12312"}],"wp:featuredmedia":[{"embeddable":true,"href":"https:\/\/www.globber.com\/ch\/de\/wp-json\/wp\/v2\/media\/12246"}],"wp:attachment":[{"href":"https:\/\/www.globber.com\/ch\/de\/wp-json\/wp\/v2\/media?parent=12312"}],"wp:term":[{"taxonomy":"product-special-badges","embeddable":true,"href":"https:\/\/www.globber.com\/ch\/de\/wp-json\/wp\/v2\/product-special-badges?post=12312"},{"taxonomy":"product_brand","embeddable":true,"href":"https:\/\/www.globber.com\/ch\/de\/wp-json\/wp\/v2\/product_brand?post=12312"},{"taxonomy":"product_cat","embeddable":true,"href":"https:\/\/www.globber.com\/ch\/de\/wp-json\/wp\/v2\/product_cat?post=12312"},{"taxonomy":"product_tag","embeddable":true,"href":"https:\/\/www.globber.com\/ch\/de\/wp-json\/wp\/v2\/product_tag?post=12312"}],"curies":[{"name":"wp","href":"https:\/\/api.w.org\/{rel}","templated":true}]}}