{"id":12372,"date":"2024-01-17T09:13:14","date_gmt":"2024-01-17T08:13:14","guid":{"rendered":"https:\/\/staging.globberscooter.com\/ch\/product\/flow-foldable-125\/"},"modified":"2026-04-09T12:52:38","modified_gmt":"2026-04-09T10:52:38","slug":"flow-foldable-125","status":"publish","type":"product","link":"https:\/\/www.globber.com\/ch\/de\/product\/flow-foldable-125\/","title":{"rendered":"Flow Foldable 125"},"content":{"rendered":"<article dir=\"auto\" data-testid=\"conversation-turn-576\" data-scroll-anchor=\"true\">\n<div dir=\"auto\" data-message-author-role=\"assistant\" data-message-id=\"8bf6e79b-41a3-4c25-887c-5be344e441be\" data-message-model-slug=\"gpt-4o-mini\">\n<p data-start=\"41\" data-end=\"827\">Der Globber Flow 125 Foldable ist ideal f\u00fcr Einsteiger geeignet. Durch die kleinen R\u00e4der l\u00e4sst sich der Scooter besonders einfach steuern und erm\u00f6glicht ein schnelles Anfahren, ohne dabei zu hohe Geschwindigkeiten zu erreichen. Zus\u00e4tzlich \u00fcberzeugt das Modell mit seiner robusten Bauweise und einem praktischen Klappmechanismus, der f\u00fcr ein kompaktes und platzsparendes Verstauen sorgt. Mit seinen sanften, runden Formen ist dieser Scooter der ideale Begleiter f\u00fcr den Alltag. Das leichte Aluminium-Trittbrett mit PVC-Beschichtung macht jede Fahrt noch angenehmer und sch\u00fctzt zuverl\u00e4ssig vor Wettereinfl\u00fcssen wie Sonne und Regen. Starte jetzt komfortabel in deinen Tag \u2013 egal ob zur Schule, in der Freizeit oder zum Sport \u2013 mit dem Globber Flow 125 Foldable!<\/p>\n<\/div>\n<\/article>\n","protected":false},"excerpt":{"rendered":"<p class=\"p1\">Der <strong data-start=\"259\" data-end=\"288\">Globber Flow Foldable 125<\/strong> ist der perfekte Scooter f\u00fcr Teenager.<\/p>\n","protected":false},"featured_media":15271,"comment_status":"closed","ping_status":"closed","template":"","meta":{"_acf_changed":false,"inline_featured_image":false},"product-special-badges":[6275],"product_brand":[],"product_cat":[6274,4403,4401,4362,4361,3134,1692,1696,1686,399,485],"product_tag":[3988],"class_list":{"0":"post-12372","1":"product","2":"type-product","3":"status-publish","4":"has-post-thumbnail","6":"product_cat-sale","7":"product_cat-flow-serie-alle-erwachsenen-serien","8":"product_cat-flow-serie-all-teens-series","9":"product_cat-2-rad-teenager-scooter-125-mm-200-mm-globber-schweiz","10":"product_cat-2-raeder-kinder","11":"product_cat-alle-produkte","12":"product_cat-2-rad-roller-fuer-alle-alter","13":"product_cat-faltbare-roller","14":"product_cat-flow-serie","15":"product_cat-scooter-fuer-kinder","16":"product_cat-scooter-fuer-teenager","17":"product_tag-import","18":"pa_color-blau","19":"pa_color-weiss","20":"pa_ean-3996","21":"pa_ean-3993","22":"pa_produkttyp-city-scooter","24":"first","25":"instock","26":"sale","27":"taxable","28":"shipping-taxable","29":"purchasable","30":"product-type-variable"},"acf":[],"yoast_head":"<!-- This site is optimized with the Yoast SEO Premium plugin v20.12 (Yoast SEO v23.4) - https:\/\/yoast.com\/wordpress\/plugins\/seo\/ -->\n<title>Flow Foldable 125 - Globber Scooter Schweiz<\/title>\n<meta name=\"robots\" content=\"index, follow, max-snippet:-1, max-image-preview:large, max-video-preview:-1\" \/>\n<link rel=\"canonical\" href=\"https:\/\/www.globber.com\/ch\/de\/product\/flow-foldable-125\/\" \/>\n<meta property=\"og:locale\" content=\"de_DE\" \/>\n<meta property=\"og:type\" content=\"article\" \/>\n<meta property=\"og:title\" content=\"Flow Foldable 125 - Globber Scooter Schweiz\" \/>\n<meta property=\"og:description\" content=\"Der Globber Flow Foldable 125 ist der perfekte Scooter f\u00fcr Teenager.\" \/>\n<meta property=\"og:url\" content=\"https:\/\/www.globber.com\/ch\/de\/product\/flow-foldable-125\/\" \/>\n<meta property=\"og:site_name\" content=\"Globber Scooter Schweiz\" \/>\n<meta property=\"article:modified_time\" content=\"2026-04-09T10:52:38+00:00\" \/>\n<meta property=\"og:image\" content=\"https:\/\/cdn.globber.com\/content\/sites\/41\/2024\/01\/67355357b9593.jpg\" \/>\n\t<meta property=\"og:image:width\" content=\"2048\" \/>\n\t<meta property=\"og:image:height\" content=\"2048\" \/>\n\t<meta property=\"og:image:type\" content=\"image\/jpeg\" \/>\n<meta name=\"twitter:card\" content=\"summary_large_image\" \/>\n<meta name=\"twitter:label1\" content=\"Availability\" \/>\n\t<meta name=\"twitter:data1\" content=\"In stock\" \/>\n<script type=\"application\/ld+json\" class=\"yoast-schema-graph\">{\"@context\":\"https:\/\/schema.org\",\"@graph\":[{\"@type\":[\"WebPage\",\"ItemPage\"],\"@id\":\"https:\/\/www.globber.com\/ch\/de\/product\/flow-foldable-125\/\",\"url\":\"https:\/\/www.globber.com\/ch\/de\/product\/flow-foldable-125\/\",\"name\":\"Flow Foldable 125 - Globber Scooter Schweiz\",\"isPartOf\":{\"@id\":\"https:\/\/www.globber.com\/ch\/fr\/#website\"},\"primaryImageOfPage\":{\"@id\":\"https:\/\/www.globber.com\/ch\/de\/product\/flow-foldable-125\/#primaryimage\"},\"image\":{\"@id\":\"https:\/\/www.globber.com\/ch\/de\/product\/flow-foldable-125\/#primaryimage\"},\"thumbnailUrl\":\"https:\/\/cdn.globber.com\/content\/sites\/41\/2024\/01\/67355357b9593.jpg\",\"datePublished\":\"2024-01-17T08:13:14+00:00\",\"dateModified\":\"2026-04-09T10:52:38+00:00\",\"breadcrumb\":{\"@id\":\"https:\/\/www.globber.com\/ch\/de\/product\/flow-foldable-125\/#breadcrumb\"},\"inLanguage\":\"de-CH\",\"potentialAction\":[{\"@type\":\"ReadAction\",\"target\":[\"https:\/\/www.globber.com\/ch\/de\/product\/flow-foldable-125\/\"]}]},{\"@type\":\"ImageObject\",\"inLanguage\":\"de-CH\",\"@id\":\"https:\/\/www.globber.com\/ch\/de\/product\/flow-foldable-125\/#primaryimage\",\"url\":\"https:\/\/cdn.globber.com\/content\/sites\/41\/2024\/01\/67355357b9593.jpg\",\"contentUrl\":\"https:\/\/cdn.globber.com\/content\/sites\/41\/2024\/01\/67355357b9593.jpg\",\"width\":2048,\"height\":2048},{\"@type\":\"BreadcrumbList\",\"@id\":\"https:\/\/www.globber.com\/ch\/de\/product\/flow-foldable-125\/#breadcrumb\",\"itemListElement\":[{\"@type\":\"ListItem\",\"position\":1,\"name\":\"Alle Produkte\",\"item\":\"https:\/\/www.globber.com\/ch\/de\/shop-nach-produkt\/\"},{\"@type\":\"ListItem\",\"position\":2,\"name\":\"Flow Foldable 125\"}]},{\"@type\":\"WebSite\",\"@id\":\"https:\/\/www.globber.com\/ch\/fr\/#website\",\"url\":\"https:\/\/www.globber.com\/ch\/fr\/\",\"name\":\"Globber Scooter Schweiz\",\"description\":\"Der offizielle Online Shop\",\"publisher\":{\"@id\":\"https:\/\/www.globber.com\/ch\/fr\/#organization\"},\"potentialAction\":[{\"@type\":\"SearchAction\",\"target\":{\"@type\":\"EntryPoint\",\"urlTemplate\":\"https:\/\/www.globber.com\/ch\/fr\/?s={search_term_string}\"},\"query-input\":{\"@type\":\"PropertyValueSpecification\",\"valueRequired\":true,\"valueName\":\"search_term_string\"}}],\"inLanguage\":\"de-CH\"},{\"@type\":\"Organization\",\"@id\":\"https:\/\/www.globber.com\/ch\/fr\/#organization\",\"name\":\"Globber Scooter Schweiz\",\"url\":\"https:\/\/www.globber.com\/ch\/fr\/\",\"logo\":{\"@type\":\"ImageObject\",\"inLanguage\":\"de-CH\",\"@id\":\"https:\/\/www.globber.com\/ch\/fr\/#\/schema\/logo\/image\/\",\"url\":\"https:\/\/cdn.globber.com\/content\/2024\/05\/logo.svg\",\"contentUrl\":\"https:\/\/cdn.globber.com\/content\/2024\/05\/logo.svg\",\"width\":601,\"height\":112,\"caption\":\"Globber Scooter Schweiz\"},\"image\":{\"@id\":\"https:\/\/www.globber.com\/ch\/fr\/#\/schema\/logo\/image\/\"}}]}<\/script>\n<meta property=\"og:availability\" content=\"instock\" \/>\n<meta property=\"product:availability\" content=\"instock\" \/>\n<meta property=\"product:retailer_item_id\" content=\"473-XXX\" \/>\n<meta property=\"product:condition\" content=\"new\" \/>\n<!-- \/ Yoast SEO Premium plugin. -->","yoast_head_json":{"title":"Flow Foldable 125 - Globber Scooter Schweiz","robots":{"index":"index","follow":"follow","max-snippet":"max-snippet:-1","max-image-preview":"max-image-preview:large","max-video-preview":"max-video-preview:-1"},"canonical":"https:\/\/www.globber.com\/ch\/de\/product\/flow-foldable-125\/","og_locale":"de_DE","og_type":"article","og_title":"Flow Foldable 125 - Globber Scooter Schweiz","og_description":"Der Globber Flow Foldable 125 ist der perfekte Scooter f\u00fcr Teenager.","og_url":"https:\/\/www.globber.com\/ch\/de\/product\/flow-foldable-125\/","og_site_name":"Globber Scooter Schweiz","article_modified_time":"2026-04-09T10:52:38+00:00","og_image":[{"width":2048,"height":2048,"url":"https:\/\/cdn.globber.com\/content\/sites\/41\/2024\/01\/67355357b9593.jpg","type":"image\/jpeg"}],"twitter_card":"summary_large_image","twitter_misc":{"Availability":"In stock"},"schema":{"@context":"https:\/\/schema.org","@graph":[{"@type":["WebPage","ItemPage"],"@id":"https:\/\/www.globber.com\/ch\/de\/product\/flow-foldable-125\/","url":"https:\/\/www.globber.com\/ch\/de\/product\/flow-foldable-125\/","name":"Flow Foldable 125 - Globber Scooter Schweiz","isPartOf":{"@id":"https:\/\/www.globber.com\/ch\/fr\/#website"},"primaryImageOfPage":{"@id":"https:\/\/www.globber.com\/ch\/de\/product\/flow-foldable-125\/#primaryimage"},"image":{"@id":"https:\/\/www.globber.com\/ch\/de\/product\/flow-foldable-125\/#primaryimage"},"thumbnailUrl":"https:\/\/cdn.globber.com\/content\/sites\/41\/2024\/01\/67355357b9593.jpg","datePublished":"2024-01-17T08:13:14+00:00","dateModified":"2026-04-09T10:52:38+00:00","breadcrumb":{"@id":"https:\/\/www.globber.com\/ch\/de\/product\/flow-foldable-125\/#breadcrumb"},"inLanguage":"de-CH","potentialAction":[{"@type":"ReadAction","target":["https:\/\/www.globber.com\/ch\/de\/product\/flow-foldable-125\/"]}]},{"@type":"ImageObject","inLanguage":"de-CH","@id":"https:\/\/www.globber.com\/ch\/de\/product\/flow-foldable-125\/#primaryimage","url":"https:\/\/cdn.globber.com\/content\/sites\/41\/2024\/01\/67355357b9593.jpg","contentUrl":"https:\/\/cdn.globber.com\/content\/sites\/41\/2024\/01\/67355357b9593.jpg","width":2048,"height":2048},{"@type":"BreadcrumbList","@id":"https:\/\/www.globber.com\/ch\/de\/product\/flow-foldable-125\/#breadcrumb","itemListElement":[{"@type":"ListItem","position":1,"name":"Alle Produkte","item":"https:\/\/www.globber.com\/ch\/de\/shop-nach-produkt\/"},{"@type":"ListItem","position":2,"name":"Flow Foldable 125"}]},{"@type":"WebSite","@id":"https:\/\/www.globber.com\/ch\/fr\/#website","url":"https:\/\/www.globber.com\/ch\/fr\/","name":"Globber Scooter Schweiz","description":"Der offizielle Online Shop","publisher":{"@id":"https:\/\/www.globber.com\/ch\/fr\/#organization"},"potentialAction":[{"@type":"SearchAction","target":{"@type":"EntryPoint","urlTemplate":"https:\/\/www.globber.com\/ch\/fr\/?s={search_term_string}"},"query-input":{"@type":"PropertyValueSpecification","valueRequired":true,"valueName":"search_term_string"}}],"inLanguage":"de-CH"},{"@type":"Organization","@id":"https:\/\/www.globber.com\/ch\/fr\/#organization","name":"Globber Scooter Schweiz","url":"https:\/\/www.globber.com\/ch\/fr\/","logo":{"@type":"ImageObject","inLanguage":"de-CH","@id":"https:\/\/www.globber.com\/ch\/fr\/#\/schema\/logo\/image\/","url":"https:\/\/cdn.globber.com\/content\/2024\/05\/logo.svg","contentUrl":"https:\/\/cdn.globber.com\/content\/2024\/05\/logo.svg","width":601,"height":112,"caption":"Globber Scooter Schweiz"},"image":{"@id":"https:\/\/www.globber.com\/ch\/fr\/#\/schema\/logo\/image\/"}}]},"og_availability":"instock","product_availability":"instock","product_retailer_item_id":"473-XXX","product_condition":"new"},"_links":{"self":[{"href":"https:\/\/www.globber.com\/ch\/de\/wp-json\/wp\/v2\/product\/12372","targetHints":{"allow":["GET"]}}],"collection":[{"href":"https:\/\/www.globber.com\/ch\/de\/wp-json\/wp\/v2\/product"}],"about":[{"href":"https:\/\/www.globber.com\/ch\/de\/wp-json\/wp\/v2\/types\/product"}],"replies":[{"embeddable":true,"href":"https:\/\/www.globber.com\/ch\/de\/wp-json\/wp\/v2\/comments?post=12372"}],"wp:featuredmedia":[{"embeddable":true,"href":"https:\/\/www.globber.com\/ch\/de\/wp-json\/wp\/v2\/media\/15271"}],"wp:attachment":[{"href":"https:\/\/www.globber.com\/ch\/de\/wp-json\/wp\/v2\/media?parent=12372"}],"wp:term":[{"taxonomy":"product-special-badges","embeddable":true,"href":"https:\/\/www.globber.com\/ch\/de\/wp-json\/wp\/v2\/product-special-badges?post=12372"},{"taxonomy":"product_brand","embeddable":true,"href":"https:\/\/www.globber.com\/ch\/de\/wp-json\/wp\/v2\/product_brand?post=12372"},{"taxonomy":"product_cat","embeddable":true,"href":"https:\/\/www.globber.com\/ch\/de\/wp-json\/wp\/v2\/product_cat?post=12372"},{"taxonomy":"product_tag","embeddable":true,"href":"https:\/\/www.globber.com\/ch\/de\/wp-json\/wp\/v2\/product_tag?post=12372"}],"curies":[{"name":"wp","href":"https:\/\/api.w.org\/{rel}","templated":true}]}}