{"id":12386,"date":"2024-01-17T09:13:44","date_gmt":"2024-01-17T08:13:44","guid":{"rendered":"https:\/\/staging.globberscooter.com\/ch\/product\/goup-foldable-plus-lights\/"},"modified":"2026-04-17T12:53:21","modified_gmt":"2026-04-17T10:53:21","slug":"go-up-foldable-plus-lights-2","status":"publish","type":"product","link":"https:\/\/www.globber.com\/ch\/de\/product\/go-up-foldable-plus-lights-2\/","title":{"rendered":"GO UP Foldable Plus Lights"},"content":{"rendered":"<p data-start=\"0\" data-end=\"328\">Ausgezeichneter All-in-One Scooter mit Sitz und LED-Lichtr\u00e4dern f\u00fcr Kleinkinder.<\/p>\n<p data-start=\"0\" data-end=\"328\">Der GO\u2022UP FOLDABLE PLUS LIGHTS ist ein preisgekr\u00f6nter 3-in-1 Scooter mit Sitz, der sich dank des 100\u202f% werkzeuglosen Designs ganz einfach vom Rutscher zum Lauflernrad und schliesslich zum Kinder-Scooter umbauen l\u00e4sst.<\/p>\n<ul>\n<li data-start=\"330\" data-end=\"460\">Rutscher- und Lauflernrad-Modus: f\u00fcr Kleinkinder von 15\u201336 Monaten<\/li>\n<li data-start=\"330\" data-end=\"460\">Scooter-Modus: f\u00fcr Kinder von 3\u20137+ Jahren<\/li>\n<\/ul>\n<p data-start=\"462\" data-end=\"628\">Die abnehmbare Fu\u00dfst\u00fctze sorgt im Rutscher-Modus f\u00fcr sicheren und komfortablen Fahrspass \u2013 ganz einfach \u00fcber einen leicht zu l\u00f6senden Drehknopf zu entfernen.<\/p>\n<p data-start=\"630\" data-end=\"816\">Der weiche, bequeme TPR-Sitz l\u00e4sst sich werkzeuglos seitlich in zwei H\u00f6hen verstellen, der T-Lenker ist dreifach h\u00f6henverstellbar \u2013 ideal, um mit dem Kind mitzuwachsen.<\/p>\n<p data-start=\"818\" data-end=\"1004\">Dank des patentierten Klappsystems mit Seitendruckknopf l\u00e4sst sich der Scooter im Handumdrehen kompakt zusammenklappen oder im Trolley-Modus ziehen \u2013 ideal f\u00fcr unterwegs.<\/p>\n<p data-start=\"1006\" data-end=\"1160\">Die superniedrige, metallverst\u00e4rkte Struktur tr\u00e4gt bis zu 50\u202fkg und ist mit einem breiten, rutschfesten Deck f\u00fcr sicheres Fahren ausgestattet.<\/p>\n<p data-start=\"1162\" data-end=\"1350\">Das Highlight:<\/p>\n<ul>\n<li data-start=\"1162\" data-end=\"1350\">Zwei batterielose LED-Vorderr\u00e4der (121\u202fmm) aus hochwertigem PU blinken in Rot, Gr\u00fcn und Blau, je schneller dein Kind f\u00e4hrt \u2013 desto heller leuchten die R\u00e4der!<\/li>\n<li data-start=\"1352\" data-end=\"1434\">Ein leuchtender Begleiter, der mitw\u00e4chst und f\u00fcr strahlende Kinderaugen sorgt.<\/li>\n<\/ul>\n","protected":false},"excerpt":{"rendered":"<p>G\u00f6nn deinem Kind das coolste 3-Rad-Erlebnis mit dem GO\u2022UP FOLDABLE PLUS LIGHTS Scooter mit Sitz f\u00fcr Kleinkinder.<br data-start=\"116\" data-end=\"119\" \/><br \/>\nVerstellbar \u2713 LED-R\u00e4der \u2713 Abnehmbare Fussst\u00fctze \u2713<\/p>\n","protected":false},"featured_media":14060,"comment_status":"closed","ping_status":"closed","template":"","meta":{"_acf_changed":false,"inline_featured_image":false},"product-special-badges":[6275],"product_brand":[],"product_cat":[6274,4477,3560,3559,1691,1696,1694,1247],"product_tag":[3988],"class_list":{"0":"post-12386","1":"product","2":"type-product","3":"status-publish","4":"has-post-thumbnail","6":"product_cat-sale","7":"product_cat-kleinkinder-produkte","8":"product_cat-scooter-mit-sitz","9":"product_cat-baby-dreiraeder","10":"product_cat-3-rad-roller-fuer-alle-alter","11":"product_cat-faltbare-roller","12":"product_cat-licht-roller","13":"product_cat-go-up-serie","14":"product_tag-import","15":"pa_color-hellblau","16":"pa_color-blau","17":"pa_color-dunkelblau","18":"pa_color-gruen","19":"pa_color-mint","20":"pa_color-pink","21":"pa_color-rosa","22":"pa_color-rot","23":"pa_ean-4001","24":"pa_ean-4009","25":"pa_ean-4008","26":"pa_ean-4002","27":"pa_ean-4007","28":"pa_ean-4004","29":"pa_ean-4003","30":"pa_ean-4005","31":"pa_einstellbar-ja","32":"pa_faltbar-yes","33":"pa_produkttyp-dreirad","34":"pa_produkttyp-mini-scooter","36":"first","37":"instock","38":"sale","39":"taxable","40":"shipping-taxable","41":"purchasable","42":"product-type-variable"},"acf":[],"yoast_head":"<!-- This site is optimized with the Yoast SEO Premium plugin v20.12 (Yoast SEO v23.4) - https:\/\/yoast.com\/wordpress\/plugins\/seo\/ -->\n<title>GO UP Foldable Plus Lights - Globber Scooter Schweiz<\/title>\n<meta name=\"robots\" content=\"index, follow, max-snippet:-1, max-image-preview:large, max-video-preview:-1\" \/>\n<link rel=\"canonical\" href=\"https:\/\/www.globber.com\/ch\/de\/product\/go-up-foldable-plus-lights-2\/\" \/>\n<meta property=\"og:locale\" content=\"de_DE\" \/>\n<meta property=\"og:type\" content=\"article\" \/>\n<meta property=\"og:title\" content=\"GO UP Foldable Plus Lights - Globber Scooter Schweiz\" \/>\n<meta property=\"og:description\" content=\"G\u00f6nn deinem Kind das coolste 3-Rad-Erlebnis mit dem GO\u2022UP FOLDABLE PLUS LIGHTS Scooter mit Sitz f\u00fcr Kleinkinder. Verstellbar \u2713 LED-R\u00e4der \u2713 Abnehmbare Fussst\u00fctze \u2713\" \/>\n<meta property=\"og:url\" content=\"https:\/\/www.globber.com\/ch\/de\/product\/go-up-foldable-plus-lights-2\/\" \/>\n<meta property=\"og:site_name\" content=\"Globber Scooter Schweiz\" \/>\n<meta property=\"article:modified_time\" content=\"2026-04-17T10:53:21+00:00\" \/>\n<meta property=\"og:image\" content=\"https:\/\/cdn.globber.com\/content\/sites\/41\/2024\/11\/67359b6429309.jpg\" \/>\n\t<meta property=\"og:image:width\" content=\"2048\" \/>\n\t<meta property=\"og:image:height\" content=\"2048\" \/>\n\t<meta property=\"og:image:type\" content=\"image\/jpeg\" \/>\n<meta name=\"twitter:card\" content=\"summary_large_image\" \/>\n<meta name=\"twitter:label1\" content=\"Availability\" \/>\n\t<meta name=\"twitter:data1\" content=\"In stock\" \/>\n<script type=\"application\/ld+json\" class=\"yoast-schema-graph\">{\"@context\":\"https:\/\/schema.org\",\"@graph\":[{\"@type\":[\"WebPage\",\"ItemPage\"],\"@id\":\"https:\/\/www.globber.com\/ch\/de\/product\/go-up-foldable-plus-lights-2\/\",\"url\":\"https:\/\/www.globber.com\/ch\/de\/product\/go-up-foldable-plus-lights-2\/\",\"name\":\"GO UP Foldable Plus Lights - Globber Scooter Schweiz\",\"isPartOf\":{\"@id\":\"https:\/\/www.globber.com\/ch\/fr\/#website\"},\"primaryImageOfPage\":{\"@id\":\"https:\/\/www.globber.com\/ch\/de\/product\/go-up-foldable-plus-lights-2\/#primaryimage\"},\"image\":{\"@id\":\"https:\/\/www.globber.com\/ch\/de\/product\/go-up-foldable-plus-lights-2\/#primaryimage\"},\"thumbnailUrl\":\"https:\/\/cdn.globber.com\/content\/sites\/41\/2024\/11\/67359b6429309.jpg\",\"datePublished\":\"2024-01-17T08:13:44+00:00\",\"dateModified\":\"2026-04-17T10:53:21+00:00\",\"breadcrumb\":{\"@id\":\"https:\/\/www.globber.com\/ch\/de\/product\/go-up-foldable-plus-lights-2\/#breadcrumb\"},\"inLanguage\":\"de-CH\",\"potentialAction\":[{\"@type\":\"ReadAction\",\"target\":[\"https:\/\/www.globber.com\/ch\/de\/product\/go-up-foldable-plus-lights-2\/\"]}]},{\"@type\":\"ImageObject\",\"inLanguage\":\"de-CH\",\"@id\":\"https:\/\/www.globber.com\/ch\/de\/product\/go-up-foldable-plus-lights-2\/#primaryimage\",\"url\":\"https:\/\/cdn.globber.com\/content\/sites\/41\/2024\/11\/67359b6429309.jpg\",\"contentUrl\":\"https:\/\/cdn.globber.com\/content\/sites\/41\/2024\/11\/67359b6429309.jpg\",\"width\":2048,\"height\":2048},{\"@type\":\"BreadcrumbList\",\"@id\":\"https:\/\/www.globber.com\/ch\/de\/product\/go-up-foldable-plus-lights-2\/#breadcrumb\",\"itemListElement\":[{\"@type\":\"ListItem\",\"position\":1,\"name\":\"Alle Produkte\",\"item\":\"https:\/\/www.globber.com\/ch\/de\/shop-nach-produkt\/\"},{\"@type\":\"ListItem\",\"position\":2,\"name\":\"GO UP Foldable Plus Lights\"}]},{\"@type\":\"WebSite\",\"@id\":\"https:\/\/www.globber.com\/ch\/fr\/#website\",\"url\":\"https:\/\/www.globber.com\/ch\/fr\/\",\"name\":\"Globber Scooter Schweiz\",\"description\":\"Der offizielle Online Shop\",\"publisher\":{\"@id\":\"https:\/\/www.globber.com\/ch\/fr\/#organization\"},\"potentialAction\":[{\"@type\":\"SearchAction\",\"target\":{\"@type\":\"EntryPoint\",\"urlTemplate\":\"https:\/\/www.globber.com\/ch\/fr\/?s={search_term_string}\"},\"query-input\":{\"@type\":\"PropertyValueSpecification\",\"valueRequired\":true,\"valueName\":\"search_term_string\"}}],\"inLanguage\":\"de-CH\"},{\"@type\":\"Organization\",\"@id\":\"https:\/\/www.globber.com\/ch\/fr\/#organization\",\"name\":\"Globber Scooter Schweiz\",\"url\":\"https:\/\/www.globber.com\/ch\/fr\/\",\"logo\":{\"@type\":\"ImageObject\",\"inLanguage\":\"de-CH\",\"@id\":\"https:\/\/www.globber.com\/ch\/fr\/#\/schema\/logo\/image\/\",\"url\":\"https:\/\/cdn.globber.com\/content\/2024\/05\/logo.svg\",\"contentUrl\":\"https:\/\/cdn.globber.com\/content\/2024\/05\/logo.svg\",\"width\":601,\"height\":112,\"caption\":\"Globber Scooter Schweiz\"},\"image\":{\"@id\":\"https:\/\/www.globber.com\/ch\/fr\/#\/schema\/logo\/image\/\"}}]}<\/script>\n<meta property=\"og:availability\" content=\"instock\" \/>\n<meta property=\"product:availability\" content=\"instock\" \/>\n<meta property=\"product:retailer_item_id\" content=\"643-XXX\" \/>\n<meta property=\"product:condition\" content=\"new\" \/>\n<!-- \/ Yoast SEO Premium plugin. -->","yoast_head_json":{"title":"GO UP Foldable Plus Lights - Globber Scooter Schweiz","robots":{"index":"index","follow":"follow","max-snippet":"max-snippet:-1","max-image-preview":"max-image-preview:large","max-video-preview":"max-video-preview:-1"},"canonical":"https:\/\/www.globber.com\/ch\/de\/product\/go-up-foldable-plus-lights-2\/","og_locale":"de_DE","og_type":"article","og_title":"GO UP Foldable Plus Lights - Globber Scooter Schweiz","og_description":"G\u00f6nn deinem Kind das coolste 3-Rad-Erlebnis mit dem GO\u2022UP FOLDABLE PLUS LIGHTS Scooter mit Sitz f\u00fcr Kleinkinder. Verstellbar \u2713 LED-R\u00e4der \u2713 Abnehmbare Fussst\u00fctze \u2713","og_url":"https:\/\/www.globber.com\/ch\/de\/product\/go-up-foldable-plus-lights-2\/","og_site_name":"Globber Scooter Schweiz","article_modified_time":"2026-04-17T10:53:21+00:00","og_image":[{"width":2048,"height":2048,"url":"https:\/\/cdn.globber.com\/content\/sites\/41\/2024\/11\/67359b6429309.jpg","type":"image\/jpeg"}],"twitter_card":"summary_large_image","twitter_misc":{"Availability":"In stock"},"schema":{"@context":"https:\/\/schema.org","@graph":[{"@type":["WebPage","ItemPage"],"@id":"https:\/\/www.globber.com\/ch\/de\/product\/go-up-foldable-plus-lights-2\/","url":"https:\/\/www.globber.com\/ch\/de\/product\/go-up-foldable-plus-lights-2\/","name":"GO UP Foldable Plus Lights - Globber Scooter Schweiz","isPartOf":{"@id":"https:\/\/www.globber.com\/ch\/fr\/#website"},"primaryImageOfPage":{"@id":"https:\/\/www.globber.com\/ch\/de\/product\/go-up-foldable-plus-lights-2\/#primaryimage"},"image":{"@id":"https:\/\/www.globber.com\/ch\/de\/product\/go-up-foldable-plus-lights-2\/#primaryimage"},"thumbnailUrl":"https:\/\/cdn.globber.com\/content\/sites\/41\/2024\/11\/67359b6429309.jpg","datePublished":"2024-01-17T08:13:44+00:00","dateModified":"2026-04-17T10:53:21+00:00","breadcrumb":{"@id":"https:\/\/www.globber.com\/ch\/de\/product\/go-up-foldable-plus-lights-2\/#breadcrumb"},"inLanguage":"de-CH","potentialAction":[{"@type":"ReadAction","target":["https:\/\/www.globber.com\/ch\/de\/product\/go-up-foldable-plus-lights-2\/"]}]},{"@type":"ImageObject","inLanguage":"de-CH","@id":"https:\/\/www.globber.com\/ch\/de\/product\/go-up-foldable-plus-lights-2\/#primaryimage","url":"https:\/\/cdn.globber.com\/content\/sites\/41\/2024\/11\/67359b6429309.jpg","contentUrl":"https:\/\/cdn.globber.com\/content\/sites\/41\/2024\/11\/67359b6429309.jpg","width":2048,"height":2048},{"@type":"BreadcrumbList","@id":"https:\/\/www.globber.com\/ch\/de\/product\/go-up-foldable-plus-lights-2\/#breadcrumb","itemListElement":[{"@type":"ListItem","position":1,"name":"Alle Produkte","item":"https:\/\/www.globber.com\/ch\/de\/shop-nach-produkt\/"},{"@type":"ListItem","position":2,"name":"GO UP Foldable Plus Lights"}]},{"@type":"WebSite","@id":"https:\/\/www.globber.com\/ch\/fr\/#website","url":"https:\/\/www.globber.com\/ch\/fr\/","name":"Globber Scooter Schweiz","description":"Der offizielle Online Shop","publisher":{"@id":"https:\/\/www.globber.com\/ch\/fr\/#organization"},"potentialAction":[{"@type":"SearchAction","target":{"@type":"EntryPoint","urlTemplate":"https:\/\/www.globber.com\/ch\/fr\/?s={search_term_string}"},"query-input":{"@type":"PropertyValueSpecification","valueRequired":true,"valueName":"search_term_string"}}],"inLanguage":"de-CH"},{"@type":"Organization","@id":"https:\/\/www.globber.com\/ch\/fr\/#organization","name":"Globber Scooter Schweiz","url":"https:\/\/www.globber.com\/ch\/fr\/","logo":{"@type":"ImageObject","inLanguage":"de-CH","@id":"https:\/\/www.globber.com\/ch\/fr\/#\/schema\/logo\/image\/","url":"https:\/\/cdn.globber.com\/content\/2024\/05\/logo.svg","contentUrl":"https:\/\/cdn.globber.com\/content\/2024\/05\/logo.svg","width":601,"height":112,"caption":"Globber Scooter Schweiz"},"image":{"@id":"https:\/\/www.globber.com\/ch\/fr\/#\/schema\/logo\/image\/"}}]},"og_availability":"instock","product_availability":"instock","product_retailer_item_id":"643-XXX","product_condition":"new"},"_links":{"self":[{"href":"https:\/\/www.globber.com\/ch\/de\/wp-json\/wp\/v2\/product\/12386","targetHints":{"allow":["GET"]}}],"collection":[{"href":"https:\/\/www.globber.com\/ch\/de\/wp-json\/wp\/v2\/product"}],"about":[{"href":"https:\/\/www.globber.com\/ch\/de\/wp-json\/wp\/v2\/types\/product"}],"replies":[{"embeddable":true,"href":"https:\/\/www.globber.com\/ch\/de\/wp-json\/wp\/v2\/comments?post=12386"}],"wp:featuredmedia":[{"embeddable":true,"href":"https:\/\/www.globber.com\/ch\/de\/wp-json\/wp\/v2\/media\/14060"}],"wp:attachment":[{"href":"https:\/\/www.globber.com\/ch\/de\/wp-json\/wp\/v2\/media?parent=12386"}],"wp:term":[{"taxonomy":"product-special-badges","embeddable":true,"href":"https:\/\/www.globber.com\/ch\/de\/wp-json\/wp\/v2\/product-special-badges?post=12386"},{"taxonomy":"product_brand","embeddable":true,"href":"https:\/\/www.globber.com\/ch\/de\/wp-json\/wp\/v2\/product_brand?post=12386"},{"taxonomy":"product_cat","embeddable":true,"href":"https:\/\/www.globber.com\/ch\/de\/wp-json\/wp\/v2\/product_cat?post=12386"},{"taxonomy":"product_tag","embeddable":true,"href":"https:\/\/www.globber.com\/ch\/de\/wp-json\/wp\/v2\/product_tag?post=12386"}],"curies":[{"name":"wp","href":"https:\/\/api.w.org\/{rel}","templated":true}]}}