{"id":12415,"date":"2024-01-17T09:14:42","date_gmt":"2024-01-17T08:14:42","guid":{"rendered":"https:\/\/staging.globberscooter.com\/ch\/product\/primo-foldable-fantasy-lights\/"},"modified":"2026-03-26T19:03:30","modified_gmt":"2026-03-26T18:03:30","slug":"primo-foldable-fantasy-lights","status":"publish","type":"product","link":"https:\/\/www.globber.com\/ch\/de\/product\/primo-foldable-fantasy-lights\/","title":{"rendered":"Primo Foldable Fantasy Lights"},"content":{"rendered":"<p>Bereit f\u00fcr die ersten Fahrversuche? Der Globber Primo Foldable Fantasy Lights \u2013 Mint Buddy ist der ideale Begleiter f\u00fcr Kinder ab 3 Jahren, die spielerisch ihre Mobilit\u00e4t entdecken m\u00f6chten. Mit seinem einzigartigen Fantasy-Design, dem leuchtenden Mint-Look und den stylischen LED-R\u00e4dern sorgt dieser Mini Scooter nicht nur f\u00fcr jede Menge Fahrspa\u00df, sondern auch f\u00fcr strahlende Kinderaugen. Dabei \u00fcberzeugt der Scooter durch kindgerechte Funktionen, h\u00f6chste Sicherheit und einen attraktiven Preis \u2013 perfekt f\u00fcr den Einstieg in die Welt des Scooterfahrens.<\/p>\n","protected":false},"excerpt":{"rendered":"<p class=\"p1\"><strong>3-Rad Leucht-Scooter f\u00fcr Kinder mit gemustertem Scooter-Deck.<\/strong><\/p>\n","protected":false},"featured_media":13779,"comment_status":"closed","ping_status":"closed","template":"","meta":{"_acf_changed":false,"inline_featured_image":false},"product-special-badges":[],"product_brand":[],"product_cat":[4360,1681,1691,1696,1694,399],"product_tag":[3988],"class_list":{"0":"post-12415","1":"product","2":"type-product","3":"status-publish","4":"has-post-thumbnail","6":"product_cat-3-raeder-kinder","7":"product_cat-primo-serie","8":"product_cat-3-rad-roller-fuer-alle-alter","9":"product_cat-faltbare-roller","10":"product_cat-licht-roller","11":"product_cat-scooter-fuer-kinder","12":"product_tag-import","13":"pa_altersspanne-3j-7j","14":"pa_color-blau","15":"pa_color-mint","16":"pa_color-pink","17":"pa_ean-4019","18":"pa_ean-4018","19":"pa_ean-4021","20":"pa_einstellbar-ja","21":"pa_empfohlene-benutzerhoehe-95-110-cm","22":"pa_faltbar-yes","23":"pa_grose-der-brucke-b-12-5cm-x-l-54-5cm","24":"pa_hohen-der-t-stangen-67-5-72-5-77-5-cm-vom-boden-aus","25":"pa_maximales-benutzergewicht-50kg","27":"first","28":"instock","29":"taxable","30":"shipping-taxable","31":"purchasable","32":"product-type-variable"},"acf":[],"yoast_head":"<!-- This site is optimized with the Yoast SEO Premium plugin v20.12 (Yoast SEO v23.4) - https:\/\/yoast.com\/wordpress\/plugins\/seo\/ -->\n<title>Primo Foldable Fantasy Lights - Globber Scooter Schweiz<\/title>\n<meta name=\"robots\" content=\"index, follow, max-snippet:-1, max-image-preview:large, max-video-preview:-1\" \/>\n<link rel=\"canonical\" href=\"https:\/\/www.globber.com\/ch\/de\/product\/primo-foldable-fantasy-lights\/\" \/>\n<meta property=\"og:locale\" content=\"de_DE\" \/>\n<meta property=\"og:type\" content=\"article\" \/>\n<meta property=\"og:title\" content=\"Primo Foldable Fantasy Lights - Globber Scooter Schweiz\" \/>\n<meta property=\"og:description\" content=\"3-Rad Leucht-Scooter f\u00fcr Kinder mit gemustertem Scooter-Deck.\" \/>\n<meta property=\"og:url\" content=\"https:\/\/www.globber.com\/ch\/de\/product\/primo-foldable-fantasy-lights\/\" \/>\n<meta property=\"og:site_name\" content=\"Globber Scooter Schweiz\" \/>\n<meta property=\"article:modified_time\" content=\"2026-03-26T18:03:30+00:00\" \/>\n<meta property=\"og:image\" content=\"https:\/\/cdn.globber.com\/content\/sites\/41\/2024\/11\/67345d452e22c.jpg\" \/>\n\t<meta property=\"og:image:width\" content=\"2048\" \/>\n\t<meta property=\"og:image:height\" content=\"2048\" \/>\n\t<meta property=\"og:image:type\" content=\"image\/jpeg\" \/>\n<meta name=\"twitter:card\" content=\"summary_large_image\" \/>\n<meta name=\"twitter:label1\" content=\"Availability\" \/>\n\t<meta name=\"twitter:data1\" content=\"In stock\" \/>\n<script type=\"application\/ld+json\" class=\"yoast-schema-graph\">{\"@context\":\"https:\/\/schema.org\",\"@graph\":[{\"@type\":[\"WebPage\",\"ItemPage\"],\"@id\":\"https:\/\/www.globber.com\/ch\/de\/product\/primo-foldable-fantasy-lights\/\",\"url\":\"https:\/\/www.globber.com\/ch\/de\/product\/primo-foldable-fantasy-lights\/\",\"name\":\"Primo Foldable Fantasy Lights - Globber Scooter Schweiz\",\"isPartOf\":{\"@id\":\"https:\/\/www.globber.com\/ch\/fr\/#website\"},\"primaryImageOfPage\":{\"@id\":\"https:\/\/www.globber.com\/ch\/de\/product\/primo-foldable-fantasy-lights\/#primaryimage\"},\"image\":{\"@id\":\"https:\/\/www.globber.com\/ch\/de\/product\/primo-foldable-fantasy-lights\/#primaryimage\"},\"thumbnailUrl\":\"https:\/\/cdn.globber.com\/content\/sites\/41\/2024\/11\/67345d452e22c.jpg\",\"datePublished\":\"2024-01-17T08:14:42+00:00\",\"dateModified\":\"2026-03-26T18:03:30+00:00\",\"breadcrumb\":{\"@id\":\"https:\/\/www.globber.com\/ch\/de\/product\/primo-foldable-fantasy-lights\/#breadcrumb\"},\"inLanguage\":\"de-CH\",\"potentialAction\":[{\"@type\":\"ReadAction\",\"target\":[\"https:\/\/www.globber.com\/ch\/de\/product\/primo-foldable-fantasy-lights\/\"]}]},{\"@type\":\"ImageObject\",\"inLanguage\":\"de-CH\",\"@id\":\"https:\/\/www.globber.com\/ch\/de\/product\/primo-foldable-fantasy-lights\/#primaryimage\",\"url\":\"https:\/\/cdn.globber.com\/content\/sites\/41\/2024\/11\/67345d452e22c.jpg\",\"contentUrl\":\"https:\/\/cdn.globber.com\/content\/sites\/41\/2024\/11\/67345d452e22c.jpg\",\"width\":2048,\"height\":2048},{\"@type\":\"BreadcrumbList\",\"@id\":\"https:\/\/www.globber.com\/ch\/de\/product\/primo-foldable-fantasy-lights\/#breadcrumb\",\"itemListElement\":[{\"@type\":\"ListItem\",\"position\":1,\"name\":\"Alle Produkte\",\"item\":\"https:\/\/www.globber.com\/ch\/de\/shop-nach-produkt\/\"},{\"@type\":\"ListItem\",\"position\":2,\"name\":\"Primo Foldable Fantasy Lights\"}]},{\"@type\":\"WebSite\",\"@id\":\"https:\/\/www.globber.com\/ch\/fr\/#website\",\"url\":\"https:\/\/www.globber.com\/ch\/fr\/\",\"name\":\"Globber Scooter Schweiz\",\"description\":\"Der offizielle Online Shop\",\"publisher\":{\"@id\":\"https:\/\/www.globber.com\/ch\/fr\/#organization\"},\"potentialAction\":[{\"@type\":\"SearchAction\",\"target\":{\"@type\":\"EntryPoint\",\"urlTemplate\":\"https:\/\/www.globber.com\/ch\/fr\/?s={search_term_string}\"},\"query-input\":{\"@type\":\"PropertyValueSpecification\",\"valueRequired\":true,\"valueName\":\"search_term_string\"}}],\"inLanguage\":\"de-CH\"},{\"@type\":\"Organization\",\"@id\":\"https:\/\/www.globber.com\/ch\/fr\/#organization\",\"name\":\"Globber Scooter Schweiz\",\"url\":\"https:\/\/www.globber.com\/ch\/fr\/\",\"logo\":{\"@type\":\"ImageObject\",\"inLanguage\":\"de-CH\",\"@id\":\"https:\/\/www.globber.com\/ch\/fr\/#\/schema\/logo\/image\/\",\"url\":\"https:\/\/cdn.globber.com\/content\/2024\/05\/logo.svg\",\"contentUrl\":\"https:\/\/cdn.globber.com\/content\/2024\/05\/logo.svg\",\"width\":601,\"height\":112,\"caption\":\"Globber Scooter Schweiz\"},\"image\":{\"@id\":\"https:\/\/www.globber.com\/ch\/fr\/#\/schema\/logo\/image\/\"}}]}<\/script>\n<meta property=\"og:availability\" content=\"instock\" \/>\n<meta property=\"product:availability\" content=\"instock\" \/>\n<meta property=\"product:retailer_item_id\" content=\"434-XXX\" \/>\n<meta property=\"product:condition\" content=\"new\" \/>\n<!-- \/ Yoast SEO Premium plugin. -->","yoast_head_json":{"title":"Primo Foldable Fantasy Lights - Globber Scooter Schweiz","robots":{"index":"index","follow":"follow","max-snippet":"max-snippet:-1","max-image-preview":"max-image-preview:large","max-video-preview":"max-video-preview:-1"},"canonical":"https:\/\/www.globber.com\/ch\/de\/product\/primo-foldable-fantasy-lights\/","og_locale":"de_DE","og_type":"article","og_title":"Primo Foldable Fantasy Lights - Globber Scooter Schweiz","og_description":"3-Rad Leucht-Scooter f\u00fcr Kinder mit gemustertem Scooter-Deck.","og_url":"https:\/\/www.globber.com\/ch\/de\/product\/primo-foldable-fantasy-lights\/","og_site_name":"Globber Scooter Schweiz","article_modified_time":"2026-03-26T18:03:30+00:00","og_image":[{"width":2048,"height":2048,"url":"https:\/\/cdn.globber.com\/content\/sites\/41\/2024\/11\/67345d452e22c.jpg","type":"image\/jpeg"}],"twitter_card":"summary_large_image","twitter_misc":{"Availability":"In stock"},"schema":{"@context":"https:\/\/schema.org","@graph":[{"@type":["WebPage","ItemPage"],"@id":"https:\/\/www.globber.com\/ch\/de\/product\/primo-foldable-fantasy-lights\/","url":"https:\/\/www.globber.com\/ch\/de\/product\/primo-foldable-fantasy-lights\/","name":"Primo Foldable Fantasy Lights - Globber Scooter Schweiz","isPartOf":{"@id":"https:\/\/www.globber.com\/ch\/fr\/#website"},"primaryImageOfPage":{"@id":"https:\/\/www.globber.com\/ch\/de\/product\/primo-foldable-fantasy-lights\/#primaryimage"},"image":{"@id":"https:\/\/www.globber.com\/ch\/de\/product\/primo-foldable-fantasy-lights\/#primaryimage"},"thumbnailUrl":"https:\/\/cdn.globber.com\/content\/sites\/41\/2024\/11\/67345d452e22c.jpg","datePublished":"2024-01-17T08:14:42+00:00","dateModified":"2026-03-26T18:03:30+00:00","breadcrumb":{"@id":"https:\/\/www.globber.com\/ch\/de\/product\/primo-foldable-fantasy-lights\/#breadcrumb"},"inLanguage":"de-CH","potentialAction":[{"@type":"ReadAction","target":["https:\/\/www.globber.com\/ch\/de\/product\/primo-foldable-fantasy-lights\/"]}]},{"@type":"ImageObject","inLanguage":"de-CH","@id":"https:\/\/www.globber.com\/ch\/de\/product\/primo-foldable-fantasy-lights\/#primaryimage","url":"https:\/\/cdn.globber.com\/content\/sites\/41\/2024\/11\/67345d452e22c.jpg","contentUrl":"https:\/\/cdn.globber.com\/content\/sites\/41\/2024\/11\/67345d452e22c.jpg","width":2048,"height":2048},{"@type":"BreadcrumbList","@id":"https:\/\/www.globber.com\/ch\/de\/product\/primo-foldable-fantasy-lights\/#breadcrumb","itemListElement":[{"@type":"ListItem","position":1,"name":"Alle Produkte","item":"https:\/\/www.globber.com\/ch\/de\/shop-nach-produkt\/"},{"@type":"ListItem","position":2,"name":"Primo Foldable Fantasy Lights"}]},{"@type":"WebSite","@id":"https:\/\/www.globber.com\/ch\/fr\/#website","url":"https:\/\/www.globber.com\/ch\/fr\/","name":"Globber Scooter Schweiz","description":"Der offizielle Online Shop","publisher":{"@id":"https:\/\/www.globber.com\/ch\/fr\/#organization"},"potentialAction":[{"@type":"SearchAction","target":{"@type":"EntryPoint","urlTemplate":"https:\/\/www.globber.com\/ch\/fr\/?s={search_term_string}"},"query-input":{"@type":"PropertyValueSpecification","valueRequired":true,"valueName":"search_term_string"}}],"inLanguage":"de-CH"},{"@type":"Organization","@id":"https:\/\/www.globber.com\/ch\/fr\/#organization","name":"Globber Scooter Schweiz","url":"https:\/\/www.globber.com\/ch\/fr\/","logo":{"@type":"ImageObject","inLanguage":"de-CH","@id":"https:\/\/www.globber.com\/ch\/fr\/#\/schema\/logo\/image\/","url":"https:\/\/cdn.globber.com\/content\/2024\/05\/logo.svg","contentUrl":"https:\/\/cdn.globber.com\/content\/2024\/05\/logo.svg","width":601,"height":112,"caption":"Globber Scooter Schweiz"},"image":{"@id":"https:\/\/www.globber.com\/ch\/fr\/#\/schema\/logo\/image\/"}}]},"og_availability":"instock","product_availability":"instock","product_retailer_item_id":"434-XXX","product_condition":"new"},"_links":{"self":[{"href":"https:\/\/www.globber.com\/ch\/de\/wp-json\/wp\/v2\/product\/12415","targetHints":{"allow":["GET"]}}],"collection":[{"href":"https:\/\/www.globber.com\/ch\/de\/wp-json\/wp\/v2\/product"}],"about":[{"href":"https:\/\/www.globber.com\/ch\/de\/wp-json\/wp\/v2\/types\/product"}],"replies":[{"embeddable":true,"href":"https:\/\/www.globber.com\/ch\/de\/wp-json\/wp\/v2\/comments?post=12415"}],"wp:featuredmedia":[{"embeddable":true,"href":"https:\/\/www.globber.com\/ch\/de\/wp-json\/wp\/v2\/media\/13779"}],"wp:attachment":[{"href":"https:\/\/www.globber.com\/ch\/de\/wp-json\/wp\/v2\/media?parent=12415"}],"wp:term":[{"taxonomy":"product-special-badges","embeddable":true,"href":"https:\/\/www.globber.com\/ch\/de\/wp-json\/wp\/v2\/product-special-badges?post=12415"},{"taxonomy":"product_brand","embeddable":true,"href":"https:\/\/www.globber.com\/ch\/de\/wp-json\/wp\/v2\/product_brand?post=12415"},{"taxonomy":"product_cat","embeddable":true,"href":"https:\/\/www.globber.com\/ch\/de\/wp-json\/wp\/v2\/product_cat?post=12415"},{"taxonomy":"product_tag","embeddable":true,"href":"https:\/\/www.globber.com\/ch\/de\/wp-json\/wp\/v2\/product_tag?post=12415"}],"curies":[{"name":"wp","href":"https:\/\/api.w.org\/{rel}","templated":true}]}}