{"id":12554,"date":"2024-01-17T08:17:30","date_gmt":"2024-01-17T08:17:30","guid":{"rendered":"https:\/\/staging.globberscooter.com\/ch\/product\/led-rad-120mm-transparent\/"},"modified":"2026-04-24T14:38:18","modified_gmt":"2026-04-24T12:38:18","slug":"led-rad-120mm","status":"publish","type":"product","link":"https:\/\/www.globber.com\/ch\/de\/product\/led-rad-120mm\/","title":{"rendered":"LED Rad |  120mm"},"content":{"rendered":"<p>Ersetze dein abgenutztes Rad und verleihe deinem Scooter einen neuen, funkelnden Look mit dem Globber 120mm LED-Rad. Dieses hochwertige Ersatzteil kombiniert robuste Bauweise mit einem beeindruckenden Leuchteffekt, der durch Bewegung aktiviert wird \u2013 ganz ohne Batterien! Ideal f\u00fcr mehr Sichtbarkeit und Spa\u00df bei Tag und Nacht, ist dieses Rad perfekt, um deinen Scooter aufzupeppen und wieder auf die Stra\u00dfe zu bringen.<\/p>\n<p>\n<strong>Passend f\u00fcr folgende Globber Modelle:<\/strong><\/p>\n<ul>\n<li>Globber Primo (alle Versionen, vordere R\u00e4der)<\/li>\n<li>Globber Elite (alle Versionen, vordere R\u00e4der)<\/li>\n<li>Globber Flow 125 (vordere R\u00e4der)<\/li>\n<li>Globber GO UP (vordere R\u00e4der)<\/li>\n<li>Globber Junior (vordere R\u00e4der)<\/li>\n<li>Globber Master (vordere R\u00e4der)<\/li>\n<\/ul>\n<p>&nbsp;<\/p>\n","protected":false},"excerpt":{"rendered":"<p>Ersetze dein abgenutztes Rad und verleihe deinem Scooter einen neuen, funkelnden Look mit dem Globber 120mm LED-Rad. Dieses hochwertige Ersatzteil kombiniert robuste Bauweise mit einem beeindruckenden Leuchteffekt, der durch Bewegung aktiviert wird \u2013 ganz ohne Batterien! Ideal f\u00fcr mehr Sichtbarkeit und Spa\u00df bei Tag und Nacht, ist dieses Rad perfekt, um deinen Scooter aufzupeppen und [&hellip;]<\/p>\n","protected":false},"featured_media":25375,"comment_status":"closed","ping_status":"closed","template":"","meta":{"_acf_changed":false,"inline_featured_image":false},"product-special-badges":[],"product_brand":[],"product_cat":[618],"product_tag":[3988],"class_list":{"0":"post-12554","1":"product","2":"type-product","3":"status-publish","4":"has-post-thumbnail","6":"product_cat-ersatzteile","7":"product_tag-import","8":"pa_ean-4099","9":"pa_produkttyp-rad","11":"first","12":"instock","13":"taxable","14":"shipping-taxable","15":"purchasable","16":"product-type-simple"},"acf":[],"yoast_head":"<!-- This site is optimized with the Yoast SEO Premium plugin v20.12 (Yoast SEO v23.4) - https:\/\/yoast.com\/wordpress\/plugins\/seo\/ -->\n<title>LED Rad | 120mm - Globber Scooter Schweiz<\/title>\n<meta name=\"robots\" content=\"index, follow, max-snippet:-1, max-image-preview:large, max-video-preview:-1\" \/>\n<link rel=\"canonical\" href=\"https:\/\/www.globber.com\/ch\/de\/product\/led-rad-120mm\/\" \/>\n<meta property=\"og:locale\" content=\"de_DE\" \/>\n<meta property=\"og:type\" content=\"article\" \/>\n<meta property=\"og:title\" content=\"LED Rad | 120mm - Globber Scooter Schweiz\" \/>\n<meta property=\"og:description\" content=\"Ersetze dein abgenutztes Rad und verleihe deinem Scooter einen neuen, funkelnden Look mit dem Globber 120mm LED-Rad. Dieses hochwertige Ersatzteil kombiniert robuste Bauweise mit einem beeindruckenden Leuchteffekt, der durch Bewegung aktiviert wird \u2013 ganz ohne Batterien! Ideal f\u00fcr mehr Sichtbarkeit und Spa\u00df bei Tag und Nacht, ist dieses Rad perfekt, um deinen Scooter aufzupeppen und [&hellip;]\" \/>\n<meta property=\"og:url\" content=\"https:\/\/www.globber.com\/ch\/de\/product\/led-rad-120mm\/\" \/>\n<meta property=\"og:site_name\" content=\"Globber Scooter Schweiz\" \/>\n<meta property=\"article:modified_time\" content=\"2026-04-24T12:38:18+00:00\" \/>\n<meta property=\"og:image\" content=\"https:\/\/cdn.globber.com\/content\/sites\/21\/2024\/01\/Globber-Rad-Schwarz-756658_610x610.webp\" \/>\n\t<meta property=\"og:image:width\" content=\"610\" \/>\n\t<meta property=\"og:image:height\" content=\"488\" \/>\n\t<meta property=\"og:image:type\" content=\"image\/webp\" \/>\n<meta name=\"twitter:card\" content=\"summary_large_image\" \/>\n<meta name=\"twitter:label1\" content=\"Price\" \/>\n\t<meta name=\"twitter:data1\" content=\"24.90&#067;&#072;&#070; inkl. MwSt\" \/>\n\t<meta name=\"twitter:label2\" content=\"Availability\" \/>\n\t<meta name=\"twitter:data2\" content=\"In stock\" \/>\n<script type=\"application\/ld+json\" class=\"yoast-schema-graph\">{\"@context\":\"https:\/\/schema.org\",\"@graph\":[{\"@type\":[\"WebPage\",\"ItemPage\"],\"@id\":\"https:\/\/www.globber.com\/ch\/de\/product\/led-rad-120mm\/\",\"url\":\"https:\/\/www.globber.com\/ch\/de\/product\/led-rad-120mm\/\",\"name\":\"LED Rad | 120mm - Globber Scooter Schweiz\",\"isPartOf\":{\"@id\":\"https:\/\/www.globber.com\/ch\/fr\/#website\"},\"primaryImageOfPage\":{\"@id\":\"https:\/\/www.globber.com\/ch\/de\/product\/led-rad-120mm\/#primaryimage\"},\"image\":{\"@id\":\"https:\/\/www.globber.com\/ch\/de\/product\/led-rad-120mm\/#primaryimage\"},\"thumbnailUrl\":\"https:\/\/cdn.globber.com\/content\/sites\/21\/2024\/01\/Globber-Rad-Schwarz-756658_610x610.webp\",\"datePublished\":\"2024-01-17T08:17:30+00:00\",\"dateModified\":\"2026-04-24T12:38:18+00:00\",\"breadcrumb\":{\"@id\":\"https:\/\/www.globber.com\/ch\/de\/product\/led-rad-120mm\/#breadcrumb\"},\"inLanguage\":\"de-CH\",\"potentialAction\":[{\"@type\":\"ReadAction\",\"target\":[\"https:\/\/www.globber.com\/ch\/de\/product\/led-rad-120mm\/\"]}]},{\"@type\":\"ImageObject\",\"inLanguage\":\"de-CH\",\"@id\":\"https:\/\/www.globber.com\/ch\/de\/product\/led-rad-120mm\/#primaryimage\",\"url\":\"https:\/\/cdn.globber.com\/content\/sites\/21\/2024\/01\/Globber-Rad-Schwarz-756658_610x610.webp\",\"contentUrl\":\"https:\/\/cdn.globber.com\/content\/sites\/21\/2024\/01\/Globber-Rad-Schwarz-756658_610x610.webp\",\"width\":610,\"height\":488},{\"@type\":\"BreadcrumbList\",\"@id\":\"https:\/\/www.globber.com\/ch\/de\/product\/led-rad-120mm\/#breadcrumb\",\"itemListElement\":[{\"@type\":\"ListItem\",\"position\":1,\"name\":\"Alle Produkte\",\"item\":\"https:\/\/www.globber.com\/ch\/de\/shop-nach-produkt\/\"},{\"@type\":\"ListItem\",\"position\":2,\"name\":\"LED Rad | 120mm\"}]},{\"@type\":\"WebSite\",\"@id\":\"https:\/\/www.globber.com\/ch\/fr\/#website\",\"url\":\"https:\/\/www.globber.com\/ch\/fr\/\",\"name\":\"Globber Scooter Schweiz\",\"description\":\"Der offizielle Online Shop\",\"publisher\":{\"@id\":\"https:\/\/www.globber.com\/ch\/fr\/#organization\"},\"potentialAction\":[{\"@type\":\"SearchAction\",\"target\":{\"@type\":\"EntryPoint\",\"urlTemplate\":\"https:\/\/www.globber.com\/ch\/fr\/?s={search_term_string}\"},\"query-input\":{\"@type\":\"PropertyValueSpecification\",\"valueRequired\":true,\"valueName\":\"search_term_string\"}}],\"inLanguage\":\"de-CH\"},{\"@type\":\"Organization\",\"@id\":\"https:\/\/www.globber.com\/ch\/fr\/#organization\",\"name\":\"Globber Scooter Schweiz\",\"url\":\"https:\/\/www.globber.com\/ch\/fr\/\",\"logo\":{\"@type\":\"ImageObject\",\"inLanguage\":\"de-CH\",\"@id\":\"https:\/\/www.globber.com\/ch\/fr\/#\/schema\/logo\/image\/\",\"url\":\"https:\/\/cdn.globber.com\/content\/2024\/05\/logo.svg\",\"contentUrl\":\"https:\/\/cdn.globber.com\/content\/2024\/05\/logo.svg\",\"width\":601,\"height\":112,\"caption\":\"Globber Scooter Schweiz\"},\"image\":{\"@id\":\"https:\/\/www.globber.com\/ch\/fr\/#\/schema\/logo\/image\/\"}}]}<\/script>\n<meta property=\"product:price:amount\" content=\"24.90\" \/>\n<meta property=\"product:price:currency\" content=\"CHF\" \/>\n<meta property=\"og:availability\" content=\"instock\" \/>\n<meta property=\"product:availability\" content=\"instock\" \/>\n<meta property=\"product:retailer_item_id\" content=\"P1004\" \/>\n<meta property=\"product:condition\" content=\"new\" \/>\n<!-- \/ Yoast SEO Premium plugin. -->","yoast_head_json":{"title":"LED Rad | 120mm - Globber Scooter Schweiz","robots":{"index":"index","follow":"follow","max-snippet":"max-snippet:-1","max-image-preview":"max-image-preview:large","max-video-preview":"max-video-preview:-1"},"canonical":"https:\/\/www.globber.com\/ch\/de\/product\/led-rad-120mm\/","og_locale":"de_DE","og_type":"article","og_title":"LED Rad | 120mm - Globber Scooter Schweiz","og_description":"Ersetze dein abgenutztes Rad und verleihe deinem Scooter einen neuen, funkelnden Look mit dem Globber 120mm LED-Rad. Dieses hochwertige Ersatzteil kombiniert robuste Bauweise mit einem beeindruckenden Leuchteffekt, der durch Bewegung aktiviert wird \u2013 ganz ohne Batterien! Ideal f\u00fcr mehr Sichtbarkeit und Spa\u00df bei Tag und Nacht, ist dieses Rad perfekt, um deinen Scooter aufzupeppen und [&hellip;]","og_url":"https:\/\/www.globber.com\/ch\/de\/product\/led-rad-120mm\/","og_site_name":"Globber Scooter Schweiz","article_modified_time":"2026-04-24T12:38:18+00:00","og_image":[{"width":610,"height":488,"url":"https:\/\/cdn.globber.com\/content\/sites\/21\/2024\/01\/Globber-Rad-Schwarz-756658_610x610.webp","type":"image\/webp"}],"twitter_card":"summary_large_image","twitter_misc":{"Price":"24.90&#67;&#72;&#70; inkl. MwSt","Availability":"In stock"},"schema":{"@context":"https:\/\/schema.org","@graph":[{"@type":["WebPage","ItemPage"],"@id":"https:\/\/www.globber.com\/ch\/de\/product\/led-rad-120mm\/","url":"https:\/\/www.globber.com\/ch\/de\/product\/led-rad-120mm\/","name":"LED Rad | 120mm - Globber Scooter Schweiz","isPartOf":{"@id":"https:\/\/www.globber.com\/ch\/fr\/#website"},"primaryImageOfPage":{"@id":"https:\/\/www.globber.com\/ch\/de\/product\/led-rad-120mm\/#primaryimage"},"image":{"@id":"https:\/\/www.globber.com\/ch\/de\/product\/led-rad-120mm\/#primaryimage"},"thumbnailUrl":"https:\/\/cdn.globber.com\/content\/sites\/21\/2024\/01\/Globber-Rad-Schwarz-756658_610x610.webp","datePublished":"2024-01-17T08:17:30+00:00","dateModified":"2026-04-24T12:38:18+00:00","breadcrumb":{"@id":"https:\/\/www.globber.com\/ch\/de\/product\/led-rad-120mm\/#breadcrumb"},"inLanguage":"de-CH","potentialAction":[{"@type":"ReadAction","target":["https:\/\/www.globber.com\/ch\/de\/product\/led-rad-120mm\/"]}]},{"@type":"ImageObject","inLanguage":"de-CH","@id":"https:\/\/www.globber.com\/ch\/de\/product\/led-rad-120mm\/#primaryimage","url":"https:\/\/cdn.globber.com\/content\/sites\/21\/2024\/01\/Globber-Rad-Schwarz-756658_610x610.webp","contentUrl":"https:\/\/cdn.globber.com\/content\/sites\/21\/2024\/01\/Globber-Rad-Schwarz-756658_610x610.webp","width":610,"height":488},{"@type":"BreadcrumbList","@id":"https:\/\/www.globber.com\/ch\/de\/product\/led-rad-120mm\/#breadcrumb","itemListElement":[{"@type":"ListItem","position":1,"name":"Alle Produkte","item":"https:\/\/www.globber.com\/ch\/de\/shop-nach-produkt\/"},{"@type":"ListItem","position":2,"name":"LED Rad | 120mm"}]},{"@type":"WebSite","@id":"https:\/\/www.globber.com\/ch\/fr\/#website","url":"https:\/\/www.globber.com\/ch\/fr\/","name":"Globber Scooter Schweiz","description":"Der offizielle Online Shop","publisher":{"@id":"https:\/\/www.globber.com\/ch\/fr\/#organization"},"potentialAction":[{"@type":"SearchAction","target":{"@type":"EntryPoint","urlTemplate":"https:\/\/www.globber.com\/ch\/fr\/?s={search_term_string}"},"query-input":{"@type":"PropertyValueSpecification","valueRequired":true,"valueName":"search_term_string"}}],"inLanguage":"de-CH"},{"@type":"Organization","@id":"https:\/\/www.globber.com\/ch\/fr\/#organization","name":"Globber Scooter Schweiz","url":"https:\/\/www.globber.com\/ch\/fr\/","logo":{"@type":"ImageObject","inLanguage":"de-CH","@id":"https:\/\/www.globber.com\/ch\/fr\/#\/schema\/logo\/image\/","url":"https:\/\/cdn.globber.com\/content\/2024\/05\/logo.svg","contentUrl":"https:\/\/cdn.globber.com\/content\/2024\/05\/logo.svg","width":601,"height":112,"caption":"Globber Scooter Schweiz"},"image":{"@id":"https:\/\/www.globber.com\/ch\/fr\/#\/schema\/logo\/image\/"}}]},"product_price_amount":"24.90","product_price_currency":"CHF","og_availability":"instock","product_availability":"instock","product_retailer_item_id":"P1004","product_condition":"new"},"_links":{"self":[{"href":"https:\/\/www.globber.com\/ch\/de\/wp-json\/wp\/v2\/product\/12554","targetHints":{"allow":["GET"]}}],"collection":[{"href":"https:\/\/www.globber.com\/ch\/de\/wp-json\/wp\/v2\/product"}],"about":[{"href":"https:\/\/www.globber.com\/ch\/de\/wp-json\/wp\/v2\/types\/product"}],"replies":[{"embeddable":true,"href":"https:\/\/www.globber.com\/ch\/de\/wp-json\/wp\/v2\/comments?post=12554"}],"wp:featuredmedia":[{"embeddable":true,"href":"https:\/\/www.globber.com\/ch\/de\/wp-json\/wp\/v2\/media\/25375"}],"wp:attachment":[{"href":"https:\/\/www.globber.com\/ch\/de\/wp-json\/wp\/v2\/media?parent=12554"}],"wp:term":[{"taxonomy":"product-special-badges","embeddable":true,"href":"https:\/\/www.globber.com\/ch\/de\/wp-json\/wp\/v2\/product-special-badges?post=12554"},{"taxonomy":"product_brand","embeddable":true,"href":"https:\/\/www.globber.com\/ch\/de\/wp-json\/wp\/v2\/product_brand?post=12554"},{"taxonomy":"product_cat","embeddable":true,"href":"https:\/\/www.globber.com\/ch\/de\/wp-json\/wp\/v2\/product_cat?post=12554"},{"taxonomy":"product_tag","embeddable":true,"href":"https:\/\/www.globber.com\/ch\/de\/wp-json\/wp\/v2\/product_tag?post=12554"}],"curies":[{"name":"wp","href":"https:\/\/api.w.org\/{rel}","templated":true}]}}