{"id":12580,"date":"2024-01-17T08:18:17","date_gmt":"2024-01-17T08:18:17","guid":{"rendered":"https:\/\/staging.globberscooter.com\/ch\/product\/steuerung-schwarz-3\/"},"modified":"2026-01-08T14:01:30","modified_gmt":"2026-01-08T13:01:30","slug":"steuerung-schwarz-3","status":"publish","type":"product","link":"https:\/\/www.globber.com\/ch\/de\/product\/steuerung-schwarz-3\/","title":{"rendered":"Steuerung | Schwarz"},"content":{"rendered":"<p>Mit dieser originalen Globber Steuerung in Schwarz bringst du deinen Mini Scooter schnell wieder in Form. Sie wurde speziell f\u00fcr mehrere Globber Modelle entwickelt und sorgt f\u00fcr zuverl\u00e4ssige Lenkpr\u00e4zision und ein sicheres Fahrverhalten \u2013 perfekt f\u00fcr Kinder im Alltag oder auf dem Spielplatz.<\/p>\n<h3>Kompatible Modelle<\/h3>\n<ul>\n<li>Globber Primo<\/li>\n<li>Globber Primo Lights<\/li>\n<li>Globber Primo Fantasy Lights<\/li>\n<li>Globber Primo Plus<\/li>\n<li>Globber EVO 5 in 1<\/li>\n<li>Globber EVO 4 in 3<\/li>\n<\/ul>\n<h3>Technische Details<\/h3>\n<ul>\n<li>Farbe: Schwarz<\/li>\n<li>Passgenau f\u00fcr: Globber Mini Scooter Modelle<\/li>\n<li>Funktion: Ersatz f\u00fcr defekte oder abgenutzte Steuerungseinheit<\/li>\n<li>Montage: Einfach, schnell und ohne Spezialwerkzeug<\/li>\n<\/ul>\n<h3>Unser Tipp<\/h3>\n<p>Zeigt der Lenker Spiel oder l\u00e4sst sich der Scooter nicht mehr pr\u00e4zise steuern, ist ein Austausch der Steuerung sinnvoll. Mit diesem originalen Ersatzteil bist du auf der sicheren Seite.<\/p>\n","protected":false},"excerpt":{"rendered":"<p>Original Globber Steuerung in Schwarz f\u00fcr Primo und EVO Modelle. Einfach montierbar, sorgt sie f\u00fcr pr\u00e4zises Lenken und volle Kontrolle beim Fahren.<\/p>\n","protected":false},"featured_media":14197,"comment_status":"closed","ping_status":"closed","template":"","meta":{"_acf_changed":false,"inline_featured_image":false},"product-special-badges":[],"product_brand":[],"product_cat":[618],"product_tag":[3988],"class_list":{"0":"post-12580","1":"product","2":"type-product","3":"status-publish","4":"has-post-thumbnail","6":"product_cat-ersatzteile","7":"product_tag-import","8":"pa_ean-3135","9":"pa_produkttyp-steuerung","11":"first","12":"instock","13":"taxable","14":"shipping-taxable","15":"purchasable","16":"product-type-simple"},"acf":[],"yoast_head":"<!-- This site is optimized with the Yoast SEO Premium plugin v20.12 (Yoast SEO v23.4) - https:\/\/yoast.com\/wordpress\/plugins\/seo\/ -->\n<title>Steuerung | Schwarz - Globber Scooter Schweiz<\/title>\n<meta name=\"robots\" content=\"index, follow, max-snippet:-1, max-image-preview:large, max-video-preview:-1\" \/>\n<link rel=\"canonical\" href=\"https:\/\/www.globber.com\/ch\/de\/product\/steuerung-schwarz-3\/\" \/>\n<meta property=\"og:locale\" content=\"de_DE\" \/>\n<meta property=\"og:type\" content=\"article\" \/>\n<meta property=\"og:title\" content=\"Steuerung | Schwarz - Globber Scooter Schweiz\" \/>\n<meta property=\"og:description\" content=\"Original Globber Steuerung in Schwarz f\u00fcr Primo und EVO Modelle. Einfach montierbar, sorgt sie f\u00fcr pr\u00e4zises Lenken und volle Kontrolle beim Fahren.\" \/>\n<meta property=\"og:url\" content=\"https:\/\/www.globber.com\/ch\/de\/product\/steuerung-schwarz-3\/\" \/>\n<meta property=\"og:site_name\" content=\"Globber Scooter Schweiz\" \/>\n<meta property=\"article:modified_time\" content=\"2026-01-08T13:01:30+00:00\" \/>\n<meta property=\"og:image\" content=\"https:\/\/cdn.globber.com\/content\/sites\/41\/2024\/01\/globber_steuerung_universal_schwarz_st-000_1280x1280-1.jpg\" \/>\n\t<meta property=\"og:image:width\" content=\"1280\" \/>\n\t<meta property=\"og:image:height\" content=\"453\" \/>\n\t<meta property=\"og:image:type\" content=\"image\/jpeg\" \/>\n<meta name=\"twitter:card\" content=\"summary_large_image\" \/>\n<meta name=\"twitter:label1\" content=\"Price\" \/>\n\t<meta name=\"twitter:data1\" content=\"9.90&#067;&#072;&#070; inkl. MwSt\" \/>\n\t<meta name=\"twitter:label2\" content=\"Availability\" \/>\n\t<meta name=\"twitter:data2\" content=\"In stock\" \/>\n<script type=\"application\/ld+json\" class=\"yoast-schema-graph\">{\"@context\":\"https:\/\/schema.org\",\"@graph\":[{\"@type\":[\"WebPage\",\"ItemPage\"],\"@id\":\"https:\/\/www.globber.com\/ch\/de\/product\/steuerung-schwarz-3\/\",\"url\":\"https:\/\/www.globber.com\/ch\/de\/product\/steuerung-schwarz-3\/\",\"name\":\"Steuerung | Schwarz - Globber Scooter Schweiz\",\"isPartOf\":{\"@id\":\"https:\/\/www.globber.com\/ch\/fr\/#website\"},\"primaryImageOfPage\":{\"@id\":\"https:\/\/www.globber.com\/ch\/de\/product\/steuerung-schwarz-3\/#primaryimage\"},\"image\":{\"@id\":\"https:\/\/www.globber.com\/ch\/de\/product\/steuerung-schwarz-3\/#primaryimage\"},\"thumbnailUrl\":\"https:\/\/cdn.globber.com\/content\/sites\/41\/2024\/01\/globber_steuerung_universal_schwarz_st-000_1280x1280-1.jpg\",\"datePublished\":\"2024-01-17T08:18:17+00:00\",\"dateModified\":\"2026-01-08T13:01:30+00:00\",\"breadcrumb\":{\"@id\":\"https:\/\/www.globber.com\/ch\/de\/product\/steuerung-schwarz-3\/#breadcrumb\"},\"inLanguage\":\"de-CH\",\"potentialAction\":[{\"@type\":\"ReadAction\",\"target\":[\"https:\/\/www.globber.com\/ch\/de\/product\/steuerung-schwarz-3\/\"]}]},{\"@type\":\"ImageObject\",\"inLanguage\":\"de-CH\",\"@id\":\"https:\/\/www.globber.com\/ch\/de\/product\/steuerung-schwarz-3\/#primaryimage\",\"url\":\"https:\/\/cdn.globber.com\/content\/sites\/41\/2024\/01\/globber_steuerung_universal_schwarz_st-000_1280x1280-1.jpg\",\"contentUrl\":\"https:\/\/cdn.globber.com\/content\/sites\/41\/2024\/01\/globber_steuerung_universal_schwarz_st-000_1280x1280-1.jpg\",\"width\":1280,\"height\":453},{\"@type\":\"BreadcrumbList\",\"@id\":\"https:\/\/www.globber.com\/ch\/de\/product\/steuerung-schwarz-3\/#breadcrumb\",\"itemListElement\":[{\"@type\":\"ListItem\",\"position\":1,\"name\":\"Alle Produkte\",\"item\":\"https:\/\/www.globber.com\/ch\/de\/shop-nach-produkt\/\"},{\"@type\":\"ListItem\",\"position\":2,\"name\":\"Steuerung | Schwarz\"}]},{\"@type\":\"WebSite\",\"@id\":\"https:\/\/www.globber.com\/ch\/fr\/#website\",\"url\":\"https:\/\/www.globber.com\/ch\/fr\/\",\"name\":\"Globber Scooter Schweiz\",\"description\":\"Der offizielle Online Shop\",\"publisher\":{\"@id\":\"https:\/\/www.globber.com\/ch\/fr\/#organization\"},\"potentialAction\":[{\"@type\":\"SearchAction\",\"target\":{\"@type\":\"EntryPoint\",\"urlTemplate\":\"https:\/\/www.globber.com\/ch\/fr\/?s={search_term_string}\"},\"query-input\":{\"@type\":\"PropertyValueSpecification\",\"valueRequired\":true,\"valueName\":\"search_term_string\"}}],\"inLanguage\":\"de-CH\"},{\"@type\":\"Organization\",\"@id\":\"https:\/\/www.globber.com\/ch\/fr\/#organization\",\"name\":\"Globber Scooter Schweiz\",\"url\":\"https:\/\/www.globber.com\/ch\/fr\/\",\"logo\":{\"@type\":\"ImageObject\",\"inLanguage\":\"de-CH\",\"@id\":\"https:\/\/www.globber.com\/ch\/fr\/#\/schema\/logo\/image\/\",\"url\":\"https:\/\/cdn.globber.com\/content\/2024\/05\/logo.svg\",\"contentUrl\":\"https:\/\/cdn.globber.com\/content\/2024\/05\/logo.svg\",\"width\":601,\"height\":112,\"caption\":\"Globber Scooter Schweiz\"},\"image\":{\"@id\":\"https:\/\/www.globber.com\/ch\/fr\/#\/schema\/logo\/image\/\"}}]}<\/script>\n<meta property=\"product:price:amount\" content=\"9.90\" \/>\n<meta property=\"product:price:currency\" content=\"CHF\" \/>\n<meta property=\"og:availability\" content=\"instock\" \/>\n<meta property=\"product:availability\" content=\"instock\" \/>\n<meta property=\"product:retailer_item_id\" content=\"ST-000\" \/>\n<meta property=\"product:condition\" content=\"new\" \/>\n<!-- \/ Yoast SEO Premium plugin. -->","yoast_head_json":{"title":"Steuerung | Schwarz - Globber Scooter Schweiz","robots":{"index":"index","follow":"follow","max-snippet":"max-snippet:-1","max-image-preview":"max-image-preview:large","max-video-preview":"max-video-preview:-1"},"canonical":"https:\/\/www.globber.com\/ch\/de\/product\/steuerung-schwarz-3\/","og_locale":"de_DE","og_type":"article","og_title":"Steuerung | Schwarz - Globber Scooter Schweiz","og_description":"Original Globber Steuerung in Schwarz f\u00fcr Primo und EVO Modelle. Einfach montierbar, sorgt sie f\u00fcr pr\u00e4zises Lenken und volle Kontrolle beim Fahren.","og_url":"https:\/\/www.globber.com\/ch\/de\/product\/steuerung-schwarz-3\/","og_site_name":"Globber Scooter Schweiz","article_modified_time":"2026-01-08T13:01:30+00:00","og_image":[{"width":1280,"height":453,"url":"https:\/\/cdn.globber.com\/content\/sites\/41\/2024\/01\/globber_steuerung_universal_schwarz_st-000_1280x1280-1.jpg","type":"image\/jpeg"}],"twitter_card":"summary_large_image","twitter_misc":{"Price":"9.90&#67;&#72;&#70; inkl. MwSt","Availability":"In stock"},"schema":{"@context":"https:\/\/schema.org","@graph":[{"@type":["WebPage","ItemPage"],"@id":"https:\/\/www.globber.com\/ch\/de\/product\/steuerung-schwarz-3\/","url":"https:\/\/www.globber.com\/ch\/de\/product\/steuerung-schwarz-3\/","name":"Steuerung | Schwarz - Globber Scooter Schweiz","isPartOf":{"@id":"https:\/\/www.globber.com\/ch\/fr\/#website"},"primaryImageOfPage":{"@id":"https:\/\/www.globber.com\/ch\/de\/product\/steuerung-schwarz-3\/#primaryimage"},"image":{"@id":"https:\/\/www.globber.com\/ch\/de\/product\/steuerung-schwarz-3\/#primaryimage"},"thumbnailUrl":"https:\/\/cdn.globber.com\/content\/sites\/41\/2024\/01\/globber_steuerung_universal_schwarz_st-000_1280x1280-1.jpg","datePublished":"2024-01-17T08:18:17+00:00","dateModified":"2026-01-08T13:01:30+00:00","breadcrumb":{"@id":"https:\/\/www.globber.com\/ch\/de\/product\/steuerung-schwarz-3\/#breadcrumb"},"inLanguage":"de-CH","potentialAction":[{"@type":"ReadAction","target":["https:\/\/www.globber.com\/ch\/de\/product\/steuerung-schwarz-3\/"]}]},{"@type":"ImageObject","inLanguage":"de-CH","@id":"https:\/\/www.globber.com\/ch\/de\/product\/steuerung-schwarz-3\/#primaryimage","url":"https:\/\/cdn.globber.com\/content\/sites\/41\/2024\/01\/globber_steuerung_universal_schwarz_st-000_1280x1280-1.jpg","contentUrl":"https:\/\/cdn.globber.com\/content\/sites\/41\/2024\/01\/globber_steuerung_universal_schwarz_st-000_1280x1280-1.jpg","width":1280,"height":453},{"@type":"BreadcrumbList","@id":"https:\/\/www.globber.com\/ch\/de\/product\/steuerung-schwarz-3\/#breadcrumb","itemListElement":[{"@type":"ListItem","position":1,"name":"Alle Produkte","item":"https:\/\/www.globber.com\/ch\/de\/shop-nach-produkt\/"},{"@type":"ListItem","position":2,"name":"Steuerung | Schwarz"}]},{"@type":"WebSite","@id":"https:\/\/www.globber.com\/ch\/fr\/#website","url":"https:\/\/www.globber.com\/ch\/fr\/","name":"Globber Scooter Schweiz","description":"Der offizielle Online Shop","publisher":{"@id":"https:\/\/www.globber.com\/ch\/fr\/#organization"},"potentialAction":[{"@type":"SearchAction","target":{"@type":"EntryPoint","urlTemplate":"https:\/\/www.globber.com\/ch\/fr\/?s={search_term_string}"},"query-input":{"@type":"PropertyValueSpecification","valueRequired":true,"valueName":"search_term_string"}}],"inLanguage":"de-CH"},{"@type":"Organization","@id":"https:\/\/www.globber.com\/ch\/fr\/#organization","name":"Globber Scooter Schweiz","url":"https:\/\/www.globber.com\/ch\/fr\/","logo":{"@type":"ImageObject","inLanguage":"de-CH","@id":"https:\/\/www.globber.com\/ch\/fr\/#\/schema\/logo\/image\/","url":"https:\/\/cdn.globber.com\/content\/2024\/05\/logo.svg","contentUrl":"https:\/\/cdn.globber.com\/content\/2024\/05\/logo.svg","width":601,"height":112,"caption":"Globber Scooter Schweiz"},"image":{"@id":"https:\/\/www.globber.com\/ch\/fr\/#\/schema\/logo\/image\/"}}]},"product_price_amount":"9.90","product_price_currency":"CHF","og_availability":"instock","product_availability":"instock","product_retailer_item_id":"ST-000","product_condition":"new"},"_links":{"self":[{"href":"https:\/\/www.globber.com\/ch\/de\/wp-json\/wp\/v2\/product\/12580","targetHints":{"allow":["GET"]}}],"collection":[{"href":"https:\/\/www.globber.com\/ch\/de\/wp-json\/wp\/v2\/product"}],"about":[{"href":"https:\/\/www.globber.com\/ch\/de\/wp-json\/wp\/v2\/types\/product"}],"replies":[{"embeddable":true,"href":"https:\/\/www.globber.com\/ch\/de\/wp-json\/wp\/v2\/comments?post=12580"}],"wp:featuredmedia":[{"embeddable":true,"href":"https:\/\/www.globber.com\/ch\/de\/wp-json\/wp\/v2\/media\/14197"}],"wp:attachment":[{"href":"https:\/\/www.globber.com\/ch\/de\/wp-json\/wp\/v2\/media?parent=12580"}],"wp:term":[{"taxonomy":"product-special-badges","embeddable":true,"href":"https:\/\/www.globber.com\/ch\/de\/wp-json\/wp\/v2\/product-special-badges?post=12580"},{"taxonomy":"product_brand","embeddable":true,"href":"https:\/\/www.globber.com\/ch\/de\/wp-json\/wp\/v2\/product_brand?post=12580"},{"taxonomy":"product_cat","embeddable":true,"href":"https:\/\/www.globber.com\/ch\/de\/wp-json\/wp\/v2\/product_cat?post=12580"},{"taxonomy":"product_tag","embeddable":true,"href":"https:\/\/www.globber.com\/ch\/de\/wp-json\/wp\/v2\/product_tag?post=12580"}],"curies":[{"name":"wp","href":"https:\/\/api.w.org\/{rel}","templated":true}]}}