{"id":14897,"date":"2025-05-14T09:36:54","date_gmt":"2025-05-14T07:36:54","guid":{"rendered":"https:\/\/staging.globberscooter.com\/ch\/product\/globber-stroll-lite-schwarz-2\/"},"modified":"2026-03-18T11:32:14","modified_gmt":"2026-03-18T10:32:14","slug":"stroll-lite","status":"publish","type":"product","link":"https:\/\/www.globber.com\/ch\/de\/product\/stroll-lite\/","title":{"rendered":"Stroll. Lite"},"content":{"rendered":"<p>Gl\u00fcck gibt es in kleinen Formen, und jede Reise mit Ihrem Kleinen - ob durch belebte Stra\u00dfen, gesch\u00e4ftige Schulwege oder ruhige Parks - ist eine Chance f\u00fcr die kleinen Freuden des Lebens, sich zu entfalten, einmal auf einem Spaziergang.<\/p>\n<p>Der STROLL-LITE ist vollgepackt mit Funktionen wie einem Schnellklappsystem, einem 5-Punkt-Sicherheitsgurt, einer Feststellvorrichtung, einem Anti-UV-Verdeck, einem dreifach verstellbaren Sitz, atmungsaktivem Stoff, Bel\u00fcftungsfenstern, ger\u00e4umigem Stauraum, strapazierf\u00e4higen R\u00e4dern und vielem mehr, um allt\u00e4gliche Ausfl\u00fcge in Familienabenteuer zu verwandeln.<\/p>\n<p>Der STROLL-LITE wurde entwickelt, um das gemeinsame Erkunden der Welt auf R\u00e4dern noch einfacher und fr\u00f6hlicher zu machen. Er l\u00e4sst sich mit jedem GO-UP 360\u00b0 verbinden und w\u00e4chst so mit Ihrer ganzen Familie mit.<\/p>\n<p>Also, lassen Sie die Lebensfreude auf einem Spaziergang aufbl\u00fchen!<\/p>\n","protected":false},"excerpt":{"rendered":"<p>Kompakter und faltbarer Kinderwagen (Alter 0-4 Jahre)<\/p>\n","protected":false},"featured_media":14910,"comment_status":"open","ping_status":"closed","template":"","meta":{"_acf_changed":false,"inline_featured_image":false},"product-special-badges":[],"product_brand":[],"product_cat":[4477,4474,4472,3134],"product_tag":[],"class_list":{"0":"post-14897","1":"product","2":"type-product","3":"status-publish","4":"has-post-thumbnail","6":"product_cat-kleinkinder-produkte","7":"product_cat-kinderwagen","8":"product_cat-stroll-serie","9":"product_cat-alle-produkte","10":"pa_color-deep-pastel-pink","11":"pa_color-beige","12":"pa_color-schwarz","13":"pa_color-tuerkis","14":"pa_ean-4654","15":"pa_ean-4652","16":"pa_ean-4653","17":"pa_ean-4689","19":"first","20":"instock","21":"taxable","22":"shipping-taxable","23":"purchasable","24":"product-type-variable"},"acf":[],"yoast_head":"<!-- This site is optimized with the Yoast SEO Premium plugin v20.12 (Yoast SEO v23.4) - https:\/\/yoast.com\/wordpress\/plugins\/seo\/ -->\n<title>Stroll. Lite - Globber Scooter Schweiz<\/title>\n<meta name=\"robots\" content=\"index, follow, max-snippet:-1, max-image-preview:large, max-video-preview:-1\" \/>\n<link rel=\"canonical\" href=\"https:\/\/www.globber.com\/ch\/de\/product\/stroll-lite\/\" \/>\n<meta property=\"og:locale\" content=\"de_DE\" \/>\n<meta property=\"og:type\" content=\"article\" \/>\n<meta property=\"og:title\" content=\"Stroll. Lite - Globber Scooter Schweiz\" \/>\n<meta property=\"og:description\" content=\"Kompakter und faltbarer Kinderwagen (Alter 0-4 Jahre)\" \/>\n<meta property=\"og:url\" content=\"https:\/\/www.globber.com\/ch\/de\/product\/stroll-lite\/\" \/>\n<meta property=\"og:site_name\" content=\"Globber Scooter Schweiz\" \/>\n<meta property=\"article:modified_time\" content=\"2026-03-18T10:32:14+00:00\" \/>\n<meta property=\"og:image\" content=\"https:\/\/cdn.globber.com\/content\/sites\/41\/2025\/05\/925_120_HERO.jpg\" \/>\n\t<meta property=\"og:image:width\" content=\"1089\" \/>\n\t<meta property=\"og:image:height\" content=\"1500\" \/>\n\t<meta property=\"og:image:type\" content=\"image\/jpeg\" \/>\n<meta name=\"twitter:card\" content=\"summary_large_image\" \/>\n<meta name=\"twitter:label1\" content=\"Availability\" \/>\n\t<meta name=\"twitter:data1\" content=\"In stock\" \/>\n<script type=\"application\/ld+json\" class=\"yoast-schema-graph\">{\"@context\":\"https:\/\/schema.org\",\"@graph\":[{\"@type\":[\"WebPage\",\"ItemPage\"],\"@id\":\"https:\/\/www.globber.com\/ch\/de\/product\/stroll-lite\/\",\"url\":\"https:\/\/www.globber.com\/ch\/de\/product\/stroll-lite\/\",\"name\":\"Stroll. Lite - Globber Scooter Schweiz\",\"isPartOf\":{\"@id\":\"https:\/\/www.globber.com\/ch\/fr\/#website\"},\"primaryImageOfPage\":{\"@id\":\"https:\/\/www.globber.com\/ch\/de\/product\/stroll-lite\/#primaryimage\"},\"image\":{\"@id\":\"https:\/\/www.globber.com\/ch\/de\/product\/stroll-lite\/#primaryimage\"},\"thumbnailUrl\":\"https:\/\/cdn.globber.com\/content\/sites\/41\/2025\/05\/925_120_HERO.jpg\",\"datePublished\":\"2025-05-14T07:36:54+00:00\",\"dateModified\":\"2026-03-18T10:32:14+00:00\",\"breadcrumb\":{\"@id\":\"https:\/\/www.globber.com\/ch\/de\/product\/stroll-lite\/#breadcrumb\"},\"inLanguage\":\"de-CH\",\"potentialAction\":[{\"@type\":\"ReadAction\",\"target\":[\"https:\/\/www.globber.com\/ch\/de\/product\/stroll-lite\/\"]}]},{\"@type\":\"ImageObject\",\"inLanguage\":\"de-CH\",\"@id\":\"https:\/\/www.globber.com\/ch\/de\/product\/stroll-lite\/#primaryimage\",\"url\":\"https:\/\/cdn.globber.com\/content\/sites\/41\/2025\/05\/925_120_HERO.jpg\",\"contentUrl\":\"https:\/\/cdn.globber.com\/content\/sites\/41\/2025\/05\/925_120_HERO.jpg\",\"width\":1089,\"height\":1500},{\"@type\":\"BreadcrumbList\",\"@id\":\"https:\/\/www.globber.com\/ch\/de\/product\/stroll-lite\/#breadcrumb\",\"itemListElement\":[{\"@type\":\"ListItem\",\"position\":1,\"name\":\"Alle Produkte\",\"item\":\"https:\/\/www.globber.com\/ch\/de\/shop-nach-produkt\/\"},{\"@type\":\"ListItem\",\"position\":2,\"name\":\"Stroll. Lite\"}]},{\"@type\":\"WebSite\",\"@id\":\"https:\/\/www.globber.com\/ch\/fr\/#website\",\"url\":\"https:\/\/www.globber.com\/ch\/fr\/\",\"name\":\"Globber Scooter Schweiz\",\"description\":\"Der offizielle Online Shop\",\"publisher\":{\"@id\":\"https:\/\/www.globber.com\/ch\/fr\/#organization\"},\"potentialAction\":[{\"@type\":\"SearchAction\",\"target\":{\"@type\":\"EntryPoint\",\"urlTemplate\":\"https:\/\/www.globber.com\/ch\/fr\/?s={search_term_string}\"},\"query-input\":{\"@type\":\"PropertyValueSpecification\",\"valueRequired\":true,\"valueName\":\"search_term_string\"}}],\"inLanguage\":\"de-CH\"},{\"@type\":\"Organization\",\"@id\":\"https:\/\/www.globber.com\/ch\/fr\/#organization\",\"name\":\"Globber Scooter Schweiz\",\"url\":\"https:\/\/www.globber.com\/ch\/fr\/\",\"logo\":{\"@type\":\"ImageObject\",\"inLanguage\":\"de-CH\",\"@id\":\"https:\/\/www.globber.com\/ch\/fr\/#\/schema\/logo\/image\/\",\"url\":\"https:\/\/cdn.globber.com\/content\/2024\/05\/logo.svg\",\"contentUrl\":\"https:\/\/cdn.globber.com\/content\/2024\/05\/logo.svg\",\"width\":601,\"height\":112,\"caption\":\"Globber Scooter Schweiz\"},\"image\":{\"@id\":\"https:\/\/www.globber.com\/ch\/fr\/#\/schema\/logo\/image\/\"}}]}<\/script>\n<meta property=\"og:availability\" content=\"instock\" \/>\n<meta property=\"product:availability\" content=\"instock\" \/>\n<meta property=\"product:retailer_item_id\" content=\"925-XXX\" \/>\n<meta property=\"product:condition\" content=\"new\" \/>\n<!-- \/ Yoast SEO Premium plugin. -->","yoast_head_json":{"title":"Stroll. Lite - Globber Scooter Schweiz","robots":{"index":"index","follow":"follow","max-snippet":"max-snippet:-1","max-image-preview":"max-image-preview:large","max-video-preview":"max-video-preview:-1"},"canonical":"https:\/\/www.globber.com\/ch\/de\/product\/stroll-lite\/","og_locale":"de_DE","og_type":"article","og_title":"Stroll. Lite - Globber Scooter Schweiz","og_description":"Kompakter und faltbarer Kinderwagen (Alter 0-4 Jahre)","og_url":"https:\/\/www.globber.com\/ch\/de\/product\/stroll-lite\/","og_site_name":"Globber Scooter Schweiz","article_modified_time":"2026-03-18T10:32:14+00:00","og_image":[{"width":1089,"height":1500,"url":"https:\/\/cdn.globber.com\/content\/sites\/41\/2025\/05\/925_120_HERO.jpg","type":"image\/jpeg"}],"twitter_card":"summary_large_image","twitter_misc":{"Availability":"In stock"},"schema":{"@context":"https:\/\/schema.org","@graph":[{"@type":["WebPage","ItemPage"],"@id":"https:\/\/www.globber.com\/ch\/de\/product\/stroll-lite\/","url":"https:\/\/www.globber.com\/ch\/de\/product\/stroll-lite\/","name":"Stroll. Lite - Globber Scooter Schweiz","isPartOf":{"@id":"https:\/\/www.globber.com\/ch\/fr\/#website"},"primaryImageOfPage":{"@id":"https:\/\/www.globber.com\/ch\/de\/product\/stroll-lite\/#primaryimage"},"image":{"@id":"https:\/\/www.globber.com\/ch\/de\/product\/stroll-lite\/#primaryimage"},"thumbnailUrl":"https:\/\/cdn.globber.com\/content\/sites\/41\/2025\/05\/925_120_HERO.jpg","datePublished":"2025-05-14T07:36:54+00:00","dateModified":"2026-03-18T10:32:14+00:00","breadcrumb":{"@id":"https:\/\/www.globber.com\/ch\/de\/product\/stroll-lite\/#breadcrumb"},"inLanguage":"de-CH","potentialAction":[{"@type":"ReadAction","target":["https:\/\/www.globber.com\/ch\/de\/product\/stroll-lite\/"]}]},{"@type":"ImageObject","inLanguage":"de-CH","@id":"https:\/\/www.globber.com\/ch\/de\/product\/stroll-lite\/#primaryimage","url":"https:\/\/cdn.globber.com\/content\/sites\/41\/2025\/05\/925_120_HERO.jpg","contentUrl":"https:\/\/cdn.globber.com\/content\/sites\/41\/2025\/05\/925_120_HERO.jpg","width":1089,"height":1500},{"@type":"BreadcrumbList","@id":"https:\/\/www.globber.com\/ch\/de\/product\/stroll-lite\/#breadcrumb","itemListElement":[{"@type":"ListItem","position":1,"name":"Alle Produkte","item":"https:\/\/www.globber.com\/ch\/de\/shop-nach-produkt\/"},{"@type":"ListItem","position":2,"name":"Stroll. Lite"}]},{"@type":"WebSite","@id":"https:\/\/www.globber.com\/ch\/fr\/#website","url":"https:\/\/www.globber.com\/ch\/fr\/","name":"Globber Scooter Schweiz","description":"Der offizielle Online Shop","publisher":{"@id":"https:\/\/www.globber.com\/ch\/fr\/#organization"},"potentialAction":[{"@type":"SearchAction","target":{"@type":"EntryPoint","urlTemplate":"https:\/\/www.globber.com\/ch\/fr\/?s={search_term_string}"},"query-input":{"@type":"PropertyValueSpecification","valueRequired":true,"valueName":"search_term_string"}}],"inLanguage":"de-CH"},{"@type":"Organization","@id":"https:\/\/www.globber.com\/ch\/fr\/#organization","name":"Globber Scooter Schweiz","url":"https:\/\/www.globber.com\/ch\/fr\/","logo":{"@type":"ImageObject","inLanguage":"de-CH","@id":"https:\/\/www.globber.com\/ch\/fr\/#\/schema\/logo\/image\/","url":"https:\/\/cdn.globber.com\/content\/2024\/05\/logo.svg","contentUrl":"https:\/\/cdn.globber.com\/content\/2024\/05\/logo.svg","width":601,"height":112,"caption":"Globber Scooter Schweiz"},"image":{"@id":"https:\/\/www.globber.com\/ch\/fr\/#\/schema\/logo\/image\/"}}]},"og_availability":"instock","product_availability":"instock","product_retailer_item_id":"925-XXX","product_condition":"new"},"_links":{"self":[{"href":"https:\/\/www.globber.com\/ch\/de\/wp-json\/wp\/v2\/product\/14897","targetHints":{"allow":["GET"]}}],"collection":[{"href":"https:\/\/www.globber.com\/ch\/de\/wp-json\/wp\/v2\/product"}],"about":[{"href":"https:\/\/www.globber.com\/ch\/de\/wp-json\/wp\/v2\/types\/product"}],"replies":[{"embeddable":true,"href":"https:\/\/www.globber.com\/ch\/de\/wp-json\/wp\/v2\/comments?post=14897"}],"wp:featuredmedia":[{"embeddable":true,"href":"https:\/\/www.globber.com\/ch\/de\/wp-json\/wp\/v2\/media\/14910"}],"wp:attachment":[{"href":"https:\/\/www.globber.com\/ch\/de\/wp-json\/wp\/v2\/media?parent=14897"}],"wp:term":[{"taxonomy":"product-special-badges","embeddable":true,"href":"https:\/\/www.globber.com\/ch\/de\/wp-json\/wp\/v2\/product-special-badges?post=14897"},{"taxonomy":"product_brand","embeddable":true,"href":"https:\/\/www.globber.com\/ch\/de\/wp-json\/wp\/v2\/product_brand?post=14897"},{"taxonomy":"product_cat","embeddable":true,"href":"https:\/\/www.globber.com\/ch\/de\/wp-json\/wp\/v2\/product_cat?post=14897"},{"taxonomy":"product_tag","embeddable":true,"href":"https:\/\/www.globber.com\/ch\/de\/wp-json\/wp\/v2\/product_tag?post=14897"}],"curies":[{"name":"wp","href":"https:\/\/api.w.org\/{rel}","templated":true}]}}