{"id":14964,"date":"2025-05-14T15:53:10","date_gmt":"2025-05-14T13:53:10","guid":{"rendered":"https:\/\/staging.globberscooter.com\/ch\/product\/globber-laufrad-dreirad-go-up-active-lights-360-mint-dark-mint\/"},"modified":"2026-02-27T13:21:55","modified_gmt":"2026-02-27T12:21:55","slug":"go-up-active-lights-360","status":"publish","type":"product","link":"https:\/\/www.globber.com\/ch\/de\/product\/go-up-active-lights-360\/","title":{"rendered":"GO UP Active Lights 360\u00b0"},"content":{"rendered":"<p><strong>Multifunktional in 360\u00b0: AKTIVE Spielzeit f\u00fcr viele Jahre<\/strong><\/p>\n<p>Es ist an der Zeit, AKTIV zu werden und mit GO-UP ACTIVE LIGHTS 360\u00b0 zu fahren, fahren, fahren! Mit unserer patentierten 360\u00b0-Elternlenkung, die Ihnen hilft, Ihr Kind zu lenken und die das Lenken leicht, luftig und reibungslos macht, waren Spielabende und Tage im Park noch nie so bequem!<\/p>\n<p>GO-UP ACTIVE LIGHTS 360\u00b0 ist ein faltbarer, beleuchteter 3-Rad-Scooter mit Sitz f\u00fcr Kleinkinder und Kinder, der sich in einen Aufsitz-, Laufrad- und Kleinkinder-Scooter verwandeln l\u00e4sst. Die Modi \u201eAufsitzen\u201c und \u201eLaufen\u201c sind f\u00fcr Kleinkinder im Alter von 15-36 Monaten geeignet, der Modus \u201eScooter\u201c wird f\u00fcr Kinder im Alter von 3-9+ empfohlen.<\/p>\n<p>GO-UP ACTIVE LIGHTS 360\u00b0 ist mit einer patentierten 360\u00b0-Elternlenkung f\u00fcr den Aufsitzmodus, einem 100 % werkzeuglosen Design, einem patentierten Klapp- und Lenkverschlusssystem, einem verstellbaren Sitz und T-B\u00fcgel, einem robusten Deck und batterielosen LED-Leuchtr\u00e4dern ausgestattet.<\/p>\n<p>Erleben Sie endlose Spielabende mit einem beleuchteten Freund aus der Kindheit, der f\u00fcr die n\u00e4chsten Jahre da ist!<\/p>\n<p>GO-UP ACTIVE LIGHTS 360\u00b0 besteht zu 34 % aus Global Recycled Standard (GRS) Kunststoff*.<\/p>\n<p>Der GRS ist der internationale Ma\u00dfstab f\u00fcr den Nachweis des Recyclinganteils in Fertigprodukten, der die Transparenz der Materialien gew\u00e4hrleistet und eine Kreislaufwirtschaft f\u00f6rdert.<\/p>\n<p>Durch die Verwendung von GRS-zertifiziertem Recycling-Kunststoff in unseren 3-Rad- und ECOLOGIC-Kollektionen konnten wir seit Oktober 2022 insgesamt mehr als 118 Tonnen gebrauchte Flaschen und Becher, geborgene Fischnetze sowie altes Spielzeug und Polster wiederverwenden.\u202fErfahren Sie mehr.<\/p>\n<p><span style=\"font-size: 10px\">*In geeigneten Komponenten; welche Komponenten das sind, erfahren Sie <a href=\"\/ch\/nachhaltige-roller\/\">hier<\/a>.<\/span><\/p>\n","protected":false},"excerpt":{"rendered":"<p>Faltbarer Roller mit Sitz f\u00fcr Kleinkinder (15m - 9+)<\/p>\n<p>&nbsp;<\/p>\n","protected":false},"featured_media":14993,"comment_status":"open","ping_status":"closed","template":"","meta":{"_acf_changed":false,"inline_featured_image":false},"product-special-badges":[],"product_brand":[],"product_cat":[4477,4473,3560,3559,1691,1696,1694],"product_tag":[],"class_list":{"0":"post-14964","1":"product","2":"type-product","3":"status-publish","4":"has-post-thumbnail","6":"product_cat-kleinkinder-produkte","7":"product_cat-go-up-360-kollektion","8":"product_cat-scooter-mit-sitz","9":"product_cat-baby-dreiraeder","10":"product_cat-3-rad-roller-fuer-alle-alter","11":"product_cat-faltbare-roller","12":"product_cat-licht-roller","13":"pa_color-hellblau","14":"pa_color-mint","15":"pa_color-rosa","16":"pa_ean-4656","17":"pa_ean-4657","18":"pa_ean-4655","20":"first","21":"instock","22":"taxable","23":"shipping-taxable","24":"purchasable","25":"product-type-variable"},"acf":[],"yoast_head":"<!-- This site is optimized with the Yoast SEO Premium plugin v20.12 (Yoast SEO v23.4) - https:\/\/yoast.com\/wordpress\/plugins\/seo\/ -->\n<title>GO UP Active Lights 360\u00b0 - Globber Scooter Schweiz<\/title>\n<meta name=\"robots\" content=\"index, follow, max-snippet:-1, max-image-preview:large, max-video-preview:-1\" \/>\n<link rel=\"canonical\" href=\"https:\/\/www.globber.com\/ch\/de\/product\/go-up-active-lights-360\/\" \/>\n<meta property=\"og:locale\" content=\"de_DE\" \/>\n<meta property=\"og:type\" content=\"article\" \/>\n<meta property=\"og:title\" content=\"GO UP Active Lights 360\u00b0 - Globber Scooter Schweiz\" \/>\n<meta property=\"og:description\" content=\"Faltbarer Roller mit Sitz f\u00fcr Kleinkinder (15m - 9+) &nbsp;\" \/>\n<meta property=\"og:url\" content=\"https:\/\/www.globber.com\/ch\/de\/product\/go-up-active-lights-360\/\" \/>\n<meta property=\"og:site_name\" content=\"Globber Scooter Schweiz\" \/>\n<meta property=\"article:modified_time\" content=\"2026-02-27T12:21:55+00:00\" \/>\n<meta property=\"og:image\" content=\"https:\/\/cdn.globber.com\/content\/sites\/41\/2025\/05\/749-300_stages-all_rgb.jpg\" \/>\n\t<meta property=\"og:image:width\" content=\"2048\" \/>\n\t<meta property=\"og:image:height\" content=\"2048\" \/>\n\t<meta property=\"og:image:type\" content=\"image\/jpeg\" \/>\n<meta name=\"twitter:card\" content=\"summary_large_image\" \/>\n<meta name=\"twitter:label1\" content=\"Availability\" \/>\n\t<meta name=\"twitter:data1\" content=\"In stock\" \/>\n<script type=\"application\/ld+json\" class=\"yoast-schema-graph\">{\"@context\":\"https:\/\/schema.org\",\"@graph\":[{\"@type\":[\"WebPage\",\"ItemPage\"],\"@id\":\"https:\/\/www.globber.com\/ch\/de\/product\/go-up-active-lights-360\/\",\"url\":\"https:\/\/www.globber.com\/ch\/de\/product\/go-up-active-lights-360\/\",\"name\":\"GO UP Active Lights 360\u00b0 - Globber Scooter Schweiz\",\"isPartOf\":{\"@id\":\"https:\/\/www.globber.com\/ch\/fr\/#website\"},\"primaryImageOfPage\":{\"@id\":\"https:\/\/www.globber.com\/ch\/de\/product\/go-up-active-lights-360\/#primaryimage\"},\"image\":{\"@id\":\"https:\/\/www.globber.com\/ch\/de\/product\/go-up-active-lights-360\/#primaryimage\"},\"thumbnailUrl\":\"https:\/\/cdn.globber.com\/content\/sites\/41\/2025\/05\/749-300_stages-all_rgb.jpg\",\"datePublished\":\"2025-05-14T13:53:10+00:00\",\"dateModified\":\"2026-02-27T12:21:55+00:00\",\"breadcrumb\":{\"@id\":\"https:\/\/www.globber.com\/ch\/de\/product\/go-up-active-lights-360\/#breadcrumb\"},\"inLanguage\":\"de-CH\",\"potentialAction\":[{\"@type\":\"ReadAction\",\"target\":[\"https:\/\/www.globber.com\/ch\/de\/product\/go-up-active-lights-360\/\"]}]},{\"@type\":\"ImageObject\",\"inLanguage\":\"de-CH\",\"@id\":\"https:\/\/www.globber.com\/ch\/de\/product\/go-up-active-lights-360\/#primaryimage\",\"url\":\"https:\/\/cdn.globber.com\/content\/sites\/41\/2025\/05\/749-300_stages-all_rgb.jpg\",\"contentUrl\":\"https:\/\/cdn.globber.com\/content\/sites\/41\/2025\/05\/749-300_stages-all_rgb.jpg\",\"width\":2048,\"height\":2048},{\"@type\":\"BreadcrumbList\",\"@id\":\"https:\/\/www.globber.com\/ch\/de\/product\/go-up-active-lights-360\/#breadcrumb\",\"itemListElement\":[{\"@type\":\"ListItem\",\"position\":1,\"name\":\"Alle Produkte\",\"item\":\"https:\/\/www.globber.com\/ch\/de\/shop-nach-produkt\/\"},{\"@type\":\"ListItem\",\"position\":2,\"name\":\"GO UP Active Lights 360\u00b0\"}]},{\"@type\":\"WebSite\",\"@id\":\"https:\/\/www.globber.com\/ch\/fr\/#website\",\"url\":\"https:\/\/www.globber.com\/ch\/fr\/\",\"name\":\"Globber Scooter Schweiz\",\"description\":\"Der offizielle Online Shop\",\"publisher\":{\"@id\":\"https:\/\/www.globber.com\/ch\/fr\/#organization\"},\"potentialAction\":[{\"@type\":\"SearchAction\",\"target\":{\"@type\":\"EntryPoint\",\"urlTemplate\":\"https:\/\/www.globber.com\/ch\/fr\/?s={search_term_string}\"},\"query-input\":{\"@type\":\"PropertyValueSpecification\",\"valueRequired\":true,\"valueName\":\"search_term_string\"}}],\"inLanguage\":\"de-CH\"},{\"@type\":\"Organization\",\"@id\":\"https:\/\/www.globber.com\/ch\/fr\/#organization\",\"name\":\"Globber Scooter Schweiz\",\"url\":\"https:\/\/www.globber.com\/ch\/fr\/\",\"logo\":{\"@type\":\"ImageObject\",\"inLanguage\":\"de-CH\",\"@id\":\"https:\/\/www.globber.com\/ch\/fr\/#\/schema\/logo\/image\/\",\"url\":\"https:\/\/cdn.globber.com\/content\/2024\/05\/logo.svg\",\"contentUrl\":\"https:\/\/cdn.globber.com\/content\/2024\/05\/logo.svg\",\"width\":601,\"height\":112,\"caption\":\"Globber Scooter Schweiz\"},\"image\":{\"@id\":\"https:\/\/www.globber.com\/ch\/fr\/#\/schema\/logo\/image\/\"}}]}<\/script>\n<meta property=\"og:availability\" content=\"instock\" \/>\n<meta property=\"product:availability\" content=\"instock\" \/>\n<meta property=\"product:retailer_item_id\" content=\"749-XXX\" \/>\n<meta property=\"product:condition\" content=\"new\" \/>\n<!-- \/ Yoast SEO Premium plugin. -->","yoast_head_json":{"title":"GO UP Active Lights 360\u00b0 - Globber Scooter Schweiz","robots":{"index":"index","follow":"follow","max-snippet":"max-snippet:-1","max-image-preview":"max-image-preview:large","max-video-preview":"max-video-preview:-1"},"canonical":"https:\/\/www.globber.com\/ch\/de\/product\/go-up-active-lights-360\/","og_locale":"de_DE","og_type":"article","og_title":"GO UP Active Lights 360\u00b0 - Globber Scooter Schweiz","og_description":"Faltbarer Roller mit Sitz f\u00fcr Kleinkinder (15m - 9+) &nbsp;","og_url":"https:\/\/www.globber.com\/ch\/de\/product\/go-up-active-lights-360\/","og_site_name":"Globber Scooter Schweiz","article_modified_time":"2026-02-27T12:21:55+00:00","og_image":[{"width":2048,"height":2048,"url":"https:\/\/cdn.globber.com\/content\/sites\/41\/2025\/05\/749-300_stages-all_rgb.jpg","type":"image\/jpeg"}],"twitter_card":"summary_large_image","twitter_misc":{"Availability":"In stock"},"schema":{"@context":"https:\/\/schema.org","@graph":[{"@type":["WebPage","ItemPage"],"@id":"https:\/\/www.globber.com\/ch\/de\/product\/go-up-active-lights-360\/","url":"https:\/\/www.globber.com\/ch\/de\/product\/go-up-active-lights-360\/","name":"GO UP Active Lights 360\u00b0 - Globber Scooter Schweiz","isPartOf":{"@id":"https:\/\/www.globber.com\/ch\/fr\/#website"},"primaryImageOfPage":{"@id":"https:\/\/www.globber.com\/ch\/de\/product\/go-up-active-lights-360\/#primaryimage"},"image":{"@id":"https:\/\/www.globber.com\/ch\/de\/product\/go-up-active-lights-360\/#primaryimage"},"thumbnailUrl":"https:\/\/cdn.globber.com\/content\/sites\/41\/2025\/05\/749-300_stages-all_rgb.jpg","datePublished":"2025-05-14T13:53:10+00:00","dateModified":"2026-02-27T12:21:55+00:00","breadcrumb":{"@id":"https:\/\/www.globber.com\/ch\/de\/product\/go-up-active-lights-360\/#breadcrumb"},"inLanguage":"de-CH","potentialAction":[{"@type":"ReadAction","target":["https:\/\/www.globber.com\/ch\/de\/product\/go-up-active-lights-360\/"]}]},{"@type":"ImageObject","inLanguage":"de-CH","@id":"https:\/\/www.globber.com\/ch\/de\/product\/go-up-active-lights-360\/#primaryimage","url":"https:\/\/cdn.globber.com\/content\/sites\/41\/2025\/05\/749-300_stages-all_rgb.jpg","contentUrl":"https:\/\/cdn.globber.com\/content\/sites\/41\/2025\/05\/749-300_stages-all_rgb.jpg","width":2048,"height":2048},{"@type":"BreadcrumbList","@id":"https:\/\/www.globber.com\/ch\/de\/product\/go-up-active-lights-360\/#breadcrumb","itemListElement":[{"@type":"ListItem","position":1,"name":"Alle Produkte","item":"https:\/\/www.globber.com\/ch\/de\/shop-nach-produkt\/"},{"@type":"ListItem","position":2,"name":"GO UP Active Lights 360\u00b0"}]},{"@type":"WebSite","@id":"https:\/\/www.globber.com\/ch\/fr\/#website","url":"https:\/\/www.globber.com\/ch\/fr\/","name":"Globber Scooter Schweiz","description":"Der offizielle Online Shop","publisher":{"@id":"https:\/\/www.globber.com\/ch\/fr\/#organization"},"potentialAction":[{"@type":"SearchAction","target":{"@type":"EntryPoint","urlTemplate":"https:\/\/www.globber.com\/ch\/fr\/?s={search_term_string}"},"query-input":{"@type":"PropertyValueSpecification","valueRequired":true,"valueName":"search_term_string"}}],"inLanguage":"de-CH"},{"@type":"Organization","@id":"https:\/\/www.globber.com\/ch\/fr\/#organization","name":"Globber Scooter Schweiz","url":"https:\/\/www.globber.com\/ch\/fr\/","logo":{"@type":"ImageObject","inLanguage":"de-CH","@id":"https:\/\/www.globber.com\/ch\/fr\/#\/schema\/logo\/image\/","url":"https:\/\/cdn.globber.com\/content\/2024\/05\/logo.svg","contentUrl":"https:\/\/cdn.globber.com\/content\/2024\/05\/logo.svg","width":601,"height":112,"caption":"Globber Scooter Schweiz"},"image":{"@id":"https:\/\/www.globber.com\/ch\/fr\/#\/schema\/logo\/image\/"}}]},"og_availability":"instock","product_availability":"instock","product_retailer_item_id":"749-XXX","product_condition":"new"},"_links":{"self":[{"href":"https:\/\/www.globber.com\/ch\/de\/wp-json\/wp\/v2\/product\/14964","targetHints":{"allow":["GET"]}}],"collection":[{"href":"https:\/\/www.globber.com\/ch\/de\/wp-json\/wp\/v2\/product"}],"about":[{"href":"https:\/\/www.globber.com\/ch\/de\/wp-json\/wp\/v2\/types\/product"}],"replies":[{"embeddable":true,"href":"https:\/\/www.globber.com\/ch\/de\/wp-json\/wp\/v2\/comments?post=14964"}],"wp:featuredmedia":[{"embeddable":true,"href":"https:\/\/www.globber.com\/ch\/de\/wp-json\/wp\/v2\/media\/14993"}],"wp:attachment":[{"href":"https:\/\/www.globber.com\/ch\/de\/wp-json\/wp\/v2\/media?parent=14964"}],"wp:term":[{"taxonomy":"product-special-badges","embeddable":true,"href":"https:\/\/www.globber.com\/ch\/de\/wp-json\/wp\/v2\/product-special-badges?post=14964"},{"taxonomy":"product_brand","embeddable":true,"href":"https:\/\/www.globber.com\/ch\/de\/wp-json\/wp\/v2\/product_brand?post=14964"},{"taxonomy":"product_cat","embeddable":true,"href":"https:\/\/www.globber.com\/ch\/de\/wp-json\/wp\/v2\/product_cat?post=14964"},{"taxonomy":"product_tag","embeddable":true,"href":"https:\/\/www.globber.com\/ch\/de\/wp-json\/wp\/v2\/product_tag?post=14964"}],"curies":[{"name":"wp","href":"https:\/\/api.w.org\/{rel}","templated":true}]}}