{"id":19171,"date":"2025-08-13T15:54:27","date_gmt":"2025-08-13T13:54:27","guid":{"rendered":"https:\/\/staging.globberscooter.com\/ch\/de\/product\/globber-laufrad-dreirad-trike-explorer-4-in-1-ecologic-pistachio\/"},"modified":"2026-03-06T08:23:55","modified_gmt":"2026-03-06T07:23:55","slug":"laufrad-dreirad-trike-explorer-4in1-ecologic","status":"publish","type":"product","link":"https:\/\/www.globber.com\/ch\/de\/product\/laufrad-dreirad-trike-explorer-4in1-ecologic\/","title":{"rendered":"Trike Explorer 4 in 1 Ecologic"},"content":{"rendered":"<p data-start=\"221\" data-end=\"625\">Mit dem <strong data-start=\"229\" data-end=\"261\">EXPLORER TRIKE 4in1 ECOLOGIC<\/strong> entdeckst du mit deinem Kind nicht nur die Welt, sondern lebst dabei auch nachhaltige Werte. Das multifunktionale Trike besteht zu 100\u202f% aus GRS-zertifiziertem Recyclingkunststoff und begleitet euch durch vier Entwicklungsphasen \u2013 vom Kleinkindtrike bis zum Laufrad. So w\u00e4chst es mit deinem Kind mit und ersetzt gleich mehrere Produkte in einem einzigen Kauf.<\/p>\n<p data-start=\"627\" data-end=\"907\">Das Trike eignet sich f\u00fcr Kinder ab 10 Monaten und l\u00e4sst sich je nach Alter und Entwicklungsstand flexibel umbauen: vom Kleinkind-Trike (10\u201336 Monate) \u00fcber das Trike mit F\u00fchrung (18\u201336 Monate) und Trainings-Trike (24\u201336 Monate) bis hin zum Laufrad (2\u20135 Jahre).<\/p>\n<p data-start=\"909\" data-end=\"1448\">Dank des 100\u202f% werkzeuglosen Designs gelingt der Umbau schnell und unkompliziert. Ein patentierter Drehmechanismus, ein 2-fach h\u00f6henverstellbarer Elternschiebegriff, ein verstellbarer Sitz, eine hohe R\u00fcckenlehne, Sicherheitsb\u00fcgel und ein gepolsterter 5-Punkt-Gurt sorgen f\u00fcr Sicherheit und Komfort in jeder Phase. Zus\u00e4tzliche Highlights wie das UV-Schutzverdeck (UPF 50+), pannensichere EVA-R\u00e4der, eine abnehmbare Fu\u00dfst\u00fctze und ein praktischer Pedalaufbewahrungsraum machen den Alltag noch leichter.<\/p>\n<p data-start=\"1450\" data-end=\"1669\">Mit dem <strong data-start=\"1458\" data-end=\"1490\">EXPLORER TRIKE 4in1 ECOLOGIC<\/strong> f\u00e4hrst du nicht nur flexibel, sondern auch verantwortungsbewusst \u2013 denn durch die Verwendung von recyceltem Kunststoff wird Abfall reduziert und die Umweltbelastung verringert.<\/p>\n<div>\n<p><strong>GO GLOBBER. GO GREENER.<\/strong><\/p>\n<p>Mehr dazu erf\u00e4hrst du\u00a0<a href=\"https:\/\/www.globber.com\/de\/nachhaltige-scooter\/\">hier.<\/a><\/p>\n<p>*In den entsprechenden Komponenten.<\/p>\n<\/div>\n","protected":false},"excerpt":{"rendered":"<p>All-in-One-\u00d6ko-Trainings-Dreirad &amp; Laufrad (10 Monate bis 5 Jahre) aus 100 % recyceltem Kunststoff*\u00a0<\/p>\n<p><span style=\"font-size: 12px;\"><em>*In den entsprechenden Komponenten<\/em><\/span><\/p>\n","protected":false},"featured_media":19520,"comment_status":"open","ping_status":"closed","template":"","meta":{"_acf_changed":false,"inline_featured_image":false},"product-special-badges":[],"product_brand":[],"product_cat":[3559,1693,1680,1243],"product_tag":[],"class_list":{"0":"post-19171","1":"product","2":"type-product","3":"status-publish","4":"has-post-thumbnail","6":"product_cat-baby-dreiraeder","7":"product_cat-laufraeder","8":"product_cat-ecologic-kollektion","9":"product_cat-entdecker-trike-serie","10":"pa_color-beige","11":"pa_color-mint","12":"pa_color-rosa","13":"pa_ean-4510","14":"pa_ean-4511","15":"pa_ean-4512","17":"first","18":"instock","19":"taxable","20":"shipping-taxable","21":"purchasable","22":"product-type-variable"},"acf":[],"yoast_head":"<!-- This site is optimized with the Yoast SEO Premium plugin v20.12 (Yoast SEO v23.4) - https:\/\/yoast.com\/wordpress\/plugins\/seo\/ -->\n<title>Trike Explorer 4 in 1 Ecologic - Globber Scooter Schweiz<\/title>\n<meta name=\"robots\" content=\"index, follow, max-snippet:-1, max-image-preview:large, max-video-preview:-1\" \/>\n<link rel=\"canonical\" href=\"https:\/\/www.globber.com\/ch\/de\/product\/laufrad-dreirad-trike-explorer-4in1-ecologic\/\" \/>\n<meta property=\"og:locale\" content=\"de_DE\" \/>\n<meta property=\"og:type\" content=\"article\" \/>\n<meta property=\"og:title\" content=\"Trike Explorer 4 in 1 Ecologic - Globber Scooter Schweiz\" \/>\n<meta property=\"og:description\" content=\"All-in-One-\u00d6ko-Trainings-Dreirad &amp; Laufrad (10 Monate bis 5 Jahre) aus 100 % recyceltem Kunststoff*\u00a0 *In den entsprechenden Komponenten\" \/>\n<meta property=\"og:url\" content=\"https:\/\/www.globber.com\/ch\/de\/product\/laufrad-dreirad-trike-explorer-4in1-ecologic\/\" \/>\n<meta property=\"og:site_name\" content=\"Globber Scooter Schweiz\" \/>\n<meta property=\"article:modified_time\" content=\"2026-03-06T07:23:55+00:00\" \/>\n<meta property=\"og:image\" content=\"https:\/\/cdn.globber.com\/content\/sites\/41\/2025\/09\/68b5443e7cae2.jpg\" \/>\n\t<meta property=\"og:image:width\" content=\"2048\" \/>\n\t<meta property=\"og:image:height\" content=\"2048\" \/>\n\t<meta property=\"og:image:type\" content=\"image\/jpeg\" \/>\n<meta name=\"twitter:card\" content=\"summary_large_image\" \/>\n<meta name=\"twitter:label1\" content=\"Availability\" \/>\n\t<meta name=\"twitter:data1\" content=\"In stock\" \/>\n<script type=\"application\/ld+json\" class=\"yoast-schema-graph\">{\"@context\":\"https:\/\/schema.org\",\"@graph\":[{\"@type\":[\"WebPage\",\"ItemPage\"],\"@id\":\"https:\/\/www.globber.com\/ch\/de\/product\/laufrad-dreirad-trike-explorer-4in1-ecologic\/\",\"url\":\"https:\/\/www.globber.com\/ch\/de\/product\/laufrad-dreirad-trike-explorer-4in1-ecologic\/\",\"name\":\"Trike Explorer 4 in 1 Ecologic - Globber Scooter Schweiz\",\"isPartOf\":{\"@id\":\"https:\/\/www.globber.com\/ch\/fr\/#website\"},\"primaryImageOfPage\":{\"@id\":\"https:\/\/www.globber.com\/ch\/de\/product\/laufrad-dreirad-trike-explorer-4in1-ecologic\/#primaryimage\"},\"image\":{\"@id\":\"https:\/\/www.globber.com\/ch\/de\/product\/laufrad-dreirad-trike-explorer-4in1-ecologic\/#primaryimage\"},\"thumbnailUrl\":\"https:\/\/cdn.globber.com\/content\/sites\/41\/2025\/09\/68b5443e7cae2.jpg\",\"datePublished\":\"2025-08-13T13:54:27+00:00\",\"dateModified\":\"2026-03-06T07:23:55+00:00\",\"breadcrumb\":{\"@id\":\"https:\/\/www.globber.com\/ch\/de\/product\/laufrad-dreirad-trike-explorer-4in1-ecologic\/#breadcrumb\"},\"inLanguage\":\"de-CH\",\"potentialAction\":[{\"@type\":\"ReadAction\",\"target\":[\"https:\/\/www.globber.com\/ch\/de\/product\/laufrad-dreirad-trike-explorer-4in1-ecologic\/\"]}]},{\"@type\":\"ImageObject\",\"inLanguage\":\"de-CH\",\"@id\":\"https:\/\/www.globber.com\/ch\/de\/product\/laufrad-dreirad-trike-explorer-4in1-ecologic\/#primaryimage\",\"url\":\"https:\/\/cdn.globber.com\/content\/sites\/41\/2025\/09\/68b5443e7cae2.jpg\",\"contentUrl\":\"https:\/\/cdn.globber.com\/content\/sites\/41\/2025\/09\/68b5443e7cae2.jpg\",\"width\":2048,\"height\":2048},{\"@type\":\"BreadcrumbList\",\"@id\":\"https:\/\/www.globber.com\/ch\/de\/product\/laufrad-dreirad-trike-explorer-4in1-ecologic\/#breadcrumb\",\"itemListElement\":[{\"@type\":\"ListItem\",\"position\":1,\"name\":\"Alle Produkte\",\"item\":\"https:\/\/www.globber.com\/ch\/de\/shop-nach-produkt\/\"},{\"@type\":\"ListItem\",\"position\":2,\"name\":\"Trike Explorer 4 in 1 Ecologic\"}]},{\"@type\":\"WebSite\",\"@id\":\"https:\/\/www.globber.com\/ch\/fr\/#website\",\"url\":\"https:\/\/www.globber.com\/ch\/fr\/\",\"name\":\"Globber Scooter Schweiz\",\"description\":\"Der offizielle Online Shop\",\"publisher\":{\"@id\":\"https:\/\/www.globber.com\/ch\/fr\/#organization\"},\"potentialAction\":[{\"@type\":\"SearchAction\",\"target\":{\"@type\":\"EntryPoint\",\"urlTemplate\":\"https:\/\/www.globber.com\/ch\/fr\/?s={search_term_string}\"},\"query-input\":{\"@type\":\"PropertyValueSpecification\",\"valueRequired\":true,\"valueName\":\"search_term_string\"}}],\"inLanguage\":\"de-CH\"},{\"@type\":\"Organization\",\"@id\":\"https:\/\/www.globber.com\/ch\/fr\/#organization\",\"name\":\"Globber Scooter Schweiz\",\"url\":\"https:\/\/www.globber.com\/ch\/fr\/\",\"logo\":{\"@type\":\"ImageObject\",\"inLanguage\":\"de-CH\",\"@id\":\"https:\/\/www.globber.com\/ch\/fr\/#\/schema\/logo\/image\/\",\"url\":\"https:\/\/cdn.globber.com\/content\/2024\/05\/logo.svg\",\"contentUrl\":\"https:\/\/cdn.globber.com\/content\/2024\/05\/logo.svg\",\"width\":601,\"height\":112,\"caption\":\"Globber Scooter Schweiz\"},\"image\":{\"@id\":\"https:\/\/www.globber.com\/ch\/fr\/#\/schema\/logo\/image\/\"}}]}<\/script>\n<meta property=\"og:availability\" content=\"instock\" \/>\n<meta property=\"product:availability\" content=\"instock\" \/>\n<meta property=\"product:retailer_item_id\" content=\"637-XXX\" \/>\n<meta property=\"product:condition\" content=\"new\" \/>\n<!-- \/ Yoast SEO Premium plugin. -->","yoast_head_json":{"title":"Trike Explorer 4 in 1 Ecologic - Globber Scooter Schweiz","robots":{"index":"index","follow":"follow","max-snippet":"max-snippet:-1","max-image-preview":"max-image-preview:large","max-video-preview":"max-video-preview:-1"},"canonical":"https:\/\/www.globber.com\/ch\/de\/product\/laufrad-dreirad-trike-explorer-4in1-ecologic\/","og_locale":"de_DE","og_type":"article","og_title":"Trike Explorer 4 in 1 Ecologic - Globber Scooter Schweiz","og_description":"All-in-One-\u00d6ko-Trainings-Dreirad &amp; Laufrad (10 Monate bis 5 Jahre) aus 100 % recyceltem Kunststoff*\u00a0 *In den entsprechenden Komponenten","og_url":"https:\/\/www.globber.com\/ch\/de\/product\/laufrad-dreirad-trike-explorer-4in1-ecologic\/","og_site_name":"Globber Scooter Schweiz","article_modified_time":"2026-03-06T07:23:55+00:00","og_image":[{"width":2048,"height":2048,"url":"https:\/\/cdn.globber.com\/content\/sites\/41\/2025\/09\/68b5443e7cae2.jpg","type":"image\/jpeg"}],"twitter_card":"summary_large_image","twitter_misc":{"Availability":"In stock"},"schema":{"@context":"https:\/\/schema.org","@graph":[{"@type":["WebPage","ItemPage"],"@id":"https:\/\/www.globber.com\/ch\/de\/product\/laufrad-dreirad-trike-explorer-4in1-ecologic\/","url":"https:\/\/www.globber.com\/ch\/de\/product\/laufrad-dreirad-trike-explorer-4in1-ecologic\/","name":"Trike Explorer 4 in 1 Ecologic - Globber Scooter Schweiz","isPartOf":{"@id":"https:\/\/www.globber.com\/ch\/fr\/#website"},"primaryImageOfPage":{"@id":"https:\/\/www.globber.com\/ch\/de\/product\/laufrad-dreirad-trike-explorer-4in1-ecologic\/#primaryimage"},"image":{"@id":"https:\/\/www.globber.com\/ch\/de\/product\/laufrad-dreirad-trike-explorer-4in1-ecologic\/#primaryimage"},"thumbnailUrl":"https:\/\/cdn.globber.com\/content\/sites\/41\/2025\/09\/68b5443e7cae2.jpg","datePublished":"2025-08-13T13:54:27+00:00","dateModified":"2026-03-06T07:23:55+00:00","breadcrumb":{"@id":"https:\/\/www.globber.com\/ch\/de\/product\/laufrad-dreirad-trike-explorer-4in1-ecologic\/#breadcrumb"},"inLanguage":"de-CH","potentialAction":[{"@type":"ReadAction","target":["https:\/\/www.globber.com\/ch\/de\/product\/laufrad-dreirad-trike-explorer-4in1-ecologic\/"]}]},{"@type":"ImageObject","inLanguage":"de-CH","@id":"https:\/\/www.globber.com\/ch\/de\/product\/laufrad-dreirad-trike-explorer-4in1-ecologic\/#primaryimage","url":"https:\/\/cdn.globber.com\/content\/sites\/41\/2025\/09\/68b5443e7cae2.jpg","contentUrl":"https:\/\/cdn.globber.com\/content\/sites\/41\/2025\/09\/68b5443e7cae2.jpg","width":2048,"height":2048},{"@type":"BreadcrumbList","@id":"https:\/\/www.globber.com\/ch\/de\/product\/laufrad-dreirad-trike-explorer-4in1-ecologic\/#breadcrumb","itemListElement":[{"@type":"ListItem","position":1,"name":"Alle Produkte","item":"https:\/\/www.globber.com\/ch\/de\/shop-nach-produkt\/"},{"@type":"ListItem","position":2,"name":"Trike Explorer 4 in 1 Ecologic"}]},{"@type":"WebSite","@id":"https:\/\/www.globber.com\/ch\/fr\/#website","url":"https:\/\/www.globber.com\/ch\/fr\/","name":"Globber Scooter Schweiz","description":"Der offizielle Online Shop","publisher":{"@id":"https:\/\/www.globber.com\/ch\/fr\/#organization"},"potentialAction":[{"@type":"SearchAction","target":{"@type":"EntryPoint","urlTemplate":"https:\/\/www.globber.com\/ch\/fr\/?s={search_term_string}"},"query-input":{"@type":"PropertyValueSpecification","valueRequired":true,"valueName":"search_term_string"}}],"inLanguage":"de-CH"},{"@type":"Organization","@id":"https:\/\/www.globber.com\/ch\/fr\/#organization","name":"Globber Scooter Schweiz","url":"https:\/\/www.globber.com\/ch\/fr\/","logo":{"@type":"ImageObject","inLanguage":"de-CH","@id":"https:\/\/www.globber.com\/ch\/fr\/#\/schema\/logo\/image\/","url":"https:\/\/cdn.globber.com\/content\/2024\/05\/logo.svg","contentUrl":"https:\/\/cdn.globber.com\/content\/2024\/05\/logo.svg","width":601,"height":112,"caption":"Globber Scooter Schweiz"},"image":{"@id":"https:\/\/www.globber.com\/ch\/fr\/#\/schema\/logo\/image\/"}}]},"og_availability":"instock","product_availability":"instock","product_retailer_item_id":"637-XXX","product_condition":"new"},"_links":{"self":[{"href":"https:\/\/www.globber.com\/ch\/de\/wp-json\/wp\/v2\/product\/19171","targetHints":{"allow":["GET"]}}],"collection":[{"href":"https:\/\/www.globber.com\/ch\/de\/wp-json\/wp\/v2\/product"}],"about":[{"href":"https:\/\/www.globber.com\/ch\/de\/wp-json\/wp\/v2\/types\/product"}],"replies":[{"embeddable":true,"href":"https:\/\/www.globber.com\/ch\/de\/wp-json\/wp\/v2\/comments?post=19171"}],"wp:featuredmedia":[{"embeddable":true,"href":"https:\/\/www.globber.com\/ch\/de\/wp-json\/wp\/v2\/media\/19520"}],"wp:attachment":[{"href":"https:\/\/www.globber.com\/ch\/de\/wp-json\/wp\/v2\/media?parent=19171"}],"wp:term":[{"taxonomy":"product-special-badges","embeddable":true,"href":"https:\/\/www.globber.com\/ch\/de\/wp-json\/wp\/v2\/product-special-badges?post=19171"},{"taxonomy":"product_brand","embeddable":true,"href":"https:\/\/www.globber.com\/ch\/de\/wp-json\/wp\/v2\/product_brand?post=19171"},{"taxonomy":"product_cat","embeddable":true,"href":"https:\/\/www.globber.com\/ch\/de\/wp-json\/wp\/v2\/product_cat?post=19171"},{"taxonomy":"product_tag","embeddable":true,"href":"https:\/\/www.globber.com\/ch\/de\/wp-json\/wp\/v2\/product_tag?post=19171"}],"curies":[{"name":"wp","href":"https:\/\/api.w.org\/{rel}","templated":true}]}}