{"id":20600,"date":"2025-09-22T11:45:41","date_gmt":"2025-09-22T09:45:41","guid":{"rendered":"https:\/\/www.globber.com\/ch\/de\/product\/globber-laufrad-dreirad-go-up-sporty-lights-360-navy-blau\/"},"modified":"2026-04-29T14:59:00","modified_gmt":"2026-04-29T12:59:00","slug":"globber-laufrad-dreirad-go-up-sporty-lights-360-navy-blau","status":"publish","type":"product","link":"https:\/\/www.globber.com\/ch\/de\/product\/globber-laufrad-dreirad-go-up-sporty-lights-360-navy-blau\/","title":{"rendered":"GO UP Sporty Lights 360\u00b0"},"content":{"rendered":"<div class=\"product-details__description\">\n<p data-start=\"314\" data-end=\"540\">Erlebe maximale Vielseitigkeit zum besten Preis-Leistungs-Verh\u00e4ltnis: Der <strong data-start=\"392\" data-end=\"420\">GO\u2022UP SPORTY LIGHTS 360\u00b0<\/strong> vereint Fahrspa\u00df, Funktion und Nachhaltigkeit in einem cleveren 3-Rad-Roller mit Sitz \u2013 ideal f\u00fcr Kinder ab 15 Monaten.<\/p>\n<p data-start=\"542\" data-end=\"880\">Mit nur einem Produkt kannst du fahren, laufen und scootern: Der <strong>GO\u2022UP SPORTY LIGHTS 360\u00b0<\/strong> l\u00e4sst sich ohne Werkzeug in drei Modi verwandeln \u2013 vom Aufsitzfahrzeug \u00fcber das Laufrad bis zum Kinderroller. Der Sitz- und Laufradmodus ist f\u00fcr Kinder von 15 bis 36 Monaten geeignet, der Scooter-Modus ist ideal ab 3 Jahren.<\/p>\n<p data-start=\"882\" data-end=\"1245\">Die patentierte 360\u00b0-Elternlenkung sorgt im Aufsitzmodus f\u00fcr volle Kontrolle und m\u00fchelose Man\u00f6vrierbarkeit \u2013 perfekt f\u00fcr entspannte Spazierg\u00e4nge mit deinem Kleinkind. Sobald dein Kind bereit ist, begleiten dich der verstellbare Sitz, die h\u00f6henverstellbare Lenkstange, das Lenkungssperrsystem und das robuste Trittdeck durch jede Entwicklungsphase.<\/p>\n<p data-start=\"1247\" data-end=\"1387\">Optisch \u00fcberzeugt der Scooter mit batterielosen LED-Leuchtr\u00e4dern, die bei jeder Bewegung leuchten \u2013 ganz ohne zus\u00e4tzliche Energiequelle.<\/p>\n<p data-start=\"1389\" data-end=\"1755\">Der<strong> GO\u2022UP SPORTY LIGHTS 360\u00b0<\/strong> besteht zu 42\u202f% aus GRS-zertifiziertem Recyclingkunststoff. So tr\u00e4gst du mit jedem Ausflug aktiv zu einer nachhaltigeren Zukunft bei.<\/p>\n<p data-start=\"1757\" data-end=\"1842\"><strong data-start=\"1757\" data-end=\"1842\">Funktional, nachhaltig und mitwachsend \u2013 der perfekte Begleiter f\u00fcr die Kindheit.<\/strong><\/p>\n<\/div>\n","protected":false},"excerpt":{"rendered":"<p>Faltbarer Roller mit Sitz f\u00fcr Kleinkinder (15m - 9+)<\/p>\n","protected":false},"featured_media":20634,"comment_status":"open","ping_status":"closed","template":"","meta":{"_acf_changed":false,"inline_featured_image":false},"product-special-badges":[],"product_brand":[],"product_cat":[4477,4473,3560,3559,1691],"product_tag":[],"class_list":{"0":"post-20600","1":"product","2":"type-product","3":"status-publish","4":"has-post-thumbnail","6":"product_cat-kleinkinder-produkte","7":"product_cat-go-up-360-kollektion","8":"product_cat-scooter-mit-sitz","9":"product_cat-baby-dreiraeder","10":"product_cat-3-rad-roller-fuer-alle-alter","11":"pa_ean-4674","13":"first","14":"instock","15":"taxable","16":"shipping-taxable","17":"purchasable","18":"product-type-simple"},"acf":[],"yoast_head":"<!-- This site is optimized with the Yoast SEO Premium plugin v20.12 (Yoast SEO v23.4) - https:\/\/yoast.com\/wordpress\/plugins\/seo\/ -->\n<title>GO UP Sporty Lights 360\u00b0 - Globber Scooter Schweiz<\/title>\n<meta name=\"robots\" content=\"index, follow, max-snippet:-1, max-image-preview:large, max-video-preview:-1\" \/>\n<link rel=\"canonical\" href=\"https:\/\/www.globber.com\/ch\/de\/product\/globber-laufrad-dreirad-go-up-sporty-lights-360-navy-blau\/\" \/>\n<meta property=\"og:locale\" content=\"de_DE\" \/>\n<meta property=\"og:type\" content=\"article\" \/>\n<meta property=\"og:title\" content=\"GO UP Sporty Lights 360\u00b0 - Globber Scooter Schweiz\" \/>\n<meta property=\"og:description\" content=\"Faltbarer Roller mit Sitz f\u00fcr Kleinkinder (15m - 9+)\" \/>\n<meta property=\"og:url\" content=\"https:\/\/www.globber.com\/ch\/de\/product\/globber-laufrad-dreirad-go-up-sporty-lights-360-navy-blau\/\" \/>\n<meta property=\"og:site_name\" content=\"Globber Scooter Schweiz\" \/>\n<meta property=\"article:modified_time\" content=\"2026-04-29T12:59:00+00:00\" \/>\n<meta property=\"og:image\" content=\"https:\/\/cdn.globber.com\/content\/sites\/21\/2025\/09\/456-600_stages-all_rgb.jpg\" \/>\n\t<meta property=\"og:image:width\" content=\"2048\" \/>\n\t<meta property=\"og:image:height\" content=\"2048\" \/>\n\t<meta property=\"og:image:type\" content=\"image\/jpeg\" \/>\n<meta name=\"twitter:card\" content=\"summary_large_image\" \/>\n<meta name=\"twitter:label1\" content=\"Price\" \/>\n\t<meta name=\"twitter:data1\" content=\"129.90&#067;&#072;&#070; inkl. MwSt\" \/>\n\t<meta name=\"twitter:label2\" content=\"Availability\" \/>\n\t<meta name=\"twitter:data2\" content=\"In stock\" \/>\n<script type=\"application\/ld+json\" class=\"yoast-schema-graph\">{\"@context\":\"https:\/\/schema.org\",\"@graph\":[{\"@type\":[\"WebPage\",\"ItemPage\"],\"@id\":\"https:\/\/www.globber.com\/ch\/de\/product\/globber-laufrad-dreirad-go-up-sporty-lights-360-navy-blau\/\",\"url\":\"https:\/\/www.globber.com\/ch\/de\/product\/globber-laufrad-dreirad-go-up-sporty-lights-360-navy-blau\/\",\"name\":\"GO UP Sporty Lights 360\u00b0 - Globber Scooter Schweiz\",\"isPartOf\":{\"@id\":\"https:\/\/www.globber.com\/ch\/fr\/#website\"},\"primaryImageOfPage\":{\"@id\":\"https:\/\/www.globber.com\/ch\/de\/product\/globber-laufrad-dreirad-go-up-sporty-lights-360-navy-blau\/#primaryimage\"},\"image\":{\"@id\":\"https:\/\/www.globber.com\/ch\/de\/product\/globber-laufrad-dreirad-go-up-sporty-lights-360-navy-blau\/#primaryimage\"},\"thumbnailUrl\":\"https:\/\/cdn.globber.com\/content\/sites\/21\/2025\/09\/456-600_stages-all_rgb.jpg\",\"datePublished\":\"2025-09-22T09:45:41+00:00\",\"dateModified\":\"2026-04-29T12:59:00+00:00\",\"breadcrumb\":{\"@id\":\"https:\/\/www.globber.com\/ch\/de\/product\/globber-laufrad-dreirad-go-up-sporty-lights-360-navy-blau\/#breadcrumb\"},\"inLanguage\":\"de-CH\",\"potentialAction\":[{\"@type\":\"ReadAction\",\"target\":[\"https:\/\/www.globber.com\/ch\/de\/product\/globber-laufrad-dreirad-go-up-sporty-lights-360-navy-blau\/\"]}]},{\"@type\":\"ImageObject\",\"inLanguage\":\"de-CH\",\"@id\":\"https:\/\/www.globber.com\/ch\/de\/product\/globber-laufrad-dreirad-go-up-sporty-lights-360-navy-blau\/#primaryimage\",\"url\":\"https:\/\/cdn.globber.com\/content\/sites\/21\/2025\/09\/456-600_stages-all_rgb.jpg\",\"contentUrl\":\"https:\/\/cdn.globber.com\/content\/sites\/21\/2025\/09\/456-600_stages-all_rgb.jpg\",\"width\":2048,\"height\":2048},{\"@type\":\"BreadcrumbList\",\"@id\":\"https:\/\/www.globber.com\/ch\/de\/product\/globber-laufrad-dreirad-go-up-sporty-lights-360-navy-blau\/#breadcrumb\",\"itemListElement\":[{\"@type\":\"ListItem\",\"position\":1,\"name\":\"Alle Produkte\",\"item\":\"https:\/\/www.globber.com\/ch\/de\/shop-nach-produkt\/\"},{\"@type\":\"ListItem\",\"position\":2,\"name\":\"GO UP Sporty Lights 360\u00b0\"}]},{\"@type\":\"WebSite\",\"@id\":\"https:\/\/www.globber.com\/ch\/fr\/#website\",\"url\":\"https:\/\/www.globber.com\/ch\/fr\/\",\"name\":\"Globber Scooter Schweiz\",\"description\":\"Der offizielle Online Shop\",\"publisher\":{\"@id\":\"https:\/\/www.globber.com\/ch\/fr\/#organization\"},\"potentialAction\":[{\"@type\":\"SearchAction\",\"target\":{\"@type\":\"EntryPoint\",\"urlTemplate\":\"https:\/\/www.globber.com\/ch\/fr\/?s={search_term_string}\"},\"query-input\":{\"@type\":\"PropertyValueSpecification\",\"valueRequired\":true,\"valueName\":\"search_term_string\"}}],\"inLanguage\":\"de-CH\"},{\"@type\":\"Organization\",\"@id\":\"https:\/\/www.globber.com\/ch\/fr\/#organization\",\"name\":\"Globber Scooter Schweiz\",\"url\":\"https:\/\/www.globber.com\/ch\/fr\/\",\"logo\":{\"@type\":\"ImageObject\",\"inLanguage\":\"de-CH\",\"@id\":\"https:\/\/www.globber.com\/ch\/fr\/#\/schema\/logo\/image\/\",\"url\":\"https:\/\/cdn.globber.com\/content\/2024\/05\/logo.svg\",\"contentUrl\":\"https:\/\/cdn.globber.com\/content\/2024\/05\/logo.svg\",\"width\":601,\"height\":112,\"caption\":\"Globber Scooter Schweiz\"},\"image\":{\"@id\":\"https:\/\/www.globber.com\/ch\/fr\/#\/schema\/logo\/image\/\"}}]}<\/script>\n<meta property=\"product:price:amount\" content=\"129.90\" \/>\n<meta property=\"product:price:currency\" content=\"CHF\" \/>\n<meta property=\"og:availability\" content=\"instock\" \/>\n<meta property=\"product:availability\" content=\"instock\" \/>\n<meta property=\"product:retailer_item_id\" content=\"456-600-S\" \/>\n<meta property=\"product:condition\" content=\"new\" \/>\n<!-- \/ Yoast SEO Premium plugin. -->","yoast_head_json":{"title":"GO UP Sporty Lights 360\u00b0 - Globber Scooter Schweiz","robots":{"index":"index","follow":"follow","max-snippet":"max-snippet:-1","max-image-preview":"max-image-preview:large","max-video-preview":"max-video-preview:-1"},"canonical":"https:\/\/www.globber.com\/ch\/de\/product\/globber-laufrad-dreirad-go-up-sporty-lights-360-navy-blau\/","og_locale":"de_DE","og_type":"article","og_title":"GO UP Sporty Lights 360\u00b0 - Globber Scooter Schweiz","og_description":"Faltbarer Roller mit Sitz f\u00fcr Kleinkinder (15m - 9+)","og_url":"https:\/\/www.globber.com\/ch\/de\/product\/globber-laufrad-dreirad-go-up-sporty-lights-360-navy-blau\/","og_site_name":"Globber Scooter Schweiz","article_modified_time":"2026-04-29T12:59:00+00:00","og_image":[{"width":2048,"height":2048,"url":"https:\/\/cdn.globber.com\/content\/sites\/21\/2025\/09\/456-600_stages-all_rgb.jpg","type":"image\/jpeg"}],"twitter_card":"summary_large_image","twitter_misc":{"Price":"129.90&#67;&#72;&#70; inkl. MwSt","Availability":"In stock"},"schema":{"@context":"https:\/\/schema.org","@graph":[{"@type":["WebPage","ItemPage"],"@id":"https:\/\/www.globber.com\/ch\/de\/product\/globber-laufrad-dreirad-go-up-sporty-lights-360-navy-blau\/","url":"https:\/\/www.globber.com\/ch\/de\/product\/globber-laufrad-dreirad-go-up-sporty-lights-360-navy-blau\/","name":"GO UP Sporty Lights 360\u00b0 - Globber Scooter Schweiz","isPartOf":{"@id":"https:\/\/www.globber.com\/ch\/fr\/#website"},"primaryImageOfPage":{"@id":"https:\/\/www.globber.com\/ch\/de\/product\/globber-laufrad-dreirad-go-up-sporty-lights-360-navy-blau\/#primaryimage"},"image":{"@id":"https:\/\/www.globber.com\/ch\/de\/product\/globber-laufrad-dreirad-go-up-sporty-lights-360-navy-blau\/#primaryimage"},"thumbnailUrl":"https:\/\/cdn.globber.com\/content\/sites\/21\/2025\/09\/456-600_stages-all_rgb.jpg","datePublished":"2025-09-22T09:45:41+00:00","dateModified":"2026-04-29T12:59:00+00:00","breadcrumb":{"@id":"https:\/\/www.globber.com\/ch\/de\/product\/globber-laufrad-dreirad-go-up-sporty-lights-360-navy-blau\/#breadcrumb"},"inLanguage":"de-CH","potentialAction":[{"@type":"ReadAction","target":["https:\/\/www.globber.com\/ch\/de\/product\/globber-laufrad-dreirad-go-up-sporty-lights-360-navy-blau\/"]}]},{"@type":"ImageObject","inLanguage":"de-CH","@id":"https:\/\/www.globber.com\/ch\/de\/product\/globber-laufrad-dreirad-go-up-sporty-lights-360-navy-blau\/#primaryimage","url":"https:\/\/cdn.globber.com\/content\/sites\/21\/2025\/09\/456-600_stages-all_rgb.jpg","contentUrl":"https:\/\/cdn.globber.com\/content\/sites\/21\/2025\/09\/456-600_stages-all_rgb.jpg","width":2048,"height":2048},{"@type":"BreadcrumbList","@id":"https:\/\/www.globber.com\/ch\/de\/product\/globber-laufrad-dreirad-go-up-sporty-lights-360-navy-blau\/#breadcrumb","itemListElement":[{"@type":"ListItem","position":1,"name":"Alle Produkte","item":"https:\/\/www.globber.com\/ch\/de\/shop-nach-produkt\/"},{"@type":"ListItem","position":2,"name":"GO UP Sporty Lights 360\u00b0"}]},{"@type":"WebSite","@id":"https:\/\/www.globber.com\/ch\/fr\/#website","url":"https:\/\/www.globber.com\/ch\/fr\/","name":"Globber Scooter Schweiz","description":"Der offizielle Online Shop","publisher":{"@id":"https:\/\/www.globber.com\/ch\/fr\/#organization"},"potentialAction":[{"@type":"SearchAction","target":{"@type":"EntryPoint","urlTemplate":"https:\/\/www.globber.com\/ch\/fr\/?s={search_term_string}"},"query-input":{"@type":"PropertyValueSpecification","valueRequired":true,"valueName":"search_term_string"}}],"inLanguage":"de-CH"},{"@type":"Organization","@id":"https:\/\/www.globber.com\/ch\/fr\/#organization","name":"Globber Scooter Schweiz","url":"https:\/\/www.globber.com\/ch\/fr\/","logo":{"@type":"ImageObject","inLanguage":"de-CH","@id":"https:\/\/www.globber.com\/ch\/fr\/#\/schema\/logo\/image\/","url":"https:\/\/cdn.globber.com\/content\/2024\/05\/logo.svg","contentUrl":"https:\/\/cdn.globber.com\/content\/2024\/05\/logo.svg","width":601,"height":112,"caption":"Globber Scooter Schweiz"},"image":{"@id":"https:\/\/www.globber.com\/ch\/fr\/#\/schema\/logo\/image\/"}}]},"product_price_amount":"129.90","product_price_currency":"CHF","og_availability":"instock","product_availability":"instock","product_retailer_item_id":"456-600-S","product_condition":"new"},"_links":{"self":[{"href":"https:\/\/www.globber.com\/ch\/de\/wp-json\/wp\/v2\/product\/20600","targetHints":{"allow":["GET"]}}],"collection":[{"href":"https:\/\/www.globber.com\/ch\/de\/wp-json\/wp\/v2\/product"}],"about":[{"href":"https:\/\/www.globber.com\/ch\/de\/wp-json\/wp\/v2\/types\/product"}],"replies":[{"embeddable":true,"href":"https:\/\/www.globber.com\/ch\/de\/wp-json\/wp\/v2\/comments?post=20600"}],"wp:featuredmedia":[{"embeddable":true,"href":"https:\/\/www.globber.com\/ch\/de\/wp-json\/wp\/v2\/media\/20634"}],"wp:attachment":[{"href":"https:\/\/www.globber.com\/ch\/de\/wp-json\/wp\/v2\/media?parent=20600"}],"wp:term":[{"taxonomy":"product-special-badges","embeddable":true,"href":"https:\/\/www.globber.com\/ch\/de\/wp-json\/wp\/v2\/product-special-badges?post=20600"},{"taxonomy":"product_brand","embeddable":true,"href":"https:\/\/www.globber.com\/ch\/de\/wp-json\/wp\/v2\/product_brand?post=20600"},{"taxonomy":"product_cat","embeddable":true,"href":"https:\/\/www.globber.com\/ch\/de\/wp-json\/wp\/v2\/product_cat?post=20600"},{"taxonomy":"product_tag","embeddable":true,"href":"https:\/\/www.globber.com\/ch\/de\/wp-json\/wp\/v2\/product_tag?post=20600"}],"curies":[{"name":"wp","href":"https:\/\/api.w.org\/{rel}","templated":true}]}}