{"id":20730,"date":"2025-09-26T11:31:09","date_gmt":"2025-09-26T09:31:09","guid":{"rendered":"https:\/\/www.globber.com\/ch\/de\/product\/globber-primo-foldable-lights-eco-pistachio\/"},"modified":"2026-01-07T16:11:29","modified_gmt":"2026-01-07T15:11:29","slug":"primo-foldable-lights-eco","status":"publish","type":"product","link":"https:\/\/www.globber.com\/ch\/de\/product\/primo-foldable-lights-eco\/","title":{"rendered":"Primo Foldable Lights Eco"},"content":{"rendered":"<p class=\"p1\">Eine gr\u00fcnere Welt auf R\u00e4dern: <span class=\"s1\"><b>PRIMO FOLDABLE LIGHTS ECOLOGIC<\/b><\/span> hilft Familien weltweit, umweltbewusste Werte zu leben und nachhaltige Entscheidungen zu treffen. Er besteht zu <span class=\"s1\"><b>60 % aus Global Recycled Standard (GRS) Kunststoff<\/b><\/span> und <span class=\"s1\"><b>biobasiertem Weizenstroh*<\/b><\/span>.<\/p>\n<p class=\"p1\">Ausgestattet mit den <span class=\"s1\"><b>patentierten Lenk- und Klappsystemen<\/b><\/span> von Globber sowie einer <span class=\"s1\"><b>h\u00f6henverstellbaren Lenkstange<\/b><\/span>f\u00fcr Kinder ab 3 Jahren, bietet der PRIMO FOLDABLE LIGHTS ECOLOGIC die gleiche Stabilit\u00e4t und Haltbarkeit wie das ikonische Original \u2013 jedoch mit noch umweltfreundlicheren Materialien f\u00fcr eine geringere Umweltbelastung.<\/p>\n<p class=\"p1\">Dieser <span class=\"s1\"><b>funktionsreiche 3-Rad-Scooter<\/b><\/span> mit <span class=\"s1\"><b>batterielosen LED-Leuchtr\u00e4dern<\/b><\/span> nutzt die erneuerbare, kinetische Energie deines Kindes \u2013 je schneller es f\u00e4hrt, desto heller leuchten die R\u00e4der! So macht nachhaltiges Fahren gleich doppelt Spa\u00df.<\/p>\n<p class=\"p1\">Der <span class=\"s1\"><b>PRIMO FOLDABLE LIGHTS ECOLOGIC<\/b><\/span> unterst\u00fctzt Kinder dabei, spielerisch Gleichgewicht und Koordination zu trainieren \u2013 auf umweltfreundliche Weise und mit jeder Menge leuchtendem Fahrvergn\u00fcgen!<\/p>\n<p class=\"p3\"><span class=\"s2\">Hergestellt aus <\/span><b>60 % GRS-zertifiziertem recyceltem Kunststoff<\/b><span class=\"s2\"> und <\/span><b>biobasiertem Weizenstroh*<\/b><span class=\"s2\">.<\/span><\/p>\n<p class=\"p1\">Der <span class=\"s1\"><b>GRS (Global Recycled Standard)<\/b><\/span> ist ein international anerkanntes Protokoll zur \u00dcberpr\u00fcfung des Recyclinganteils in Endprodukten. Durch den Einsatz von GRS-zertifiziertem Kunststoff werden Tonnen von Abf\u00e4llen vor der Deponie bewahrt und die Umweltbelastung bei der Herstellung deutlich reduziert.<\/p>\n<p class=\"p1\"><span class=\"s1\"><b>Weizenstroh<\/b><\/span> ist ein biobasierter Kunststoff, der aus landwirtschaftlichen Reststoffen gewonnen wird. Anstatt entsorgt zu werden, wird dieses Material wiederverwendet \u2013 es ist dank seines nat\u00fcrlichen Lignin-Anteils besonders robust. So behalten unsere ECOLOGIC-Scooter ihre Stabilit\u00e4t und bestehen aus biobasiertem Kunststoff, der <span class=\"s1\"><b>100 % sicher f\u00fcr Kinder<\/b><\/span> ist \u2013 f\u00fcr t\u00e4gliches, sorgenfreies Fahren!<\/p>\n<p class=\"p3\"><b>W\u00e4hle Globber. W\u00e4hle gr\u00fcn!<\/b><b><\/b><\/p>\n<p class=\"p3\"><span class=\"s2\">Der <\/span><b>PRIMO FOLDABLE LIGHTS ECOLOGIC<\/b><span class=\"s2\"> wurde mit dem renommierten <\/span><b>Green Good Design Award<\/b><span class=\"s2\">ausgezeichnet.<\/span><\/p>\n<p class=\"p1\">*In ausgew\u00e4hlten Komponenten.<\/p>\n","protected":false},"excerpt":{"rendered":"<p class=\"p1\">3-Rad-Scooter f\u00fcr Kinder (ab 3 Jahren), hergestellt aus 60 % recyceltem Kunststoff und biobasiertem Weizenstroh<\/p>\n","protected":false},"featured_media":20757,"comment_status":"open","ping_status":"closed","template":"","meta":{"_acf_changed":false,"inline_featured_image":false},"product-special-badges":[],"product_brand":[],"product_cat":[4360,1681,3560,1680],"product_tag":[],"class_list":{"0":"post-20730","1":"product","2":"type-product","3":"status-publish","4":"has-post-thumbnail","6":"product_cat-3-raeder-kinder","7":"product_cat-primo-serie","8":"product_cat-scooter-mit-sitz","9":"product_cat-ecologic-kollektion","10":"pa_altersspanne-3j-7j","11":"pa_bremsen-mechanische-hinterradbremse-zusammensetzung","12":"pa_color-coconut","13":"pa_color-pistachio","14":"pa_deckmaterial-60-grs-kunststoff-biologisch-abbaubar-weizenstroh-pp-faser-metallrahmen","15":"pa_ean-3650","16":"pa_ean-6071","17":"pa_grose-der-brucke-b-12-5cm-x-l-54-5cm","18":"pa_material-der-rader-pu-guss-mit-hoher-rueckfederung","19":"pa_maximales-benutzergewicht-50kg","20":"pa_produkttyp-3-rad-scooter","22":"first","23":"instock","24":"taxable","25":"shipping-taxable","26":"purchasable","27":"product-type-variable"},"acf":[],"yoast_head":"<!-- This site is optimized with the Yoast SEO Premium plugin v20.12 (Yoast SEO v23.4) - https:\/\/yoast.com\/wordpress\/plugins\/seo\/ -->\n<title>Primo Foldable Lights Eco - Globber Scooter Schweiz<\/title>\n<meta name=\"robots\" content=\"index, follow, max-snippet:-1, max-image-preview:large, max-video-preview:-1\" \/>\n<link rel=\"canonical\" href=\"https:\/\/www.globber.com\/ch\/de\/product\/primo-foldable-lights-eco\/\" \/>\n<meta property=\"og:locale\" content=\"de_DE\" \/>\n<meta property=\"og:type\" content=\"article\" \/>\n<meta property=\"og:title\" content=\"Primo Foldable Lights Eco - Globber Scooter Schweiz\" \/>\n<meta property=\"og:description\" content=\"3-Rad-Scooter f\u00fcr Kinder (ab 3 Jahren), hergestellt aus 60 % recyceltem Kunststoff und biobasiertem Weizenstroh\" \/>\n<meta property=\"og:url\" content=\"https:\/\/www.globber.com\/ch\/de\/product\/primo-foldable-lights-eco\/\" \/>\n<meta property=\"og:site_name\" content=\"Globber Scooter Schweiz\" \/>\n<meta property=\"article:modified_time\" content=\"2026-01-07T15:11:29+00:00\" \/>\n<meta property=\"og:image\" content=\"https:\/\/cdn.globber.com\/content\/sites\/21\/2025\/10\/68ec5d0683223.jpg\" \/>\n\t<meta property=\"og:image:width\" content=\"2048\" \/>\n\t<meta property=\"og:image:height\" content=\"2048\" \/>\n\t<meta property=\"og:image:type\" content=\"image\/jpeg\" \/>\n<meta name=\"twitter:card\" content=\"summary_large_image\" \/>\n<meta name=\"twitter:label1\" content=\"Availability\" \/>\n\t<meta name=\"twitter:data1\" content=\"In stock\" \/>\n<script type=\"application\/ld+json\" class=\"yoast-schema-graph\">{\"@context\":\"https:\/\/schema.org\",\"@graph\":[{\"@type\":[\"WebPage\",\"ItemPage\"],\"@id\":\"https:\/\/www.globber.com\/ch\/de\/product\/primo-foldable-lights-eco\/\",\"url\":\"https:\/\/www.globber.com\/ch\/de\/product\/primo-foldable-lights-eco\/\",\"name\":\"Primo Foldable Lights Eco - Globber Scooter Schweiz\",\"isPartOf\":{\"@id\":\"https:\/\/www.globber.com\/ch\/fr\/#website\"},\"primaryImageOfPage\":{\"@id\":\"https:\/\/www.globber.com\/ch\/de\/product\/primo-foldable-lights-eco\/#primaryimage\"},\"image\":{\"@id\":\"https:\/\/www.globber.com\/ch\/de\/product\/primo-foldable-lights-eco\/#primaryimage\"},\"thumbnailUrl\":\"https:\/\/cdn.globber.com\/content\/sites\/21\/2025\/10\/68ec5d0683223.jpg\",\"datePublished\":\"2025-09-26T09:31:09+00:00\",\"dateModified\":\"2026-01-07T15:11:29+00:00\",\"breadcrumb\":{\"@id\":\"https:\/\/www.globber.com\/ch\/de\/product\/primo-foldable-lights-eco\/#breadcrumb\"},\"inLanguage\":\"de-CH\",\"potentialAction\":[{\"@type\":\"ReadAction\",\"target\":[\"https:\/\/www.globber.com\/ch\/de\/product\/primo-foldable-lights-eco\/\"]}]},{\"@type\":\"ImageObject\",\"inLanguage\":\"de-CH\",\"@id\":\"https:\/\/www.globber.com\/ch\/de\/product\/primo-foldable-lights-eco\/#primaryimage\",\"url\":\"https:\/\/cdn.globber.com\/content\/sites\/21\/2025\/10\/68ec5d0683223.jpg\",\"contentUrl\":\"https:\/\/cdn.globber.com\/content\/sites\/21\/2025\/10\/68ec5d0683223.jpg\",\"width\":2048,\"height\":2048},{\"@type\":\"BreadcrumbList\",\"@id\":\"https:\/\/www.globber.com\/ch\/de\/product\/primo-foldable-lights-eco\/#breadcrumb\",\"itemListElement\":[{\"@type\":\"ListItem\",\"position\":1,\"name\":\"Alle Produkte\",\"item\":\"https:\/\/www.globber.com\/ch\/de\/shop-nach-produkt\/\"},{\"@type\":\"ListItem\",\"position\":2,\"name\":\"Primo Foldable Lights Eco\"}]},{\"@type\":\"WebSite\",\"@id\":\"https:\/\/www.globber.com\/ch\/fr\/#website\",\"url\":\"https:\/\/www.globber.com\/ch\/fr\/\",\"name\":\"Globber Scooter Schweiz\",\"description\":\"Der offizielle Online Shop\",\"publisher\":{\"@id\":\"https:\/\/www.globber.com\/ch\/fr\/#organization\"},\"potentialAction\":[{\"@type\":\"SearchAction\",\"target\":{\"@type\":\"EntryPoint\",\"urlTemplate\":\"https:\/\/www.globber.com\/ch\/fr\/?s={search_term_string}\"},\"query-input\":{\"@type\":\"PropertyValueSpecification\",\"valueRequired\":true,\"valueName\":\"search_term_string\"}}],\"inLanguage\":\"de-CH\"},{\"@type\":\"Organization\",\"@id\":\"https:\/\/www.globber.com\/ch\/fr\/#organization\",\"name\":\"Globber Scooter Schweiz\",\"url\":\"https:\/\/www.globber.com\/ch\/fr\/\",\"logo\":{\"@type\":\"ImageObject\",\"inLanguage\":\"de-CH\",\"@id\":\"https:\/\/www.globber.com\/ch\/fr\/#\/schema\/logo\/image\/\",\"url\":\"https:\/\/cdn.globber.com\/content\/2024\/05\/logo.svg\",\"contentUrl\":\"https:\/\/cdn.globber.com\/content\/2024\/05\/logo.svg\",\"width\":601,\"height\":112,\"caption\":\"Globber Scooter Schweiz\"},\"image\":{\"@id\":\"https:\/\/www.globber.com\/ch\/fr\/#\/schema\/logo\/image\/\"}}]}<\/script>\n<meta property=\"og:availability\" content=\"instock\" \/>\n<meta property=\"product:availability\" content=\"instock\" \/>\n<meta property=\"product:retailer_item_id\" content=\"696-505-2\" \/>\n<meta property=\"product:condition\" content=\"new\" \/>\n<!-- \/ Yoast SEO Premium plugin. -->","yoast_head_json":{"title":"Primo Foldable Lights Eco - Globber Scooter Schweiz","robots":{"index":"index","follow":"follow","max-snippet":"max-snippet:-1","max-image-preview":"max-image-preview:large","max-video-preview":"max-video-preview:-1"},"canonical":"https:\/\/www.globber.com\/ch\/de\/product\/primo-foldable-lights-eco\/","og_locale":"de_DE","og_type":"article","og_title":"Primo Foldable Lights Eco - Globber Scooter Schweiz","og_description":"3-Rad-Scooter f\u00fcr Kinder (ab 3 Jahren), hergestellt aus 60 % recyceltem Kunststoff und biobasiertem Weizenstroh","og_url":"https:\/\/www.globber.com\/ch\/de\/product\/primo-foldable-lights-eco\/","og_site_name":"Globber Scooter Schweiz","article_modified_time":"2026-01-07T15:11:29+00:00","og_image":[{"width":2048,"height":2048,"url":"https:\/\/cdn.globber.com\/content\/sites\/21\/2025\/10\/68ec5d0683223.jpg","type":"image\/jpeg"}],"twitter_card":"summary_large_image","twitter_misc":{"Availability":"In stock"},"schema":{"@context":"https:\/\/schema.org","@graph":[{"@type":["WebPage","ItemPage"],"@id":"https:\/\/www.globber.com\/ch\/de\/product\/primo-foldable-lights-eco\/","url":"https:\/\/www.globber.com\/ch\/de\/product\/primo-foldable-lights-eco\/","name":"Primo Foldable Lights Eco - Globber Scooter Schweiz","isPartOf":{"@id":"https:\/\/www.globber.com\/ch\/fr\/#website"},"primaryImageOfPage":{"@id":"https:\/\/www.globber.com\/ch\/de\/product\/primo-foldable-lights-eco\/#primaryimage"},"image":{"@id":"https:\/\/www.globber.com\/ch\/de\/product\/primo-foldable-lights-eco\/#primaryimage"},"thumbnailUrl":"https:\/\/cdn.globber.com\/content\/sites\/21\/2025\/10\/68ec5d0683223.jpg","datePublished":"2025-09-26T09:31:09+00:00","dateModified":"2026-01-07T15:11:29+00:00","breadcrumb":{"@id":"https:\/\/www.globber.com\/ch\/de\/product\/primo-foldable-lights-eco\/#breadcrumb"},"inLanguage":"de-CH","potentialAction":[{"@type":"ReadAction","target":["https:\/\/www.globber.com\/ch\/de\/product\/primo-foldable-lights-eco\/"]}]},{"@type":"ImageObject","inLanguage":"de-CH","@id":"https:\/\/www.globber.com\/ch\/de\/product\/primo-foldable-lights-eco\/#primaryimage","url":"https:\/\/cdn.globber.com\/content\/sites\/21\/2025\/10\/68ec5d0683223.jpg","contentUrl":"https:\/\/cdn.globber.com\/content\/sites\/21\/2025\/10\/68ec5d0683223.jpg","width":2048,"height":2048},{"@type":"BreadcrumbList","@id":"https:\/\/www.globber.com\/ch\/de\/product\/primo-foldable-lights-eco\/#breadcrumb","itemListElement":[{"@type":"ListItem","position":1,"name":"Alle Produkte","item":"https:\/\/www.globber.com\/ch\/de\/shop-nach-produkt\/"},{"@type":"ListItem","position":2,"name":"Primo Foldable Lights Eco"}]},{"@type":"WebSite","@id":"https:\/\/www.globber.com\/ch\/fr\/#website","url":"https:\/\/www.globber.com\/ch\/fr\/","name":"Globber Scooter Schweiz","description":"Der offizielle Online Shop","publisher":{"@id":"https:\/\/www.globber.com\/ch\/fr\/#organization"},"potentialAction":[{"@type":"SearchAction","target":{"@type":"EntryPoint","urlTemplate":"https:\/\/www.globber.com\/ch\/fr\/?s={search_term_string}"},"query-input":{"@type":"PropertyValueSpecification","valueRequired":true,"valueName":"search_term_string"}}],"inLanguage":"de-CH"},{"@type":"Organization","@id":"https:\/\/www.globber.com\/ch\/fr\/#organization","name":"Globber Scooter Schweiz","url":"https:\/\/www.globber.com\/ch\/fr\/","logo":{"@type":"ImageObject","inLanguage":"de-CH","@id":"https:\/\/www.globber.com\/ch\/fr\/#\/schema\/logo\/image\/","url":"https:\/\/cdn.globber.com\/content\/2024\/05\/logo.svg","contentUrl":"https:\/\/cdn.globber.com\/content\/2024\/05\/logo.svg","width":601,"height":112,"caption":"Globber Scooter Schweiz"},"image":{"@id":"https:\/\/www.globber.com\/ch\/fr\/#\/schema\/logo\/image\/"}}]},"og_availability":"instock","product_availability":"instock","product_retailer_item_id":"696-505-2","product_condition":"new"},"_links":{"self":[{"href":"https:\/\/www.globber.com\/ch\/de\/wp-json\/wp\/v2\/product\/20730","targetHints":{"allow":["GET"]}}],"collection":[{"href":"https:\/\/www.globber.com\/ch\/de\/wp-json\/wp\/v2\/product"}],"about":[{"href":"https:\/\/www.globber.com\/ch\/de\/wp-json\/wp\/v2\/types\/product"}],"replies":[{"embeddable":true,"href":"https:\/\/www.globber.com\/ch\/de\/wp-json\/wp\/v2\/comments?post=20730"}],"wp:featuredmedia":[{"embeddable":true,"href":"https:\/\/www.globber.com\/ch\/de\/wp-json\/wp\/v2\/media\/20757"}],"wp:attachment":[{"href":"https:\/\/www.globber.com\/ch\/de\/wp-json\/wp\/v2\/media?parent=20730"}],"wp:term":[{"taxonomy":"product-special-badges","embeddable":true,"href":"https:\/\/www.globber.com\/ch\/de\/wp-json\/wp\/v2\/product-special-badges?post=20730"},{"taxonomy":"product_brand","embeddable":true,"href":"https:\/\/www.globber.com\/ch\/de\/wp-json\/wp\/v2\/product_brand?post=20730"},{"taxonomy":"product_cat","embeddable":true,"href":"https:\/\/www.globber.com\/ch\/de\/wp-json\/wp\/v2\/product_cat?post=20730"},{"taxonomy":"product_tag","embeddable":true,"href":"https:\/\/www.globber.com\/ch\/de\/wp-json\/wp\/v2\/product_tag?post=20730"}],"curies":[{"name":"wp","href":"https:\/\/api.w.org\/{rel}","templated":true}]}}