{"id":20800,"date":"2025-10-17T09:19:03","date_gmt":"2025-10-17T07:19:03","guid":{"rendered":"https:\/\/www.globber.com\/ch\/de\/product\/globber-go-up-baby-lights-360-mint-dark-mint\/"},"modified":"2026-03-01T10:19:15","modified_gmt":"2026-03-01T09:19:15","slug":"go-up-baby-lights-360","status":"publish","type":"product","link":"https:\/\/www.globber.com\/ch\/de\/product\/go-up-baby-lights-360\/","title":{"rendered":"GO UP Baby Lights 360\u00b0"},"content":{"rendered":"<p data-start=\"203\" data-end=\"704\">Bereit f\u00fcr das wendigste Kleinkindfahrzeug? Der <strong>GO\u2022UP BABY LIGHTS<\/strong> <strong>360\u00b0 <\/strong>ist ein cleveres 3-in-1-Fahrzeug, das mit deinem Kind mitw\u00e4chst \u2013 vom Aufsitzfahrzeug \u00fcber das Laufrad bis zum 3-Rad-Roller. Dank der patentierten 360\u00b0-Lenkung f\u00fcr Eltern l\u00e4sst sich der Aufsitzmodus besonders leicht steuern \u2013 perfekt f\u00fcr Kinder ab 15 Monaten, die gemeinsam mit dir erste Abenteuer erleben wollen. Ab 3 Jahren \u00fcbernimmt dein Kind dann selbst das Steuer im Roller-Modus \u2013 sicher, stabil und voller Spa\u00df.<\/p>\n<p data-start=\"706\" data-end=\"1213\">Das Modell \u00fcberzeugt mit batterielosen LED-R\u00e4dern, einem integrierten LED-Leuchtmodul, verstellbarem Sitz mit R\u00fcckenlehne, einem weichen, abnehmbaren Lenkerkorb sowie einem robusten, rutschfesten Trittbrett. Die h\u00f6henverstellbare Lenkstange und das 100\u202f% werkzeuglose Design sorgen f\u00fcr eine unkomplizierte Handhabung \u2013 ob beim Umbau oder Transport. Auch das patentierte Klappsystem und die Lenkverriegelung machen den \u00a0<strong>GO\u2022UP BABY LIGHTS<\/strong> <strong>360\u00b0<\/strong>\u00a0zu einem echten Alltagshelden.<\/p>\n<p data-start=\"1215\" data-end=\"1498\">Besonders nachhaltig: Der Roller besteht zu bis zu 50\u202f% aus recyceltem Kunststoff (GRS-zertifiziert) \u2013 ein Beitrag zu mehr Umweltbewusstsein im Kinderalltag. So vereint der \u00a0<strong>GO\u2022UP BABY LIGHTS<\/strong> <strong>360\u00b0<\/strong>\u00a0smarte Funktionalit\u00e4t, Komfort und Verantwortung \u2013 auf drei R\u00e4dern f\u00fcr die Zukunft.<\/p>\n","protected":false},"excerpt":{"rendered":"<p>Bereit f\u00fcr das wendigste Kleinkindfahrzeug? Der GO\u2022UP BABY LIGHTS 360\u00b0 ist ein cleveres 3-in-1-Fahrzeug, das mit deinem Kind mitw\u00e4chst \u2013 vom Aufsitzfahrzeug \u00fcber das Laufrad bis zum 3-Rad-Roller. Dank der patentierten 360\u00b0-Lenkung f\u00fcr Eltern l\u00e4sst sich der Aufsitzmodus besonders leicht steuern \u2013 perfekt f\u00fcr Kinder ab 15 Monaten, die gemeinsam mit dir erste Abenteuer erleben [&hellip;]<\/p>\n","protected":false},"featured_media":21164,"comment_status":"open","ping_status":"closed","template":"","meta":{"_acf_changed":false,"inline_featured_image":false},"product-special-badges":[],"product_brand":[],"product_cat":[4473,1680,1247],"product_tag":[],"class_list":{"0":"post-20800","1":"product","2":"type-product","3":"status-publish","4":"has-post-thumbnail","6":"product_cat-go-up-360-kollektion","7":"product_cat-ecologic-kollektion","8":"product_cat-go-up-serie","9":"pa_color-dark-mint","10":"pa_color-pastel-pink","11":"pa_color-taupe","12":"pa_ean-6096","13":"pa_ean-6258","14":"pa_ean-6094","16":"first","17":"instock","18":"taxable","19":"shipping-taxable","20":"purchasable","21":"product-type-variable"},"acf":[],"yoast_head":"<!-- This site is optimized with the Yoast SEO Premium plugin v20.12 (Yoast SEO v23.4) - https:\/\/yoast.com\/wordpress\/plugins\/seo\/ -->\n<title>GO UP Baby Lights 360\u00b0 - Globber Scooter Schweiz<\/title>\n<meta name=\"robots\" content=\"index, follow, max-snippet:-1, max-image-preview:large, max-video-preview:-1\" \/>\n<link rel=\"canonical\" href=\"https:\/\/www.globber.com\/ch\/de\/product\/go-up-baby-lights-360\/\" \/>\n<meta property=\"og:locale\" content=\"de_DE\" \/>\n<meta property=\"og:type\" content=\"article\" \/>\n<meta property=\"og:title\" content=\"GO UP Baby Lights 360\u00b0 - Globber Scooter Schweiz\" \/>\n<meta property=\"og:description\" content=\"Bereit f\u00fcr das wendigste Kleinkindfahrzeug? Der GO\u2022UP BABY LIGHTS 360\u00b0 ist ein cleveres 3-in-1-Fahrzeug, das mit deinem Kind mitw\u00e4chst \u2013 vom Aufsitzfahrzeug \u00fcber das Laufrad bis zum 3-Rad-Roller. Dank der patentierten 360\u00b0-Lenkung f\u00fcr Eltern l\u00e4sst sich der Aufsitzmodus besonders leicht steuern \u2013 perfekt f\u00fcr Kinder ab 15 Monaten, die gemeinsam mit dir erste Abenteuer erleben [&hellip;]\" \/>\n<meta property=\"og:url\" content=\"https:\/\/www.globber.com\/ch\/de\/product\/go-up-baby-lights-360\/\" \/>\n<meta property=\"og:site_name\" content=\"Globber Scooter Schweiz\" \/>\n<meta property=\"article:modified_time\" content=\"2026-03-01T09:19:15+00:00\" \/>\n<meta property=\"og:image\" content=\"https:\/\/cdn.globber.com\/content\/sites\/21\/2025\/10\/690308b4e15db.jpg\" \/>\n\t<meta property=\"og:image:width\" content=\"2048\" \/>\n\t<meta property=\"og:image:height\" content=\"2048\" \/>\n\t<meta property=\"og:image:type\" content=\"image\/jpeg\" \/>\n<meta name=\"twitter:card\" content=\"summary_large_image\" \/>\n<meta name=\"twitter:label1\" content=\"Availability\" \/>\n\t<meta name=\"twitter:data1\" content=\"In stock\" \/>\n<script type=\"application\/ld+json\" class=\"yoast-schema-graph\">{\"@context\":\"https:\/\/schema.org\",\"@graph\":[{\"@type\":[\"WebPage\",\"ItemPage\"],\"@id\":\"https:\/\/www.globber.com\/ch\/de\/product\/go-up-baby-lights-360\/\",\"url\":\"https:\/\/www.globber.com\/ch\/de\/product\/go-up-baby-lights-360\/\",\"name\":\"GO UP Baby Lights 360\u00b0 - Globber Scooter Schweiz\",\"isPartOf\":{\"@id\":\"https:\/\/www.globber.com\/ch\/fr\/#website\"},\"primaryImageOfPage\":{\"@id\":\"https:\/\/www.globber.com\/ch\/de\/product\/go-up-baby-lights-360\/#primaryimage\"},\"image\":{\"@id\":\"https:\/\/www.globber.com\/ch\/de\/product\/go-up-baby-lights-360\/#primaryimage\"},\"thumbnailUrl\":\"https:\/\/cdn.globber.com\/content\/sites\/21\/2025\/10\/690308b4e15db.jpg\",\"datePublished\":\"2025-10-17T07:19:03+00:00\",\"dateModified\":\"2026-03-01T09:19:15+00:00\",\"breadcrumb\":{\"@id\":\"https:\/\/www.globber.com\/ch\/de\/product\/go-up-baby-lights-360\/#breadcrumb\"},\"inLanguage\":\"de-CH\",\"potentialAction\":[{\"@type\":\"ReadAction\",\"target\":[\"https:\/\/www.globber.com\/ch\/de\/product\/go-up-baby-lights-360\/\"]}]},{\"@type\":\"ImageObject\",\"inLanguage\":\"de-CH\",\"@id\":\"https:\/\/www.globber.com\/ch\/de\/product\/go-up-baby-lights-360\/#primaryimage\",\"url\":\"https:\/\/cdn.globber.com\/content\/sites\/21\/2025\/10\/690308b4e15db.jpg\",\"contentUrl\":\"https:\/\/cdn.globber.com\/content\/sites\/21\/2025\/10\/690308b4e15db.jpg\",\"width\":2048,\"height\":2048},{\"@type\":\"BreadcrumbList\",\"@id\":\"https:\/\/www.globber.com\/ch\/de\/product\/go-up-baby-lights-360\/#breadcrumb\",\"itemListElement\":[{\"@type\":\"ListItem\",\"position\":1,\"name\":\"Alle Produkte\",\"item\":\"https:\/\/www.globber.com\/ch\/de\/shop-nach-produkt\/\"},{\"@type\":\"ListItem\",\"position\":2,\"name\":\"GO UP Baby Lights 360\u00b0\"}]},{\"@type\":\"WebSite\",\"@id\":\"https:\/\/www.globber.com\/ch\/fr\/#website\",\"url\":\"https:\/\/www.globber.com\/ch\/fr\/\",\"name\":\"Globber Scooter Schweiz\",\"description\":\"Der offizielle Online Shop\",\"publisher\":{\"@id\":\"https:\/\/www.globber.com\/ch\/fr\/#organization\"},\"potentialAction\":[{\"@type\":\"SearchAction\",\"target\":{\"@type\":\"EntryPoint\",\"urlTemplate\":\"https:\/\/www.globber.com\/ch\/fr\/?s={search_term_string}\"},\"query-input\":{\"@type\":\"PropertyValueSpecification\",\"valueRequired\":true,\"valueName\":\"search_term_string\"}}],\"inLanguage\":\"de-CH\"},{\"@type\":\"Organization\",\"@id\":\"https:\/\/www.globber.com\/ch\/fr\/#organization\",\"name\":\"Globber Scooter Schweiz\",\"url\":\"https:\/\/www.globber.com\/ch\/fr\/\",\"logo\":{\"@type\":\"ImageObject\",\"inLanguage\":\"de-CH\",\"@id\":\"https:\/\/www.globber.com\/ch\/fr\/#\/schema\/logo\/image\/\",\"url\":\"https:\/\/cdn.globber.com\/content\/2024\/05\/logo.svg\",\"contentUrl\":\"https:\/\/cdn.globber.com\/content\/2024\/05\/logo.svg\",\"width\":601,\"height\":112,\"caption\":\"Globber Scooter Schweiz\"},\"image\":{\"@id\":\"https:\/\/www.globber.com\/ch\/fr\/#\/schema\/logo\/image\/\"}}]}<\/script>\n<meta property=\"og:availability\" content=\"instock\" \/>\n<meta property=\"product:availability\" content=\"instock\" \/>\n<meta property=\"product:retailer_item_id\" content=\"844-XXX\" \/>\n<meta property=\"product:condition\" content=\"new\" \/>\n<!-- \/ Yoast SEO Premium plugin. -->","yoast_head_json":{"title":"GO UP Baby Lights 360\u00b0 - Globber Scooter Schweiz","robots":{"index":"index","follow":"follow","max-snippet":"max-snippet:-1","max-image-preview":"max-image-preview:large","max-video-preview":"max-video-preview:-1"},"canonical":"https:\/\/www.globber.com\/ch\/de\/product\/go-up-baby-lights-360\/","og_locale":"de_DE","og_type":"article","og_title":"GO UP Baby Lights 360\u00b0 - Globber Scooter Schweiz","og_description":"Bereit f\u00fcr das wendigste Kleinkindfahrzeug? Der GO\u2022UP BABY LIGHTS 360\u00b0 ist ein cleveres 3-in-1-Fahrzeug, das mit deinem Kind mitw\u00e4chst \u2013 vom Aufsitzfahrzeug \u00fcber das Laufrad bis zum 3-Rad-Roller. Dank der patentierten 360\u00b0-Lenkung f\u00fcr Eltern l\u00e4sst sich der Aufsitzmodus besonders leicht steuern \u2013 perfekt f\u00fcr Kinder ab 15 Monaten, die gemeinsam mit dir erste Abenteuer erleben [&hellip;]","og_url":"https:\/\/www.globber.com\/ch\/de\/product\/go-up-baby-lights-360\/","og_site_name":"Globber Scooter Schweiz","article_modified_time":"2026-03-01T09:19:15+00:00","og_image":[{"width":2048,"height":2048,"url":"https:\/\/cdn.globber.com\/content\/sites\/21\/2025\/10\/690308b4e15db.jpg","type":"image\/jpeg"}],"twitter_card":"summary_large_image","twitter_misc":{"Availability":"In stock"},"schema":{"@context":"https:\/\/schema.org","@graph":[{"@type":["WebPage","ItemPage"],"@id":"https:\/\/www.globber.com\/ch\/de\/product\/go-up-baby-lights-360\/","url":"https:\/\/www.globber.com\/ch\/de\/product\/go-up-baby-lights-360\/","name":"GO UP Baby Lights 360\u00b0 - Globber Scooter Schweiz","isPartOf":{"@id":"https:\/\/www.globber.com\/ch\/fr\/#website"},"primaryImageOfPage":{"@id":"https:\/\/www.globber.com\/ch\/de\/product\/go-up-baby-lights-360\/#primaryimage"},"image":{"@id":"https:\/\/www.globber.com\/ch\/de\/product\/go-up-baby-lights-360\/#primaryimage"},"thumbnailUrl":"https:\/\/cdn.globber.com\/content\/sites\/21\/2025\/10\/690308b4e15db.jpg","datePublished":"2025-10-17T07:19:03+00:00","dateModified":"2026-03-01T09:19:15+00:00","breadcrumb":{"@id":"https:\/\/www.globber.com\/ch\/de\/product\/go-up-baby-lights-360\/#breadcrumb"},"inLanguage":"de-CH","potentialAction":[{"@type":"ReadAction","target":["https:\/\/www.globber.com\/ch\/de\/product\/go-up-baby-lights-360\/"]}]},{"@type":"ImageObject","inLanguage":"de-CH","@id":"https:\/\/www.globber.com\/ch\/de\/product\/go-up-baby-lights-360\/#primaryimage","url":"https:\/\/cdn.globber.com\/content\/sites\/21\/2025\/10\/690308b4e15db.jpg","contentUrl":"https:\/\/cdn.globber.com\/content\/sites\/21\/2025\/10\/690308b4e15db.jpg","width":2048,"height":2048},{"@type":"BreadcrumbList","@id":"https:\/\/www.globber.com\/ch\/de\/product\/go-up-baby-lights-360\/#breadcrumb","itemListElement":[{"@type":"ListItem","position":1,"name":"Alle Produkte","item":"https:\/\/www.globber.com\/ch\/de\/shop-nach-produkt\/"},{"@type":"ListItem","position":2,"name":"GO UP Baby Lights 360\u00b0"}]},{"@type":"WebSite","@id":"https:\/\/www.globber.com\/ch\/fr\/#website","url":"https:\/\/www.globber.com\/ch\/fr\/","name":"Globber Scooter Schweiz","description":"Der offizielle Online Shop","publisher":{"@id":"https:\/\/www.globber.com\/ch\/fr\/#organization"},"potentialAction":[{"@type":"SearchAction","target":{"@type":"EntryPoint","urlTemplate":"https:\/\/www.globber.com\/ch\/fr\/?s={search_term_string}"},"query-input":{"@type":"PropertyValueSpecification","valueRequired":true,"valueName":"search_term_string"}}],"inLanguage":"de-CH"},{"@type":"Organization","@id":"https:\/\/www.globber.com\/ch\/fr\/#organization","name":"Globber Scooter Schweiz","url":"https:\/\/www.globber.com\/ch\/fr\/","logo":{"@type":"ImageObject","inLanguage":"de-CH","@id":"https:\/\/www.globber.com\/ch\/fr\/#\/schema\/logo\/image\/","url":"https:\/\/cdn.globber.com\/content\/2024\/05\/logo.svg","contentUrl":"https:\/\/cdn.globber.com\/content\/2024\/05\/logo.svg","width":601,"height":112,"caption":"Globber Scooter Schweiz"},"image":{"@id":"https:\/\/www.globber.com\/ch\/fr\/#\/schema\/logo\/image\/"}}]},"og_availability":"instock","product_availability":"instock","product_retailer_item_id":"844-XXX","product_condition":"new"},"_links":{"self":[{"href":"https:\/\/www.globber.com\/ch\/de\/wp-json\/wp\/v2\/product\/20800","targetHints":{"allow":["GET"]}}],"collection":[{"href":"https:\/\/www.globber.com\/ch\/de\/wp-json\/wp\/v2\/product"}],"about":[{"href":"https:\/\/www.globber.com\/ch\/de\/wp-json\/wp\/v2\/types\/product"}],"replies":[{"embeddable":true,"href":"https:\/\/www.globber.com\/ch\/de\/wp-json\/wp\/v2\/comments?post=20800"}],"wp:featuredmedia":[{"embeddable":true,"href":"https:\/\/www.globber.com\/ch\/de\/wp-json\/wp\/v2\/media\/21164"}],"wp:attachment":[{"href":"https:\/\/www.globber.com\/ch\/de\/wp-json\/wp\/v2\/media?parent=20800"}],"wp:term":[{"taxonomy":"product-special-badges","embeddable":true,"href":"https:\/\/www.globber.com\/ch\/de\/wp-json\/wp\/v2\/product-special-badges?post=20800"},{"taxonomy":"product_brand","embeddable":true,"href":"https:\/\/www.globber.com\/ch\/de\/wp-json\/wp\/v2\/product_brand?post=20800"},{"taxonomy":"product_cat","embeddable":true,"href":"https:\/\/www.globber.com\/ch\/de\/wp-json\/wp\/v2\/product_cat?post=20800"},{"taxonomy":"product_tag","embeddable":true,"href":"https:\/\/www.globber.com\/ch\/de\/wp-json\/wp\/v2\/product_tag?post=20800"}],"curies":[{"name":"wp","href":"https:\/\/api.w.org\/{rel}","templated":true}]}}