{"id":26145,"date":"2026-01-23T11:36:09","date_gmt":"2026-01-23T10:36:09","guid":{"rendered":"https:\/\/www.globber.com\/ch\/?post_type=product&#038;p=26145"},"modified":"2026-04-28T10:19:22","modified_gmt":"2026-04-28T08:19:22","slug":"learning-bike-ecologic","status":"publish","type":"product","link":"https:\/\/www.globber.com\/ch\/de\/product\/learning-bike-ecologic\/","title":{"rendered":"LEARNING BIKE ECOLOGIC"},"content":{"rendered":"<p data-start=\"0\" data-end=\"305\">Entdecke das <strong>LEARNING BIKE ECOLOGIC<\/strong> \u2013 dein 4-Rad-Laufrad f\u00fcr Kinder von 12 bis 36 Monaten, mit dem du spielerisch Balance und Koordination meisterst. Dank 100 % werkzeuglosem Aufbau ist es sofort einsatzbereit: Einfach Sitz auf die passende H\u00f6he (2-fach verstellbar) klicken, Korb montieren und losrollen.<\/p>\n<p data-start=\"307\" data-end=\"553\">Ergonomisch geformte TPR-Griffe, leichter EVA-Schaum und ein robuster Rahmen sorgen f\u00fcr sicheren Komfort, w\u00e4hrend die pannenfreien R\u00e4der sanfte, leise Fahrten garantieren. So entdecken Kleinkinder ab 1 Jahr ganz selbstst\u00e4ndig die Welt auf R\u00e4dern.<\/p>\n<p data-start=\"555\" data-end=\"916\">Nachhaltig gedacht: Das <strong>LEARNING BIKE ECOLOGIC<\/strong> besteht zu 100 % aus GRS-zertifiziertem Recyclingkunststoff und biologisch abbaubarem Weizenstroh*. GRS steht f\u00fcr Transparenz und Umweltschutz in der Lieferkette. Seit Oktober 2022 haben wir so bereits \u00fcber 118 Tonnen Altmaterial recycelt \u2013 f\u00fcr nachhaltigen Spielspa\u00df von Anfang an!<\/p>\n<p><strong>GO GLOBBER. GO GREENER.<\/strong><\/p>\n<p>Mehr dazu erf\u00e4hrst du\u00a0<a href=\"https:\/\/www.globber.com\/de\/nachhaltige-scooter\/\">hier.<\/a><\/p>\n<p>*In den entsprechenden Komponenten.<\/p>\n","protected":false},"excerpt":{"rendered":"<ul>\n<li>2-fach h\u00f6henverstellbarer Sattel,<\/li>\n<li>Abnehmbarer Korb<\/li>\n<\/ul>\n","protected":false},"featured_media":25597,"comment_status":"closed","ping_status":"closed","template":"","meta":{"_acf_changed":false,"inline_featured_image":false},"product-special-badges":[],"product_brand":[],"product_cat":[3559,1693,1680,1245],"product_tag":[],"class_list":{"0":"post-26145","1":"product","2":"type-product","3":"status-publish","4":"has-post-thumbnail","6":"product_cat-baby-dreiraeder","7":"product_cat-laufraeder","8":"product_cat-ecologic-kollektion","9":"product_cat-learning-bike-serie","10":"pa_altersspanne-12-36m","11":"pa_color-berry","12":"pa_color-coconut","13":"pa_color-pistachio","14":"pa_ean-4660","15":"pa_ean-4658","16":"pa_ean-6268","17":"pa_empfohlene-benutzerhoehe-70-95-cm","18":"pa_farbe-berry","19":"pa_farbe-coconut","20":"pa_farbe-pistachio","22":"first","23":"instock","24":"taxable","25":"shipping-taxable","26":"purchasable","27":"product-type-variable"},"acf":[],"yoast_head":"<!-- This site is optimized with the Yoast SEO Premium plugin v20.12 (Yoast SEO v23.4) - https:\/\/yoast.com\/wordpress\/plugins\/seo\/ -->\n<title>LEARNING BIKE ECOLOGIC: Nachhaltiges Laufrad<\/title>\n<meta name=\"description\" content=\"Entdecke das LEARNING BIKE ECOLOGIC \u2013 dein 4-Rad-Laufrad aus 100 % GRS-Recyclingkunststoff &amp; Weizenstroh. Werkzeuglos verstellbar f\u00fcr Kinder ab 1 Jahr.\" \/>\n<meta name=\"robots\" content=\"index, follow, max-snippet:-1, max-image-preview:large, max-video-preview:-1\" \/>\n<link rel=\"canonical\" href=\"https:\/\/www.globber.com\/ch\/de\/product\/learning-bike-ecologic\/\" \/>\n<meta property=\"og:locale\" content=\"de_DE\" \/>\n<meta property=\"og:type\" content=\"article\" \/>\n<meta property=\"og:title\" content=\"LEARNING BIKE ECOLOGIC: Nachhaltiges Laufrad\" \/>\n<meta property=\"og:description\" content=\"Entdecke das LEARNING BIKE ECOLOGIC \u2013 dein 4-Rad-Laufrad aus 100 % GRS-Recyclingkunststoff &amp; Weizenstroh. Werkzeuglos verstellbar f\u00fcr Kinder ab 1 Jahr.\" \/>\n<meta property=\"og:url\" content=\"https:\/\/www.globber.com\/ch\/de\/product\/learning-bike-ecologic\/\" \/>\n<meta property=\"og:site_name\" content=\"Globber Scooter Schweiz\" \/>\n<meta property=\"article:modified_time\" content=\"2026-04-28T08:19:22+00:00\" \/>\n<meta property=\"og:image\" content=\"https:\/\/cdn.globber.com\/content\/sites\/21\/2026\/01\/6965ba72ce8ec.jpg\" \/>\n\t<meta property=\"og:image:width\" content=\"1920\" \/>\n\t<meta property=\"og:image:height\" content=\"1920\" \/>\n\t<meta property=\"og:image:type\" content=\"image\/jpeg\" \/>\n<meta name=\"twitter:card\" content=\"summary_large_image\" \/>\n<meta name=\"twitter:label1\" content=\"Availability\" \/>\n\t<meta name=\"twitter:data1\" content=\"In stock\" \/>\n<script type=\"application\/ld+json\" class=\"yoast-schema-graph\">{\"@context\":\"https:\/\/schema.org\",\"@graph\":[{\"@type\":[\"WebPage\",\"ItemPage\"],\"@id\":\"https:\/\/www.globber.com\/ch\/de\/product\/learning-bike-ecologic\/\",\"url\":\"https:\/\/www.globber.com\/ch\/de\/product\/learning-bike-ecologic\/\",\"name\":\"LEARNING BIKE ECOLOGIC: Nachhaltiges Laufrad\",\"isPartOf\":{\"@id\":\"https:\/\/www.globber.com\/ch\/fr\/#website\"},\"primaryImageOfPage\":{\"@id\":\"https:\/\/www.globber.com\/ch\/de\/product\/learning-bike-ecologic\/#primaryimage\"},\"image\":{\"@id\":\"https:\/\/www.globber.com\/ch\/de\/product\/learning-bike-ecologic\/#primaryimage\"},\"thumbnailUrl\":\"https:\/\/cdn.globber.com\/content\/sites\/21\/2026\/01\/6965ba72ce8ec.jpg\",\"datePublished\":\"2026-01-23T10:36:09+00:00\",\"dateModified\":\"2026-04-28T08:19:22+00:00\",\"description\":\"Entdecke das LEARNING BIKE ECOLOGIC \u2013 dein 4-Rad-Laufrad aus 100 % GRS-Recyclingkunststoff & Weizenstroh. Werkzeuglos verstellbar f\u00fcr Kinder ab 1 Jahr.\",\"breadcrumb\":{\"@id\":\"https:\/\/www.globber.com\/ch\/de\/product\/learning-bike-ecologic\/#breadcrumb\"},\"inLanguage\":\"de-CH\",\"potentialAction\":[{\"@type\":\"ReadAction\",\"target\":[\"https:\/\/www.globber.com\/ch\/de\/product\/learning-bike-ecologic\/\"]}]},{\"@type\":\"ImageObject\",\"inLanguage\":\"de-CH\",\"@id\":\"https:\/\/www.globber.com\/ch\/de\/product\/learning-bike-ecologic\/#primaryimage\",\"url\":\"https:\/\/cdn.globber.com\/content\/sites\/21\/2026\/01\/6965ba72ce8ec.jpg\",\"contentUrl\":\"https:\/\/cdn.globber.com\/content\/sites\/21\/2026\/01\/6965ba72ce8ec.jpg\",\"width\":1920,\"height\":1920},{\"@type\":\"BreadcrumbList\",\"@id\":\"https:\/\/www.globber.com\/ch\/de\/product\/learning-bike-ecologic\/#breadcrumb\",\"itemListElement\":[{\"@type\":\"ListItem\",\"position\":1,\"name\":\"Alle Produkte\",\"item\":\"https:\/\/www.globber.com\/ch\/de\/shop-nach-produkt\/\"},{\"@type\":\"ListItem\",\"position\":2,\"name\":\"LEARNING BIKE ECOLOGIC\"}]},{\"@type\":\"WebSite\",\"@id\":\"https:\/\/www.globber.com\/ch\/fr\/#website\",\"url\":\"https:\/\/www.globber.com\/ch\/fr\/\",\"name\":\"Globber Scooter Schweiz\",\"description\":\"Der offizielle Online Shop\",\"publisher\":{\"@id\":\"https:\/\/www.globber.com\/ch\/fr\/#organization\"},\"potentialAction\":[{\"@type\":\"SearchAction\",\"target\":{\"@type\":\"EntryPoint\",\"urlTemplate\":\"https:\/\/www.globber.com\/ch\/fr\/?s={search_term_string}\"},\"query-input\":{\"@type\":\"PropertyValueSpecification\",\"valueRequired\":true,\"valueName\":\"search_term_string\"}}],\"inLanguage\":\"de-CH\"},{\"@type\":\"Organization\",\"@id\":\"https:\/\/www.globber.com\/ch\/fr\/#organization\",\"name\":\"Globber Scooter Schweiz\",\"url\":\"https:\/\/www.globber.com\/ch\/fr\/\",\"logo\":{\"@type\":\"ImageObject\",\"inLanguage\":\"de-CH\",\"@id\":\"https:\/\/www.globber.com\/ch\/fr\/#\/schema\/logo\/image\/\",\"url\":\"https:\/\/cdn.globber.com\/content\/2024\/05\/logo.svg\",\"contentUrl\":\"https:\/\/cdn.globber.com\/content\/2024\/05\/logo.svg\",\"width\":601,\"height\":112,\"caption\":\"Globber Scooter Schweiz\"},\"image\":{\"@id\":\"https:\/\/www.globber.com\/ch\/fr\/#\/schema\/logo\/image\/\"}}]}<\/script>\n<meta property=\"og:availability\" content=\"instock\" \/>\n<meta property=\"product:availability\" content=\"instock\" \/>\n<meta property=\"product:retailer_item_id\" content=\"736-XXX\" \/>\n<meta property=\"product:condition\" content=\"new\" \/>\n<!-- \/ Yoast SEO Premium plugin. -->","yoast_head_json":{"title":"LEARNING BIKE ECOLOGIC: Nachhaltiges Laufrad","description":"Entdecke das LEARNING BIKE ECOLOGIC \u2013 dein 4-Rad-Laufrad aus 100 % GRS-Recyclingkunststoff & Weizenstroh. Werkzeuglos verstellbar f\u00fcr Kinder ab 1 Jahr.","robots":{"index":"index","follow":"follow","max-snippet":"max-snippet:-1","max-image-preview":"max-image-preview:large","max-video-preview":"max-video-preview:-1"},"canonical":"https:\/\/www.globber.com\/ch\/de\/product\/learning-bike-ecologic\/","og_locale":"de_DE","og_type":"article","og_title":"LEARNING BIKE ECOLOGIC: Nachhaltiges Laufrad","og_description":"Entdecke das LEARNING BIKE ECOLOGIC \u2013 dein 4-Rad-Laufrad aus 100 % GRS-Recyclingkunststoff & Weizenstroh. Werkzeuglos verstellbar f\u00fcr Kinder ab 1 Jahr.","og_url":"https:\/\/www.globber.com\/ch\/de\/product\/learning-bike-ecologic\/","og_site_name":"Globber Scooter Schweiz","article_modified_time":"2026-04-28T08:19:22+00:00","og_image":[{"width":1920,"height":1920,"url":"https:\/\/cdn.globber.com\/content\/sites\/21\/2026\/01\/6965ba72ce8ec.jpg","type":"image\/jpeg"}],"twitter_card":"summary_large_image","twitter_misc":{"Availability":"In stock"},"schema":{"@context":"https:\/\/schema.org","@graph":[{"@type":["WebPage","ItemPage"],"@id":"https:\/\/www.globber.com\/ch\/de\/product\/learning-bike-ecologic\/","url":"https:\/\/www.globber.com\/ch\/de\/product\/learning-bike-ecologic\/","name":"LEARNING BIKE ECOLOGIC: Nachhaltiges Laufrad","isPartOf":{"@id":"https:\/\/www.globber.com\/ch\/fr\/#website"},"primaryImageOfPage":{"@id":"https:\/\/www.globber.com\/ch\/de\/product\/learning-bike-ecologic\/#primaryimage"},"image":{"@id":"https:\/\/www.globber.com\/ch\/de\/product\/learning-bike-ecologic\/#primaryimage"},"thumbnailUrl":"https:\/\/cdn.globber.com\/content\/sites\/21\/2026\/01\/6965ba72ce8ec.jpg","datePublished":"2026-01-23T10:36:09+00:00","dateModified":"2026-04-28T08:19:22+00:00","description":"Entdecke das LEARNING BIKE ECOLOGIC \u2013 dein 4-Rad-Laufrad aus 100 % GRS-Recyclingkunststoff & Weizenstroh. Werkzeuglos verstellbar f\u00fcr Kinder ab 1 Jahr.","breadcrumb":{"@id":"https:\/\/www.globber.com\/ch\/de\/product\/learning-bike-ecologic\/#breadcrumb"},"inLanguage":"de-CH","potentialAction":[{"@type":"ReadAction","target":["https:\/\/www.globber.com\/ch\/de\/product\/learning-bike-ecologic\/"]}]},{"@type":"ImageObject","inLanguage":"de-CH","@id":"https:\/\/www.globber.com\/ch\/de\/product\/learning-bike-ecologic\/#primaryimage","url":"https:\/\/cdn.globber.com\/content\/sites\/21\/2026\/01\/6965ba72ce8ec.jpg","contentUrl":"https:\/\/cdn.globber.com\/content\/sites\/21\/2026\/01\/6965ba72ce8ec.jpg","width":1920,"height":1920},{"@type":"BreadcrumbList","@id":"https:\/\/www.globber.com\/ch\/de\/product\/learning-bike-ecologic\/#breadcrumb","itemListElement":[{"@type":"ListItem","position":1,"name":"Alle Produkte","item":"https:\/\/www.globber.com\/ch\/de\/shop-nach-produkt\/"},{"@type":"ListItem","position":2,"name":"LEARNING BIKE ECOLOGIC"}]},{"@type":"WebSite","@id":"https:\/\/www.globber.com\/ch\/fr\/#website","url":"https:\/\/www.globber.com\/ch\/fr\/","name":"Globber Scooter Schweiz","description":"Der offizielle Online Shop","publisher":{"@id":"https:\/\/www.globber.com\/ch\/fr\/#organization"},"potentialAction":[{"@type":"SearchAction","target":{"@type":"EntryPoint","urlTemplate":"https:\/\/www.globber.com\/ch\/fr\/?s={search_term_string}"},"query-input":{"@type":"PropertyValueSpecification","valueRequired":true,"valueName":"search_term_string"}}],"inLanguage":"de-CH"},{"@type":"Organization","@id":"https:\/\/www.globber.com\/ch\/fr\/#organization","name":"Globber Scooter Schweiz","url":"https:\/\/www.globber.com\/ch\/fr\/","logo":{"@type":"ImageObject","inLanguage":"de-CH","@id":"https:\/\/www.globber.com\/ch\/fr\/#\/schema\/logo\/image\/","url":"https:\/\/cdn.globber.com\/content\/2024\/05\/logo.svg","contentUrl":"https:\/\/cdn.globber.com\/content\/2024\/05\/logo.svg","width":601,"height":112,"caption":"Globber Scooter Schweiz"},"image":{"@id":"https:\/\/www.globber.com\/ch\/fr\/#\/schema\/logo\/image\/"}}]},"og_availability":"instock","product_availability":"instock","product_retailer_item_id":"736-XXX","product_condition":"new"},"_links":{"self":[{"href":"https:\/\/www.globber.com\/ch\/de\/wp-json\/wp\/v2\/product\/26145","targetHints":{"allow":["GET"]}}],"collection":[{"href":"https:\/\/www.globber.com\/ch\/de\/wp-json\/wp\/v2\/product"}],"about":[{"href":"https:\/\/www.globber.com\/ch\/de\/wp-json\/wp\/v2\/types\/product"}],"replies":[{"embeddable":true,"href":"https:\/\/www.globber.com\/ch\/de\/wp-json\/wp\/v2\/comments?post=26145"}],"wp:featuredmedia":[{"embeddable":true,"href":"https:\/\/www.globber.com\/ch\/de\/wp-json\/wp\/v2\/media\/25597"}],"wp:attachment":[{"href":"https:\/\/www.globber.com\/ch\/de\/wp-json\/wp\/v2\/media?parent=26145"}],"wp:term":[{"taxonomy":"product-special-badges","embeddable":true,"href":"https:\/\/www.globber.com\/ch\/de\/wp-json\/wp\/v2\/product-special-badges?post=26145"},{"taxonomy":"product_brand","embeddable":true,"href":"https:\/\/www.globber.com\/ch\/de\/wp-json\/wp\/v2\/product_brand?post=26145"},{"taxonomy":"product_cat","embeddable":true,"href":"https:\/\/www.globber.com\/ch\/de\/wp-json\/wp\/v2\/product_cat?post=26145"},{"taxonomy":"product_tag","embeddable":true,"href":"https:\/\/www.globber.com\/ch\/de\/wp-json\/wp\/v2\/product_tag?post=26145"}],"curies":[{"name":"wp","href":"https:\/\/api.w.org\/{rel}","templated":true}]}}