{"id":5792,"date":"2022-11-28T13:59:25","date_gmt":"2022-11-28T13:59:25","guid":{"rendered":"http:\/\/staging.globberscooter.com\/ch\/product\/explorer-trike-4in1\/"},"modified":"2026-01-08T14:50:22","modified_gmt":"2026-01-08T13:50:22","slug":"explorer-trike-4in1","status":"publish","type":"product","link":"https:\/\/www.globber.com\/ch\/de\/product\/explorer-trike-4in1\/","title":{"rendered":"Trike Explorer 4 in 1"},"content":{"rendered":"<p data-start=\"103\" data-end=\"458\">Nimm dein Kind mit nach drau\u00dfen und entdecke die Welt auf R\u00e4dern! Das EXPLORER TRIKE 4in1 ist ein All-in-One Schiebedreirad f\u00fcr Kleinkinder ab 10 Monaten und bietet 4 verschiedene Stufen: Babydreirad (10\u201336M), gef\u00fchrtes Dreirad (18\u201336M), Trainingsdreirad (24\u201336M) und Laufrad (2\u20135Y), um sich bequem an die Entwicklung deines Kindes anzupassen.<\/p>\n<p data-start=\"460\" data-end=\"860\">Das EXPLORER TRIKE 4in1 verf\u00fcgt \u00fcber ein 100\u202f% werkzeugloses Design (kein Werkzeug f\u00fcr den Umbau n\u00f6tig!), einen patentierten Radmechanismus, einen 2-fach h\u00f6henverstellbaren Elternlenker, einen 2-fach h\u00f6henverstellbaren Sattel, eine hohe R\u00fcckenlehne, eine abnehmbare Fu\u00dfst\u00fctze, EVA-Schaumstoffr\u00e4der und eine clevere Pedalaufbewahrung \u2013 f\u00fcr noch mehr Funktionalit\u00e4t!<\/p>\n","protected":false},"excerpt":{"rendered":"<article class=\"text-token-text-primary w-full\" dir=\"auto\" data-testid=\"conversation-turn-428\" data-scroll-anchor=\"true\">\n<div class=\"text-base my-auto mx-auto py-5 [--thread-content-margin:--spacing(4)] @[37rem]:[--thread-content-margin:--spacing(6)] @[70rem]:[--thread-content-margin:--spacing(12)] px-(--thread-content-margin)\">\n<div class=\"[--thread-content-max-width:32rem] @[34rem]:[--thread-content-max-width:40rem] @[64rem]:[--thread-content-max-width:48rem] mx-auto flex max-w-(--thread-content-max-width) flex-1 text-base gap-4 md:gap-5 lg:gap-6 group\/turn-messages focus-visible:outline-hidden\">\n<div class=\"group\/conversation-turn relative flex w-full min-w-0 flex-col agent-turn\">\n<div>\n<div>\n<div dir=\"auto\" data-message-author-role=\"assistant\" data-message-id=\"3af74517-509c-4457-ac5b-c35437c298f6\" data-message-model-slug=\"gpt-4o\">\n<div>\n<div>\n<p data-start=\"0\" data-end=\"52\"><strong>All-in-One Trainingsdreirad &amp; Kinderlaufrad (10M\u20135J)<\/strong><\/p>\n<\/div>\n<\/div>\n<\/div>\n<\/div>\n<\/div>\n<\/div>\n<\/div>\n<\/div>\n<\/article>\n","protected":false},"featured_media":4960,"comment_status":"open","ping_status":"closed","template":"","meta":{"_acf_changed":false,"inline_featured_image":false},"product-special-badges":[],"product_brand":[],"product_cat":[4477,3559,1243],"product_tag":[3988],"class_list":{"0":"post-5792","1":"product","2":"type-product","3":"status-publish","4":"has-post-thumbnail","6":"product-badges-transformable","7":"product-badges-tool-less","8":"product-badges-all-in-one","9":"product_cat-kleinkinder-produkte","10":"product_cat-baby-dreiraeder","11":"product_cat-entdecker-trike-serie","12":"product_tag-import","13":"pa_altersspanne-10m-5j","14":"pa_color-blau","15":"pa_color-gruen","16":"pa_color-mint","17":"pa_color-pink","18":"pa_color-rot","19":"pa_color-violett","20":"pa_ean-3171","21":"pa_ean-3172","22":"pa_ean-3173","23":"pa_ean-3175","24":"pa_ean-3174","25":"pa_ean-4024","26":"pa_einstellbar-ja","27":"pa_empfohlene-benutzerhoehe-65-105-cm","28":"pa_faltbar-no","29":"pa_groesse-der-raeder-220mm-36mm-breit","30":"pa_groesse-der-raeder-250mm-44mm-breit","31":"pa_material-der-rader-eva-schaum","32":"pa_maximales-benutzergewicht-20kg","33":"pa_produktgewicht-netto-6-75kg","34":"pa_sitzhoehen-sattel-31-34cm-vom-boden-aus-sitz-mit-hoher-rueckenlehne-32-35cm-vom-boden-aus","36":"first","37":"instock","38":"taxable","39":"shipping-taxable","40":"product-type-variable"},"acf":[],"yoast_head":"<!-- This site is optimized with the Yoast SEO Premium plugin v20.12 (Yoast SEO v23.4) - https:\/\/yoast.com\/wordpress\/plugins\/seo\/ -->\n<title>Convertible Tricycle: EXPLORER TRIKE 4in1 \u2013 Globber<\/title>\n<meta name=\"description\" content=\"4 products in 1 purchase! Discover the award-winning 4-in-1 trike that transforms from a trike into a balance bike. Perfect for learning motor skills.\" \/>\n<meta name=\"robots\" content=\"index, follow, max-snippet:-1, max-image-preview:large, max-video-preview:-1\" \/>\n<link rel=\"canonical\" href=\"https:\/\/www.globber.com\/ch\/de\/product\/explorer-trike-4in1\/\" \/>\n<meta property=\"og:locale\" content=\"de_DE\" \/>\n<meta property=\"og:type\" content=\"article\" \/>\n<meta property=\"og:title\" content=\"Convertible Tricycle: EXPLORER TRIKE 4in1 \u2013 Globber\" \/>\n<meta property=\"og:description\" content=\"4 products in 1 purchase! Discover the award-winning 4-in-1 trike that transforms from a trike into a balance bike. Perfect for learning motor skills.\" \/>\n<meta property=\"og:url\" content=\"https:\/\/www.globber.com\/ch\/de\/product\/explorer-trike-4in1\/\" \/>\n<meta property=\"og:site_name\" content=\"Globber Scooter Schweiz\" \/>\n<meta property=\"article:modified_time\" content=\"2026-01-08T13:50:22+00:00\" \/>\n<meta property=\"og:image\" content=\"https:\/\/cdn.globber.com\/content\/2022\/11\/6383ab2cb87df.jpg\" \/>\n\t<meta property=\"og:image:width\" content=\"1920\" \/>\n\t<meta property=\"og:image:height\" content=\"1920\" \/>\n\t<meta property=\"og:image:type\" content=\"image\/jpeg\" \/>\n<meta name=\"twitter:card\" content=\"summary_large_image\" \/>\n<meta name=\"twitter:label1\" content=\"Availability\" \/>\n\t<meta name=\"twitter:data1\" content=\"In stock\" \/>\n<script type=\"application\/ld+json\" class=\"yoast-schema-graph\">{\"@context\":\"https:\/\/schema.org\",\"@graph\":[{\"@type\":[\"WebPage\",\"ItemPage\"],\"@id\":\"https:\/\/www.globber.com\/ch\/de\/product\/explorer-trike-4in1\/\",\"url\":\"https:\/\/www.globber.com\/ch\/de\/product\/explorer-trike-4in1\/\",\"name\":\"Convertible Tricycle: EXPLORER TRIKE 4in1 \u2013 Globber\",\"isPartOf\":{\"@id\":\"https:\/\/www.globber.com\/ch\/fr\/#website\"},\"primaryImageOfPage\":{\"@id\":\"https:\/\/www.globber.com\/ch\/de\/product\/explorer-trike-4in1\/#primaryimage\"},\"image\":{\"@id\":\"https:\/\/www.globber.com\/ch\/de\/product\/explorer-trike-4in1\/#primaryimage\"},\"thumbnailUrl\":\"https:\/\/cdn.globber.com\/content\/2022\/11\/6383ab2cb87df.jpg\",\"datePublished\":\"2022-11-28T13:59:25+00:00\",\"dateModified\":\"2026-01-08T13:50:22+00:00\",\"description\":\"4 products in 1 purchase! Discover the award-winning 4-in-1 trike that transforms from a trike into a balance bike. Perfect for learning motor skills.\",\"breadcrumb\":{\"@id\":\"https:\/\/www.globber.com\/ch\/de\/product\/explorer-trike-4in1\/#breadcrumb\"},\"inLanguage\":\"de-CH\",\"potentialAction\":[{\"@type\":\"ReadAction\",\"target\":[\"https:\/\/www.globber.com\/ch\/de\/product\/explorer-trike-4in1\/\"]}]},{\"@type\":\"ImageObject\",\"inLanguage\":\"de-CH\",\"@id\":\"https:\/\/www.globber.com\/ch\/de\/product\/explorer-trike-4in1\/#primaryimage\",\"url\":\"https:\/\/cdn.globber.com\/content\/2022\/11\/6383ab2cb87df.jpg\",\"contentUrl\":\"https:\/\/cdn.globber.com\/content\/2022\/11\/6383ab2cb87df.jpg\",\"width\":1920,\"height\":1920},{\"@type\":\"BreadcrumbList\",\"@id\":\"https:\/\/www.globber.com\/ch\/de\/product\/explorer-trike-4in1\/#breadcrumb\",\"itemListElement\":[{\"@type\":\"ListItem\",\"position\":1,\"name\":\"Alle Produkte\",\"item\":\"https:\/\/www.globber.com\/ch\/de\/shop-nach-produkt\/\"},{\"@type\":\"ListItem\",\"position\":2,\"name\":\"Trike Explorer 4 in 1\"}]},{\"@type\":\"WebSite\",\"@id\":\"https:\/\/www.globber.com\/ch\/fr\/#website\",\"url\":\"https:\/\/www.globber.com\/ch\/fr\/\",\"name\":\"Globber Scooter Schweiz\",\"description\":\"Der offizielle Online Shop\",\"publisher\":{\"@id\":\"https:\/\/www.globber.com\/ch\/fr\/#organization\"},\"potentialAction\":[{\"@type\":\"SearchAction\",\"target\":{\"@type\":\"EntryPoint\",\"urlTemplate\":\"https:\/\/www.globber.com\/ch\/fr\/?s={search_term_string}\"},\"query-input\":{\"@type\":\"PropertyValueSpecification\",\"valueRequired\":true,\"valueName\":\"search_term_string\"}}],\"inLanguage\":\"de-CH\"},{\"@type\":\"Organization\",\"@id\":\"https:\/\/www.globber.com\/ch\/fr\/#organization\",\"name\":\"Globber Scooter Schweiz\",\"url\":\"https:\/\/www.globber.com\/ch\/fr\/\",\"logo\":{\"@type\":\"ImageObject\",\"inLanguage\":\"de-CH\",\"@id\":\"https:\/\/www.globber.com\/ch\/fr\/#\/schema\/logo\/image\/\",\"url\":\"https:\/\/cdn.globber.com\/content\/2024\/05\/logo.svg\",\"contentUrl\":\"https:\/\/cdn.globber.com\/content\/2024\/05\/logo.svg\",\"width\":601,\"height\":112,\"caption\":\"Globber Scooter Schweiz\"},\"image\":{\"@id\":\"https:\/\/www.globber.com\/ch\/fr\/#\/schema\/logo\/image\/\"}}]}<\/script>\n<meta property=\"og:availability\" content=\"instock\" \/>\n<meta property=\"product:availability\" content=\"instock\" \/>\n<meta property=\"product:retailer_item_id\" content=\"632-XXX-3\" \/>\n<meta property=\"product:condition\" content=\"new\" \/>\n<!-- \/ Yoast SEO Premium plugin. -->","yoast_head_json":{"title":"Convertible Tricycle: EXPLORER TRIKE 4in1 \u2013 Globber","description":"4 products in 1 purchase! Discover the award-winning 4-in-1 trike that transforms from a trike into a balance bike. Perfect for learning motor skills.","robots":{"index":"index","follow":"follow","max-snippet":"max-snippet:-1","max-image-preview":"max-image-preview:large","max-video-preview":"max-video-preview:-1"},"canonical":"https:\/\/www.globber.com\/ch\/de\/product\/explorer-trike-4in1\/","og_locale":"de_DE","og_type":"article","og_title":"Convertible Tricycle: EXPLORER TRIKE 4in1 \u2013 Globber","og_description":"4 products in 1 purchase! Discover the award-winning 4-in-1 trike that transforms from a trike into a balance bike. Perfect for learning motor skills.","og_url":"https:\/\/www.globber.com\/ch\/de\/product\/explorer-trike-4in1\/","og_site_name":"Globber Scooter Schweiz","article_modified_time":"2026-01-08T13:50:22+00:00","og_image":[{"width":1920,"height":1920,"url":"https:\/\/cdn.globber.com\/content\/2022\/11\/6383ab2cb87df.jpg","type":"image\/jpeg"}],"twitter_card":"summary_large_image","twitter_misc":{"Availability":"In stock"},"schema":{"@context":"https:\/\/schema.org","@graph":[{"@type":["WebPage","ItemPage"],"@id":"https:\/\/www.globber.com\/ch\/de\/product\/explorer-trike-4in1\/","url":"https:\/\/www.globber.com\/ch\/de\/product\/explorer-trike-4in1\/","name":"Convertible Tricycle: EXPLORER TRIKE 4in1 \u2013 Globber","isPartOf":{"@id":"https:\/\/www.globber.com\/ch\/fr\/#website"},"primaryImageOfPage":{"@id":"https:\/\/www.globber.com\/ch\/de\/product\/explorer-trike-4in1\/#primaryimage"},"image":{"@id":"https:\/\/www.globber.com\/ch\/de\/product\/explorer-trike-4in1\/#primaryimage"},"thumbnailUrl":"https:\/\/cdn.globber.com\/content\/2022\/11\/6383ab2cb87df.jpg","datePublished":"2022-11-28T13:59:25+00:00","dateModified":"2026-01-08T13:50:22+00:00","description":"4 products in 1 purchase! Discover the award-winning 4-in-1 trike that transforms from a trike into a balance bike. Perfect for learning motor skills.","breadcrumb":{"@id":"https:\/\/www.globber.com\/ch\/de\/product\/explorer-trike-4in1\/#breadcrumb"},"inLanguage":"de-CH","potentialAction":[{"@type":"ReadAction","target":["https:\/\/www.globber.com\/ch\/de\/product\/explorer-trike-4in1\/"]}]},{"@type":"ImageObject","inLanguage":"de-CH","@id":"https:\/\/www.globber.com\/ch\/de\/product\/explorer-trike-4in1\/#primaryimage","url":"https:\/\/cdn.globber.com\/content\/2022\/11\/6383ab2cb87df.jpg","contentUrl":"https:\/\/cdn.globber.com\/content\/2022\/11\/6383ab2cb87df.jpg","width":1920,"height":1920},{"@type":"BreadcrumbList","@id":"https:\/\/www.globber.com\/ch\/de\/product\/explorer-trike-4in1\/#breadcrumb","itemListElement":[{"@type":"ListItem","position":1,"name":"Alle Produkte","item":"https:\/\/www.globber.com\/ch\/de\/shop-nach-produkt\/"},{"@type":"ListItem","position":2,"name":"Trike Explorer 4 in 1"}]},{"@type":"WebSite","@id":"https:\/\/www.globber.com\/ch\/fr\/#website","url":"https:\/\/www.globber.com\/ch\/fr\/","name":"Globber Scooter Schweiz","description":"Der offizielle Online Shop","publisher":{"@id":"https:\/\/www.globber.com\/ch\/fr\/#organization"},"potentialAction":[{"@type":"SearchAction","target":{"@type":"EntryPoint","urlTemplate":"https:\/\/www.globber.com\/ch\/fr\/?s={search_term_string}"},"query-input":{"@type":"PropertyValueSpecification","valueRequired":true,"valueName":"search_term_string"}}],"inLanguage":"de-CH"},{"@type":"Organization","@id":"https:\/\/www.globber.com\/ch\/fr\/#organization","name":"Globber Scooter Schweiz","url":"https:\/\/www.globber.com\/ch\/fr\/","logo":{"@type":"ImageObject","inLanguage":"de-CH","@id":"https:\/\/www.globber.com\/ch\/fr\/#\/schema\/logo\/image\/","url":"https:\/\/cdn.globber.com\/content\/2024\/05\/logo.svg","contentUrl":"https:\/\/cdn.globber.com\/content\/2024\/05\/logo.svg","width":601,"height":112,"caption":"Globber Scooter Schweiz"},"image":{"@id":"https:\/\/www.globber.com\/ch\/fr\/#\/schema\/logo\/image\/"}}]},"og_availability":"instock","product_availability":"instock","product_retailer_item_id":"632-XXX-3","product_condition":"new"},"_links":{"self":[{"href":"https:\/\/www.globber.com\/ch\/de\/wp-json\/wp\/v2\/product\/5792","targetHints":{"allow":["GET"]}}],"collection":[{"href":"https:\/\/www.globber.com\/ch\/de\/wp-json\/wp\/v2\/product"}],"about":[{"href":"https:\/\/www.globber.com\/ch\/de\/wp-json\/wp\/v2\/types\/product"}],"replies":[{"embeddable":true,"href":"https:\/\/www.globber.com\/ch\/de\/wp-json\/wp\/v2\/comments?post=5792"}],"wp:featuredmedia":[{"embeddable":true,"href":"https:\/\/www.globber.com\/ch\/de\/wp-json\/wp\/v2\/media\/4960"}],"wp:attachment":[{"href":"https:\/\/www.globber.com\/ch\/de\/wp-json\/wp\/v2\/media?parent=5792"}],"wp:term":[{"taxonomy":"product-special-badges","embeddable":true,"href":"https:\/\/www.globber.com\/ch\/de\/wp-json\/wp\/v2\/product-special-badges?post=5792"},{"taxonomy":"product_brand","embeddable":true,"href":"https:\/\/www.globber.com\/ch\/de\/wp-json\/wp\/v2\/product_brand?post=5792"},{"taxonomy":"product_cat","embeddable":true,"href":"https:\/\/www.globber.com\/ch\/de\/wp-json\/wp\/v2\/product_cat?post=5792"},{"taxonomy":"product_tag","embeddable":true,"href":"https:\/\/www.globber.com\/ch\/de\/wp-json\/wp\/v2\/product_tag?post=5792"}],"curies":[{"name":"wp","href":"https:\/\/api.w.org\/{rel}","templated":true}]}}