{"id":5871,"date":"2022-11-28T14:02:57","date_gmt":"2022-11-28T14:02:57","guid":{"rendered":"http:\/\/staging.globberscooter.com\/ch\/product\/go-bike-air\/"},"modified":"2026-02-23T11:53:36","modified_gmt":"2026-02-23T10:53:36","slug":"go-bike-air","status":"publish","type":"product","link":"https:\/\/www.globber.com\/ch\/de\/product\/go-bike-air\/","title":{"rendered":"GO BIKE AIR"},"content":{"rendered":"<p data-start=\"0\" data-end=\"309\">GO BIKE AIR ist das perfekte 10-Zoll-Laufrad f\u00fcr Kleinkinder, die spielerisch das Radfahren erlernen m\u00f6chten! Ideal f\u00fcr Kinder im Alter von 3 bis 6 Jahren, unterst\u00fctzt es sie dabei, das Gleichgewicht zu trainieren und ihre motorischen F\u00e4higkeiten weiterzuentwickeln \u2013 und das mit jeder Menge Spass!<\/p>\n<p data-start=\"311\" data-end=\"729\">Jedes GO BIKE AIR Laufrad ist mit 10-Zoll-Reifen aus 100\u202f% Gummi ausgestattet, die f\u00fcr maximale Stossd\u00e4mpfung und eine besonders sanfte Fahrt sorgen \u2013 perfekt, um das Radfahren sicher zu erlernen! Zus\u00e4tzlich \u00fcberzeugt das Laufrad mit einem 2-stufig umkehrbaren Rahmen f\u00fcr mehr Flexibilit\u00e4t, einem 6-fach h\u00f6henverstellbaren Sattel, 2-fach h\u00f6henverstellbaren Lenkern und luftgef\u00fcllten Gummireifen.<\/p>\n","protected":false},"excerpt":{"rendered":"<article dir=\"auto\" data-testid=\"conversation-turn-42\" data-scroll-anchor=\"true\">\n<div>\n<div>\n<div>\n<div>\n<div>\n<div dir=\"auto\" data-message-author-role=\"assistant\" data-message-id=\"8e860ec0-93eb-4e90-b66f-f81a18c2141e\" data-message-model-slug=\"gpt-4o\">\n<div>\n<div>\n<p data-start=\"0\" data-end=\"39\"><strong>Laufrad f\u00fcr Kleinkinder (3\u20136 Jahre)<\/strong><\/p>\n<\/div>\n<\/div>\n<\/div>\n<\/div>\n<\/div>\n<\/div>\n<\/div>\n<\/div>\n<\/article>\n<div class=\"pointer-events-none h-px w-px\" aria-hidden=\"true\" data-edge=\"true\">\u00a0<\/div>\n","protected":false},"featured_media":5317,"comment_status":"open","ping_status":"closed","template":"","meta":{"_acf_changed":false,"inline_featured_image":false},"product-special-badges":[6275],"product_brand":[],"product_cat":[6274,4477,1693,1678],"product_tag":[3988],"class_list":{"0":"post-5871","1":"product","2":"type-product","3":"status-publish","4":"has-post-thumbnail","6":"product-badges-convertible","7":"product-badges-adjustable","8":"product_cat-sale","9":"product_cat-kleinkinder-produkte","10":"product_cat-laufraeder","11":"product_cat-go-bike-serie","12":"product_tag-import","13":"pa_altersspanne-3-6j","14":"pa_color-hellblau","15":"pa_color-rosa","16":"pa_color-schwarz","17":"pa_ean-3251","18":"pa_ean-3252","19":"pa_ean-3253","20":"pa_einstellbar-ja","21":"pa_empfohlene-benutzerhoehe-95-110-cm","22":"pa_faltbar-no","23":"pa_groesse-der-raeder-254mm-10-zoll-hinten","24":"pa_groesse-der-raeder-254mm-10-zoll-vorne","25":"pa_material-der-rader-luftgummi","26":"pa_maximales-benutzergewicht-25kg","27":"pa_produktgewicht-netto-4-02kg","28":"pa_produkttyp-zweirad","29":"pa_sitzhoehen-niedriger-rahmen-34cm-36-5cm-39cm-hohe-rahmenposition-36-5cm-39cm-41-5cm","31":"first","32":"instock","33":"sale","34":"taxable","35":"shipping-taxable","36":"purchasable","37":"product-type-variable"},"acf":[],"yoast_head":"<!-- This site is optimized with the Yoast SEO Premium plugin v20.12 (Yoast SEO v23.4) - https:\/\/yoast.com\/wordpress\/plugins\/seo\/ -->\n<title>Toddler Balance Bike: GO BIKE AIR \u2013 Globber<\/title>\n<meta name=\"description\" content=\"Introduce kids to the basics of balance and steering! Get this 10-inch balance bike: Lightweight, sturdy, and very easy to assemble.\" \/>\n<meta name=\"robots\" content=\"index, follow, max-snippet:-1, max-image-preview:large, max-video-preview:-1\" \/>\n<link rel=\"canonical\" href=\"https:\/\/www.globber.com\/ch\/de\/product\/go-bike-air\/\" \/>\n<meta property=\"og:locale\" content=\"de_DE\" \/>\n<meta property=\"og:type\" content=\"article\" \/>\n<meta property=\"og:title\" content=\"Toddler Balance Bike: GO BIKE AIR \u2013 Globber\" \/>\n<meta property=\"og:description\" content=\"Introduce kids to the basics of balance and steering! Get this 10-inch balance bike: Lightweight, sturdy, and very easy to assemble.\" \/>\n<meta property=\"og:url\" content=\"https:\/\/www.globber.com\/ch\/de\/product\/go-bike-air\/\" \/>\n<meta property=\"og:site_name\" content=\"Globber Scooter Schweiz\" \/>\n<meta property=\"article:modified_time\" content=\"2026-02-23T10:53:36+00:00\" \/>\n<meta property=\"og:image\" content=\"https:\/\/cdn.globber.com\/content\/2022\/11\/6383b4ef88a44.jpg\" \/>\n\t<meta property=\"og:image:width\" content=\"1920\" \/>\n\t<meta property=\"og:image:height\" content=\"1920\" \/>\n\t<meta property=\"og:image:type\" content=\"image\/jpeg\" \/>\n<meta name=\"twitter:card\" content=\"summary_large_image\" \/>\n<meta name=\"twitter:label1\" content=\"Availability\" \/>\n\t<meta name=\"twitter:data1\" content=\"In stock\" \/>\n<script type=\"application\/ld+json\" class=\"yoast-schema-graph\">{\"@context\":\"https:\/\/schema.org\",\"@graph\":[{\"@type\":[\"WebPage\",\"ItemPage\"],\"@id\":\"https:\/\/www.globber.com\/ch\/de\/product\/go-bike-air\/\",\"url\":\"https:\/\/www.globber.com\/ch\/de\/product\/go-bike-air\/\",\"name\":\"Toddler Balance Bike: GO BIKE AIR \u2013 Globber\",\"isPartOf\":{\"@id\":\"https:\/\/www.globber.com\/ch\/fr\/#website\"},\"primaryImageOfPage\":{\"@id\":\"https:\/\/www.globber.com\/ch\/de\/product\/go-bike-air\/#primaryimage\"},\"image\":{\"@id\":\"https:\/\/www.globber.com\/ch\/de\/product\/go-bike-air\/#primaryimage\"},\"thumbnailUrl\":\"https:\/\/cdn.globber.com\/content\/2022\/11\/6383b4ef88a44.jpg\",\"datePublished\":\"2022-11-28T14:02:57+00:00\",\"dateModified\":\"2026-02-23T10:53:36+00:00\",\"description\":\"Introduce kids to the basics of balance and steering! Get this 10-inch balance bike: Lightweight, sturdy, and very easy to assemble.\",\"breadcrumb\":{\"@id\":\"https:\/\/www.globber.com\/ch\/de\/product\/go-bike-air\/#breadcrumb\"},\"inLanguage\":\"de-CH\",\"potentialAction\":[{\"@type\":\"ReadAction\",\"target\":[\"https:\/\/www.globber.com\/ch\/de\/product\/go-bike-air\/\"]}]},{\"@type\":\"ImageObject\",\"inLanguage\":\"de-CH\",\"@id\":\"https:\/\/www.globber.com\/ch\/de\/product\/go-bike-air\/#primaryimage\",\"url\":\"https:\/\/cdn.globber.com\/content\/2022\/11\/6383b4ef88a44.jpg\",\"contentUrl\":\"https:\/\/cdn.globber.com\/content\/2022\/11\/6383b4ef88a44.jpg\",\"width\":1920,\"height\":1920},{\"@type\":\"BreadcrumbList\",\"@id\":\"https:\/\/www.globber.com\/ch\/de\/product\/go-bike-air\/#breadcrumb\",\"itemListElement\":[{\"@type\":\"ListItem\",\"position\":1,\"name\":\"Alle Produkte\",\"item\":\"https:\/\/www.globber.com\/ch\/de\/shop-nach-produkt\/\"},{\"@type\":\"ListItem\",\"position\":2,\"name\":\"GO BIKE AIR\"}]},{\"@type\":\"WebSite\",\"@id\":\"https:\/\/www.globber.com\/ch\/fr\/#website\",\"url\":\"https:\/\/www.globber.com\/ch\/fr\/\",\"name\":\"Globber Scooter Schweiz\",\"description\":\"Der offizielle Online Shop\",\"publisher\":{\"@id\":\"https:\/\/www.globber.com\/ch\/fr\/#organization\"},\"potentialAction\":[{\"@type\":\"SearchAction\",\"target\":{\"@type\":\"EntryPoint\",\"urlTemplate\":\"https:\/\/www.globber.com\/ch\/fr\/?s={search_term_string}\"},\"query-input\":{\"@type\":\"PropertyValueSpecification\",\"valueRequired\":true,\"valueName\":\"search_term_string\"}}],\"inLanguage\":\"de-CH\"},{\"@type\":\"Organization\",\"@id\":\"https:\/\/www.globber.com\/ch\/fr\/#organization\",\"name\":\"Globber Scooter Schweiz\",\"url\":\"https:\/\/www.globber.com\/ch\/fr\/\",\"logo\":{\"@type\":\"ImageObject\",\"inLanguage\":\"de-CH\",\"@id\":\"https:\/\/www.globber.com\/ch\/fr\/#\/schema\/logo\/image\/\",\"url\":\"https:\/\/cdn.globber.com\/content\/2024\/05\/logo.svg\",\"contentUrl\":\"https:\/\/cdn.globber.com\/content\/2024\/05\/logo.svg\",\"width\":601,\"height\":112,\"caption\":\"Globber Scooter Schweiz\"},\"image\":{\"@id\":\"https:\/\/www.globber.com\/ch\/fr\/#\/schema\/logo\/image\/\"}}]}<\/script>\n<meta property=\"og:availability\" content=\"instock\" \/>\n<meta property=\"product:availability\" content=\"instock\" \/>\n<meta property=\"product:retailer_item_id\" content=\"615-XXX\" \/>\n<meta property=\"product:condition\" content=\"new\" \/>\n<!-- \/ Yoast SEO Premium plugin. -->","yoast_head_json":{"title":"Toddler Balance Bike: GO BIKE AIR \u2013 Globber","description":"Introduce kids to the basics of balance and steering! Get this 10-inch balance bike: Lightweight, sturdy, and very easy to assemble.","robots":{"index":"index","follow":"follow","max-snippet":"max-snippet:-1","max-image-preview":"max-image-preview:large","max-video-preview":"max-video-preview:-1"},"canonical":"https:\/\/www.globber.com\/ch\/de\/product\/go-bike-air\/","og_locale":"de_DE","og_type":"article","og_title":"Toddler Balance Bike: GO BIKE AIR \u2013 Globber","og_description":"Introduce kids to the basics of balance and steering! Get this 10-inch balance bike: Lightweight, sturdy, and very easy to assemble.","og_url":"https:\/\/www.globber.com\/ch\/de\/product\/go-bike-air\/","og_site_name":"Globber Scooter Schweiz","article_modified_time":"2026-02-23T10:53:36+00:00","og_image":[{"width":1920,"height":1920,"url":"https:\/\/cdn.globber.com\/content\/2022\/11\/6383b4ef88a44.jpg","type":"image\/jpeg"}],"twitter_card":"summary_large_image","twitter_misc":{"Availability":"In stock"},"schema":{"@context":"https:\/\/schema.org","@graph":[{"@type":["WebPage","ItemPage"],"@id":"https:\/\/www.globber.com\/ch\/de\/product\/go-bike-air\/","url":"https:\/\/www.globber.com\/ch\/de\/product\/go-bike-air\/","name":"Toddler Balance Bike: GO BIKE AIR \u2013 Globber","isPartOf":{"@id":"https:\/\/www.globber.com\/ch\/fr\/#website"},"primaryImageOfPage":{"@id":"https:\/\/www.globber.com\/ch\/de\/product\/go-bike-air\/#primaryimage"},"image":{"@id":"https:\/\/www.globber.com\/ch\/de\/product\/go-bike-air\/#primaryimage"},"thumbnailUrl":"https:\/\/cdn.globber.com\/content\/2022\/11\/6383b4ef88a44.jpg","datePublished":"2022-11-28T14:02:57+00:00","dateModified":"2026-02-23T10:53:36+00:00","description":"Introduce kids to the basics of balance and steering! Get this 10-inch balance bike: Lightweight, sturdy, and very easy to assemble.","breadcrumb":{"@id":"https:\/\/www.globber.com\/ch\/de\/product\/go-bike-air\/#breadcrumb"},"inLanguage":"de-CH","potentialAction":[{"@type":"ReadAction","target":["https:\/\/www.globber.com\/ch\/de\/product\/go-bike-air\/"]}]},{"@type":"ImageObject","inLanguage":"de-CH","@id":"https:\/\/www.globber.com\/ch\/de\/product\/go-bike-air\/#primaryimage","url":"https:\/\/cdn.globber.com\/content\/2022\/11\/6383b4ef88a44.jpg","contentUrl":"https:\/\/cdn.globber.com\/content\/2022\/11\/6383b4ef88a44.jpg","width":1920,"height":1920},{"@type":"BreadcrumbList","@id":"https:\/\/www.globber.com\/ch\/de\/product\/go-bike-air\/#breadcrumb","itemListElement":[{"@type":"ListItem","position":1,"name":"Alle Produkte","item":"https:\/\/www.globber.com\/ch\/de\/shop-nach-produkt\/"},{"@type":"ListItem","position":2,"name":"GO BIKE AIR"}]},{"@type":"WebSite","@id":"https:\/\/www.globber.com\/ch\/fr\/#website","url":"https:\/\/www.globber.com\/ch\/fr\/","name":"Globber Scooter Schweiz","description":"Der offizielle Online Shop","publisher":{"@id":"https:\/\/www.globber.com\/ch\/fr\/#organization"},"potentialAction":[{"@type":"SearchAction","target":{"@type":"EntryPoint","urlTemplate":"https:\/\/www.globber.com\/ch\/fr\/?s={search_term_string}"},"query-input":{"@type":"PropertyValueSpecification","valueRequired":true,"valueName":"search_term_string"}}],"inLanguage":"de-CH"},{"@type":"Organization","@id":"https:\/\/www.globber.com\/ch\/fr\/#organization","name":"Globber Scooter Schweiz","url":"https:\/\/www.globber.com\/ch\/fr\/","logo":{"@type":"ImageObject","inLanguage":"de-CH","@id":"https:\/\/www.globber.com\/ch\/fr\/#\/schema\/logo\/image\/","url":"https:\/\/cdn.globber.com\/content\/2024\/05\/logo.svg","contentUrl":"https:\/\/cdn.globber.com\/content\/2024\/05\/logo.svg","width":601,"height":112,"caption":"Globber Scooter Schweiz"},"image":{"@id":"https:\/\/www.globber.com\/ch\/fr\/#\/schema\/logo\/image\/"}}]},"og_availability":"instock","product_availability":"instock","product_retailer_item_id":"615-XXX","product_condition":"new"},"_links":{"self":[{"href":"https:\/\/www.globber.com\/ch\/de\/wp-json\/wp\/v2\/product\/5871","targetHints":{"allow":["GET"]}}],"collection":[{"href":"https:\/\/www.globber.com\/ch\/de\/wp-json\/wp\/v2\/product"}],"about":[{"href":"https:\/\/www.globber.com\/ch\/de\/wp-json\/wp\/v2\/types\/product"}],"replies":[{"embeddable":true,"href":"https:\/\/www.globber.com\/ch\/de\/wp-json\/wp\/v2\/comments?post=5871"}],"wp:featuredmedia":[{"embeddable":true,"href":"https:\/\/www.globber.com\/ch\/de\/wp-json\/wp\/v2\/media\/5317"}],"wp:attachment":[{"href":"https:\/\/www.globber.com\/ch\/de\/wp-json\/wp\/v2\/media?parent=5871"}],"wp:term":[{"taxonomy":"product-special-badges","embeddable":true,"href":"https:\/\/www.globber.com\/ch\/de\/wp-json\/wp\/v2\/product-special-badges?post=5871"},{"taxonomy":"product_brand","embeddable":true,"href":"https:\/\/www.globber.com\/ch\/de\/wp-json\/wp\/v2\/product_brand?post=5871"},{"taxonomy":"product_cat","embeddable":true,"href":"https:\/\/www.globber.com\/ch\/de\/wp-json\/wp\/v2\/product_cat?post=5871"},{"taxonomy":"product_tag","embeddable":true,"href":"https:\/\/www.globber.com\/ch\/de\/wp-json\/wp\/v2\/product_tag?post=5871"}],"curies":[{"name":"wp","href":"https:\/\/api.w.org\/{rel}","templated":true}]}}