{"id":5874,"date":"2022-11-28T15:03:06","date_gmt":"2022-11-28T14:03:06","guid":{"rendered":"http:\/\/staging.globberscooter.com\/ch\/product\/go-bike-elite\/"},"modified":"2026-04-29T14:59:44","modified_gmt":"2026-04-29T12:59:44","slug":"go-bike-elite","status":"publish","type":"product","link":"https:\/\/www.globber.com\/ch\/de\/product\/go-bike-elite\/","title":{"rendered":"GO BIKE ELITE"},"content":{"rendered":"<p>Kleine F\u00fc\u00dfe lieben es, zu rennen und Spa\u00df zu haben - lassen Sie sie fahren, wie sie es tun! GO BIKE ELITE ist ein zu 100 % von Globber entwickeltes Balance-Bike f\u00fcr Kleinkinder (2-5 Jahre), das die Koordination, das Lenken und die motorischen F\u00e4higkeiten f\u00f6rdert, w\u00e4hrend die Kleinen balancieren, im Freilauf fahren und den ganzen Tag lang spielen.<\/p>\n<p>Das GO BIKE ELITE in leuchtenden Farben verf\u00fcgt \u00fcber einen robusten, langlebigen Rahmen mit Tragegriff und Fu\u00dfst\u00fctze, einen in zwei H\u00f6hen verstellbaren Sattel f\u00fcr zus\u00e4tzliche Langlebigkeit, wenn das Kind w\u00e4chst, hochwertige 10-Zoll-TPE-R\u00e4der, einen gebogenen Lenker und ein 100 % werkzeugloses Globber-Design - alles f\u00fcr maximalen Komfort beim Fahren und Bewegen von Kleinkindern!<\/p>\n<p>&nbsp;<\/p>\n","protected":false},"excerpt":{"rendered":"<p><strong>Balance-Bike f\u00fcr Kleinkinder (2-5 Jahre)<\/strong><\/p>\n","protected":false},"featured_media":25444,"comment_status":"open","ping_status":"closed","template":"","meta":{"_acf_changed":false,"inline_featured_image":false},"product-special-badges":[],"product_brand":[],"product_cat":[4477,4361,1693,1678],"product_tag":[],"class_list":{"0":"post-5874","1":"product","2":"type-product","3":"status-publish","4":"has-post-thumbnail","6":"product-badges-adjustable","7":"product-badges-dual-coloured","8":"product-badges-tool-less","9":"product_cat-kleinkinder-produkte","10":"product_cat-2-raeder-kinder","11":"product_cat-laufraeder","12":"product_cat-go-bike-serie","13":"pa_altersspanne-2-5j","14":"pa_color-sage","15":"pa_color-sand","16":"pa_ean-6252","17":"pa_ean-6251","18":"pa_einstellbar-ja","19":"pa_empfohlene-benutzerhoehe-85-105-cm","20":"pa_faltbar-no","21":"pa_groesse-der-raeder-254mm-10-zoll-hinten","22":"pa_groesse-der-raeder-254mm-10-zoll-vorne","23":"pa_material-der-rader-tpe","24":"pa_maximales-benutzergewicht-20kg","25":"pa_produktgewicht-netto-3-50kg","26":"pa_sitzhoehen-33-bis-42-cm-vom-boden-aus","28":"first","29":"instock","30":"purchasable","31":"product-type-variable"},"acf":[],"yoast_head":"<!-- This site is optimized with the Yoast SEO Premium plugin v20.12 (Yoast SEO v23.4) - https:\/\/yoast.com\/wordpress\/plugins\/seo\/ -->\n<title>Balance Bike for Toddlers: GO BIKE ELITE \u2013 Globber<\/title>\n<meta name=\"description\" content=\"Let those little feet have all the fun! Discover this toddler balance bike for 2-year-olds to learn balancing skills. An excellent choice for baby riders.\" \/>\n<meta name=\"robots\" content=\"index, follow, max-snippet:-1, max-image-preview:large, max-video-preview:-1\" \/>\n<link rel=\"canonical\" href=\"https:\/\/www.globber.com\/ch\/de\/product\/go-bike-elite\/\" \/>\n<meta property=\"og:locale\" content=\"de_DE\" \/>\n<meta property=\"og:type\" content=\"article\" \/>\n<meta property=\"og:title\" content=\"Balance Bike for Toddlers: GO BIKE ELITE \u2013 Globber\" \/>\n<meta property=\"og:description\" content=\"Let those little feet have all the fun! Discover this toddler balance bike for 2-year-olds to learn balancing skills. An excellent choice for baby riders.\" \/>\n<meta property=\"og:url\" content=\"https:\/\/www.globber.com\/ch\/de\/product\/go-bike-elite\/\" \/>\n<meta property=\"og:site_name\" content=\"Globber Scooter Schweiz\" \/>\n<meta property=\"article:modified_time\" content=\"2026-04-29T12:59:44+00:00\" \/>\n<meta property=\"og:image\" content=\"https:\/\/cdn.globber.com\/content\/sites\/21\/2022\/11\/710-466_ft-q-R1_rgb.jpg\" \/>\n\t<meta property=\"og:image:width\" content=\"2048\" \/>\n\t<meta property=\"og:image:height\" content=\"2048\" \/>\n\t<meta property=\"og:image:type\" content=\"image\/jpeg\" \/>\n<meta name=\"twitter:card\" content=\"summary_large_image\" \/>\n<meta name=\"twitter:label1\" content=\"Availability\" \/>\n\t<meta name=\"twitter:data1\" content=\"In stock\" \/>\n<script type=\"application\/ld+json\" class=\"yoast-schema-graph\">{\"@context\":\"https:\/\/schema.org\",\"@graph\":[{\"@type\":[\"WebPage\",\"ItemPage\"],\"@id\":\"https:\/\/www.globber.com\/ch\/de\/product\/go-bike-elite\/\",\"url\":\"https:\/\/www.globber.com\/ch\/de\/product\/go-bike-elite\/\",\"name\":\"Balance Bike for Toddlers: GO BIKE ELITE \u2013 Globber\",\"isPartOf\":{\"@id\":\"https:\/\/www.globber.com\/ch\/fr\/#website\"},\"primaryImageOfPage\":{\"@id\":\"https:\/\/www.globber.com\/ch\/de\/product\/go-bike-elite\/#primaryimage\"},\"image\":{\"@id\":\"https:\/\/www.globber.com\/ch\/de\/product\/go-bike-elite\/#primaryimage\"},\"thumbnailUrl\":\"https:\/\/cdn.globber.com\/content\/sites\/21\/2022\/11\/710-466_ft-q-R1_rgb.jpg\",\"datePublished\":\"2022-11-28T14:03:06+00:00\",\"dateModified\":\"2026-04-29T12:59:44+00:00\",\"description\":\"Let those little feet have all the fun! Discover this toddler balance bike for 2-year-olds to learn balancing skills. An excellent choice for baby riders.\",\"breadcrumb\":{\"@id\":\"https:\/\/www.globber.com\/ch\/de\/product\/go-bike-elite\/#breadcrumb\"},\"inLanguage\":\"de-CH\",\"potentialAction\":[{\"@type\":\"ReadAction\",\"target\":[\"https:\/\/www.globber.com\/ch\/de\/product\/go-bike-elite\/\"]}]},{\"@type\":\"ImageObject\",\"inLanguage\":\"de-CH\",\"@id\":\"https:\/\/www.globber.com\/ch\/de\/product\/go-bike-elite\/#primaryimage\",\"url\":\"https:\/\/cdn.globber.com\/content\/sites\/21\/2022\/11\/710-466_ft-q-R1_rgb.jpg\",\"contentUrl\":\"https:\/\/cdn.globber.com\/content\/sites\/21\/2022\/11\/710-466_ft-q-R1_rgb.jpg\",\"width\":2048,\"height\":2048},{\"@type\":\"BreadcrumbList\",\"@id\":\"https:\/\/www.globber.com\/ch\/de\/product\/go-bike-elite\/#breadcrumb\",\"itemListElement\":[{\"@type\":\"ListItem\",\"position\":1,\"name\":\"Alle Produkte\",\"item\":\"https:\/\/www.globber.com\/ch\/de\/shop-nach-produkt\/\"},{\"@type\":\"ListItem\",\"position\":2,\"name\":\"GO BIKE ELITE\"}]},{\"@type\":\"WebSite\",\"@id\":\"https:\/\/www.globber.com\/ch\/fr\/#website\",\"url\":\"https:\/\/www.globber.com\/ch\/fr\/\",\"name\":\"Globber Scooter Schweiz\",\"description\":\"Der offizielle Online Shop\",\"publisher\":{\"@id\":\"https:\/\/www.globber.com\/ch\/fr\/#organization\"},\"potentialAction\":[{\"@type\":\"SearchAction\",\"target\":{\"@type\":\"EntryPoint\",\"urlTemplate\":\"https:\/\/www.globber.com\/ch\/fr\/?s={search_term_string}\"},\"query-input\":{\"@type\":\"PropertyValueSpecification\",\"valueRequired\":true,\"valueName\":\"search_term_string\"}}],\"inLanguage\":\"de-CH\"},{\"@type\":\"Organization\",\"@id\":\"https:\/\/www.globber.com\/ch\/fr\/#organization\",\"name\":\"Globber Scooter Schweiz\",\"url\":\"https:\/\/www.globber.com\/ch\/fr\/\",\"logo\":{\"@type\":\"ImageObject\",\"inLanguage\":\"de-CH\",\"@id\":\"https:\/\/www.globber.com\/ch\/fr\/#\/schema\/logo\/image\/\",\"url\":\"https:\/\/cdn.globber.com\/content\/2024\/05\/logo.svg\",\"contentUrl\":\"https:\/\/cdn.globber.com\/content\/2024\/05\/logo.svg\",\"width\":601,\"height\":112,\"caption\":\"Globber Scooter Schweiz\"},\"image\":{\"@id\":\"https:\/\/www.globber.com\/ch\/fr\/#\/schema\/logo\/image\/\"}}]}<\/script>\n<meta property=\"og:availability\" content=\"instock\" \/>\n<meta property=\"product:availability\" content=\"instock\" \/>\n<meta property=\"product:retailer_item_id\" content=\"710-XXX\" \/>\n<meta property=\"product:condition\" content=\"new\" \/>\n<!-- \/ Yoast SEO Premium plugin. -->","yoast_head_json":{"title":"Balance Bike for Toddlers: GO BIKE ELITE \u2013 Globber","description":"Let those little feet have all the fun! Discover this toddler balance bike for 2-year-olds to learn balancing skills. An excellent choice for baby riders.","robots":{"index":"index","follow":"follow","max-snippet":"max-snippet:-1","max-image-preview":"max-image-preview:large","max-video-preview":"max-video-preview:-1"},"canonical":"https:\/\/www.globber.com\/ch\/de\/product\/go-bike-elite\/","og_locale":"de_DE","og_type":"article","og_title":"Balance Bike for Toddlers: GO BIKE ELITE \u2013 Globber","og_description":"Let those little feet have all the fun! Discover this toddler balance bike for 2-year-olds to learn balancing skills. An excellent choice for baby riders.","og_url":"https:\/\/www.globber.com\/ch\/de\/product\/go-bike-elite\/","og_site_name":"Globber Scooter Schweiz","article_modified_time":"2026-04-29T12:59:44+00:00","og_image":[{"width":2048,"height":2048,"url":"https:\/\/cdn.globber.com\/content\/sites\/21\/2022\/11\/710-466_ft-q-R1_rgb.jpg","type":"image\/jpeg"}],"twitter_card":"summary_large_image","twitter_misc":{"Availability":"In stock"},"schema":{"@context":"https:\/\/schema.org","@graph":[{"@type":["WebPage","ItemPage"],"@id":"https:\/\/www.globber.com\/ch\/de\/product\/go-bike-elite\/","url":"https:\/\/www.globber.com\/ch\/de\/product\/go-bike-elite\/","name":"Balance Bike for Toddlers: GO BIKE ELITE \u2013 Globber","isPartOf":{"@id":"https:\/\/www.globber.com\/ch\/fr\/#website"},"primaryImageOfPage":{"@id":"https:\/\/www.globber.com\/ch\/de\/product\/go-bike-elite\/#primaryimage"},"image":{"@id":"https:\/\/www.globber.com\/ch\/de\/product\/go-bike-elite\/#primaryimage"},"thumbnailUrl":"https:\/\/cdn.globber.com\/content\/sites\/21\/2022\/11\/710-466_ft-q-R1_rgb.jpg","datePublished":"2022-11-28T14:03:06+00:00","dateModified":"2026-04-29T12:59:44+00:00","description":"Let those little feet have all the fun! Discover this toddler balance bike for 2-year-olds to learn balancing skills. An excellent choice for baby riders.","breadcrumb":{"@id":"https:\/\/www.globber.com\/ch\/de\/product\/go-bike-elite\/#breadcrumb"},"inLanguage":"de-CH","potentialAction":[{"@type":"ReadAction","target":["https:\/\/www.globber.com\/ch\/de\/product\/go-bike-elite\/"]}]},{"@type":"ImageObject","inLanguage":"de-CH","@id":"https:\/\/www.globber.com\/ch\/de\/product\/go-bike-elite\/#primaryimage","url":"https:\/\/cdn.globber.com\/content\/sites\/21\/2022\/11\/710-466_ft-q-R1_rgb.jpg","contentUrl":"https:\/\/cdn.globber.com\/content\/sites\/21\/2022\/11\/710-466_ft-q-R1_rgb.jpg","width":2048,"height":2048},{"@type":"BreadcrumbList","@id":"https:\/\/www.globber.com\/ch\/de\/product\/go-bike-elite\/#breadcrumb","itemListElement":[{"@type":"ListItem","position":1,"name":"Alle Produkte","item":"https:\/\/www.globber.com\/ch\/de\/shop-nach-produkt\/"},{"@type":"ListItem","position":2,"name":"GO BIKE ELITE"}]},{"@type":"WebSite","@id":"https:\/\/www.globber.com\/ch\/fr\/#website","url":"https:\/\/www.globber.com\/ch\/fr\/","name":"Globber Scooter Schweiz","description":"Der offizielle Online Shop","publisher":{"@id":"https:\/\/www.globber.com\/ch\/fr\/#organization"},"potentialAction":[{"@type":"SearchAction","target":{"@type":"EntryPoint","urlTemplate":"https:\/\/www.globber.com\/ch\/fr\/?s={search_term_string}"},"query-input":{"@type":"PropertyValueSpecification","valueRequired":true,"valueName":"search_term_string"}}],"inLanguage":"de-CH"},{"@type":"Organization","@id":"https:\/\/www.globber.com\/ch\/fr\/#organization","name":"Globber Scooter Schweiz","url":"https:\/\/www.globber.com\/ch\/fr\/","logo":{"@type":"ImageObject","inLanguage":"de-CH","@id":"https:\/\/www.globber.com\/ch\/fr\/#\/schema\/logo\/image\/","url":"https:\/\/cdn.globber.com\/content\/2024\/05\/logo.svg","contentUrl":"https:\/\/cdn.globber.com\/content\/2024\/05\/logo.svg","width":601,"height":112,"caption":"Globber Scooter Schweiz"},"image":{"@id":"https:\/\/www.globber.com\/ch\/fr\/#\/schema\/logo\/image\/"}}]},"og_availability":"instock","product_availability":"instock","product_retailer_item_id":"710-XXX","product_condition":"new"},"_links":{"self":[{"href":"https:\/\/www.globber.com\/ch\/de\/wp-json\/wp\/v2\/product\/5874","targetHints":{"allow":["GET"]}}],"collection":[{"href":"https:\/\/www.globber.com\/ch\/de\/wp-json\/wp\/v2\/product"}],"about":[{"href":"https:\/\/www.globber.com\/ch\/de\/wp-json\/wp\/v2\/types\/product"}],"replies":[{"embeddable":true,"href":"https:\/\/www.globber.com\/ch\/de\/wp-json\/wp\/v2\/comments?post=5874"}],"wp:featuredmedia":[{"embeddable":true,"href":"https:\/\/www.globber.com\/ch\/de\/wp-json\/wp\/v2\/media\/25444"}],"wp:attachment":[{"href":"https:\/\/www.globber.com\/ch\/de\/wp-json\/wp\/v2\/media?parent=5874"}],"wp:term":[{"taxonomy":"product-special-badges","embeddable":true,"href":"https:\/\/www.globber.com\/ch\/de\/wp-json\/wp\/v2\/product-special-badges?post=5874"},{"taxonomy":"product_brand","embeddable":true,"href":"https:\/\/www.globber.com\/ch\/de\/wp-json\/wp\/v2\/product_brand?post=5874"},{"taxonomy":"product_cat","embeddable":true,"href":"https:\/\/www.globber.com\/ch\/de\/wp-json\/wp\/v2\/product_cat?post=5874"},{"taxonomy":"product_tag","embeddable":true,"href":"https:\/\/www.globber.com\/ch\/de\/wp-json\/wp\/v2\/product_tag?post=5874"}],"curies":[{"name":"wp","href":"https:\/\/api.w.org\/{rel}","templated":true}]}}