{"id":5878,"date":"2022-11-28T15:03:16","date_gmt":"2022-11-28T14:03:16","guid":{"rendered":"http:\/\/staging.globberscooter.com\/ch\/product\/go-bike-elite-duo\/"},"modified":"2026-04-29T13:09:31","modified_gmt":"2026-04-29T11:09:31","slug":"go-bike-elite-duo","status":"publish","type":"product","link":"https:\/\/www.globber.com\/ch\/de\/product\/go-bike-elite-duo\/","title":{"rendered":"GO BIKE ELITE DUO"},"content":{"rendered":"<p>Freilaufender Spielspa\u00df f\u00fcr den ganzen Tag! Das GO BIKE ELITE DUO ist ein zu 100 % von Globber entwickeltes, verstellbares Balance-Bike f\u00fcr Kleinkinder (2-5 Jahre), auf dem die kleinen F\u00fc\u00dfe laufen und Spa\u00df haben k\u00f6nnen, w\u00e4hrend die Kleinen ihre Koordinations-, Lenk- und motorischen F\u00e4higkeiten verbessern.<\/p>\n<p>Das GO BIKE ELITE DUO in leuchtenden Farben verf\u00fcgt \u00fcber zwei hochwertige 10-Zoll-TPE-Hinterr\u00e4der, die Kleinkinder beim Erlernen des Gleichgewichts unterst\u00fctzen, einen robusten, langlebigen Rahmen mit Tragegriff und Fu\u00dfst\u00fctze, einen in zwei H\u00f6hen verstellbaren Sattel f\u00fcr zus\u00e4tzliche Langlebigkeit und einen weiteren Tragegriff, einen gebogenen Lenker und ein 100% werkzeugloses Globber-Design - alles f\u00fcr maximalen Komfort beim Fahren und Bewegen von Kleinkindern!<\/p>\n<p>&nbsp;<\/p>\n","protected":false},"excerpt":{"rendered":"<p><strong>Verstellbares Balance-Bike f\u00fcr Kleinkinder (2-5 Jahre)<\/strong><\/p>\n","protected":false},"featured_media":7169,"comment_status":"open","ping_status":"closed","template":"","meta":{"_acf_changed":false,"inline_featured_image":false},"product-special-badges":[],"product_brand":[],"product_cat":[4477,1693,1678],"product_tag":[],"class_list":{"0":"post-5878","1":"product","2":"type-product","3":"status-publish","4":"has-post-thumbnail","6":"product-badges-adjustable","7":"product-badges-dual-coloured","8":"product-badges-tool-less","9":"product_cat-kleinkinder-produkte","10":"product_cat-laufraeder","11":"product_cat-go-bike-serie","12":"pa_altersspanne-2-5j","13":"pa_color-pastel-pink","14":"pa_color-mint","15":"pa_ean-3261","16":"pa_ean-3262","17":"pa_einstellbar-ja","18":"pa_empfohlene-benutzerhoehe-85-105-cm","19":"pa_faltbar-no","20":"pa_groesse-der-raeder-254mm-10-zoll-hinten","21":"pa_groesse-der-raeder-254mm-10-zoll-vorne","22":"pa_material-der-rader-tpe","23":"pa_maximales-benutzergewicht-20kg","24":"pa_produktgewicht-netto-4-10kg","25":"pa_sitzhoehen-33-bis-42-cm-vom-boden-aus","27":"first","28":"instock","29":"purchasable","30":"product-type-variable"},"acf":[],"yoast_head":"<!-- This site is optimized with the Yoast SEO Premium plugin v20.12 (Yoast SEO v23.4) - https:\/\/yoast.com\/wordpress\/plugins\/seo\/ -->\n<title>Baby Balance Bike: GO BIKE ELITE DUO \u2013 Globber<\/title>\n<meta name=\"description\" content=\"Transition from two rear wheels to one as your child grows! This adjustable balance bike allows children to learn coordination safely. Check it out!\" \/>\n<meta name=\"robots\" content=\"index, follow, max-snippet:-1, max-image-preview:large, max-video-preview:-1\" \/>\n<link rel=\"canonical\" href=\"https:\/\/www.globber.com\/ch\/de\/product\/go-bike-elite-duo\/\" \/>\n<meta property=\"og:locale\" content=\"de_DE\" \/>\n<meta property=\"og:type\" content=\"article\" \/>\n<meta property=\"og:title\" content=\"Baby Balance Bike: GO BIKE ELITE DUO \u2013 Globber\" \/>\n<meta property=\"og:description\" content=\"Transition from two rear wheels to one as your child grows! This adjustable balance bike allows children to learn coordination safely. Check it out!\" \/>\n<meta property=\"og:url\" content=\"https:\/\/www.globber.com\/ch\/de\/product\/go-bike-elite-duo\/\" \/>\n<meta property=\"og:site_name\" content=\"Globber Scooter Schweiz\" \/>\n<meta property=\"article:modified_time\" content=\"2026-04-29T11:09:31+00:00\" \/>\n<meta property=\"og:image\" content=\"https:\/\/cdn.globber.com\/content\/2022\/12\/712-210_adjustable-toddler-balance-bike.jpg\" \/>\n\t<meta property=\"og:image:width\" content=\"1920\" \/>\n\t<meta property=\"og:image:height\" content=\"1920\" \/>\n\t<meta property=\"og:image:type\" content=\"image\/jpeg\" \/>\n<meta name=\"twitter:card\" content=\"summary_large_image\" \/>\n<meta name=\"twitter:label1\" content=\"Availability\" \/>\n\t<meta name=\"twitter:data1\" content=\"In stock\" \/>\n<script type=\"application\/ld+json\" class=\"yoast-schema-graph\">{\"@context\":\"https:\/\/schema.org\",\"@graph\":[{\"@type\":[\"WebPage\",\"ItemPage\"],\"@id\":\"https:\/\/www.globber.com\/ch\/de\/product\/go-bike-elite-duo\/\",\"url\":\"https:\/\/www.globber.com\/ch\/de\/product\/go-bike-elite-duo\/\",\"name\":\"Baby Balance Bike: GO BIKE ELITE DUO \u2013 Globber\",\"isPartOf\":{\"@id\":\"https:\/\/www.globber.com\/ch\/fr\/#website\"},\"primaryImageOfPage\":{\"@id\":\"https:\/\/www.globber.com\/ch\/de\/product\/go-bike-elite-duo\/#primaryimage\"},\"image\":{\"@id\":\"https:\/\/www.globber.com\/ch\/de\/product\/go-bike-elite-duo\/#primaryimage\"},\"thumbnailUrl\":\"https:\/\/cdn.globber.com\/content\/2022\/12\/712-210_adjustable-toddler-balance-bike.jpg\",\"datePublished\":\"2022-11-28T14:03:16+00:00\",\"dateModified\":\"2026-04-29T11:09:31+00:00\",\"description\":\"Transition from two rear wheels to one as your child grows! This adjustable balance bike allows children to learn coordination safely. Check it out!\",\"breadcrumb\":{\"@id\":\"https:\/\/www.globber.com\/ch\/de\/product\/go-bike-elite-duo\/#breadcrumb\"},\"inLanguage\":\"de-CH\",\"potentialAction\":[{\"@type\":\"ReadAction\",\"target\":[\"https:\/\/www.globber.com\/ch\/de\/product\/go-bike-elite-duo\/\"]}]},{\"@type\":\"ImageObject\",\"inLanguage\":\"de-CH\",\"@id\":\"https:\/\/www.globber.com\/ch\/de\/product\/go-bike-elite-duo\/#primaryimage\",\"url\":\"https:\/\/cdn.globber.com\/content\/2022\/12\/712-210_adjustable-toddler-balance-bike.jpg\",\"contentUrl\":\"https:\/\/cdn.globber.com\/content\/2022\/12\/712-210_adjustable-toddler-balance-bike.jpg\",\"width\":1920,\"height\":1920},{\"@type\":\"BreadcrumbList\",\"@id\":\"https:\/\/www.globber.com\/ch\/de\/product\/go-bike-elite-duo\/#breadcrumb\",\"itemListElement\":[{\"@type\":\"ListItem\",\"position\":1,\"name\":\"Alle Produkte\",\"item\":\"https:\/\/www.globber.com\/ch\/de\/shop-nach-produkt\/\"},{\"@type\":\"ListItem\",\"position\":2,\"name\":\"GO BIKE ELITE DUO\"}]},{\"@type\":\"WebSite\",\"@id\":\"https:\/\/www.globber.com\/ch\/fr\/#website\",\"url\":\"https:\/\/www.globber.com\/ch\/fr\/\",\"name\":\"Globber Scooter Schweiz\",\"description\":\"Der offizielle Online Shop\",\"publisher\":{\"@id\":\"https:\/\/www.globber.com\/ch\/fr\/#organization\"},\"potentialAction\":[{\"@type\":\"SearchAction\",\"target\":{\"@type\":\"EntryPoint\",\"urlTemplate\":\"https:\/\/www.globber.com\/ch\/fr\/?s={search_term_string}\"},\"query-input\":{\"@type\":\"PropertyValueSpecification\",\"valueRequired\":true,\"valueName\":\"search_term_string\"}}],\"inLanguage\":\"de-CH\"},{\"@type\":\"Organization\",\"@id\":\"https:\/\/www.globber.com\/ch\/fr\/#organization\",\"name\":\"Globber Scooter Schweiz\",\"url\":\"https:\/\/www.globber.com\/ch\/fr\/\",\"logo\":{\"@type\":\"ImageObject\",\"inLanguage\":\"de-CH\",\"@id\":\"https:\/\/www.globber.com\/ch\/fr\/#\/schema\/logo\/image\/\",\"url\":\"https:\/\/cdn.globber.com\/content\/2024\/05\/logo.svg\",\"contentUrl\":\"https:\/\/cdn.globber.com\/content\/2024\/05\/logo.svg\",\"width\":601,\"height\":112,\"caption\":\"Globber Scooter Schweiz\"},\"image\":{\"@id\":\"https:\/\/www.globber.com\/ch\/fr\/#\/schema\/logo\/image\/\"}}]}<\/script>\n<meta property=\"og:availability\" content=\"instock\" \/>\n<meta property=\"product:availability\" content=\"instock\" \/>\n<meta property=\"product:retailer_item_id\" content=\"712-XXX\" \/>\n<meta property=\"product:condition\" content=\"new\" \/>\n<!-- \/ Yoast SEO Premium plugin. -->","yoast_head_json":{"title":"Baby Balance Bike: GO BIKE ELITE DUO \u2013 Globber","description":"Transition from two rear wheels to one as your child grows! This adjustable balance bike allows children to learn coordination safely. Check it out!","robots":{"index":"index","follow":"follow","max-snippet":"max-snippet:-1","max-image-preview":"max-image-preview:large","max-video-preview":"max-video-preview:-1"},"canonical":"https:\/\/www.globber.com\/ch\/de\/product\/go-bike-elite-duo\/","og_locale":"de_DE","og_type":"article","og_title":"Baby Balance Bike: GO BIKE ELITE DUO \u2013 Globber","og_description":"Transition from two rear wheels to one as your child grows! This adjustable balance bike allows children to learn coordination safely. Check it out!","og_url":"https:\/\/www.globber.com\/ch\/de\/product\/go-bike-elite-duo\/","og_site_name":"Globber Scooter Schweiz","article_modified_time":"2026-04-29T11:09:31+00:00","og_image":[{"width":1920,"height":1920,"url":"https:\/\/cdn.globber.com\/content\/2022\/12\/712-210_adjustable-toddler-balance-bike.jpg","type":"image\/jpeg"}],"twitter_card":"summary_large_image","twitter_misc":{"Availability":"In stock"},"schema":{"@context":"https:\/\/schema.org","@graph":[{"@type":["WebPage","ItemPage"],"@id":"https:\/\/www.globber.com\/ch\/de\/product\/go-bike-elite-duo\/","url":"https:\/\/www.globber.com\/ch\/de\/product\/go-bike-elite-duo\/","name":"Baby Balance Bike: GO BIKE ELITE DUO \u2013 Globber","isPartOf":{"@id":"https:\/\/www.globber.com\/ch\/fr\/#website"},"primaryImageOfPage":{"@id":"https:\/\/www.globber.com\/ch\/de\/product\/go-bike-elite-duo\/#primaryimage"},"image":{"@id":"https:\/\/www.globber.com\/ch\/de\/product\/go-bike-elite-duo\/#primaryimage"},"thumbnailUrl":"https:\/\/cdn.globber.com\/content\/2022\/12\/712-210_adjustable-toddler-balance-bike.jpg","datePublished":"2022-11-28T14:03:16+00:00","dateModified":"2026-04-29T11:09:31+00:00","description":"Transition from two rear wheels to one as your child grows! This adjustable balance bike allows children to learn coordination safely. Check it out!","breadcrumb":{"@id":"https:\/\/www.globber.com\/ch\/de\/product\/go-bike-elite-duo\/#breadcrumb"},"inLanguage":"de-CH","potentialAction":[{"@type":"ReadAction","target":["https:\/\/www.globber.com\/ch\/de\/product\/go-bike-elite-duo\/"]}]},{"@type":"ImageObject","inLanguage":"de-CH","@id":"https:\/\/www.globber.com\/ch\/de\/product\/go-bike-elite-duo\/#primaryimage","url":"https:\/\/cdn.globber.com\/content\/2022\/12\/712-210_adjustable-toddler-balance-bike.jpg","contentUrl":"https:\/\/cdn.globber.com\/content\/2022\/12\/712-210_adjustable-toddler-balance-bike.jpg","width":1920,"height":1920},{"@type":"BreadcrumbList","@id":"https:\/\/www.globber.com\/ch\/de\/product\/go-bike-elite-duo\/#breadcrumb","itemListElement":[{"@type":"ListItem","position":1,"name":"Alle Produkte","item":"https:\/\/www.globber.com\/ch\/de\/shop-nach-produkt\/"},{"@type":"ListItem","position":2,"name":"GO BIKE ELITE DUO"}]},{"@type":"WebSite","@id":"https:\/\/www.globber.com\/ch\/fr\/#website","url":"https:\/\/www.globber.com\/ch\/fr\/","name":"Globber Scooter Schweiz","description":"Der offizielle Online Shop","publisher":{"@id":"https:\/\/www.globber.com\/ch\/fr\/#organization"},"potentialAction":[{"@type":"SearchAction","target":{"@type":"EntryPoint","urlTemplate":"https:\/\/www.globber.com\/ch\/fr\/?s={search_term_string}"},"query-input":{"@type":"PropertyValueSpecification","valueRequired":true,"valueName":"search_term_string"}}],"inLanguage":"de-CH"},{"@type":"Organization","@id":"https:\/\/www.globber.com\/ch\/fr\/#organization","name":"Globber Scooter Schweiz","url":"https:\/\/www.globber.com\/ch\/fr\/","logo":{"@type":"ImageObject","inLanguage":"de-CH","@id":"https:\/\/www.globber.com\/ch\/fr\/#\/schema\/logo\/image\/","url":"https:\/\/cdn.globber.com\/content\/2024\/05\/logo.svg","contentUrl":"https:\/\/cdn.globber.com\/content\/2024\/05\/logo.svg","width":601,"height":112,"caption":"Globber Scooter Schweiz"},"image":{"@id":"https:\/\/www.globber.com\/ch\/fr\/#\/schema\/logo\/image\/"}}]},"og_availability":"instock","product_availability":"instock","product_retailer_item_id":"712-XXX","product_condition":"new"},"_links":{"self":[{"href":"https:\/\/www.globber.com\/ch\/de\/wp-json\/wp\/v2\/product\/5878","targetHints":{"allow":["GET"]}}],"collection":[{"href":"https:\/\/www.globber.com\/ch\/de\/wp-json\/wp\/v2\/product"}],"about":[{"href":"https:\/\/www.globber.com\/ch\/de\/wp-json\/wp\/v2\/types\/product"}],"replies":[{"embeddable":true,"href":"https:\/\/www.globber.com\/ch\/de\/wp-json\/wp\/v2\/comments?post=5878"}],"wp:featuredmedia":[{"embeddable":true,"href":"https:\/\/www.globber.com\/ch\/de\/wp-json\/wp\/v2\/media\/7169"}],"wp:attachment":[{"href":"https:\/\/www.globber.com\/ch\/de\/wp-json\/wp\/v2\/media?parent=5878"}],"wp:term":[{"taxonomy":"product-special-badges","embeddable":true,"href":"https:\/\/www.globber.com\/ch\/de\/wp-json\/wp\/v2\/product-special-badges?post=5878"},{"taxonomy":"product_brand","embeddable":true,"href":"https:\/\/www.globber.com\/ch\/de\/wp-json\/wp\/v2\/product_brand?post=5878"},{"taxonomy":"product_cat","embeddable":true,"href":"https:\/\/www.globber.com\/ch\/de\/wp-json\/wp\/v2\/product_cat?post=5878"},{"taxonomy":"product_tag","embeddable":true,"href":"https:\/\/www.globber.com\/ch\/de\/wp-json\/wp\/v2\/product_tag?post=5878"}],"curies":[{"name":"wp","href":"https:\/\/api.w.org\/{rel}","templated":true}]}}