{"id":5893,"date":"2022-11-28T15:03:55","date_gmt":"2022-11-28T14:03:55","guid":{"rendered":"http:\/\/staging.globberscooter.com\/ch\/product\/junior-foldable-fantasy-lights\/"},"modified":"2026-04-29T14:58:36","modified_gmt":"2026-04-29T12:58:36","slug":"junior-foldable-fantasy-lights","status":"publish","type":"product","link":"https:\/\/www.globber.com\/ch\/de\/product\/junior-foldable-fantasy-lights\/","title":{"rendered":"Junior Foldable Fantasy Light"},"content":{"rendered":"<p data-start=\"0\" data-end=\"123\">Mit dem JUNIOR FOLDABLE FANTASY LIGHTS wird die Welt bunter, lustiger und farbenfroher! Speziell f\u00fcr Kleinkinder entwickelt, ist dieser Kleinkind-Scooter mit LED-Lichtern vollgepackt mit allen wichtigen Features unseres charakteristischen 3-Rad-Kinder-Scooters: coole Muster und Farben auf dem Deck, ein patentiertes Lenksperr- und Klappsystem mit Druckknopf, ein verstellbarer T-Lenker, der f\u00fcr 2-J\u00e4hrige neu gestaltet wurde, und batterielose LED-Vorderr\u00e4der, damit auch die Kleinsten beim Scooter-Spa\u00df mit dabei sind!<\/p>\n<p>&nbsp;<\/p>\n","protected":false},"excerpt":{"rendered":"<article class=\"text-token-text-primary w-full\" dir=\"auto\" data-testid=\"conversation-turn-258\" data-scroll-anchor=\"true\">\n<div class=\"text-base my-auto mx-auto py-5 [--thread-content-margin:--spacing(4)] @[37rem]:[--thread-content-margin:--spacing(6)] @[70rem]:[--thread-content-margin:--spacing(12)] px-(--thread-content-margin)\">\n<div class=\"[--thread-content-max-width:32rem] @[34rem]:[--thread-content-max-width:40rem] @[64rem]:[--thread-content-max-width:48rem] mx-auto flex max-w-(--thread-content-max-width) flex-1 text-base gap-4 md:gap-5 lg:gap-6 group\/turn-messages focus-visible:outline-hidden\">\n<div class=\"group\/conversation-turn relative flex w-full min-w-0 flex-col agent-turn\">\n<div class=\"relative flex-col gap-1 md:gap-3\">\n<div class=\"flex max-w-full flex-col grow\">\n<div class=\"min-h-8 text-message relative flex w-full flex-col items-end gap-2 text-start break-words whitespace-normal [.text-message+&amp;]:mt-5\" dir=\"auto\" data-message-author-role=\"assistant\" data-message-id=\"832e8840-4dd4-491e-9a0e-9f211678be79\" data-message-model-slug=\"gpt-4o\">\n<div class=\"flex w-full flex-col gap-1 empty:hidden first:pt-[3px]\">\n<div class=\"markdown prose dark:prose-invert w-full break-words light\">\n<p class=\"\" data-start=\"0\" data-end=\"52\"><strong data-start=\"0\" data-end=\"52\" data-is-last-node=\"\" data-is-only-node=\"\">Kleinkind-Scooter mit LED-Licht (ab 2 Jahren)<\/strong><\/p>\n<\/div>\n<\/div>\n<\/div>\n<\/div>\n<\/div>\n<\/div>\n<\/div>\n<\/div>\n<\/article>\n","protected":false},"featured_media":9466,"comment_status":"open","ping_status":"closed","template":"","meta":{"_acf_changed":false,"inline_featured_image":false},"product-special-badges":[],"product_brand":[],"product_cat":[4477,4360,1691,1696,1694,1679],"product_tag":[3988],"class_list":{"0":"post-5893","1":"product","2":"type-product","3":"status-publish","4":"has-post-thumbnail","6":"product-badges-light-up","7":"product-badges-adjustable","8":"product-badges-patterned","9":"product-badges-foldable","10":"product_cat-kleinkinder-produkte","11":"product_cat-3-raeder-kinder","12":"product_cat-3-rad-roller-fuer-alle-alter","13":"product_cat-faltbare-roller","14":"product_cat-licht-roller","15":"product_cat-junior-serie","16":"product_tag-import","17":"pa_altersspanne-2j-6j","18":"pa_bremsen-mechanische-hinterradbremse-zusammensetzung","19":"pa_color-blau","20":"pa_color-mint","21":"pa_color-rosa","22":"pa_deckmaterial-verbund-pp-faser-metall-rahmen","23":"pa_ean-3273","24":"pa_ean-3274","25":"pa_ean-3275","26":"pa_einstellbar-ja","27":"pa_empfohlene-benutzerhoehe-85-110-cm","28":"pa_faltbar-yes","29":"pa_groesse-der-raeder-121mm-vorne-24mm-breit","30":"pa_groesse-der-raeder-80mm-hinten-24mm-breit","31":"pa_grose-der-brucke-b-12-5cm-x-l-54-5cm","32":"pa_hohen-der-t-stangen-54-61-68cm-vom-boden-aus","33":"pa_material-der-rader-pu-guss-mit-hoher-rueckfederung","34":"pa_maximales-benutzergewicht-50kg","35":"pa_produktgewicht-netto-2-46kg","36":"pa_produkttyp-mini-scooter","38":"first","39":"instock","40":"taxable","41":"shipping-taxable","42":"purchasable","43":"product-type-variable"},"acf":[],"yoast_head":"<!-- This site is optimized with the Yoast SEO Premium plugin v20.12 (Yoast SEO v23.4) - https:\/\/yoast.com\/wordpress\/plugins\/seo\/ -->\n<title>Scooter for Toddlers: JUNIOR FOLDABLE FANTASY LIGHTS \u2013 Globber<\/title>\n<meta name=\"description\" content=\"Get a ride with dazzling patterns and vibrant colours to match your little adventurer! Discover the perfect foldable toddler scooter with LED lights.\" \/>\n<meta name=\"robots\" content=\"index, follow, max-snippet:-1, max-image-preview:large, max-video-preview:-1\" \/>\n<link rel=\"canonical\" href=\"https:\/\/www.globber.com\/ch\/de\/product\/junior-foldable-fantasy-lights\/\" \/>\n<meta property=\"og:locale\" content=\"de_DE\" \/>\n<meta property=\"og:type\" content=\"article\" \/>\n<meta property=\"og:title\" content=\"Scooter for Toddlers: JUNIOR FOLDABLE FANTASY LIGHTS \u2013 Globber\" \/>\n<meta property=\"og:description\" content=\"Get a ride with dazzling patterns and vibrant colours to match your little adventurer! Discover the perfect foldable toddler scooter with LED lights.\" \/>\n<meta property=\"og:url\" content=\"https:\/\/www.globber.com\/ch\/de\/product\/junior-foldable-fantasy-lights\/\" \/>\n<meta property=\"og:site_name\" content=\"Globber Scooter Schweiz\" \/>\n<meta property=\"article:modified_time\" content=\"2026-04-29T12:58:36+00:00\" \/>\n<meta property=\"og:image\" content=\"https:\/\/cdn.globber.com\/content\/2022\/11\/433-206_toddler-scooter-with-led-lights.jpg\" \/>\n\t<meta property=\"og:image:width\" content=\"2048\" \/>\n\t<meta property=\"og:image:height\" content=\"2048\" \/>\n\t<meta property=\"og:image:type\" content=\"image\/jpeg\" \/>\n<meta name=\"twitter:card\" content=\"summary_large_image\" \/>\n<meta name=\"twitter:label1\" content=\"Availability\" \/>\n\t<meta name=\"twitter:data1\" content=\"In stock\" \/>\n<script type=\"application\/ld+json\" class=\"yoast-schema-graph\">{\"@context\":\"https:\/\/schema.org\",\"@graph\":[{\"@type\":[\"WebPage\",\"ItemPage\"],\"@id\":\"https:\/\/www.globber.com\/ch\/de\/product\/junior-foldable-fantasy-lights\/\",\"url\":\"https:\/\/www.globber.com\/ch\/de\/product\/junior-foldable-fantasy-lights\/\",\"name\":\"Scooter for Toddlers: JUNIOR FOLDABLE FANTASY LIGHTS \u2013 Globber\",\"isPartOf\":{\"@id\":\"https:\/\/www.globber.com\/ch\/fr\/#website\"},\"primaryImageOfPage\":{\"@id\":\"https:\/\/www.globber.com\/ch\/de\/product\/junior-foldable-fantasy-lights\/#primaryimage\"},\"image\":{\"@id\":\"https:\/\/www.globber.com\/ch\/de\/product\/junior-foldable-fantasy-lights\/#primaryimage\"},\"thumbnailUrl\":\"https:\/\/cdn.globber.com\/content\/2022\/11\/433-206_toddler-scooter-with-led-lights.jpg\",\"datePublished\":\"2022-11-28T14:03:55+00:00\",\"dateModified\":\"2026-04-29T12:58:36+00:00\",\"description\":\"Get a ride with dazzling patterns and vibrant colours to match your little adventurer! Discover the perfect foldable toddler scooter with LED lights.\",\"breadcrumb\":{\"@id\":\"https:\/\/www.globber.com\/ch\/de\/product\/junior-foldable-fantasy-lights\/#breadcrumb\"},\"inLanguage\":\"de-CH\",\"potentialAction\":[{\"@type\":\"ReadAction\",\"target\":[\"https:\/\/www.globber.com\/ch\/de\/product\/junior-foldable-fantasy-lights\/\"]}]},{\"@type\":\"ImageObject\",\"inLanguage\":\"de-CH\",\"@id\":\"https:\/\/www.globber.com\/ch\/de\/product\/junior-foldable-fantasy-lights\/#primaryimage\",\"url\":\"https:\/\/cdn.globber.com\/content\/2022\/11\/433-206_toddler-scooter-with-led-lights.jpg\",\"contentUrl\":\"https:\/\/cdn.globber.com\/content\/2022\/11\/433-206_toddler-scooter-with-led-lights.jpg\",\"width\":2048,\"height\":2048},{\"@type\":\"BreadcrumbList\",\"@id\":\"https:\/\/www.globber.com\/ch\/de\/product\/junior-foldable-fantasy-lights\/#breadcrumb\",\"itemListElement\":[{\"@type\":\"ListItem\",\"position\":1,\"name\":\"Alle Produkte\",\"item\":\"https:\/\/www.globber.com\/ch\/de\/shop-nach-produkt\/\"},{\"@type\":\"ListItem\",\"position\":2,\"name\":\"Junior Foldable Fantasy Light\"}]},{\"@type\":\"WebSite\",\"@id\":\"https:\/\/www.globber.com\/ch\/fr\/#website\",\"url\":\"https:\/\/www.globber.com\/ch\/fr\/\",\"name\":\"Globber Scooter Schweiz\",\"description\":\"Der offizielle Online Shop\",\"publisher\":{\"@id\":\"https:\/\/www.globber.com\/ch\/fr\/#organization\"},\"potentialAction\":[{\"@type\":\"SearchAction\",\"target\":{\"@type\":\"EntryPoint\",\"urlTemplate\":\"https:\/\/www.globber.com\/ch\/fr\/?s={search_term_string}\"},\"query-input\":{\"@type\":\"PropertyValueSpecification\",\"valueRequired\":true,\"valueName\":\"search_term_string\"}}],\"inLanguage\":\"de-CH\"},{\"@type\":\"Organization\",\"@id\":\"https:\/\/www.globber.com\/ch\/fr\/#organization\",\"name\":\"Globber Scooter Schweiz\",\"url\":\"https:\/\/www.globber.com\/ch\/fr\/\",\"logo\":{\"@type\":\"ImageObject\",\"inLanguage\":\"de-CH\",\"@id\":\"https:\/\/www.globber.com\/ch\/fr\/#\/schema\/logo\/image\/\",\"url\":\"https:\/\/cdn.globber.com\/content\/2024\/05\/logo.svg\",\"contentUrl\":\"https:\/\/cdn.globber.com\/content\/2024\/05\/logo.svg\",\"width\":601,\"height\":112,\"caption\":\"Globber Scooter Schweiz\"},\"image\":{\"@id\":\"https:\/\/www.globber.com\/ch\/fr\/#\/schema\/logo\/image\/\"}}]}<\/script>\n<meta property=\"og:availability\" content=\"instock\" \/>\n<meta property=\"product:availability\" content=\"instock\" \/>\n<meta property=\"product:retailer_item_id\" content=\"433-XXX\" \/>\n<meta property=\"product:condition\" content=\"new\" \/>\n<!-- \/ Yoast SEO Premium plugin. -->","yoast_head_json":{"title":"Scooter for Toddlers: JUNIOR FOLDABLE FANTASY LIGHTS \u2013 Globber","description":"Get a ride with dazzling patterns and vibrant colours to match your little adventurer! Discover the perfect foldable toddler scooter with LED lights.","robots":{"index":"index","follow":"follow","max-snippet":"max-snippet:-1","max-image-preview":"max-image-preview:large","max-video-preview":"max-video-preview:-1"},"canonical":"https:\/\/www.globber.com\/ch\/de\/product\/junior-foldable-fantasy-lights\/","og_locale":"de_DE","og_type":"article","og_title":"Scooter for Toddlers: JUNIOR FOLDABLE FANTASY LIGHTS \u2013 Globber","og_description":"Get a ride with dazzling patterns and vibrant colours to match your little adventurer! Discover the perfect foldable toddler scooter with LED lights.","og_url":"https:\/\/www.globber.com\/ch\/de\/product\/junior-foldable-fantasy-lights\/","og_site_name":"Globber Scooter Schweiz","article_modified_time":"2026-04-29T12:58:36+00:00","og_image":[{"width":2048,"height":2048,"url":"https:\/\/cdn.globber.com\/content\/2022\/11\/433-206_toddler-scooter-with-led-lights.jpg","type":"image\/jpeg"}],"twitter_card":"summary_large_image","twitter_misc":{"Availability":"In stock"},"schema":{"@context":"https:\/\/schema.org","@graph":[{"@type":["WebPage","ItemPage"],"@id":"https:\/\/www.globber.com\/ch\/de\/product\/junior-foldable-fantasy-lights\/","url":"https:\/\/www.globber.com\/ch\/de\/product\/junior-foldable-fantasy-lights\/","name":"Scooter for Toddlers: JUNIOR FOLDABLE FANTASY LIGHTS \u2013 Globber","isPartOf":{"@id":"https:\/\/www.globber.com\/ch\/fr\/#website"},"primaryImageOfPage":{"@id":"https:\/\/www.globber.com\/ch\/de\/product\/junior-foldable-fantasy-lights\/#primaryimage"},"image":{"@id":"https:\/\/www.globber.com\/ch\/de\/product\/junior-foldable-fantasy-lights\/#primaryimage"},"thumbnailUrl":"https:\/\/cdn.globber.com\/content\/2022\/11\/433-206_toddler-scooter-with-led-lights.jpg","datePublished":"2022-11-28T14:03:55+00:00","dateModified":"2026-04-29T12:58:36+00:00","description":"Get a ride with dazzling patterns and vibrant colours to match your little adventurer! Discover the perfect foldable toddler scooter with LED lights.","breadcrumb":{"@id":"https:\/\/www.globber.com\/ch\/de\/product\/junior-foldable-fantasy-lights\/#breadcrumb"},"inLanguage":"de-CH","potentialAction":[{"@type":"ReadAction","target":["https:\/\/www.globber.com\/ch\/de\/product\/junior-foldable-fantasy-lights\/"]}]},{"@type":"ImageObject","inLanguage":"de-CH","@id":"https:\/\/www.globber.com\/ch\/de\/product\/junior-foldable-fantasy-lights\/#primaryimage","url":"https:\/\/cdn.globber.com\/content\/2022\/11\/433-206_toddler-scooter-with-led-lights.jpg","contentUrl":"https:\/\/cdn.globber.com\/content\/2022\/11\/433-206_toddler-scooter-with-led-lights.jpg","width":2048,"height":2048},{"@type":"BreadcrumbList","@id":"https:\/\/www.globber.com\/ch\/de\/product\/junior-foldable-fantasy-lights\/#breadcrumb","itemListElement":[{"@type":"ListItem","position":1,"name":"Alle Produkte","item":"https:\/\/www.globber.com\/ch\/de\/shop-nach-produkt\/"},{"@type":"ListItem","position":2,"name":"Junior Foldable Fantasy Light"}]},{"@type":"WebSite","@id":"https:\/\/www.globber.com\/ch\/fr\/#website","url":"https:\/\/www.globber.com\/ch\/fr\/","name":"Globber Scooter Schweiz","description":"Der offizielle Online Shop","publisher":{"@id":"https:\/\/www.globber.com\/ch\/fr\/#organization"},"potentialAction":[{"@type":"SearchAction","target":{"@type":"EntryPoint","urlTemplate":"https:\/\/www.globber.com\/ch\/fr\/?s={search_term_string}"},"query-input":{"@type":"PropertyValueSpecification","valueRequired":true,"valueName":"search_term_string"}}],"inLanguage":"de-CH"},{"@type":"Organization","@id":"https:\/\/www.globber.com\/ch\/fr\/#organization","name":"Globber Scooter Schweiz","url":"https:\/\/www.globber.com\/ch\/fr\/","logo":{"@type":"ImageObject","inLanguage":"de-CH","@id":"https:\/\/www.globber.com\/ch\/fr\/#\/schema\/logo\/image\/","url":"https:\/\/cdn.globber.com\/content\/2024\/05\/logo.svg","contentUrl":"https:\/\/cdn.globber.com\/content\/2024\/05\/logo.svg","width":601,"height":112,"caption":"Globber Scooter Schweiz"},"image":{"@id":"https:\/\/www.globber.com\/ch\/fr\/#\/schema\/logo\/image\/"}}]},"og_availability":"instock","product_availability":"instock","product_retailer_item_id":"433-XXX","product_condition":"new"},"_links":{"self":[{"href":"https:\/\/www.globber.com\/ch\/de\/wp-json\/wp\/v2\/product\/5893","targetHints":{"allow":["GET"]}}],"collection":[{"href":"https:\/\/www.globber.com\/ch\/de\/wp-json\/wp\/v2\/product"}],"about":[{"href":"https:\/\/www.globber.com\/ch\/de\/wp-json\/wp\/v2\/types\/product"}],"replies":[{"embeddable":true,"href":"https:\/\/www.globber.com\/ch\/de\/wp-json\/wp\/v2\/comments?post=5893"}],"wp:featuredmedia":[{"embeddable":true,"href":"https:\/\/www.globber.com\/ch\/de\/wp-json\/wp\/v2\/media\/9466"}],"wp:attachment":[{"href":"https:\/\/www.globber.com\/ch\/de\/wp-json\/wp\/v2\/media?parent=5893"}],"wp:term":[{"taxonomy":"product-special-badges","embeddable":true,"href":"https:\/\/www.globber.com\/ch\/de\/wp-json\/wp\/v2\/product-special-badges?post=5893"},{"taxonomy":"product_brand","embeddable":true,"href":"https:\/\/www.globber.com\/ch\/de\/wp-json\/wp\/v2\/product_brand?post=5893"},{"taxonomy":"product_cat","embeddable":true,"href":"https:\/\/www.globber.com\/ch\/de\/wp-json\/wp\/v2\/product_cat?post=5893"},{"taxonomy":"product_tag","embeddable":true,"href":"https:\/\/www.globber.com\/ch\/de\/wp-json\/wp\/v2\/product_tag?post=5893"}],"curies":[{"name":"wp","href":"https:\/\/api.w.org\/{rel}","templated":true}]}}