{"id":5896,"date":"2022-11-28T15:04:02","date_gmt":"2022-11-28T14:04:02","guid":{"rendered":"http:\/\/staging.globberscooter.com\/ch\/product\/junior-foldable-lights-ecologic\/"},"modified":"2026-03-02T08:51:14","modified_gmt":"2026-03-02T07:51:14","slug":"junior-foldable-lights-ecologic","status":"publish","type":"product","link":"https:\/\/www.globber.com\/ch\/de\/product\/junior-foldable-lights-ecologic\/","title":{"rendered":"JUNIOR Foldable Lights Eco"},"content":{"rendered":"<p data-start=\"0\" data-end=\"266\">Eine gr\u00fcnere Welt auf drei R\u00e4dern: JUNIOR FOLDABLE LIGHTS ECOLOGIC hilft Familien weltweit, nachhaltige Werte zu leben und bewusste Entscheidungen zu treffen. Es wird aus 60\u202f% GRS-zertifiziertem Recyclingkunststoff und biologisch abbaubarem Weizenstroh* hergestellt.<\/p>\n<p data-start=\"268\" data-end=\"606\">Ein 3-Rad-\u00d6ko-Scooter f\u00fcr Kleinkinder mit patentiertem Lenksperr- und Klappsystem sowie einem h\u00f6henverstellbaren T-Lenker \u2013 ideal f\u00fcr Kinder ab zwei Jahren. Der JUNIOR FOLDABLE LIGHTS ECOLOGIC bietet die gleiche Stabilit\u00e4t wie das ikonische Original, verwendet jedoch mehr umweltfreundliche Materialien f\u00fcr eine geringere Umweltbelastung.<\/p>\n<p data-start=\"608\" data-end=\"841\">Mit Spass designt: JUNIOR FOLDABLE LIGHTS ECOLOGIC ist zudem mit batterielosen LED-R\u00e4dern ausgestattet, die durch die erneuerbare, kinetische Energie deines Kindes betrieben werden \u2013 je schneller sie fahren, desto heller leuchten sie!<\/p>\n<p data-start=\"843\" data-end=\"897\">Geniesst gemeinsame Zeit und umweltfreundliche Fahrten!<\/p>\n<p data-start=\"899\" data-end=\"1009\">JUNIOR FOLDABLE LIGHTS ECOLOGIC wird aus 60\u202f% GRS-Kunststoff und biologisch abbaubarem Weizenstroh* gefertigt.<\/p>\n<p data-start=\"1011\" data-end=\"1243\">GRS ist ein internationales Protokoll, das den Recyclinganteil in Endprodukten verifiziert. Durch die Nutzung von GRS-Kunststoff werden Tonnen von Abfall aus Deponien ferngehalten und die Umweltauswirkungen der Produktion reduziert.<\/p>\n<p data-start=\"1245\" data-end=\"1452\">Weizenstroh ist ein biobasierter Kunststoff, der zu 100\u202f% erneuerbar ist. Die Verwendung von Weizenstroh tr\u00e4gt zur Abfallvermeidung bei, ist biologisch abbaubar und unterst\u00fctzt den Abbau anderer Kunststoffe.<\/p>\n<p data-start=\"1454\" data-end=\"1482\">W\u00e4hle Globber. W\u00e4hle gr\u00fcner!<\/p>\n<p data-start=\"1484\" data-end=\"1523\">*In ausgew\u00e4hlten Komponenten enthalten.<\/p>\n","protected":false},"excerpt":{"rendered":"<article class=\"text-token-text-primary w-full\" dir=\"auto\" data-testid=\"conversation-turn-322\" data-scroll-anchor=\"true\">\n<div class=\"text-base my-auto mx-auto py-5 [--thread-content-margin:--spacing(4)] @[37rem]:[--thread-content-margin:--spacing(6)] @[70rem]:[--thread-content-margin:--spacing(12)] px-(--thread-content-margin)\">\n<div class=\"[--thread-content-max-width:32rem] @[34rem]:[--thread-content-max-width:40rem] @[64rem]:[--thread-content-max-width:48rem] mx-auto flex max-w-(--thread-content-max-width) flex-1 text-base gap-4 md:gap-5 lg:gap-6 group\/turn-messages focus-visible:outline-hidden\">\n<div class=\"group\/conversation-turn relative flex w-full min-w-0 flex-col agent-turn\">\n<div class=\"relative flex-col gap-1 md:gap-3\">\n<div class=\"flex max-w-full flex-col grow\">\n<div class=\"min-h-8 text-message relative flex w-full flex-col items-end gap-2 text-start break-words whitespace-normal [.text-message+&amp;]:mt-5\" dir=\"auto\" data-message-author-role=\"assistant\" data-message-id=\"e3f29be9-268e-4321-9446-4fc6d844fe8d\" data-message-model-slug=\"gpt-4o\">\n<div class=\"flex w-full flex-col gap-1 empty:hidden first:pt-[3px]\">\n<div class=\"markdown prose dark:prose-invert w-full break-words light\">\n<p class=\"\" data-start=\"0\" data-end=\"107\">3-Rad-\u00d6ko-Scooter f\u00fcr Kleinkinder (ab 2 Jahren), hergestellt aus 60\u202f% GRS- und pflanzenbasiertem Kunststoff<\/p>\n<\/div>\n<\/div>\n<\/div>\n<\/div>\n<\/div>\n<\/div>\n<\/div>\n<\/div>\n<\/article>\n","protected":false},"featured_media":5289,"comment_status":"open","ping_status":"closed","template":"","meta":{"_acf_changed":false,"inline_featured_image":false},"product-special-badges":[],"product_brand":[],"product_cat":[4477,4360,1691,1696,1694,1680,1679],"product_tag":[3988],"class_list":{"0":"post-5896","1":"product","2":"type-product","3":"status-publish","4":"has-post-thumbnail","6":"product-badges-light-up","7":"product-badges-sustainable","8":"product-badges-adjustable","9":"product-badges-foldable","10":"product_cat-kleinkinder-produkte","11":"product_cat-3-raeder-kinder","12":"product_cat-3-rad-roller-fuer-alle-alter","13":"product_cat-faltbare-roller","14":"product_cat-licht-roller","15":"product_cat-ecologic-kollektion","16":"product_cat-junior-serie","17":"product_tag-import","18":"pa_altersspanne-2j-6j","19":"pa_bremsen-mechanische-hinterradbremse-zusammensetzung","20":"pa_color-coconut","21":"pa_color-mint","22":"pa_color-orange","23":"pa_color-rosa","24":"pa_deckmaterial-60-grs-kunststoff-biologisch-abbaubar-weizenstroh-pp-faser-metallrahmen","25":"pa_ean-3278","26":"pa_ean-3276","27":"pa_ean-3277","28":"pa_ean-6070","29":"pa_einstellbar-ja","30":"pa_empfohlene-benutzerhoehe-85-110-cm","31":"pa_faltbar-yes","32":"pa_groesse-der-raeder-121mm-vorne-24mm-breit","33":"pa_groesse-der-raeder-80mm-hinten-24mm-breit","34":"pa_grose-der-brucke-b-12-5cm-x-l-54-5cm","35":"pa_hohen-der-t-stangen-54-cm-61-cm-und-68-cm-vom-boden-aus","36":"pa_material-der-rader-pu-guss-mit-hoher-rueckfederung","37":"pa_maximales-benutzergewicht-50kg","38":"pa_produktgewicht-netto-2-53kg","39":"pa_produkttyp-mini-scooter","41":"first","42":"instock","43":"taxable","44":"shipping-taxable","45":"purchasable","46":"product-type-variable"},"acf":[],"yoast_head":"<!-- This site is optimized with the Yoast SEO Premium plugin v20.12 (Yoast SEO v23.4) - https:\/\/yoast.com\/wordpress\/plugins\/seo\/ -->\n<title>Eco-Friendly Scooter: JUNIOR FOLDABLE LIGHTS ECOLOGIC \u2013 Globber<\/title>\n<meta name=\"description\" content=\"Live by your own eco values and choices: Made with recycled plastic, this eco-friendly scooter for toddlers brings hours of fun. Go Globber. Go greener!\" \/>\n<meta name=\"robots\" content=\"index, follow, max-snippet:-1, max-image-preview:large, max-video-preview:-1\" \/>\n<link rel=\"canonical\" href=\"https:\/\/www.globber.com\/ch\/de\/product\/junior-foldable-lights-ecologic\/\" \/>\n<meta property=\"og:locale\" content=\"de_DE\" \/>\n<meta property=\"og:type\" content=\"article\" \/>\n<meta property=\"og:title\" content=\"Eco-Friendly Scooter: JUNIOR FOLDABLE LIGHTS ECOLOGIC \u2013 Globber\" \/>\n<meta property=\"og:description\" content=\"Live by your own eco values and choices: Made with recycled plastic, this eco-friendly scooter for toddlers brings hours of fun. Go Globber. Go greener!\" \/>\n<meta property=\"og:url\" content=\"https:\/\/www.globber.com\/ch\/de\/product\/junior-foldable-lights-ecologic\/\" \/>\n<meta property=\"og:site_name\" content=\"Globber Scooter Schweiz\" \/>\n<meta property=\"article:modified_time\" content=\"2026-03-02T07:51:14+00:00\" \/>\n<meta property=\"og:image\" content=\"https:\/\/cdn.globber.com\/content\/2022\/11\/6383b4272d0e6.jpg\" \/>\n\t<meta property=\"og:image:width\" content=\"1920\" \/>\n\t<meta property=\"og:image:height\" content=\"1920\" \/>\n\t<meta property=\"og:image:type\" content=\"image\/jpeg\" \/>\n<meta name=\"twitter:card\" content=\"summary_large_image\" \/>\n<meta name=\"twitter:label1\" content=\"Availability\" \/>\n\t<meta name=\"twitter:data1\" content=\"In stock\" \/>\n<script type=\"application\/ld+json\" class=\"yoast-schema-graph\">{\"@context\":\"https:\/\/schema.org\",\"@graph\":[{\"@type\":[\"WebPage\",\"ItemPage\"],\"@id\":\"https:\/\/www.globber.com\/ch\/de\/product\/junior-foldable-lights-ecologic\/\",\"url\":\"https:\/\/www.globber.com\/ch\/de\/product\/junior-foldable-lights-ecologic\/\",\"name\":\"Eco-Friendly Scooter: JUNIOR FOLDABLE LIGHTS ECOLOGIC \u2013 Globber\",\"isPartOf\":{\"@id\":\"https:\/\/www.globber.com\/ch\/fr\/#website\"},\"primaryImageOfPage\":{\"@id\":\"https:\/\/www.globber.com\/ch\/de\/product\/junior-foldable-lights-ecologic\/#primaryimage\"},\"image\":{\"@id\":\"https:\/\/www.globber.com\/ch\/de\/product\/junior-foldable-lights-ecologic\/#primaryimage\"},\"thumbnailUrl\":\"https:\/\/cdn.globber.com\/content\/2022\/11\/6383b4272d0e6.jpg\",\"datePublished\":\"2022-11-28T14:04:02+00:00\",\"dateModified\":\"2026-03-02T07:51:14+00:00\",\"description\":\"Live by your own eco values and choices: Made with recycled plastic, this eco-friendly scooter for toddlers brings hours of fun. Go Globber. Go greener!\",\"breadcrumb\":{\"@id\":\"https:\/\/www.globber.com\/ch\/de\/product\/junior-foldable-lights-ecologic\/#breadcrumb\"},\"inLanguage\":\"de-CH\",\"potentialAction\":[{\"@type\":\"ReadAction\",\"target\":[\"https:\/\/www.globber.com\/ch\/de\/product\/junior-foldable-lights-ecologic\/\"]}]},{\"@type\":\"ImageObject\",\"inLanguage\":\"de-CH\",\"@id\":\"https:\/\/www.globber.com\/ch\/de\/product\/junior-foldable-lights-ecologic\/#primaryimage\",\"url\":\"https:\/\/cdn.globber.com\/content\/2022\/11\/6383b4272d0e6.jpg\",\"contentUrl\":\"https:\/\/cdn.globber.com\/content\/2022\/11\/6383b4272d0e6.jpg\",\"width\":1920,\"height\":1920},{\"@type\":\"BreadcrumbList\",\"@id\":\"https:\/\/www.globber.com\/ch\/de\/product\/junior-foldable-lights-ecologic\/#breadcrumb\",\"itemListElement\":[{\"@type\":\"ListItem\",\"position\":1,\"name\":\"Alle Produkte\",\"item\":\"https:\/\/www.globber.com\/ch\/de\/shop-nach-produkt\/\"},{\"@type\":\"ListItem\",\"position\":2,\"name\":\"JUNIOR Foldable Lights Eco\"}]},{\"@type\":\"WebSite\",\"@id\":\"https:\/\/www.globber.com\/ch\/fr\/#website\",\"url\":\"https:\/\/www.globber.com\/ch\/fr\/\",\"name\":\"Globber Scooter Schweiz\",\"description\":\"Der offizielle Online Shop\",\"publisher\":{\"@id\":\"https:\/\/www.globber.com\/ch\/fr\/#organization\"},\"potentialAction\":[{\"@type\":\"SearchAction\",\"target\":{\"@type\":\"EntryPoint\",\"urlTemplate\":\"https:\/\/www.globber.com\/ch\/fr\/?s={search_term_string}\"},\"query-input\":{\"@type\":\"PropertyValueSpecification\",\"valueRequired\":true,\"valueName\":\"search_term_string\"}}],\"inLanguage\":\"de-CH\"},{\"@type\":\"Organization\",\"@id\":\"https:\/\/www.globber.com\/ch\/fr\/#organization\",\"name\":\"Globber Scooter Schweiz\",\"url\":\"https:\/\/www.globber.com\/ch\/fr\/\",\"logo\":{\"@type\":\"ImageObject\",\"inLanguage\":\"de-CH\",\"@id\":\"https:\/\/www.globber.com\/ch\/fr\/#\/schema\/logo\/image\/\",\"url\":\"https:\/\/cdn.globber.com\/content\/2024\/05\/logo.svg\",\"contentUrl\":\"https:\/\/cdn.globber.com\/content\/2024\/05\/logo.svg\",\"width\":601,\"height\":112,\"caption\":\"Globber Scooter Schweiz\"},\"image\":{\"@id\":\"https:\/\/www.globber.com\/ch\/fr\/#\/schema\/logo\/image\/\"}}]}<\/script>\n<meta property=\"og:availability\" content=\"instock\" \/>\n<meta property=\"product:availability\" content=\"instock\" \/>\n<meta property=\"product:retailer_item_id\" content=\"692-XXX\" \/>\n<meta property=\"product:condition\" content=\"new\" \/>\n<!-- \/ Yoast SEO Premium plugin. -->","yoast_head_json":{"title":"Eco-Friendly Scooter: JUNIOR FOLDABLE LIGHTS ECOLOGIC \u2013 Globber","description":"Live by your own eco values and choices: Made with recycled plastic, this eco-friendly scooter for toddlers brings hours of fun. Go Globber. Go greener!","robots":{"index":"index","follow":"follow","max-snippet":"max-snippet:-1","max-image-preview":"max-image-preview:large","max-video-preview":"max-video-preview:-1"},"canonical":"https:\/\/www.globber.com\/ch\/de\/product\/junior-foldable-lights-ecologic\/","og_locale":"de_DE","og_type":"article","og_title":"Eco-Friendly Scooter: JUNIOR FOLDABLE LIGHTS ECOLOGIC \u2013 Globber","og_description":"Live by your own eco values and choices: Made with recycled plastic, this eco-friendly scooter for toddlers brings hours of fun. Go Globber. Go greener!","og_url":"https:\/\/www.globber.com\/ch\/de\/product\/junior-foldable-lights-ecologic\/","og_site_name":"Globber Scooter Schweiz","article_modified_time":"2026-03-02T07:51:14+00:00","og_image":[{"width":1920,"height":1920,"url":"https:\/\/cdn.globber.com\/content\/2022\/11\/6383b4272d0e6.jpg","type":"image\/jpeg"}],"twitter_card":"summary_large_image","twitter_misc":{"Availability":"In stock"},"schema":{"@context":"https:\/\/schema.org","@graph":[{"@type":["WebPage","ItemPage"],"@id":"https:\/\/www.globber.com\/ch\/de\/product\/junior-foldable-lights-ecologic\/","url":"https:\/\/www.globber.com\/ch\/de\/product\/junior-foldable-lights-ecologic\/","name":"Eco-Friendly Scooter: JUNIOR FOLDABLE LIGHTS ECOLOGIC \u2013 Globber","isPartOf":{"@id":"https:\/\/www.globber.com\/ch\/fr\/#website"},"primaryImageOfPage":{"@id":"https:\/\/www.globber.com\/ch\/de\/product\/junior-foldable-lights-ecologic\/#primaryimage"},"image":{"@id":"https:\/\/www.globber.com\/ch\/de\/product\/junior-foldable-lights-ecologic\/#primaryimage"},"thumbnailUrl":"https:\/\/cdn.globber.com\/content\/2022\/11\/6383b4272d0e6.jpg","datePublished":"2022-11-28T14:04:02+00:00","dateModified":"2026-03-02T07:51:14+00:00","description":"Live by your own eco values and choices: Made with recycled plastic, this eco-friendly scooter for toddlers brings hours of fun. Go Globber. Go greener!","breadcrumb":{"@id":"https:\/\/www.globber.com\/ch\/de\/product\/junior-foldable-lights-ecologic\/#breadcrumb"},"inLanguage":"de-CH","potentialAction":[{"@type":"ReadAction","target":["https:\/\/www.globber.com\/ch\/de\/product\/junior-foldable-lights-ecologic\/"]}]},{"@type":"ImageObject","inLanguage":"de-CH","@id":"https:\/\/www.globber.com\/ch\/de\/product\/junior-foldable-lights-ecologic\/#primaryimage","url":"https:\/\/cdn.globber.com\/content\/2022\/11\/6383b4272d0e6.jpg","contentUrl":"https:\/\/cdn.globber.com\/content\/2022\/11\/6383b4272d0e6.jpg","width":1920,"height":1920},{"@type":"BreadcrumbList","@id":"https:\/\/www.globber.com\/ch\/de\/product\/junior-foldable-lights-ecologic\/#breadcrumb","itemListElement":[{"@type":"ListItem","position":1,"name":"Alle Produkte","item":"https:\/\/www.globber.com\/ch\/de\/shop-nach-produkt\/"},{"@type":"ListItem","position":2,"name":"JUNIOR Foldable Lights Eco"}]},{"@type":"WebSite","@id":"https:\/\/www.globber.com\/ch\/fr\/#website","url":"https:\/\/www.globber.com\/ch\/fr\/","name":"Globber Scooter Schweiz","description":"Der offizielle Online Shop","publisher":{"@id":"https:\/\/www.globber.com\/ch\/fr\/#organization"},"potentialAction":[{"@type":"SearchAction","target":{"@type":"EntryPoint","urlTemplate":"https:\/\/www.globber.com\/ch\/fr\/?s={search_term_string}"},"query-input":{"@type":"PropertyValueSpecification","valueRequired":true,"valueName":"search_term_string"}}],"inLanguage":"de-CH"},{"@type":"Organization","@id":"https:\/\/www.globber.com\/ch\/fr\/#organization","name":"Globber Scooter Schweiz","url":"https:\/\/www.globber.com\/ch\/fr\/","logo":{"@type":"ImageObject","inLanguage":"de-CH","@id":"https:\/\/www.globber.com\/ch\/fr\/#\/schema\/logo\/image\/","url":"https:\/\/cdn.globber.com\/content\/2024\/05\/logo.svg","contentUrl":"https:\/\/cdn.globber.com\/content\/2024\/05\/logo.svg","width":601,"height":112,"caption":"Globber Scooter Schweiz"},"image":{"@id":"https:\/\/www.globber.com\/ch\/fr\/#\/schema\/logo\/image\/"}}]},"og_availability":"instock","product_availability":"instock","product_retailer_item_id":"692-XXX","product_condition":"new"},"_links":{"self":[{"href":"https:\/\/www.globber.com\/ch\/de\/wp-json\/wp\/v2\/product\/5896","targetHints":{"allow":["GET"]}}],"collection":[{"href":"https:\/\/www.globber.com\/ch\/de\/wp-json\/wp\/v2\/product"}],"about":[{"href":"https:\/\/www.globber.com\/ch\/de\/wp-json\/wp\/v2\/types\/product"}],"replies":[{"embeddable":true,"href":"https:\/\/www.globber.com\/ch\/de\/wp-json\/wp\/v2\/comments?post=5896"}],"wp:featuredmedia":[{"embeddable":true,"href":"https:\/\/www.globber.com\/ch\/de\/wp-json\/wp\/v2\/media\/5289"}],"wp:attachment":[{"href":"https:\/\/www.globber.com\/ch\/de\/wp-json\/wp\/v2\/media?parent=5896"}],"wp:term":[{"taxonomy":"product-special-badges","embeddable":true,"href":"https:\/\/www.globber.com\/ch\/de\/wp-json\/wp\/v2\/product-special-badges?post=5896"},{"taxonomy":"product_brand","embeddable":true,"href":"https:\/\/www.globber.com\/ch\/de\/wp-json\/wp\/v2\/product_brand?post=5896"},{"taxonomy":"product_cat","embeddable":true,"href":"https:\/\/www.globber.com\/ch\/de\/wp-json\/wp\/v2\/product_cat?post=5896"},{"taxonomy":"product_tag","embeddable":true,"href":"https:\/\/www.globber.com\/ch\/de\/wp-json\/wp\/v2\/product_tag?post=5896"}],"curies":[{"name":"wp","href":"https:\/\/api.w.org\/{rel}","templated":true}]}}