{"id":5913,"date":"2022-11-28T15:04:46","date_gmt":"2022-11-28T14:04:46","guid":{"rendered":"http:\/\/staging.globberscooter.com\/ch\/product\/primo\/"},"modified":"2025-10-23T14:28:59","modified_gmt":"2025-10-23T12:28:59","slug":"primo","status":"publish","type":"product","link":"https:\/\/www.globber.com\/ch\/de\/product\/primo\/","title":{"rendered":"Primo"},"content":{"rendered":"<p class=\"p1\">Bereiten Sie Ihre Kinder auf das spa\u00dfigste Scoot-Abenteuer vor! PRIMO liefert die bestbewerteten 3-Rad-Scooter f\u00fcr Kinder im Alter von 3 bis 7+, die sowohl nachhaltig als auch langlebig sind. Vom Preis-Leistungs-Verh\u00e4ltnis bis zu den Funktionen sorgt PRIMO f\u00fcr tolle Scooting-Tage \u2013 alles, was Sie f\u00fcr das Scooting brauchen, ist hier!<\/p>\n<p class=\"p1\">Ein voll ausgestatteter 3-Rad-Scooter mit Globber\u2019s patentiertem Lenksperrsystem, einem 3-fach h\u00f6henverstellbarer Lenker und einem robusten Scooter-Deck. PRIMO hilft Kindern, sicher Gleichgewicht und Koordinationsf\u00e4higkeiten zu entwickeln, w\u00e4hrend sie all den Spa\u00df beim Scooten erleben!<\/p>\n","protected":false},"excerpt":{"rendered":"<p class=\"p1\"><strong>3-Rad-Scooter f\u00fcr Kinder (ab 3 Jahren bis 7 Jahre)<\/strong><\/p>\n","protected":false},"featured_media":5189,"comment_status":"open","ping_status":"closed","template":"","meta":{"_acf_changed":false,"inline_featured_image":false},"product-special-badges":[],"product_brand":[],"product_cat":[4360,1681,1691,399],"product_tag":[3988],"class_list":{"0":"post-5913","1":"product","2":"type-product","3":"status-publish","4":"has-post-thumbnail","6":"product-badges-adjustable","7":"product-badges-anti-slip","8":"product_cat-3-raeder-kinder","9":"product_cat-primo-serie","10":"product_cat-3-rad-roller-fuer-alle-alter","11":"product_cat-scooter-fuer-kinder","12":"product_tag-import","13":"pa_altersspanne-3j-7j","14":"pa_bremsen-mechanische-hinterradbremse-zusammensetzung","15":"pa_color-pink","16":"pa_deckmaterial-verbundwerkstoff-pp-faser-nylon","17":"pa_ean-3298","18":"pa_einstellbar-ja","19":"pa_empfohlene-benutzerhoehe-95-120-cm","20":"pa_faltbar-no","21":"pa_groesse-der-raeder-121mm-vorne-24mm-breit","22":"pa_groesse-der-raeder-80mm-hinten-24mm-breit","23":"pa_grose-der-brucke-b-11-5cm-x-l-54-5cm","24":"pa_hohen-der-t-stangen-67-5-72-5-77-5-cm-vom-boden-aus","25":"pa_material-der-rader-pu-guss-mit-hoher-rueckfederung","26":"pa_maximales-benutzergewicht-50kg","27":"pa_produktgewicht-netto-2-33kg","29":"first","30":"instock","31":"taxable","32":"shipping-taxable","33":"purchasable","34":"product-type-variable"},"acf":[],"yoast_head":"<!-- This site is optimized with the Yoast SEO Premium plugin v20.12 (Yoast SEO v23.4) - https:\/\/yoast.com\/wordpress\/plugins\/seo\/ -->\n<title>Scooter for 3-Year-Olds: PRIMO \u2013 Globber<\/title>\n<meta name=\"description\" content=\"Recommended for kids just starting to scoot! This fantastic 3-wheel scooter is the perfect blend of fun and safety. Get this great gift for your young kid!\" \/>\n<meta name=\"robots\" content=\"index, follow, max-snippet:-1, max-image-preview:large, max-video-preview:-1\" \/>\n<link rel=\"canonical\" href=\"https:\/\/www.globber.com\/ch\/de\/product\/primo\/\" \/>\n<meta property=\"og:locale\" content=\"de_DE\" \/>\n<meta property=\"og:type\" content=\"article\" \/>\n<meta property=\"og:title\" content=\"Scooter for 3-Year-Olds: PRIMO \u2013 Globber\" \/>\n<meta property=\"og:description\" content=\"Recommended for kids just starting to scoot! This fantastic 3-wheel scooter is the perfect blend of fun and safety. Get this great gift for your young kid!\" \/>\n<meta property=\"og:url\" content=\"https:\/\/www.globber.com\/ch\/de\/product\/primo\/\" \/>\n<meta property=\"og:site_name\" content=\"Globber Scooter Schweiz\" \/>\n<meta property=\"article:modified_time\" content=\"2025-10-23T12:28:59+00:00\" \/>\n<meta property=\"og:image\" content=\"https:\/\/cdn.globber.com\/content\/2022\/11\/6383b17ca6f13.jpg\" \/>\n\t<meta property=\"og:image:width\" content=\"1920\" \/>\n\t<meta property=\"og:image:height\" content=\"1920\" \/>\n\t<meta property=\"og:image:type\" content=\"image\/jpeg\" \/>\n<meta name=\"twitter:card\" content=\"summary_large_image\" \/>\n<meta name=\"twitter:label1\" content=\"Availability\" \/>\n\t<meta name=\"twitter:data1\" content=\"In stock\" \/>\n<script type=\"application\/ld+json\" class=\"yoast-schema-graph\">{\"@context\":\"https:\/\/schema.org\",\"@graph\":[{\"@type\":[\"WebPage\",\"ItemPage\"],\"@id\":\"https:\/\/www.globber.com\/ch\/de\/product\/primo\/\",\"url\":\"https:\/\/www.globber.com\/ch\/de\/product\/primo\/\",\"name\":\"Scooter for 3-Year-Olds: PRIMO \u2013 Globber\",\"isPartOf\":{\"@id\":\"https:\/\/www.globber.com\/ch\/fr\/#website\"},\"primaryImageOfPage\":{\"@id\":\"https:\/\/www.globber.com\/ch\/de\/product\/primo\/#primaryimage\"},\"image\":{\"@id\":\"https:\/\/www.globber.com\/ch\/de\/product\/primo\/#primaryimage\"},\"thumbnailUrl\":\"https:\/\/cdn.globber.com\/content\/2022\/11\/6383b17ca6f13.jpg\",\"datePublished\":\"2022-11-28T14:04:46+00:00\",\"dateModified\":\"2025-10-23T12:28:59+00:00\",\"description\":\"Recommended for kids just starting to scoot! This fantastic 3-wheel scooter is the perfect blend of fun and safety. Get this great gift for your young kid!\",\"breadcrumb\":{\"@id\":\"https:\/\/www.globber.com\/ch\/de\/product\/primo\/#breadcrumb\"},\"inLanguage\":\"de-CH\",\"potentialAction\":[{\"@type\":\"ReadAction\",\"target\":[\"https:\/\/www.globber.com\/ch\/de\/product\/primo\/\"]}]},{\"@type\":\"ImageObject\",\"inLanguage\":\"de-CH\",\"@id\":\"https:\/\/www.globber.com\/ch\/de\/product\/primo\/#primaryimage\",\"url\":\"https:\/\/cdn.globber.com\/content\/2022\/11\/6383b17ca6f13.jpg\",\"contentUrl\":\"https:\/\/cdn.globber.com\/content\/2022\/11\/6383b17ca6f13.jpg\",\"width\":1920,\"height\":1920},{\"@type\":\"BreadcrumbList\",\"@id\":\"https:\/\/www.globber.com\/ch\/de\/product\/primo\/#breadcrumb\",\"itemListElement\":[{\"@type\":\"ListItem\",\"position\":1,\"name\":\"Alle Produkte\",\"item\":\"https:\/\/www.globber.com\/ch\/de\/shop-nach-produkt\/\"},{\"@type\":\"ListItem\",\"position\":2,\"name\":\"Primo\"}]},{\"@type\":\"WebSite\",\"@id\":\"https:\/\/www.globber.com\/ch\/fr\/#website\",\"url\":\"https:\/\/www.globber.com\/ch\/fr\/\",\"name\":\"Globber Scooter Schweiz\",\"description\":\"Der offizielle Online Shop\",\"publisher\":{\"@id\":\"https:\/\/www.globber.com\/ch\/fr\/#organization\"},\"potentialAction\":[{\"@type\":\"SearchAction\",\"target\":{\"@type\":\"EntryPoint\",\"urlTemplate\":\"https:\/\/www.globber.com\/ch\/fr\/?s={search_term_string}\"},\"query-input\":{\"@type\":\"PropertyValueSpecification\",\"valueRequired\":true,\"valueName\":\"search_term_string\"}}],\"inLanguage\":\"de-CH\"},{\"@type\":\"Organization\",\"@id\":\"https:\/\/www.globber.com\/ch\/fr\/#organization\",\"name\":\"Globber Scooter Schweiz\",\"url\":\"https:\/\/www.globber.com\/ch\/fr\/\",\"logo\":{\"@type\":\"ImageObject\",\"inLanguage\":\"de-CH\",\"@id\":\"https:\/\/www.globber.com\/ch\/fr\/#\/schema\/logo\/image\/\",\"url\":\"https:\/\/cdn.globber.com\/content\/2024\/05\/logo.svg\",\"contentUrl\":\"https:\/\/cdn.globber.com\/content\/2024\/05\/logo.svg\",\"width\":601,\"height\":112,\"caption\":\"Globber Scooter Schweiz\"},\"image\":{\"@id\":\"https:\/\/www.globber.com\/ch\/fr\/#\/schema\/logo\/image\/\"}}]}<\/script>\n<meta property=\"og:availability\" content=\"instock\" \/>\n<meta property=\"product:availability\" content=\"instock\" \/>\n<meta property=\"product:retailer_item_id\" content=\"422-XXX-3\" \/>\n<meta property=\"product:condition\" content=\"new\" \/>\n<!-- \/ Yoast SEO Premium plugin. -->","yoast_head_json":{"title":"Scooter for 3-Year-Olds: PRIMO \u2013 Globber","description":"Recommended for kids just starting to scoot! This fantastic 3-wheel scooter is the perfect blend of fun and safety. Get this great gift for your young kid!","robots":{"index":"index","follow":"follow","max-snippet":"max-snippet:-1","max-image-preview":"max-image-preview:large","max-video-preview":"max-video-preview:-1"},"canonical":"https:\/\/www.globber.com\/ch\/de\/product\/primo\/","og_locale":"de_DE","og_type":"article","og_title":"Scooter for 3-Year-Olds: PRIMO \u2013 Globber","og_description":"Recommended for kids just starting to scoot! This fantastic 3-wheel scooter is the perfect blend of fun and safety. Get this great gift for your young kid!","og_url":"https:\/\/www.globber.com\/ch\/de\/product\/primo\/","og_site_name":"Globber Scooter Schweiz","article_modified_time":"2025-10-23T12:28:59+00:00","og_image":[{"width":1920,"height":1920,"url":"https:\/\/cdn.globber.com\/content\/2022\/11\/6383b17ca6f13.jpg","type":"image\/jpeg"}],"twitter_card":"summary_large_image","twitter_misc":{"Availability":"In stock"},"schema":{"@context":"https:\/\/schema.org","@graph":[{"@type":["WebPage","ItemPage"],"@id":"https:\/\/www.globber.com\/ch\/de\/product\/primo\/","url":"https:\/\/www.globber.com\/ch\/de\/product\/primo\/","name":"Scooter for 3-Year-Olds: PRIMO \u2013 Globber","isPartOf":{"@id":"https:\/\/www.globber.com\/ch\/fr\/#website"},"primaryImageOfPage":{"@id":"https:\/\/www.globber.com\/ch\/de\/product\/primo\/#primaryimage"},"image":{"@id":"https:\/\/www.globber.com\/ch\/de\/product\/primo\/#primaryimage"},"thumbnailUrl":"https:\/\/cdn.globber.com\/content\/2022\/11\/6383b17ca6f13.jpg","datePublished":"2022-11-28T14:04:46+00:00","dateModified":"2025-10-23T12:28:59+00:00","description":"Recommended for kids just starting to scoot! This fantastic 3-wheel scooter is the perfect blend of fun and safety. Get this great gift for your young kid!","breadcrumb":{"@id":"https:\/\/www.globber.com\/ch\/de\/product\/primo\/#breadcrumb"},"inLanguage":"de-CH","potentialAction":[{"@type":"ReadAction","target":["https:\/\/www.globber.com\/ch\/de\/product\/primo\/"]}]},{"@type":"ImageObject","inLanguage":"de-CH","@id":"https:\/\/www.globber.com\/ch\/de\/product\/primo\/#primaryimage","url":"https:\/\/cdn.globber.com\/content\/2022\/11\/6383b17ca6f13.jpg","contentUrl":"https:\/\/cdn.globber.com\/content\/2022\/11\/6383b17ca6f13.jpg","width":1920,"height":1920},{"@type":"BreadcrumbList","@id":"https:\/\/www.globber.com\/ch\/de\/product\/primo\/#breadcrumb","itemListElement":[{"@type":"ListItem","position":1,"name":"Alle Produkte","item":"https:\/\/www.globber.com\/ch\/de\/shop-nach-produkt\/"},{"@type":"ListItem","position":2,"name":"Primo"}]},{"@type":"WebSite","@id":"https:\/\/www.globber.com\/ch\/fr\/#website","url":"https:\/\/www.globber.com\/ch\/fr\/","name":"Globber Scooter Schweiz","description":"Der offizielle Online Shop","publisher":{"@id":"https:\/\/www.globber.com\/ch\/fr\/#organization"},"potentialAction":[{"@type":"SearchAction","target":{"@type":"EntryPoint","urlTemplate":"https:\/\/www.globber.com\/ch\/fr\/?s={search_term_string}"},"query-input":{"@type":"PropertyValueSpecification","valueRequired":true,"valueName":"search_term_string"}}],"inLanguage":"de-CH"},{"@type":"Organization","@id":"https:\/\/www.globber.com\/ch\/fr\/#organization","name":"Globber Scooter Schweiz","url":"https:\/\/www.globber.com\/ch\/fr\/","logo":{"@type":"ImageObject","inLanguage":"de-CH","@id":"https:\/\/www.globber.com\/ch\/fr\/#\/schema\/logo\/image\/","url":"https:\/\/cdn.globber.com\/content\/2024\/05\/logo.svg","contentUrl":"https:\/\/cdn.globber.com\/content\/2024\/05\/logo.svg","width":601,"height":112,"caption":"Globber Scooter Schweiz"},"image":{"@id":"https:\/\/www.globber.com\/ch\/fr\/#\/schema\/logo\/image\/"}}]},"og_availability":"instock","product_availability":"instock","product_retailer_item_id":"422-XXX-3","product_condition":"new"},"_links":{"self":[{"href":"https:\/\/www.globber.com\/ch\/de\/wp-json\/wp\/v2\/product\/5913","targetHints":{"allow":["GET"]}}],"collection":[{"href":"https:\/\/www.globber.com\/ch\/de\/wp-json\/wp\/v2\/product"}],"about":[{"href":"https:\/\/www.globber.com\/ch\/de\/wp-json\/wp\/v2\/types\/product"}],"replies":[{"embeddable":true,"href":"https:\/\/www.globber.com\/ch\/de\/wp-json\/wp\/v2\/comments?post=5913"}],"wp:featuredmedia":[{"embeddable":true,"href":"https:\/\/www.globber.com\/ch\/de\/wp-json\/wp\/v2\/media\/5189"}],"wp:attachment":[{"href":"https:\/\/www.globber.com\/ch\/de\/wp-json\/wp\/v2\/media?parent=5913"}],"wp:term":[{"taxonomy":"product-special-badges","embeddable":true,"href":"https:\/\/www.globber.com\/ch\/de\/wp-json\/wp\/v2\/product-special-badges?post=5913"},{"taxonomy":"product_brand","embeddable":true,"href":"https:\/\/www.globber.com\/ch\/de\/wp-json\/wp\/v2\/product_brand?post=5913"},{"taxonomy":"product_cat","embeddable":true,"href":"https:\/\/www.globber.com\/ch\/de\/wp-json\/wp\/v2\/product_cat?post=5913"},{"taxonomy":"product_tag","embeddable":true,"href":"https:\/\/www.globber.com\/ch\/de\/wp-json\/wp\/v2\/product_tag?post=5913"}],"curies":[{"name":"wp","href":"https:\/\/api.w.org\/{rel}","templated":true}]}}