{"id":5918,"date":"2022-11-28T15:05:00","date_gmt":"2022-11-28T14:05:00","guid":{"rendered":"http:\/\/staging.globberscooter.com\/ch\/product\/primo-lights\/"},"modified":"2026-04-20T22:58:05","modified_gmt":"2026-04-20T20:58:05","slug":"primo-lights-1","status":"publish","type":"product","link":"https:\/\/www.globber.com\/ch\/de\/product\/primo-lights-1\/","title":{"rendered":"Primo Lights"},"content":{"rendered":"<p class=\"p1\">Machen Sie Ihre Kinder bereit f\u00fcr das aufregendste Scooter-Abenteuer! PRIMO LIGHTS bietet die besten 3-Rad-Lichterscooter f\u00fcr Kinder im Alter von 3-7+, die sowohl nachhaltig als auch langlebig sind. Vom Preis bis zu den Funktionen \u2013 genie\u00dfen Sie gro\u00dfartige Scooting-Tage, PRIMO bietet alles, was Ihr Kind f\u00fcr jede Menge Spa\u00df auf dem Scooter braucht!<\/p>\n<p class=\"p1\">Ein funktionseffizienter 3-Rad-Lichterscooter mit dem patentierten Lenksystem von Globber, einem 3-fach h\u00f6henverstellbaren Lenker und einem robusten Deck. PRIMO hilft Kindern, sicher Balance und Koordination zu entwickeln, w\u00e4hrend sie sich beim Scooten vergn\u00fcgen!<\/p>\n","protected":false},"excerpt":{"rendered":"<p class=\"p1\"><strong>3-Rad-Leuchtroller f\u00fcr Kinder (ab 3 bis 7 Jahren)<\/strong><\/p>\n","protected":false},"featured_media":5584,"comment_status":"open","ping_status":"closed","template":"","meta":{"_acf_changed":false,"inline_featured_image":false},"product-special-badges":[6275],"product_brand":[],"product_cat":[6274,4360,1681,1691,1694,399],"product_tag":[3988],"class_list":{"0":"post-5918","1":"product","2":"type-product","3":"status-publish","4":"has-post-thumbnail","6":"product-badges-light-up","7":"product-badges-adjustable","8":"product-badges-anti-slip","9":"product_cat-sale","10":"product_cat-3-raeder-kinder","11":"product_cat-primo-serie","12":"product_cat-3-rad-roller-fuer-alle-alter","13":"product_cat-licht-roller","14":"product_cat-scooter-fuer-kinder","15":"product_tag-import","16":"pa_altersspanne-3j-7j","17":"pa_bremsen-mechanische-hinterradbremse-zusammensetzung","18":"pa_color-hellblau","19":"pa_color-gruen","20":"pa_deckmaterial-verbundwerkstoff-pp-faser-nylon","21":"pa_ean-3301","22":"pa_ean-4022","23":"pa_einstellbar-ja","24":"pa_empfohlene-benutzerhoehe-95-120-cm","25":"pa_faltbar-no","26":"pa_groesse-der-raeder-121mm-vorne-24mm-breit","27":"pa_groesse-der-raeder-80mm-hinten-24mm-breit","28":"pa_grose-der-brucke-b-11-5cm-x-l-54-5cm","29":"pa_hohen-der-t-stangen-67-5-72-5-77-5-cm-vom-boden-aus","30":"pa_material-der-rader-pu-guss-mit-hoher-rueckfederung","31":"pa_maximales-benutzergewicht-50kg","32":"pa_produktgewicht-netto-2-33kg","34":"first","35":"instock","36":"sale","37":"taxable","38":"shipping-taxable","39":"purchasable","40":"product-type-variable"},"acf":[],"yoast_head":"<!-- This site is optimized with the Yoast SEO Premium plugin v20.12 (Yoast SEO v23.4) - https:\/\/yoast.com\/wordpress\/plugins\/seo\/ -->\n<title>Scooter with Light-Up wheels: PRIMO LIGHTS \u2013 Globber<\/title>\n<meta name=\"description\" content=\"The faster you go, the brighter you glow! Browse the coolest light-up scooter for 3-year-olds and up, to enjoy unlimited scooting fun. Find out more!\" \/>\n<meta name=\"robots\" content=\"index, follow, max-snippet:-1, max-image-preview:large, max-video-preview:-1\" \/>\n<link rel=\"canonical\" href=\"https:\/\/www.globber.com\/ch\/de\/product\/primo-lights-1\/\" \/>\n<meta property=\"og:locale\" content=\"de_DE\" \/>\n<meta property=\"og:type\" content=\"article\" \/>\n<meta property=\"og:title\" content=\"Scooter with Light-Up wheels: PRIMO LIGHTS \u2013 Globber\" \/>\n<meta property=\"og:description\" content=\"The faster you go, the brighter you glow! Browse the coolest light-up scooter for 3-year-olds and up, to enjoy unlimited scooting fun. Find out more!\" \/>\n<meta property=\"og:url\" content=\"https:\/\/www.globber.com\/ch\/de\/product\/primo-lights-1\/\" \/>\n<meta property=\"og:site_name\" content=\"Globber Scooter Schweiz\" \/>\n<meta property=\"article:modified_time\" content=\"2026-04-20T20:58:05+00:00\" \/>\n<meta property=\"og:image\" content=\"https:\/\/cdn.globber.com\/content\/2022\/11\/6383bbf40914e.jpg\" \/>\n\t<meta property=\"og:image:width\" content=\"1920\" \/>\n\t<meta property=\"og:image:height\" content=\"1920\" \/>\n\t<meta property=\"og:image:type\" content=\"image\/jpeg\" \/>\n<meta name=\"twitter:card\" content=\"summary_large_image\" \/>\n<meta name=\"twitter:label1\" content=\"Availability\" \/>\n\t<meta name=\"twitter:data1\" content=\"In stock\" \/>\n<script type=\"application\/ld+json\" class=\"yoast-schema-graph\">{\"@context\":\"https:\/\/schema.org\",\"@graph\":[{\"@type\":[\"WebPage\",\"ItemPage\"],\"@id\":\"https:\/\/www.globber.com\/ch\/de\/product\/primo-lights-1\/\",\"url\":\"https:\/\/www.globber.com\/ch\/de\/product\/primo-lights-1\/\",\"name\":\"Scooter with Light-Up wheels: PRIMO LIGHTS \u2013 Globber\",\"isPartOf\":{\"@id\":\"https:\/\/www.globber.com\/ch\/fr\/#website\"},\"primaryImageOfPage\":{\"@id\":\"https:\/\/www.globber.com\/ch\/de\/product\/primo-lights-1\/#primaryimage\"},\"image\":{\"@id\":\"https:\/\/www.globber.com\/ch\/de\/product\/primo-lights-1\/#primaryimage\"},\"thumbnailUrl\":\"https:\/\/cdn.globber.com\/content\/2022\/11\/6383bbf40914e.jpg\",\"datePublished\":\"2022-11-28T14:05:00+00:00\",\"dateModified\":\"2026-04-20T20:58:05+00:00\",\"description\":\"The faster you go, the brighter you glow! Browse the coolest light-up scooter for 3-year-olds and up, to enjoy unlimited scooting fun. Find out more!\",\"breadcrumb\":{\"@id\":\"https:\/\/www.globber.com\/ch\/de\/product\/primo-lights-1\/#breadcrumb\"},\"inLanguage\":\"de-CH\",\"potentialAction\":[{\"@type\":\"ReadAction\",\"target\":[\"https:\/\/www.globber.com\/ch\/de\/product\/primo-lights-1\/\"]}]},{\"@type\":\"ImageObject\",\"inLanguage\":\"de-CH\",\"@id\":\"https:\/\/www.globber.com\/ch\/de\/product\/primo-lights-1\/#primaryimage\",\"url\":\"https:\/\/cdn.globber.com\/content\/2022\/11\/6383bbf40914e.jpg\",\"contentUrl\":\"https:\/\/cdn.globber.com\/content\/2022\/11\/6383bbf40914e.jpg\",\"width\":1920,\"height\":1920},{\"@type\":\"BreadcrumbList\",\"@id\":\"https:\/\/www.globber.com\/ch\/de\/product\/primo-lights-1\/#breadcrumb\",\"itemListElement\":[{\"@type\":\"ListItem\",\"position\":1,\"name\":\"Alle Produkte\",\"item\":\"https:\/\/www.globber.com\/ch\/de\/shop-nach-produkt\/\"},{\"@type\":\"ListItem\",\"position\":2,\"name\":\"Primo Lights\"}]},{\"@type\":\"WebSite\",\"@id\":\"https:\/\/www.globber.com\/ch\/fr\/#website\",\"url\":\"https:\/\/www.globber.com\/ch\/fr\/\",\"name\":\"Globber Scooter Schweiz\",\"description\":\"Der offizielle Online Shop\",\"publisher\":{\"@id\":\"https:\/\/www.globber.com\/ch\/fr\/#organization\"},\"potentialAction\":[{\"@type\":\"SearchAction\",\"target\":{\"@type\":\"EntryPoint\",\"urlTemplate\":\"https:\/\/www.globber.com\/ch\/fr\/?s={search_term_string}\"},\"query-input\":{\"@type\":\"PropertyValueSpecification\",\"valueRequired\":true,\"valueName\":\"search_term_string\"}}],\"inLanguage\":\"de-CH\"},{\"@type\":\"Organization\",\"@id\":\"https:\/\/www.globber.com\/ch\/fr\/#organization\",\"name\":\"Globber Scooter Schweiz\",\"url\":\"https:\/\/www.globber.com\/ch\/fr\/\",\"logo\":{\"@type\":\"ImageObject\",\"inLanguage\":\"de-CH\",\"@id\":\"https:\/\/www.globber.com\/ch\/fr\/#\/schema\/logo\/image\/\",\"url\":\"https:\/\/cdn.globber.com\/content\/2024\/05\/logo.svg\",\"contentUrl\":\"https:\/\/cdn.globber.com\/content\/2024\/05\/logo.svg\",\"width\":601,\"height\":112,\"caption\":\"Globber Scooter Schweiz\"},\"image\":{\"@id\":\"https:\/\/www.globber.com\/ch\/fr\/#\/schema\/logo\/image\/\"}}]}<\/script>\n<meta property=\"og:availability\" content=\"instock\" \/>\n<meta property=\"product:availability\" content=\"instock\" \/>\n<meta property=\"product:retailer_item_id\" content=\"423-XXX-3\" \/>\n<meta property=\"product:condition\" content=\"new\" \/>\n<!-- \/ Yoast SEO Premium plugin. -->","yoast_head_json":{"title":"Scooter with Light-Up wheels: PRIMO LIGHTS \u2013 Globber","description":"The faster you go, the brighter you glow! Browse the coolest light-up scooter for 3-year-olds and up, to enjoy unlimited scooting fun. Find out more!","robots":{"index":"index","follow":"follow","max-snippet":"max-snippet:-1","max-image-preview":"max-image-preview:large","max-video-preview":"max-video-preview:-1"},"canonical":"https:\/\/www.globber.com\/ch\/de\/product\/primo-lights-1\/","og_locale":"de_DE","og_type":"article","og_title":"Scooter with Light-Up wheels: PRIMO LIGHTS \u2013 Globber","og_description":"The faster you go, the brighter you glow! Browse the coolest light-up scooter for 3-year-olds and up, to enjoy unlimited scooting fun. Find out more!","og_url":"https:\/\/www.globber.com\/ch\/de\/product\/primo-lights-1\/","og_site_name":"Globber Scooter Schweiz","article_modified_time":"2026-04-20T20:58:05+00:00","og_image":[{"width":1920,"height":1920,"url":"https:\/\/cdn.globber.com\/content\/2022\/11\/6383bbf40914e.jpg","type":"image\/jpeg"}],"twitter_card":"summary_large_image","twitter_misc":{"Availability":"In stock"},"schema":{"@context":"https:\/\/schema.org","@graph":[{"@type":["WebPage","ItemPage"],"@id":"https:\/\/www.globber.com\/ch\/de\/product\/primo-lights-1\/","url":"https:\/\/www.globber.com\/ch\/de\/product\/primo-lights-1\/","name":"Scooter with Light-Up wheels: PRIMO LIGHTS \u2013 Globber","isPartOf":{"@id":"https:\/\/www.globber.com\/ch\/fr\/#website"},"primaryImageOfPage":{"@id":"https:\/\/www.globber.com\/ch\/de\/product\/primo-lights-1\/#primaryimage"},"image":{"@id":"https:\/\/www.globber.com\/ch\/de\/product\/primo-lights-1\/#primaryimage"},"thumbnailUrl":"https:\/\/cdn.globber.com\/content\/2022\/11\/6383bbf40914e.jpg","datePublished":"2022-11-28T14:05:00+00:00","dateModified":"2026-04-20T20:58:05+00:00","description":"The faster you go, the brighter you glow! Browse the coolest light-up scooter for 3-year-olds and up, to enjoy unlimited scooting fun. Find out more!","breadcrumb":{"@id":"https:\/\/www.globber.com\/ch\/de\/product\/primo-lights-1\/#breadcrumb"},"inLanguage":"de-CH","potentialAction":[{"@type":"ReadAction","target":["https:\/\/www.globber.com\/ch\/de\/product\/primo-lights-1\/"]}]},{"@type":"ImageObject","inLanguage":"de-CH","@id":"https:\/\/www.globber.com\/ch\/de\/product\/primo-lights-1\/#primaryimage","url":"https:\/\/cdn.globber.com\/content\/2022\/11\/6383bbf40914e.jpg","contentUrl":"https:\/\/cdn.globber.com\/content\/2022\/11\/6383bbf40914e.jpg","width":1920,"height":1920},{"@type":"BreadcrumbList","@id":"https:\/\/www.globber.com\/ch\/de\/product\/primo-lights-1\/#breadcrumb","itemListElement":[{"@type":"ListItem","position":1,"name":"Alle Produkte","item":"https:\/\/www.globber.com\/ch\/de\/shop-nach-produkt\/"},{"@type":"ListItem","position":2,"name":"Primo Lights"}]},{"@type":"WebSite","@id":"https:\/\/www.globber.com\/ch\/fr\/#website","url":"https:\/\/www.globber.com\/ch\/fr\/","name":"Globber Scooter Schweiz","description":"Der offizielle Online Shop","publisher":{"@id":"https:\/\/www.globber.com\/ch\/fr\/#organization"},"potentialAction":[{"@type":"SearchAction","target":{"@type":"EntryPoint","urlTemplate":"https:\/\/www.globber.com\/ch\/fr\/?s={search_term_string}"},"query-input":{"@type":"PropertyValueSpecification","valueRequired":true,"valueName":"search_term_string"}}],"inLanguage":"de-CH"},{"@type":"Organization","@id":"https:\/\/www.globber.com\/ch\/fr\/#organization","name":"Globber Scooter Schweiz","url":"https:\/\/www.globber.com\/ch\/fr\/","logo":{"@type":"ImageObject","inLanguage":"de-CH","@id":"https:\/\/www.globber.com\/ch\/fr\/#\/schema\/logo\/image\/","url":"https:\/\/cdn.globber.com\/content\/2024\/05\/logo.svg","contentUrl":"https:\/\/cdn.globber.com\/content\/2024\/05\/logo.svg","width":601,"height":112,"caption":"Globber Scooter Schweiz"},"image":{"@id":"https:\/\/www.globber.com\/ch\/fr\/#\/schema\/logo\/image\/"}}]},"og_availability":"instock","product_availability":"instock","product_retailer_item_id":"423-XXX-3","product_condition":"new"},"_links":{"self":[{"href":"https:\/\/www.globber.com\/ch\/de\/wp-json\/wp\/v2\/product\/5918","targetHints":{"allow":["GET"]}}],"collection":[{"href":"https:\/\/www.globber.com\/ch\/de\/wp-json\/wp\/v2\/product"}],"about":[{"href":"https:\/\/www.globber.com\/ch\/de\/wp-json\/wp\/v2\/types\/product"}],"replies":[{"embeddable":true,"href":"https:\/\/www.globber.com\/ch\/de\/wp-json\/wp\/v2\/comments?post=5918"}],"wp:featuredmedia":[{"embeddable":true,"href":"https:\/\/www.globber.com\/ch\/de\/wp-json\/wp\/v2\/media\/5584"}],"wp:attachment":[{"href":"https:\/\/www.globber.com\/ch\/de\/wp-json\/wp\/v2\/media?parent=5918"}],"wp:term":[{"taxonomy":"product-special-badges","embeddable":true,"href":"https:\/\/www.globber.com\/ch\/de\/wp-json\/wp\/v2\/product-special-badges?post=5918"},{"taxonomy":"product_brand","embeddable":true,"href":"https:\/\/www.globber.com\/ch\/de\/wp-json\/wp\/v2\/product_brand?post=5918"},{"taxonomy":"product_cat","embeddable":true,"href":"https:\/\/www.globber.com\/ch\/de\/wp-json\/wp\/v2\/product_cat?post=5918"},{"taxonomy":"product_tag","embeddable":true,"href":"https:\/\/www.globber.com\/ch\/de\/wp-json\/wp\/v2\/product_tag?post=5918"}],"curies":[{"name":"wp","href":"https:\/\/api.w.org\/{rel}","templated":true}]}}