{"id":5922,"date":"2022-11-28T15:05:11","date_gmt":"2022-11-28T14:05:11","guid":{"rendered":"http:\/\/staging.globberscooter.com\/ch\/product\/primo-foldable\/"},"modified":"2026-04-27T11:49:22","modified_gmt":"2026-04-27T09:49:22","slug":"primo-foldable","status":"publish","type":"product","link":"https:\/\/www.globber.com\/ch\/de\/product\/primo-foldable\/","title":{"rendered":"Primo Foldable"},"content":{"rendered":"<p class=\"p1\">PRIMO FOLDABLE bietet die am besten bewerteten 3-Rad Klapproller f\u00fcr Kinder im Alter von 3-7+ Jahren, von Preis-Leistungs-Verh\u00e4ltnis bis hin zu den Funktionen, f\u00fcr gro\u00dfartige Scooting-Tage!<\/p>\n<p class=\"p1\">Ein funktionsreicher 3-Rad Klapproller, inklusive Globber\u2019s patentierten Lenk- und Klappmechanismen und einem 3-fach h\u00f6henverstellbaren Lenker. PRIMO FOLDABLE hilft Kindern, sicher Balance- und Koordinationsf\u00e4higkeiten zu entwickeln, w\u00e4hrend sie sich all den Spa\u00df beim Fahren g\u00f6nnen!<\/p>\n","protected":false},"excerpt":{"rendered":"<p class=\"p1\"><strong>3-Rad Klapp-Scooter f\u00fcr Kinder (ab 3 Jahren)<\/strong><\/p>\n","protected":false},"featured_media":5241,"comment_status":"open","ping_status":"closed","template":"","meta":{"_acf_changed":false,"inline_featured_image":false},"product-special-badges":[6275],"product_brand":[],"product_cat":[6274,4360,1681,1691,1696,399],"product_tag":[3988],"class_list":{"0":"post-5922","1":"product","2":"type-product","3":"status-publish","4":"has-post-thumbnail","6":"product-badges-adjustable","7":"product-badges-foldable","8":"product_cat-sale","9":"product_cat-3-raeder-kinder","10":"product_cat-primo-serie","11":"product_cat-3-rad-roller-fuer-alle-alter","12":"product_cat-faltbare-roller","13":"product_cat-scooter-fuer-kinder","14":"product_tag-import","15":"pa_altersspanne-3j-7j","16":"pa_bremsen-mechanische-hinterradbremse-zusammensetzung","17":"pa_color-hellblau","18":"pa_color-dunkelblau","19":"pa_color-grau","20":"pa_color-gruen","21":"pa_color-rosa","22":"pa_color-rot","23":"pa_deckmaterial-verbund-pp-faser-metall-rahmen","24":"pa_ean-3309","25":"pa_ean-3303","26":"pa_ean-3304","27":"pa_ean-3305","28":"pa_ean-3307","29":"pa_ean-4016","30":"pa_einstellbar-ja","31":"pa_empfohlene-benutzerhoehe-95-120-cm","32":"pa_faltbar-yes","33":"pa_groesse-der-raeder-121mm-vorne-24mm-breit","34":"pa_groesse-der-raeder-80mm-hinten-24mm-breit","35":"pa_grose-der-brucke-b-12-5cm-x-l-54-5cm","36":"pa_hohen-der-t-stangen-67-5-72-5-77-5-cm-vom-boden-aus","37":"pa_material-der-rader-pu-guss-mit-hoher-rueckfederung","38":"pa_maximales-benutzergewicht-50kg","39":"pa_produktgewicht-netto-2-50kg","41":"first","42":"instock","43":"sale","44":"taxable","45":"shipping-taxable","46":"purchasable","47":"product-type-variable"},"acf":[],"yoast_head":"<!-- This site is optimized with the Yoast SEO Premium plugin v20.12 (Yoast SEO v23.4) - https:\/\/yoast.com\/wordpress\/plugins\/seo\/ -->\n<title>Collapsible Scooter: PRIMO FOLDABLE \u2013 Globber<\/title>\n<meta name=\"description\" content=\"A perfect blend of functionality, durability, and innovation, this 3-wheel scooter is the perfect ride that&#039;s convenient to carry and store. Add to wishlist!\" \/>\n<meta name=\"robots\" content=\"index, follow, max-snippet:-1, max-image-preview:large, max-video-preview:-1\" \/>\n<link rel=\"canonical\" href=\"https:\/\/www.globber.com\/ch\/de\/product\/primo-foldable\/\" \/>\n<meta property=\"og:locale\" content=\"de_DE\" \/>\n<meta property=\"og:type\" content=\"article\" \/>\n<meta property=\"og:title\" content=\"Collapsible Scooter: PRIMO FOLDABLE \u2013 Globber\" \/>\n<meta property=\"og:description\" content=\"A perfect blend of functionality, durability, and innovation, this 3-wheel scooter is the perfect ride that&#039;s convenient to carry and store. Add to wishlist!\" \/>\n<meta property=\"og:url\" content=\"https:\/\/www.globber.com\/ch\/de\/product\/primo-foldable\/\" \/>\n<meta property=\"og:site_name\" content=\"Globber Scooter Schweiz\" \/>\n<meta property=\"article:modified_time\" content=\"2026-04-27T09:49:22+00:00\" \/>\n<meta property=\"og:image\" content=\"https:\/\/cdn.globber.com\/content\/2022\/11\/6383b2da6e92a.jpg\" \/>\n\t<meta property=\"og:image:width\" content=\"1920\" \/>\n\t<meta property=\"og:image:height\" content=\"1920\" \/>\n\t<meta property=\"og:image:type\" content=\"image\/jpeg\" \/>\n<meta name=\"twitter:card\" content=\"summary_large_image\" \/>\n<meta name=\"twitter:label1\" content=\"Availability\" \/>\n\t<meta name=\"twitter:data1\" content=\"In stock\" \/>\n<script type=\"application\/ld+json\" class=\"yoast-schema-graph\">{\"@context\":\"https:\/\/schema.org\",\"@graph\":[{\"@type\":[\"WebPage\",\"ItemPage\"],\"@id\":\"https:\/\/www.globber.com\/ch\/de\/product\/primo-foldable\/\",\"url\":\"https:\/\/www.globber.com\/ch\/de\/product\/primo-foldable\/\",\"name\":\"Collapsible Scooter: PRIMO FOLDABLE \u2013 Globber\",\"isPartOf\":{\"@id\":\"https:\/\/www.globber.com\/ch\/fr\/#website\"},\"primaryImageOfPage\":{\"@id\":\"https:\/\/www.globber.com\/ch\/de\/product\/primo-foldable\/#primaryimage\"},\"image\":{\"@id\":\"https:\/\/www.globber.com\/ch\/de\/product\/primo-foldable\/#primaryimage\"},\"thumbnailUrl\":\"https:\/\/cdn.globber.com\/content\/2022\/11\/6383b2da6e92a.jpg\",\"datePublished\":\"2022-11-28T14:05:11+00:00\",\"dateModified\":\"2026-04-27T09:49:22+00:00\",\"description\":\"A perfect blend of functionality, durability, and innovation, this 3-wheel scooter is the perfect ride that's convenient to carry and store. Add to wishlist!\",\"breadcrumb\":{\"@id\":\"https:\/\/www.globber.com\/ch\/de\/product\/primo-foldable\/#breadcrumb\"},\"inLanguage\":\"de-CH\",\"potentialAction\":[{\"@type\":\"ReadAction\",\"target\":[\"https:\/\/www.globber.com\/ch\/de\/product\/primo-foldable\/\"]}]},{\"@type\":\"ImageObject\",\"inLanguage\":\"de-CH\",\"@id\":\"https:\/\/www.globber.com\/ch\/de\/product\/primo-foldable\/#primaryimage\",\"url\":\"https:\/\/cdn.globber.com\/content\/2022\/11\/6383b2da6e92a.jpg\",\"contentUrl\":\"https:\/\/cdn.globber.com\/content\/2022\/11\/6383b2da6e92a.jpg\",\"width\":1920,\"height\":1920},{\"@type\":\"BreadcrumbList\",\"@id\":\"https:\/\/www.globber.com\/ch\/de\/product\/primo-foldable\/#breadcrumb\",\"itemListElement\":[{\"@type\":\"ListItem\",\"position\":1,\"name\":\"Alle Produkte\",\"item\":\"https:\/\/www.globber.com\/ch\/de\/shop-nach-produkt\/\"},{\"@type\":\"ListItem\",\"position\":2,\"name\":\"Primo Foldable\"}]},{\"@type\":\"WebSite\",\"@id\":\"https:\/\/www.globber.com\/ch\/fr\/#website\",\"url\":\"https:\/\/www.globber.com\/ch\/fr\/\",\"name\":\"Globber Scooter Schweiz\",\"description\":\"Der offizielle Online Shop\",\"publisher\":{\"@id\":\"https:\/\/www.globber.com\/ch\/fr\/#organization\"},\"potentialAction\":[{\"@type\":\"SearchAction\",\"target\":{\"@type\":\"EntryPoint\",\"urlTemplate\":\"https:\/\/www.globber.com\/ch\/fr\/?s={search_term_string}\"},\"query-input\":{\"@type\":\"PropertyValueSpecification\",\"valueRequired\":true,\"valueName\":\"search_term_string\"}}],\"inLanguage\":\"de-CH\"},{\"@type\":\"Organization\",\"@id\":\"https:\/\/www.globber.com\/ch\/fr\/#organization\",\"name\":\"Globber Scooter Schweiz\",\"url\":\"https:\/\/www.globber.com\/ch\/fr\/\",\"logo\":{\"@type\":\"ImageObject\",\"inLanguage\":\"de-CH\",\"@id\":\"https:\/\/www.globber.com\/ch\/fr\/#\/schema\/logo\/image\/\",\"url\":\"https:\/\/cdn.globber.com\/content\/2024\/05\/logo.svg\",\"contentUrl\":\"https:\/\/cdn.globber.com\/content\/2024\/05\/logo.svg\",\"width\":601,\"height\":112,\"caption\":\"Globber Scooter Schweiz\"},\"image\":{\"@id\":\"https:\/\/www.globber.com\/ch\/fr\/#\/schema\/logo\/image\/\"}}]}<\/script>\n<meta property=\"og:availability\" content=\"instock\" \/>\n<meta property=\"product:availability\" content=\"instock\" \/>\n<meta property=\"product:retailer_item_id\" content=\"430-XXX-2\" \/>\n<meta property=\"product:condition\" content=\"new\" \/>\n<!-- \/ Yoast SEO Premium plugin. -->","yoast_head_json":{"title":"Collapsible Scooter: PRIMO FOLDABLE \u2013 Globber","description":"A perfect blend of functionality, durability, and innovation, this 3-wheel scooter is the perfect ride that's convenient to carry and store. Add to wishlist!","robots":{"index":"index","follow":"follow","max-snippet":"max-snippet:-1","max-image-preview":"max-image-preview:large","max-video-preview":"max-video-preview:-1"},"canonical":"https:\/\/www.globber.com\/ch\/de\/product\/primo-foldable\/","og_locale":"de_DE","og_type":"article","og_title":"Collapsible Scooter: PRIMO FOLDABLE \u2013 Globber","og_description":"A perfect blend of functionality, durability, and innovation, this 3-wheel scooter is the perfect ride that's convenient to carry and store. Add to wishlist!","og_url":"https:\/\/www.globber.com\/ch\/de\/product\/primo-foldable\/","og_site_name":"Globber Scooter Schweiz","article_modified_time":"2026-04-27T09:49:22+00:00","og_image":[{"width":1920,"height":1920,"url":"https:\/\/cdn.globber.com\/content\/2022\/11\/6383b2da6e92a.jpg","type":"image\/jpeg"}],"twitter_card":"summary_large_image","twitter_misc":{"Availability":"In stock"},"schema":{"@context":"https:\/\/schema.org","@graph":[{"@type":["WebPage","ItemPage"],"@id":"https:\/\/www.globber.com\/ch\/de\/product\/primo-foldable\/","url":"https:\/\/www.globber.com\/ch\/de\/product\/primo-foldable\/","name":"Collapsible Scooter: PRIMO FOLDABLE \u2013 Globber","isPartOf":{"@id":"https:\/\/www.globber.com\/ch\/fr\/#website"},"primaryImageOfPage":{"@id":"https:\/\/www.globber.com\/ch\/de\/product\/primo-foldable\/#primaryimage"},"image":{"@id":"https:\/\/www.globber.com\/ch\/de\/product\/primo-foldable\/#primaryimage"},"thumbnailUrl":"https:\/\/cdn.globber.com\/content\/2022\/11\/6383b2da6e92a.jpg","datePublished":"2022-11-28T14:05:11+00:00","dateModified":"2026-04-27T09:49:22+00:00","description":"A perfect blend of functionality, durability, and innovation, this 3-wheel scooter is the perfect ride that's convenient to carry and store. Add to wishlist!","breadcrumb":{"@id":"https:\/\/www.globber.com\/ch\/de\/product\/primo-foldable\/#breadcrumb"},"inLanguage":"de-CH","potentialAction":[{"@type":"ReadAction","target":["https:\/\/www.globber.com\/ch\/de\/product\/primo-foldable\/"]}]},{"@type":"ImageObject","inLanguage":"de-CH","@id":"https:\/\/www.globber.com\/ch\/de\/product\/primo-foldable\/#primaryimage","url":"https:\/\/cdn.globber.com\/content\/2022\/11\/6383b2da6e92a.jpg","contentUrl":"https:\/\/cdn.globber.com\/content\/2022\/11\/6383b2da6e92a.jpg","width":1920,"height":1920},{"@type":"BreadcrumbList","@id":"https:\/\/www.globber.com\/ch\/de\/product\/primo-foldable\/#breadcrumb","itemListElement":[{"@type":"ListItem","position":1,"name":"Alle Produkte","item":"https:\/\/www.globber.com\/ch\/de\/shop-nach-produkt\/"},{"@type":"ListItem","position":2,"name":"Primo Foldable"}]},{"@type":"WebSite","@id":"https:\/\/www.globber.com\/ch\/fr\/#website","url":"https:\/\/www.globber.com\/ch\/fr\/","name":"Globber Scooter Schweiz","description":"Der offizielle Online Shop","publisher":{"@id":"https:\/\/www.globber.com\/ch\/fr\/#organization"},"potentialAction":[{"@type":"SearchAction","target":{"@type":"EntryPoint","urlTemplate":"https:\/\/www.globber.com\/ch\/fr\/?s={search_term_string}"},"query-input":{"@type":"PropertyValueSpecification","valueRequired":true,"valueName":"search_term_string"}}],"inLanguage":"de-CH"},{"@type":"Organization","@id":"https:\/\/www.globber.com\/ch\/fr\/#organization","name":"Globber Scooter Schweiz","url":"https:\/\/www.globber.com\/ch\/fr\/","logo":{"@type":"ImageObject","inLanguage":"de-CH","@id":"https:\/\/www.globber.com\/ch\/fr\/#\/schema\/logo\/image\/","url":"https:\/\/cdn.globber.com\/content\/2024\/05\/logo.svg","contentUrl":"https:\/\/cdn.globber.com\/content\/2024\/05\/logo.svg","width":601,"height":112,"caption":"Globber Scooter Schweiz"},"image":{"@id":"https:\/\/www.globber.com\/ch\/fr\/#\/schema\/logo\/image\/"}}]},"og_availability":"instock","product_availability":"instock","product_retailer_item_id":"430-XXX-2","product_condition":"new"},"_links":{"self":[{"href":"https:\/\/www.globber.com\/ch\/de\/wp-json\/wp\/v2\/product\/5922","targetHints":{"allow":["GET"]}}],"collection":[{"href":"https:\/\/www.globber.com\/ch\/de\/wp-json\/wp\/v2\/product"}],"about":[{"href":"https:\/\/www.globber.com\/ch\/de\/wp-json\/wp\/v2\/types\/product"}],"replies":[{"embeddable":true,"href":"https:\/\/www.globber.com\/ch\/de\/wp-json\/wp\/v2\/comments?post=5922"}],"wp:featuredmedia":[{"embeddable":true,"href":"https:\/\/www.globber.com\/ch\/de\/wp-json\/wp\/v2\/media\/5241"}],"wp:attachment":[{"href":"https:\/\/www.globber.com\/ch\/de\/wp-json\/wp\/v2\/media?parent=5922"}],"wp:term":[{"taxonomy":"product-special-badges","embeddable":true,"href":"https:\/\/www.globber.com\/ch\/de\/wp-json\/wp\/v2\/product-special-badges?post=5922"},{"taxonomy":"product_brand","embeddable":true,"href":"https:\/\/www.globber.com\/ch\/de\/wp-json\/wp\/v2\/product_brand?post=5922"},{"taxonomy":"product_cat","embeddable":true,"href":"https:\/\/www.globber.com\/ch\/de\/wp-json\/wp\/v2\/product_cat?post=5922"},{"taxonomy":"product_tag","embeddable":true,"href":"https:\/\/www.globber.com\/ch\/de\/wp-json\/wp\/v2\/product_tag?post=5922"}],"curies":[{"name":"wp","href":"https:\/\/api.w.org\/{rel}","templated":true}]}}