{"id":5967,"date":"2022-11-28T15:07:10","date_gmt":"2022-11-28T14:07:10","guid":{"rendered":"http:\/\/staging.globberscooter.com\/ch\/product\/master-prime\/"},"modified":"2026-04-24T12:13:26","modified_gmt":"2026-04-24T10:13:26","slug":"master-prime","status":"publish","type":"product","link":"https:\/\/www.globber.com\/ch\/de\/product\/master-prime\/","title":{"rendered":"MASTER PRIME"},"content":{"rendered":"<p class=\"p1\">MASTER PRIME wird gro\u00df und bietet ein bequemes und langlebiges 3-Rad-Fahrvergn\u00fcgen! MASTER PRIME bietet alles, was du f\u00fcr komfortables Fahren ben\u00f6tigst \u2013 ein breites Deck-Design mit weichem EVA-Schaum, dicke und langlebige Vorderr\u00e4der f\u00fcr insgesamt mehr Komfort, eine 5-fach h\u00f6henverstellbarer Lenker mit wirbelndem Griffdesign, ein patentiertes Faltsystem f\u00fcr einfache Aufbewahrung und ein patentiertes Lenk-Sperrsystem, um die Kunst des Gleichgewichts zu meistern!<\/p>\n","protected":false},"excerpt":{"rendered":"<p class=\"p1\"><strong>Gro\u00dfer 3-Rad-Tretroller f\u00fcr Kinder (im Alter von 4-14 Jahren)<\/strong><\/p>\n","protected":false},"featured_media":3625,"comment_status":"open","ping_status":"closed","template":"","meta":{"_acf_changed":false,"inline_featured_image":false},"product-special-badges":[],"product_brand":[],"product_cat":[4402,4363,4360,1683,1691,1696,399,485],"product_tag":[3988],"class_list":{"0":"post-5967","1":"product","2":"type-product","3":"status-publish","4":"has-post-thumbnail","6":"product-badges-adjustable","7":"product-badges-comfortable","8":"product-badges-foldable","9":"product_cat-master-series-all-teens-series","10":"product_cat-globber-master-scooter-serie-premium-3-raeder-scooter-fuer-teens","11":"product_cat-3-raeder-kinder","12":"product_cat-master-series","13":"product_cat-3-rad-roller-fuer-alle-alter","14":"product_cat-faltbare-roller","15":"product_cat-scooter-fuer-kinder","16":"product_cat-scooter-fuer-teenager","17":"product_tag-import","18":"pa_altersspanne-4-14j","19":"pa_bremsen-mechanische-hinterradbremse-zusammensetzung","20":"pa_color-dunkelblau","21":"pa_color-pink","22":"pa_color-tuerkis","23":"pa_deckmaterial-verbund-pp-faser-metall-rahmen-eva-schaum-klebeband","24":"pa_ean-3348","25":"pa_ean-3350","26":"pa_ean-3352","27":"pa_einstellbar-ja","28":"pa_empfohlene-benutzerhoehe-100-160-cm","29":"pa_faltbar-yes","30":"pa_groesse-der-raeder-125mm-vorne-38mm-breit","31":"pa_groesse-der-raeder-80mm-hinten-30mm-breit","32":"pa_grose-der-brucke-b-14-3cm-x-l-58cm","33":"pa_hohen-der-t-stangen-74-79-84-89-94cm-vom-boden-aus","34":"pa_material-der-rader-pu-guss-mit-hoher-rueckfederung","35":"pa_maximales-benutzergewicht-50kg","36":"pa_produktgewicht-netto-3-38kg","37":"pa_produkttyp-city-scooter","39":"first","40":"instock","41":"taxable","42":"shipping-taxable","43":"purchasable","44":"product-type-variable"},"acf":[],"yoast_head":"<!-- This site is optimized with the Yoast SEO Premium plugin v20.12 (Yoast SEO v23.4) - https:\/\/yoast.com\/wordpress\/plugins\/seo\/ -->\n<title>Premium 3-wheel Scooter: MASTER PRIME \u2013 Globber<\/title>\n<meta name=\"description\" content=\"Check out this 3-wheel scooter with a sleek design fit for a young MASTER of scooting! MASTER PRIME is the perfect 3-wheel kick scooter for comfy rides.\" \/>\n<meta name=\"robots\" content=\"index, follow, max-snippet:-1, max-image-preview:large, max-video-preview:-1\" \/>\n<link rel=\"canonical\" href=\"https:\/\/www.globber.com\/ch\/de\/product\/master-prime\/\" \/>\n<meta property=\"og:locale\" content=\"de_DE\" \/>\n<meta property=\"og:type\" content=\"article\" \/>\n<meta property=\"og:title\" content=\"Premium 3-wheel Scooter: MASTER PRIME \u2013 Globber\" \/>\n<meta property=\"og:description\" content=\"Check out this 3-wheel scooter with a sleek design fit for a young MASTER of scooting! MASTER PRIME is the perfect 3-wheel kick scooter for comfy rides.\" \/>\n<meta property=\"og:url\" content=\"https:\/\/www.globber.com\/ch\/de\/product\/master-prime\/\" \/>\n<meta property=\"og:site_name\" content=\"Globber Scooter Schweiz\" \/>\n<meta property=\"article:modified_time\" content=\"2026-04-24T10:13:26+00:00\" \/>\n<meta property=\"og:image\" content=\"https:\/\/cdn.globber.com\/content\/2022\/11\/6383866239082.jpg\" \/>\n\t<meta property=\"og:image:width\" content=\"1920\" \/>\n\t<meta property=\"og:image:height\" content=\"1920\" \/>\n\t<meta property=\"og:image:type\" content=\"image\/jpeg\" \/>\n<meta name=\"twitter:card\" content=\"summary_large_image\" \/>\n<meta name=\"twitter:label1\" content=\"Availability\" \/>\n\t<meta name=\"twitter:data1\" content=\"In stock\" \/>\n<script type=\"application\/ld+json\" class=\"yoast-schema-graph\">{\"@context\":\"https:\/\/schema.org\",\"@graph\":[{\"@type\":[\"WebPage\",\"ItemPage\"],\"@id\":\"https:\/\/www.globber.com\/ch\/de\/product\/master-prime\/\",\"url\":\"https:\/\/www.globber.com\/ch\/de\/product\/master-prime\/\",\"name\":\"Premium 3-wheel Scooter: MASTER PRIME \u2013 Globber\",\"isPartOf\":{\"@id\":\"https:\/\/www.globber.com\/ch\/fr\/#website\"},\"primaryImageOfPage\":{\"@id\":\"https:\/\/www.globber.com\/ch\/de\/product\/master-prime\/#primaryimage\"},\"image\":{\"@id\":\"https:\/\/www.globber.com\/ch\/de\/product\/master-prime\/#primaryimage\"},\"thumbnailUrl\":\"https:\/\/cdn.globber.com\/content\/2022\/11\/6383866239082.jpg\",\"datePublished\":\"2022-11-28T14:07:10+00:00\",\"dateModified\":\"2026-04-24T10:13:26+00:00\",\"description\":\"Check out this 3-wheel scooter with a sleek design fit for a young MASTER of scooting! MASTER PRIME is the perfect 3-wheel kick scooter for comfy rides.\",\"breadcrumb\":{\"@id\":\"https:\/\/www.globber.com\/ch\/de\/product\/master-prime\/#breadcrumb\"},\"inLanguage\":\"de-CH\",\"potentialAction\":[{\"@type\":\"ReadAction\",\"target\":[\"https:\/\/www.globber.com\/ch\/de\/product\/master-prime\/\"]}]},{\"@type\":\"ImageObject\",\"inLanguage\":\"de-CH\",\"@id\":\"https:\/\/www.globber.com\/ch\/de\/product\/master-prime\/#primaryimage\",\"url\":\"https:\/\/cdn.globber.com\/content\/2022\/11\/6383866239082.jpg\",\"contentUrl\":\"https:\/\/cdn.globber.com\/content\/2022\/11\/6383866239082.jpg\",\"width\":1920,\"height\":1920},{\"@type\":\"BreadcrumbList\",\"@id\":\"https:\/\/www.globber.com\/ch\/de\/product\/master-prime\/#breadcrumb\",\"itemListElement\":[{\"@type\":\"ListItem\",\"position\":1,\"name\":\"Alle Produkte\",\"item\":\"https:\/\/www.globber.com\/ch\/de\/shop-nach-produkt\/\"},{\"@type\":\"ListItem\",\"position\":2,\"name\":\"MASTER PRIME\"}]},{\"@type\":\"WebSite\",\"@id\":\"https:\/\/www.globber.com\/ch\/fr\/#website\",\"url\":\"https:\/\/www.globber.com\/ch\/fr\/\",\"name\":\"Globber Scooter Schweiz\",\"description\":\"Der offizielle Online Shop\",\"publisher\":{\"@id\":\"https:\/\/www.globber.com\/ch\/fr\/#organization\"},\"potentialAction\":[{\"@type\":\"SearchAction\",\"target\":{\"@type\":\"EntryPoint\",\"urlTemplate\":\"https:\/\/www.globber.com\/ch\/fr\/?s={search_term_string}\"},\"query-input\":{\"@type\":\"PropertyValueSpecification\",\"valueRequired\":true,\"valueName\":\"search_term_string\"}}],\"inLanguage\":\"de-CH\"},{\"@type\":\"Organization\",\"@id\":\"https:\/\/www.globber.com\/ch\/fr\/#organization\",\"name\":\"Globber Scooter Schweiz\",\"url\":\"https:\/\/www.globber.com\/ch\/fr\/\",\"logo\":{\"@type\":\"ImageObject\",\"inLanguage\":\"de-CH\",\"@id\":\"https:\/\/www.globber.com\/ch\/fr\/#\/schema\/logo\/image\/\",\"url\":\"https:\/\/cdn.globber.com\/content\/2024\/05\/logo.svg\",\"contentUrl\":\"https:\/\/cdn.globber.com\/content\/2024\/05\/logo.svg\",\"width\":601,\"height\":112,\"caption\":\"Globber Scooter Schweiz\"},\"image\":{\"@id\":\"https:\/\/www.globber.com\/ch\/fr\/#\/schema\/logo\/image\/\"}}]}<\/script>\n<meta property=\"og:availability\" content=\"instock\" \/>\n<meta property=\"product:availability\" content=\"instock\" \/>\n<meta property=\"product:retailer_item_id\" content=\"664-XXX\" \/>\n<meta property=\"product:condition\" content=\"new\" \/>\n<!-- \/ Yoast SEO Premium plugin. -->","yoast_head_json":{"title":"Premium 3-wheel Scooter: MASTER PRIME \u2013 Globber","description":"Check out this 3-wheel scooter with a sleek design fit for a young MASTER of scooting! MASTER PRIME is the perfect 3-wheel kick scooter for comfy rides.","robots":{"index":"index","follow":"follow","max-snippet":"max-snippet:-1","max-image-preview":"max-image-preview:large","max-video-preview":"max-video-preview:-1"},"canonical":"https:\/\/www.globber.com\/ch\/de\/product\/master-prime\/","og_locale":"de_DE","og_type":"article","og_title":"Premium 3-wheel Scooter: MASTER PRIME \u2013 Globber","og_description":"Check out this 3-wheel scooter with a sleek design fit for a young MASTER of scooting! MASTER PRIME is the perfect 3-wheel kick scooter for comfy rides.","og_url":"https:\/\/www.globber.com\/ch\/de\/product\/master-prime\/","og_site_name":"Globber Scooter Schweiz","article_modified_time":"2026-04-24T10:13:26+00:00","og_image":[{"width":1920,"height":1920,"url":"https:\/\/cdn.globber.com\/content\/2022\/11\/6383866239082.jpg","type":"image\/jpeg"}],"twitter_card":"summary_large_image","twitter_misc":{"Availability":"In stock"},"schema":{"@context":"https:\/\/schema.org","@graph":[{"@type":["WebPage","ItemPage"],"@id":"https:\/\/www.globber.com\/ch\/de\/product\/master-prime\/","url":"https:\/\/www.globber.com\/ch\/de\/product\/master-prime\/","name":"Premium 3-wheel Scooter: MASTER PRIME \u2013 Globber","isPartOf":{"@id":"https:\/\/www.globber.com\/ch\/fr\/#website"},"primaryImageOfPage":{"@id":"https:\/\/www.globber.com\/ch\/de\/product\/master-prime\/#primaryimage"},"image":{"@id":"https:\/\/www.globber.com\/ch\/de\/product\/master-prime\/#primaryimage"},"thumbnailUrl":"https:\/\/cdn.globber.com\/content\/2022\/11\/6383866239082.jpg","datePublished":"2022-11-28T14:07:10+00:00","dateModified":"2026-04-24T10:13:26+00:00","description":"Check out this 3-wheel scooter with a sleek design fit for a young MASTER of scooting! MASTER PRIME is the perfect 3-wheel kick scooter for comfy rides.","breadcrumb":{"@id":"https:\/\/www.globber.com\/ch\/de\/product\/master-prime\/#breadcrumb"},"inLanguage":"de-CH","potentialAction":[{"@type":"ReadAction","target":["https:\/\/www.globber.com\/ch\/de\/product\/master-prime\/"]}]},{"@type":"ImageObject","inLanguage":"de-CH","@id":"https:\/\/www.globber.com\/ch\/de\/product\/master-prime\/#primaryimage","url":"https:\/\/cdn.globber.com\/content\/2022\/11\/6383866239082.jpg","contentUrl":"https:\/\/cdn.globber.com\/content\/2022\/11\/6383866239082.jpg","width":1920,"height":1920},{"@type":"BreadcrumbList","@id":"https:\/\/www.globber.com\/ch\/de\/product\/master-prime\/#breadcrumb","itemListElement":[{"@type":"ListItem","position":1,"name":"Alle Produkte","item":"https:\/\/www.globber.com\/ch\/de\/shop-nach-produkt\/"},{"@type":"ListItem","position":2,"name":"MASTER PRIME"}]},{"@type":"WebSite","@id":"https:\/\/www.globber.com\/ch\/fr\/#website","url":"https:\/\/www.globber.com\/ch\/fr\/","name":"Globber Scooter Schweiz","description":"Der offizielle Online Shop","publisher":{"@id":"https:\/\/www.globber.com\/ch\/fr\/#organization"},"potentialAction":[{"@type":"SearchAction","target":{"@type":"EntryPoint","urlTemplate":"https:\/\/www.globber.com\/ch\/fr\/?s={search_term_string}"},"query-input":{"@type":"PropertyValueSpecification","valueRequired":true,"valueName":"search_term_string"}}],"inLanguage":"de-CH"},{"@type":"Organization","@id":"https:\/\/www.globber.com\/ch\/fr\/#organization","name":"Globber Scooter Schweiz","url":"https:\/\/www.globber.com\/ch\/fr\/","logo":{"@type":"ImageObject","inLanguage":"de-CH","@id":"https:\/\/www.globber.com\/ch\/fr\/#\/schema\/logo\/image\/","url":"https:\/\/cdn.globber.com\/content\/2024\/05\/logo.svg","contentUrl":"https:\/\/cdn.globber.com\/content\/2024\/05\/logo.svg","width":601,"height":112,"caption":"Globber Scooter Schweiz"},"image":{"@id":"https:\/\/www.globber.com\/ch\/fr\/#\/schema\/logo\/image\/"}}]},"og_availability":"instock","product_availability":"instock","product_retailer_item_id":"664-XXX","product_condition":"new"},"_links":{"self":[{"href":"https:\/\/www.globber.com\/ch\/de\/wp-json\/wp\/v2\/product\/5967","targetHints":{"allow":["GET"]}}],"collection":[{"href":"https:\/\/www.globber.com\/ch\/de\/wp-json\/wp\/v2\/product"}],"about":[{"href":"https:\/\/www.globber.com\/ch\/de\/wp-json\/wp\/v2\/types\/product"}],"replies":[{"embeddable":true,"href":"https:\/\/www.globber.com\/ch\/de\/wp-json\/wp\/v2\/comments?post=5967"}],"wp:featuredmedia":[{"embeddable":true,"href":"https:\/\/www.globber.com\/ch\/de\/wp-json\/wp\/v2\/media\/3625"}],"wp:attachment":[{"href":"https:\/\/www.globber.com\/ch\/de\/wp-json\/wp\/v2\/media?parent=5967"}],"wp:term":[{"taxonomy":"product-special-badges","embeddable":true,"href":"https:\/\/www.globber.com\/ch\/de\/wp-json\/wp\/v2\/product-special-badges?post=5967"},{"taxonomy":"product_brand","embeddable":true,"href":"https:\/\/www.globber.com\/ch\/de\/wp-json\/wp\/v2\/product_brand?post=5967"},{"taxonomy":"product_cat","embeddable":true,"href":"https:\/\/www.globber.com\/ch\/de\/wp-json\/wp\/v2\/product_cat?post=5967"},{"taxonomy":"product_tag","embeddable":true,"href":"https:\/\/www.globber.com\/ch\/de\/wp-json\/wp\/v2\/product_tag?post=5967"}],"curies":[{"name":"wp","href":"https:\/\/api.w.org\/{rel}","templated":true}]}}