{"id":5972,"date":"2022-11-28T14:07:24","date_gmt":"2022-11-28T14:07:24","guid":{"rendered":"http:\/\/staging.globberscooter.com\/ch\/product\/ultimum\/"},"modified":"2026-01-08T14:49:46","modified_gmt":"2026-01-08T13:49:46","slug":"ultimum","status":"publish","type":"product","link":"https:\/\/www.globber.com\/ch\/de\/product\/ultimum\/","title":{"rendered":"Ultimum"},"content":{"rendered":"<p class=\"\" data-start=\"85\" data-end=\"410\">Egal ob Kind oder Erwachsener \u2013 3-Rad-Scooter-Spa\u00df f\u00fcr alle! Der ULTIMUM ist ein 3-Rad-Kickscooter f\u00fcr Erwachsene (Kinder inklusive!), ausgestattet mit einem patentierten, verstellbaren Lenkwinkelkontrollsystem, mit dem sich der Wenderadius der Vorderr\u00e4der individuell an deinen Fahrstil anpassen l\u00e4sst. Mit dem patentierten elliptischen Klappmechanismus, einem stabilen und extra breiten Trittbrett sowie einem 6-fach h\u00f6henverstellbaren Lenker ist der ULTIMUM der perfekte Begleiter f\u00fcr Fahrer jeden Alters!<\/p>\n<p>&nbsp;<\/p>\n<p>&nbsp;<\/p>\n","protected":false},"excerpt":{"rendered":"<p>3-Rad-Scooter f\u00fcr Kinder, Jugendliche und Erwachsene (ab 5 Jahren)<\/p>\n","protected":false},"featured_media":13794,"comment_status":"open","ping_status":"closed","template":"","meta":{"_acf_changed":false,"inline_featured_image":false},"product-special-badges":[],"product_brand":[],"product_cat":[4365,4363,1684,1696,534,485],"product_tag":[3988],"class_list":{"0":"post-5972","1":"product","2":"type-product","3":"status-publish","4":"has-post-thumbnail","6":"product-badges-for-all-ages","7":"product-badges-adjustable","8":"product-badges-foldable","9":"product_cat-3-raeder-erwachsene","10":"product_cat-globber-master-scooter-serie-premium-3-raeder-scooter-fuer-teens","11":"product_cat-ultimum-serie","12":"product_cat-faltbare-roller","13":"product_cat-scooter-fuer-erwachsene","14":"product_cat-scooter-fuer-teenager","15":"product_tag-import","16":"pa_altersspanne-5j-bis-erwachsen","17":"pa_bremsen-mechanische-hinterradbremse-zusammensetzung","18":"pa_color-blau","19":"pa_color-gruen","20":"pa_color-pink","21":"pa_deckmaterial-verbundwerkstoff-pp-faser-nylon","22":"pa_ean-3354","23":"pa_ean-3356","24":"pa_ean-3357","25":"pa_einstellbar-ja","26":"pa_empfohlene-benutzerhoehe-105-200-cm","27":"pa_faltbar-yes","28":"pa_groesse-der-raeder-125mm-vorne-43mm-breit","29":"pa_groesse-der-raeder-90mm-hinten-48mm-breit","30":"pa_grose-der-brucke-b-14-8cm-x-l-59-5cm","31":"pa_hohen-der-t-stangen-76-81-86-91-96-101cm-vom-boden-aus","32":"pa_material-der-rader-pu-guss-mit-hoher-rueckfederung","33":"pa_maximales-benutzergewicht-100kg","34":"pa_produktgewicht-netto-4-62kg","35":"pa_produkttyp-city-scooter","37":"first","38":"outofstock","39":"taxable","40":"shipping-taxable","41":"product-type-variable"},"acf":[],"yoast_head":"<!-- This site is optimized with the Yoast SEO Premium plugin v20.12 (Yoast SEO v23.4) - https:\/\/yoast.com\/wordpress\/plugins\/seo\/ -->\n<title>3-Wheel Kick Scooter for Adults: ULTIMUM \u2013 Globber<\/title>\n<meta name=\"description\" content=\"Scooting is truly for everyone! Check out this 3-wheel kick scooter for kids, teens, and adults\u2014perfect for all family members to scoot around!\" \/>\n<meta name=\"robots\" content=\"index, follow, max-snippet:-1, max-image-preview:large, max-video-preview:-1\" \/>\n<link rel=\"canonical\" href=\"https:\/\/www.globber.com\/ch\/de\/product\/ultimum\/\" \/>\n<meta property=\"og:locale\" content=\"de_DE\" \/>\n<meta property=\"og:type\" content=\"article\" \/>\n<meta property=\"og:title\" content=\"3-Wheel Kick Scooter for Adults: ULTIMUM \u2013 Globber\" \/>\n<meta property=\"og:description\" content=\"Scooting is truly for everyone! Check out this 3-wheel kick scooter for kids, teens, and adults\u2014perfect for all family members to scoot around!\" \/>\n<meta property=\"og:url\" content=\"https:\/\/www.globber.com\/ch\/de\/product\/ultimum\/\" \/>\n<meta property=\"og:site_name\" content=\"Globber Scooter Schweiz\" \/>\n<meta property=\"article:modified_time\" content=\"2026-01-08T13:49:46+00:00\" \/>\n<meta property=\"og:image\" content=\"https:\/\/cdn.globber.com\/content\/sites\/41\/2024\/11\/6734611583a17.jpg\" \/>\n\t<meta property=\"og:image:width\" content=\"2048\" \/>\n\t<meta property=\"og:image:height\" content=\"2048\" \/>\n\t<meta property=\"og:image:type\" content=\"image\/jpeg\" \/>\n<meta name=\"twitter:card\" content=\"summary_large_image\" \/>\n<meta name=\"twitter:label1\" content=\"Availability\" \/>\n\t<meta name=\"twitter:data1\" content=\"Out of stock\" \/>\n<script type=\"application\/ld+json\" class=\"yoast-schema-graph\">{\"@context\":\"https:\/\/schema.org\",\"@graph\":[{\"@type\":[\"WebPage\",\"ItemPage\"],\"@id\":\"https:\/\/www.globber.com\/ch\/de\/product\/ultimum\/\",\"url\":\"https:\/\/www.globber.com\/ch\/de\/product\/ultimum\/\",\"name\":\"3-Wheel Kick Scooter for Adults: ULTIMUM \u2013 Globber\",\"isPartOf\":{\"@id\":\"https:\/\/www.globber.com\/ch\/fr\/#website\"},\"primaryImageOfPage\":{\"@id\":\"https:\/\/www.globber.com\/ch\/de\/product\/ultimum\/#primaryimage\"},\"image\":{\"@id\":\"https:\/\/www.globber.com\/ch\/de\/product\/ultimum\/#primaryimage\"},\"thumbnailUrl\":\"https:\/\/cdn.globber.com\/content\/sites\/41\/2024\/11\/6734611583a17.jpg\",\"datePublished\":\"2022-11-28T14:07:24+00:00\",\"dateModified\":\"2026-01-08T13:49:46+00:00\",\"description\":\"Scooting is truly for everyone! Check out this 3-wheel kick scooter for kids, teens, and adults\u2014perfect for all family members to scoot around!\",\"breadcrumb\":{\"@id\":\"https:\/\/www.globber.com\/ch\/de\/product\/ultimum\/#breadcrumb\"},\"inLanguage\":\"de-CH\",\"potentialAction\":[{\"@type\":\"ReadAction\",\"target\":[\"https:\/\/www.globber.com\/ch\/de\/product\/ultimum\/\"]}]},{\"@type\":\"ImageObject\",\"inLanguage\":\"de-CH\",\"@id\":\"https:\/\/www.globber.com\/ch\/de\/product\/ultimum\/#primaryimage\",\"url\":\"https:\/\/cdn.globber.com\/content\/sites\/41\/2024\/11\/6734611583a17.jpg\",\"contentUrl\":\"https:\/\/cdn.globber.com\/content\/sites\/41\/2024\/11\/6734611583a17.jpg\",\"width\":2048,\"height\":2048},{\"@type\":\"BreadcrumbList\",\"@id\":\"https:\/\/www.globber.com\/ch\/de\/product\/ultimum\/#breadcrumb\",\"itemListElement\":[{\"@type\":\"ListItem\",\"position\":1,\"name\":\"Alle Produkte\",\"item\":\"https:\/\/www.globber.com\/ch\/de\/shop-nach-produkt\/\"},{\"@type\":\"ListItem\",\"position\":2,\"name\":\"Ultimum\"}]},{\"@type\":\"WebSite\",\"@id\":\"https:\/\/www.globber.com\/ch\/fr\/#website\",\"url\":\"https:\/\/www.globber.com\/ch\/fr\/\",\"name\":\"Globber Scooter Schweiz\",\"description\":\"Der offizielle Online Shop\",\"publisher\":{\"@id\":\"https:\/\/www.globber.com\/ch\/fr\/#organization\"},\"potentialAction\":[{\"@type\":\"SearchAction\",\"target\":{\"@type\":\"EntryPoint\",\"urlTemplate\":\"https:\/\/www.globber.com\/ch\/fr\/?s={search_term_string}\"},\"query-input\":{\"@type\":\"PropertyValueSpecification\",\"valueRequired\":true,\"valueName\":\"search_term_string\"}}],\"inLanguage\":\"de-CH\"},{\"@type\":\"Organization\",\"@id\":\"https:\/\/www.globber.com\/ch\/fr\/#organization\",\"name\":\"Globber Scooter Schweiz\",\"url\":\"https:\/\/www.globber.com\/ch\/fr\/\",\"logo\":{\"@type\":\"ImageObject\",\"inLanguage\":\"de-CH\",\"@id\":\"https:\/\/www.globber.com\/ch\/fr\/#\/schema\/logo\/image\/\",\"url\":\"https:\/\/cdn.globber.com\/content\/2024\/05\/logo.svg\",\"contentUrl\":\"https:\/\/cdn.globber.com\/content\/2024\/05\/logo.svg\",\"width\":601,\"height\":112,\"caption\":\"Globber Scooter Schweiz\"},\"image\":{\"@id\":\"https:\/\/www.globber.com\/ch\/fr\/#\/schema\/logo\/image\/\"}}]}<\/script>\n<meta property=\"og:availability\" content=\"out of stock\" \/>\n<meta property=\"product:availability\" content=\"out of stock\" \/>\n<meta property=\"product:retailer_item_id\" content=\"612-XXX\" \/>\n<meta property=\"product:condition\" content=\"new\" \/>\n<!-- \/ Yoast SEO Premium plugin. -->","yoast_head_json":{"title":"3-Wheel Kick Scooter for Adults: ULTIMUM \u2013 Globber","description":"Scooting is truly for everyone! Check out this 3-wheel kick scooter for kids, teens, and adults\u2014perfect for all family members to scoot around!","robots":{"index":"index","follow":"follow","max-snippet":"max-snippet:-1","max-image-preview":"max-image-preview:large","max-video-preview":"max-video-preview:-1"},"canonical":"https:\/\/www.globber.com\/ch\/de\/product\/ultimum\/","og_locale":"de_DE","og_type":"article","og_title":"3-Wheel Kick Scooter for Adults: ULTIMUM \u2013 Globber","og_description":"Scooting is truly for everyone! Check out this 3-wheel kick scooter for kids, teens, and adults\u2014perfect for all family members to scoot around!","og_url":"https:\/\/www.globber.com\/ch\/de\/product\/ultimum\/","og_site_name":"Globber Scooter Schweiz","article_modified_time":"2026-01-08T13:49:46+00:00","og_image":[{"width":2048,"height":2048,"url":"https:\/\/cdn.globber.com\/content\/sites\/41\/2024\/11\/6734611583a17.jpg","type":"image\/jpeg"}],"twitter_card":"summary_large_image","twitter_misc":{"Availability":"Out of stock"},"schema":{"@context":"https:\/\/schema.org","@graph":[{"@type":["WebPage","ItemPage"],"@id":"https:\/\/www.globber.com\/ch\/de\/product\/ultimum\/","url":"https:\/\/www.globber.com\/ch\/de\/product\/ultimum\/","name":"3-Wheel Kick Scooter for Adults: ULTIMUM \u2013 Globber","isPartOf":{"@id":"https:\/\/www.globber.com\/ch\/fr\/#website"},"primaryImageOfPage":{"@id":"https:\/\/www.globber.com\/ch\/de\/product\/ultimum\/#primaryimage"},"image":{"@id":"https:\/\/www.globber.com\/ch\/de\/product\/ultimum\/#primaryimage"},"thumbnailUrl":"https:\/\/cdn.globber.com\/content\/sites\/41\/2024\/11\/6734611583a17.jpg","datePublished":"2022-11-28T14:07:24+00:00","dateModified":"2026-01-08T13:49:46+00:00","description":"Scooting is truly for everyone! Check out this 3-wheel kick scooter for kids, teens, and adults\u2014perfect for all family members to scoot around!","breadcrumb":{"@id":"https:\/\/www.globber.com\/ch\/de\/product\/ultimum\/#breadcrumb"},"inLanguage":"de-CH","potentialAction":[{"@type":"ReadAction","target":["https:\/\/www.globber.com\/ch\/de\/product\/ultimum\/"]}]},{"@type":"ImageObject","inLanguage":"de-CH","@id":"https:\/\/www.globber.com\/ch\/de\/product\/ultimum\/#primaryimage","url":"https:\/\/cdn.globber.com\/content\/sites\/41\/2024\/11\/6734611583a17.jpg","contentUrl":"https:\/\/cdn.globber.com\/content\/sites\/41\/2024\/11\/6734611583a17.jpg","width":2048,"height":2048},{"@type":"BreadcrumbList","@id":"https:\/\/www.globber.com\/ch\/de\/product\/ultimum\/#breadcrumb","itemListElement":[{"@type":"ListItem","position":1,"name":"Alle Produkte","item":"https:\/\/www.globber.com\/ch\/de\/shop-nach-produkt\/"},{"@type":"ListItem","position":2,"name":"Ultimum"}]},{"@type":"WebSite","@id":"https:\/\/www.globber.com\/ch\/fr\/#website","url":"https:\/\/www.globber.com\/ch\/fr\/","name":"Globber Scooter Schweiz","description":"Der offizielle Online Shop","publisher":{"@id":"https:\/\/www.globber.com\/ch\/fr\/#organization"},"potentialAction":[{"@type":"SearchAction","target":{"@type":"EntryPoint","urlTemplate":"https:\/\/www.globber.com\/ch\/fr\/?s={search_term_string}"},"query-input":{"@type":"PropertyValueSpecification","valueRequired":true,"valueName":"search_term_string"}}],"inLanguage":"de-CH"},{"@type":"Organization","@id":"https:\/\/www.globber.com\/ch\/fr\/#organization","name":"Globber Scooter Schweiz","url":"https:\/\/www.globber.com\/ch\/fr\/","logo":{"@type":"ImageObject","inLanguage":"de-CH","@id":"https:\/\/www.globber.com\/ch\/fr\/#\/schema\/logo\/image\/","url":"https:\/\/cdn.globber.com\/content\/2024\/05\/logo.svg","contentUrl":"https:\/\/cdn.globber.com\/content\/2024\/05\/logo.svg","width":601,"height":112,"caption":"Globber Scooter Schweiz"},"image":{"@id":"https:\/\/www.globber.com\/ch\/fr\/#\/schema\/logo\/image\/"}}]},"og_availability":"out of stock","product_availability":"out of stock","product_retailer_item_id":"612-XXX","product_condition":"new"},"_links":{"self":[{"href":"https:\/\/www.globber.com\/ch\/de\/wp-json\/wp\/v2\/product\/5972","targetHints":{"allow":["GET"]}}],"collection":[{"href":"https:\/\/www.globber.com\/ch\/de\/wp-json\/wp\/v2\/product"}],"about":[{"href":"https:\/\/www.globber.com\/ch\/de\/wp-json\/wp\/v2\/types\/product"}],"replies":[{"embeddable":true,"href":"https:\/\/www.globber.com\/ch\/de\/wp-json\/wp\/v2\/comments?post=5972"}],"wp:featuredmedia":[{"embeddable":true,"href":"https:\/\/www.globber.com\/ch\/de\/wp-json\/wp\/v2\/media\/13794"}],"wp:attachment":[{"href":"https:\/\/www.globber.com\/ch\/de\/wp-json\/wp\/v2\/media?parent=5972"}],"wp:term":[{"taxonomy":"product-special-badges","embeddable":true,"href":"https:\/\/www.globber.com\/ch\/de\/wp-json\/wp\/v2\/product-special-badges?post=5972"},{"taxonomy":"product_brand","embeddable":true,"href":"https:\/\/www.globber.com\/ch\/de\/wp-json\/wp\/v2\/product_brand?post=5972"},{"taxonomy":"product_cat","embeddable":true,"href":"https:\/\/www.globber.com\/ch\/de\/wp-json\/wp\/v2\/product_cat?post=5972"},{"taxonomy":"product_tag","embeddable":true,"href":"https:\/\/www.globber.com\/ch\/de\/wp-json\/wp\/v2\/product_tag?post=5972"}],"curies":[{"name":"wp","href":"https:\/\/api.w.org\/{rel}","templated":true}]}}