{"id":6008,"date":"2022-11-28T15:08:56","date_gmt":"2022-11-28T14:08:56","guid":{"rendered":"http:\/\/staging.globberscooter.com\/ch\/product\/flow-element-comfort\/"},"modified":"2026-04-16T17:13:33","modified_gmt":"2026-04-16T15:13:33","slug":"flow-element-comfort","status":"publish","type":"product","link":"https:\/\/www.globber.com\/ch\/de\/product\/flow-element-comfort\/","title":{"rendered":"Flow Element Comfort"},"content":{"rendered":"<p>Eine Neuinterpretation des klassischen Metall-Scooters, der FLOW ELEMENT COMFORT bietet ein vollst\u00e4ndig aus Aluminium gebautes Design mit einer Chromoberfl\u00e4che f\u00fcr zus\u00e4tzlichen Flair und eine Sto\u00dfd\u00e4mpfung f\u00fcr mehr Komfort. F\u00fcllen Sie die Tage mit abenteuerlichen Fahrten f\u00fcr die Kinder und Jugendlichen von morgen!<\/p>\n<p>Stylisch, schick und leicht \u2013 FLOW ELEMENT COMFORT f\u00fchrt die Reihe an mit einem patentierten Klappsystem, einer integrierten Vorderradfederung, lebendigen Chromfarben, einem 4-fach h\u00f6henverstellbaren Lenker mit faltbaren Griffen, trendigem anti-rutsch Griptape, einer robusten Hinterradbremse und hochwertigen 125mm R\u00e4dern\u2013 alles, um robuste Fahrten und maximalen Komfort zu bieten!<\/p>\n<p>Sei in deinem ELEMENT und genie\u00dfe die spa\u00dfigen Fahrten mit dem FLOW ELEMENT COMFORT!<\/p>\n","protected":false},"excerpt":{"rendered":"<p class=\"p1\"><b>Aluminium<\/b><strong>\u00a02-Rad-Scooter f\u00fcr Kinder und Jugendliche (ab 5 Jahren)<\/strong><\/p>\n","protected":false},"featured_media":4036,"comment_status":"open","ping_status":"closed","template":"","meta":{"_acf_changed":false,"inline_featured_image":false},"product-special-badges":[6275],"product_brand":[],"product_cat":[6274,4403,4401,4362,4361,3134,1696,1686,399,485],"product_tag":[3988],"class_list":{"0":"post-6008","1":"product","2":"type-product","3":"status-publish","4":"has-post-thumbnail","6":"product-badges-shock-absorbing","7":"product-badges-chrome","8":"product-badges-adjustable","9":"product-badges-foldable","10":"product_cat-sale","11":"product_cat-flow-serie-alle-erwachsenen-serien","12":"product_cat-flow-serie-all-teens-series","13":"product_cat-2-rad-teenager-scooter-125-mm-200-mm-globber-schweiz","14":"product_cat-2-raeder-kinder","15":"product_cat-alle-produkte","16":"product_cat-faltbare-roller","17":"product_cat-flow-serie","18":"product_cat-scooter-fuer-kinder","19":"product_cat-scooter-fuer-teenager","20":"product_tag-import","21":"pa_altersspanne-5j-bis-erwachsen","22":"pa_bremsen-mechanische-hinterradbremse-aluminium","23":"pa_color-blau","24":"pa_color-rosa","25":"pa_color-rot","26":"pa_deckmaterial-aluminium-sandgrip","27":"pa_ean-3391","28":"pa_ean-3394","29":"pa_ean-3393","30":"pa_einstellbar-ja","31":"pa_empfohlene-benutzerhoehe-105-200-cm","32":"pa_faltbar-yes","33":"pa_groesse-der-raeder-125mm-hinten-24mm-breit","34":"pa_groesse-der-raeder-125mm-vorne-24mm-breit","35":"pa_grose-der-brucke-b-11-2cm-x-l-54cm","36":"pa_hohen-der-t-stangen-80cm-85cm-90cm-95cm-vom-boden-aus","37":"pa_material-der-rader-pu-guss-mit-hoher-rueckfederung","38":"pa_maximales-benutzergewicht-100kg","39":"pa_produktgewicht-netto-3-40kg","40":"pa_produkttyp-city-scooter","42":"first","43":"instock","44":"sale","45":"taxable","46":"shipping-taxable","47":"purchasable","48":"product-type-variable"},"acf":[],"yoast_head":"<!-- This site is optimized with the Yoast SEO Premium plugin v20.12 (Yoast SEO v23.4) - https:\/\/yoast.com\/wordpress\/plugins\/seo\/ -->\n<title>Foldable Kick Scooter: FLOW ELEMENT COMFORT \u2013 Globber<\/title>\n<meta name=\"description\" content=\"A chrome ride for growing kids and teens! This 2-wheel scooter with a vibrant chrome finish delivers robust and fun rides. Get yours now!\" \/>\n<meta name=\"robots\" content=\"index, follow, max-snippet:-1, max-image-preview:large, max-video-preview:-1\" \/>\n<link rel=\"canonical\" href=\"https:\/\/www.globber.com\/ch\/de\/product\/flow-element-comfort\/\" \/>\n<meta property=\"og:locale\" content=\"de_DE\" \/>\n<meta property=\"og:type\" content=\"article\" \/>\n<meta property=\"og:title\" content=\"Foldable Kick Scooter: FLOW ELEMENT COMFORT \u2013 Globber\" \/>\n<meta property=\"og:description\" content=\"A chrome ride for growing kids and teens! This 2-wheel scooter with a vibrant chrome finish delivers robust and fun rides. Get yours now!\" \/>\n<meta property=\"og:url\" content=\"https:\/\/www.globber.com\/ch\/de\/product\/flow-element-comfort\/\" \/>\n<meta property=\"og:site_name\" content=\"Globber Scooter Schweiz\" \/>\n<meta property=\"article:modified_time\" content=\"2026-04-16T15:13:33+00:00\" \/>\n<meta property=\"og:image\" content=\"https:\/\/cdn.globber.com\/content\/2022\/11\/6383914a97844.jpg\" \/>\n\t<meta property=\"og:image:width\" content=\"1920\" \/>\n\t<meta property=\"og:image:height\" content=\"1920\" \/>\n\t<meta property=\"og:image:type\" content=\"image\/jpeg\" \/>\n<meta name=\"twitter:card\" content=\"summary_large_image\" \/>\n<meta name=\"twitter:label1\" content=\"Availability\" \/>\n\t<meta name=\"twitter:data1\" content=\"In stock\" \/>\n<script type=\"application\/ld+json\" class=\"yoast-schema-graph\">{\"@context\":\"https:\/\/schema.org\",\"@graph\":[{\"@type\":[\"WebPage\",\"ItemPage\"],\"@id\":\"https:\/\/www.globber.com\/ch\/de\/product\/flow-element-comfort\/\",\"url\":\"https:\/\/www.globber.com\/ch\/de\/product\/flow-element-comfort\/\",\"name\":\"Foldable Kick Scooter: FLOW ELEMENT COMFORT \u2013 Globber\",\"isPartOf\":{\"@id\":\"https:\/\/www.globber.com\/ch\/fr\/#website\"},\"primaryImageOfPage\":{\"@id\":\"https:\/\/www.globber.com\/ch\/de\/product\/flow-element-comfort\/#primaryimage\"},\"image\":{\"@id\":\"https:\/\/www.globber.com\/ch\/de\/product\/flow-element-comfort\/#primaryimage\"},\"thumbnailUrl\":\"https:\/\/cdn.globber.com\/content\/2022\/11\/6383914a97844.jpg\",\"datePublished\":\"2022-11-28T14:08:56+00:00\",\"dateModified\":\"2026-04-16T15:13:33+00:00\",\"description\":\"A chrome ride for growing kids and teens! This 2-wheel scooter with a vibrant chrome finish delivers robust and fun rides. Get yours now!\",\"breadcrumb\":{\"@id\":\"https:\/\/www.globber.com\/ch\/de\/product\/flow-element-comfort\/#breadcrumb\"},\"inLanguage\":\"de-CH\",\"potentialAction\":[{\"@type\":\"ReadAction\",\"target\":[\"https:\/\/www.globber.com\/ch\/de\/product\/flow-element-comfort\/\"]}]},{\"@type\":\"ImageObject\",\"inLanguage\":\"de-CH\",\"@id\":\"https:\/\/www.globber.com\/ch\/de\/product\/flow-element-comfort\/#primaryimage\",\"url\":\"https:\/\/cdn.globber.com\/content\/2022\/11\/6383914a97844.jpg\",\"contentUrl\":\"https:\/\/cdn.globber.com\/content\/2022\/11\/6383914a97844.jpg\",\"width\":1920,\"height\":1920},{\"@type\":\"BreadcrumbList\",\"@id\":\"https:\/\/www.globber.com\/ch\/de\/product\/flow-element-comfort\/#breadcrumb\",\"itemListElement\":[{\"@type\":\"ListItem\",\"position\":1,\"name\":\"Alle Produkte\",\"item\":\"https:\/\/www.globber.com\/ch\/de\/shop-nach-produkt\/\"},{\"@type\":\"ListItem\",\"position\":2,\"name\":\"Flow Element Comfort\"}]},{\"@type\":\"WebSite\",\"@id\":\"https:\/\/www.globber.com\/ch\/fr\/#website\",\"url\":\"https:\/\/www.globber.com\/ch\/fr\/\",\"name\":\"Globber Scooter Schweiz\",\"description\":\"Der offizielle Online Shop\",\"publisher\":{\"@id\":\"https:\/\/www.globber.com\/ch\/fr\/#organization\"},\"potentialAction\":[{\"@type\":\"SearchAction\",\"target\":{\"@type\":\"EntryPoint\",\"urlTemplate\":\"https:\/\/www.globber.com\/ch\/fr\/?s={search_term_string}\"},\"query-input\":{\"@type\":\"PropertyValueSpecification\",\"valueRequired\":true,\"valueName\":\"search_term_string\"}}],\"inLanguage\":\"de-CH\"},{\"@type\":\"Organization\",\"@id\":\"https:\/\/www.globber.com\/ch\/fr\/#organization\",\"name\":\"Globber Scooter Schweiz\",\"url\":\"https:\/\/www.globber.com\/ch\/fr\/\",\"logo\":{\"@type\":\"ImageObject\",\"inLanguage\":\"de-CH\",\"@id\":\"https:\/\/www.globber.com\/ch\/fr\/#\/schema\/logo\/image\/\",\"url\":\"https:\/\/cdn.globber.com\/content\/2024\/05\/logo.svg\",\"contentUrl\":\"https:\/\/cdn.globber.com\/content\/2024\/05\/logo.svg\",\"width\":601,\"height\":112,\"caption\":\"Globber Scooter Schweiz\"},\"image\":{\"@id\":\"https:\/\/www.globber.com\/ch\/fr\/#\/schema\/logo\/image\/\"}}]}<\/script>\n<meta property=\"og:availability\" content=\"instock\" \/>\n<meta property=\"product:availability\" content=\"instock\" \/>\n<meta property=\"product:retailer_item_id\" content=\"726-XXX\" \/>\n<meta property=\"product:condition\" content=\"new\" \/>\n<!-- \/ Yoast SEO Premium plugin. -->","yoast_head_json":{"title":"Foldable Kick Scooter: FLOW ELEMENT COMFORT \u2013 Globber","description":"A chrome ride for growing kids and teens! This 2-wheel scooter with a vibrant chrome finish delivers robust and fun rides. Get yours now!","robots":{"index":"index","follow":"follow","max-snippet":"max-snippet:-1","max-image-preview":"max-image-preview:large","max-video-preview":"max-video-preview:-1"},"canonical":"https:\/\/www.globber.com\/ch\/de\/product\/flow-element-comfort\/","og_locale":"de_DE","og_type":"article","og_title":"Foldable Kick Scooter: FLOW ELEMENT COMFORT \u2013 Globber","og_description":"A chrome ride for growing kids and teens! This 2-wheel scooter with a vibrant chrome finish delivers robust and fun rides. Get yours now!","og_url":"https:\/\/www.globber.com\/ch\/de\/product\/flow-element-comfort\/","og_site_name":"Globber Scooter Schweiz","article_modified_time":"2026-04-16T15:13:33+00:00","og_image":[{"width":1920,"height":1920,"url":"https:\/\/cdn.globber.com\/content\/2022\/11\/6383914a97844.jpg","type":"image\/jpeg"}],"twitter_card":"summary_large_image","twitter_misc":{"Availability":"In stock"},"schema":{"@context":"https:\/\/schema.org","@graph":[{"@type":["WebPage","ItemPage"],"@id":"https:\/\/www.globber.com\/ch\/de\/product\/flow-element-comfort\/","url":"https:\/\/www.globber.com\/ch\/de\/product\/flow-element-comfort\/","name":"Foldable Kick Scooter: FLOW ELEMENT COMFORT \u2013 Globber","isPartOf":{"@id":"https:\/\/www.globber.com\/ch\/fr\/#website"},"primaryImageOfPage":{"@id":"https:\/\/www.globber.com\/ch\/de\/product\/flow-element-comfort\/#primaryimage"},"image":{"@id":"https:\/\/www.globber.com\/ch\/de\/product\/flow-element-comfort\/#primaryimage"},"thumbnailUrl":"https:\/\/cdn.globber.com\/content\/2022\/11\/6383914a97844.jpg","datePublished":"2022-11-28T14:08:56+00:00","dateModified":"2026-04-16T15:13:33+00:00","description":"A chrome ride for growing kids and teens! This 2-wheel scooter with a vibrant chrome finish delivers robust and fun rides. Get yours now!","breadcrumb":{"@id":"https:\/\/www.globber.com\/ch\/de\/product\/flow-element-comfort\/#breadcrumb"},"inLanguage":"de-CH","potentialAction":[{"@type":"ReadAction","target":["https:\/\/www.globber.com\/ch\/de\/product\/flow-element-comfort\/"]}]},{"@type":"ImageObject","inLanguage":"de-CH","@id":"https:\/\/www.globber.com\/ch\/de\/product\/flow-element-comfort\/#primaryimage","url":"https:\/\/cdn.globber.com\/content\/2022\/11\/6383914a97844.jpg","contentUrl":"https:\/\/cdn.globber.com\/content\/2022\/11\/6383914a97844.jpg","width":1920,"height":1920},{"@type":"BreadcrumbList","@id":"https:\/\/www.globber.com\/ch\/de\/product\/flow-element-comfort\/#breadcrumb","itemListElement":[{"@type":"ListItem","position":1,"name":"Alle Produkte","item":"https:\/\/www.globber.com\/ch\/de\/shop-nach-produkt\/"},{"@type":"ListItem","position":2,"name":"Flow Element Comfort"}]},{"@type":"WebSite","@id":"https:\/\/www.globber.com\/ch\/fr\/#website","url":"https:\/\/www.globber.com\/ch\/fr\/","name":"Globber Scooter Schweiz","description":"Der offizielle Online Shop","publisher":{"@id":"https:\/\/www.globber.com\/ch\/fr\/#organization"},"potentialAction":[{"@type":"SearchAction","target":{"@type":"EntryPoint","urlTemplate":"https:\/\/www.globber.com\/ch\/fr\/?s={search_term_string}"},"query-input":{"@type":"PropertyValueSpecification","valueRequired":true,"valueName":"search_term_string"}}],"inLanguage":"de-CH"},{"@type":"Organization","@id":"https:\/\/www.globber.com\/ch\/fr\/#organization","name":"Globber Scooter Schweiz","url":"https:\/\/www.globber.com\/ch\/fr\/","logo":{"@type":"ImageObject","inLanguage":"de-CH","@id":"https:\/\/www.globber.com\/ch\/fr\/#\/schema\/logo\/image\/","url":"https:\/\/cdn.globber.com\/content\/2024\/05\/logo.svg","contentUrl":"https:\/\/cdn.globber.com\/content\/2024\/05\/logo.svg","width":601,"height":112,"caption":"Globber Scooter Schweiz"},"image":{"@id":"https:\/\/www.globber.com\/ch\/fr\/#\/schema\/logo\/image\/"}}]},"og_availability":"instock","product_availability":"instock","product_retailer_item_id":"726-XXX","product_condition":"new"},"_links":{"self":[{"href":"https:\/\/www.globber.com\/ch\/de\/wp-json\/wp\/v2\/product\/6008","targetHints":{"allow":["GET"]}}],"collection":[{"href":"https:\/\/www.globber.com\/ch\/de\/wp-json\/wp\/v2\/product"}],"about":[{"href":"https:\/\/www.globber.com\/ch\/de\/wp-json\/wp\/v2\/types\/product"}],"replies":[{"embeddable":true,"href":"https:\/\/www.globber.com\/ch\/de\/wp-json\/wp\/v2\/comments?post=6008"}],"wp:featuredmedia":[{"embeddable":true,"href":"https:\/\/www.globber.com\/ch\/de\/wp-json\/wp\/v2\/media\/4036"}],"wp:attachment":[{"href":"https:\/\/www.globber.com\/ch\/de\/wp-json\/wp\/v2\/media?parent=6008"}],"wp:term":[{"taxonomy":"product-special-badges","embeddable":true,"href":"https:\/\/www.globber.com\/ch\/de\/wp-json\/wp\/v2\/product-special-badges?post=6008"},{"taxonomy":"product_brand","embeddable":true,"href":"https:\/\/www.globber.com\/ch\/de\/wp-json\/wp\/v2\/product_brand?post=6008"},{"taxonomy":"product_cat","embeddable":true,"href":"https:\/\/www.globber.com\/ch\/de\/wp-json\/wp\/v2\/product_cat?post=6008"},{"taxonomy":"product_tag","embeddable":true,"href":"https:\/\/www.globber.com\/ch\/de\/wp-json\/wp\/v2\/product_tag?post=6008"}],"curies":[{"name":"wp","href":"https:\/\/api.w.org\/{rel}","templated":true}]}}