{"id":6016,"date":"2022-11-28T15:09:18","date_gmt":"2022-11-28T14:09:18","guid":{"rendered":"http:\/\/staging.globberscooter.com\/ch\/product\/nl-205\/"},"modified":"2026-04-30T13:18:07","modified_gmt":"2026-04-30T11:18:07","slug":"nl-205","status":"publish","type":"product","link":"https:\/\/www.globber.com\/ch\/de\/product\/nl-205\/","title":{"rendered":"NL 205"},"content":{"rendered":"<p class=\"p1\">NL 205 ist da, um deinem Bed\u00fcrfnis nach Geschwindigkeit gerecht zu werden, denn gro\u00dfe R\u00e4der bedeuten nicht mehr, dass sie nur f\u00fcr Erwachsene sind! Erreiche deine Rastpl\u00e4tze und Endziele schnell, w\u00e4hrend du durch die Stadt d\u00fcst, mit einem gro\u00dfartigen Set von R\u00e4dern, das perfekt f\u00fcr die urbane Szene ist.<\/p>\n<p class=\"p1\">Ausgestattet mit gro\u00dfen 205 mm PU gegossenen R\u00e4dern, einer integrierten Frontfederung, einem patentierten Faltsystem, einem robusten Aluminiumdeck und einem 3-fach h\u00f6henverstellbaren Lenker ist der NL 205 der Must-Have 2-Rad-Scooter f\u00fcr Kinder und Erwachsene in der Stadt!<\/p>\n","protected":false},"excerpt":{"rendered":"<p class=\"p1\"><strong>Gro\u00dfer 2-Rad-Scooter f\u00fcr Kinder und Teenager (ab 8 Jahren).<\/strong><\/p>\n","protected":false},"featured_media":3814,"comment_status":"open","ping_status":"closed","template":"","meta":{"_acf_changed":false,"inline_featured_image":false},"product-special-badges":[],"product_brand":[],"product_cat":[4364,4362,1687,1692,1695,1696,534,399,485],"product_tag":[3988],"class_list":{"0":"post-6016","1":"product","2":"type-product","3":"status-publish","4":"has-post-thumbnail","6":"product-badges-self-standing","7":"product-badges-handbrake","8":"product-badges-robust","9":"product-badges-adjustable","10":"product-badges-foldable","11":"product_cat-2-raeder-erwachsene","12":"product_cat-2-rad-teenager-scooter-125-mm-200-mm-globber-schweiz","13":"product_cat-nl-serie","14":"product_cat-2-rad-roller-fuer-alle-alter","15":"product_cat-grossrad-roller","16":"product_cat-faltbare-roller","17":"product_cat-scooter-fuer-erwachsene","18":"product_cat-scooter-fuer-kinder","19":"product_cat-scooter-fuer-teenager","20":"product_tag-import","21":"pa_altersspanne-8j-bis-erwachsen","22":"pa_bremsen-mechanisch-hintere-bremse-metall","23":"pa_color-hellblau","24":"pa_color-teal","25":"pa_color-rot","26":"pa_color-schwarz","27":"pa_deckmaterial-aluminium-sandgrip","28":"pa_ean-3399","29":"pa_ean-3401","30":"pa_ean-3402","31":"pa_ean-4642","32":"pa_einstellbar-ja","33":"pa_empfohlene-benutzerhoehe-120-200-cm","34":"pa_faltbar-yes","35":"pa_groesse-der-raeder-205mm-hinten-30mm-breit","36":"pa_groesse-der-raeder-205mm-vorne-30mm-hinten","37":"pa_grose-der-brucke-b-12cm-x-l-55cm","38":"pa_hohen-der-t-stangen-98-103-108cm-vom-boden-aus","39":"pa_material-der-rader-pu-guss-mit-hoher-rueckfederung","40":"pa_maximales-benutzergewicht-100kg","41":"pa_product-badges-einstellbar","42":"pa_product-badges-handbremse","43":"pa_product-badges-robustheit","44":"pa_product-badges-selbststehend","45":"pa_product-badges-zusammenklappbar","46":"pa_produktgewicht-netto-4-78kg","47":"pa_produktkategorien-scooter-fuer-kinder","48":"pa_produkttyp-city-scooter","49":"pa_radgrose-205mm-30mm-wide-front","50":"pa_radgrose-205mm-30mm-wide-rear","52":"first","53":"instock","54":"taxable","55":"shipping-taxable","56":"purchasable","57":"product-type-variable"},"acf":[],"yoast_head":"<!-- This site is optimized with the Yoast SEO Premium plugin v20.12 (Yoast SEO v23.4) - https:\/\/yoast.com\/wordpress\/plugins\/seo\/ -->\n<title>Big Wheel Scooter for Kids: NL 205 \u2013 Globber<\/title>\n<meta name=\"description\" content=\"Big wheels = Speedy rides. Scoot to your pit stops and final destinations quickly with a big wheel scooter that\u2019s perfect for the urban scene.\" \/>\n<meta name=\"robots\" content=\"index, follow, max-snippet:-1, max-image-preview:large, max-video-preview:-1\" \/>\n<link rel=\"canonical\" href=\"https:\/\/www.globber.com\/ch\/de\/product\/nl-205\/\" \/>\n<meta property=\"og:locale\" content=\"de_DE\" \/>\n<meta property=\"og:type\" content=\"article\" \/>\n<meta property=\"og:title\" content=\"Big Wheel Scooter for Kids: NL 205 \u2013 Globber\" \/>\n<meta property=\"og:description\" content=\"Big wheels = Speedy rides. Scoot to your pit stops and final destinations quickly with a big wheel scooter that\u2019s perfect for the urban scene.\" \/>\n<meta property=\"og:url\" content=\"https:\/\/www.globber.com\/ch\/de\/product\/nl-205\/\" \/>\n<meta property=\"og:site_name\" content=\"Globber Scooter Schweiz\" \/>\n<meta property=\"article:modified_time\" content=\"2026-04-30T11:18:07+00:00\" \/>\n<meta property=\"og:image\" content=\"https:\/\/cdn.globber.com\/content\/2022\/11\/63838b5105fc9.jpg\" \/>\n\t<meta property=\"og:image:width\" content=\"1920\" \/>\n\t<meta property=\"og:image:height\" content=\"1920\" \/>\n\t<meta property=\"og:image:type\" content=\"image\/jpeg\" \/>\n<meta name=\"twitter:card\" content=\"summary_large_image\" \/>\n<meta name=\"twitter:label1\" content=\"Availability\" \/>\n\t<meta name=\"twitter:data1\" content=\"In stock\" \/>\n<script type=\"application\/ld+json\" class=\"yoast-schema-graph\">{\"@context\":\"https:\/\/schema.org\",\"@graph\":[{\"@type\":[\"WebPage\",\"ItemPage\"],\"@id\":\"https:\/\/www.globber.com\/ch\/de\/product\/nl-205\/\",\"url\":\"https:\/\/www.globber.com\/ch\/de\/product\/nl-205\/\",\"name\":\"Big Wheel Scooter for Kids: NL 205 \u2013 Globber\",\"isPartOf\":{\"@id\":\"https:\/\/www.globber.com\/ch\/fr\/#website\"},\"primaryImageOfPage\":{\"@id\":\"https:\/\/www.globber.com\/ch\/de\/product\/nl-205\/#primaryimage\"},\"image\":{\"@id\":\"https:\/\/www.globber.com\/ch\/de\/product\/nl-205\/#primaryimage\"},\"thumbnailUrl\":\"https:\/\/cdn.globber.com\/content\/2022\/11\/63838b5105fc9.jpg\",\"datePublished\":\"2022-11-28T14:09:18+00:00\",\"dateModified\":\"2026-04-30T11:18:07+00:00\",\"description\":\"Big wheels = Speedy rides. Scoot to your pit stops and final destinations quickly with a big wheel scooter that\u2019s perfect for the urban scene.\",\"breadcrumb\":{\"@id\":\"https:\/\/www.globber.com\/ch\/de\/product\/nl-205\/#breadcrumb\"},\"inLanguage\":\"de-CH\",\"potentialAction\":[{\"@type\":\"ReadAction\",\"target\":[\"https:\/\/www.globber.com\/ch\/de\/product\/nl-205\/\"]}]},{\"@type\":\"ImageObject\",\"inLanguage\":\"de-CH\",\"@id\":\"https:\/\/www.globber.com\/ch\/de\/product\/nl-205\/#primaryimage\",\"url\":\"https:\/\/cdn.globber.com\/content\/2022\/11\/63838b5105fc9.jpg\",\"contentUrl\":\"https:\/\/cdn.globber.com\/content\/2022\/11\/63838b5105fc9.jpg\",\"width\":1920,\"height\":1920},{\"@type\":\"BreadcrumbList\",\"@id\":\"https:\/\/www.globber.com\/ch\/de\/product\/nl-205\/#breadcrumb\",\"itemListElement\":[{\"@type\":\"ListItem\",\"position\":1,\"name\":\"Alle Produkte\",\"item\":\"https:\/\/www.globber.com\/ch\/de\/shop-nach-produkt\/\"},{\"@type\":\"ListItem\",\"position\":2,\"name\":\"NL 205\"}]},{\"@type\":\"WebSite\",\"@id\":\"https:\/\/www.globber.com\/ch\/fr\/#website\",\"url\":\"https:\/\/www.globber.com\/ch\/fr\/\",\"name\":\"Globber Scooter Schweiz\",\"description\":\"Der offizielle Online Shop\",\"publisher\":{\"@id\":\"https:\/\/www.globber.com\/ch\/fr\/#organization\"},\"potentialAction\":[{\"@type\":\"SearchAction\",\"target\":{\"@type\":\"EntryPoint\",\"urlTemplate\":\"https:\/\/www.globber.com\/ch\/fr\/?s={search_term_string}\"},\"query-input\":{\"@type\":\"PropertyValueSpecification\",\"valueRequired\":true,\"valueName\":\"search_term_string\"}}],\"inLanguage\":\"de-CH\"},{\"@type\":\"Organization\",\"@id\":\"https:\/\/www.globber.com\/ch\/fr\/#organization\",\"name\":\"Globber Scooter Schweiz\",\"url\":\"https:\/\/www.globber.com\/ch\/fr\/\",\"logo\":{\"@type\":\"ImageObject\",\"inLanguage\":\"de-CH\",\"@id\":\"https:\/\/www.globber.com\/ch\/fr\/#\/schema\/logo\/image\/\",\"url\":\"https:\/\/cdn.globber.com\/content\/2024\/05\/logo.svg\",\"contentUrl\":\"https:\/\/cdn.globber.com\/content\/2024\/05\/logo.svg\",\"width\":601,\"height\":112,\"caption\":\"Globber Scooter Schweiz\"},\"image\":{\"@id\":\"https:\/\/www.globber.com\/ch\/fr\/#\/schema\/logo\/image\/\"}}]}<\/script>\n<meta property=\"og:availability\" content=\"instock\" \/>\n<meta property=\"product:availability\" content=\"instock\" \/>\n<meta property=\"product:retailer_item_id\" content=\"684-XXX-2\" \/>\n<meta property=\"product:condition\" content=\"new\" \/>\n<!-- \/ Yoast SEO Premium plugin. -->","yoast_head_json":{"title":"Big Wheel Scooter for Kids: NL 205 \u2013 Globber","description":"Big wheels = Speedy rides. Scoot to your pit stops and final destinations quickly with a big wheel scooter that\u2019s perfect for the urban scene.","robots":{"index":"index","follow":"follow","max-snippet":"max-snippet:-1","max-image-preview":"max-image-preview:large","max-video-preview":"max-video-preview:-1"},"canonical":"https:\/\/www.globber.com\/ch\/de\/product\/nl-205\/","og_locale":"de_DE","og_type":"article","og_title":"Big Wheel Scooter for Kids: NL 205 \u2013 Globber","og_description":"Big wheels = Speedy rides. Scoot to your pit stops and final destinations quickly with a big wheel scooter that\u2019s perfect for the urban scene.","og_url":"https:\/\/www.globber.com\/ch\/de\/product\/nl-205\/","og_site_name":"Globber Scooter Schweiz","article_modified_time":"2026-04-30T11:18:07+00:00","og_image":[{"width":1920,"height":1920,"url":"https:\/\/cdn.globber.com\/content\/2022\/11\/63838b5105fc9.jpg","type":"image\/jpeg"}],"twitter_card":"summary_large_image","twitter_misc":{"Availability":"In stock"},"schema":{"@context":"https:\/\/schema.org","@graph":[{"@type":["WebPage","ItemPage"],"@id":"https:\/\/www.globber.com\/ch\/de\/product\/nl-205\/","url":"https:\/\/www.globber.com\/ch\/de\/product\/nl-205\/","name":"Big Wheel Scooter for Kids: NL 205 \u2013 Globber","isPartOf":{"@id":"https:\/\/www.globber.com\/ch\/fr\/#website"},"primaryImageOfPage":{"@id":"https:\/\/www.globber.com\/ch\/de\/product\/nl-205\/#primaryimage"},"image":{"@id":"https:\/\/www.globber.com\/ch\/de\/product\/nl-205\/#primaryimage"},"thumbnailUrl":"https:\/\/cdn.globber.com\/content\/2022\/11\/63838b5105fc9.jpg","datePublished":"2022-11-28T14:09:18+00:00","dateModified":"2026-04-30T11:18:07+00:00","description":"Big wheels = Speedy rides. Scoot to your pit stops and final destinations quickly with a big wheel scooter that\u2019s perfect for the urban scene.","breadcrumb":{"@id":"https:\/\/www.globber.com\/ch\/de\/product\/nl-205\/#breadcrumb"},"inLanguage":"de-CH","potentialAction":[{"@type":"ReadAction","target":["https:\/\/www.globber.com\/ch\/de\/product\/nl-205\/"]}]},{"@type":"ImageObject","inLanguage":"de-CH","@id":"https:\/\/www.globber.com\/ch\/de\/product\/nl-205\/#primaryimage","url":"https:\/\/cdn.globber.com\/content\/2022\/11\/63838b5105fc9.jpg","contentUrl":"https:\/\/cdn.globber.com\/content\/2022\/11\/63838b5105fc9.jpg","width":1920,"height":1920},{"@type":"BreadcrumbList","@id":"https:\/\/www.globber.com\/ch\/de\/product\/nl-205\/#breadcrumb","itemListElement":[{"@type":"ListItem","position":1,"name":"Alle Produkte","item":"https:\/\/www.globber.com\/ch\/de\/shop-nach-produkt\/"},{"@type":"ListItem","position":2,"name":"NL 205"}]},{"@type":"WebSite","@id":"https:\/\/www.globber.com\/ch\/fr\/#website","url":"https:\/\/www.globber.com\/ch\/fr\/","name":"Globber Scooter Schweiz","description":"Der offizielle Online Shop","publisher":{"@id":"https:\/\/www.globber.com\/ch\/fr\/#organization"},"potentialAction":[{"@type":"SearchAction","target":{"@type":"EntryPoint","urlTemplate":"https:\/\/www.globber.com\/ch\/fr\/?s={search_term_string}"},"query-input":{"@type":"PropertyValueSpecification","valueRequired":true,"valueName":"search_term_string"}}],"inLanguage":"de-CH"},{"@type":"Organization","@id":"https:\/\/www.globber.com\/ch\/fr\/#organization","name":"Globber Scooter Schweiz","url":"https:\/\/www.globber.com\/ch\/fr\/","logo":{"@type":"ImageObject","inLanguage":"de-CH","@id":"https:\/\/www.globber.com\/ch\/fr\/#\/schema\/logo\/image\/","url":"https:\/\/cdn.globber.com\/content\/2024\/05\/logo.svg","contentUrl":"https:\/\/cdn.globber.com\/content\/2024\/05\/logo.svg","width":601,"height":112,"caption":"Globber Scooter Schweiz"},"image":{"@id":"https:\/\/www.globber.com\/ch\/fr\/#\/schema\/logo\/image\/"}}]},"og_availability":"instock","product_availability":"instock","product_retailer_item_id":"684-XXX-2","product_condition":"new"},"_links":{"self":[{"href":"https:\/\/www.globber.com\/ch\/de\/wp-json\/wp\/v2\/product\/6016","targetHints":{"allow":["GET"]}}],"collection":[{"href":"https:\/\/www.globber.com\/ch\/de\/wp-json\/wp\/v2\/product"}],"about":[{"href":"https:\/\/www.globber.com\/ch\/de\/wp-json\/wp\/v2\/types\/product"}],"replies":[{"embeddable":true,"href":"https:\/\/www.globber.com\/ch\/de\/wp-json\/wp\/v2\/comments?post=6016"}],"wp:featuredmedia":[{"embeddable":true,"href":"https:\/\/www.globber.com\/ch\/de\/wp-json\/wp\/v2\/media\/3814"}],"wp:attachment":[{"href":"https:\/\/www.globber.com\/ch\/de\/wp-json\/wp\/v2\/media?parent=6016"}],"wp:term":[{"taxonomy":"product-special-badges","embeddable":true,"href":"https:\/\/www.globber.com\/ch\/de\/wp-json\/wp\/v2\/product-special-badges?post=6016"},{"taxonomy":"product_brand","embeddable":true,"href":"https:\/\/www.globber.com\/ch\/de\/wp-json\/wp\/v2\/product_brand?post=6016"},{"taxonomy":"product_cat","embeddable":true,"href":"https:\/\/www.globber.com\/ch\/de\/wp-json\/wp\/v2\/product_cat?post=6016"},{"taxonomy":"product_tag","embeddable":true,"href":"https:\/\/www.globber.com\/ch\/de\/wp-json\/wp\/v2\/product_tag?post=6016"}],"curies":[{"name":"wp","href":"https:\/\/api.w.org\/{rel}","templated":true}]}}