{"id":6035,"date":"2022-11-28T15:10:04","date_gmt":"2022-11-28T14:10:04","guid":{"rendered":"http:\/\/staging.globberscooter.com\/ch\/product\/one-nl-205\/"},"modified":"2026-04-27T08:48:27","modified_gmt":"2026-04-27T06:48:27","slug":"one-nl-205","status":"publish","type":"product","link":"https:\/\/www.globber.com\/ch\/de\/product\/one-nl-205\/","title":{"rendered":"ONE NL 205"},"content":{"rendered":"<p class=\"\" data-start=\"103\" data-end=\"198\">Immer in Bewegung? Kein Problem \u2013 mit dem ONE NL 205 bist du in Sekundenschnelle startklar!<\/p>\n<p class=\"\" data-start=\"200\" data-end=\"504\">Der ONE NL 205 ist ein faltbarer Gro\u00dfrad-Scooter f\u00fcr Jugendliche ab 14 Jahren und Erwachsene, ausgestattet mit einem patentierten 1-Sekunden-Klappsystem: Einfach die Klemme an der Lenks\u00e4ule anheben und ziehen \u2013 und schon steht der Scooter selbstst\u00e4ndig oder ist platzsparend zusammengefaltet.<\/p>\n<p class=\"\" data-start=\"506\" data-end=\"732\">Der ONE NL 205 \u00fcberzeugt mit einer robusten 3-fach-Deckstruktur, einem h\u00f6henverstellbaren Aluminium-Lenker (3 Stufen), klappbaren Griffen und gro\u00dfen 205\u202fmm R\u00e4dern \u2013 perfekt f\u00fcr den t\u00e4glichen Stadtverkehr!<\/p>\n<p>&nbsp;<\/p>\n<p>&nbsp;<\/p>\n","protected":false},"excerpt":{"rendered":"<p><strong>1-Sekunden-Klapp-Scooter f\u00fcr Jugendliche &amp; Erwachsene (ab 14 Jahren)<\/strong><\/p>\n<p>&nbsp;<\/p>\n","protected":false},"featured_media":5417,"comment_status":"open","ping_status":"closed","template":"","meta":{"_acf_changed":false,"inline_featured_image":false},"product-special-badges":[6275],"product_brand":[],"product_cat":[6274,4364,4362,1689,1687,1692,1695,1696,534,485],"product_tag":[3988],"class_list":{"0":"post-6035","1":"product","2":"type-product","3":"status-publish","4":"has-post-thumbnail","6":"product-badges-self-standing","7":"product-badges-1-sec-folding","8":"product-badges-robust","9":"product-badges-adjustable","10":"product_cat-sale","11":"product_cat-2-raeder-erwachsene","12":"product_cat-2-rad-teenager-scooter-125-mm-200-mm-globber-schweiz","13":"product_cat-one-nl-serie","14":"product_cat-nl-serie","15":"product_cat-2-rad-roller-fuer-alle-alter","16":"product_cat-grossrad-roller","17":"product_cat-faltbare-roller","18":"product_cat-scooter-fuer-erwachsene","19":"product_cat-scooter-fuer-teenager","20":"product_tag-import","21":"pa_altersspanne-14j-bis-erwachsen","22":"pa_bremsen-mechanische-hinterradbremse-aluminium","23":"pa_color-grau","24":"pa_color-gruen","25":"pa_color-schwarz","26":"pa_color-weiss","27":"pa_deckmaterial-verbund-pp-faser-aluminium-rahmen-eva-schaum-klebeband","28":"pa_ean-3417","29":"pa_ean-3418","30":"pa_ean-3419","31":"pa_ean-4641","32":"pa_einstellbar-ja","33":"pa_empfohlene-benutzerhoehe-155-200-cm","34":"pa_faltbar-yes","35":"pa_groesse-der-raeder-205mm-hinten-30mm-breit","36":"pa_groesse-der-raeder-205mm-vorne-30mm-hinten","37":"pa_grose-der-brucke-b-14-2cm-x-l-70cm","38":"pa_hohen-der-t-stangen-101-106-111cm-vom-boden-aus","39":"pa_material-der-rader-pu-guss-mit-hoher-rueckfederung","40":"pa_maximales-benutzergewicht-100kg","41":"pa_product-badges-1-sekunden-faltung","42":"pa_product-badges-einstellbar","43":"pa_product-badges-robust","44":"pa_product-badges-selbststehend","45":"pa_produktgewicht-netto-4-94kg","46":"pa_produktkategorien-scooter-fuer-erwachsene","47":"pa_produkttyp-city-scooter","48":"pa_radgrose-205mm-30mm-wide-front","49":"pa_radgrose-205mm-30mm-wide-rear","51":"first","52":"instock","53":"sale","54":"taxable","55":"shipping-taxable","56":"purchasable","57":"product-type-variable"},"acf":[],"yoast_head":"<!-- This site is optimized with the Yoast SEO Premium plugin v20.12 (Yoast SEO v23.4) - https:\/\/yoast.com\/wordpress\/plugins\/seo\/ -->\n<title>Foldable 2-Wheel Scooter: ONE NL 205 \u2013 Globber<\/title>\n<meta name=\"description\" content=\"Ride, fold, and go\u2014there\u2019s not a second to waste! ONE NL 205 delivers a robust, durable ride for fast and convenient mobility within the city.\" \/>\n<meta name=\"robots\" content=\"index, follow, max-snippet:-1, max-image-preview:large, max-video-preview:-1\" \/>\n<link rel=\"canonical\" href=\"https:\/\/www.globber.com\/ch\/de\/product\/one-nl-205\/\" \/>\n<meta property=\"og:locale\" content=\"de_DE\" \/>\n<meta property=\"og:type\" content=\"article\" \/>\n<meta property=\"og:title\" content=\"Foldable 2-Wheel Scooter: ONE NL 205 \u2013 Globber\" \/>\n<meta property=\"og:description\" content=\"Ride, fold, and go\u2014there\u2019s not a second to waste! ONE NL 205 delivers a robust, durable ride for fast and convenient mobility within the city.\" \/>\n<meta property=\"og:url\" content=\"https:\/\/www.globber.com\/ch\/de\/product\/one-nl-205\/\" \/>\n<meta property=\"og:site_name\" content=\"Globber Scooter Schweiz\" \/>\n<meta property=\"article:modified_time\" content=\"2026-04-27T06:48:27+00:00\" \/>\n<meta property=\"og:image\" content=\"https:\/\/cdn.globber.com\/content\/2022\/11\/6383b79cd915a.jpg\" \/>\n\t<meta property=\"og:image:width\" content=\"1920\" \/>\n\t<meta property=\"og:image:height\" content=\"1920\" \/>\n\t<meta property=\"og:image:type\" content=\"image\/jpeg\" \/>\n<meta name=\"twitter:card\" content=\"summary_large_image\" \/>\n<meta name=\"twitter:label1\" content=\"Availability\" \/>\n\t<meta name=\"twitter:data1\" content=\"In stock\" \/>\n<script type=\"application\/ld+json\" class=\"yoast-schema-graph\">{\"@context\":\"https:\/\/schema.org\",\"@graph\":[{\"@type\":[\"WebPage\",\"ItemPage\"],\"@id\":\"https:\/\/www.globber.com\/ch\/de\/product\/one-nl-205\/\",\"url\":\"https:\/\/www.globber.com\/ch\/de\/product\/one-nl-205\/\",\"name\":\"Foldable 2-Wheel Scooter: ONE NL 205 \u2013 Globber\",\"isPartOf\":{\"@id\":\"https:\/\/www.globber.com\/ch\/fr\/#website\"},\"primaryImageOfPage\":{\"@id\":\"https:\/\/www.globber.com\/ch\/de\/product\/one-nl-205\/#primaryimage\"},\"image\":{\"@id\":\"https:\/\/www.globber.com\/ch\/de\/product\/one-nl-205\/#primaryimage\"},\"thumbnailUrl\":\"https:\/\/cdn.globber.com\/content\/2022\/11\/6383b79cd915a.jpg\",\"datePublished\":\"2022-11-28T14:10:04+00:00\",\"dateModified\":\"2026-04-27T06:48:27+00:00\",\"description\":\"Ride, fold, and go\u2014there\u2019s not a second to waste! ONE NL 205 delivers a robust, durable ride for fast and convenient mobility within the city.\",\"breadcrumb\":{\"@id\":\"https:\/\/www.globber.com\/ch\/de\/product\/one-nl-205\/#breadcrumb\"},\"inLanguage\":\"de-CH\",\"potentialAction\":[{\"@type\":\"ReadAction\",\"target\":[\"https:\/\/www.globber.com\/ch\/de\/product\/one-nl-205\/\"]}]},{\"@type\":\"ImageObject\",\"inLanguage\":\"de-CH\",\"@id\":\"https:\/\/www.globber.com\/ch\/de\/product\/one-nl-205\/#primaryimage\",\"url\":\"https:\/\/cdn.globber.com\/content\/2022\/11\/6383b79cd915a.jpg\",\"contentUrl\":\"https:\/\/cdn.globber.com\/content\/2022\/11\/6383b79cd915a.jpg\",\"width\":1920,\"height\":1920},{\"@type\":\"BreadcrumbList\",\"@id\":\"https:\/\/www.globber.com\/ch\/de\/product\/one-nl-205\/#breadcrumb\",\"itemListElement\":[{\"@type\":\"ListItem\",\"position\":1,\"name\":\"Alle Produkte\",\"item\":\"https:\/\/www.globber.com\/ch\/de\/shop-nach-produkt\/\"},{\"@type\":\"ListItem\",\"position\":2,\"name\":\"ONE NL 205\"}]},{\"@type\":\"WebSite\",\"@id\":\"https:\/\/www.globber.com\/ch\/fr\/#website\",\"url\":\"https:\/\/www.globber.com\/ch\/fr\/\",\"name\":\"Globber Scooter Schweiz\",\"description\":\"Der offizielle Online Shop\",\"publisher\":{\"@id\":\"https:\/\/www.globber.com\/ch\/fr\/#organization\"},\"potentialAction\":[{\"@type\":\"SearchAction\",\"target\":{\"@type\":\"EntryPoint\",\"urlTemplate\":\"https:\/\/www.globber.com\/ch\/fr\/?s={search_term_string}\"},\"query-input\":{\"@type\":\"PropertyValueSpecification\",\"valueRequired\":true,\"valueName\":\"search_term_string\"}}],\"inLanguage\":\"de-CH\"},{\"@type\":\"Organization\",\"@id\":\"https:\/\/www.globber.com\/ch\/fr\/#organization\",\"name\":\"Globber Scooter Schweiz\",\"url\":\"https:\/\/www.globber.com\/ch\/fr\/\",\"logo\":{\"@type\":\"ImageObject\",\"inLanguage\":\"de-CH\",\"@id\":\"https:\/\/www.globber.com\/ch\/fr\/#\/schema\/logo\/image\/\",\"url\":\"https:\/\/cdn.globber.com\/content\/2024\/05\/logo.svg\",\"contentUrl\":\"https:\/\/cdn.globber.com\/content\/2024\/05\/logo.svg\",\"width\":601,\"height\":112,\"caption\":\"Globber Scooter Schweiz\"},\"image\":{\"@id\":\"https:\/\/www.globber.com\/ch\/fr\/#\/schema\/logo\/image\/\"}}]}<\/script>\n<meta property=\"og:availability\" content=\"instock\" \/>\n<meta property=\"product:availability\" content=\"instock\" \/>\n<meta property=\"product:retailer_item_id\" content=\"477-XXX\" \/>\n<meta property=\"product:condition\" content=\"new\" \/>\n<!-- \/ Yoast SEO Premium plugin. -->","yoast_head_json":{"title":"Foldable 2-Wheel Scooter: ONE NL 205 \u2013 Globber","description":"Ride, fold, and go\u2014there\u2019s not a second to waste! ONE NL 205 delivers a robust, durable ride for fast and convenient mobility within the city.","robots":{"index":"index","follow":"follow","max-snippet":"max-snippet:-1","max-image-preview":"max-image-preview:large","max-video-preview":"max-video-preview:-1"},"canonical":"https:\/\/www.globber.com\/ch\/de\/product\/one-nl-205\/","og_locale":"de_DE","og_type":"article","og_title":"Foldable 2-Wheel Scooter: ONE NL 205 \u2013 Globber","og_description":"Ride, fold, and go\u2014there\u2019s not a second to waste! ONE NL 205 delivers a robust, durable ride for fast and convenient mobility within the city.","og_url":"https:\/\/www.globber.com\/ch\/de\/product\/one-nl-205\/","og_site_name":"Globber Scooter Schweiz","article_modified_time":"2026-04-27T06:48:27+00:00","og_image":[{"width":1920,"height":1920,"url":"https:\/\/cdn.globber.com\/content\/2022\/11\/6383b79cd915a.jpg","type":"image\/jpeg"}],"twitter_card":"summary_large_image","twitter_misc":{"Availability":"In stock"},"schema":{"@context":"https:\/\/schema.org","@graph":[{"@type":["WebPage","ItemPage"],"@id":"https:\/\/www.globber.com\/ch\/de\/product\/one-nl-205\/","url":"https:\/\/www.globber.com\/ch\/de\/product\/one-nl-205\/","name":"Foldable 2-Wheel Scooter: ONE NL 205 \u2013 Globber","isPartOf":{"@id":"https:\/\/www.globber.com\/ch\/fr\/#website"},"primaryImageOfPage":{"@id":"https:\/\/www.globber.com\/ch\/de\/product\/one-nl-205\/#primaryimage"},"image":{"@id":"https:\/\/www.globber.com\/ch\/de\/product\/one-nl-205\/#primaryimage"},"thumbnailUrl":"https:\/\/cdn.globber.com\/content\/2022\/11\/6383b79cd915a.jpg","datePublished":"2022-11-28T14:10:04+00:00","dateModified":"2026-04-27T06:48:27+00:00","description":"Ride, fold, and go\u2014there\u2019s not a second to waste! ONE NL 205 delivers a robust, durable ride for fast and convenient mobility within the city.","breadcrumb":{"@id":"https:\/\/www.globber.com\/ch\/de\/product\/one-nl-205\/#breadcrumb"},"inLanguage":"de-CH","potentialAction":[{"@type":"ReadAction","target":["https:\/\/www.globber.com\/ch\/de\/product\/one-nl-205\/"]}]},{"@type":"ImageObject","inLanguage":"de-CH","@id":"https:\/\/www.globber.com\/ch\/de\/product\/one-nl-205\/#primaryimage","url":"https:\/\/cdn.globber.com\/content\/2022\/11\/6383b79cd915a.jpg","contentUrl":"https:\/\/cdn.globber.com\/content\/2022\/11\/6383b79cd915a.jpg","width":1920,"height":1920},{"@type":"BreadcrumbList","@id":"https:\/\/www.globber.com\/ch\/de\/product\/one-nl-205\/#breadcrumb","itemListElement":[{"@type":"ListItem","position":1,"name":"Alle Produkte","item":"https:\/\/www.globber.com\/ch\/de\/shop-nach-produkt\/"},{"@type":"ListItem","position":2,"name":"ONE NL 205"}]},{"@type":"WebSite","@id":"https:\/\/www.globber.com\/ch\/fr\/#website","url":"https:\/\/www.globber.com\/ch\/fr\/","name":"Globber Scooter Schweiz","description":"Der offizielle Online Shop","publisher":{"@id":"https:\/\/www.globber.com\/ch\/fr\/#organization"},"potentialAction":[{"@type":"SearchAction","target":{"@type":"EntryPoint","urlTemplate":"https:\/\/www.globber.com\/ch\/fr\/?s={search_term_string}"},"query-input":{"@type":"PropertyValueSpecification","valueRequired":true,"valueName":"search_term_string"}}],"inLanguage":"de-CH"},{"@type":"Organization","@id":"https:\/\/www.globber.com\/ch\/fr\/#organization","name":"Globber Scooter Schweiz","url":"https:\/\/www.globber.com\/ch\/fr\/","logo":{"@type":"ImageObject","inLanguage":"de-CH","@id":"https:\/\/www.globber.com\/ch\/fr\/#\/schema\/logo\/image\/","url":"https:\/\/cdn.globber.com\/content\/2024\/05\/logo.svg","contentUrl":"https:\/\/cdn.globber.com\/content\/2024\/05\/logo.svg","width":601,"height":112,"caption":"Globber Scooter Schweiz"},"image":{"@id":"https:\/\/www.globber.com\/ch\/fr\/#\/schema\/logo\/image\/"}}]},"og_availability":"instock","product_availability":"instock","product_retailer_item_id":"477-XXX","product_condition":"new"},"_links":{"self":[{"href":"https:\/\/www.globber.com\/ch\/de\/wp-json\/wp\/v2\/product\/6035","targetHints":{"allow":["GET"]}}],"collection":[{"href":"https:\/\/www.globber.com\/ch\/de\/wp-json\/wp\/v2\/product"}],"about":[{"href":"https:\/\/www.globber.com\/ch\/de\/wp-json\/wp\/v2\/types\/product"}],"replies":[{"embeddable":true,"href":"https:\/\/www.globber.com\/ch\/de\/wp-json\/wp\/v2\/comments?post=6035"}],"wp:featuredmedia":[{"embeddable":true,"href":"https:\/\/www.globber.com\/ch\/de\/wp-json\/wp\/v2\/media\/5417"}],"wp:attachment":[{"href":"https:\/\/www.globber.com\/ch\/de\/wp-json\/wp\/v2\/media?parent=6035"}],"wp:term":[{"taxonomy":"product-special-badges","embeddable":true,"href":"https:\/\/www.globber.com\/ch\/de\/wp-json\/wp\/v2\/product-special-badges?post=6035"},{"taxonomy":"product_brand","embeddable":true,"href":"https:\/\/www.globber.com\/ch\/de\/wp-json\/wp\/v2\/product_brand?post=6035"},{"taxonomy":"product_cat","embeddable":true,"href":"https:\/\/www.globber.com\/ch\/de\/wp-json\/wp\/v2\/product_cat?post=6035"},{"taxonomy":"product_tag","embeddable":true,"href":"https:\/\/www.globber.com\/ch\/de\/wp-json\/wp\/v2\/product_tag?post=6035"}],"curies":[{"name":"wp","href":"https:\/\/api.w.org\/{rel}","templated":true}]}}