{"id":6119,"date":"2022-11-28T15:13:34","date_gmt":"2022-11-28T14:13:34","guid":{"rendered":"http:\/\/staging.globberscooter.com\/ch\/product\/kids-scooter-protective-gear-elbows-knees-wrists\/"},"modified":"2026-04-04T08:33:35","modified_gmt":"2026-04-04T06:33:35","slug":"schoner-junior-set-xxs","status":"publish","type":"product","link":"https:\/\/www.globber.com\/ch\/de\/product\/schoner-junior-set-xxs\/","title":{"rendered":"Schoner Junior Set |  XXS"},"content":{"rendered":"<p>Mit den speziell f\u00fcr junge Entdecker entwickelten JUNIOR-Schonern macht das Erforschen und Rollerfahren noch mehr Spa\u00df! Dieses Komplettpaket enth\u00e4lt Ellbogen-, Handgelenk- und Kniesch\u00fctzer, die jeweils mit extra Polsterung und leuchtenden Farben f\u00fcr maximale Sicherheit und Style sorgen. Erh\u00e4ltlich in den Gr\u00f6\u00dfen XXS und XS, sind diese Sch\u00fctzer genau das Richtige f\u00fcr Ihr Kind, um mit vollst\u00e4ndigem Schutz auf Entdeckungsreise zu gehen!<\/p>\n<p>Die JUNIOR Protektoren f\u00fcr Kinder verf\u00fcgen \u00fcber eine strapazierf\u00e4hige Hartschale, eine weiche Polyesterpolsterung und verstellbare Riemen f\u00fcr einen sicheren, stilvollen und bequemen Sitz!<\/p>\n","protected":false},"excerpt":{"rendered":"<p>Scooter-Schutzausr\u00fcstung f\u00fcr Kinder (XXS\/XS)<\/p>\n","protected":false},"featured_media":6971,"comment_status":"open","ping_status":"closed","template":"","meta":{"_acf_changed":false,"inline_featured_image":false},"product-special-badges":[],"product_brand":[],"product_cat":[601,593],"product_tag":[3988],"class_list":{"0":"post-6119","1":"product","2":"type-product","3":"status-publish","4":"has-post-thumbnail","6":"product-badges-safe","7":"product-badges-comfortable","8":"product_cat-scooter-zubehoer","9":"product_cat-schutzmittel","10":"product_tag-import","11":"pa_color-dunkelblau","12":"pa_color-pink","13":"pa_ean-3502","14":"pa_ean-3504","15":"pa_product-badges-bequem","16":"pa_product-badges-sicher","17":"pa_produktkategorien-schutzausruestung-helme-knie-und-ellbogenschuetzer","19":"first","20":"instock","21":"taxable","22":"shipping-taxable","23":"purchasable","24":"product-type-variable"},"acf":[],"yoast_head":"<!-- This site is optimized with the Yoast SEO Premium plugin v20.12 (Yoast SEO v23.4) - https:\/\/yoast.com\/wordpress\/plugins\/seo\/ -->\n<title>Scooter Safety Gear: Kids Scooter Protective Gear \u2013 Globber<\/title>\n<meta name=\"description\" content=\"Discover this scooter protective gear for kids, especially designed to protect the elbows, wrists and knees from scrapes. A must-have item for active children!\" \/>\n<meta name=\"robots\" content=\"index, follow, max-snippet:-1, max-image-preview:large, max-video-preview:-1\" \/>\n<link rel=\"canonical\" href=\"https:\/\/www.globber.com\/ch\/de\/product\/schoner-junior-set-xxs\/\" \/>\n<meta property=\"og:locale\" content=\"de_DE\" \/>\n<meta property=\"og:type\" content=\"article\" \/>\n<meta property=\"og:title\" content=\"Scooter Safety Gear: Kids Scooter Protective Gear \u2013 Globber\" \/>\n<meta property=\"og:description\" content=\"Discover this scooter protective gear for kids, especially designed to protect the elbows, wrists and knees from scrapes. A must-have item for active children!\" \/>\n<meta property=\"og:url\" content=\"https:\/\/www.globber.com\/ch\/de\/product\/schoner-junior-set-xxs\/\" \/>\n<meta property=\"og:site_name\" content=\"Globber Scooter Schweiz\" \/>\n<meta property=\"article:modified_time\" content=\"2026-04-04T06:33:35+00:00\" \/>\n<meta property=\"og:image\" content=\"https:\/\/cdn.globber.com\/content\/2022\/11\/scooter-safety-gear.jpg\" \/>\n\t<meta property=\"og:image:width\" content=\"1920\" \/>\n\t<meta property=\"og:image:height\" content=\"1920\" \/>\n\t<meta property=\"og:image:type\" content=\"image\/jpeg\" \/>\n<meta name=\"twitter:card\" content=\"summary_large_image\" \/>\n<meta name=\"twitter:label1\" content=\"Availability\" \/>\n\t<meta name=\"twitter:data1\" content=\"In stock\" \/>\n<script type=\"application\/ld+json\" class=\"yoast-schema-graph\">{\"@context\":\"https:\/\/schema.org\",\"@graph\":[{\"@type\":[\"WebPage\",\"ItemPage\"],\"@id\":\"https:\/\/www.globber.com\/ch\/de\/product\/schoner-junior-set-xxs\/\",\"url\":\"https:\/\/www.globber.com\/ch\/de\/product\/schoner-junior-set-xxs\/\",\"name\":\"Scooter Safety Gear: Kids Scooter Protective Gear \u2013 Globber\",\"isPartOf\":{\"@id\":\"https:\/\/www.globber.com\/ch\/fr\/#website\"},\"primaryImageOfPage\":{\"@id\":\"https:\/\/www.globber.com\/ch\/de\/product\/schoner-junior-set-xxs\/#primaryimage\"},\"image\":{\"@id\":\"https:\/\/www.globber.com\/ch\/de\/product\/schoner-junior-set-xxs\/#primaryimage\"},\"thumbnailUrl\":\"https:\/\/cdn.globber.com\/content\/2022\/11\/scooter-safety-gear.jpg\",\"datePublished\":\"2022-11-28T14:13:34+00:00\",\"dateModified\":\"2026-04-04T06:33:35+00:00\",\"description\":\"Discover this scooter protective gear for kids, especially designed to protect the elbows, wrists and knees from scrapes. A must-have item for active children!\",\"breadcrumb\":{\"@id\":\"https:\/\/www.globber.com\/ch\/de\/product\/schoner-junior-set-xxs\/#breadcrumb\"},\"inLanguage\":\"de-CH\",\"potentialAction\":[{\"@type\":\"ReadAction\",\"target\":[\"https:\/\/www.globber.com\/ch\/de\/product\/schoner-junior-set-xxs\/\"]}]},{\"@type\":\"ImageObject\",\"inLanguage\":\"de-CH\",\"@id\":\"https:\/\/www.globber.com\/ch\/de\/product\/schoner-junior-set-xxs\/#primaryimage\",\"url\":\"https:\/\/cdn.globber.com\/content\/2022\/11\/scooter-safety-gear.jpg\",\"contentUrl\":\"https:\/\/cdn.globber.com\/content\/2022\/11\/scooter-safety-gear.jpg\",\"width\":1920,\"height\":1920},{\"@type\":\"BreadcrumbList\",\"@id\":\"https:\/\/www.globber.com\/ch\/de\/product\/schoner-junior-set-xxs\/#breadcrumb\",\"itemListElement\":[{\"@type\":\"ListItem\",\"position\":1,\"name\":\"Alle Produkte\",\"item\":\"https:\/\/www.globber.com\/ch\/de\/shop-nach-produkt\/\"},{\"@type\":\"ListItem\",\"position\":2,\"name\":\"Schoner Junior Set | XXS\"}]},{\"@type\":\"WebSite\",\"@id\":\"https:\/\/www.globber.com\/ch\/fr\/#website\",\"url\":\"https:\/\/www.globber.com\/ch\/fr\/\",\"name\":\"Globber Scooter Schweiz\",\"description\":\"Der offizielle Online Shop\",\"publisher\":{\"@id\":\"https:\/\/www.globber.com\/ch\/fr\/#organization\"},\"potentialAction\":[{\"@type\":\"SearchAction\",\"target\":{\"@type\":\"EntryPoint\",\"urlTemplate\":\"https:\/\/www.globber.com\/ch\/fr\/?s={search_term_string}\"},\"query-input\":{\"@type\":\"PropertyValueSpecification\",\"valueRequired\":true,\"valueName\":\"search_term_string\"}}],\"inLanguage\":\"de-CH\"},{\"@type\":\"Organization\",\"@id\":\"https:\/\/www.globber.com\/ch\/fr\/#organization\",\"name\":\"Globber Scooter Schweiz\",\"url\":\"https:\/\/www.globber.com\/ch\/fr\/\",\"logo\":{\"@type\":\"ImageObject\",\"inLanguage\":\"de-CH\",\"@id\":\"https:\/\/www.globber.com\/ch\/fr\/#\/schema\/logo\/image\/\",\"url\":\"https:\/\/cdn.globber.com\/content\/2024\/05\/logo.svg\",\"contentUrl\":\"https:\/\/cdn.globber.com\/content\/2024\/05\/logo.svg\",\"width\":601,\"height\":112,\"caption\":\"Globber Scooter Schweiz\"},\"image\":{\"@id\":\"https:\/\/www.globber.com\/ch\/fr\/#\/schema\/logo\/image\/\"}}]}<\/script>\n<meta property=\"og:availability\" content=\"instock\" \/>\n<meta property=\"product:availability\" content=\"instock\" \/>\n<meta property=\"product:retailer_item_id\" content=\"540-XXX\" \/>\n<meta property=\"product:condition\" content=\"new\" \/>\n<!-- \/ Yoast SEO Premium plugin. -->","yoast_head_json":{"title":"Scooter Safety Gear: Kids Scooter Protective Gear \u2013 Globber","description":"Discover this scooter protective gear for kids, especially designed to protect the elbows, wrists and knees from scrapes. A must-have item for active children!","robots":{"index":"index","follow":"follow","max-snippet":"max-snippet:-1","max-image-preview":"max-image-preview:large","max-video-preview":"max-video-preview:-1"},"canonical":"https:\/\/www.globber.com\/ch\/de\/product\/schoner-junior-set-xxs\/","og_locale":"de_DE","og_type":"article","og_title":"Scooter Safety Gear: Kids Scooter Protective Gear \u2013 Globber","og_description":"Discover this scooter protective gear for kids, especially designed to protect the elbows, wrists and knees from scrapes. A must-have item for active children!","og_url":"https:\/\/www.globber.com\/ch\/de\/product\/schoner-junior-set-xxs\/","og_site_name":"Globber Scooter Schweiz","article_modified_time":"2026-04-04T06:33:35+00:00","og_image":[{"width":1920,"height":1920,"url":"https:\/\/cdn.globber.com\/content\/2022\/11\/scooter-safety-gear.jpg","type":"image\/jpeg"}],"twitter_card":"summary_large_image","twitter_misc":{"Availability":"In stock"},"schema":{"@context":"https:\/\/schema.org","@graph":[{"@type":["WebPage","ItemPage"],"@id":"https:\/\/www.globber.com\/ch\/de\/product\/schoner-junior-set-xxs\/","url":"https:\/\/www.globber.com\/ch\/de\/product\/schoner-junior-set-xxs\/","name":"Scooter Safety Gear: Kids Scooter Protective Gear \u2013 Globber","isPartOf":{"@id":"https:\/\/www.globber.com\/ch\/fr\/#website"},"primaryImageOfPage":{"@id":"https:\/\/www.globber.com\/ch\/de\/product\/schoner-junior-set-xxs\/#primaryimage"},"image":{"@id":"https:\/\/www.globber.com\/ch\/de\/product\/schoner-junior-set-xxs\/#primaryimage"},"thumbnailUrl":"https:\/\/cdn.globber.com\/content\/2022\/11\/scooter-safety-gear.jpg","datePublished":"2022-11-28T14:13:34+00:00","dateModified":"2026-04-04T06:33:35+00:00","description":"Discover this scooter protective gear for kids, especially designed to protect the elbows, wrists and knees from scrapes. A must-have item for active children!","breadcrumb":{"@id":"https:\/\/www.globber.com\/ch\/de\/product\/schoner-junior-set-xxs\/#breadcrumb"},"inLanguage":"de-CH","potentialAction":[{"@type":"ReadAction","target":["https:\/\/www.globber.com\/ch\/de\/product\/schoner-junior-set-xxs\/"]}]},{"@type":"ImageObject","inLanguage":"de-CH","@id":"https:\/\/www.globber.com\/ch\/de\/product\/schoner-junior-set-xxs\/#primaryimage","url":"https:\/\/cdn.globber.com\/content\/2022\/11\/scooter-safety-gear.jpg","contentUrl":"https:\/\/cdn.globber.com\/content\/2022\/11\/scooter-safety-gear.jpg","width":1920,"height":1920},{"@type":"BreadcrumbList","@id":"https:\/\/www.globber.com\/ch\/de\/product\/schoner-junior-set-xxs\/#breadcrumb","itemListElement":[{"@type":"ListItem","position":1,"name":"Alle Produkte","item":"https:\/\/www.globber.com\/ch\/de\/shop-nach-produkt\/"},{"@type":"ListItem","position":2,"name":"Schoner Junior Set | XXS"}]},{"@type":"WebSite","@id":"https:\/\/www.globber.com\/ch\/fr\/#website","url":"https:\/\/www.globber.com\/ch\/fr\/","name":"Globber Scooter Schweiz","description":"Der offizielle Online Shop","publisher":{"@id":"https:\/\/www.globber.com\/ch\/fr\/#organization"},"potentialAction":[{"@type":"SearchAction","target":{"@type":"EntryPoint","urlTemplate":"https:\/\/www.globber.com\/ch\/fr\/?s={search_term_string}"},"query-input":{"@type":"PropertyValueSpecification","valueRequired":true,"valueName":"search_term_string"}}],"inLanguage":"de-CH"},{"@type":"Organization","@id":"https:\/\/www.globber.com\/ch\/fr\/#organization","name":"Globber Scooter Schweiz","url":"https:\/\/www.globber.com\/ch\/fr\/","logo":{"@type":"ImageObject","inLanguage":"de-CH","@id":"https:\/\/www.globber.com\/ch\/fr\/#\/schema\/logo\/image\/","url":"https:\/\/cdn.globber.com\/content\/2024\/05\/logo.svg","contentUrl":"https:\/\/cdn.globber.com\/content\/2024\/05\/logo.svg","width":601,"height":112,"caption":"Globber Scooter Schweiz"},"image":{"@id":"https:\/\/www.globber.com\/ch\/fr\/#\/schema\/logo\/image\/"}}]},"og_availability":"instock","product_availability":"instock","product_retailer_item_id":"540-XXX","product_condition":"new"},"_links":{"self":[{"href":"https:\/\/www.globber.com\/ch\/de\/wp-json\/wp\/v2\/product\/6119","targetHints":{"allow":["GET"]}}],"collection":[{"href":"https:\/\/www.globber.com\/ch\/de\/wp-json\/wp\/v2\/product"}],"about":[{"href":"https:\/\/www.globber.com\/ch\/de\/wp-json\/wp\/v2\/types\/product"}],"replies":[{"embeddable":true,"href":"https:\/\/www.globber.com\/ch\/de\/wp-json\/wp\/v2\/comments?post=6119"}],"wp:featuredmedia":[{"embeddable":true,"href":"https:\/\/www.globber.com\/ch\/de\/wp-json\/wp\/v2\/media\/6971"}],"wp:attachment":[{"href":"https:\/\/www.globber.com\/ch\/de\/wp-json\/wp\/v2\/media?parent=6119"}],"wp:term":[{"taxonomy":"product-special-badges","embeddable":true,"href":"https:\/\/www.globber.com\/ch\/de\/wp-json\/wp\/v2\/product-special-badges?post=6119"},{"taxonomy":"product_brand","embeddable":true,"href":"https:\/\/www.globber.com\/ch\/de\/wp-json\/wp\/v2\/product_brand?post=6119"},{"taxonomy":"product_cat","embeddable":true,"href":"https:\/\/www.globber.com\/ch\/de\/wp-json\/wp\/v2\/product_cat?post=6119"},{"taxonomy":"product_tag","embeddable":true,"href":"https:\/\/www.globber.com\/ch\/de\/wp-json\/wp\/v2\/product_tag?post=6119"}],"curies":[{"name":"wp","href":"https:\/\/api.w.org\/{rel}","templated":true}]}}