{"id":6156,"date":"2022-11-28T09:44:27","date_gmt":"2022-11-28T09:44:27","guid":{"rendered":"http:\/\/staging.globberscooter.com\/ch\/product\/explorer-trike-4in1-deluxe-play\/"},"modified":"2026-01-08T14:52:09","modified_gmt":"2026-01-08T13:52:09","slug":"explorer-trike-4in1-deluxe-play","status":"publish","type":"product","link":"https:\/\/www.globber.com\/ch\/de\/product\/explorer-trike-4in1-deluxe-play\/","title":{"rendered":"Trike Explorer 4 in 1 Deluxe Play"},"content":{"rendered":"<p data-start=\"0\" data-end=\"351\">Bring Licht in deinen Tag und entdecke die Welt auf R\u00e4dern! Das EXPLORER TRIKE 4in1 DELUXE PLAY ist ein All-in-One Babydreirad f\u00fcr Einj\u00e4hrige und bietet 4 verschiedene Stufen: Babydreirad (10\u201336M), gef\u00fchrtes Dreirad (18\u201336M), Trainingsdreirad (24\u201336M) und Laufrad (2\u20135J) \u2013 so passt es sich ganz einfach an die Entwicklung deines Kindes an.<\/p>\n<p data-start=\"353\" data-end=\"862\">Das EXPLORER TRIKE 4in1 DELUXE PLAY ist mit einem LED-Licht- und Soundmodul f\u00fcr sensorisches Spielen, einem 100\u202f% werkzeuglosen Design (kein Werkzeug zum Umbauen n\u00f6tig!), einem patentierten Radmechanismus, einem 2-fach h\u00f6henverstellbaren Elternlenker, einem 2-fach h\u00f6henverstellbaren Sattel, einem hohen Sitz mit R\u00fcckenlehne, einer abnehmbaren Fu\u00dfst\u00fctze, EVA-Schaumstoffr\u00e4dern und weiteren praktischen Zubeh\u00f6rteilen ausgestattet \u2013 f\u00fcr noch mehr Funktionalit\u00e4t und Spa\u00df!<\/p>\n","protected":false},"excerpt":{"rendered":"<article dir=\"auto\" data-testid=\"conversation-turn-468\" data-scroll-anchor=\"true\">\n<div>\n<div>\n<div>\n<div>\n<div>\n<div dir=\"auto\" data-message-author-role=\"assistant\" data-message-id=\"8ca4e11f-a46a-483d-b79e-1c644be13b12\" data-message-model-slug=\"gpt-4o\">\n<div>\n<div>\n<p data-start=\"0\" data-end=\"36\"><strong>All-in-One Trainingsdreirad (10M\u20135J)<\/strong><\/p>\n<\/div>\n<\/div>\n<\/div>\n<\/div>\n<\/div>\n<\/div>\n<\/div>\n<\/div>\n<\/article>\n","protected":false},"featured_media":5526,"comment_status":"open","ping_status":"closed","template":"","meta":{"_acf_changed":false,"inline_featured_image":false},"product-special-badges":[],"product_brand":[],"product_cat":[4477,3559,1243],"product_tag":[3988],"class_list":{"0":"post-6156","1":"product","2":"type-product","3":"status-publish","4":"has-post-thumbnail","6":"product-badges-transformable","7":"product-badges-tool-less","8":"product-badges-all-in-one","9":"product_cat-kleinkinder-produkte","10":"product_cat-baby-dreiraeder","11":"product_cat-entdecker-trike-serie","12":"product_tag-import","13":"pa_altersspanne-10m-5j","14":"pa_color-grau","15":"pa_ean-3176","16":"pa_einstellbar-ja","17":"pa_empfohlene-benutzerhoehe-65-105-cm","18":"pa_faltbar-no","19":"pa_groesse-der-raeder-220mm-36mm-breit","20":"pa_groesse-der-raeder-250mm-44mm-breit","21":"pa_material-der-rader-eva-schaum","22":"pa_maximales-benutzergewicht-20kg","23":"pa_produktgewicht-netto-7-12kg","24":"pa_sitzhoehen-sattel-31-34cm-vom-boden-aus-sitz-mit-hoher-rueckenlehne-32-35cm-vom-boden-aus","26":"first","27":"instock","28":"taxable","29":"shipping-taxable","30":"product-type-simple"},"acf":[],"yoast_head":"<!-- This site is optimized with the Yoast SEO Premium plugin v20.12 (Yoast SEO v23.4) - https:\/\/yoast.com\/wordpress\/plugins\/seo\/ -->\n<title>4-in-1 Tricycle: EXPLORER TRIKE 4in1 DELUXE PLAY \u2013 Globber<\/title>\n<meta name=\"description\" content=\"Light up your day with this tricycle for 1 year olds and start exploring on wheels! Easily transform into 4 riding modes as your child grows. Find out more!\" \/>\n<meta name=\"robots\" content=\"index, follow, max-snippet:-1, max-image-preview:large, max-video-preview:-1\" \/>\n<link rel=\"canonical\" href=\"https:\/\/www.globber.com\/ch\/de\/product\/explorer-trike-4in1-deluxe-play\/\" \/>\n<meta property=\"og:locale\" content=\"de_DE\" \/>\n<meta property=\"og:type\" content=\"article\" \/>\n<meta property=\"og:title\" content=\"4-in-1 Tricycle: EXPLORER TRIKE 4in1 DELUXE PLAY \u2013 Globber\" \/>\n<meta property=\"og:description\" content=\"Light up your day with this tricycle for 1 year olds and start exploring on wheels! Easily transform into 4 riding modes as your child grows. Find out more!\" \/>\n<meta property=\"og:url\" content=\"https:\/\/www.globber.com\/ch\/de\/product\/explorer-trike-4in1-deluxe-play\/\" \/>\n<meta property=\"og:site_name\" content=\"Globber Scooter Schweiz\" \/>\n<meta property=\"article:modified_time\" content=\"2026-01-08T13:52:09+00:00\" \/>\n<meta property=\"og:image\" content=\"https:\/\/cdn.globber.com\/content\/2022\/11\/6383ba72381a0.jpg\" \/>\n\t<meta property=\"og:image:width\" content=\"1920\" \/>\n\t<meta property=\"og:image:height\" content=\"1920\" \/>\n\t<meta property=\"og:image:type\" content=\"image\/jpeg\" \/>\n<meta name=\"twitter:card\" content=\"summary_large_image\" \/>\n<meta name=\"twitter:label1\" content=\"Price\" \/>\n\t<meta name=\"twitter:data1\" content=\"\" \/>\n\t<meta name=\"twitter:label2\" content=\"Availability\" \/>\n\t<meta name=\"twitter:data2\" content=\"In stock\" \/>\n<script type=\"application\/ld+json\" class=\"yoast-schema-graph\">{\"@context\":\"https:\/\/schema.org\",\"@graph\":[{\"@type\":[\"WebPage\",\"ItemPage\"],\"@id\":\"https:\/\/www.globber.com\/ch\/de\/product\/explorer-trike-4in1-deluxe-play\/\",\"url\":\"https:\/\/www.globber.com\/ch\/de\/product\/explorer-trike-4in1-deluxe-play\/\",\"name\":\"4-in-1 Tricycle: EXPLORER TRIKE 4in1 DELUXE PLAY \u2013 Globber\",\"isPartOf\":{\"@id\":\"https:\/\/www.globber.com\/ch\/fr\/#website\"},\"primaryImageOfPage\":{\"@id\":\"https:\/\/www.globber.com\/ch\/de\/product\/explorer-trike-4in1-deluxe-play\/#primaryimage\"},\"image\":{\"@id\":\"https:\/\/www.globber.com\/ch\/de\/product\/explorer-trike-4in1-deluxe-play\/#primaryimage\"},\"thumbnailUrl\":\"https:\/\/cdn.globber.com\/content\/2022\/11\/6383ba72381a0.jpg\",\"datePublished\":\"2022-11-28T09:44:27+00:00\",\"dateModified\":\"2026-01-08T13:52:09+00:00\",\"description\":\"Light up your day with this tricycle for 1 year olds and start exploring on wheels! Easily transform into 4 riding modes as your child grows. Find out more!\",\"breadcrumb\":{\"@id\":\"https:\/\/www.globber.com\/ch\/de\/product\/explorer-trike-4in1-deluxe-play\/#breadcrumb\"},\"inLanguage\":\"de-CH\",\"potentialAction\":[{\"@type\":\"ReadAction\",\"target\":[\"https:\/\/www.globber.com\/ch\/de\/product\/explorer-trike-4in1-deluxe-play\/\"]}]},{\"@type\":\"ImageObject\",\"inLanguage\":\"de-CH\",\"@id\":\"https:\/\/www.globber.com\/ch\/de\/product\/explorer-trike-4in1-deluxe-play\/#primaryimage\",\"url\":\"https:\/\/cdn.globber.com\/content\/2022\/11\/6383ba72381a0.jpg\",\"contentUrl\":\"https:\/\/cdn.globber.com\/content\/2022\/11\/6383ba72381a0.jpg\",\"width\":1920,\"height\":1920},{\"@type\":\"BreadcrumbList\",\"@id\":\"https:\/\/www.globber.com\/ch\/de\/product\/explorer-trike-4in1-deluxe-play\/#breadcrumb\",\"itemListElement\":[{\"@type\":\"ListItem\",\"position\":1,\"name\":\"Alle Produkte\",\"item\":\"https:\/\/www.globber.com\/ch\/de\/shop-nach-produkt\/\"},{\"@type\":\"ListItem\",\"position\":2,\"name\":\"Trike Explorer 4 in 1 Deluxe Play\"}]},{\"@type\":\"WebSite\",\"@id\":\"https:\/\/www.globber.com\/ch\/fr\/#website\",\"url\":\"https:\/\/www.globber.com\/ch\/fr\/\",\"name\":\"Globber Scooter Schweiz\",\"description\":\"Der offizielle Online Shop\",\"publisher\":{\"@id\":\"https:\/\/www.globber.com\/ch\/fr\/#organization\"},\"potentialAction\":[{\"@type\":\"SearchAction\",\"target\":{\"@type\":\"EntryPoint\",\"urlTemplate\":\"https:\/\/www.globber.com\/ch\/fr\/?s={search_term_string}\"},\"query-input\":{\"@type\":\"PropertyValueSpecification\",\"valueRequired\":true,\"valueName\":\"search_term_string\"}}],\"inLanguage\":\"de-CH\"},{\"@type\":\"Organization\",\"@id\":\"https:\/\/www.globber.com\/ch\/fr\/#organization\",\"name\":\"Globber Scooter Schweiz\",\"url\":\"https:\/\/www.globber.com\/ch\/fr\/\",\"logo\":{\"@type\":\"ImageObject\",\"inLanguage\":\"de-CH\",\"@id\":\"https:\/\/www.globber.com\/ch\/fr\/#\/schema\/logo\/image\/\",\"url\":\"https:\/\/cdn.globber.com\/content\/2024\/05\/logo.svg\",\"contentUrl\":\"https:\/\/cdn.globber.com\/content\/2024\/05\/logo.svg\",\"width\":601,\"height\":112,\"caption\":\"Globber Scooter Schweiz\"},\"image\":{\"@id\":\"https:\/\/www.globber.com\/ch\/fr\/#\/schema\/logo\/image\/\"}}]}<\/script>\n<meta property=\"product:price:amount\" content=\"0.00\" \/>\n<meta property=\"product:price:currency\" content=\"CHF\" \/>\n<meta property=\"og:availability\" content=\"instock\" \/>\n<meta property=\"product:availability\" content=\"instock\" \/>\n<meta property=\"product:retailer_item_id\" content=\"633-120\" \/>\n<meta property=\"product:condition\" content=\"new\" \/>\n<!-- \/ Yoast SEO Premium plugin. -->","yoast_head_json":{"title":"4-in-1 Tricycle: EXPLORER TRIKE 4in1 DELUXE PLAY \u2013 Globber","description":"Light up your day with this tricycle for 1 year olds and start exploring on wheels! Easily transform into 4 riding modes as your child grows. Find out more!","robots":{"index":"index","follow":"follow","max-snippet":"max-snippet:-1","max-image-preview":"max-image-preview:large","max-video-preview":"max-video-preview:-1"},"canonical":"https:\/\/www.globber.com\/ch\/de\/product\/explorer-trike-4in1-deluxe-play\/","og_locale":"de_DE","og_type":"article","og_title":"4-in-1 Tricycle: EXPLORER TRIKE 4in1 DELUXE PLAY \u2013 Globber","og_description":"Light up your day with this tricycle for 1 year olds and start exploring on wheels! Easily transform into 4 riding modes as your child grows. Find out more!","og_url":"https:\/\/www.globber.com\/ch\/de\/product\/explorer-trike-4in1-deluxe-play\/","og_site_name":"Globber Scooter Schweiz","article_modified_time":"2026-01-08T13:52:09+00:00","og_image":[{"width":1920,"height":1920,"url":"https:\/\/cdn.globber.com\/content\/2022\/11\/6383ba72381a0.jpg","type":"image\/jpeg"}],"twitter_card":"summary_large_image","twitter_misc":{"Price":"","Availability":"In stock"},"schema":{"@context":"https:\/\/schema.org","@graph":[{"@type":["WebPage","ItemPage"],"@id":"https:\/\/www.globber.com\/ch\/de\/product\/explorer-trike-4in1-deluxe-play\/","url":"https:\/\/www.globber.com\/ch\/de\/product\/explorer-trike-4in1-deluxe-play\/","name":"4-in-1 Tricycle: EXPLORER TRIKE 4in1 DELUXE PLAY \u2013 Globber","isPartOf":{"@id":"https:\/\/www.globber.com\/ch\/fr\/#website"},"primaryImageOfPage":{"@id":"https:\/\/www.globber.com\/ch\/de\/product\/explorer-trike-4in1-deluxe-play\/#primaryimage"},"image":{"@id":"https:\/\/www.globber.com\/ch\/de\/product\/explorer-trike-4in1-deluxe-play\/#primaryimage"},"thumbnailUrl":"https:\/\/cdn.globber.com\/content\/2022\/11\/6383ba72381a0.jpg","datePublished":"2022-11-28T09:44:27+00:00","dateModified":"2026-01-08T13:52:09+00:00","description":"Light up your day with this tricycle for 1 year olds and start exploring on wheels! Easily transform into 4 riding modes as your child grows. Find out more!","breadcrumb":{"@id":"https:\/\/www.globber.com\/ch\/de\/product\/explorer-trike-4in1-deluxe-play\/#breadcrumb"},"inLanguage":"de-CH","potentialAction":[{"@type":"ReadAction","target":["https:\/\/www.globber.com\/ch\/de\/product\/explorer-trike-4in1-deluxe-play\/"]}]},{"@type":"ImageObject","inLanguage":"de-CH","@id":"https:\/\/www.globber.com\/ch\/de\/product\/explorer-trike-4in1-deluxe-play\/#primaryimage","url":"https:\/\/cdn.globber.com\/content\/2022\/11\/6383ba72381a0.jpg","contentUrl":"https:\/\/cdn.globber.com\/content\/2022\/11\/6383ba72381a0.jpg","width":1920,"height":1920},{"@type":"BreadcrumbList","@id":"https:\/\/www.globber.com\/ch\/de\/product\/explorer-trike-4in1-deluxe-play\/#breadcrumb","itemListElement":[{"@type":"ListItem","position":1,"name":"Alle Produkte","item":"https:\/\/www.globber.com\/ch\/de\/shop-nach-produkt\/"},{"@type":"ListItem","position":2,"name":"Trike Explorer 4 in 1 Deluxe Play"}]},{"@type":"WebSite","@id":"https:\/\/www.globber.com\/ch\/fr\/#website","url":"https:\/\/www.globber.com\/ch\/fr\/","name":"Globber Scooter Schweiz","description":"Der offizielle Online Shop","publisher":{"@id":"https:\/\/www.globber.com\/ch\/fr\/#organization"},"potentialAction":[{"@type":"SearchAction","target":{"@type":"EntryPoint","urlTemplate":"https:\/\/www.globber.com\/ch\/fr\/?s={search_term_string}"},"query-input":{"@type":"PropertyValueSpecification","valueRequired":true,"valueName":"search_term_string"}}],"inLanguage":"de-CH"},{"@type":"Organization","@id":"https:\/\/www.globber.com\/ch\/fr\/#organization","name":"Globber Scooter Schweiz","url":"https:\/\/www.globber.com\/ch\/fr\/","logo":{"@type":"ImageObject","inLanguage":"de-CH","@id":"https:\/\/www.globber.com\/ch\/fr\/#\/schema\/logo\/image\/","url":"https:\/\/cdn.globber.com\/content\/2024\/05\/logo.svg","contentUrl":"https:\/\/cdn.globber.com\/content\/2024\/05\/logo.svg","width":601,"height":112,"caption":"Globber Scooter Schweiz"},"image":{"@id":"https:\/\/www.globber.com\/ch\/fr\/#\/schema\/logo\/image\/"}}]},"product_price_amount":"0.00","product_price_currency":"CHF","og_availability":"instock","product_availability":"instock","product_retailer_item_id":"633-120","product_condition":"new"},"_links":{"self":[{"href":"https:\/\/www.globber.com\/ch\/de\/wp-json\/wp\/v2\/product\/6156","targetHints":{"allow":["GET"]}}],"collection":[{"href":"https:\/\/www.globber.com\/ch\/de\/wp-json\/wp\/v2\/product"}],"about":[{"href":"https:\/\/www.globber.com\/ch\/de\/wp-json\/wp\/v2\/types\/product"}],"replies":[{"embeddable":true,"href":"https:\/\/www.globber.com\/ch\/de\/wp-json\/wp\/v2\/comments?post=6156"}],"wp:featuredmedia":[{"embeddable":true,"href":"https:\/\/www.globber.com\/ch\/de\/wp-json\/wp\/v2\/media\/5526"}],"wp:attachment":[{"href":"https:\/\/www.globber.com\/ch\/de\/wp-json\/wp\/v2\/media?parent=6156"}],"wp:term":[{"taxonomy":"product-special-badges","embeddable":true,"href":"https:\/\/www.globber.com\/ch\/de\/wp-json\/wp\/v2\/product-special-badges?post=6156"},{"taxonomy":"product_brand","embeddable":true,"href":"https:\/\/www.globber.com\/ch\/de\/wp-json\/wp\/v2\/product_brand?post=6156"},{"taxonomy":"product_cat","embeddable":true,"href":"https:\/\/www.globber.com\/ch\/de\/wp-json\/wp\/v2\/product_cat?post=6156"},{"taxonomy":"product_tag","embeddable":true,"href":"https:\/\/www.globber.com\/ch\/de\/wp-json\/wp\/v2\/product_tag?post=6156"}],"curies":[{"name":"wp","href":"https:\/\/api.w.org\/{rel}","templated":true}]}}