{"id":25209,"date":"2025-12-17T10:03:04","date_gmt":"2025-12-17T09:03:04","guid":{"rendered":"https:\/\/www.globber.com\/ch\/?page_id=25209"},"modified":"2025-12-17T10:03:04","modified_gmt":"2025-12-17T09:03:04","slug":"agb","status":"publish","type":"page","link":"https:\/\/www.globber.com\/ch\/fr\/agb\/","title":{"rendered":"AGB"},"content":{"rendered":"<p><a href=\"https:\/\/www.globber.com\/ch\/\" target=\"_self\" rel=\"noreferrer noopener\">www.globber.com\/ch\/<\/a> | Une boutique en ligne de Just4motion AG<\/p>\r\n<h3>Champ d'application<\/h3>\r\n<p>1.1. Les pr\u00e9sentes Conditions G\u00e9n\u00e9rales de Vente (ci-apr\u00e8s \u00ab CGV \u00bb) s'appliquent \u00e0 tous les contrats conclus entre vous (ci-apr\u00e8s \u00ab Client \u00bb) et Just4motion AG, Seepark 6, 6362 Stansstad (ci-apr\u00e8s \u00ab Globber Scooter \u00bb ou \u00ab Vendeuse \u00bb). Dans le cadre du processus de commande, vous reconnaissez les CGV dans la version en vigueur au moment de la passation de la commande. Tous les accords oraux et t\u00e9l\u00e9phoniques doivent, pour \u00eatre contraignants, \u00eatre confirm\u00e9s par \u00e9crit. L'exigence de la forme \u00e9crite est \u00e9galement remplie lorsqu'une d\u00e9claration est contenue dans un e-mail.<\/p>\r\n<p>1.2. Notre offre de marchandises s'adresse exclusivement aux clients ayant leur r\u00e9sidence habituelle et une adresse de livraison en Suisse et au Liechtenstein.<\/p>\r\n<h3>Offre de produits et conclusion du contrat<\/h3>\r\n<p>2.1. Toutes les informations relatives aux produits dans nos catalogues ou sur notre site web sont sans engagement. L'offre de conclure un contrat d'achat \u00e9mane du client. Le client reste li\u00e9 \u00e0 la commande pendant une semaine. Le contrat devient contraignant lorsque nous acceptons l'offre du client dans le d\u00e9lai selon le point 2.3.<\/p>\r\n<p>2.2. Apr\u00e8s l'envoi d'une commande en ligne, le client re\u00e7oit un e-mail automatis\u00e9 \u00e0 l'adresse e-mail indiqu\u00e9e avec lequel nous confirmons la r\u00e9ception de la commande (confirmation de commande). La confirmation de commande sert uniquement \u00e0 informer que nous avons re\u00e7u la commande.<\/p>\r\n<p>2.3. Un contrat n'est valablement conclu que lorsque nous d\u00e9clarons l'acceptation du contrat. Nous d\u00e9clarons l'acceptation du contrat en envoyant une facture au client, en confirmant la commande (confirmation de commande), en confirmant par e-mail que la marchandise quitte notre entrep\u00f4t (confirmation d'exp\u00e9dition) ou au plus tard par la livraison de la marchandise.<\/p>\r\n<p>2.4. Le contrat ne porte que sur les articles express\u00e9ment mentionn\u00e9s dans notre facture, la confirmation de commande ou la confirmation d'exp\u00e9dition. Cela d\u00e9finit \u00e9galement de mani\u00e8re exhaustive l'\u00e9tendue de la prestation.<\/p>\r\n<p>2.5 Si le client souhaite commander 10 pi\u00e8ces ou plus de certains produits, il est pri\u00e9 de contacter Just4motion AG ou le repr\u00e9sentant de www.globber-scooter.ch. Les positions d\u00e9passant une quantit\u00e9 de commande de 10 pi\u00e8ces sont consid\u00e9r\u00e9es par Globber Scooter comme une demande d'offre du client. Globber Scooter contactera ensuite le client concernant sa demande d'offre. Just4motion AG n'est pas oblig\u00e9e de satisfaire la commande.<\/p>\r\n<h3>Prix et conditions de paiement<\/h3>\r\n<p>3.1. Tous les prix sont bruts en francs suisses (CHF) TVA incluse, le cas \u00e9ch\u00e9ant taxes de recyclage anticip\u00e9es et redevances sur les droits d'auteur. Les modifications des prix, conditions et mill\u00e9simes indiqu\u00e9s sur le site web sont r\u00e9serv\u00e9es, la date de r\u00e9f\u00e9rence \u00e9tant le jour de la commande.<\/p>\r\n<p>3.2. Les \u00e9ventuels frais de transport sont factur\u00e9s s\u00e9par\u00e9ment et communiqu\u00e9s au pr\u00e9alable au client.<\/p>\r\n<p>3.3. Le paiement du prix d'achat s'effectue au choix avec l'une des m\u00e9thodes de paiement r\u00e9pertori\u00e9es sur www.globber-scooter.ch.<\/p>\r\n<p>3.4. Tous les modes de paiement \u00e9lectroniques sont d\u00e9bit\u00e9s imm\u00e9diatement.<\/p>\r\n<h3>Achat sur facture (Cembra)<\/h3>\r\n<p>L'achat sur facture (y compris le paiement \u00e9chelonn\u00e9) est trait\u00e9 par CembraPay AG. Les <a href=\"https:\/\/cembrapay.ch\/de\/terms\/CP\" target=\"_blank\" rel=\"noopener\">CGV<\/a> et la <a href=\"https:\/\/cembrapay.ch\/de\/privacy\" target=\"_blank\" rel=\"noopener\">D\u00e9claration de confidentialit\u00e9 de CembraPay AG<\/a> s'appliquent.<\/p>\r\n<h3>Conditions de livraison<\/h3>\r\n<p>4.1. Globber Scooter limite les livraisons au territoire de la Suisse. La livraison s'effectue directement \u00e0 l'adresse de livraison et \u00e0 la personne de contact communiqu\u00e9es par l'acheteur.<\/p>\r\n<p>4.2. La livraison s'effectue sous r\u00e9serve de l'auto-approvisionnement en temps voulu et dans les r\u00e8gles par nos fournisseurs. En cas de force majeure comme gr\u00e8ve et autres mesures de conflit du travail, \u00e9meute, guerre, catastrophes naturelles ainsi qu'en cas d'embargo de livraison du fabricant ou du fournisseur en amont, aucun retard de livraison ne se produit. La vendeuse n'est pas responsable des retards de livraison caus\u00e9s par les entreprises fabricantes ou par des tiers.<\/p>\r\n<p>4.3. Si toutes les marchandises command\u00e9es ne sont pas en stock, nous sommes autoris\u00e9s \u00e0 effectuer des livraisons partielles. Si apr\u00e8s la conclusion du contrat il s'av\u00e8re que les marchandises ne peuvent \u00eatre livr\u00e9es ni partiellement ni totalement pour des raisons dont la vendeuse n'est pas responsable, le client est en droit de se retirer du contrat.<\/p>\r\n<p>4.4. Notre prestation est une dette qu\u00e9rable et est accomplie avec la remise au transporteur. Apr\u00e8s l'exp\u00e9dition, le risque de d\u00e9t\u00e9rioration fortuite et de perte fortuite de la marchandise est transf\u00e9r\u00e9 au client. Nous ne sommes pas responsables d'une faute de l'entreprise de transport engag\u00e9e.<\/p>\r\n<p>4.5. Les d\u00e9lais de livraison indiqu\u00e9s dans la boutique en ligne ou dans notre confirmation de commande selon le point 2.3. sont calcul\u00e9s \u00e0 partir du moment de notre confirmation de commande.<\/p>\r\n<p>4.6. Protection de la jeunesse : Nos produits ne peuvent \u00eatre achet\u00e9s que par des personnes de plus de 18 ans.<\/p>\r\n<h3>R\u00e9serve de propri\u00e9t\u00e9<\/h3>\r\n<p>5.1. Les marchandises livr\u00e9es restent la propri\u00e9t\u00e9 de Just4motion AG jusqu'au paiement int\u00e9gral. Celle-ci est autoris\u00e9e \u00e0 effectuer une inscription correspondante au registre de r\u00e9serve de propri\u00e9t\u00e9. Si le client est en retard dans le paiement du prix d'achat, Just4motion AG est en droit de se retirer du contrat (d\u00e9claration de retrait) et de prendre possession de la marchandise.<\/p>\r\n<h3>Obligation de v\u00e9rification et de r\u00e9clamation, garantie des d\u00e9fauts<\/h3>\r\n<p>6.1. Le client est tenu de v\u00e9rifier les produits livr\u00e9s d\u00e8s que cela est possible selon le cours habituel des affaires et de signaler imm\u00e9diatement les d\u00e9fauts constat\u00e9s \u00e0 notre service client \u00e0 l'adresse <a href=\"mailto:info@scoot-and-ride.ch\" target=\"_self\" rel=\"noreferrer noopener\">info@globber-scooter.ch<\/a>. Si vous omettez de le faire, les produits sont consid\u00e9r\u00e9s comme approuv\u00e9s. L'approbation est en tout cas consid\u00e9r\u00e9e comme acquise si le client n'a pas formul\u00e9 de r\u00e9clamation pour d\u00e9faut par e-mail au service client dans les 5 jours suivant la livraison.<\/p>\r\n<p>6.2. Le produit d\u00e9fectueux doit \u00eatre retourn\u00e9 avec une copie de la facture et une description d\u00e9taill\u00e9e du d\u00e9faut. L'adresse de retour sera communiqu\u00e9e \u00e0 l'acheteur par e-mail apr\u00e8s r\u00e9ception de la r\u00e9clamation \u00e9crite. Les frais de transport encourus sont \u00e0 la charge du client.<\/p>\r\n<p>6.3. Nous garantissons par la r\u00e9paration des d\u00e9fauts. Cela se fait \u00e0 notre choix soit par ex\u00e9cution ult\u00e9rieure, \u00e0 savoir \u00e9limination d'un d\u00e9faut (r\u00e9paration) ou livraison d'une chose exempte de d\u00e9faut (livraison de remplacement). Les produits remplac\u00e9s deviennent la propri\u00e9t\u00e9 du vendeur.<\/p>\r\n<p>6.4. Si l'ex\u00e9cution ult\u00e9rieure \u00e9choue, le client a le droit de se retirer du contrat. Cela ne s'applique pas en cas de d\u00e9fauts mineurs. Un droit du client \u00e0 la r\u00e9duction est exclu. Cette exclusion de responsabilit\u00e9 s'\u00e9tend \u00e9galement \u00e0 toutes les r\u00e9clamations qui concurrencent les droits de garantie, qu'il s'agisse de r\u00e9clamations contractuelles (art. 97 ss CO), d\u00e9lictuelles (art. 41 ss CO), d'annulation du contrat pour erreur (art. 23 ss CO), etc.<\/p>\r\n<p>6.5. L'usure normale ainsi que les cons\u00e9quences d'un traitement inappropri\u00e9 ou d'un endommagement ainsi que la manipulation du produit par l'acheteur ou des tiers ainsi que les d\u00e9fauts r\u00e9sultant de circonstances ext\u00e9rieures ne sont pas couverts par la garantie. En particulier, les articles port\u00e9s, salis ou endommag\u00e9s sont exclus de la garantie.<\/p>\r\n<p>6.6. Des garanties plus \u00e9tendues au sens juridique ne sont accord\u00e9es au client par www.globber-scooter.ch que pour des produits sp\u00e9cifiques et selon un accord individuel. Les garanties du fabricant ne sont pas affect\u00e9es par cela. Le droit de garantie du client expire en cas de r\u00e9parations par des centres de service non autoris\u00e9s. Le certificat de garantie et\/ou la preuve d'achat (facture) doivent \u00eatre conserv\u00e9s soigneusement. En cas d'absence de celui-ci, tout droit de garantie devient caduc.<\/p>\r\n<p>6.7. La vendeuse n'assume aucune responsabilit\u00e9 pour les descriptions de tiers, en particulier les clients dans le cadre des \u00e9valuations clients publi\u00e9es dans la boutique en ligne ou sur nos pr\u00e9sences sur les r\u00e9seaux sociaux.<\/p>\r\n<h3>Droit de retour<\/h3>\r\n<p>7.1. Le client peut retourner la marchandise re\u00e7ue en indiquant les motifs dans un d\u00e9lai de quatre semaines en renvoyant la marchandise. Le d\u00e9lai commence apr\u00e8s r\u00e9ception de la marchandise. Uniquement pour les marchandises non exp\u00e9diables par colis (par exemple pour les marchandises encombrantes), vous pouvez \u00e9galement d\u00e9clarer le retour par une demande de reprise sous forme textuelle.<\/p>\r\n<p>7.2. Pour respecter le d\u00e9lai, l'envoi en temps voulu de la marchandise ou de la demande de reprise suffit. Le retour ou la demande de reprise doit \u00eatre effectu\u00e9 \u00e0 : <a href=\"http:\/\/www.just4motion.ch\/\" target=\"_blank\" rel=\"noreferrer noopener\">Just4motion AG<\/a> Seepark 6 CH-6362 Stansstad<\/p>\r\n<p>7.3. La marchandise doit \u00eatre dans son emballage d'origine, compl\u00e8te avec tous les accessoires et accompagn\u00e9e du bon de livraison\/bon de retour rempli ainsi que d'un \u00e9ventuel certificat de garantie. Les produits scell\u00e9s et emball\u00e9s sous plastique ne peuvent \u00eatre retourn\u00e9s que dans un \u00e9tat non ouvert. Un \u00e9ventuel sceau ne doit pas \u00eatre bris\u00e9. Les denr\u00e9es alimentaires sont exclues du droit de retour.<\/p>\r\n<p>7.4. En cas de retour effectif, les prestations re\u00e7ues de part et d'autre doivent \u00eatre restitu\u00e9es et les avantages \u00e9ventuellement tir\u00e9s (par exemple avantages d'utilisation) doivent \u00eatre restitu\u00e9s. En cas de d\u00e9t\u00e9rioration de la marchandise, une indemnit\u00e9 peut \u00eatre r\u00e9clam\u00e9e. Cela ne s'applique pas si la d\u00e9t\u00e9rioration de la marchandise est exclusivement due \u00e0 son examen - comme cela aurait \u00e9t\u00e9 possible pour vous dans un magasin. Les retours doivent \u00eatre renvoy\u00e9s \u00e0 nos frais par le client.<\/p>\r\n<p>7.5 Les frais d'exp\u00e9dition de la commande ne sont pas rembours\u00e9s en cas de retour.<\/p>\r\n<h3>Garantie et responsabilit\u00e9 (Garantie Bring-in\/Send-in)<\/h3>\r\n<p>8.1. Tous les cas de violation de contrat et leurs cons\u00e9quences juridiques ainsi que toutes les r\u00e9clamations du client, quel que soit le fondement juridique sur lequel elles sont bas\u00e9es, sont r\u00e9gl\u00e9s de mani\u00e8re exhaustive dans les pr\u00e9sentes CGV. D'autres r\u00e9clamations de l'acheteur - ind\u00e9pendamment du fondement juridique - sont, dans la mesure o\u00f9 la loi le permet, exclues. La vendeuse, ses auxiliaires et les \u00e9ventuels agents d'ex\u00e9cution ne sont pas responsables des dommages qui ne sont pas survenus sur la marchandise elle-m\u00eame, en particulier pas pour les dommages cons\u00e9cutifs aux d\u00e9fauts, le manque \u00e0 gagner ou autres dommages patrimoniaux de l'acheteur.<\/p>\r\n<h3>Propri\u00e9t\u00e9 intellectuelle<\/h3>\r\n<p>9.1. Globber Scooter se r\u00e9serve tous les droits sur chaque design, chaque texte, chaque graphique. La copie ou d'autres reproductions, de l'ensemble du site web ou de parties de ce site web n'est autoris\u00e9e que dans le but de passer une commande sur <a href=\"http:\/\/www.scoot-and-ride.ch\/\" target=\"_self\" rel=\"noreferrer noopener\">www.globber-scooter.ch<\/a>. Le nom Madd Gear, tous les en-t\u00eates de page, barres de navigation, graphiques et ic\u00f4nes de boutons sont des marques d\u00e9pos\u00e9es, marques commerciales ou marques prot\u00e9g\u00e9es de Just4motion AG. Toutes les autres marques, noms de produits ou noms d'entreprises ou logos cit\u00e9s sur ce site web sont la propri\u00e9t\u00e9 exclusive des ayants droit respectifs. Madd Gear se r\u00e9serve les droits de propri\u00e9t\u00e9 et d'auteur sur les illustrations, dessins, calculs et autres documents. Avant de les transmettre \u00e0 des tiers, le client a besoin du consentement \u00e9crit explicite de la soci\u00e9t\u00e9 propri\u00e9taire just4motion AG.<\/p>\r\n<h3>Protection des donn\u00e9es<\/h3>\r\n<p>10.1. La collecte et le traitement des donn\u00e9es personnelles des clients par Maddgear sont expliqu\u00e9s dans la d\u00e9claration de protection des donn\u00e9es. Celle-ci fait partie int\u00e9grante des pr\u00e9sentes CGV. La d\u00e9claration de protection des donn\u00e9es est accessible sur [https:\/\/www.globber-scooter.ch\/datenschutz.<\/p>\r\n<h3>Dispositions finales<\/h3>\r\n<p>11.1. Si certaines dispositions de ces CGV sont inefficaces ou incompl\u00e8tes ou si l'ex\u00e9cution devient impossible, la validit\u00e9 des autres dispositions n'en est pas affect\u00e9e. Les parties contractantes s'engagent \u00e0 remplacer la disposition inefficace par une r\u00e9glementation valable autoris\u00e9e qui, selon son contenu, se rapproche le plus de l'intention originale et de l'objectif \u00e9conomique poursuivi.<\/p>\r\n<p>11.2. Toute modification ou compl\u00e9ment de ces CGV n\u00e9cessite une forme permettant la preuve par texte, comme notamment le fax et l'e-mail. Cela s'applique \u00e9galement \u00e0 une modification de l'exigence de forme \u00e9crite. D\u00e8s que le client utilise les services du vendeur apr\u00e8s la modification, il accepte implicitement les nouvelles CGV. La version contraignante des CGV peut \u00eatre consult\u00e9e et imprim\u00e9e sur [https:\/\/www.globber-scooter\/agb].<\/p>\r\n<p>11.3. Les conditions contractuelles diff\u00e9rentes du client, notamment celles que le client d\u00e9clare applicables en m\u00eame temps que l'acceptation du contrat, ne font pas partie du contrat. Elles n'ont de validit\u00e9 que si et dans la mesure o\u00f9 elles ont \u00e9t\u00e9 express\u00e9ment et par \u00e9crit accept\u00e9es par le vendeur.<\/p>\r\n<h3>For juridique et droit applicable<b><br \/>\r\n<\/b><\/h3>\r\n<p>12.1. Le droit suisse s'applique exclusivement \u00e0 l'exclusion des normes de droit international priv\u00e9 et de la Convention de Vienne sur les contrats de vente internationale de marchandises. Le for juridique est constitu\u00e9 par les tribunaux ordinaires au si\u00e8ge de la vendeuse :<\/p>\r\n<p>just4motion AG, Seepark 6, 6362 Stansstad Switzerland<\/p>\r\n<p>T\u00e9l\u00e9phone: +41 (0) 41 611 02 02<\/p>\r\n<p>E-Mail: <a href=\"mailto:info@scoot-and-ride.ch\" target=\"_self\" rel=\"noreferrer noopener\">info@globber-scooter.ch<\/a><\/p>\r\n<p>Forme juridique: Soci\u00e9t\u00e9 anonyme de droit suisse<\/p>\r\n<p>Num\u00e9ro du registre du commerce: UID CHE- 113.923.788<\/p>\r\n<p>Stansstad, 21.03.2023<\/p>\r\n<p><\/p>","protected":false},"excerpt":{"rendered":"<p>www.globber.com\/ch\/ | Une boutique en ligne de Just4motion AG Champ d'application 1.1. Les pr\u00e9sentes Conditions G\u00e9n\u00e9rales de Vente (ci-apr\u00e8s \u00ab CGV \u00bb) s'appliquent \u00e0 tous les contrats conclus entre vous (ci-apr\u00e8s \u00ab Client \u00bb) et Just4motion AG, Seepark 6, 6362 Stansstad (ci-apr\u00e8s \u00ab Globber Scooter \u00bb ou \u00ab Vendeuse \u00bb). Dans le cadre du processus [&hellip;]<\/p>\n","protected":false},"author":956,"featured_media":0,"parent":0,"menu_order":0,"comment_status":"closed","ping_status":"closed","template":"","meta":{"_acf_changed":false,"inline_featured_image":false,"footnotes":""},"class_list":["post-25209","page","type-page","status-publish","hentry"],"acf":[],"yoast_head":"<!-- This site is optimized with the Yoast SEO Premium plugin v20.12 (Yoast SEO v23.4) - https:\/\/yoast.com\/wordpress\/plugins\/seo\/ -->\n<title>AGB - Globber Scooter Schweiz<\/title>\n<meta name=\"robots\" content=\"index, follow, max-snippet:-1, max-image-preview:large, max-video-preview:-1\" \/>\n<link rel=\"canonical\" href=\"https:\/\/www.globber.com\/ch\/de\/agb\/\" \/>\n<meta property=\"og:locale\" content=\"fr_FR\" \/>\n<meta property=\"og:type\" content=\"article\" \/>\n<meta property=\"og:title\" content=\"AGB - Globber Scooter Schweiz\" \/>\n<meta property=\"og:description\" content=\"www.globber.com\/ch\/ | Une boutique en ligne de Just4motion AG Champ d&#039;application 1.1. Les pr\u00e9sentes Conditions G\u00e9n\u00e9rales de Vente (ci-apr\u00e8s \u00ab CGV \u00bb) s&#039;appliquent \u00e0 tous les contrats conclus entre vous (ci-apr\u00e8s \u00ab Client \u00bb) et Just4motion AG, Seepark 6, 6362 Stansstad (ci-apr\u00e8s \u00ab Globber Scooter \u00bb ou \u00ab Vendeuse \u00bb). Dans le cadre du processus [&hellip;]\" \/>\n<meta property=\"og:url\" content=\"https:\/\/www.globber.com\/ch\/de\/agb\/\" \/>\n<meta property=\"og:site_name\" content=\"Globber Scooter Schweiz\" \/>\n<meta name=\"twitter:card\" content=\"summary_large_image\" \/>\n<meta name=\"twitter:label1\" content=\"Est. reading time\" \/>\n\t<meta name=\"twitter:data1\" content=\"11 minutes\" \/>\n<script type=\"application\/ld+json\" class=\"yoast-schema-graph\">{\"@context\":\"https:\/\/schema.org\",\"@graph\":[{\"@type\":\"WebPage\",\"@id\":\"https:\/\/www.globber.com\/ch\/de\/agb\/\",\"url\":\"https:\/\/www.globber.com\/ch\/de\/agb\/\",\"name\":\"AGB - Globber Scooter Schweiz\",\"isPartOf\":{\"@id\":\"https:\/\/www.globber.com\/ch\/fr\/#website\"},\"datePublished\":\"2025-12-17T09:03:04+00:00\",\"dateModified\":\"2025-12-17T09:03:04+00:00\",\"inLanguage\":\"fr-CH\",\"potentialAction\":[{\"@type\":\"ReadAction\",\"target\":[\"https:\/\/www.globber.com\/ch\/de\/agb\/\"]}]},{\"@type\":\"WebSite\",\"@id\":\"https:\/\/www.globber.com\/ch\/fr\/#website\",\"url\":\"https:\/\/www.globber.com\/ch\/fr\/\",\"name\":\"Globber Scooter Schweiz\",\"description\":\"Der offizielle Online Shop\",\"publisher\":{\"@id\":\"https:\/\/www.globber.com\/ch\/fr\/#organization\"},\"potentialAction\":[{\"@type\":\"SearchAction\",\"target\":{\"@type\":\"EntryPoint\",\"urlTemplate\":\"https:\/\/www.globber.com\/ch\/fr\/?s={search_term_string}\"},\"query-input\":{\"@type\":\"PropertyValueSpecification\",\"valueRequired\":true,\"valueName\":\"search_term_string\"}}],\"inLanguage\":\"fr-CH\"},{\"@type\":\"Organization\",\"@id\":\"https:\/\/www.globber.com\/ch\/fr\/#organization\",\"name\":\"Globber Scooter Schweiz\",\"url\":\"https:\/\/www.globber.com\/ch\/fr\/\",\"logo\":{\"@type\":\"ImageObject\",\"inLanguage\":\"fr-CH\",\"@id\":\"https:\/\/www.globber.com\/ch\/fr\/#\/schema\/logo\/image\/\",\"url\":\"https:\/\/cdn.globber.com\/content\/2024\/05\/logo.svg\",\"contentUrl\":\"https:\/\/cdn.globber.com\/content\/2024\/05\/logo.svg\",\"width\":601,\"height\":112,\"caption\":\"Globber Scooter Schweiz\"},\"image\":{\"@id\":\"https:\/\/www.globber.com\/ch\/fr\/#\/schema\/logo\/image\/\"}}]}<\/script>\n<!-- \/ Yoast SEO Premium plugin. -->","yoast_head_json":{"title":"AGB - Globber Scooter Schweiz","robots":{"index":"index","follow":"follow","max-snippet":"max-snippet:-1","max-image-preview":"max-image-preview:large","max-video-preview":"max-video-preview:-1"},"canonical":"https:\/\/www.globber.com\/ch\/de\/agb\/","og_locale":"fr_FR","og_type":"article","og_title":"AGB - Globber Scooter Schweiz","og_description":"www.globber.com\/ch\/ | Une boutique en ligne de Just4motion AG Champ d'application 1.1. Les pr\u00e9sentes Conditions G\u00e9n\u00e9rales de Vente (ci-apr\u00e8s \u00ab CGV \u00bb) s'appliquent \u00e0 tous les contrats conclus entre vous (ci-apr\u00e8s \u00ab Client \u00bb) et Just4motion AG, Seepark 6, 6362 Stansstad (ci-apr\u00e8s \u00ab Globber Scooter \u00bb ou \u00ab Vendeuse \u00bb). Dans le cadre du processus [&hellip;]","og_url":"https:\/\/www.globber.com\/ch\/de\/agb\/","og_site_name":"Globber Scooter Schweiz","twitter_card":"summary_large_image","twitter_misc":{"Est. reading time":"11 minutes"},"schema":{"@context":"https:\/\/schema.org","@graph":[{"@type":"WebPage","@id":"https:\/\/www.globber.com\/ch\/de\/agb\/","url":"https:\/\/www.globber.com\/ch\/de\/agb\/","name":"AGB - Globber Scooter Schweiz","isPartOf":{"@id":"https:\/\/www.globber.com\/ch\/fr\/#website"},"datePublished":"2025-12-17T09:03:04+00:00","dateModified":"2025-12-17T09:03:04+00:00","inLanguage":"fr-CH","potentialAction":[{"@type":"ReadAction","target":["https:\/\/www.globber.com\/ch\/de\/agb\/"]}]},{"@type":"WebSite","@id":"https:\/\/www.globber.com\/ch\/fr\/#website","url":"https:\/\/www.globber.com\/ch\/fr\/","name":"Globber Scooter Schweiz","description":"Der offizielle Online Shop","publisher":{"@id":"https:\/\/www.globber.com\/ch\/fr\/#organization"},"potentialAction":[{"@type":"SearchAction","target":{"@type":"EntryPoint","urlTemplate":"https:\/\/www.globber.com\/ch\/fr\/?s={search_term_string}"},"query-input":{"@type":"PropertyValueSpecification","valueRequired":true,"valueName":"search_term_string"}}],"inLanguage":"fr-CH"},{"@type":"Organization","@id":"https:\/\/www.globber.com\/ch\/fr\/#organization","name":"Globber Scooter Schweiz","url":"https:\/\/www.globber.com\/ch\/fr\/","logo":{"@type":"ImageObject","inLanguage":"fr-CH","@id":"https:\/\/www.globber.com\/ch\/fr\/#\/schema\/logo\/image\/","url":"https:\/\/cdn.globber.com\/content\/2024\/05\/logo.svg","contentUrl":"https:\/\/cdn.globber.com\/content\/2024\/05\/logo.svg","width":601,"height":112,"caption":"Globber Scooter Schweiz"},"image":{"@id":"https:\/\/www.globber.com\/ch\/fr\/#\/schema\/logo\/image\/"}}]}},"_links":{"self":[{"href":"https:\/\/www.globber.com\/ch\/fr\/wp-json\/wp\/v2\/pages\/25209","targetHints":{"allow":["GET"]}}],"collection":[{"href":"https:\/\/www.globber.com\/ch\/fr\/wp-json\/wp\/v2\/pages"}],"about":[{"href":"https:\/\/www.globber.com\/ch\/fr\/wp-json\/wp\/v2\/types\/page"}],"author":[{"embeddable":true,"href":"https:\/\/www.globber.com\/ch\/fr\/wp-json\/wp\/v2\/users\/956"}],"replies":[{"embeddable":true,"href":"https:\/\/www.globber.com\/ch\/fr\/wp-json\/wp\/v2\/comments?post=25209"}],"version-history":[{"count":2,"href":"https:\/\/www.globber.com\/ch\/fr\/wp-json\/wp\/v2\/pages\/25209\/revisions"}],"predecessor-version":[{"id":28613,"href":"https:\/\/www.globber.com\/ch\/fr\/wp-json\/wp\/v2\/pages\/25209\/revisions\/28613"}],"wp:attachment":[{"href":"https:\/\/www.globber.com\/ch\/fr\/wp-json\/wp\/v2\/media?parent=25209"}],"curies":[{"name":"wp","href":"https:\/\/api.w.org\/{rel}","templated":true}]}}