{"id":25247,"date":"2025-12-23T07:34:42","date_gmt":"2025-12-23T06:34:42","guid":{"rendered":"https:\/\/www.globber.com\/ch\/?page_id=25247"},"modified":"2025-12-23T07:34:42","modified_gmt":"2025-12-23T06:34:42","slug":"retours-et-echanges","status":"publish","type":"page","link":"https:\/\/www.globber.com\/ch\/fr\/retours-et-echanges\/","title":{"rendered":"Retours et \u00e9changes"},"content":{"rendered":"<h3>Puis-je renvoyer les articles qui ne me plaisent pas ?<\/h3>\n<p>Si l'article livr\u00e9 ne correspond pas \u00e0 tes attentes, tu peux nous le renvoyer dans les 30 jours suivant la r\u00e9ception de la livraison. Apr\u00e8s r\u00e9ception et v\u00e9rification du retour, nous te rembourserons ton argent.<\/p>\n<h3>Les articles suivants ne peuvent \u00eatre ni repris ni \u00e9chang\u00e9s :<\/h3>\n<ul>\n<li>Les articles usag\u00e9s, d\u00e9fectueux et endommag\u00e9s.<\/li>\n<li>Les articles qui ne sont plus dans leur emballage d'origine intact.<\/li>\n<li>Les articles incomplets (pi\u00e8ces manquantes, emballage manquant, etc.)<\/li>\n<li>Articles \u00e0 prix r\u00e9duit et articles de la cat\u00e9gorie SOLDES<\/li>\n<\/ul>\n<h3>Remboursement :<b><br \/>\n<\/b><\/h3>\n<ul>\n<li>Les avoirs te seront rembours\u00e9s selon le mode de paiement utilis\u00e9 pour l'achat.<\/li>\n<li>Si vous avez command\u00e9 sur facture, nous vous prions d'attendre la nouvelle facture.<\/li>\n<li>Les frais d'exp\u00e9dition ne sont pas rembours\u00e9s en cas de retour ou d'\u00e9change.<\/li>\n<li>Les frais d'exp\u00e9dition pour le retour des articles sont \u00e0 la charge du client.<\/li>\n<\/ul>\n<p>Afin de garantir le bon d\u00e9roulement de votre retour, nous vous prions de nous contacter \u00e0 l'adresse <a href=\"mailto:info@mgpscooter.ch\" target=\"_self\" rel=\"noreferrer noopener\"><b>info@globber-scooter.ch<\/b><\/a><b> <\/b>.<\/p>\n","protected":false},"excerpt":{"rendered":"<p>Puis-je renvoyer les articles qui ne me plaisent pas ? Si l'article livr\u00e9 ne correspond pas \u00e0 tes attentes, tu peux nous le renvoyer dans les 30 jours suivant la r\u00e9ception de la livraison. Apr\u00e8s r\u00e9ception et v\u00e9rification du retour, nous te rembourserons ton argent. Les articles suivants ne peuvent \u00eatre ni repris ni \u00e9chang\u00e9s [&hellip;]<\/p>\n","protected":false},"author":956,"featured_media":0,"parent":0,"menu_order":0,"comment_status":"closed","ping_status":"closed","template":"","meta":{"_acf_changed":false,"inline_featured_image":false,"footnotes":""},"class_list":["post-25247","page","type-page","status-publish","hentry"],"acf":[],"yoast_head":"<!-- This site is optimized with the Yoast SEO Premium plugin v20.12 (Yoast SEO v23.4) - https:\/\/yoast.com\/wordpress\/plugins\/seo\/ -->\n<title>Retours et \u00e9changes - Globber Scooter Schweiz<\/title>\n<meta name=\"robots\" content=\"index, follow, max-snippet:-1, max-image-preview:large, max-video-preview:-1\" \/>\n<link rel=\"canonical\" href=\"https:\/\/www.globber.com\/ch\/de\/rueckgabe-und-umtausch\/\" \/>\n<meta property=\"og:locale\" content=\"fr_FR\" \/>\n<meta property=\"og:type\" content=\"article\" \/>\n<meta property=\"og:title\" content=\"Retours et \u00e9changes - Globber Scooter Schweiz\" \/>\n<meta property=\"og:description\" content=\"Puis-je renvoyer les articles qui ne me plaisent pas ? Si l&#039;article livr\u00e9 ne correspond pas \u00e0 tes attentes, tu peux nous le renvoyer dans les 30 jours suivant la r\u00e9ception de la livraison. Apr\u00e8s r\u00e9ception et v\u00e9rification du retour, nous te rembourserons ton argent. Les articles suivants ne peuvent \u00eatre ni repris ni \u00e9chang\u00e9s [&hellip;]\" \/>\n<meta property=\"og:url\" content=\"https:\/\/www.globber.com\/ch\/de\/rueckgabe-und-umtausch\/\" \/>\n<meta property=\"og:site_name\" content=\"Globber Scooter Schweiz\" \/>\n<meta name=\"twitter:card\" content=\"summary_large_image\" \/>\n<meta name=\"twitter:label1\" content=\"Est. reading time\" \/>\n\t<meta name=\"twitter:data1\" content=\"1 minute\" \/>\n<script type=\"application\/ld+json\" class=\"yoast-schema-graph\">{\"@context\":\"https:\/\/schema.org\",\"@graph\":[{\"@type\":\"WebPage\",\"@id\":\"https:\/\/www.globber.com\/ch\/de\/rueckgabe-und-umtausch\/\",\"url\":\"https:\/\/www.globber.com\/ch\/de\/rueckgabe-und-umtausch\/\",\"name\":\"Retours et \u00e9changes - Globber Scooter Schweiz\",\"isPartOf\":{\"@id\":\"https:\/\/www.globber.com\/ch\/fr\/#website\"},\"datePublished\":\"2025-12-23T06:34:42+00:00\",\"dateModified\":\"2025-12-23T06:34:42+00:00\",\"inLanguage\":\"fr-CH\",\"potentialAction\":[{\"@type\":\"ReadAction\",\"target\":[\"https:\/\/www.globber.com\/ch\/de\/rueckgabe-und-umtausch\/\"]}]},{\"@type\":\"WebSite\",\"@id\":\"https:\/\/www.globber.com\/ch\/fr\/#website\",\"url\":\"https:\/\/www.globber.com\/ch\/fr\/\",\"name\":\"Globber Scooter Schweiz\",\"description\":\"Der offizielle Online Shop\",\"publisher\":{\"@id\":\"https:\/\/www.globber.com\/ch\/fr\/#organization\"},\"potentialAction\":[{\"@type\":\"SearchAction\",\"target\":{\"@type\":\"EntryPoint\",\"urlTemplate\":\"https:\/\/www.globber.com\/ch\/fr\/?s={search_term_string}\"},\"query-input\":{\"@type\":\"PropertyValueSpecification\",\"valueRequired\":true,\"valueName\":\"search_term_string\"}}],\"inLanguage\":\"fr-CH\"},{\"@type\":\"Organization\",\"@id\":\"https:\/\/www.globber.com\/ch\/fr\/#organization\",\"name\":\"Globber Scooter Schweiz\",\"url\":\"https:\/\/www.globber.com\/ch\/fr\/\",\"logo\":{\"@type\":\"ImageObject\",\"inLanguage\":\"fr-CH\",\"@id\":\"https:\/\/www.globber.com\/ch\/fr\/#\/schema\/logo\/image\/\",\"url\":\"https:\/\/cdn.globber.com\/content\/2024\/05\/logo.svg\",\"contentUrl\":\"https:\/\/cdn.globber.com\/content\/2024\/05\/logo.svg\",\"width\":601,\"height\":112,\"caption\":\"Globber Scooter Schweiz\"},\"image\":{\"@id\":\"https:\/\/www.globber.com\/ch\/fr\/#\/schema\/logo\/image\/\"}}]}<\/script>\n<!-- \/ Yoast SEO Premium plugin. -->","yoast_head_json":{"title":"Retours et \u00e9changes - Globber Scooter Schweiz","robots":{"index":"index","follow":"follow","max-snippet":"max-snippet:-1","max-image-preview":"max-image-preview:large","max-video-preview":"max-video-preview:-1"},"canonical":"https:\/\/www.globber.com\/ch\/de\/rueckgabe-und-umtausch\/","og_locale":"fr_FR","og_type":"article","og_title":"Retours et \u00e9changes - Globber Scooter Schweiz","og_description":"Puis-je renvoyer les articles qui ne me plaisent pas ? Si l'article livr\u00e9 ne correspond pas \u00e0 tes attentes, tu peux nous le renvoyer dans les 30 jours suivant la r\u00e9ception de la livraison. Apr\u00e8s r\u00e9ception et v\u00e9rification du retour, nous te rembourserons ton argent. Les articles suivants ne peuvent \u00eatre ni repris ni \u00e9chang\u00e9s [&hellip;]","og_url":"https:\/\/www.globber.com\/ch\/de\/rueckgabe-und-umtausch\/","og_site_name":"Globber Scooter Schweiz","twitter_card":"summary_large_image","twitter_misc":{"Est. reading time":"1 minute"},"schema":{"@context":"https:\/\/schema.org","@graph":[{"@type":"WebPage","@id":"https:\/\/www.globber.com\/ch\/de\/rueckgabe-und-umtausch\/","url":"https:\/\/www.globber.com\/ch\/de\/rueckgabe-und-umtausch\/","name":"Retours et \u00e9changes - Globber Scooter Schweiz","isPartOf":{"@id":"https:\/\/www.globber.com\/ch\/fr\/#website"},"datePublished":"2025-12-23T06:34:42+00:00","dateModified":"2025-12-23T06:34:42+00:00","inLanguage":"fr-CH","potentialAction":[{"@type":"ReadAction","target":["https:\/\/www.globber.com\/ch\/de\/rueckgabe-und-umtausch\/"]}]},{"@type":"WebSite","@id":"https:\/\/www.globber.com\/ch\/fr\/#website","url":"https:\/\/www.globber.com\/ch\/fr\/","name":"Globber Scooter Schweiz","description":"Der offizielle Online Shop","publisher":{"@id":"https:\/\/www.globber.com\/ch\/fr\/#organization"},"potentialAction":[{"@type":"SearchAction","target":{"@type":"EntryPoint","urlTemplate":"https:\/\/www.globber.com\/ch\/fr\/?s={search_term_string}"},"query-input":{"@type":"PropertyValueSpecification","valueRequired":true,"valueName":"search_term_string"}}],"inLanguage":"fr-CH"},{"@type":"Organization","@id":"https:\/\/www.globber.com\/ch\/fr\/#organization","name":"Globber Scooter Schweiz","url":"https:\/\/www.globber.com\/ch\/fr\/","logo":{"@type":"ImageObject","inLanguage":"fr-CH","@id":"https:\/\/www.globber.com\/ch\/fr\/#\/schema\/logo\/image\/","url":"https:\/\/cdn.globber.com\/content\/2024\/05\/logo.svg","contentUrl":"https:\/\/cdn.globber.com\/content\/2024\/05\/logo.svg","width":601,"height":112,"caption":"Globber Scooter Schweiz"},"image":{"@id":"https:\/\/www.globber.com\/ch\/fr\/#\/schema\/logo\/image\/"}}]}},"_links":{"self":[{"href":"https:\/\/www.globber.com\/ch\/fr\/wp-json\/wp\/v2\/pages\/25247","targetHints":{"allow":["GET"]}}],"collection":[{"href":"https:\/\/www.globber.com\/ch\/fr\/wp-json\/wp\/v2\/pages"}],"about":[{"href":"https:\/\/www.globber.com\/ch\/fr\/wp-json\/wp\/v2\/types\/page"}],"author":[{"embeddable":true,"href":"https:\/\/www.globber.com\/ch\/fr\/wp-json\/wp\/v2\/users\/956"}],"replies":[{"embeddable":true,"href":"https:\/\/www.globber.com\/ch\/fr\/wp-json\/wp\/v2\/comments?post=25247"}],"version-history":[{"count":1,"href":"https:\/\/www.globber.com\/ch\/fr\/wp-json\/wp\/v2\/pages\/25247\/revisions"}],"predecessor-version":[{"id":25248,"href":"https:\/\/www.globber.com\/ch\/fr\/wp-json\/wp\/v2\/pages\/25247\/revisions\/25248"}],"wp:attachment":[{"href":"https:\/\/www.globber.com\/ch\/fr\/wp-json\/wp\/v2\/media?parent=25247"}],"curies":[{"name":"wp","href":"https:\/\/api.w.org\/{rel}","templated":true}]}}