{"id":25306,"date":"2025-12-23T09:28:15","date_gmt":"2025-12-23T08:28:15","guid":{"rendered":"https:\/\/www.globber.com\/ch\/?page_id=25306"},"modified":"2025-12-23T09:28:15","modified_gmt":"2025-12-23T08:28:15","slug":"mentions-legales","status":"publish","type":"page","link":"https:\/\/www.globber.com\/ch\/fr\/mentions-legales\/","title":{"rendered":"Mentions l\u00e9gales"},"content":{"rendered":"<p><a href=\"https:\/\/www.just4motion.ch\/\" target=\"_self\" rel=\"noreferrer noopener\"><b>Just4motion AG<\/b><\/a><b><br \/>\n<\/b>Seepark 6<br \/>\n6362 Stansstad<br \/>\nSuisse<\/p>\n<h3><b>Directeur g\u00e9n\u00e9ral<br \/>\n<\/b><\/h3>\n<p>Guido Huber<\/p>\n<h3><b>Forme juridique<br \/>\n<\/b><\/h3>\n<p>Soci\u00e9t\u00e9 anonyme de droit suisse<\/p>\n<h3><b>UID<br \/>\n<\/b><\/h3>\n<p>CHE- 113.923.788<\/p>\n<h3><b>T\u00e9l\u00e9phone<br \/>\n<\/b><\/h3>\n<p>41 (0) 41 611 02 02<\/p>\n<h3><b>E-mail<br \/>\n<\/b><\/h3>\n<p>info@globber-scooter.ch<\/p>\n<h3><b>Informations compl\u00e9mentaires<\/b><\/h3>\n<ul>\n<li>Les produits ont \u00e9t\u00e9 soigneusement r\u00e9pertori\u00e9s d'apr\u00e8s les documents fournis par nos fournisseurs. Nous d\u00e9clinons toutefois toute responsabilit\u00e9 en cas d'erreur.<\/li>\n<li>Sous r\u00e9serve d'erreurs d'impression, d'erreurs dans les sp\u00e9cifications techniques et de modifications techniques. Le contenu est prot\u00e9g\u00e9 par le droit d'auteur.<\/li>\n<\/ul>\n<h3><b>Clause de responsabilit\u00e9<\/b><\/h3>\n<ul>\n<li>Malgr\u00e9 un contr\u00f4le minutieux du contenu, nous d\u00e9clinons toute responsabilit\u00e9 quant au contenu des liens externes. Les exploitants des pages li\u00e9es sont seuls responsables de leur contenu.<\/li>\n<li>Toute republication n\u00e9cessite l'autorisation \u00e9crite de Just4motion AG<\/li>\n<\/ul>\n","protected":false},"excerpt":{"rendered":"<p>Just4motion AG Seepark 6 6362 Stansstad Suisse Directeur g\u00e9n\u00e9ral Guido Huber Forme juridique Soci\u00e9t\u00e9 anonyme de droit suisse UID CHE- 113.923.788 T\u00e9l\u00e9phone 41 (0) 41 611 02 02 E-mail info@globber-scooter.ch Informations compl\u00e9mentaires Les produits ont \u00e9t\u00e9 soigneusement r\u00e9pertori\u00e9s d'apr\u00e8s les documents fournis par nos fournisseurs. Nous d\u00e9clinons toutefois toute responsabilit\u00e9 en cas d'erreur. Sous r\u00e9serve [&hellip;]<\/p>\n","protected":false},"author":956,"featured_media":0,"parent":0,"menu_order":0,"comment_status":"closed","ping_status":"closed","template":"","meta":{"_acf_changed":false,"inline_featured_image":false,"footnotes":""},"class_list":["post-25306","page","type-page","status-publish","hentry"],"acf":[],"yoast_head":"<!-- This site is optimized with the Yoast SEO Premium plugin v20.12 (Yoast SEO v23.4) - https:\/\/yoast.com\/wordpress\/plugins\/seo\/ -->\n<title>Mentions l\u00e9gales - Globber Scooter Schweiz<\/title>\n<meta name=\"robots\" content=\"index, follow, max-snippet:-1, max-image-preview:large, max-video-preview:-1\" \/>\n<link rel=\"canonical\" href=\"https:\/\/www.globber.com\/ch\/de\/impressum\/\" \/>\n<meta property=\"og:locale\" content=\"fr_FR\" \/>\n<meta property=\"og:type\" content=\"article\" \/>\n<meta property=\"og:title\" content=\"Mentions l\u00e9gales - Globber Scooter Schweiz\" \/>\n<meta property=\"og:description\" content=\"Just4motion AG Seepark 6 6362 Stansstad Suisse Directeur g\u00e9n\u00e9ral Guido Huber Forme juridique Soci\u00e9t\u00e9 anonyme de droit suisse UID CHE- 113.923.788 T\u00e9l\u00e9phone 41 (0) 41 611 02 02 E-mail info@globber-scooter.ch Informations compl\u00e9mentaires Les produits ont \u00e9t\u00e9 soigneusement r\u00e9pertori\u00e9s d&#039;apr\u00e8s les documents fournis par nos fournisseurs. Nous d\u00e9clinons toutefois toute responsabilit\u00e9 en cas d&#039;erreur. Sous r\u00e9serve [&hellip;]\" \/>\n<meta property=\"og:url\" content=\"https:\/\/www.globber.com\/ch\/de\/impressum\/\" \/>\n<meta property=\"og:site_name\" content=\"Globber Scooter Schweiz\" \/>\n<meta name=\"twitter:card\" content=\"summary_large_image\" \/>\n<meta name=\"twitter:label1\" content=\"Est. reading time\" \/>\n\t<meta name=\"twitter:data1\" content=\"1 minute\" \/>\n<script type=\"application\/ld+json\" class=\"yoast-schema-graph\">{\"@context\":\"https:\/\/schema.org\",\"@graph\":[{\"@type\":\"WebPage\",\"@id\":\"https:\/\/www.globber.com\/ch\/de\/impressum\/\",\"url\":\"https:\/\/www.globber.com\/ch\/de\/impressum\/\",\"name\":\"Mentions l\u00e9gales - Globber Scooter Schweiz\",\"isPartOf\":{\"@id\":\"https:\/\/www.globber.com\/ch\/fr\/#website\"},\"datePublished\":\"2025-12-23T08:28:15+00:00\",\"dateModified\":\"2025-12-23T08:28:15+00:00\",\"inLanguage\":\"fr-CH\",\"potentialAction\":[{\"@type\":\"ReadAction\",\"target\":[\"https:\/\/www.globber.com\/ch\/de\/impressum\/\"]}]},{\"@type\":\"WebSite\",\"@id\":\"https:\/\/www.globber.com\/ch\/fr\/#website\",\"url\":\"https:\/\/www.globber.com\/ch\/fr\/\",\"name\":\"Globber Scooter Schweiz\",\"description\":\"Der offizielle Online Shop\",\"publisher\":{\"@id\":\"https:\/\/www.globber.com\/ch\/fr\/#organization\"},\"potentialAction\":[{\"@type\":\"SearchAction\",\"target\":{\"@type\":\"EntryPoint\",\"urlTemplate\":\"https:\/\/www.globber.com\/ch\/fr\/?s={search_term_string}\"},\"query-input\":{\"@type\":\"PropertyValueSpecification\",\"valueRequired\":true,\"valueName\":\"search_term_string\"}}],\"inLanguage\":\"fr-CH\"},{\"@type\":\"Organization\",\"@id\":\"https:\/\/www.globber.com\/ch\/fr\/#organization\",\"name\":\"Globber Scooter Schweiz\",\"url\":\"https:\/\/www.globber.com\/ch\/fr\/\",\"logo\":{\"@type\":\"ImageObject\",\"inLanguage\":\"fr-CH\",\"@id\":\"https:\/\/www.globber.com\/ch\/fr\/#\/schema\/logo\/image\/\",\"url\":\"https:\/\/cdn.globber.com\/content\/2024\/05\/logo.svg\",\"contentUrl\":\"https:\/\/cdn.globber.com\/content\/2024\/05\/logo.svg\",\"width\":601,\"height\":112,\"caption\":\"Globber Scooter Schweiz\"},\"image\":{\"@id\":\"https:\/\/www.globber.com\/ch\/fr\/#\/schema\/logo\/image\/\"}}]}<\/script>\n<!-- \/ Yoast SEO Premium plugin. -->","yoast_head_json":{"title":"Mentions l\u00e9gales - Globber Scooter Schweiz","robots":{"index":"index","follow":"follow","max-snippet":"max-snippet:-1","max-image-preview":"max-image-preview:large","max-video-preview":"max-video-preview:-1"},"canonical":"https:\/\/www.globber.com\/ch\/de\/impressum\/","og_locale":"fr_FR","og_type":"article","og_title":"Mentions l\u00e9gales - Globber Scooter Schweiz","og_description":"Just4motion AG Seepark 6 6362 Stansstad Suisse Directeur g\u00e9n\u00e9ral Guido Huber Forme juridique Soci\u00e9t\u00e9 anonyme de droit suisse UID CHE- 113.923.788 T\u00e9l\u00e9phone 41 (0) 41 611 02 02 E-mail info@globber-scooter.ch Informations compl\u00e9mentaires Les produits ont \u00e9t\u00e9 soigneusement r\u00e9pertori\u00e9s d'apr\u00e8s les documents fournis par nos fournisseurs. Nous d\u00e9clinons toutefois toute responsabilit\u00e9 en cas d'erreur. Sous r\u00e9serve [&hellip;]","og_url":"https:\/\/www.globber.com\/ch\/de\/impressum\/","og_site_name":"Globber Scooter Schweiz","twitter_card":"summary_large_image","twitter_misc":{"Est. reading time":"1 minute"},"schema":{"@context":"https:\/\/schema.org","@graph":[{"@type":"WebPage","@id":"https:\/\/www.globber.com\/ch\/de\/impressum\/","url":"https:\/\/www.globber.com\/ch\/de\/impressum\/","name":"Mentions l\u00e9gales - Globber Scooter Schweiz","isPartOf":{"@id":"https:\/\/www.globber.com\/ch\/fr\/#website"},"datePublished":"2025-12-23T08:28:15+00:00","dateModified":"2025-12-23T08:28:15+00:00","inLanguage":"fr-CH","potentialAction":[{"@type":"ReadAction","target":["https:\/\/www.globber.com\/ch\/de\/impressum\/"]}]},{"@type":"WebSite","@id":"https:\/\/www.globber.com\/ch\/fr\/#website","url":"https:\/\/www.globber.com\/ch\/fr\/","name":"Globber Scooter Schweiz","description":"Der offizielle Online Shop","publisher":{"@id":"https:\/\/www.globber.com\/ch\/fr\/#organization"},"potentialAction":[{"@type":"SearchAction","target":{"@type":"EntryPoint","urlTemplate":"https:\/\/www.globber.com\/ch\/fr\/?s={search_term_string}"},"query-input":{"@type":"PropertyValueSpecification","valueRequired":true,"valueName":"search_term_string"}}],"inLanguage":"fr-CH"},{"@type":"Organization","@id":"https:\/\/www.globber.com\/ch\/fr\/#organization","name":"Globber Scooter Schweiz","url":"https:\/\/www.globber.com\/ch\/fr\/","logo":{"@type":"ImageObject","inLanguage":"fr-CH","@id":"https:\/\/www.globber.com\/ch\/fr\/#\/schema\/logo\/image\/","url":"https:\/\/cdn.globber.com\/content\/2024\/05\/logo.svg","contentUrl":"https:\/\/cdn.globber.com\/content\/2024\/05\/logo.svg","width":601,"height":112,"caption":"Globber Scooter Schweiz"},"image":{"@id":"https:\/\/www.globber.com\/ch\/fr\/#\/schema\/logo\/image\/"}}]}},"_links":{"self":[{"href":"https:\/\/www.globber.com\/ch\/fr\/wp-json\/wp\/v2\/pages\/25306","targetHints":{"allow":["GET"]}}],"collection":[{"href":"https:\/\/www.globber.com\/ch\/fr\/wp-json\/wp\/v2\/pages"}],"about":[{"href":"https:\/\/www.globber.com\/ch\/fr\/wp-json\/wp\/v2\/types\/page"}],"author":[{"embeddable":true,"href":"https:\/\/www.globber.com\/ch\/fr\/wp-json\/wp\/v2\/users\/956"}],"replies":[{"embeddable":true,"href":"https:\/\/www.globber.com\/ch\/fr\/wp-json\/wp\/v2\/comments?post=25306"}],"version-history":[{"count":2,"href":"https:\/\/www.globber.com\/ch\/fr\/wp-json\/wp\/v2\/pages\/25306\/revisions"}],"predecessor-version":[{"id":28642,"href":"https:\/\/www.globber.com\/ch\/fr\/wp-json\/wp\/v2\/pages\/25306\/revisions\/28642"}],"wp:attachment":[{"href":"https:\/\/www.globber.com\/ch\/fr\/wp-json\/wp\/v2\/media?parent=25306"}],"curies":[{"name":"wp","href":"https:\/\/api.w.org\/{rel}","templated":true}]}}