{"id":25308,"date":"2024-01-17T07:33:46","date_gmt":"2024-01-17T06:33:46","guid":{"rendered":"https:\/\/www.globber.com\/ch\/?page_id=25308"},"modified":"2025-12-23T09:33:59","modified_gmt":"2025-12-23T08:33:59","slug":"conditions-de-garantie","status":"publish","type":"page","link":"https:\/\/www.globber.com\/ch\/fr\/conditions-de-garantie\/","title":{"rendered":"Conditions de garantie"},"content":{"rendered":"<p>Tous nos scooters Globber (complets) b\u00e9n\u00e9ficient d'une garantie de deux ans contre les d\u00e9fauts de fabrication et de mat\u00e9riaux. Sont exclus de la garantie les dommages r\u00e9sultant d'une utilisation inappropri\u00e9e, telle qu'un montage incorrect du mod\u00e8le, d'une utilisation imprudente, telle que rouler contre des bordures de trottoir, etc. ou d'une usure normale. <br \/>\nLes demandes de garantie ne peuvent \u00eatre accept\u00e9es que si nous disposons de la preuve d'achat. En cas de recours \u00e0 la garantie, votre revendeur ou Just4motion AG d\u00e9cidera si la trottinette doit \u00eatre r\u00e9par\u00e9e ou remplac\u00e9e par un nouveau mod\u00e8le.<\/p>\n","protected":false},"excerpt":{"rendered":"<p>Tous nos scooters Globber (complets) b\u00e9n\u00e9ficient d'une garantie de deux ans contre les d\u00e9fauts de fabrication et de mat\u00e9riaux. Sont exclus de la garantie les dommages r\u00e9sultant d'une utilisation inappropri\u00e9e, telle qu'un montage incorrect du mod\u00e8le, d'une utilisation imprudente, telle que rouler contre des bordures de trottoir, etc. ou d'une usure normale. Les demandes de [&hellip;]<\/p>\n","protected":false},"author":956,"featured_media":0,"parent":0,"menu_order":0,"comment_status":"closed","ping_status":"closed","template":"","meta":{"_acf_changed":false,"inline_featured_image":false,"footnotes":""},"class_list":["post-25308","page","type-page","status-publish","hentry"],"acf":[],"yoast_head":"<!-- This site is optimized with the Yoast SEO Premium plugin v20.12 (Yoast SEO v23.4) - https:\/\/yoast.com\/wordpress\/plugins\/seo\/ -->\n<title>Conditions de garantie - Globber Scooter Schweiz<\/title>\n<meta name=\"robots\" content=\"index, follow, max-snippet:-1, max-image-preview:large, max-video-preview:-1\" \/>\n<link rel=\"canonical\" href=\"https:\/\/www.globber.com\/ch\/de\/garantiebedingungen\/\" \/>\n<meta property=\"og:locale\" content=\"fr_FR\" \/>\n<meta property=\"og:type\" content=\"article\" \/>\n<meta property=\"og:title\" content=\"Conditions de garantie - Globber Scooter Schweiz\" \/>\n<meta property=\"og:description\" content=\"Tous nos scooters Globber (complets) b\u00e9n\u00e9ficient d&#039;une garantie de deux ans contre les d\u00e9fauts de fabrication et de mat\u00e9riaux. Sont exclus de la garantie les dommages r\u00e9sultant d&#039;une utilisation inappropri\u00e9e, telle qu&#039;un montage incorrect du mod\u00e8le, d&#039;une utilisation imprudente, telle que rouler contre des bordures de trottoir, etc. ou d&#039;une usure normale. Les demandes de [&hellip;]\" \/>\n<meta property=\"og:url\" content=\"https:\/\/www.globber.com\/ch\/de\/garantiebedingungen\/\" \/>\n<meta property=\"og:site_name\" content=\"Globber Scooter Schweiz\" \/>\n<meta property=\"article:modified_time\" content=\"2025-12-23T08:33:59+00:00\" \/>\n<meta name=\"twitter:card\" content=\"summary_large_image\" \/>\n<meta name=\"twitter:label1\" content=\"Est. reading time\" \/>\n\t<meta name=\"twitter:data1\" content=\"1 minute\" \/>\n<script type=\"application\/ld+json\" class=\"yoast-schema-graph\">{\"@context\":\"https:\/\/schema.org\",\"@graph\":[{\"@type\":\"WebPage\",\"@id\":\"https:\/\/www.globber.com\/ch\/de\/garantiebedingungen\/\",\"url\":\"https:\/\/www.globber.com\/ch\/de\/garantiebedingungen\/\",\"name\":\"Conditions de garantie - Globber Scooter Schweiz\",\"isPartOf\":{\"@id\":\"https:\/\/www.globber.com\/ch\/fr\/#website\"},\"datePublished\":\"2024-01-17T06:33:46+00:00\",\"dateModified\":\"2025-12-23T08:33:59+00:00\",\"inLanguage\":\"fr-CH\",\"potentialAction\":[{\"@type\":\"ReadAction\",\"target\":[\"https:\/\/www.globber.com\/ch\/de\/garantiebedingungen\/\"]}]},{\"@type\":\"WebSite\",\"@id\":\"https:\/\/www.globber.com\/ch\/fr\/#website\",\"url\":\"https:\/\/www.globber.com\/ch\/fr\/\",\"name\":\"Globber Scooter Schweiz\",\"description\":\"Der offizielle Online Shop\",\"publisher\":{\"@id\":\"https:\/\/www.globber.com\/ch\/fr\/#organization\"},\"potentialAction\":[{\"@type\":\"SearchAction\",\"target\":{\"@type\":\"EntryPoint\",\"urlTemplate\":\"https:\/\/www.globber.com\/ch\/fr\/?s={search_term_string}\"},\"query-input\":{\"@type\":\"PropertyValueSpecification\",\"valueRequired\":true,\"valueName\":\"search_term_string\"}}],\"inLanguage\":\"fr-CH\"},{\"@type\":\"Organization\",\"@id\":\"https:\/\/www.globber.com\/ch\/fr\/#organization\",\"name\":\"Globber Scooter Schweiz\",\"url\":\"https:\/\/www.globber.com\/ch\/fr\/\",\"logo\":{\"@type\":\"ImageObject\",\"inLanguage\":\"fr-CH\",\"@id\":\"https:\/\/www.globber.com\/ch\/fr\/#\/schema\/logo\/image\/\",\"url\":\"https:\/\/cdn.globber.com\/content\/2024\/05\/logo.svg\",\"contentUrl\":\"https:\/\/cdn.globber.com\/content\/2024\/05\/logo.svg\",\"width\":601,\"height\":112,\"caption\":\"Globber Scooter Schweiz\"},\"image\":{\"@id\":\"https:\/\/www.globber.com\/ch\/fr\/#\/schema\/logo\/image\/\"}}]}<\/script>\n<!-- \/ Yoast SEO Premium plugin. -->","yoast_head_json":{"title":"Conditions de garantie - Globber Scooter Schweiz","robots":{"index":"index","follow":"follow","max-snippet":"max-snippet:-1","max-image-preview":"max-image-preview:large","max-video-preview":"max-video-preview:-1"},"canonical":"https:\/\/www.globber.com\/ch\/de\/garantiebedingungen\/","og_locale":"fr_FR","og_type":"article","og_title":"Conditions de garantie - Globber Scooter Schweiz","og_description":"Tous nos scooters Globber (complets) b\u00e9n\u00e9ficient d'une garantie de deux ans contre les d\u00e9fauts de fabrication et de mat\u00e9riaux. Sont exclus de la garantie les dommages r\u00e9sultant d'une utilisation inappropri\u00e9e, telle qu'un montage incorrect du mod\u00e8le, d'une utilisation imprudente, telle que rouler contre des bordures de trottoir, etc. ou d'une usure normale. Les demandes de [&hellip;]","og_url":"https:\/\/www.globber.com\/ch\/de\/garantiebedingungen\/","og_site_name":"Globber Scooter Schweiz","article_modified_time":"2025-12-23T08:33:59+00:00","twitter_card":"summary_large_image","twitter_misc":{"Est. reading time":"1 minute"},"schema":{"@context":"https:\/\/schema.org","@graph":[{"@type":"WebPage","@id":"https:\/\/www.globber.com\/ch\/de\/garantiebedingungen\/","url":"https:\/\/www.globber.com\/ch\/de\/garantiebedingungen\/","name":"Conditions de garantie - Globber Scooter Schweiz","isPartOf":{"@id":"https:\/\/www.globber.com\/ch\/fr\/#website"},"datePublished":"2024-01-17T06:33:46+00:00","dateModified":"2025-12-23T08:33:59+00:00","inLanguage":"fr-CH","potentialAction":[{"@type":"ReadAction","target":["https:\/\/www.globber.com\/ch\/de\/garantiebedingungen\/"]}]},{"@type":"WebSite","@id":"https:\/\/www.globber.com\/ch\/fr\/#website","url":"https:\/\/www.globber.com\/ch\/fr\/","name":"Globber Scooter Schweiz","description":"Der offizielle Online Shop","publisher":{"@id":"https:\/\/www.globber.com\/ch\/fr\/#organization"},"potentialAction":[{"@type":"SearchAction","target":{"@type":"EntryPoint","urlTemplate":"https:\/\/www.globber.com\/ch\/fr\/?s={search_term_string}"},"query-input":{"@type":"PropertyValueSpecification","valueRequired":true,"valueName":"search_term_string"}}],"inLanguage":"fr-CH"},{"@type":"Organization","@id":"https:\/\/www.globber.com\/ch\/fr\/#organization","name":"Globber Scooter Schweiz","url":"https:\/\/www.globber.com\/ch\/fr\/","logo":{"@type":"ImageObject","inLanguage":"fr-CH","@id":"https:\/\/www.globber.com\/ch\/fr\/#\/schema\/logo\/image\/","url":"https:\/\/cdn.globber.com\/content\/2024\/05\/logo.svg","contentUrl":"https:\/\/cdn.globber.com\/content\/2024\/05\/logo.svg","width":601,"height":112,"caption":"Globber Scooter Schweiz"},"image":{"@id":"https:\/\/www.globber.com\/ch\/fr\/#\/schema\/logo\/image\/"}}]}},"_links":{"self":[{"href":"https:\/\/www.globber.com\/ch\/fr\/wp-json\/wp\/v2\/pages\/25308","targetHints":{"allow":["GET"]}}],"collection":[{"href":"https:\/\/www.globber.com\/ch\/fr\/wp-json\/wp\/v2\/pages"}],"about":[{"href":"https:\/\/www.globber.com\/ch\/fr\/wp-json\/wp\/v2\/types\/page"}],"author":[{"embeddable":true,"href":"https:\/\/www.globber.com\/ch\/fr\/wp-json\/wp\/v2\/users\/956"}],"replies":[{"embeddable":true,"href":"https:\/\/www.globber.com\/ch\/fr\/wp-json\/wp\/v2\/comments?post=25308"}],"version-history":[{"count":1,"href":"https:\/\/www.globber.com\/ch\/fr\/wp-json\/wp\/v2\/pages\/25308\/revisions"}],"predecessor-version":[{"id":25309,"href":"https:\/\/www.globber.com\/ch\/fr\/wp-json\/wp\/v2\/pages\/25308\/revisions\/25309"}],"wp:attachment":[{"href":"https:\/\/www.globber.com\/ch\/fr\/wp-json\/wp\/v2\/media?parent=25308"}],"curies":[{"name":"wp","href":"https:\/\/api.w.org\/{rel}","templated":true}]}}