{"id":25318,"date":"2024-01-17T07:31:50","date_gmt":"2024-01-17T06:31:50","guid":{"rendered":"https:\/\/www.globber.com\/ch\/?page_id=25318"},"modified":"2025-12-29T03:36:24","modified_gmt":"2025-12-29T02:36:24","slug":"expedition-et-livraison","status":"publish","type":"page","link":"https:\/\/www.globber.com\/ch\/fr\/expedition-et-livraison\/","title":{"rendered":"Exp\u00e9dition et livraison"},"content":{"rendered":"<h3>Quels sont les frais d'exp\u00e9dition ?<\/h3>\n<div class=\"container-main\">\n<div class=\"cms-page\">\n<div class=\"cms-sections\">\n<div class=\"cms-section pos-0 cms-section-default\">\n<div class=\"cms-section-default boxed\">\n<div class=\"cms-block pos-0 cms-block-text\">\n<div class=\"cms-block-container\">\n<div class=\"cms-block-container-row row cms-row \">\n<div class=\"col-12\" data-cms-element-id=\"\u00ab\">\n<div class=\"cms-element-text\">\n<p>En principe, un forfait de 9 CHF par colis est factur\u00e9. \u00c0 partir d'une valeur de commande de 50 CHF, nous exp\u00e9dions gratuitement.<\/p>\n<h3>Puis-je suivre mon envoi ?<\/h3>\n<p>Oui, d\u00e8s que ton envoi a \u00e9t\u00e9 exp\u00e9di\u00e9, tu re\u00e7ois un e-mail avec un lien pour suivre ton colis.<\/p>\n<h3>Que dois-je faire si mon colis n'arrive pas ?<\/h3>\n<p>La premi\u00e8re \u00e9tape consiste \u00e0 v\u00e9rifier si la livraison est d\u00e9j\u00e0 en cours. Vous avez re\u00e7u un e-mail avec le code de suivi. Ce code vous permet de savoir pourquoi votre livraison n'est pas arriv\u00e9e. Comme nos produits sont exp\u00e9di\u00e9s depuis diff\u00e9rents entrep\u00f4ts, nous travaillons avec deux partenaires d'exp\u00e9dition diff\u00e9rents. Si votre num\u00e9ro de suivi commence par \u00ab JJD \u00bb, il s'agit d'une livraison DHL. S'il commence par \u00ab 9946 \u00bb, il s'agit d'une livraison par la Poste suisse. Si, pour une raison quelconque, votre livraison n'a pas pu \u00eatre effectu\u00e9e, veuillez contacter la Poste suisse ou DHL et avoir le num\u00e9ro de suivi correspondant \u00e0 port\u00e9e de main :<\/p>\n<h3>Schweizer Post<\/h3>\n<ul>\n<li>\n<p>Suivi du colis : <a href=\"https:\/\/service.post.ch\/ekp-web\/ui\/list\" target=\"_self\" rel=\"noreferrer noopener\">https:\/\/service.post.ch\/ekp-web\/ui\/list<\/a><\/p>\n<\/li>\n<li>\n<p>Num\u00e9ro de t\u00e9l\u00e9phone de la poste : +41 848 888 888<\/p>\n<\/li>\n<\/ul>\n<h3>DHL<\/h3>\n<ul>\n<li>Suivi du colis : <a href=\"https:\/\/www.dhl.com\/ch-de\/home\/sendungsverfolgung.html\" target=\"_self\" rel=\"noreferrer noopener\">https:\/\/www.dhl.com\/ch-de\/home\/sendungsverfolgung.html<\/a><\/li>\n<li>Num\u00e9ro de t\u00e9l\u00e9phone DHL : +41 848 711 711<\/li>\n<\/ul>\n<h3>Que dois-je faire si mon colis arrive endommag\u00e9 ?<\/h3>\n<p>Dans ce cas, veuillez nous contacter par e-mail \u00e0 l'adresse info@globber-scooter.ch. Afin de pouvoir signaler les dommages au transporteur, nous avons toujours besoin de photos des dommages.<\/p>\n<h3>Dans quels pays la livraison est-elle possible ?<\/h3>\n<p>Nous livrons nos produits exclusivement \u00e0 des adresses en Suisse et au Liechtenstein.<\/p>\n<h3>Puis-je venir chercher la marchandise command\u00e9e ?<\/h3>\n<p>Non, les produits command\u00e9s sont exclusivement envoy\u00e9s par la poste.<\/p>\n<\/div>\n<\/div>\n<\/div>\n<\/div>\n<\/div>\n<\/div>\n<\/div>\n<\/div>\n<\/div>\n<\/div>\n","protected":false},"excerpt":{"rendered":"<p>Quels sont les frais d'exp\u00e9dition ? En principe, un forfait de 9 CHF par colis est factur\u00e9. \u00c0 partir d'une valeur de commande de 50 CHF, nous exp\u00e9dions gratuitement. Puis-je suivre mon envoi ? Oui, d\u00e8s que ton envoi a \u00e9t\u00e9 exp\u00e9di\u00e9, tu re\u00e7ois un e-mail avec un lien pour suivre ton colis. Que dois-je [&hellip;]<\/p>\n","protected":false},"author":956,"featured_media":0,"parent":0,"menu_order":0,"comment_status":"closed","ping_status":"closed","template":"","meta":{"_acf_changed":false,"inline_featured_image":false,"footnotes":""},"class_list":["post-25318","page","type-page","status-publish","hentry"],"acf":[],"yoast_head":"<!-- This site is optimized with the Yoast SEO Premium plugin v20.12 (Yoast SEO v23.4) - https:\/\/yoast.com\/wordpress\/plugins\/seo\/ -->\n<title>Exp\u00e9dition et livraison - Globber Scooter Schweiz<\/title>\n<meta name=\"robots\" content=\"index, follow, max-snippet:-1, max-image-preview:large, max-video-preview:-1\" \/>\n<link rel=\"canonical\" href=\"https:\/\/www.globber.com\/ch\/de\/versand-und-lieferung\/\" \/>\n<meta property=\"og:locale\" content=\"fr_FR\" \/>\n<meta property=\"og:type\" content=\"article\" \/>\n<meta property=\"og:title\" content=\"Exp\u00e9dition et livraison - Globber Scooter Schweiz\" \/>\n<meta property=\"og:description\" content=\"Quels sont les frais d&#039;exp\u00e9dition ? En principe, un forfait de 9 CHF par colis est factur\u00e9. \u00c0 partir d&#039;une valeur de commande de 50 CHF, nous exp\u00e9dions gratuitement. Puis-je suivre mon envoi ? Oui, d\u00e8s que ton envoi a \u00e9t\u00e9 exp\u00e9di\u00e9, tu re\u00e7ois un e-mail avec un lien pour suivre ton colis. Que dois-je [&hellip;]\" \/>\n<meta property=\"og:url\" content=\"https:\/\/www.globber.com\/ch\/de\/versand-und-lieferung\/\" \/>\n<meta property=\"og:site_name\" content=\"Globber Scooter Schweiz\" \/>\n<meta property=\"article:modified_time\" content=\"2025-12-29T02:36:24+00:00\" \/>\n<meta name=\"twitter:card\" content=\"summary_large_image\" \/>\n<meta name=\"twitter:label1\" content=\"Est. reading time\" \/>\n\t<meta name=\"twitter:data1\" content=\"1 minute\" \/>\n<script type=\"application\/ld+json\" class=\"yoast-schema-graph\">{\"@context\":\"https:\/\/schema.org\",\"@graph\":[{\"@type\":\"WebPage\",\"@id\":\"https:\/\/www.globber.com\/ch\/de\/versand-und-lieferung\/\",\"url\":\"https:\/\/www.globber.com\/ch\/de\/versand-und-lieferung\/\",\"name\":\"Exp\u00e9dition et livraison - Globber Scooter Schweiz\",\"isPartOf\":{\"@id\":\"https:\/\/www.globber.com\/ch\/fr\/#website\"},\"datePublished\":\"2024-01-17T06:31:50+00:00\",\"dateModified\":\"2025-12-29T02:36:24+00:00\",\"inLanguage\":\"fr-CH\",\"potentialAction\":[{\"@type\":\"ReadAction\",\"target\":[\"https:\/\/www.globber.com\/ch\/de\/versand-und-lieferung\/\"]}]},{\"@type\":\"WebSite\",\"@id\":\"https:\/\/www.globber.com\/ch\/fr\/#website\",\"url\":\"https:\/\/www.globber.com\/ch\/fr\/\",\"name\":\"Globber Scooter Schweiz\",\"description\":\"Der offizielle Online Shop\",\"publisher\":{\"@id\":\"https:\/\/www.globber.com\/ch\/fr\/#organization\"},\"potentialAction\":[{\"@type\":\"SearchAction\",\"target\":{\"@type\":\"EntryPoint\",\"urlTemplate\":\"https:\/\/www.globber.com\/ch\/fr\/?s={search_term_string}\"},\"query-input\":{\"@type\":\"PropertyValueSpecification\",\"valueRequired\":true,\"valueName\":\"search_term_string\"}}],\"inLanguage\":\"fr-CH\"},{\"@type\":\"Organization\",\"@id\":\"https:\/\/www.globber.com\/ch\/fr\/#organization\",\"name\":\"Globber Scooter Schweiz\",\"url\":\"https:\/\/www.globber.com\/ch\/fr\/\",\"logo\":{\"@type\":\"ImageObject\",\"inLanguage\":\"fr-CH\",\"@id\":\"https:\/\/www.globber.com\/ch\/fr\/#\/schema\/logo\/image\/\",\"url\":\"https:\/\/cdn.globber.com\/content\/2024\/05\/logo.svg\",\"contentUrl\":\"https:\/\/cdn.globber.com\/content\/2024\/05\/logo.svg\",\"width\":601,\"height\":112,\"caption\":\"Globber Scooter Schweiz\"},\"image\":{\"@id\":\"https:\/\/www.globber.com\/ch\/fr\/#\/schema\/logo\/image\/\"}}]}<\/script>\n<!-- \/ Yoast SEO Premium plugin. -->","yoast_head_json":{"title":"Exp\u00e9dition et livraison - Globber Scooter Schweiz","robots":{"index":"index","follow":"follow","max-snippet":"max-snippet:-1","max-image-preview":"max-image-preview:large","max-video-preview":"max-video-preview:-1"},"canonical":"https:\/\/www.globber.com\/ch\/de\/versand-und-lieferung\/","og_locale":"fr_FR","og_type":"article","og_title":"Exp\u00e9dition et livraison - Globber Scooter Schweiz","og_description":"Quels sont les frais d'exp\u00e9dition ? En principe, un forfait de 9 CHF par colis est factur\u00e9. \u00c0 partir d'une valeur de commande de 50 CHF, nous exp\u00e9dions gratuitement. Puis-je suivre mon envoi ? Oui, d\u00e8s que ton envoi a \u00e9t\u00e9 exp\u00e9di\u00e9, tu re\u00e7ois un e-mail avec un lien pour suivre ton colis. Que dois-je [&hellip;]","og_url":"https:\/\/www.globber.com\/ch\/de\/versand-und-lieferung\/","og_site_name":"Globber Scooter Schweiz","article_modified_time":"2025-12-29T02:36:24+00:00","twitter_card":"summary_large_image","twitter_misc":{"Est. reading time":"1 minute"},"schema":{"@context":"https:\/\/schema.org","@graph":[{"@type":"WebPage","@id":"https:\/\/www.globber.com\/ch\/de\/versand-und-lieferung\/","url":"https:\/\/www.globber.com\/ch\/de\/versand-und-lieferung\/","name":"Exp\u00e9dition et livraison - Globber Scooter Schweiz","isPartOf":{"@id":"https:\/\/www.globber.com\/ch\/fr\/#website"},"datePublished":"2024-01-17T06:31:50+00:00","dateModified":"2025-12-29T02:36:24+00:00","inLanguage":"fr-CH","potentialAction":[{"@type":"ReadAction","target":["https:\/\/www.globber.com\/ch\/de\/versand-und-lieferung\/"]}]},{"@type":"WebSite","@id":"https:\/\/www.globber.com\/ch\/fr\/#website","url":"https:\/\/www.globber.com\/ch\/fr\/","name":"Globber Scooter Schweiz","description":"Der offizielle Online Shop","publisher":{"@id":"https:\/\/www.globber.com\/ch\/fr\/#organization"},"potentialAction":[{"@type":"SearchAction","target":{"@type":"EntryPoint","urlTemplate":"https:\/\/www.globber.com\/ch\/fr\/?s={search_term_string}"},"query-input":{"@type":"PropertyValueSpecification","valueRequired":true,"valueName":"search_term_string"}}],"inLanguage":"fr-CH"},{"@type":"Organization","@id":"https:\/\/www.globber.com\/ch\/fr\/#organization","name":"Globber Scooter Schweiz","url":"https:\/\/www.globber.com\/ch\/fr\/","logo":{"@type":"ImageObject","inLanguage":"fr-CH","@id":"https:\/\/www.globber.com\/ch\/fr\/#\/schema\/logo\/image\/","url":"https:\/\/cdn.globber.com\/content\/2024\/05\/logo.svg","contentUrl":"https:\/\/cdn.globber.com\/content\/2024\/05\/logo.svg","width":601,"height":112,"caption":"Globber Scooter Schweiz"},"image":{"@id":"https:\/\/www.globber.com\/ch\/fr\/#\/schema\/logo\/image\/"}}]}},"_links":{"self":[{"href":"https:\/\/www.globber.com\/ch\/fr\/wp-json\/wp\/v2\/pages\/25318","targetHints":{"allow":["GET"]}}],"collection":[{"href":"https:\/\/www.globber.com\/ch\/fr\/wp-json\/wp\/v2\/pages"}],"about":[{"href":"https:\/\/www.globber.com\/ch\/fr\/wp-json\/wp\/v2\/types\/page"}],"author":[{"embeddable":true,"href":"https:\/\/www.globber.com\/ch\/fr\/wp-json\/wp\/v2\/users\/956"}],"replies":[{"embeddable":true,"href":"https:\/\/www.globber.com\/ch\/fr\/wp-json\/wp\/v2\/comments?post=25318"}],"version-history":[{"count":2,"href":"https:\/\/www.globber.com\/ch\/fr\/wp-json\/wp\/v2\/pages\/25318\/revisions"}],"predecessor-version":[{"id":25320,"href":"https:\/\/www.globber.com\/ch\/fr\/wp-json\/wp\/v2\/pages\/25318\/revisions\/25320"}],"wp:attachment":[{"href":"https:\/\/www.globber.com\/ch\/fr\/wp-json\/wp\/v2\/media?parent=25318"}],"curies":[{"name":"wp","href":"https:\/\/api.w.org\/{rel}","templated":true}]}}