{"id":25321,"date":"2024-01-17T07:23:15","date_gmt":"2024-01-17T06:23:15","guid":{"rendered":"https:\/\/www.globber.com\/ch\/?page_id=25321"},"modified":"2025-12-29T03:56:33","modified_gmt":"2025-12-29T02:56:33","slug":"options-de-paiement","status":"publish","type":"page","link":"https:\/\/www.globber.com\/ch\/fr\/options-de-paiement\/","title":{"rendered":"Options de paiement"},"content":{"rendered":"<h3>Quels modes de paiement puis-je utiliser chez Globber ?<\/h3>\n<div class=\"container-main\">\n<div class=\"cms-page\">\n<div class=\"cms-sections\">\n<div class=\"cms-section pos-0 cms-section-default\">\n<div class=\"cms-section-default boxed\">\n<div class=\"cms-block pos-0 cms-block-text\">\n<div class=\"cms-block-container\">\n<div class=\"cms-block-container-row row cms-row \">\n<div class=\"col-12\" data-cms-element-id=\"\u00ab\">\n<div class=\"cms-element-text\">\n<p>Dans notre boutique en ligne Globber, nous vous offrons la possibilit\u00e9 d'acheter des produits sur facture.<br \/>\nVous pouvez \u00e9galement passer vos commandes en toute simplicit\u00e9 en utilisant l'un des moyens de paiement suivants :<\/p>\n<ul>\n<li>Mastercard<\/li>\n<li>Visa<\/li>\n<li>TWINT<\/li>\n<li>Samsung Pay<\/li>\n<li>Google Pay<\/li>\n<li>Apple Pay<\/li>\n<li>Post Finance<\/li>\n<li>Post Finance E-Finance<\/li>\n<li>Achat sur facture<\/li>\n<\/ul>\n<h3>Puis-je \u00e9galement payer \u00e0 la livraison ou par pr\u00e9paiement ?<\/h3>\n<p>Non, malheureusement, il n'est actuellement pas possible de passer une commande par pr\u00e9paiement ou contre remboursement.<\/p>\n<\/div>\n<\/div>\n<\/div>\n<\/div>\n<\/div>\n<\/div>\n<\/div>\n<\/div>\n<\/div>\n<\/div>\n","protected":false},"excerpt":{"rendered":"<p>Quels modes de paiement puis-je utiliser chez Globber ? Dans notre boutique en ligne Globber, nous vous offrons la possibilit\u00e9 d'acheter des produits sur facture. Vous pouvez \u00e9galement passer vos commandes en toute simplicit\u00e9 en utilisant l'un des moyens de paiement suivants : Mastercard Visa TWINT Samsung Pay Google Pay Apple Pay Post Finance Post [&hellip;]<\/p>\n","protected":false},"author":956,"featured_media":0,"parent":0,"menu_order":0,"comment_status":"closed","ping_status":"closed","template":"","meta":{"_acf_changed":false,"inline_featured_image":false,"footnotes":""},"class_list":["post-25321","page","type-page","status-publish","hentry"],"acf":[],"yoast_head":"<!-- This site is optimized with the Yoast SEO Premium plugin v20.12 (Yoast SEO v23.4) - https:\/\/yoast.com\/wordpress\/plugins\/seo\/ -->\n<title>Options de paiement - Globber Scooter Schweiz<\/title>\n<meta name=\"robots\" content=\"index, follow, max-snippet:-1, max-image-preview:large, max-video-preview:-1\" \/>\n<link rel=\"canonical\" href=\"https:\/\/www.globber.com\/ch\/de\/zahlungsmoeglichkeiten\/\" \/>\n<meta property=\"og:locale\" content=\"fr_FR\" \/>\n<meta property=\"og:type\" content=\"article\" \/>\n<meta property=\"og:title\" content=\"Options de paiement - Globber Scooter Schweiz\" \/>\n<meta property=\"og:description\" content=\"Quels modes de paiement puis-je utiliser chez Globber ? Dans notre boutique en ligne Globber, nous vous offrons la possibilit\u00e9 d&#039;acheter des produits sur facture. Vous pouvez \u00e9galement passer vos commandes en toute simplicit\u00e9 en utilisant l&#039;un des moyens de paiement suivants : Mastercard Visa TWINT Samsung Pay Google Pay Apple Pay Post Finance Post [&hellip;]\" \/>\n<meta property=\"og:url\" content=\"https:\/\/www.globber.com\/ch\/de\/zahlungsmoeglichkeiten\/\" \/>\n<meta property=\"og:site_name\" content=\"Globber Scooter Schweiz\" \/>\n<meta property=\"article:modified_time\" content=\"2025-12-29T02:56:33+00:00\" \/>\n<meta name=\"twitter:card\" content=\"summary_large_image\" \/>\n<script type=\"application\/ld+json\" class=\"yoast-schema-graph\">{\"@context\":\"https:\/\/schema.org\",\"@graph\":[{\"@type\":\"WebPage\",\"@id\":\"https:\/\/www.globber.com\/ch\/de\/zahlungsmoeglichkeiten\/\",\"url\":\"https:\/\/www.globber.com\/ch\/de\/zahlungsmoeglichkeiten\/\",\"name\":\"Options de paiement - Globber Scooter Schweiz\",\"isPartOf\":{\"@id\":\"https:\/\/www.globber.com\/ch\/fr\/#website\"},\"datePublished\":\"2024-01-17T06:23:15+00:00\",\"dateModified\":\"2025-12-29T02:56:33+00:00\",\"inLanguage\":\"fr-CH\",\"potentialAction\":[{\"@type\":\"ReadAction\",\"target\":[\"https:\/\/www.globber.com\/ch\/de\/zahlungsmoeglichkeiten\/\"]}]},{\"@type\":\"WebSite\",\"@id\":\"https:\/\/www.globber.com\/ch\/fr\/#website\",\"url\":\"https:\/\/www.globber.com\/ch\/fr\/\",\"name\":\"Globber Scooter Schweiz\",\"description\":\"Der offizielle Online Shop\",\"publisher\":{\"@id\":\"https:\/\/www.globber.com\/ch\/fr\/#organization\"},\"potentialAction\":[{\"@type\":\"SearchAction\",\"target\":{\"@type\":\"EntryPoint\",\"urlTemplate\":\"https:\/\/www.globber.com\/ch\/fr\/?s={search_term_string}\"},\"query-input\":{\"@type\":\"PropertyValueSpecification\",\"valueRequired\":true,\"valueName\":\"search_term_string\"}}],\"inLanguage\":\"fr-CH\"},{\"@type\":\"Organization\",\"@id\":\"https:\/\/www.globber.com\/ch\/fr\/#organization\",\"name\":\"Globber Scooter Schweiz\",\"url\":\"https:\/\/www.globber.com\/ch\/fr\/\",\"logo\":{\"@type\":\"ImageObject\",\"inLanguage\":\"fr-CH\",\"@id\":\"https:\/\/www.globber.com\/ch\/fr\/#\/schema\/logo\/image\/\",\"url\":\"https:\/\/cdn.globber.com\/content\/2024\/05\/logo.svg\",\"contentUrl\":\"https:\/\/cdn.globber.com\/content\/2024\/05\/logo.svg\",\"width\":601,\"height\":112,\"caption\":\"Globber Scooter Schweiz\"},\"image\":{\"@id\":\"https:\/\/www.globber.com\/ch\/fr\/#\/schema\/logo\/image\/\"}}]}<\/script>\n<!-- \/ Yoast SEO Premium plugin. -->","yoast_head_json":{"title":"Options de paiement - Globber Scooter Schweiz","robots":{"index":"index","follow":"follow","max-snippet":"max-snippet:-1","max-image-preview":"max-image-preview:large","max-video-preview":"max-video-preview:-1"},"canonical":"https:\/\/www.globber.com\/ch\/de\/zahlungsmoeglichkeiten\/","og_locale":"fr_FR","og_type":"article","og_title":"Options de paiement - Globber Scooter Schweiz","og_description":"Quels modes de paiement puis-je utiliser chez Globber ? Dans notre boutique en ligne Globber, nous vous offrons la possibilit\u00e9 d'acheter des produits sur facture. Vous pouvez \u00e9galement passer vos commandes en toute simplicit\u00e9 en utilisant l'un des moyens de paiement suivants : Mastercard Visa TWINT Samsung Pay Google Pay Apple Pay Post Finance Post [&hellip;]","og_url":"https:\/\/www.globber.com\/ch\/de\/zahlungsmoeglichkeiten\/","og_site_name":"Globber Scooter Schweiz","article_modified_time":"2025-12-29T02:56:33+00:00","twitter_card":"summary_large_image","schema":{"@context":"https:\/\/schema.org","@graph":[{"@type":"WebPage","@id":"https:\/\/www.globber.com\/ch\/de\/zahlungsmoeglichkeiten\/","url":"https:\/\/www.globber.com\/ch\/de\/zahlungsmoeglichkeiten\/","name":"Options de paiement - Globber Scooter Schweiz","isPartOf":{"@id":"https:\/\/www.globber.com\/ch\/fr\/#website"},"datePublished":"2024-01-17T06:23:15+00:00","dateModified":"2025-12-29T02:56:33+00:00","inLanguage":"fr-CH","potentialAction":[{"@type":"ReadAction","target":["https:\/\/www.globber.com\/ch\/de\/zahlungsmoeglichkeiten\/"]}]},{"@type":"WebSite","@id":"https:\/\/www.globber.com\/ch\/fr\/#website","url":"https:\/\/www.globber.com\/ch\/fr\/","name":"Globber Scooter Schweiz","description":"Der offizielle Online Shop","publisher":{"@id":"https:\/\/www.globber.com\/ch\/fr\/#organization"},"potentialAction":[{"@type":"SearchAction","target":{"@type":"EntryPoint","urlTemplate":"https:\/\/www.globber.com\/ch\/fr\/?s={search_term_string}"},"query-input":{"@type":"PropertyValueSpecification","valueRequired":true,"valueName":"search_term_string"}}],"inLanguage":"fr-CH"},{"@type":"Organization","@id":"https:\/\/www.globber.com\/ch\/fr\/#organization","name":"Globber Scooter Schweiz","url":"https:\/\/www.globber.com\/ch\/fr\/","logo":{"@type":"ImageObject","inLanguage":"fr-CH","@id":"https:\/\/www.globber.com\/ch\/fr\/#\/schema\/logo\/image\/","url":"https:\/\/cdn.globber.com\/content\/2024\/05\/logo.svg","contentUrl":"https:\/\/cdn.globber.com\/content\/2024\/05\/logo.svg","width":601,"height":112,"caption":"Globber Scooter Schweiz"},"image":{"@id":"https:\/\/www.globber.com\/ch\/fr\/#\/schema\/logo\/image\/"}}]}},"_links":{"self":[{"href":"https:\/\/www.globber.com\/ch\/fr\/wp-json\/wp\/v2\/pages\/25321","targetHints":{"allow":["GET"]}}],"collection":[{"href":"https:\/\/www.globber.com\/ch\/fr\/wp-json\/wp\/v2\/pages"}],"about":[{"href":"https:\/\/www.globber.com\/ch\/fr\/wp-json\/wp\/v2\/types\/page"}],"author":[{"embeddable":true,"href":"https:\/\/www.globber.com\/ch\/fr\/wp-json\/wp\/v2\/users\/956"}],"replies":[{"embeddable":true,"href":"https:\/\/www.globber.com\/ch\/fr\/wp-json\/wp\/v2\/comments?post=25321"}],"version-history":[{"count":1,"href":"https:\/\/www.globber.com\/ch\/fr\/wp-json\/wp\/v2\/pages\/25321\/revisions"}],"predecessor-version":[{"id":25322,"href":"https:\/\/www.globber.com\/ch\/fr\/wp-json\/wp\/v2\/pages\/25321\/revisions\/25322"}],"wp:attachment":[{"href":"https:\/\/www.globber.com\/ch\/fr\/wp-json\/wp\/v2\/media?parent=25321"}],"curies":[{"name":"wp","href":"https:\/\/api.w.org\/{rel}","templated":true}]}}